{"id":3528,"date":"2020-10-01T17:21:01","date_gmt":"2020-10-01T14:21:01","guid":{"rendered":"https:\/\/groupflorence.com\/ro\/?page_id=3528"},"modified":"2020-12-17T01:03:45","modified_gmt":"2020-12-16T22:03:45","slug":"what-is-coil","status":"publish","type":"page","link":"https:\/\/groupflorence.com\/ro\/centers-treatments\/neurological-sciences-center\/what-is-coil\/","title":{"rendered":"Ce este Coil?"},"content":{"rendered":"<section id=\"bt_section69ebd379d624f\"  class=\"boldSection gutter\" ><div class=\"port\"><div class=\"boldCell\"><div class=\"boldCellInner\"><div class=\"boldRow  \" ><div class=\"boldRowInner\"><div class=\"rowItem col-md-4 col-ms-12 btTextLeft\"  ><div class=\"rowItemContent\" ><div class=\"btClear btSeparator topSpaced noBorder\" ><hr><\/div><div class=\"btCustomMenu treatment-sidebar\" ><div class=\"menu-neurological-sciences-center-container\"><ul id=\"menu-neurological-sciences-center\" class=\"menu\"><li id=\"menu-item-3514\" class=\"menu-item menu-item-type-post_type menu-item-object-page menu-item-has-children menu-item-3514\"><a href=\"https:\/\/groupflorence.com\/ro\/centers-treatments\/\">Centre &#038; Departamente<\/a><ul class=\"sub-menu\"><li id=\"menu-item-3515\" class=\"menu-item menu-item-type-post_type menu-item-object-page menu-item-has-children menu-item-3515\"><a href=\"https:\/\/groupflorence.com\/ro\/centers-treatments\/neurological-sciences-center\/\">Centrul de \u0218tiin\u021be Neurologice<\/a><ul class=\"sub-menu\"><li id=\"menu-item-3521\" class=\"menu-item menu-item-type-post_type menu-item-object-page menu-item-3521\"><a href=\"https:\/\/groupflorence.com\/ro\/centers-treatments\/neurological-sciences-center\/whats-multiple-sclerosis\/\">Ce este Scleroza Multipl\u0103?<\/a><\/li><li id=\"menu-item-3527\" class=\"menu-item menu-item-type-post_type menu-item-object-page menu-item-3527\"><a href=\"https:\/\/groupflorence.com\/ro\/centers-treatments\/neurological-sciences-center\/aneurysm\/\">Anevrismul<\/a><\/li><li id=\"menu-item-3530\" class=\"menu-item menu-item-type-post_type menu-item-object-page menu-item-3530\"><a href=\"https:\/\/groupflorence.com\/ro\/centers-treatments\/neurological-sciences-center\/what-is-coil\/\">Ce este Coil?<\/a><\/li><li id=\"menu-item-3537\" class=\"menu-item menu-item-type-post_type menu-item-object-page menu-item-3537\"><a href=\"https:\/\/groupflorence.com\/ro\/centers-treatments\/neurological-sciences-center\/what-is-epilepsy\/\">Ce este Epilepsia?<\/a><\/li><li id=\"menu-item-3545\" class=\"menu-item menu-item-type-post_type menu-item-object-page menu-item-3545\"><a href=\"https:\/\/groupflorence.com\/ro\/centers-treatments\/neurological-sciences-center\/brain-mri-spectroscopy\/\">Spectroscopie RMN a Creierului<\/a><\/li><\/ul><\/li><\/ul><\/li>\n<\/ul><\/div><\/div><div class=\"btClear btSeparator topSemiSpaced noBorder\" ><hr><\/div><div class=\"boldRow boldInnerRow  bt_bb_hidden_xs bt_bb_hidden_ms bt_bb_hidden_sm\" ><div class=\"rowItem rowInnerItem col-md-12  btTextCenter btMiddleVertical\"  ><div class=\"rowItemContent\"><div class=\"bpgPhoto btTextCenter\" > \r\n\t\t\t\t\t<a href=\"https:\/\/groupflorence.com\/ro\/patient-guide\/covid-19-precautions\/\" target=\"_blank\" title=\"\"><\/a>\r\n\t\t\t\t\t<div class=\"boldPhotoBox\"><div class=\"bpbItem\"><div class = \"btImage\"><img decoding=\"async\" src=\"https:\/\/groupflorence.com\/ro\/wp-content\/uploads\/2020\/12\/covid-safe-sidebar-320x186.jpg\" alt=\"\" title=\"\" ><\/div><\/div><\/div>\r\n\t\t\t\t\t<div class=\"captionPane\">\r\n\t\t\t\t\t\t<div class=\"captionTable\">\r\n\t\t\t\t\t\t\t<div class=\"captionCell\">\r\n\t\t\t\t\t\t\t\t<div class=\"captionTxt\"><\/div>\r\n\t\t\t\t\t\t\t<\/div>\r\n\t\t\t\t\t\t<\/div>\r\n\t\t\t\t\t<\/div><\/div><div class=\"btClear btSeparator topSmallSpaced bottomSmallSpaced border\" ><hr><\/div><a href=\"https:\/\/groupflorence.com\/ro\/contact-us\/\" class=\"btBtn btBtn btnFilledStyle btnAccentColor btnBig btnNormalWidth btnLeftPosition btnNoIcon\" ><span class=\"btnInnerText\">Ask A Question<\/span><\/a><\/div><\/div><\/div><\/div><\/div><div class=\"rowItem col-md-8 col-ms-12 btTextLeft\"  ><div class=\"rowItemContent\" ><div class=\"btClear btSeparator topSemiSpaced noBorder\" ><hr><\/div><header class=\"header btClear medium btDash bottomDash  btNormalDash\" ><div class=\"dash\"><h3><span class=\"headline\"><b class=\"animate\">Ce este Coil?<\/b><\/span><\/h3><\/div><\/header><div class=\"btClear btSeparator topSmallSpaced noBorder\" ><hr><\/div><div class=\"btText\" ><\/p>\n<p>Bobina este un fel de s\u00e2rm\u0103 care este folosit pentru a umple anevrismul \u0219i este de obicei fabricat din platin\u0103. Acest fir care poate fi considerat ca o realizare major\u0103 a ingineriei metalurgice const\u0103 de fapt din dou\u0103 fire separate de tricotat unul pe altul; \u00een timpul memoriei formei de produc\u021bie este conferit\u0103 acestor fire \u0219i ia forma predidat\u0103 \u00een sine, de \u00eendat\u0103 ce acesta este din cateter, \u00een ciuda fiind plat \u00een Cateterul. Fiind produce cu astfel de high-tech, diametrul firelor variaz\u0103 \u00eentre 0,25 &#8211; 0,45mm (0,010-0,018 inci).<br \/>\nBobinele au diferite dimensiuni, caracteristici \u0219i forme de ambalare.<\/p>\n<p>Caracteristicile men\u021bionate numeric includ diametrul inelului pe care \u00eel formeaz\u0103 firul \u0219i lungimea piesei de bobin\u0103 care formeaz\u0103 acest inel. Lungimea bobinelor care formeaz\u0103 inele cu diametre cuprinse \u00eentre 1,5 mm \u0219i 20 mm poate varia \u00eentre 1 cm \u2014 40 cm. De exemplu, defini\u021bia specificat\u0103 ca 5 x 15, se refer\u0103 la moneda \u00een lungime total\u0103 de 15 cm, form\u00e2nd inele \u00een diametru de 5 mm din momentul \u00een care este \u00een afara cateterului.<\/p>\n<p>Exist\u0103 defini\u021bii diferite, \u00een func\u021bie de natura mi\u0219c\u0103rii inelului format de bobine. Cele mai frecvent utilizate sunt:<\/p>\n<ul>\n<li>Helical este modelul de bobin\u0103 care formeaz\u0103 o form\u0103 ca un furtun de gr\u0103din\u0103 \u00eenf\u0103\u0219urat \u00een mod corespunz\u0103tor, de \u00eendat\u0103 ce acesta este din v\u00e2rful cateterului.<\/li>\n<li>Modelul elicoidal 2-D este bobina care formeaz\u0103 o form\u0103 ca un furtun de gr\u0103din\u0103 ale c\u0103rui primele inele sunt \u00eenf\u0103\u0219urate \u00een dimensiuni mai mici.<\/li>\n<li>3-D elicoidal este modelul care prezint\u0103 tortuozitate pentru a forma o sfer\u0103 la planul spa\u021bial imediat ce iese din cateter.<\/li>\n<li>Complex: De\u0219i inelele care sunt \u00een afara cateterului formeaz\u0103 sfera, aceste inele formeaz\u0103 peretele sferei. Mingea alc\u0103tuit\u0103 prin utilizarea acestui model compu\u0219i de straturi \u00een form\u0103 de ceap\u0103.<\/li>\n<\/ul>\n<p>Defini\u021biile utilizate \u00een func\u021bie de duritatea firelor care formeaz\u0103 bobina:<\/p>\n<ul>\n<li><strong>Standart: <\/strong>\u00cen timp ce o anumit\u0103 tehnic\u0103 de condi\u021bionare nu este utilizat\u0103, av\u00e2nd \u00een vedere c\u0103 firul de platin\u0103 care formeaz\u0103 bobina are diametrul de 0:10 p\u00e2n\u0103 la 0:20 mm, este de \u00een\u021beles c\u0103 bobina este \u00eenc\u0103 moale.<\/li>\n<li><strong>Soft:<\/strong> const\u0103 din s\u00e2rm\u0103 moale, comparativ cu duritatea standard<\/li>\n<li><strong>Hypersoft\/ultrasoft:<\/strong> Poate fi considerat cel mai moale fir la care a ajuns tehnologia de ast\u0103zi. Poate fi considerat a fi chiar mai lin dec\u00e2t firul normal de cusut.<\/li>\n<\/ul>\n<p>Poate fi acoperire pe firul care formeaz\u0103 bobina din materiale cu func\u021bie diferit\u0103:<\/p>\n<ul>\n<li><strong>Hydrogel acoperit:<\/strong> De\u0219i acest tip de bobin\u0103 care nu a contactat s\u00e2nge sau ap\u0103 este \u00een dimensiune similar\u0103 cu bobinele normale, se poate umfla \u0219i se extinde de 5 p\u00e2n\u0103 la 10 ori mai mare dec\u00e2t volumul s\u0103u dup\u0103 contactul cu s\u00e2nge sau ap\u0103 aproximativ \u00een 20 &#8211; 30 minute. Datorit\u0103 acestei caracteristici, un volum mai mare poate fi umplut folosind mai pu\u021bin dec\u00e2t bobina normal\u0103.<\/li>\n<li><strong>Agen\u021bi de \u00eembun\u0103t\u0103\u021bire a texturii:<\/strong> aceste substan\u021be depuse pe s\u00e2rm\u0103 devin liberalizate \u00een timp \u0219i ajut\u0103 la dispari\u021bia cheagului format \u00een anevrism \u0219i, \u00een schimb, ajut\u0103 la \u00eembun\u0103t\u0103\u021birea \u021besutului cicatricial.<\/li>\n<\/ul>\n<p>Pentru ca helix s\u00e2rm\u0103 numit ca cateter ajunge p\u00e2n\u0103 la anevrism prin avansarea prin cateter \u0219i s\u0103 fie \u00een \u00eentregime \u00een anevrism, acesta ar trebui s\u0103 fie ata\u0219at la un v\u00e2rf de alt fir (\u00een aceea\u0219i grosime). Av\u00e2nd \u00een vedere c\u0103 lungimea cateterului utilizat prin introducerea \u00een interiorul venei prin \u00eenghi\u021bire este mai mare de 1 metru, necesitatea acestui fir este evident\u0103. Pentru ca bobina s\u0103 ajung\u0103 p\u00e2n\u0103 la anevrism s\u0103 formeze elixuri adecvate, asigurarea celei mai ideale forme de \u00eenf\u0103\u0219urare este necesar\u0103 prin mutarea acesteia \u00eenainte \u0219i \u00eenapoi. \u00cen unele cazuri, bobina trimis p\u00e2n\u0103 la anevrism poate fi necesar s\u0103 fie eliminate \u00eenapoi. \u00cen acest scop, este necesar\u0103 o leg\u0103tur\u0103 care este sigur\u0103, dar care poate asigura o \u00eentrerupere \u00een control \u00eentre bobin\u0103 \u0219i firul care o transport\u0103 pe v\u00e2rful s\u0103u. \u00cenc\u00e2lcatura robust\u0103 \u0219i sigur\u0103 poate fi format\u0103 prin bobine de \u00eenf\u0103\u0219urare \u00een varietate de diametre \u0219i lungimi \u00een cadrul anevrismului numai \u00een acest fel. De exemplu, ini\u021bial o bobin\u0103 cu diametrul de 5 mm este \u00eenf\u0103\u0219urat\u0103 la un anevrism de 5 mm, dup\u0103 ce este tras \u0219i l\u0103sat \u00een interiorul anevrismului, firul de \u00eempingere este \u00eendep\u0103rtat din cateter, apoi se trimite o bobin\u0103 cu diametrul de 4 mm, urm\u00e2nd \u00eenf\u0103\u0219urarea corespunz\u0103toare a acestei bobine, este scos \u0219i firul de \u00eempingere este \u00eendep\u0103rtat \u0219i procedura este continuat\u0103 cu bobine \u00een diametru de 3 p\u00e2n\u0103 la 2 mm. Leg\u0103tura dintre firul de \u00eempingere \u0219i bobin\u0103 este produs\u0103 \u00een diferite forme de c\u0103tre diferi\u021bi produc\u0103tori. Cele mai frecvent utilizate modele au propriet\u0103\u021bi de electroliz\u0103, hidroliz\u0103 sau tras mecanic al.<\/p>\n<p>\n<\/div><div class=\"btClear btSeparator bottomSmallSpaced noBorder\" ><hr><\/div><header class=\"header btClear medium btDash bottomDash  btAccentDash\" ><div class=\"dash\"><h3><span class=\"headline\"><em>Contact Us Now<\/em><\/span><\/h3><\/div><\/header><div class=\"btClear btSeparator bottomSmallSpaced noBorder\" ><hr><\/div><div class=\"btText\" >\n<div class=\"wpcf7 no-js\" id=\"wpcf7-f2891-o1\" lang=\"tr-TR\" dir=\"ltr\" data-wpcf7-id=\"2891\">\n<div class=\"screen-reader-response\"><p role=\"status\" aria-live=\"polite\" aria-atomic=\"true\"><\/p> <ul><\/ul><\/div>\n<form action=\"\/ro\/wp-json\/wp\/v2\/pages\/3528#wpcf7-f2891-o1\" method=\"post\" class=\"wpcf7-form init wpcf7-acceptance-as-validation\" aria-label=\"\u0130leti\u015fim Formu\" novalidate=\"novalidate\" data-status=\"init\">\n<fieldset class=\"hidden-fields-container\"><input type=\"hidden\" name=\"_wpcf7\" value=\"2891\" \/><input type=\"hidden\" name=\"_wpcf7_version\" value=\"6.1.5\" \/><input type=\"hidden\" name=\"_wpcf7_locale\" value=\"tr_TR\" \/><input type=\"hidden\" name=\"_wpcf7_unit_tag\" value=\"wpcf7-f2891-o1\" \/><input type=\"hidden\" name=\"_wpcf7_container_post\" value=\"0\" \/><input type=\"hidden\" name=\"_wpcf7_posted_data_hash\" value=\"\" \/>\n<\/fieldset>\n<p style=\"margin-bottom:30px !important;\">\u00cen timp ce completa\u021bi formularul de contact de mai jos, pute\u021bi, de asemenea, s\u0103 ne trimite\u021bi fi\u0219ierele medicale ale pacientului\/dumneavoastr\u0103 prin <strong>transfer<\/strong>. A doua opinie medical\u0103 v\u0103 va fi prezentat\u0103 \u00een termen de 48 de ore.\n<\/p>\n<div class=\"boldRow boldInnerRow  \">\n\t<div class=\"rowItem rowInnerItem col-md-6  btTextLeft\">\n\t\t<div class=\"rowItemContent\">\n\t\t\t<p><label><span class=\"bt_bb_required\">Numele t\u0103u<\/span><br \/>\n<span class=\"wpcf7-form-control-wrap\" data-name=\"your-name\"><input size=\"40\" maxlength=\"400\" class=\"wpcf7-form-control wpcf7-text wpcf7-validates-as-required\" aria-required=\"true\" aria-invalid=\"false\" value=\"\" type=\"text\" name=\"your-name\" \/><\/span> <\/label>\n\t\t\t<\/p>\n\t\t\t<p><label><span class=\"bt_bb_required\">E-mailul dvs.<\/span><br \/>\n<span class=\"wpcf7-form-control-wrap\" data-name=\"your-email\"><input size=\"40\" maxlength=\"400\" class=\"wpcf7-form-control wpcf7-email wpcf7-validates-as-required wpcf7-text wpcf7-validates-as-email\" aria-required=\"true\" aria-invalid=\"false\" value=\"\" type=\"email\" name=\"your-email\" \/><\/span> <\/label>\n\t\t\t<\/p>\n\t\t\t<p><label><span class=\"bt_bb_required\">Telefonul dvs.<\/span><br \/>\n<span class=\"wpcf7-form-control-wrap\" data-name=\"your-phone\"><input size=\"40\" class=\"wpcf7-form-control wpcf7-phonetext wpcf7-text wpcf7-validates-as-phonetext\" id=\"int_phone\" aria-invalid=\"false\" value=\"\" type=\"text\" name=\"your-phone\" \/><input type=\"hidden\" name=\"your-phone-country-code\" class=\"wpcf7-phonetext-country-code\" \/><\/span> <\/label>\n\t\t\t<\/p>\n\t\t\t<p><label><span class=\"bt_bb_required\">Mesajul dvs.<\/span><br \/>\n<span class=\"wpcf7-form-control-wrap\" data-name=\"your-message\"><textarea cols=\"40\" rows=\"10\" maxlength=\"2000\" class=\"wpcf7-form-control wpcf7-textarea wpcf7-validates-as-required\" aria-required=\"true\" aria-invalid=\"false\" name=\"your-message\"><\/textarea><\/span> <\/label>\n\t\t\t<\/p>\n\t\t\t<p><label><span class=\"bt_bb_required\" style=\"margin-top:25px !important;\"><span class=\"wpcf7-form-control-wrap\" data-name=\"accept-this-1\"><span class=\"wpcf7-form-control wpcf7-acceptance\"><span class=\"wpcf7-list-item\"><label><input type=\"checkbox\" name=\"accept-this-1\" value=\"1\" aria-invalid=\"false\" \/><span class=\"wpcf7-list-item-label\">Sunt de acord cu <a target=\"_blank\" href=\"https:\/\/groupflorence.com\/ro\/terms-of-use\/\">Termenii \u0219i Serviciile<\/a>.<\/span><\/label><\/span><\/span><\/span><\/span><\/label>\n\t\t\t<\/p>\n\t\t\t<p><input class=\"wpcf7-form-control wpcf7-submit has-spinner contact_button_int\" type=\"submit\" value=\"TRIMITE MESAJ\" \/>\n\t\t\t<\/p>\n\t\t<\/div>\n\t<\/div>\n\t<div class=\"rowItem rowInnerItem col-md-6  btTextLeft\">\n\t\t<div class=\"rowItemContent\">\n\t\t\t<p align=\"center\" style=\"margin-top:30px;\"><br \/>\n<a href=\"http:\/\/florencenightingale.wetransfer.com\/\" target=\"_blank\" title=\"Click Here To Transfer Your Documents via WeTransfer\"><img decoding=\"async\"  align=\"center\" style=\"max-width:250px !important;\" class=\"lazy loaded\" src=\"https:\/\/groupflorence.com\/ro\/wp-content\/uploads\/2020\/08\/89130-wetransfer-default-logo-rgb-original-1365619064-e1599162229581.png\" data-src=\"https:\/\/groupflorence.com\/ro\/wp-content\/uploads\/2020\/08\/89130-wetransfer-default-logo-rgb-original-1365619064-e1599162229581.png\" alt=\"Click Here To Transfer Your Documents via WeTransfer\" title=\"Click Here To Transfer Your Documents via WeTransfer\" data-was-processed=\"true\" \/><\/a>\n\t\t\t<\/p>\n\t\t\t<h3 align=\"center\"><a href=\"http:\/\/florencenightingale.wetransfer.com\/\" target=\"_blank\" title=\"Click Here To Transfer Your Documents via WeTransfer\">Trimite prin WeTransfer<\/a>\n\t\t\t<\/h3>\n\t\t\t<p align=\"center\">Pute\u021bi trimite documentele dvs. medicale supradimensionate (\u00eenregistr\u0103ri RMN, rezultate de laborator, imagini etc.) folosind contul nostru WeTransfer. Este u\u0219or, rapid \u0219i sigur.\n\t\t\t<\/p>\n\t\t<\/div>\n\t\t<center>\n\t\t\t<p><a href=\"http:\/\/florencenightingale.wetransfer.com\/\" class=\"btBtn btBtn btnFilledStyle btnAccentColor btnSmall btnNormalWidth btnRightPosition btnNoIcon\" target=\"_blank\"><span class=\"btnInnerText\">Trimite acum<\/span><\/a>\n\t\t\t<\/p>\n\t\t<\/center>\n\t<\/div>\n<\/div><div class=\"wpcf7-response-output\" aria-hidden=\"true\"><\/div>\n<\/form>\n<\/div>\n<\/div><div class=\"btClear btSeparator topSpaced noBorder\" ><hr><\/div><\/div><\/div><\/div><\/div><\/div><\/div><\/div><\/section>\n","protected":false},"excerpt":{"rendered":"","protected":false},"author":1,"featured_media":0,"parent":2436,"menu_order":5,"comment_status":"closed","ping_status":"closed","template":"","meta":{"footnotes":""},"class_list":["post-3528","page","type-page","status-publish","hentry"],"_links":{"self":[{"href":"https:\/\/groupflorence.com\/ro\/wp-json\/wp\/v2\/pages\/3528","targetHints":{"allow":["GET"]}}],"collection":[{"href":"https:\/\/groupflorence.com\/ro\/wp-json\/wp\/v2\/pages"}],"about":[{"href":"https:\/\/groupflorence.com\/ro\/wp-json\/wp\/v2\/types\/page"}],"author":[{"embeddable":true,"href":"https:\/\/groupflorence.com\/ro\/wp-json\/wp\/v2\/users\/1"}],"replies":[{"embeddable":true,"href":"https:\/\/groupflorence.com\/ro\/wp-json\/wp\/v2\/comments?post=3528"}],"version-history":[{"count":2,"href":"https:\/\/groupflorence.com\/ro\/wp-json\/wp\/v2\/pages\/3528\/revisions"}],"predecessor-version":[{"id":6091,"href":"https:\/\/groupflorence.com\/ro\/wp-json\/wp\/v2\/pages\/3528\/revisions\/6091"}],"up":[{"embeddable":true,"href":"https:\/\/groupflorence.com\/ro\/wp-json\/wp\/v2\/pages\/2436"}],"wp:attachment":[{"href":"https:\/\/groupflorence.com\/ro\/wp-json\/wp\/v2\/media?parent=3528"}],"curies":[{"name":"wp","href":"https:\/\/api.w.org\/{rel}","templated":true}]}}