{"id":3525,"date":"2020-10-01T17:19:01","date_gmt":"2020-10-01T14:19:01","guid":{"rendered":"https:\/\/groupflorence.com\/ro\/?page_id=3525"},"modified":"2020-12-17T01:02:48","modified_gmt":"2020-12-16T22:02:48","slug":"aneurysm","status":"publish","type":"page","link":"https:\/\/groupflorence.com\/ro\/centers-treatments\/neurological-sciences-center\/aneurysm\/","title":{"rendered":"Anevrismul"},"content":{"rendered":"<section id=\"bt_section69ec250ae22dd\"  class=\"boldSection gutter\" ><div class=\"port\"><div class=\"boldCell\"><div class=\"boldCellInner\"><div class=\"boldRow  \" ><div class=\"boldRowInner\"><div class=\"rowItem col-md-4 col-ms-12 btTextLeft\"  ><div class=\"rowItemContent\" ><div class=\"btClear btSeparator topSpaced noBorder\" ><hr><\/div><div class=\"btCustomMenu treatment-sidebar\" ><div class=\"menu-neurological-sciences-center-container\"><ul id=\"menu-neurological-sciences-center\" class=\"menu\"><li id=\"menu-item-3514\" class=\"menu-item menu-item-type-post_type menu-item-object-page menu-item-has-children menu-item-3514\"><a href=\"https:\/\/groupflorence.com\/ro\/centers-treatments\/\">Centre &#038; Departamente<\/a><ul class=\"sub-menu\"><li id=\"menu-item-3515\" class=\"menu-item menu-item-type-post_type menu-item-object-page menu-item-has-children menu-item-3515\"><a href=\"https:\/\/groupflorence.com\/ro\/centers-treatments\/neurological-sciences-center\/\">Centrul de \u0218tiin\u021be Neurologice<\/a><ul class=\"sub-menu\"><li id=\"menu-item-3521\" class=\"menu-item menu-item-type-post_type menu-item-object-page menu-item-3521\"><a href=\"https:\/\/groupflorence.com\/ro\/centers-treatments\/neurological-sciences-center\/whats-multiple-sclerosis\/\">Ce este Scleroza Multipl\u0103?<\/a><\/li><li id=\"menu-item-3527\" class=\"menu-item menu-item-type-post_type menu-item-object-page menu-item-3527\"><a href=\"https:\/\/groupflorence.com\/ro\/centers-treatments\/neurological-sciences-center\/aneurysm\/\">Anevrismul<\/a><\/li><li id=\"menu-item-3530\" class=\"menu-item menu-item-type-post_type menu-item-object-page menu-item-3530\"><a href=\"https:\/\/groupflorence.com\/ro\/centers-treatments\/neurological-sciences-center\/what-is-coil\/\">Ce este Coil?<\/a><\/li><li id=\"menu-item-3537\" class=\"menu-item menu-item-type-post_type menu-item-object-page menu-item-3537\"><a href=\"https:\/\/groupflorence.com\/ro\/centers-treatments\/neurological-sciences-center\/what-is-epilepsy\/\">Ce este Epilepsia?<\/a><\/li><li id=\"menu-item-3545\" class=\"menu-item menu-item-type-post_type menu-item-object-page menu-item-3545\"><a href=\"https:\/\/groupflorence.com\/ro\/centers-treatments\/neurological-sciences-center\/brain-mri-spectroscopy\/\">Spectroscopie RMN a Creierului<\/a><\/li><\/ul><\/li><\/ul><\/li>\n<\/ul><\/div><\/div><div class=\"btClear btSeparator topSemiSpaced noBorder\" ><hr><\/div><div class=\"boldRow boldInnerRow  bt_bb_hidden_xs bt_bb_hidden_ms bt_bb_hidden_sm\" ><div class=\"rowItem rowInnerItem col-md-12  btTextCenter btMiddleVertical\"  ><div class=\"rowItemContent\"><div class=\"bpgPhoto btTextCenter\" > \r\n\t\t\t\t\t<a href=\"https:\/\/groupflorence.com\/ro\/patient-guide\/covid-19-precautions\/\" target=\"_blank\" title=\"\"><\/a>\r\n\t\t\t\t\t<div class=\"boldPhotoBox\"><div class=\"bpbItem\"><div class = \"btImage\"><img decoding=\"async\" src=\"https:\/\/groupflorence.com\/ro\/wp-content\/uploads\/2020\/12\/covid-safe-sidebar-320x186.jpg\" alt=\"\" title=\"\" ><\/div><\/div><\/div>\r\n\t\t\t\t\t<div class=\"captionPane\">\r\n\t\t\t\t\t\t<div class=\"captionTable\">\r\n\t\t\t\t\t\t\t<div class=\"captionCell\">\r\n\t\t\t\t\t\t\t\t<div class=\"captionTxt\"><\/div>\r\n\t\t\t\t\t\t\t<\/div>\r\n\t\t\t\t\t\t<\/div>\r\n\t\t\t\t\t<\/div><\/div><div class=\"btClear btSeparator topSmallSpaced bottomSmallSpaced border\" ><hr><\/div><a href=\"https:\/\/groupflorence.com\/ro\/contact-us\/\" class=\"btBtn btBtn btnFilledStyle btnAccentColor btnBig btnNormalWidth btnLeftPosition btnNoIcon\" ><span class=\"btnInnerText\">Ask A Question<\/span><\/a><\/div><\/div><\/div><\/div><\/div><div class=\"rowItem col-md-8 col-ms-12 btTextLeft\"  ><div class=\"rowItemContent\" ><div class=\"btClear btSeparator topSemiSpaced noBorder\" ><hr><\/div><header class=\"header btClear medium btDash bottomDash  btNormalDash\" ><div class=\"dash\"><h3><span class=\"headline\"><b class=\"animate\"> Anevrismul <\/b><\/span><\/h3><\/div><\/header><div class=\"btClear btSeparator topSmallSpaced noBorder\" ><hr><\/div><div class=\"btText\" ><\/p>\n<p>Cuv\u00e2ntul semnifica\u021bie al Angiografiei \u201eeste o imagine a vaselor\u201d (monitorizarea vaselor).<\/p>\n<p>Diferite metode pot fi utilizate pentru a vizualiza \u0219i examina venele din corpul nostru.<\/p>\n<p>Ultrasonografie Doppler cu 1 culoare<\/p>\n<p>2- Angiografia generat\u0103 prin metoda tomografiei computerizate (angiografie tomografic\u0103 computerizat\u0103: BTE)<\/p>\n<p>3- Angiografie generata de angiografia imagistica prin rezonanta magnetica (angiografie imagistica prin rezonanta magnetica: MRA)<\/p>\n<p>4-conven\u021bional\/cateter angiografie: este imagistica vasului \u0219i fluxul interior prin atingerea vasului, care va fi examinat printr-un tub sub\u021bire numit cateter (tub de polietilen\u0103 cu diametrul de 1,5-2 mm) \u0219i injectarea agent de contrast \u00een interior.<\/p>\n<p>Cea mai sigur\u0103 metod\u0103 dintre cele men\u021bionate mai sus este angiografia cateterului. Siguran\u021ba \u0219i succesul celorlalte trei metode depind de c\u00e2t de mult aceste rezultate sunt \u00een concordan\u021b\u0103 cu rezultatele angiografiei cateterului. Prin urmare, metoda cateterului angiografic este \u201estandardul de aur\u201d aplicat pentru vasele de imagistic\u0103.<\/p>\n<table cellspacing=\"0\" cellpadding=\"0\">\n<tbody>\n<tr>\n<td><strong>O angiografie cu cateter care prezint\u0103 vasele cerebrale (proiec\u021bie lateral\u0103)<\/strong><\/td>\n<td><strong>B &#8211; angiografie cu cateter care prezint\u0103 vasele cerebrale (proiec\u0163ie AP)<\/strong><\/td>\n<\/tr>\n<\/tbody>\n<\/table>\n<table cellspacing=\"0\" cellpadding=\"0\">\n<tbody>\n<tr>\n<td><img decoding=\"async\" src=\"https:\/\/groupflorence.com\/backup\/xen\/Images\/UploadImages\/lateral_projeksiyon(1).jpg\" alt=\"\" align=\"left\" \/><\/td>\n<td><img decoding=\"async\" src=\"https:\/\/groupflorence.com\/backup\/xen\/Images\/UploadImages\/ap_projeksiyon(1).jpg\" alt=\"\" align=\"right\" \/><\/td>\n<\/tr>\n<\/tbody>\n<\/table>\n<table cellspacing=\"0\" cellpadding=\"0\">\n<tbody>\n<tr>\n<td><strong>C-CT Angiografie (vasele cerebrale)<\/strong><\/td>\n<td><strong>D- CT Angiografie (Vase g\u00e2tului)<\/strong><\/td>\n<\/tr>\n<\/tbody>\n<\/table>\n<table cellspacing=\"0\" cellpadding=\"0\">\n<tbody>\n<tr>\n<td><img decoding=\"async\" src=\"https:\/\/groupflorence.com\/backup\/xen\/Images\/UploadImages\/beyin_damarlari.jpg\" alt=\"\" align=\"left\" \/><\/td>\n<td><img decoding=\"async\" src=\"https:\/\/groupflorence.com\/backup\/xen\/Images\/UploadImages\/boyun_damarlari.jpg\" alt=\"\" align=\"right\" \/><\/td>\n<\/tr>\n<\/tbody>\n<\/table>\n<h3>Tipuri de anevrism<\/h3>\n<table cellspacing=\"0\" cellpadding=\"0\">\n<tbody>\n<tr>\n<td><strong><br \/>\nAnevrismul fusiform<\/strong><img decoding=\"async\" src=\"https:\/\/groupflorence.com\/backup\/xen\/Images\/UploadImages\/fuziform_anevrizma(3).jpg\" alt=\"\" \/><\/td>\n<td><strong>Anevrismele sacculare<span id=\"dx_temp_1477485345300_92\"><span id=\"dx_temp_1477485345300_93\"><img decoding=\"async\" src=\"https:\/\/groupflorence.com\/backup\/xen\/Images\/UploadImages\/sakkuler_anevrizma.jpg\" alt=\"\" \/><\/span><\/span><\/strong><\/td>\n<td><strong>Anevrismele hemoragice<\/strong><br \/>\n<img decoding=\"async\" src=\"https:\/\/groupflorence.com\/backup\/xen\/Images\/UploadImages\/kanamis_anevrizma.jpg\" alt=\"\" \/><\/td>\n<\/tr>\n<\/tbody>\n<\/table>\n<h3>De ce ar trebui s\u0103 fie tratat anevrismul?<\/h3>\n<p><img decoding=\"async\" src=\"https:\/\/groupflorence.com\/backup\/xen\/Images\/UploadImages\/anevrizma_neden(1).jpg\" alt=\"\" align=\"left\" \/>De\u0219i se \u0219tie c\u0103 anevrismul dezvoltat \u00een vasele cerebrale nu provoac\u0103 nici o pl\u00e2ngere, este, de asemenea, cunoscut faptul c\u0103 aceasta poate provoca probleme legate de efectul de mas\u0103, situa\u021bia cea mai temut\u0103 este hemoragie cerebral\u0103 cauzate din cauza erup\u021biei anevrismului. Informa\u021biile despre care anevrism ar s\u00e2ngera \u0219i care nu ar s\u00e2ngera, nu sunt cunoscute \u00een prealabil.<\/p>\n<p>Rezultatul detectat \u00een urma urm\u0103ririi pe termen lung a anevrismelor cerebrale este riscul de cre\u015ftere a s\u00e2nger\u0103rii la un raport de 0,2 p\u00e2n\u0103 la 3% \u00een fiecare an. Mai ales la tineri, av\u00e2nd \u00een vedere prezen\u021ba unei vie\u021bi lungi a\u0219teptate \u0219i rata de s\u00e2ngerare care se adaug\u0103 pe partea de sus \u00een fiecare an, probabilitatea de s\u00e2ngerare este crescut\u0103. Prin urmare, tratamentul cu anevrism este recomandat celor care s-au dovedit a avea anevrism. Aceasta este \u00een\u021belegerea pe care o cere medicina modern\u0103.<\/p>\n<p>Trebuie amintit faptul c\u0103 \u201efiecare anevrism care a s\u00e2ngerat a fost un anevrism care nu a s\u00e2ngerat p\u00e2n\u0103 la un minut \u00eenainte de s\u00e2ngerare\u201d. Cu toate acestea, pot exista cazuri \u00een care tratamentul cu anevrism nu poate fi luat \u00een considerare \u00een prezen\u021ba riscului poten\u021bial \u00een starea general\u0103 a pacientului \u0219i\/sau tratamentul anevrismului.<\/p>\n<p>\n<\/div><div class=\"btClear btSeparator bottomSmallSpaced noBorder\" ><hr><\/div><header class=\"header btClear medium btDash bottomDash  btAccentDash\" ><div class=\"dash\"><h3><span class=\"headline\"><em>Contact Us Now<\/em><\/span><\/h3><\/div><\/header><div class=\"btClear btSeparator bottomSmallSpaced noBorder\" ><hr><\/div><div class=\"btText\" >\n<div class=\"wpcf7 no-js\" id=\"wpcf7-f2891-o1\" lang=\"tr-TR\" dir=\"ltr\" data-wpcf7-id=\"2891\">\n<div class=\"screen-reader-response\"><p role=\"status\" aria-live=\"polite\" aria-atomic=\"true\"><\/p> <ul><\/ul><\/div>\n<form action=\"\/ro\/wp-json\/wp\/v2\/pages\/3525#wpcf7-f2891-o1\" method=\"post\" class=\"wpcf7-form init wpcf7-acceptance-as-validation\" aria-label=\"\u0130leti\u015fim Formu\" novalidate=\"novalidate\" data-status=\"init\">\n<fieldset class=\"hidden-fields-container\"><input type=\"hidden\" name=\"_wpcf7\" value=\"2891\" \/><input type=\"hidden\" name=\"_wpcf7_version\" value=\"6.1.5\" \/><input type=\"hidden\" name=\"_wpcf7_locale\" value=\"tr_TR\" \/><input type=\"hidden\" name=\"_wpcf7_unit_tag\" value=\"wpcf7-f2891-o1\" \/><input type=\"hidden\" name=\"_wpcf7_container_post\" value=\"0\" \/><input type=\"hidden\" name=\"_wpcf7_posted_data_hash\" value=\"\" \/>\n<\/fieldset>\n<p style=\"margin-bottom:30px !important;\">\u00cen timp ce completa\u021bi formularul de contact de mai jos, pute\u021bi, de asemenea, s\u0103 ne trimite\u021bi fi\u0219ierele medicale ale pacientului\/dumneavoastr\u0103 prin <strong>transfer<\/strong>. A doua opinie medical\u0103 v\u0103 va fi prezentat\u0103 \u00een termen de 48 de ore.\n<\/p>\n<div class=\"boldRow boldInnerRow  \">\n\t<div class=\"rowItem rowInnerItem col-md-6  btTextLeft\">\n\t\t<div class=\"rowItemContent\">\n\t\t\t<p><label><span class=\"bt_bb_required\">Numele t\u0103u<\/span><br \/>\n<span class=\"wpcf7-form-control-wrap\" data-name=\"your-name\"><input size=\"40\" maxlength=\"400\" class=\"wpcf7-form-control wpcf7-text wpcf7-validates-as-required\" aria-required=\"true\" aria-invalid=\"false\" value=\"\" type=\"text\" name=\"your-name\" \/><\/span> <\/label>\n\t\t\t<\/p>\n\t\t\t<p><label><span class=\"bt_bb_required\">E-mailul dvs.<\/span><br \/>\n<span class=\"wpcf7-form-control-wrap\" data-name=\"your-email\"><input size=\"40\" maxlength=\"400\" class=\"wpcf7-form-control wpcf7-email wpcf7-validates-as-required wpcf7-text wpcf7-validates-as-email\" aria-required=\"true\" aria-invalid=\"false\" value=\"\" type=\"email\" name=\"your-email\" \/><\/span> <\/label>\n\t\t\t<\/p>\n\t\t\t<p><label><span class=\"bt_bb_required\">Telefonul dvs.<\/span><br \/>\n<span class=\"wpcf7-form-control-wrap\" data-name=\"your-phone\"><input size=\"40\" class=\"wpcf7-form-control wpcf7-phonetext wpcf7-text wpcf7-validates-as-phonetext\" id=\"int_phone\" aria-invalid=\"false\" value=\"\" type=\"text\" name=\"your-phone\" \/><input type=\"hidden\" name=\"your-phone-country-code\" class=\"wpcf7-phonetext-country-code\" \/><\/span> <\/label>\n\t\t\t<\/p>\n\t\t\t<p><label><span class=\"bt_bb_required\">Mesajul dvs.<\/span><br \/>\n<span class=\"wpcf7-form-control-wrap\" data-name=\"your-message\"><textarea cols=\"40\" rows=\"10\" maxlength=\"2000\" class=\"wpcf7-form-control wpcf7-textarea wpcf7-validates-as-required\" aria-required=\"true\" aria-invalid=\"false\" name=\"your-message\"><\/textarea><\/span> <\/label>\n\t\t\t<\/p>\n\t\t\t<p><label><span class=\"bt_bb_required\" style=\"margin-top:25px !important;\"><span class=\"wpcf7-form-control-wrap\" data-name=\"accept-this-1\"><span class=\"wpcf7-form-control wpcf7-acceptance\"><span class=\"wpcf7-list-item\"><label><input type=\"checkbox\" name=\"accept-this-1\" value=\"1\" aria-invalid=\"false\" \/><span class=\"wpcf7-list-item-label\">Sunt de acord cu <a target=\"_blank\" href=\"https:\/\/groupflorence.com\/ro\/terms-of-use\/\">Termenii \u0219i Serviciile<\/a>.<\/span><\/label><\/span><\/span><\/span><\/span><\/label>\n\t\t\t<\/p>\n\t\t\t<p><input class=\"wpcf7-form-control wpcf7-submit has-spinner contact_button_int\" type=\"submit\" value=\"TRIMITE MESAJ\" \/>\n\t\t\t<\/p>\n\t\t<\/div>\n\t<\/div>\n\t<div class=\"rowItem rowInnerItem col-md-6  btTextLeft\">\n\t\t<div class=\"rowItemContent\">\n\t\t\t<p align=\"center\" style=\"margin-top:30px;\"><br \/>\n<a href=\"http:\/\/florencenightingale.wetransfer.com\/\" target=\"_blank\" title=\"Click Here To Transfer Your Documents via WeTransfer\"><img decoding=\"async\"  align=\"center\" style=\"max-width:250px !important;\" class=\"lazy loaded\" src=\"https:\/\/groupflorence.com\/ro\/wp-content\/uploads\/2020\/08\/89130-wetransfer-default-logo-rgb-original-1365619064-e1599162229581.png\" data-src=\"https:\/\/groupflorence.com\/ro\/wp-content\/uploads\/2020\/08\/89130-wetransfer-default-logo-rgb-original-1365619064-e1599162229581.png\" alt=\"Click Here To Transfer Your Documents via WeTransfer\" title=\"Click Here To Transfer Your Documents via WeTransfer\" data-was-processed=\"true\" \/><\/a>\n\t\t\t<\/p>\n\t\t\t<h3 align=\"center\"><a href=\"http:\/\/florencenightingale.wetransfer.com\/\" target=\"_blank\" title=\"Click Here To Transfer Your Documents via WeTransfer\">Trimite prin WeTransfer<\/a>\n\t\t\t<\/h3>\n\t\t\t<p align=\"center\">Pute\u021bi trimite documentele dvs. medicale supradimensionate (\u00eenregistr\u0103ri RMN, rezultate de laborator, imagini etc.) folosind contul nostru WeTransfer. Este u\u0219or, rapid \u0219i sigur.\n\t\t\t<\/p>\n\t\t<\/div>\n\t\t<center>\n\t\t\t<p><a href=\"http:\/\/florencenightingale.wetransfer.com\/\" class=\"btBtn btBtn btnFilledStyle btnAccentColor btnSmall btnNormalWidth btnRightPosition btnNoIcon\" target=\"_blank\"><span class=\"btnInnerText\">Trimite acum<\/span><\/a>\n\t\t\t<\/p>\n\t\t<\/center>\n\t<\/div>\n<\/div><div class=\"wpcf7-response-output\" aria-hidden=\"true\"><\/div>\n<\/form>\n<\/div>\n<\/div><div class=\"btClear btSeparator topSpaced noBorder\" ><hr><\/div><\/div><\/div><\/div><\/div><\/div><\/div><\/div><\/section>\n","protected":false},"excerpt":{"rendered":"","protected":false},"author":1,"featured_media":0,"parent":2436,"menu_order":4,"comment_status":"closed","ping_status":"closed","template":"","meta":{"footnotes":""},"class_list":["post-3525","page","type-page","status-publish","hentry"],"_links":{"self":[{"href":"https:\/\/groupflorence.com\/ro\/wp-json\/wp\/v2\/pages\/3525","targetHints":{"allow":["GET"]}}],"collection":[{"href":"https:\/\/groupflorence.com\/ro\/wp-json\/wp\/v2\/pages"}],"about":[{"href":"https:\/\/groupflorence.com\/ro\/wp-json\/wp\/v2\/types\/page"}],"author":[{"embeddable":true,"href":"https:\/\/groupflorence.com\/ro\/wp-json\/wp\/v2\/users\/1"}],"replies":[{"embeddable":true,"href":"https:\/\/groupflorence.com\/ro\/wp-json\/wp\/v2\/comments?post=3525"}],"version-history":[{"count":2,"href":"https:\/\/groupflorence.com\/ro\/wp-json\/wp\/v2\/pages\/3525\/revisions"}],"predecessor-version":[{"id":6090,"href":"https:\/\/groupflorence.com\/ro\/wp-json\/wp\/v2\/pages\/3525\/revisions\/6090"}],"up":[{"embeddable":true,"href":"https:\/\/groupflorence.com\/ro\/wp-json\/wp\/v2\/pages\/2436"}],"wp:attachment":[{"href":"https:\/\/groupflorence.com\/ro\/wp-json\/wp\/v2\/media?parent=3525"}],"curies":[{"name":"wp","href":"https:\/\/api.w.org\/{rel}","templated":true}]}}