{"id":3517,"date":"2020-10-01T17:10:08","date_gmt":"2020-10-01T14:10:08","guid":{"rendered":"https:\/\/groupflorence.com\/ro\/?page_id=3517"},"modified":"2020-12-17T01:02:01","modified_gmt":"2020-12-16T22:02:01","slug":"whats-multiple-sclerosis","status":"publish","type":"page","link":"https:\/\/groupflorence.com\/ro\/centers-treatments\/neurological-sciences-center\/whats-multiple-sclerosis\/","title":{"rendered":"Ce este Scleroza Multipl\u0103?"},"content":{"rendered":"<section id=\"bt_section69ebe75e9969c\"  class=\"boldSection gutter\" ><div class=\"port\"><div class=\"boldCell\"><div class=\"boldCellInner\"><div class=\"boldRow  \" ><div class=\"boldRowInner\"><div class=\"rowItem col-md-4 col-ms-12 btTextLeft\"  ><div class=\"rowItemContent\" ><div class=\"btClear btSeparator topSpaced noBorder\" ><hr><\/div><div class=\"btCustomMenu treatment-sidebar\" ><div class=\"menu-neurological-sciences-center-container\"><ul id=\"menu-neurological-sciences-center\" class=\"menu\"><li id=\"menu-item-3514\" class=\"menu-item menu-item-type-post_type menu-item-object-page menu-item-has-children menu-item-3514\"><a href=\"https:\/\/groupflorence.com\/ro\/centers-treatments\/\">Centre &#038; Departamente<\/a><ul class=\"sub-menu\"><li id=\"menu-item-3515\" class=\"menu-item menu-item-type-post_type menu-item-object-page menu-item-has-children menu-item-3515\"><a href=\"https:\/\/groupflorence.com\/ro\/centers-treatments\/neurological-sciences-center\/\">Centrul de \u0218tiin\u021be Neurologice<\/a><ul class=\"sub-menu\"><li id=\"menu-item-3521\" class=\"menu-item menu-item-type-post_type menu-item-object-page menu-item-3521\"><a href=\"https:\/\/groupflorence.com\/ro\/centers-treatments\/neurological-sciences-center\/whats-multiple-sclerosis\/\">Ce este Scleroza Multipl\u0103?<\/a><\/li><li id=\"menu-item-3527\" class=\"menu-item menu-item-type-post_type menu-item-object-page menu-item-3527\"><a href=\"https:\/\/groupflorence.com\/ro\/centers-treatments\/neurological-sciences-center\/aneurysm\/\">Anevrismul<\/a><\/li><li id=\"menu-item-3530\" class=\"menu-item menu-item-type-post_type menu-item-object-page menu-item-3530\"><a href=\"https:\/\/groupflorence.com\/ro\/centers-treatments\/neurological-sciences-center\/what-is-coil\/\">Ce este Coil?<\/a><\/li><li id=\"menu-item-3537\" class=\"menu-item menu-item-type-post_type menu-item-object-page menu-item-3537\"><a href=\"https:\/\/groupflorence.com\/ro\/centers-treatments\/neurological-sciences-center\/what-is-epilepsy\/\">Ce este Epilepsia?<\/a><\/li><li id=\"menu-item-3545\" class=\"menu-item menu-item-type-post_type menu-item-object-page menu-item-3545\"><a href=\"https:\/\/groupflorence.com\/ro\/centers-treatments\/neurological-sciences-center\/brain-mri-spectroscopy\/\">Spectroscopie RMN a Creierului<\/a><\/li><\/ul><\/li><\/ul><\/li>\n<\/ul><\/div><\/div><div class=\"btClear btSeparator topSemiSpaced noBorder\" ><hr><\/div><div class=\"boldRow boldInnerRow  bt_bb_hidden_xs bt_bb_hidden_ms bt_bb_hidden_sm\" ><div class=\"rowItem rowInnerItem col-md-12  btTextCenter btMiddleVertical\"  ><div class=\"rowItemContent\"><div class=\"bpgPhoto btTextCenter\" > \r\n\t\t\t\t\t<a href=\"https:\/\/groupflorence.com\/ro\/patient-guide\/covid-19-precautions\/\" target=\"_blank\" title=\"\"><\/a>\r\n\t\t\t\t\t<div class=\"boldPhotoBox\"><div class=\"bpbItem\"><div class = \"btImage\"><img decoding=\"async\" src=\"https:\/\/groupflorence.com\/ro\/wp-content\/uploads\/2020\/12\/covid-safe-sidebar-320x186.jpg\" alt=\"\" title=\"\" ><\/div><\/div><\/div>\r\n\t\t\t\t\t<div class=\"captionPane\">\r\n\t\t\t\t\t\t<div class=\"captionTable\">\r\n\t\t\t\t\t\t\t<div class=\"captionCell\">\r\n\t\t\t\t\t\t\t\t<div class=\"captionTxt\"><\/div>\r\n\t\t\t\t\t\t\t<\/div>\r\n\t\t\t\t\t\t<\/div>\r\n\t\t\t\t\t<\/div><\/div><div class=\"btClear btSeparator topSmallSpaced bottomSmallSpaced border\" ><hr><\/div><a href=\"https:\/\/groupflorence.com\/ro\/contact-us\/\" class=\"btBtn btBtn btnFilledStyle btnAccentColor btnBig btnNormalWidth btnLeftPosition btnNoIcon\" ><span class=\"btnInnerText\">Ask A Question<\/span><\/a><\/div><\/div><\/div><\/div><\/div><div class=\"rowItem col-md-8 col-ms-12 btTextLeft\"  ><div class=\"rowItemContent\" ><div class=\"btClear btSeparator topSemiSpaced noBorder\" ><hr><\/div><header class=\"header btClear medium btDash bottomDash  btNormalDash\" ><div class=\"dash\"><h3><span class=\"headline\"><b class=\"animate\">Ce este Scleroza Multipl\u0103?<\/b><\/span><\/h3><\/div><\/header><div class=\"btClear btSeparator topExtraSmallSpaced noBorder\" ><hr><\/div><div class=\"btText\" ><\/p>\n<p>Scleroza multipl\u0103 este o boal\u0103 a sistemului nervos central cel mai frecvent apar la adul\u021bii tineri cu v\u00e2rste cuprinse \u00eentre 20-40 de ani, dar, de asemenea, afecteaz\u0103 copiii \u0219i persoanele \u00een v\u00e2rst\u0103.<\/p>\n<p>Este a doua cea mai frecvent\u0103 cauz\u0103 a dizabilit\u0103\u021bii neurologice la tineri dup\u0103 traume.<\/p>\n<p>De obicei \u00eencepe cu atacuri recurente. Aceste atacuri dureaz\u0103 cel pu\u021bin 24 de ore \u0219i, \u00een general, pot dura c\u00e2teva s\u0103pt\u0103m\u00e2ni, dar dup\u0103 aceea se rezolv\u0103 fie spontan, fie cu medicamente, \u00een mare m\u0103sur\u0103 sau complet. \u00cen timpul acestor atacuri, vedere \u00eence\u021bo\u0219at\u0103 sau pierderea vederii, vedere dubl\u0103, sl\u0103biciune, amor\u021beal\u0103 la nivelul picioarelor, dezechilibrele sunt semne \u0219i simptome comune.<\/p>\n<p>\u00cen unele cazuri, atacurile nu se recupereaz\u0103 complet \u0219i pot provoca constat\u0103ri neurologice permanente. \u00cen unele cazuri, semnele neurologice pot prezenta un curs lent progresiv.<\/p>\n<p>\n<\/div><div class=\"btClear btSeparator topSmallSpaced noBorder\" ><hr><\/div><header class=\"header btClear medium btDash bottomDash  btAccentDash\" ><div class=\"dash\"><h3><span class=\"headline\">Cum este diagnosticat\u0103 scleroza multipl\u0103?<\/span><\/h3><\/div><\/header><div class=\"btClear btSeparator topExtraSmallSpaced noBorder\" ><hr><\/div><div class=\"btText\" ><\/p>\n<p>Scleroza multipl\u0103 nu are un singur instrument de diagnosticare. \u00cen general, diagnosticul se face prin evaluarea istoricului pacientului (antecedente neurologice), a rezultatelor examenului neurologic, a rezultatelor RMN-ului cranian (creier) \u015fi spinal (m\u0103duva spin\u0103rii) \u015fi, \u00een unele cazuri, prin evaluarea rezultatelor lichidului cefalorahidian (lu\u00e2nd lichid din talie) \u015fi prin unele teste electrofiziologice. Foarte rar, biopsia poate fi necesar\u0103 pentru a exclude alte posibilit\u0103\u021bi de diagnosticare.<\/p>\n<p>\n<\/div><div class=\"btClear btSeparator topSmallSpaced noBorder\" ><hr><\/div><header class=\"header btClear medium btDash bottomDash  btAccentDash\" ><div class=\"dash\"><h3><span class=\"headline\">Cum este tratat\u0103 scleroza multipl\u0103?<\/span><\/h3><\/div><\/header><div class=\"btClear btSeparator topExtraSmallSpaced noBorder\" ><hr><\/div><div class=\"btText\" ><\/p>\n<p>De\u0219i nu exist\u0103 nici un remediu definitiv pentru scleroza multipl\u0103, este posibil s\u0103 se rezolve constat\u0103rile neurologice care apar \u00eempreun\u0103 cu atacuri, pentru a preveni atacurile \u0219i simptomele neurologice permanente \u0219i de invaliditate.<\/p>\n<p>\n<\/div><div class=\"btClear btSeparator topSmallSpaced noBorder\" ><hr><\/div><header class=\"header btClear medium btDash bottomDash  btAccentDash\" ><div class=\"dash\"><h3><span class=\"headline\">Cum este tratamentul atacurilor?<\/span><\/h3><\/div><\/header><div class=\"btClear btSeparator topExtraSmallSpaced noBorder\" ><hr><\/div><div class=\"btText\" ><\/p>\n<p>Principalul agent utilizat \u00een eliminarea simptomelor neurologice care apar cu atacuri este terapia cu steroizi (cortizon). \u00cen timp ce poate fi administrat prin diferite c\u0103i de administrare, cea mai frecvent\u0103 cale de administrare este aplicarea consecutiv\u0103 sau intermitent\u0103 (Pulse) a administr\u0103rii intravenoase \u00een doze mari. De cele mai multe ori, complet sau foarte aproape de \u00eembun\u0103t\u0103\u021birea complet\u0103 este observat\u0103 de tratamentul cu steroizi<\/p>\n<p>\n<\/div><div class=\"btClear btSeparator topSmallSpaced noBorder\" ><hr><\/div><header class=\"header btClear medium btDash bottomDash  btAccentDash\" ><div class=\"dash\"><h3><span class=\"headline\">Exist\u0103 alt tratament dec\u00e2t steroidul (cortizon)?<\/span><\/h3><\/div><\/header><div class=\"btClear btSeparator topExtraSmallSpaced noBorder\" ><hr><\/div><div class=\"btText\" ><\/p>\n<p>\u00cen cazul \u00een care constat\u0103rile de atacuri nu pot prezenta o ameliorare suficient\u0103 \u00een pofida tratamentului cu steroizi, plasmafereza (filtrarea plasmatic\u0103 \u015fi eliminarea anumitor anticorpi din s\u00e2nge din circula\u0163ie) este o form\u0103 alternativ\u0103 de tratament. Spitalizarea pacientului este necesar\u0103 pentru tratamentul plasmaferezei, s\u00e2ngele pacientului este trecut printr-un dispozitiv cum ar fi dializa prin plasarea unui cateter din vasul bra\u021bului sau vena cav\u0103. \u00centre timp, recuperarea este furnizat\u0103 prin eliminarea anticorpilor care cauzeaz\u0103 boli din organism.<\/p>\n<p>\n<\/div><div class=\"btClear btSeparator topSmallSpaced noBorder\" ><hr><\/div><header class=\"header btClear medium btDash bottomDash  btAccentDash\" ><div class=\"dash\"><h3><span class=\"headline\">Cum este implementat\u0103 o terapie preventiv\u0103 pe termen lung \u00een scleroza multipl\u0103?<\/span><\/h3><\/div><\/header><div class=\"btClear btSeparator topExtraSmallSpaced noBorder\" ><hr><\/div><div class=\"btText\" ><\/p>\n<p>\u00cen tratamentul sclerozei multiple, unul dintre punctul cel mai de succes \u00een care suntem ast\u0103zi este tratamentul preventiv. Aici scopul este de a preveni dezvoltarea bolii f\u0103r\u0103 acumularea sau solu\u021bionarea dizabilit\u0103\u021bii neurologice. Interferonul beta (Rebif, Betaferon, Rebif) \u015fi acetatul de glatiramer (Copaxon\u0103) se afl\u0103 \u00een cadrul tratamentelor standard utilizate \u00een acest scop. Administrarea intramuscular\u0103 de Avenox este o dat\u0103 pe s\u0103pt\u0103m\u00e2n\u0103, administrarea subcutanat\u0103 de Betaferon este o dat\u0103 la dou\u0103 zile, iar administrarea subcutanat\u0103 de Rebif este de 3 zile pe s\u0103pt\u0103m\u00e2n\u0103. Copaxona se administreaz\u0103 zilnic prin injec\u0163ie subcutanat\u0103. Datele de siguran\u021b\u0103 pe termen lung ale acestor patru medicamente sunt aproape de a fi perfecte, \u00een ciuda pu\u021bin sup\u0103rare c\u0103 acestea necesit\u0103 injec\u021bii frecvente. La 30 p\u00e2n\u0103 la 40% dintre pacien\u021bi, atacurile sunt complet prevenite \u0219i frecven\u021ba \u0219i severitatea atacurilor pot fi reduse cu \u00eenc\u0103 30% \u00een grup. Dar poate exista un grup de pacien\u021bi la care pot fi ineficien\u021bi. \u00cen acest caz, apare tratamentul al doilea stadiu.<\/p>\n<p>\n<\/div><div class=\"btClear btSeparator topSmallSpaced noBorder\" ><hr><\/div><header class=\"header btClear medium btDash bottomDash  btAccentDash\" ><div class=\"dash\"><h3><span class=\"headline\">Care sunt agen\u021bii a doua etap\u0103 \u00een tratamentul SM?<\/span><\/h3><\/div><\/header><div class=\"btClear btSeparator topExtraSmallSpaced noBorder\" ><hr><\/div><div class=\"btText\" ><\/p>\n<p>Ast\u0103zi, natalizumab (Tysabri), fingolimod (Gilenya), perfuzie intravenoas\u0103 cu imunoglobulin\u0103, diverse chimioterapie (Endoxan \u0219i Mitoxantrone) se afl\u0103 \u00een cadrul tratamentelor din a doua etap\u0103 \u00een \u021bara noastr\u0103. \u00cen unele cazuri, se pot utiliza \u0219i imunoglobuline intravenoase. \u00cen afar\u0103 de acestea, se preconizeaz\u0103 c\u0103 mai multe molecule noi ale c\u0103ror studii de faz\u0103 II \u015fi de faz\u0103 III sunt \u00een curs de desf\u0103\u015furare \u015fi recent finalizate vor fi lansate \u00een viitorul foarte apropiat. Toate medicamentele aprobate de Administra\u021bia American\u0103 a Drug (FDA) sau Agen\u021bia European\u0103 pentru Medicamente (EMA) pot fi, de asemenea, utilizate \u00een \u021bara noastr\u0103 cu un permis special de c\u0103tre Ministerul S\u0103n\u0103t\u0103\u021bii.<\/p>\n<p>\n<\/div><div class=\"btClear btSeparator topSmallSpaced noBorder\" ><hr><\/div><header class=\"header btClear medium btDash bottomDash  btAccentDash\" ><div class=\"dash\"><h3><span class=\"headline\">Ce sunt tratamentele simptomatice?<\/span><\/h3><\/div><\/header><div class=\"btClear btSeparator topExtraSmallSpaced noBorder\" ><hr><\/div><div class=\"btText\" ><\/p>\n<p>\u00cen scleroza multipl\u0103, sunt disponibile \u0219i multe op\u021biuni de tratament simptomatic. Relaxante musculare, medicamente pentru durere neuropatic\u0103, probleme ale vezicii urinare \u0219i abord\u0103ri non-medicamentoase legate, medicamente pentru depresie pot fi num\u0103rate \u00een cadrul acestor medicamente. \u00een tratamentul simptomelor SM, cum ar fi spasticitatea (contrac\u021bii musculare extreme), \u0219i unele probleme ale vezicii urinare toxina botulinic\u0103 (Botox) injec\u021bii pot fi de ajutor.<\/p>\n<p>Fizioterapia este una dintre alternativa de tratament indispensabil\u0103 \u00een tratamentul sclerozei multiple. Pe l\u00e2ng\u0103 terapia medicamentoas\u0103, beneficiile fizioterapiei sunt incontestabile \u00een situa\u021biile necesare. \u00cen unele cazuri, fizioterapia poate chiar dep\u0103\u0219it tratamentul medicamentos al SM \u00een ceea ce prive\u0219te importan\u021ba \u0219i beneficiile. Cel mai important lucru aici este determinarea exerci\u021biilor speciale care trebuie efectuate de pacient \u0219i continuarea acestor exerci\u021bii \u00een mod regulat f\u0103r\u0103 \u00eent\u00e2rziere.<\/p>\n<p>\n<\/div><div class=\"btClear btSeparator topSmallSpaced noBorder\" ><hr><\/div><header class=\"header btClear medium btDash bottomDash  btAccentDash\" ><div class=\"dash\"><h3><span class=\"headline\">Ce pot fi alte op\u021biuni de tratament \u00een scleroza multipl\u0103 \u00een viitorul apropiat?<\/span><\/h3><\/div><\/header><div class=\"btClear btSeparator topExtraSmallSpaced noBorder\" ><hr><\/div><div class=\"btText\" ><\/p>\n<p>Pe l\u00e2ng\u0103 multe molecule de medicamente ale c\u0103ror studii de faz\u0103 II \u0219i de faz\u0103 II au fost \u00een desf\u0103\u0219urare, a\u0219a cum s-a men\u021bionat mai sus, tratamentele cu celule stem sunt, de asemenea, examinate intens. Cercet\u0103rile celulelor stem cu aplica\u021bii \u00een mai multe forme diferite sunt considerate a promite speran\u021b\u0103 \u00een recuperarea dizabilit\u0103\u021bii permanente stabilite \u0219i recuperarea func\u021biei neurologice la pacien\u021bii cu SM.<\/p>\n<p>\n<\/div><div class=\"btClear btSeparator topSmallSpaced noBorder\" ><hr><\/div><header class=\"header btClear medium btDash bottomDash  btAccentDash\" ><div class=\"dash\"><h3><span class=\"headline\">Ce sunt alte boli neuro-inflamatorii?<\/span><\/h3><\/div><\/header><div class=\"btClear btSeparator topExtraSmallSpaced noBorder\" ><hr><\/div><div class=\"btText\" ><\/p>\n<p>Bolile care sunt tratate la spitalul nostru, altele dec\u00e2t scleroza multipl\u0103, includ boli rare, cum ar fi boala Neuro-Behcet, neuro-sarcoidoza, neuromielita optica (NMO, boala Devic), lupus eritematos sistemic (LES), artrita reumatoid\u0103 (RA), implicarea neurologic\u0103 a reumatismului inflamator boli cum ar fi sindromul Sjogren, encefalomielita acut\u0103 diseminat\u0103 (ADEM), bolile neurologice paraneoplazice \u0219i encefalita limbian\u0103.<\/p>\n<p>\n<\/div><div class=\"btClear btSeparator topSemiSpaced noBorder\" ><hr><\/div><div class=\"boldRow boldInnerRow  \" ><div class=\"rowItem rowInnerItem col-md-4  btTextCenter inherit btNoPadding\" style=\"border: 1px solid #999;background-color: rgba(241, 241, 241, 1);\" ><div class=\"rowItemContent\"><div class=\"bpgPhoto btTextCenter\" ><div class=\"btImage\"><img decoding=\"async\" src=\"https:\/\/groupflorence.com\/ro\/wp-content\/uploads\/2020\/10\/Bar_s_-Topc_ular.jpg\" alt=\"\" title=\"\"><\/div><\/div><div class=\"btIconImageRow btIconsHalfHoverPosition\" ><\/div><div class=\"btClear btSeparator topSmallSpaced noBorder\" ><hr><\/div><div class=\"btText\" ><\/p>\n<h4><a href=\"https:\/\/groupflorence.com\/ro\/doctors\/baris-topcular\/\">Prof. Bar\u0131\u015f Top\u00e7ular, MD<\/a><\/h4>\n<p>\n<\/div><div class=\"btClear btSeparator bottomExtraSmallSpaced noBorder\" ><hr><\/div><a href=\"https:\/\/groupflorence.com\/ro\/doctors\/baris-topcular\/\" class=\"btBtn btBtn btnFilledStyle btnLightColor btnSmall btnNormalWidth btnRightPosition btnNoIcon\"  target=\"_blank\"><span class=\"btnInnerText\">VIEW CV<\/span><\/a><div class=\"btClear btSeparator topExtraSmallSpaced bottomSmallSpaced noBorder\" ><hr><\/div><\/div><\/div><div class=\"rowItem rowInnerItem col-md-4  btTextCenter inherit btNoPadding\" style=\"background-color: rgba(241, 241, 241, 1);\" ><div class=\"rowItemContent\"><\/div><\/div><div class=\"rowItem rowInnerItem col-md-4  btTextCenter inherit btNoPadding\" style=\"background-color: rgba(241, 241, 241, 1);\" ><div class=\"rowItemContent\"><\/div><\/div><\/div><div class=\"btClear btSeparator topSemiSpaced noBorder\" ><hr><\/div><header class=\"header btClear medium btDash bottomDash  btAccentDash\" ><div class=\"dash\"><h3><span class=\"headline\"><em>Contact Us Now<\/em><\/span><\/h3><\/div><\/header><div class=\"btClear btSeparator bottomSmallSpaced noBorder\" ><hr><\/div><div class=\"btText\" >\n<div class=\"wpcf7 no-js\" id=\"wpcf7-f2891-o1\" lang=\"tr-TR\" dir=\"ltr\" data-wpcf7-id=\"2891\">\n<div class=\"screen-reader-response\"><p role=\"status\" aria-live=\"polite\" aria-atomic=\"true\"><\/p> <ul><\/ul><\/div>\n<form action=\"\/ro\/wp-json\/wp\/v2\/pages\/3517#wpcf7-f2891-o1\" method=\"post\" class=\"wpcf7-form init wpcf7-acceptance-as-validation\" aria-label=\"\u0130leti\u015fim Formu\" novalidate=\"novalidate\" data-status=\"init\">\n<fieldset class=\"hidden-fields-container\"><input type=\"hidden\" name=\"_wpcf7\" value=\"2891\" \/><input type=\"hidden\" name=\"_wpcf7_version\" value=\"6.1.5\" \/><input type=\"hidden\" name=\"_wpcf7_locale\" value=\"tr_TR\" \/><input type=\"hidden\" name=\"_wpcf7_unit_tag\" value=\"wpcf7-f2891-o1\" \/><input type=\"hidden\" name=\"_wpcf7_container_post\" value=\"0\" \/><input type=\"hidden\" name=\"_wpcf7_posted_data_hash\" value=\"\" \/>\n<\/fieldset>\n<p style=\"margin-bottom:30px !important;\">\u00cen timp ce completa\u021bi formularul de contact de mai jos, pute\u021bi, de asemenea, s\u0103 ne trimite\u021bi fi\u0219ierele medicale ale pacientului\/dumneavoastr\u0103 prin <strong>transfer<\/strong>. A doua opinie medical\u0103 v\u0103 va fi prezentat\u0103 \u00een termen de 48 de ore.\n<\/p>\n<div class=\"boldRow boldInnerRow  \">\n\t<div class=\"rowItem rowInnerItem col-md-6  btTextLeft\">\n\t\t<div class=\"rowItemContent\">\n\t\t\t<p><label><span class=\"bt_bb_required\">Numele t\u0103u<\/span><br \/>\n<span class=\"wpcf7-form-control-wrap\" data-name=\"your-name\"><input size=\"40\" maxlength=\"400\" class=\"wpcf7-form-control wpcf7-text wpcf7-validates-as-required\" aria-required=\"true\" aria-invalid=\"false\" value=\"\" type=\"text\" name=\"your-name\" \/><\/span> <\/label>\n\t\t\t<\/p>\n\t\t\t<p><label><span class=\"bt_bb_required\">E-mailul dvs.<\/span><br \/>\n<span class=\"wpcf7-form-control-wrap\" data-name=\"your-email\"><input size=\"40\" maxlength=\"400\" class=\"wpcf7-form-control wpcf7-email wpcf7-validates-as-required wpcf7-text wpcf7-validates-as-email\" aria-required=\"true\" aria-invalid=\"false\" value=\"\" type=\"email\" name=\"your-email\" \/><\/span> <\/label>\n\t\t\t<\/p>\n\t\t\t<p><label><span class=\"bt_bb_required\">Telefonul dvs.<\/span><br \/>\n<span class=\"wpcf7-form-control-wrap\" data-name=\"your-phone\"><input size=\"40\" class=\"wpcf7-form-control wpcf7-phonetext wpcf7-text wpcf7-validates-as-phonetext\" id=\"int_phone\" aria-invalid=\"false\" value=\"\" type=\"text\" name=\"your-phone\" \/><input type=\"hidden\" name=\"your-phone-country-code\" class=\"wpcf7-phonetext-country-code\" \/><\/span> <\/label>\n\t\t\t<\/p>\n\t\t\t<p><label><span class=\"bt_bb_required\">Mesajul dvs.<\/span><br \/>\n<span class=\"wpcf7-form-control-wrap\" data-name=\"your-message\"><textarea cols=\"40\" rows=\"10\" maxlength=\"2000\" class=\"wpcf7-form-control wpcf7-textarea wpcf7-validates-as-required\" aria-required=\"true\" aria-invalid=\"false\" name=\"your-message\"><\/textarea><\/span> <\/label>\n\t\t\t<\/p>\n\t\t\t<p><label><span class=\"bt_bb_required\" style=\"margin-top:25px !important;\"><span class=\"wpcf7-form-control-wrap\" data-name=\"accept-this-1\"><span class=\"wpcf7-form-control wpcf7-acceptance\"><span class=\"wpcf7-list-item\"><label><input type=\"checkbox\" name=\"accept-this-1\" value=\"1\" aria-invalid=\"false\" \/><span class=\"wpcf7-list-item-label\">Sunt de acord cu <a target=\"_blank\" href=\"https:\/\/groupflorence.com\/ro\/terms-of-use\/\">Termenii \u0219i Serviciile<\/a>.<\/span><\/label><\/span><\/span><\/span><\/span><\/label>\n\t\t\t<\/p>\n\t\t\t<p><input class=\"wpcf7-form-control wpcf7-submit has-spinner contact_button_int\" type=\"submit\" value=\"TRIMITE MESAJ\" \/>\n\t\t\t<\/p>\n\t\t<\/div>\n\t<\/div>\n\t<div class=\"rowItem rowInnerItem col-md-6  btTextLeft\">\n\t\t<div class=\"rowItemContent\">\n\t\t\t<p align=\"center\" style=\"margin-top:30px;\"><br \/>\n<a href=\"http:\/\/florencenightingale.wetransfer.com\/\" target=\"_blank\" title=\"Click Here To Transfer Your Documents via WeTransfer\"><img decoding=\"async\"  align=\"center\" style=\"max-width:250px !important;\" class=\"lazy loaded\" src=\"https:\/\/groupflorence.com\/ro\/wp-content\/uploads\/2020\/08\/89130-wetransfer-default-logo-rgb-original-1365619064-e1599162229581.png\" data-src=\"https:\/\/groupflorence.com\/ro\/wp-content\/uploads\/2020\/08\/89130-wetransfer-default-logo-rgb-original-1365619064-e1599162229581.png\" alt=\"Click Here To Transfer Your Documents via WeTransfer\" title=\"Click Here To Transfer Your Documents via WeTransfer\" data-was-processed=\"true\" \/><\/a>\n\t\t\t<\/p>\n\t\t\t<h3 align=\"center\"><a href=\"http:\/\/florencenightingale.wetransfer.com\/\" target=\"_blank\" title=\"Click Here To Transfer Your Documents via WeTransfer\">Trimite prin WeTransfer<\/a>\n\t\t\t<\/h3>\n\t\t\t<p align=\"center\">Pute\u021bi trimite documentele dvs. medicale supradimensionate (\u00eenregistr\u0103ri RMN, rezultate de laborator, imagini etc.) folosind contul nostru WeTransfer. Este u\u0219or, rapid \u0219i sigur.\n\t\t\t<\/p>\n\t\t<\/div>\n\t\t<center>\n\t\t\t<p><a href=\"http:\/\/florencenightingale.wetransfer.com\/\" class=\"btBtn btBtn btnFilledStyle btnAccentColor btnSmall btnNormalWidth btnRightPosition btnNoIcon\" target=\"_blank\"><span class=\"btnInnerText\">Trimite acum<\/span><\/a>\n\t\t\t<\/p>\n\t\t<\/center>\n\t<\/div>\n<\/div><div class=\"wpcf7-response-output\" aria-hidden=\"true\"><\/div>\n<\/form>\n<\/div>\n<\/div><div class=\"btClear btSeparator topSpaced noBorder\" ><hr><\/div><\/div><\/div><\/div><\/div><\/div><\/div><\/div><\/section>\n","protected":false},"excerpt":{"rendered":"","protected":false},"author":1,"featured_media":0,"parent":2436,"menu_order":2,"comment_status":"closed","ping_status":"closed","template":"","meta":{"footnotes":""},"class_list":["post-3517","page","type-page","status-publish","hentry"],"_links":{"self":[{"href":"https:\/\/groupflorence.com\/ro\/wp-json\/wp\/v2\/pages\/3517","targetHints":{"allow":["GET"]}}],"collection":[{"href":"https:\/\/groupflorence.com\/ro\/wp-json\/wp\/v2\/pages"}],"about":[{"href":"https:\/\/groupflorence.com\/ro\/wp-json\/wp\/v2\/types\/page"}],"author":[{"embeddable":true,"href":"https:\/\/groupflorence.com\/ro\/wp-json\/wp\/v2\/users\/1"}],"replies":[{"embeddable":true,"href":"https:\/\/groupflorence.com\/ro\/wp-json\/wp\/v2\/comments?post=3517"}],"version-history":[{"count":3,"href":"https:\/\/groupflorence.com\/ro\/wp-json\/wp\/v2\/pages\/3517\/revisions"}],"predecessor-version":[{"id":6089,"href":"https:\/\/groupflorence.com\/ro\/wp-json\/wp\/v2\/pages\/3517\/revisions\/6089"}],"up":[{"embeddable":true,"href":"https:\/\/groupflorence.com\/ro\/wp-json\/wp\/v2\/pages\/2436"}],"wp:attachment":[{"href":"https:\/\/groupflorence.com\/ro\/wp-json\/wp\/v2\/media?parent=3517"}],"curies":[{"name":"wp","href":"https:\/\/api.w.org\/{rel}","templated":true}]}}