{"id":3498,"date":"2020-10-01T16:34:58","date_gmt":"2020-10-01T13:34:58","guid":{"rendered":"https:\/\/groupflorence.com\/ro\/?page_id=3498"},"modified":"2020-12-16T17:39:37","modified_gmt":"2020-12-16T14:39:37","slug":"why-florence-nightingale-oncology-center","status":"publish","type":"page","link":"https:\/\/groupflorence.com\/ro\/centers-treatments\/oncology-center\/why-florence-nightingale-oncology-center\/","title":{"rendered":"De ce Centrul Oncologic Florence Nightingale?"},"content":{"rendered":"<section id=\"bt_section69eb70f836686\"  class=\"boldSection gutter\" ><div class=\"port\"><div class=\"boldCell\"><div class=\"boldCellInner\"><div class=\"boldRow  \" ><div class=\"boldRowInner\"><div class=\"rowItem col-md-4 col-ms-12 btTextLeft\"  ><div class=\"rowItemContent\" ><div class=\"btClear btSeparator topSpaced noBorder\" ><hr><\/div><div class=\"btCustomMenu treatment-sidebar\" ><div class=\"menu-oncology-center-container\"><ul id=\"menu-oncology-center\" class=\"menu\"><li id=\"menu-item-3501\" class=\"menu-item menu-item-type-post_type menu-item-object-page menu-item-has-children menu-item-3501\"><a href=\"https:\/\/groupflorence.com\/ro\/centers-treatments\/\">Centre &#038; Departamente<\/a><ul class=\"sub-menu\"><li id=\"menu-item-3497\" class=\"menu-item menu-item-type-post_type menu-item-object-page menu-item-has-children menu-item-3497\"><a href=\"https:\/\/groupflorence.com\/ro\/centers-treatments\/oncology-center\/\">Centrul de Oncologie Cuprinz\u0103toare<\/a><ul class=\"sub-menu\"><li id=\"menu-item-4380\" class=\"menu-item menu-item-type-post_type menu-item-object-page menu-item-4380\"><a href=\"https:\/\/groupflorence.com\/ro\/centers-treatments\/oncology-center\/nuclear-oncology-nuclear-medicine\/\">Oncologie Nuclear\u0103 (Medicin\u0103 Nuclear\u0103)<\/a><\/li><li id=\"menu-item-4832\" class=\"menu-item menu-item-type-post_type menu-item-object-page menu-item-4832\"><a href=\"https:\/\/groupflorence.com\/ro\/centers-treatments\/oncology-center\/molecular-oncology-and-genetics\/\">Oncologie Molecular\u0103 \u015fi Genetic\u0103<\/a><\/li><li id=\"menu-item-4376\" class=\"menu-item menu-item-type-post_type menu-item-object-page menu-item-4376\"><a href=\"https:\/\/groupflorence.com\/ro\/centers-treatments\/oncology-center\/medical-oncology-and-immunotherapy\/\">Oncologie Medicala si Imunoterapie<\/a><\/li><li id=\"menu-item-4952\" class=\"menu-item menu-item-type-post_type menu-item-object-page menu-item-4952\"><a href=\"https:\/\/groupflorence.com\/ro\/centers-treatments\/oncology-center\/radiation-oncology\/\">Radia\u021bii Oncologie<\/a><\/li><li id=\"menu-item-4373\" class=\"menu-item menu-item-type-post_type menu-item-object-page menu-item-4373\"><a href=\"https:\/\/groupflorence.com\/ro\/centers-treatments\/oncology-center\/interventional-radiology-in-oncology\/\">Radiologie Interven\u021bional\u0103 \u00een Oncologie<\/a><\/li><li id=\"menu-item-3513\" class=\"menu-item menu-item-type-post_type menu-item-object-page menu-item-3513\"><a href=\"https:\/\/groupflorence.com\/ro\/centers-treatments\/oncology-center\/why-florence-nightingale-oncology-center\/\">De ce Centrul Oncologic Florence Nightingale?<\/a><\/li><li id=\"menu-item-3506\" class=\"menu-item menu-item-type-post_type menu-item-object-page menu-item-3506\"><a href=\"https:\/\/groupflorence.com\/ro\/centers-treatments\/oncology-center\/multidisciplinary-tumor-board\/\">Consiliul de Tumoare Multidisciplinar\u0103<\/a><\/li><\/ul><\/li><\/ul><\/li>\n<\/ul><\/div><\/div><div class=\"btClear btSeparator topSemiSpaced noBorder\" ><hr><\/div><div class=\"boldRow boldInnerRow  bt_bb_hidden_xs bt_bb_hidden_ms bt_bb_hidden_sm\" ><div class=\"rowItem rowInnerItem col-md-12  btTextCenter btMiddleVertical\"  ><div class=\"rowItemContent\"><div class=\"bpgPhoto btTextCenter\" > \r\n\t\t\t\t\t<a href=\"https:\/\/groupflorence.com\/ro\/patient-guide\/covid-19-precautions\/\" target=\"_blank\" title=\"\"><\/a>\r\n\t\t\t\t\t<div class=\"boldPhotoBox\"><div class=\"bpbItem\"><div class = \"btImage\"><img decoding=\"async\" src=\"https:\/\/groupflorence.com\/ro\/wp-content\/uploads\/2020\/12\/covid-safe-sidebar-320x186.jpg\" alt=\"\" title=\"\" ><\/div><\/div><\/div>\r\n\t\t\t\t\t<div class=\"captionPane\">\r\n\t\t\t\t\t\t<div class=\"captionTable\">\r\n\t\t\t\t\t\t\t<div class=\"captionCell\">\r\n\t\t\t\t\t\t\t\t<div class=\"captionTxt\"><\/div>\r\n\t\t\t\t\t\t\t<\/div>\r\n\t\t\t\t\t\t<\/div>\r\n\t\t\t\t\t<\/div><\/div><div class=\"btClear btSeparator topSmallSpaced bottomSmallSpaced border\" ><hr><\/div><a href=\"https:\/\/groupflorence.com\/ro\/contact-us\/\" class=\"btBtn btBtn btnFilledStyle btnAccentColor btnBig btnNormalWidth btnLeftPosition btnNoIcon\" ><span class=\"btnInnerText\">Ask A Question<\/span><\/a><\/div><\/div><\/div><\/div><\/div><div class=\"rowItem col-md-8 col-ms-12 btTextLeft\"  ><div class=\"rowItemContent\" ><div class=\"btClear btSeparator topSemiSpaced noBorder\" ><hr><\/div><header class=\"header btClear medium btDash bottomDash  btNormalDash\" ><div class=\"dash\"><h3><span class=\"headline\"><b class=\"animate\">De ce Centrul Oncologic Florence Nightingale?<br \/><br><\/b><\/span><\/h3><\/div><\/header><div class=\"btClear btSeparator topSemiSpaced noBorder\" ><hr><\/div><div class=\"btText\" ><\/p>\n<h3>Membrii Consiliului tumorilor explic\u0103 de ce:<\/h3>\n<p><strong>ASSOC. PROF. DR \u00c7ETI\u0130N ORDU:<\/strong><br \/>\n\u201eMai \u00eent\u00e2i decidem tratamentul pe care \u00eel consider\u0103m adecvat pentru pacient ca echip\u0103. Apoi, vom informa \u00een detaliu rudele pacientului \u0219i pacientului&#8230; Explic\u0103m etapele tratamentului, beneficiile pe care le va oferi \u0219i efectele secundare, dac\u0103 exist\u0103&#8230;<br \/>\nIni\u021biem procesul de tratament dup\u0103 ce decizia de tratament a Consiliului nostru este confirmat\u0103 de c\u0103tre pacient.\u201d<\/p>\n<p>Tratamente eficiente pentru cancer sunt aplicate \u00een Florence Nightingale Cancer Center, unde evolu\u021biile actuale sunt urm\u0103rite \u00eendeaproape. Pacien\u021bilor li se ofer\u0103 multe servicii, cum ar fi consilierea psihologic\u0103, tratamentul durerii \u0219i planificarea dietei.<\/p>\n<p><strong>Prof. Dr. Co\u015fkun TEC\u0130MER:<\/strong><br \/>\n\u201eOrganiz\u0103m planul de chimioterapie \u00een func\u021bie de caracteristicile pacientului \u0219i tumorii. Tratamentul se efectueaz\u0103 sub supravegherea oncologilor no\u0219tri medicali \u0219i a asistentelor medicale cu experien\u021b\u0103 care au certificat de administrare a chimioterapiei.\u201d<\/p>\n<p><strong>Prof. Dr. SEZER SALAM:<\/strong><br \/>\n\u201e\u00cen departamentul nostru de Oncologie Medical\u0103, oferim tratamente pentru tratamente cu anticorpi \u0219i tratamente personalizate adecvate testelor genetice.\u201d<\/p>\n<p>Grupul Florence Nightingale Hospital utilizeaz\u0103 dispozitive cu tehnologie avansat\u0103 atunci c\u00e2nd atinge rate ridicate de succes \u00een tratamentul cancerului.<\/p>\n<p><strong>Prof. Dr. \u015eefi\u0130DEM:<\/strong><br \/>\n\u201eTruebeam STX, este \u015fi tehnologie avansat\u0103 \u00een Radioterapie&#8230; Ajungem la tumorile din regiunile greu accesibile cu acest sistem \u0219i oferim un tratament eficient.\u201d<\/p>\n<p><strong>ASSOC. PROF. Dr. G\u00dcL AL\u00c7O:<\/strong><br \/>\n\u201eFolosind Gamma Knife, un progres \u00een tratamentul tumorilor cerebrale, trat\u0103m \u021besutul tumoral f\u0103r\u0103 a deschide craniul. Aceast\u0103 tehnologie are o caracteristic\u0103 extrem de avansat\u0103 \u201eprotec\u021bie \u00eempotriva radia\u021biilor\u201d. Adic\u0103, cantitatea de radia\u021bii primit\u0103 de zonele din afara p\u0103r\u021bii tratate a corpului este de 100 de ori mai mic\u0103 dec\u00e2t alte dispozitive de radioterapie.\u201d<\/p>\n<p>Florence Nightingale Cancer Center ofer\u0103 op\u021biunea de biopsie \u00eempreun\u0103 cu radiologie, CT, RMN, Ultrasonografie, Radiologie Interven\u021bional\u0103, Medicin\u0103 Nuclear\u0103, PET \u0219i imagistic\u0103.<\/p>\n<p><strong>SPEC. SAVA\u015e \u00c7\u00d6MLEK:<\/strong><br \/>\n\u201eDurerea generat\u0103 de cancer este unul dintre lucrurile de care pacien\u021bii se pl\u00e2ng cel mai frecvent \u00een timpul procesului de tratament. Mai mult de 80% din durerea cancerului poate fi controlat\u0103. \u00cen tratamentele de durere pe care le oferim la Florence Nightingale; efectu\u0103m studii de succes privind extinderea perioadei de somn nedureros a pacientului \u0219i minimizarea durerii \u00een timpul odihnei \u0219i mi\u0219c\u0103rii. \u00cen centrul nostru, este prioritatea noastr\u0103 s\u0103 cre\u0219tem calitatea vie\u021bii pacientului.\u201d<\/p>\n<p>Florence Nightingale, care are succes interna\u021bional \u00een tratamentul cancerului, continu\u0103 s\u0103 reabiliteze mii de pacien\u021bi din diferite p\u0103r\u021bi ale lumii \u00een fiecare an.<\/p>\n<p>\n<\/div><div class=\"btClear btSeparator topSemiSpaced noBorder\" ><hr><\/div><header class=\"header btClear medium btDash bottomDash  btAccentDash\" ><div class=\"dash\"><h3><span class=\"headline\"><em>Contact Us Now<\/em><\/span><\/h3><\/div><\/header><div class=\"btClear btSeparator bottomSmallSpaced noBorder\" ><hr><\/div><div class=\"btText\" >\n<div class=\"wpcf7 no-js\" id=\"wpcf7-f2891-o1\" lang=\"tr-TR\" dir=\"ltr\" data-wpcf7-id=\"2891\">\n<div class=\"screen-reader-response\"><p role=\"status\" aria-live=\"polite\" aria-atomic=\"true\"><\/p> <ul><\/ul><\/div>\n<form action=\"\/ro\/wp-json\/wp\/v2\/pages\/3498#wpcf7-f2891-o1\" method=\"post\" class=\"wpcf7-form init wpcf7-acceptance-as-validation\" aria-label=\"\u0130leti\u015fim Formu\" novalidate=\"novalidate\" data-status=\"init\">\n<fieldset class=\"hidden-fields-container\"><input type=\"hidden\" name=\"_wpcf7\" value=\"2891\" \/><input type=\"hidden\" name=\"_wpcf7_version\" value=\"6.1.5\" \/><input type=\"hidden\" name=\"_wpcf7_locale\" value=\"tr_TR\" \/><input type=\"hidden\" name=\"_wpcf7_unit_tag\" value=\"wpcf7-f2891-o1\" \/><input type=\"hidden\" name=\"_wpcf7_container_post\" value=\"0\" \/><input type=\"hidden\" name=\"_wpcf7_posted_data_hash\" value=\"\" \/>\n<\/fieldset>\n<p style=\"margin-bottom:30px !important;\">\u00cen timp ce completa\u021bi formularul de contact de mai jos, pute\u021bi, de asemenea, s\u0103 ne trimite\u021bi fi\u0219ierele medicale ale pacientului\/dumneavoastr\u0103 prin <strong>transfer<\/strong>. A doua opinie medical\u0103 v\u0103 va fi prezentat\u0103 \u00een termen de 48 de ore.\n<\/p>\n<div class=\"boldRow boldInnerRow  \">\n\t<div class=\"rowItem rowInnerItem col-md-6  btTextLeft\">\n\t\t<div class=\"rowItemContent\">\n\t\t\t<p><label><span class=\"bt_bb_required\">Numele t\u0103u<\/span><br \/>\n<span class=\"wpcf7-form-control-wrap\" data-name=\"your-name\"><input size=\"40\" maxlength=\"400\" class=\"wpcf7-form-control wpcf7-text wpcf7-validates-as-required\" aria-required=\"true\" aria-invalid=\"false\" value=\"\" type=\"text\" name=\"your-name\" \/><\/span> <\/label>\n\t\t\t<\/p>\n\t\t\t<p><label><span class=\"bt_bb_required\">E-mailul dvs.<\/span><br \/>\n<span class=\"wpcf7-form-control-wrap\" data-name=\"your-email\"><input size=\"40\" maxlength=\"400\" class=\"wpcf7-form-control wpcf7-email wpcf7-validates-as-required wpcf7-text wpcf7-validates-as-email\" aria-required=\"true\" aria-invalid=\"false\" value=\"\" type=\"email\" name=\"your-email\" \/><\/span> <\/label>\n\t\t\t<\/p>\n\t\t\t<p><label><span class=\"bt_bb_required\">Telefonul dvs.<\/span><br \/>\n<span class=\"wpcf7-form-control-wrap\" data-name=\"your-phone\"><input size=\"40\" class=\"wpcf7-form-control wpcf7-phonetext wpcf7-text wpcf7-validates-as-phonetext\" id=\"int_phone\" aria-invalid=\"false\" value=\"\" type=\"text\" name=\"your-phone\" \/><input type=\"hidden\" name=\"your-phone-country-code\" class=\"wpcf7-phonetext-country-code\" \/><\/span> <\/label>\n\t\t\t<\/p>\n\t\t\t<p><label><span class=\"bt_bb_required\">Mesajul dvs.<\/span><br \/>\n<span class=\"wpcf7-form-control-wrap\" data-name=\"your-message\"><textarea cols=\"40\" rows=\"10\" maxlength=\"2000\" class=\"wpcf7-form-control wpcf7-textarea wpcf7-validates-as-required\" aria-required=\"true\" aria-invalid=\"false\" name=\"your-message\"><\/textarea><\/span> <\/label>\n\t\t\t<\/p>\n\t\t\t<p><label><span class=\"bt_bb_required\" style=\"margin-top:25px !important;\"><span class=\"wpcf7-form-control-wrap\" data-name=\"accept-this-1\"><span class=\"wpcf7-form-control wpcf7-acceptance\"><span class=\"wpcf7-list-item\"><label><input type=\"checkbox\" name=\"accept-this-1\" value=\"1\" aria-invalid=\"false\" \/><span class=\"wpcf7-list-item-label\">Sunt de acord cu <a target=\"_blank\" href=\"https:\/\/groupflorence.com\/ro\/terms-of-use\/\">Termenii \u0219i Serviciile<\/a>.<\/span><\/label><\/span><\/span><\/span><\/span><\/label>\n\t\t\t<\/p>\n\t\t\t<p><input class=\"wpcf7-form-control wpcf7-submit has-spinner contact_button_int\" type=\"submit\" value=\"TRIMITE MESAJ\" \/>\n\t\t\t<\/p>\n\t\t<\/div>\n\t<\/div>\n\t<div class=\"rowItem rowInnerItem col-md-6  btTextLeft\">\n\t\t<div class=\"rowItemContent\">\n\t\t\t<p align=\"center\" style=\"margin-top:30px;\"><br \/>\n<a href=\"http:\/\/florencenightingale.wetransfer.com\/\" target=\"_blank\" title=\"Click Here To Transfer Your Documents via WeTransfer\"><img decoding=\"async\"  align=\"center\" style=\"max-width:250px !important;\" class=\"lazy loaded\" src=\"https:\/\/groupflorence.com\/ro\/wp-content\/uploads\/2020\/08\/89130-wetransfer-default-logo-rgb-original-1365619064-e1599162229581.png\" data-src=\"https:\/\/groupflorence.com\/ro\/wp-content\/uploads\/2020\/08\/89130-wetransfer-default-logo-rgb-original-1365619064-e1599162229581.png\" alt=\"Click Here To Transfer Your Documents via WeTransfer\" title=\"Click Here To Transfer Your Documents via WeTransfer\" data-was-processed=\"true\" \/><\/a>\n\t\t\t<\/p>\n\t\t\t<h3 align=\"center\"><a href=\"http:\/\/florencenightingale.wetransfer.com\/\" target=\"_blank\" title=\"Click Here To Transfer Your Documents via WeTransfer\">Trimite prin WeTransfer<\/a>\n\t\t\t<\/h3>\n\t\t\t<p align=\"center\">Pute\u021bi trimite documentele dvs. medicale supradimensionate (\u00eenregistr\u0103ri RMN, rezultate de laborator, imagini etc.) folosind contul nostru WeTransfer. Este u\u0219or, rapid \u0219i sigur.\n\t\t\t<\/p>\n\t\t<\/div>\n\t\t<center>\n\t\t\t<p><a href=\"http:\/\/florencenightingale.wetransfer.com\/\" class=\"btBtn btBtn btnFilledStyle btnAccentColor btnSmall btnNormalWidth btnRightPosition btnNoIcon\" target=\"_blank\"><span class=\"btnInnerText\">Trimite acum<\/span><\/a>\n\t\t\t<\/p>\n\t\t<\/center>\n\t<\/div>\n<\/div><div class=\"wpcf7-response-output\" aria-hidden=\"true\"><\/div>\n<\/form>\n<\/div>\n<\/div><div class=\"btClear btSeparator topSpaced noBorder\" ><hr><\/div><\/div><\/div><\/div><\/div><\/div><\/div><\/div><\/section>\n","protected":false},"excerpt":{"rendered":"","protected":false},"author":1,"featured_media":0,"parent":2331,"menu_order":2,"comment_status":"closed","ping_status":"closed","template":"","meta":{"footnotes":""},"class_list":["post-3498","page","type-page","status-publish","hentry"],"_links":{"self":[{"href":"https:\/\/groupflorence.com\/ro\/wp-json\/wp\/v2\/pages\/3498","targetHints":{"allow":["GET"]}}],"collection":[{"href":"https:\/\/groupflorence.com\/ro\/wp-json\/wp\/v2\/pages"}],"about":[{"href":"https:\/\/groupflorence.com\/ro\/wp-json\/wp\/v2\/types\/page"}],"author":[{"embeddable":true,"href":"https:\/\/groupflorence.com\/ro\/wp-json\/wp\/v2\/users\/1"}],"replies":[{"embeddable":true,"href":"https:\/\/groupflorence.com\/ro\/wp-json\/wp\/v2\/comments?post=3498"}],"version-history":[{"count":4,"href":"https:\/\/groupflorence.com\/ro\/wp-json\/wp\/v2\/pages\/3498\/revisions"}],"predecessor-version":[{"id":6046,"href":"https:\/\/groupflorence.com\/ro\/wp-json\/wp\/v2\/pages\/3498\/revisions\/6046"}],"up":[{"embeddable":true,"href":"https:\/\/groupflorence.com\/ro\/wp-json\/wp\/v2\/pages\/2331"}],"wp:attachment":[{"href":"https:\/\/groupflorence.com\/ro\/wp-json\/wp\/v2\/media?parent=3498"}],"curies":[{"name":"wp","href":"https:\/\/api.w.org\/{rel}","templated":true}]}}