{"id":3439,"date":"2020-10-01T15:15:56","date_gmt":"2020-10-01T12:15:56","guid":{"rendered":"https:\/\/groupflorence.com\/ro\/?page_id=3439"},"modified":"2020-12-17T00:22:47","modified_gmt":"2020-12-16T21:22:47","slug":"robotic-thoracic-surgery","status":"publish","type":"page","link":"https:\/\/groupflorence.com\/ro\/centers-treatments\/robotic-surgery-center\/robotic-thoracic-surgery\/","title":{"rendered":"Chirurgie Toracic\u0103 Robotic\u0103"},"content":{"rendered":"<section id=\"bt_section69f4c321c4159\"  class=\"boldSection gutter inherit treatment-container\" ><div class=\"port\"><div class=\"boldCell\"><div class=\"boldCellInner\"><div class=\"boldRow treatment-container \" ><div class=\"boldRowInner\"><div class=\"rowItem col-md-4 col-ms-12 btTextLeft\"  ><div class=\"rowItemContent\" ><div class=\"btClear btSeparator topSpaced noBorder\" ><hr><\/div><div class=\"btCustomMenu treatment-sidebar\" ><div class=\"menu-robotic-surgery-center-container\"><ul id=\"menu-robotic-surgery-center\" class=\"menu\"><li id=\"menu-item-3416\" class=\"menu-item menu-item-type-post_type menu-item-object-page menu-item-has-children menu-item-3416\"><a href=\"https:\/\/groupflorence.com\/ro\/centers-treatments\/\">Centre &#038; Departamente<\/a><ul class=\"sub-menu\"><li id=\"menu-item-3414\" class=\"menu-item menu-item-type-post_type menu-item-object-page menu-item-has-children menu-item-3414\"><a href=\"https:\/\/groupflorence.com\/ro\/centers-treatments\/robotic-surgery-center\/\">Centrul Chirurgie Robo<\/a><ul class=\"sub-menu\"><li id=\"menu-item-3432\" class=\"menu-item menu-item-type-post_type menu-item-object-page menu-item-3432\"><a href=\"https:\/\/groupflorence.com\/ro\/centers-treatments\/robotic-surgery-center\/robotic-cardiac-surgery\/\">Chirurgie Cardiac\u0103 Robotic\u0103<\/a><\/li><li id=\"menu-item-3424\" class=\"menu-item menu-item-type-post_type menu-item-object-page menu-item-3424\"><a href=\"https:\/\/groupflorence.com\/ro\/centers-treatments\/robotic-surgery-center\/robotic-general-surgery\/\">Chirurgie General\u0103 Robo<\/a><\/li><li id=\"menu-item-3438\" class=\"menu-item menu-item-type-post_type menu-item-object-page menu-item-3438\"><a href=\"https:\/\/groupflorence.com\/ro\/centers-treatments\/robotic-surgery-center\/robotic-gynecology\/\">Robotic Ginecologie<\/a><\/li><li id=\"menu-item-3435\" class=\"menu-item menu-item-type-post_type menu-item-object-page menu-item-3435\"><a href=\"https:\/\/groupflorence.com\/ro\/centers-treatments\/robotic-surgery-center\/robotic-obesity-surgery\/\">Chirurgie Robotic\u0103 a Obezit\u0103\u021bii<\/a><\/li><li id=\"menu-item-3413\" class=\"menu-item menu-item-type-post_type menu-item-object-page menu-item-3413\"><a href=\"https:\/\/groupflorence.com\/ro\/centers-treatments\/robotic-surgery-center\/robotic-urology-surgery\/\">Chirurgie Robotic\u0103 de Urologie<\/a><\/li><li id=\"menu-item-3441\" class=\"menu-item menu-item-type-post_type menu-item-object-page menu-item-3441\"><a href=\"https:\/\/groupflorence.com\/ro\/centers-treatments\/robotic-surgery-center\/robotic-thoracic-surgery\/\">Chirurgie Toracic\u0103 Robotic\u0103<\/a><\/li><\/ul><\/li><\/ul><\/li>\n<\/ul><\/div><\/div><div class=\"btClear btSeparator topSemiSpaced noBorder\" ><hr><\/div><div class=\"boldRow boldInnerRow  bt_bb_hidden_xs bt_bb_hidden_ms bt_bb_hidden_sm\" ><div class=\"rowItem rowInnerItem col-md-12  btTextCenter btMiddleVertical\"  ><div class=\"rowItemContent\"><div class=\"bpgPhoto btTextCenter\" > \r\n\t\t\t\t\t<a href=\"https:\/\/groupflorence.com\/ro\/patient-guide\/covid-19-precautions\/\" target=\"_blank\" title=\"\"><\/a>\r\n\t\t\t\t\t<div class=\"boldPhotoBox\"><div class=\"bpbItem\"><div class = \"btImage\"><img decoding=\"async\" src=\"https:\/\/groupflorence.com\/ro\/wp-content\/uploads\/2020\/12\/covid-safe-sidebar-320x186.jpg\" alt=\"\" title=\"\" ><\/div><\/div><\/div>\r\n\t\t\t\t\t<div class=\"captionPane\">\r\n\t\t\t\t\t\t<div class=\"captionTable\">\r\n\t\t\t\t\t\t\t<div class=\"captionCell\">\r\n\t\t\t\t\t\t\t\t<div class=\"captionTxt\"><\/div>\r\n\t\t\t\t\t\t\t<\/div>\r\n\t\t\t\t\t\t<\/div>\r\n\t\t\t\t\t<\/div><\/div><div class=\"btClear btSeparator topSmallSpaced bottomSmallSpaced border\" ><hr><\/div><a href=\"https:\/\/groupflorence.com\/ro\/contact-us\/\" class=\"btBtn btBtn btnFilledStyle btnAccentColor btnBig btnNormalWidth btnLeftPosition btnNoIcon\" ><span class=\"btnInnerText\">Ask A Question<\/span><\/a><\/div><\/div><\/div><\/div><\/div><div class=\"rowItem col-md-8 col-ms-12 btTextLeft\"  ><div class=\"rowItemContent\" ><div class=\"btClear btSeparator topSemiSpaced noBorder\" ><hr><\/div><header class=\"header btClear medium btDash bottomDash  btNormalDash\" ><div class=\"dash\"><h3><span class=\"headline\"><b class=\"animate\">Chirurgie Toracic\u0103 Robotic\u0103<\/b><\/span><\/h3><\/div><\/header><div class=\"btClear btSeparator topExtraSmallSpaced noBorder\" ><hr><\/div><div class=\"btText\" ><\/p>\n<p>O incizie de 10-20 cm, numit\u0103 toracotomie, se face pe partea lateral\u0103 a peretelui toracic \u00een procedurile chirurgicale clasice pentru a accesa pl\u0103m\u00e2nii \u0219i alte organe pectorale. Cauza durerii postoperatorii este retractoarele introduse \u00eentre dou\u0103 coaste. \u00cen unele cazuri, chirurgul trebuie s\u0103 fac\u0103 o incizie numit\u0103 sternotomie pe partea din fa\u021b\u0103 a pieptului.<\/p>\n<p>Exist\u0103 metode minime invazive asistate video \u00een cazul \u00een care incizii mai mici sunt f\u0103cute pentru mul\u021bi pacien\u021bi. Cu aceast\u0103 tehnic\u0103 numit\u0103 chirurgie toracic\u0103 asistat\u0103 video (cuve), chirurgii pot efectua o opera\u021bie toracic\u0103 f\u0103r\u0103 sternotomie sau toracotomie. De\u0219i aceast\u0103 metod\u0103 are mai multe restric\u021bii \u0219i poate s\u0103 nu fie potrivit\u0103 pentru pacien\u021bii foarte complica\u021bi, efectu\u0103m \u00een mod obi\u0219nuit \u0219i cu succes opera\u021bii pentru cancerul pulmonar \u0219i timectomia folosind metoda cuve. \u00cen aceast\u0103 opera\u021bie se fac dou\u0103 sau trei incizii de 1 cm \u0219i nu se utilizeaz\u0103 retractoare.<\/p>\n<p><strong>Sistemul robotic Da Vinci este cea mai avansat\u0103 metod\u0103 care ia chirurgia dincolo de limitele unei m\u00e2ini umane cu trei dimensiuni de \u00eenalt\u0103 rezolu\u021bie imagistic\u0103.<\/strong><\/p>\n<p>\u00cen aceast\u0103 opera\u021bie, chirurgul opereaz\u0103 patru bra\u021be ale robotului folosind dou\u0103 controlere principale \u00eentr-un consol. Chirurgii no\u015ftri sunt licen\u0163ia\u0163i pentru sistemul de chirurgie toracic\u0103 Da Vinci. Chirurgii pot vedea mai multe detalii dec\u00e2t pot vedea \u00eentr-o opera\u021bie deschis\u0103 datorit\u0103 imaginii tridimensionale de \u00eenalt\u0103 rezolu\u021bie de pe consol. Sistemul informatic al robotului poate transfera perfect \u0219i precis mi\u0219c\u0103rile m\u00e2inilor chirurgului. Coastele nu trebuie s\u0103 fie separate de un retractor \u0219i opera\u021biile pot fi efectuate cu succes prin incizii mici de 1-2 cm.<\/p>\n<p><strong>Grup Florence Nightingale Spitale Departamentul de Chirurgie Toracica este angajata in prevenirea, diagnosticarea precoce si tratamentul chirurgical al bolilor organelor pectorale.<\/strong><\/p>\n<p>Oferim pacien\u021bilor no\u0219tri metode chirurgicale minim invazive (cuve \u0219i chirurgie robotic\u0103 Da Vinci) \u0219i au cea mai mare experien\u021b\u0103 \u00een chirurgia robotic\u0103 toracic\u0103 \u0219i cel mai mare num\u0103r de pacien\u021bi cu cancer pulmonar din Turcia.<strong><br \/>\n<\/strong><\/p>\n<p><strong>Avantajele interven\u021biei chirurgicale toracice invazive minime:<\/strong><\/p>\n<ul>\n<li>Diagnostic precoce \u0219i definitiv<\/li>\n<li>Rata sc\u0103zut\u0103 a complica\u021biilor<\/li>\n<li>Incizii chirurgicale mai mici \u0219i mai pu\u021bin durere postoperatorie<\/li>\n<li>Rata sc\u0103zut\u0103 a infec\u0163iilor<\/li>\n<li>cicatrice mai mici<\/li>\n<li>Reducerea pierderii de s\u00e2nge<\/li>\n<li>Durata mai scurt\u0103 a spitaliz\u0103rii<\/li>\n<li>Timp mai scurt pentru a reveni la via\u021ba normal\u0103<\/li>\n<\/ul>\n<p><strong>Opera\u021biile pe care le efectu\u0103m cu sistemul de chirurgie robotic\u0103 Da Vinci:<\/strong><\/p>\n<ul>\n<li>Rezec\u021biile cancerului pulmonar \u0219i disec\u021bia ganglionilor limfatici (segmentectomie, lobectomie \u0219i pneumonectomie)<\/li>\n<li>Thymectomia \u0219i alte opera\u021bii tumorale mediasten<\/li>\n<li>Rezec\u021bia pan\u0103 a nodulilor pulmonari<\/li>\n<li>Opera\u021bii de reducere a volumului pentru pacien\u021bii cu emfizem<\/li>\n<li>Sympathectomy pentru hiperhidroz\u0103 (transpira\u021bie excesiv\u0103 a m\u00e2inilor)<\/li>\n<li>Bolile pleurale (pneumotorax spontan, efuziuni pleurale, tumori pleurale)<\/li>\n<li>Opera\u0163ii de decorticare<\/li>\n<li>Chirurgie de plica\u021bie pentru paralizie diafragmatic\u0103<\/li>\n<\/ul>\n<h3>Fundementals de grup Florence Nightingale Chirurgie Robotic Toracica<\/h3>\n<p>Metode de operare inchise (interventii chirurgicale minim invazive) care sunt din ce in ce mai proeminente in operatiile chirurgicale de san si efectuate cu cea mai avansata tehnologie chirurgicala a timpului nostru<\/p>\n<ul>\n<li>chirurgie videotoracoscopic\u0103 (cuve) din 2010;<\/li>\n<li>chirurgie robotic\u0103 (Da Vinci Robotic Toracica Chirurgie) din 2011.<\/li>\n<\/ul>\n<p><strong>Chirurgie toracic\u0103 robotizat\u0103 <\/strong>la Grupul Florence Nightingale Spitale:<\/p>\n<ul>\n<li>Se num\u0103r\u0103 printre cele cinci centre de conducere din Europa, cu num\u0103rul s\u0103u mare de pacien\u021bi \u0219i experien\u021b\u0103 superioar\u0103 \u00een chirurgia invaziv\u0103 \u0219i chirurgia mamar\u0103 robotizat\u0103.<\/li>\n<li>Este unul dintre centrele rare care pot efectua opera\u021bii asupra tumorilor care se r\u0103sp\u00e2ndesc \u00een vena principal\u0103, aorta (\u00een colaborare cu Centrul nostru Heart).<\/li>\n<li>Echipa noastr\u0103 a Centrului pentru Toracoscopice (cuve) \u0219i proceduri chirurgicale robotizate a efectuat opera\u021bii de timectomie de la masele mediastinale \u00een special la pacien\u021bii cu timoame \u0219i miastenia gravis, iar aceste proceduri sunt incluse \u00een literatura mondial\u0103.<\/li>\n<li>Este unul dintre centrele de conducere, care efectueaz\u0103 interven\u021bii chirurgicale minim invazive de cancer pulmonar (65% \u00een compara\u021bie cu 30% \u00een \u021b\u0103rile dezvoltate)<\/li>\n<li>Are o rat\u0103 sc\u0103zut\u0103 a mortalit\u0103\u021bii dup\u0103 sugery toracic (sub 1% fa\u021b\u0103 de 2 -5% \u00een lume)<\/li>\n<li>Fiecare pacient este evaluat \u0219i gestionat \u00een conformitate cu abordarea multidisciplinar\u0103. Exper\u021bi din cadrul Boli Pieptare, Radiologie, Oncologie Medical\u0103, Radiologie Oncologie, Patologie, Radiologie Interven\u021bional\u0103 \u0219i Medicin\u0103 Nuclear\u0103 particip\u0103 la aceste \u00eent\u00e2lniri de evaluare \u0219i vin cu un plan de tratament personalizat pentru pacien\u021bi.<\/li>\n<\/ul>\n<p><em>Complet\u00e2nd <strong>formularul de contact<\/strong> de mai jos, pute\u021bi pune \u00eentreb\u0103ri \u0219i\/sau solicita mai multe informa\u021bii de la exper\u021bii no\u0219tri despre Chirurgia toracic\u0103 robotizat\u0103 la Grupul Florence Nightingale Hospital.<\/em><\/p>\n<p>\n<\/div><div class=\"btClear btSeparator bottomSmallSpaced noBorder\" ><hr><\/div><header class=\"header btClear medium btDash bottomDash  btAccentDash\" ><div class=\"dash\"><h3><span class=\"headline\"><em>Contact Us Now<\/em><\/span><\/h3><\/div><\/header><div class=\"btClear btSeparator bottomSmallSpaced noBorder\" ><hr><\/div><div class=\"btText\" >\n<div class=\"wpcf7 no-js\" id=\"wpcf7-f2891-o1\" lang=\"tr-TR\" dir=\"ltr\" data-wpcf7-id=\"2891\">\n<div class=\"screen-reader-response\"><p role=\"status\" aria-live=\"polite\" aria-atomic=\"true\"><\/p> <ul><\/ul><\/div>\n<form action=\"\/ro\/wp-json\/wp\/v2\/pages\/3439#wpcf7-f2891-o1\" method=\"post\" class=\"wpcf7-form init wpcf7-acceptance-as-validation\" aria-label=\"\u0130leti\u015fim Formu\" novalidate=\"novalidate\" data-status=\"init\">\n<fieldset class=\"hidden-fields-container\"><input type=\"hidden\" name=\"_wpcf7\" value=\"2891\" \/><input type=\"hidden\" name=\"_wpcf7_version\" value=\"6.1.5\" \/><input type=\"hidden\" name=\"_wpcf7_locale\" value=\"tr_TR\" \/><input type=\"hidden\" name=\"_wpcf7_unit_tag\" value=\"wpcf7-f2891-o1\" \/><input type=\"hidden\" name=\"_wpcf7_container_post\" value=\"0\" \/><input type=\"hidden\" name=\"_wpcf7_posted_data_hash\" value=\"\" \/>\n<\/fieldset>\n<p style=\"margin-bottom:30px !important;\">\u00cen timp ce completa\u021bi formularul de contact de mai jos, pute\u021bi, de asemenea, s\u0103 ne trimite\u021bi fi\u0219ierele medicale ale pacientului\/dumneavoastr\u0103 prin <strong>transfer<\/strong>. A doua opinie medical\u0103 v\u0103 va fi prezentat\u0103 \u00een termen de 48 de ore.\n<\/p>\n<div class=\"boldRow boldInnerRow  \">\n\t<div class=\"rowItem rowInnerItem col-md-6  btTextLeft\">\n\t\t<div class=\"rowItemContent\">\n\t\t\t<p><label><span class=\"bt_bb_required\">Numele t\u0103u<\/span><br \/>\n<span class=\"wpcf7-form-control-wrap\" data-name=\"your-name\"><input size=\"40\" maxlength=\"400\" class=\"wpcf7-form-control wpcf7-text wpcf7-validates-as-required\" aria-required=\"true\" aria-invalid=\"false\" value=\"\" type=\"text\" name=\"your-name\" \/><\/span> <\/label>\n\t\t\t<\/p>\n\t\t\t<p><label><span class=\"bt_bb_required\">E-mailul dvs.<\/span><br \/>\n<span class=\"wpcf7-form-control-wrap\" data-name=\"your-email\"><input size=\"40\" maxlength=\"400\" class=\"wpcf7-form-control wpcf7-email wpcf7-validates-as-required wpcf7-text wpcf7-validates-as-email\" aria-required=\"true\" aria-invalid=\"false\" value=\"\" type=\"email\" name=\"your-email\" \/><\/span> <\/label>\n\t\t\t<\/p>\n\t\t\t<p><label><span class=\"bt_bb_required\">Telefonul dvs.<\/span><br \/>\n<span class=\"wpcf7-form-control-wrap\" data-name=\"your-phone\"><input size=\"40\" class=\"wpcf7-form-control wpcf7-phonetext wpcf7-text wpcf7-validates-as-phonetext\" id=\"int_phone\" aria-invalid=\"false\" value=\"\" type=\"text\" name=\"your-phone\" \/><input type=\"hidden\" name=\"your-phone-country-code\" class=\"wpcf7-phonetext-country-code\" \/><\/span> <\/label>\n\t\t\t<\/p>\n\t\t\t<p><label><span class=\"bt_bb_required\">Mesajul dvs.<\/span><br \/>\n<span class=\"wpcf7-form-control-wrap\" data-name=\"your-message\"><textarea cols=\"40\" rows=\"10\" maxlength=\"2000\" class=\"wpcf7-form-control wpcf7-textarea wpcf7-validates-as-required\" aria-required=\"true\" aria-invalid=\"false\" name=\"your-message\"><\/textarea><\/span> <\/label>\n\t\t\t<\/p>\n\t\t\t<p><label><span class=\"bt_bb_required\" style=\"margin-top:25px !important;\"><span class=\"wpcf7-form-control-wrap\" data-name=\"accept-this-1\"><span class=\"wpcf7-form-control wpcf7-acceptance\"><span class=\"wpcf7-list-item\"><label><input type=\"checkbox\" name=\"accept-this-1\" value=\"1\" aria-invalid=\"false\" \/><span class=\"wpcf7-list-item-label\">Sunt de acord cu <a target=\"_blank\" href=\"https:\/\/groupflorence.com\/ro\/terms-of-use\/\">Termenii \u0219i Serviciile<\/a>.<\/span><\/label><\/span><\/span><\/span><\/span><\/label>\n\t\t\t<\/p>\n\t\t\t<p><input class=\"wpcf7-form-control wpcf7-submit has-spinner contact_button_int\" type=\"submit\" value=\"TRIMITE MESAJ\" \/>\n\t\t\t<\/p>\n\t\t<\/div>\n\t<\/div>\n\t<div class=\"rowItem rowInnerItem col-md-6  btTextLeft\">\n\t\t<div class=\"rowItemContent\">\n\t\t\t<p align=\"center\" style=\"margin-top:30px;\"><br \/>\n<a href=\"http:\/\/florencenightingale.wetransfer.com\/\" target=\"_blank\" title=\"Click Here To Transfer Your Documents via WeTransfer\"><img decoding=\"async\"  align=\"center\" style=\"max-width:250px !important;\" class=\"lazy loaded\" src=\"https:\/\/groupflorence.com\/ro\/wp-content\/uploads\/2020\/08\/89130-wetransfer-default-logo-rgb-original-1365619064-e1599162229581.png\" data-src=\"https:\/\/groupflorence.com\/ro\/wp-content\/uploads\/2020\/08\/89130-wetransfer-default-logo-rgb-original-1365619064-e1599162229581.png\" alt=\"Click Here To Transfer Your Documents via WeTransfer\" title=\"Click Here To Transfer Your Documents via WeTransfer\" data-was-processed=\"true\" \/><\/a>\n\t\t\t<\/p>\n\t\t\t<h3 align=\"center\"><a href=\"http:\/\/florencenightingale.wetransfer.com\/\" target=\"_blank\" title=\"Click Here To Transfer Your Documents via WeTransfer\">Trimite prin WeTransfer<\/a>\n\t\t\t<\/h3>\n\t\t\t<p align=\"center\">Pute\u021bi trimite documentele dvs. medicale supradimensionate (\u00eenregistr\u0103ri RMN, rezultate de laborator, imagini etc.) folosind contul nostru WeTransfer. Este u\u0219or, rapid \u0219i sigur.\n\t\t\t<\/p>\n\t\t<\/div>\n\t\t<center>\n\t\t\t<p><a href=\"http:\/\/florencenightingale.wetransfer.com\/\" class=\"btBtn btBtn btnFilledStyle btnAccentColor btnSmall btnNormalWidth btnRightPosition btnNoIcon\" target=\"_blank\"><span class=\"btnInnerText\">Trimite acum<\/span><\/a>\n\t\t\t<\/p>\n\t\t<\/center>\n\t<\/div>\n<\/div><div class=\"wpcf7-response-output\" aria-hidden=\"true\"><\/div>\n<\/form>\n<\/div>\n<\/div><div class=\"btClear btSeparator topSpaced noBorder\" ><hr><\/div><\/div><\/div><\/div><\/div><\/div><\/div><\/div><\/section>\n","protected":false},"excerpt":{"rendered":"","protected":false},"author":1,"featured_media":0,"parent":2460,"menu_order":7,"comment_status":"closed","ping_status":"closed","template":"","meta":{"footnotes":""},"class_list":["post-3439","page","type-page","status-publish","hentry"],"_links":{"self":[{"href":"https:\/\/groupflorence.com\/ro\/wp-json\/wp\/v2\/pages\/3439","targetHints":{"allow":["GET"]}}],"collection":[{"href":"https:\/\/groupflorence.com\/ro\/wp-json\/wp\/v2\/pages"}],"about":[{"href":"https:\/\/groupflorence.com\/ro\/wp-json\/wp\/v2\/types\/page"}],"author":[{"embeddable":true,"href":"https:\/\/groupflorence.com\/ro\/wp-json\/wp\/v2\/users\/1"}],"replies":[{"embeddable":true,"href":"https:\/\/groupflorence.com\/ro\/wp-json\/wp\/v2\/comments?post=3439"}],"version-history":[{"count":3,"href":"https:\/\/groupflorence.com\/ro\/wp-json\/wp\/v2\/pages\/3439\/revisions"}],"predecessor-version":[{"id":6069,"href":"https:\/\/groupflorence.com\/ro\/wp-json\/wp\/v2\/pages\/3439\/revisions\/6069"}],"up":[{"embeddable":true,"href":"https:\/\/groupflorence.com\/ro\/wp-json\/wp\/v2\/pages\/2460"}],"wp:attachment":[{"href":"https:\/\/groupflorence.com\/ro\/wp-json\/wp\/v2\/media?parent=3439"}],"curies":[{"name":"wp","href":"https:\/\/api.w.org\/{rel}","templated":true}]}}