{"id":3428,"date":"2020-10-01T15:03:48","date_gmt":"2020-10-01T12:03:48","guid":{"rendered":"https:\/\/groupflorence.com\/ro\/?page_id=3428"},"modified":"2021-05-31T10:59:33","modified_gmt":"2021-05-31T07:59:33","slug":"robotic-cardiac-surgery","status":"publish","type":"page","link":"https:\/\/groupflorence.com\/ro\/centers-treatments\/robotic-surgery-center\/robotic-cardiac-surgery\/","title":{"rendered":"Chirurgie Cardiac\u0103 Robotic\u0103"},"content":{"rendered":"<section id=\"bt_section69f4da0ee4e3f\"  class=\"boldSection gutter inherit treatment-container\" ><div class=\"port\"><div class=\"boldCell\"><div class=\"boldCellInner\"><div class=\"boldRow treatment-container \" ><div class=\"boldRowInner\"><div class=\"rowItem col-md-4 col-ms-12 btTextLeft\"  ><div class=\"rowItemContent\" ><div class=\"btClear btSeparator topSpaced noBorder\" ><hr><\/div><div class=\"btCustomMenu treatment-sidebar\" ><div class=\"menu-robotic-surgery-center-container\"><ul id=\"menu-robotic-surgery-center\" class=\"menu\"><li id=\"menu-item-3416\" class=\"menu-item menu-item-type-post_type menu-item-object-page menu-item-has-children menu-item-3416\"><a href=\"https:\/\/groupflorence.com\/ro\/centers-treatments\/\">Centre &#038; Departamente<\/a><ul class=\"sub-menu\"><li id=\"menu-item-3414\" class=\"menu-item menu-item-type-post_type menu-item-object-page menu-item-has-children menu-item-3414\"><a href=\"https:\/\/groupflorence.com\/ro\/centers-treatments\/robotic-surgery-center\/\">Centrul Chirurgie Robo<\/a><ul class=\"sub-menu\"><li id=\"menu-item-3432\" class=\"menu-item menu-item-type-post_type menu-item-object-page menu-item-3432\"><a href=\"https:\/\/groupflorence.com\/ro\/centers-treatments\/robotic-surgery-center\/robotic-cardiac-surgery\/\">Chirurgie Cardiac\u0103 Robotic\u0103<\/a><\/li><li id=\"menu-item-3424\" class=\"menu-item menu-item-type-post_type menu-item-object-page menu-item-3424\"><a href=\"https:\/\/groupflorence.com\/ro\/centers-treatments\/robotic-surgery-center\/robotic-general-surgery\/\">Chirurgie General\u0103 Robo<\/a><\/li><li id=\"menu-item-3438\" class=\"menu-item menu-item-type-post_type menu-item-object-page menu-item-3438\"><a href=\"https:\/\/groupflorence.com\/ro\/centers-treatments\/robotic-surgery-center\/robotic-gynecology\/\">Robotic Ginecologie<\/a><\/li><li id=\"menu-item-3435\" class=\"menu-item menu-item-type-post_type menu-item-object-page menu-item-3435\"><a href=\"https:\/\/groupflorence.com\/ro\/centers-treatments\/robotic-surgery-center\/robotic-obesity-surgery\/\">Chirurgie Robotic\u0103 a Obezit\u0103\u021bii<\/a><\/li><li id=\"menu-item-3413\" class=\"menu-item menu-item-type-post_type menu-item-object-page menu-item-3413\"><a href=\"https:\/\/groupflorence.com\/ro\/centers-treatments\/robotic-surgery-center\/robotic-urology-surgery\/\">Chirurgie Robotic\u0103 de Urologie<\/a><\/li><li id=\"menu-item-3441\" class=\"menu-item menu-item-type-post_type menu-item-object-page menu-item-3441\"><a href=\"https:\/\/groupflorence.com\/ro\/centers-treatments\/robotic-surgery-center\/robotic-thoracic-surgery\/\">Chirurgie Toracic\u0103 Robotic\u0103<\/a><\/li><\/ul><\/li><\/ul><\/li>\n<\/ul><\/div><\/div><div class=\"btClear btSeparator topSemiSpaced noBorder\" ><hr><\/div><div class=\"boldRow boldInnerRow  bt_bb_hidden_xs bt_bb_hidden_ms bt_bb_hidden_sm\" ><div class=\"rowItem rowInnerItem col-md-12  btTextCenter btMiddleVertical\"  ><div class=\"rowItemContent\"><div class=\"bpgPhoto btTextCenter\" > \r\n\t\t\t\t\t<a href=\"https:\/\/groupflorence.com\/ro\/patient-guide\/covid-19-precautions\/\" target=\"_blank\" title=\"\"><\/a>\r\n\t\t\t\t\t<div class=\"boldPhotoBox\"><div class=\"bpbItem\"><div class = \"btImage\"><img decoding=\"async\" src=\"https:\/\/groupflorence.com\/ro\/wp-content\/uploads\/2020\/12\/covid-safe-sidebar-320x186.jpg\" alt=\"\" title=\"\" ><\/div><\/div><\/div>\r\n\t\t\t\t\t<div class=\"captionPane\">\r\n\t\t\t\t\t\t<div class=\"captionTable\">\r\n\t\t\t\t\t\t\t<div class=\"captionCell\">\r\n\t\t\t\t\t\t\t\t<div class=\"captionTxt\"><\/div>\r\n\t\t\t\t\t\t\t<\/div>\r\n\t\t\t\t\t\t<\/div>\r\n\t\t\t\t\t<\/div><\/div><div class=\"btClear btSeparator topSmallSpaced bottomSmallSpaced border\" ><hr><\/div><a href=\"https:\/\/groupflorence.com\/ro\/contact-us\/\" class=\"btBtn btBtn btnFilledStyle btnAccentColor btnBig btnNormalWidth btnLeftPosition btnNoIcon\" ><span class=\"btnInnerText\">Ask A Question<\/span><\/a><\/div><\/div><\/div><\/div><\/div><div class=\"rowItem col-md-8 col-ms-12 btTextLeft\"  ><div class=\"rowItemContent\" ><div class=\"btClear btSeparator topSemiSpaced noBorder\" ><hr><\/div><header class=\"header btClear medium btDash bottomDash  btNormalDash\" ><div class=\"dash\"><h3><span class=\"headline\"><b class=\"animate\">Chirurgie Cardiac\u0103 Robotic\u0103<\/b><\/span><\/h3><\/div><\/header><div class=\"btClear btSeparator topSmallSpaced noBorder\" ><hr><\/div><header class=\"header btClear medium btDash bottomDash  btAccentDash\" ><div class=\"dash\"><h3><span class=\"headline\">Opera\u021bii cardiace cu chirurgie robotic\u0103<\/span><\/h3><\/div><\/header><div class=\"btClear btSeparator topExtraSmallSpaced noBorder\" ><hr><\/div><div class=\"btText\" ><\/p>\n<p>Introducerea chirurgiei cardiace cu tehnici mai pu\u021bin invazive \u0219i acceptarea acestor tehnici a fost t\u00e2rzie \u0219i mai lent\u0103 dec\u00e2t alte ramuri chirurgicale. Aceasta se datoreaz\u0103 faptului c\u0103 chirurgii cardiaci s-au sim\u021bit mai confortabili cu tehnicile standard \u0219i clasice, iar opera\u021biile cardiace au reu\u0219it s\u0103 se descurce cu succes cu aceast\u0103 tehnologie standard. Cu toate acestea, evolu\u021biile tehnicilor percutane (de exemplu, stenturi \u0219i baloane) dup\u0103 anii 1990 \u0219i concuren\u021ba rezultat\u0103 au f\u0103cut chirurgi pentru a ob\u021bine aceste rezultate perfecte prin metode mai pu\u021bin invazive.<\/p>\n<p>Figura 1 compar\u0103 grefa bypass coronarian (CABG) \u0219i angioplastie coronarian\u0103 transluminal\u0103 percutanat\u0103 (PTCA-stenturi) de ani. Abaterea \u00een favoarea stentului poate fi v\u0103zut\u0103.<\/p>\n<p><img decoding=\"async\" src=\"https:\/\/groupflorence.com\/backup\/xen\/Images\/UploadImages\/robotic-graphic(1).jpg\" alt=\"\" \/><\/p>\n<p>O interven\u021bie chirurgical\u0103 cardiac\u0103 conven\u021bional\u0103 este efectuat\u0103 printr-o incizie toracic\u0103 standard (sternotomie median\u0103) \u0219i ma\u0219in\u0103 de inim\u0103 \u0219i pl\u0103m\u00e2ni. Tehnicile minim invazive au \u00eencercat s\u0103 fac\u0103 chirurgia cardiac\u0103 mai pu\u0163in invaziv\u0103 prin eliminarea sternotomiei mediane \u015fi\/sau a aparatelor cardiace \u015fi pulmonare.<\/p>\n<p>Sternotomia median\u0103 este o incizie care permite controlul asupra unui sit chirurgical mare \u00een chirurgia cardiac\u0103. Cu toate acestea, are mai multe dezavantaje, cum ar fi integritatea afectat\u0103 a pieptului \u0219i o perioad\u0103 de recuperare mai lung\u0103.<\/p>\n<p>De\u0219i tehnicile endoscopice sunt utilizate cu succes \u00een alte ramuri ale interven\u021biei chirurgicale, acestea nu g\u0103sesc zona a\u0219teptat\u0103 a<\/p>\n<p>\u00een interven\u021biile chirurgicale cardiace. Motivul principal este c\u0103 se utilizeaz\u0103 un sistem de imagistic\u0103 bidimensional\u0103 \u0219i inima este un organ care se mi\u0219c\u0103 constant. \u00cen ciuda acestor dificult\u0103\u021bi, sau clinica a efectuat endoscopice (acces port) valva mitral\u0103, \u00eenchiderea ASD, \u0219i rezec\u021bia mixomului la peste 600 de pacien\u021bi. Fiind familiariza\u021bi \u0219i experimenta\u021bi \u00een aceste tehnici ne permite s\u0103 ne obi\u0219nuim cu chirurgia robotizat\u0103.<\/p>\n<p>Chirurgia robotizat\u0103 ofer\u0103 avantaje foarte importante \u00een acest moment. O imagine tridimensional\u0103 este un avantaj pentru un chirurg care nu este familiarizat cu lucrul la imagini bidimensionale. \u00cen plus, efectuarea unor manipul\u0103ri precise cu dispozitive lungi printr-o deschidere limitat\u0103 provoac\u0103 str\u00e2ngere de m\u00e2n\u0103 \u0219i oboseal\u0103. Chirurgia robotizat\u0103 elimin\u0103 acest dezavantaj.<\/p>\n<p>De\u0219i primele practici ale chirurgiei robotizate din lume au implicat inima, ea a devenit comun\u0103 \u00een urologie (prostatectomie radical\u0103) la nivel mondial.<\/p>\n<p>O medie de 1700 de interven\u021bii chirurgicale robotice cardiace este efectuat\u0103 \u00een SUA \u00een fiecare an. Aceast\u0103 cifr\u0103 este majorat\u0103 cu 400, cu o cre\u0219tere de 25% pe an. Primul sistem robotizat a fost \u00eenfiin\u0163at la spitalul Florence Nightingale din Turcia \u00een 2004 \u015fi peste 300 de pacien\u0163i cardiaci au fost opera\u0163i cu succes p\u00e2n\u0103 \u00een prezent.<\/p>\n<p>Aceast\u0103 cifr\u0103 va cre\u0219te cu siguran\u021b\u0103 odat\u0103 cu punerea \u00een func\u021biune a \u0219apte sisteme noi. Cele mai multe proceduri efectuate includ repararea valvei mitrale \u0219i chirurgia arterei coronare la clinica noastr\u0103 ca \u00een lume. Tehnologia \u00een curs de dezvoltare continu\u0103 \u0219i, \u00een special, recent dezvoltat al patrulea bra\u021b \u0219i retractorul mitral automat au facilitat \u0219i mai mult func\u021bionarea.<\/p>\n<p><strong>Avantajele chirurgiei robotizate includ urm\u0103toarele:<\/strong><\/p>\n<ul>\n<li>Utilizarea mai mic\u0103 a s\u00e2ngelui<\/li>\n<li>\u0219edere mai scurt\u0103 \u00een spital<\/li>\n<li>mai pu\u021bin\u0103 durere<\/li>\n<li>rat\u0103 mai mic\u0103 de infec\u0163ii<\/li>\n<li>calitatea estetic\u0103 \u0219i revenirea mai devreme la locul de munc\u0103<\/li>\n<\/ul>\n<p><strong>\u00cen ce opera\u021bii cardiace este folosit robotul?<\/strong><\/p>\n<ul>\n<li>Repararea \u0219i \u00eenlocuirea valvelor mitrale<\/li>\n<li>Bypass coronarian (pacien\u021bi cu boal\u0103 unic\u0103 sau cu dou\u0103 nave)<\/li>\n<li>\u00cenchidere ASD<\/li>\n<li>Opera\u021bii de aritmie<\/li>\n<li>Tumorile cardiace<\/li>\n<\/ul>\n<p>\u00cen prezent, nu este posibil s\u0103 spunem \u201eda\u201d \u00eentreb\u0103rii dac\u0103 tehnologia robotizat\u0103 este utilizat\u0103 eficient \u00een chirurgia cardiac\u0103. Chirurgia cardiac\u0103 robotizat\u0103 este \u00eenc\u0103 \u00een proces de dezvoltare. Centrele care au dob\u00e2ndit aceast\u0103 tehnologie f\u0103r\u0103 infrastructura \u0219i instruirea necesar\u0103 au experimentat o frustrare profund\u0103. Experien\u021bele dob\u00e2ndite au demonstrat c\u0103 clinicile, care nu utilizeaz\u0103 sistemul \u00eentr-un mod multidisciplinar, au e\u0219uat. Utilizarea sistemului \u00een combina\u021bie cu chirurgia cardiac\u0103, urologia, chirurgia general\u0103 \u0219i ginecologia va reduce costul \u0219i va cre\u0219te poten\u021bialul pacientului.<\/p>\n<p>Num\u0103rul de interven\u021bii chirurgicale cardiace robotizate a crescut cu 25% \u00een SUA \u00een 2009. O cre\u015ftere similar\u0103 a fost observat\u0103 \u00een Turcia \u015fi \u00een \u0163\u0103rile Comunit\u0103\u0163ii Europene. A existat un singur sistem de operare la departamentul nostru din \u021bar\u0103 p\u00e2n\u0103 \u00een 2008, dar acum un total de 15 unit\u0103\u021bi opereaz\u0103 \u00een toat\u0103 Turcia.<\/p>\n<p>Chirurgia robotizat\u0103 implic\u0103 r\u0103bdare \u0219i o preg\u0103tire dificil\u0103. Familiarizarea cu chirurgia OPCAB \u0219i tehnicile de canulare periferic\u0103 \u0219i controlul asupra sistemelor endoscopice sunt esen\u021biale. Odat\u0103 ce controlul a c\u00e2\u0219tigat asupra acestor trei elemente, curbura de \u00eenv\u0103\u021bare a chirurgiei robotizate va avansa mai repede. Unul dintre cei mai importan\u021bi factori pentru curbura de \u00eenv\u0103\u021bare este atunci c\u00e2nd s\u0103 se converteasc\u0103 la o interven\u021bie chirurgical\u0103 deschis\u0103. Conversia la chirurgia deschis\u0103 nu ar trebui niciodat\u0103 considerat\u0103 e\u0219ec \u00een MIKC, deoarece nimic nu poate fi mai important dec\u00e2t principiul de a nu deteriora pacientul.<\/p>\n<p>Din acest principiu, Grupul Florence Nightingale Spitalele au efectuat cu succes toate interven\u021biile chirurgicale cardiace robotizate.<\/p>\n<p>\n<\/div><div class=\"btClear btSeparator topSemiSpaced noBorder\" ><hr><\/div><div class=\"boldRow boldInnerRow  bt_bb_hidden_xs bt_bb_hidden_ms bt_bb_hidden_sm bt_bb_hidden_md bt_bb_hidden_lg\" ><div class=\"rowItem rowInnerItem col-md-4  btTextCenter inherit btNoPadding\" style=\"border: 1px solid #999;background-color: rgba(241, 241, 241, 1);\" ><div class=\"rowItemContent\"><div class=\"bpgPhoto btTextCenter\" ><div class=\"btImage\"><img decoding=\"async\" src=\"https:\/\/groupflorence.com\/ro\/wp-content\/uploads\/2021\/05\/mehmet-ezelsoy.jpg\" alt=\"\" title=\"\"><\/div><\/div><div class=\"btIconImageRow btIconsHalfHoverPosition\" ><\/div><div class=\"btClear btSeparator topSmallSpaced noBorder\" ><hr><\/div><div class=\"btText\" ><\/p>\n<h4><a href=\"https:\/\/groupflorence.com\/en\/doctors\/mehmet-ezelsoy-m-d\/\" target=\"_blank\" rel=\"noopener\">Mehmet Ezelsoy, MD<\/a><\/h4>\n<p>\n<\/div><div class=\"btClear btSeparator bottomExtraSmallSpaced noBorder\" ><hr><\/div><a href=\"https:\/\/groupflorence.com\/en\/doctors\/mehmet-ezelsoy-m-d\/\" class=\"btBtn btBtn btnFilledStyle btnLightColor btnSmall btnNormalWidth btnRightPosition btnNoIcon\"  target=\"_blank\"><span class=\"btnInnerText\">VIEW CV<\/span><\/a><div class=\"btClear btSeparator topExtraSmallSpaced bottomSmallSpaced noBorder\" ><hr><\/div><\/div><\/div><div class=\"rowItem rowInnerItem col-md-4  btTextCenter inherit btNoPadding\" style=\"background-color: rgba(241, 241, 241, 1);\" ><div class=\"rowItemContent\"><\/div><\/div><div class=\"rowItem rowInnerItem col-md-4  btTextCenter inherit btNoPadding\" style=\"background-color: rgba(241, 241, 241, 1);\" ><div class=\"rowItemContent\"><\/div><\/div><\/div><div class=\"btClear btSeparator topSemiSpaced noBorder\" ><hr><\/div><header class=\"header btClear medium btDash bottomDash  btAccentDash\" ><div class=\"dash\"><h3><span class=\"headline\"><em>Contact Us Now<\/em><\/span><\/h3><\/div><\/header><div class=\"btClear btSeparator bottomSmallSpaced noBorder\" ><hr><\/div><div class=\"btText\" >\n<div class=\"wpcf7 no-js\" id=\"wpcf7-f2891-o1\" lang=\"tr-TR\" dir=\"ltr\" data-wpcf7-id=\"2891\">\n<div class=\"screen-reader-response\"><p role=\"status\" aria-live=\"polite\" aria-atomic=\"true\"><\/p> <ul><\/ul><\/div>\n<form action=\"\/ro\/wp-json\/wp\/v2\/pages\/3428#wpcf7-f2891-o1\" method=\"post\" class=\"wpcf7-form init wpcf7-acceptance-as-validation\" aria-label=\"\u0130leti\u015fim Formu\" novalidate=\"novalidate\" data-status=\"init\">\n<fieldset class=\"hidden-fields-container\"><input type=\"hidden\" name=\"_wpcf7\" value=\"2891\" \/><input type=\"hidden\" name=\"_wpcf7_version\" value=\"6.1.5\" \/><input type=\"hidden\" name=\"_wpcf7_locale\" value=\"tr_TR\" \/><input type=\"hidden\" name=\"_wpcf7_unit_tag\" value=\"wpcf7-f2891-o1\" \/><input type=\"hidden\" name=\"_wpcf7_container_post\" value=\"0\" \/><input type=\"hidden\" name=\"_wpcf7_posted_data_hash\" value=\"\" \/>\n<\/fieldset>\n<p style=\"margin-bottom:30px !important;\">\u00cen timp ce completa\u021bi formularul de contact de mai jos, pute\u021bi, de asemenea, s\u0103 ne trimite\u021bi fi\u0219ierele medicale ale pacientului\/dumneavoastr\u0103 prin <strong>transfer<\/strong>. A doua opinie medical\u0103 v\u0103 va fi prezentat\u0103 \u00een termen de 48 de ore.\n<\/p>\n<div class=\"boldRow boldInnerRow  \">\n\t<div class=\"rowItem rowInnerItem col-md-6  btTextLeft\">\n\t\t<div class=\"rowItemContent\">\n\t\t\t<p><label><span class=\"bt_bb_required\">Numele t\u0103u<\/span><br \/>\n<span class=\"wpcf7-form-control-wrap\" data-name=\"your-name\"><input size=\"40\" maxlength=\"400\" class=\"wpcf7-form-control wpcf7-text wpcf7-validates-as-required\" aria-required=\"true\" aria-invalid=\"false\" value=\"\" type=\"text\" name=\"your-name\" \/><\/span> <\/label>\n\t\t\t<\/p>\n\t\t\t<p><label><span class=\"bt_bb_required\">E-mailul dvs.<\/span><br \/>\n<span class=\"wpcf7-form-control-wrap\" data-name=\"your-email\"><input size=\"40\" maxlength=\"400\" class=\"wpcf7-form-control wpcf7-email wpcf7-validates-as-required wpcf7-text wpcf7-validates-as-email\" aria-required=\"true\" aria-invalid=\"false\" value=\"\" type=\"email\" name=\"your-email\" \/><\/span> <\/label>\n\t\t\t<\/p>\n\t\t\t<p><label><span class=\"bt_bb_required\">Telefonul dvs.<\/span><br \/>\n<span class=\"wpcf7-form-control-wrap\" data-name=\"your-phone\"><input size=\"40\" class=\"wpcf7-form-control wpcf7-phonetext wpcf7-text wpcf7-validates-as-phonetext\" id=\"int_phone\" aria-invalid=\"false\" value=\"\" type=\"text\" name=\"your-phone\" \/><input type=\"hidden\" name=\"your-phone-country-code\" class=\"wpcf7-phonetext-country-code\" \/><\/span> <\/label>\n\t\t\t<\/p>\n\t\t\t<p><label><span class=\"bt_bb_required\">Mesajul dvs.<\/span><br \/>\n<span class=\"wpcf7-form-control-wrap\" data-name=\"your-message\"><textarea cols=\"40\" rows=\"10\" maxlength=\"2000\" class=\"wpcf7-form-control wpcf7-textarea wpcf7-validates-as-required\" aria-required=\"true\" aria-invalid=\"false\" name=\"your-message\"><\/textarea><\/span> <\/label>\n\t\t\t<\/p>\n\t\t\t<p><label><span class=\"bt_bb_required\" style=\"margin-top:25px !important;\"><span class=\"wpcf7-form-control-wrap\" data-name=\"accept-this-1\"><span class=\"wpcf7-form-control wpcf7-acceptance\"><span class=\"wpcf7-list-item\"><label><input type=\"checkbox\" name=\"accept-this-1\" value=\"1\" aria-invalid=\"false\" \/><span class=\"wpcf7-list-item-label\">Sunt de acord cu <a target=\"_blank\" href=\"https:\/\/groupflorence.com\/ro\/terms-of-use\/\">Termenii \u0219i Serviciile<\/a>.<\/span><\/label><\/span><\/span><\/span><\/span><\/label>\n\t\t\t<\/p>\n\t\t\t<p><input class=\"wpcf7-form-control wpcf7-submit has-spinner contact_button_int\" type=\"submit\" value=\"TRIMITE MESAJ\" \/>\n\t\t\t<\/p>\n\t\t<\/div>\n\t<\/div>\n\t<div class=\"rowItem rowInnerItem col-md-6  btTextLeft\">\n\t\t<div class=\"rowItemContent\">\n\t\t\t<p align=\"center\" style=\"margin-top:30px;\"><br \/>\n<a href=\"http:\/\/florencenightingale.wetransfer.com\/\" target=\"_blank\" title=\"Click Here To Transfer Your Documents via WeTransfer\"><img decoding=\"async\"  align=\"center\" style=\"max-width:250px !important;\" class=\"lazy loaded\" src=\"https:\/\/groupflorence.com\/ro\/wp-content\/uploads\/2020\/08\/89130-wetransfer-default-logo-rgb-original-1365619064-e1599162229581.png\" data-src=\"https:\/\/groupflorence.com\/ro\/wp-content\/uploads\/2020\/08\/89130-wetransfer-default-logo-rgb-original-1365619064-e1599162229581.png\" alt=\"Click Here To Transfer Your Documents via WeTransfer\" title=\"Click Here To Transfer Your Documents via WeTransfer\" data-was-processed=\"true\" \/><\/a>\n\t\t\t<\/p>\n\t\t\t<h3 align=\"center\"><a href=\"http:\/\/florencenightingale.wetransfer.com\/\" target=\"_blank\" title=\"Click Here To Transfer Your Documents via WeTransfer\">Trimite prin WeTransfer<\/a>\n\t\t\t<\/h3>\n\t\t\t<p align=\"center\">Pute\u021bi trimite documentele dvs. medicale supradimensionate (\u00eenregistr\u0103ri RMN, rezultate de laborator, imagini etc.) folosind contul nostru WeTransfer. Este u\u0219or, rapid \u0219i sigur.\n\t\t\t<\/p>\n\t\t<\/div>\n\t\t<center>\n\t\t\t<p><a href=\"http:\/\/florencenightingale.wetransfer.com\/\" class=\"btBtn btBtn btnFilledStyle btnAccentColor btnSmall btnNormalWidth btnRightPosition btnNoIcon\" target=\"_blank\"><span class=\"btnInnerText\">Trimite acum<\/span><\/a>\n\t\t\t<\/p>\n\t\t<\/center>\n\t<\/div>\n<\/div><div class=\"wpcf7-response-output\" aria-hidden=\"true\"><\/div>\n<\/form>\n<\/div>\n<\/div><div class=\"btClear btSeparator topSpaced noBorder\" ><hr><\/div><\/div><\/div><\/div><\/div><\/div><\/div><\/div><\/section>\n","protected":false},"excerpt":{"rendered":"","protected":false},"author":1,"featured_media":0,"parent":2460,"menu_order":4,"comment_status":"closed","ping_status":"closed","template":"","meta":{"footnotes":""},"class_list":["post-3428","page","type-page","status-publish","hentry"],"_links":{"self":[{"href":"https:\/\/groupflorence.com\/ro\/wp-json\/wp\/v2\/pages\/3428","targetHints":{"allow":["GET"]}}],"collection":[{"href":"https:\/\/groupflorence.com\/ro\/wp-json\/wp\/v2\/pages"}],"about":[{"href":"https:\/\/groupflorence.com\/ro\/wp-json\/wp\/v2\/types\/page"}],"author":[{"embeddable":true,"href":"https:\/\/groupflorence.com\/ro\/wp-json\/wp\/v2\/users\/1"}],"replies":[{"embeddable":true,"href":"https:\/\/groupflorence.com\/ro\/wp-json\/wp\/v2\/comments?post=3428"}],"version-history":[{"count":6,"href":"https:\/\/groupflorence.com\/ro\/wp-json\/wp\/v2\/pages\/3428\/revisions"}],"predecessor-version":[{"id":6278,"href":"https:\/\/groupflorence.com\/ro\/wp-json\/wp\/v2\/pages\/3428\/revisions\/6278"}],"up":[{"embeddable":true,"href":"https:\/\/groupflorence.com\/ro\/wp-json\/wp\/v2\/pages\/2460"}],"wp:attachment":[{"href":"https:\/\/groupflorence.com\/ro\/wp-json\/wp\/v2\/media?parent=3428"}],"curies":[{"name":"wp","href":"https:\/\/api.w.org\/{rel}","templated":true}]}}