{"id":3418,"date":"2020-10-01T14:58:57","date_gmt":"2020-10-01T11:58:57","guid":{"rendered":"https:\/\/groupflorence.com\/ro\/?page_id=3418"},"modified":"2020-12-16T23:49:04","modified_gmt":"2020-12-16T20:49:04","slug":"robotic-general-surgery","status":"publish","type":"page","link":"https:\/\/groupflorence.com\/ro\/centers-treatments\/robotic-surgery-center\/robotic-general-surgery\/","title":{"rendered":"Chirurgie General\u0103 Robo"},"content":{"rendered":"<section id=\"bt_section69f4ce4946570\"  class=\"boldSection gutter inherit treatment-container\" ><div class=\"port\"><div class=\"boldCell\"><div class=\"boldCellInner\"><div class=\"boldRow treatment-container \" ><div class=\"boldRowInner\"><div class=\"rowItem col-md-4 col-ms-12 btTextLeft\"  ><div class=\"rowItemContent\" ><div class=\"btClear btSeparator topSpaced noBorder\" ><hr><\/div><div class=\"btCustomMenu treatment-sidebar\" ><div class=\"menu-robotic-surgery-center-container\"><ul id=\"menu-robotic-surgery-center\" class=\"menu\"><li id=\"menu-item-3416\" class=\"menu-item menu-item-type-post_type menu-item-object-page menu-item-has-children menu-item-3416\"><a href=\"https:\/\/groupflorence.com\/ro\/centers-treatments\/\">Centre &#038; Departamente<\/a><ul class=\"sub-menu\"><li id=\"menu-item-3414\" class=\"menu-item menu-item-type-post_type menu-item-object-page menu-item-has-children menu-item-3414\"><a href=\"https:\/\/groupflorence.com\/ro\/centers-treatments\/robotic-surgery-center\/\">Centrul Chirurgie Robo<\/a><ul class=\"sub-menu\"><li id=\"menu-item-3432\" class=\"menu-item menu-item-type-post_type menu-item-object-page menu-item-3432\"><a href=\"https:\/\/groupflorence.com\/ro\/centers-treatments\/robotic-surgery-center\/robotic-cardiac-surgery\/\">Chirurgie Cardiac\u0103 Robotic\u0103<\/a><\/li><li id=\"menu-item-3424\" class=\"menu-item menu-item-type-post_type menu-item-object-page menu-item-3424\"><a href=\"https:\/\/groupflorence.com\/ro\/centers-treatments\/robotic-surgery-center\/robotic-general-surgery\/\">Chirurgie General\u0103 Robo<\/a><\/li><li id=\"menu-item-3438\" class=\"menu-item menu-item-type-post_type menu-item-object-page menu-item-3438\"><a href=\"https:\/\/groupflorence.com\/ro\/centers-treatments\/robotic-surgery-center\/robotic-gynecology\/\">Robotic Ginecologie<\/a><\/li><li id=\"menu-item-3435\" class=\"menu-item menu-item-type-post_type menu-item-object-page menu-item-3435\"><a href=\"https:\/\/groupflorence.com\/ro\/centers-treatments\/robotic-surgery-center\/robotic-obesity-surgery\/\">Chirurgie Robotic\u0103 a Obezit\u0103\u021bii<\/a><\/li><li id=\"menu-item-3413\" class=\"menu-item menu-item-type-post_type menu-item-object-page menu-item-3413\"><a href=\"https:\/\/groupflorence.com\/ro\/centers-treatments\/robotic-surgery-center\/robotic-urology-surgery\/\">Chirurgie Robotic\u0103 de Urologie<\/a><\/li><li id=\"menu-item-3441\" class=\"menu-item menu-item-type-post_type menu-item-object-page menu-item-3441\"><a href=\"https:\/\/groupflorence.com\/ro\/centers-treatments\/robotic-surgery-center\/robotic-thoracic-surgery\/\">Chirurgie Toracic\u0103 Robotic\u0103<\/a><\/li><\/ul><\/li><\/ul><\/li>\n<\/ul><\/div><\/div><div class=\"btClear btSeparator topSemiSpaced noBorder\" ><hr><\/div><div class=\"boldRow boldInnerRow  bt_bb_hidden_xs bt_bb_hidden_ms bt_bb_hidden_sm\" ><div class=\"rowItem rowInnerItem col-md-12  btTextCenter btMiddleVertical\"  ><div class=\"rowItemContent\"><div class=\"bpgPhoto btTextCenter\" > \r\n\t\t\t\t\t<a href=\"https:\/\/groupflorence.com\/ro\/patient-guide\/covid-19-precautions\/\" target=\"_blank\" title=\"\"><\/a>\r\n\t\t\t\t\t<div class=\"boldPhotoBox\"><div class=\"bpbItem\"><div class = \"btImage\"><img decoding=\"async\" src=\"https:\/\/groupflorence.com\/ro\/wp-content\/uploads\/2020\/12\/covid-safe-sidebar-320x186.jpg\" alt=\"\" title=\"\" ><\/div><\/div><\/div>\r\n\t\t\t\t\t<div class=\"captionPane\">\r\n\t\t\t\t\t\t<div class=\"captionTable\">\r\n\t\t\t\t\t\t\t<div class=\"captionCell\">\r\n\t\t\t\t\t\t\t\t<div class=\"captionTxt\"><\/div>\r\n\t\t\t\t\t\t\t<\/div>\r\n\t\t\t\t\t\t<\/div>\r\n\t\t\t\t\t<\/div><\/div><div class=\"btClear btSeparator topSmallSpaced bottomSmallSpaced border\" ><hr><\/div><a href=\"https:\/\/groupflorence.com\/ro\/contact-us\/\" class=\"btBtn btBtn btnFilledStyle btnAccentColor btnBig btnNormalWidth btnLeftPosition btnNoIcon\" ><span class=\"btnInnerText\">Ask A Question<\/span><\/a><\/div><\/div><\/div><\/div><\/div><div class=\"rowItem col-md-8 col-ms-12 btTextLeft\"  ><div class=\"rowItemContent\" ><div class=\"btClear btSeparator topSemiSpaced noBorder\" ><hr><\/div><header class=\"header btClear medium btDash bottomDash  btNormalDash\" ><div class=\"dash\"><h3><span class=\"headline\"><b class=\"animate\">Chirurgie General\u0103 Robo<\/b><\/span><\/h3><\/div><\/header><div class=\"btClear btSeparator topSmallSpaced noBorder\" ><hr><\/div><header class=\"header btClear medium btDash bottomDash  btAccentDash\" ><div class=\"dash\"><h3><span class=\"headline\">Opera\u021bii chirurgicale generale cu chirurgie robotic\u0103<\/span><\/h3><\/div><\/header><div class=\"btClear btSeparator topExtraSmallSpaced noBorder\" ><hr><\/div><div class=\"btText\" ><\/p>\n<p>Utilizarea tehnicilor minim invazive \u00een chirurgia de ast\u0103zi este cea mai important\u0103 dezvoltare pentru chirurgia modern\u0103 \u0219i ofer\u0103 multe avantaje fa\u021b\u0103 de tehnicile chirurgicale clasice deschise. Evolu\u021biile chirurgicale \u0219i tehnologice actuale permit chirurgilor s\u0103 efectueze multe interven\u021bii chirurgicale complicate cu metoda minim invaziv\u0103. Chirurgia laparoscopic\u0103 are multe avantaje fa\u021b\u0103 de chirurgia deschis\u0103, inclusiv \u0219ederea mai scurt\u0103 \u00een spital, sc\u0103derea morbidit\u0103\u021bii \u0219i perioada de recuperare mai rapid\u0103. Chirurgia laparoscopic\u0103 a devenit popular\u0103 \u0219i o procedur\u0103 standard pentru multe opera\u021bii abdominale \u0219i pelvine.<\/p>\n<p>Sistemele chirurgicale robotizate au fost utilizate pentru prima dat\u0103 \u00een 1996, apoi introduse \u00een chirurgia intraabdominal\u0103 \u00een 2000 c\u00e2nd Sistemul chirurgical Da Vinci (Intuitive Surgical, Inc., Sunnyvale, CA, SUA) a fost aprobat de FDA. Principalele avantaje ale sistemelor chirurgicale robotice includ ob\u021binerea de imagini naturale dimensionale care dau un sentiment de ad\u00e2ncime; capacitatea \u00eencheieturilor mecanice (EndoWrists) ata\u0219ate la cap\u0103tul bra\u021belor robotizate pentru a se deplasa cu precizie \u00een \u0219ase axe; \u0219i vibra\u021bii reduse la minimum. Procedurile chirurgicale robotizate au fost utilizate pe scar\u0103 larg\u0103 \u00een lume \u0219i au fost considerate v\u00e2rsta interven\u021biei chirurgicale dup\u0103 laparoscopie.<\/p>\n<p>\n<\/div><div class=\"btClear btSeparator topSmallSpaced noBorder\" ><hr><\/div><header class=\"header btClear medium btDash bottomDash  btAccentDash\" ><div class=\"dash\"><h3><span class=\"headline\">Care sunt avantajele chirurgiei robotizate?<\/span><\/h3><\/div><\/header><div class=\"btClear btSeparator topExtraSmallSpaced noBorder\" ><hr><\/div><div class=\"btText\" ><\/p>\n<p>\u00cen plus fa\u021b\u0103 de avantajele clasice ale chirurgiei laparoscopice, cele mai importante avantaje ale chirurgiei robotizate includ urm\u0103toarele:<\/p>\n<ul>\n<li>Mai pu\u021bin durere postoperatorie durere mai pu\u021bin din cauza abord\u0103rii mai pu\u021bin traumatice a pielii \u0219i a mu\u0219chilor<\/li>\n<li>Risc mai mic pentru infec\u021bie<\/li>\n<li>Riscul semnificativ mai mic pentru infec\u021bie dec\u00e2t \u00een cazul unei interven\u021bii chirurgicale deschise, deoarece organele intraabdominale intr\u0103 \u00een contact cu aerul minim \u00een sala de opera\u021bie.<\/li>\n<li>Opera\u0163ii mai sigure<\/li>\n<li>O imagine dimensional\u0103 \u0219i m\u0103rit\u0103 permite o mai bun\u0103 afi\u0219are a vaselor de s\u00e2nge \u0219i a nervilor. De exemplu, pierderea de s\u00e2nge este mai mic\u0103 \u00een timpul unei interven\u021bii chirurgicale robotizate.<\/li>\n<li>cicatrice mai pu\u0163in marcate<\/li>\n<li>O incizie de 1-1,5 cm \u00een dimensiune las\u0103 o cicatrice mai pu\u021bin marcat\u0103 dec\u00e2t o incizie de 20-25 \u00een timpul unei interven\u021bii chirurgicale deschise.<\/li>\n<li>Recuperare mai rapid\u0103 Mobilizarea postoperatorie anterioar\u0103 \u0219i aportul oral permit unui pacient s\u0103 se recupereze mai repede.<\/li>\n<li>Mai scurt\u0103 \u0219edere \u00een spital<\/li>\n<li>Majoritatea pacien\u021bilor sunt evacua\u021bi \u00een a 3-a sau a 4-a zi.<\/li>\n<li>Pacien\u021bii se \u00eentorc la munc\u0103 \u0219i la via\u021ba de zi cu zi mai repede.<\/li>\n<li>Zonele \u00een care robotul este utilizat \u00een chirurgia general\u0103<\/li>\n<\/ul>\n<p>\u00cen ciuda faptului c\u0103 a fost folosit\u0103 mai ales \u00een chirurgia urologic\u0103 \u00een ultimul deceniu, chirurgia robotizat\u0103 a fost folosit\u0103 din ce \u00een ce mai mult pentru procedurile chirurgicale generale. Acesta ofer\u0103 avantaje tehnice fa\u021b\u0103 de chirurgia laparoscopic\u0103 atunci c\u00e2nd se lucreaz\u0103 \u00een zone ad\u00e2nci care sunt dificil de atins, cum ar fi interven\u021biile chirurgicale abdominale, hernie de stomac, esofag \u0219i rect. Acesta este utilizat \u00een cea mai mare parte \u00een chirurgia colorectal\u0103 \u00een chirurgia general\u0103. Zonele \u00een care sunt utilizate sisteme robotizate sunt enumerate mai jos.<\/p>\n<p>\n<\/div><div class=\"btClear btSeparator topSmallSpaced noBorder\" ><hr><\/div><header class=\"header btClear medium btDash bottomDash  btAccentDash\" ><div class=\"dash\"><h3><span class=\"headline\">Chirurgie colorectal\u0103 robotizat\u0103<\/span><\/h3><\/div><\/header><div class=\"btClear btSeparator topExtraSmallSpaced noBorder\" ><hr><\/div><div class=\"btText\" ><\/p>\n<p>Sistemele chirurgicale robotizate sunt utilizate cu succes \u00een tratamentul chirurgical al multor boli colorectale, inclusiv cancerul de colon, cancerele rectale, diverticulita \u0219i complica\u021biile sale, precum \u0219i bolile inflamatorii intestinale. Interven\u021biile minim invazive au avantaje semnificative \u00een cazurile de cancer colorectal fa\u021b\u0103 de opera\u021biile deschise (de exemplu, laparoscopie, chirurgie robotic\u0103). \u00cen opera\u021biile deschise, mobilizarea postoperatorie \u0219i hr\u0103nirea oral\u0103 a pacien\u021bilor este prelungit\u0103 (4-6 zile), astfel ace\u0219tia stau \u00een spital mai mult (6-8 zile) \u0219i revin ulterior la activit\u0103\u021bile zilnice.<\/p>\n<p>\u00cen interven\u021biile chirurgicale colorectale robotizate, durerea postoperatorie este mai mic\u0103 datorit\u0103 inciziilor de 1-1,5 cm \u00een dimensiune, iar perioada de hr\u0103nire oral\u0103 (2-3 zile) \u0219i \u0219ederea \u00een spital (4-5 zile) este mai scurt\u0103.<\/p>\n<p>Chirurgii chirurgicale robotizate sunt utilizate cu succes \u00een tratamentul oric\u0103ror boli colorectale. Datorit\u0103 caracteristicilor anatomice, sistemele chirurgicale robotizate devin mai importante pentru zonele \u00eenguste \u0219i ad\u00e2nci, de exemplu pelvis, \u00een opera\u021biile efectuate \u00een special pentru cancerul de rect. \u00cen timpul unei disec\u021bii limfatice compatibile cu regulile chirurgicale oncologice, conservarea vaselor de s\u00e2nge \u0219i a pachetelor nervoase, care \u00eendeplinesc func\u021bii sexuale \u0219i urinare, este posibil\u0103 \u0219i mult mai sigur\u0103 cu sistemele chirurgicale robotizate. Calitatea vie\u0163ii pacien\u0163ilor este \u00eembun\u0103t\u0103\u0163it\u0103, iar rata de recuren\u0163\u0103 local\u0103 este redus\u0103 dup\u0103 aceast\u0103 interven\u0163ie chirurgical\u0103. Pacien\u021bii \u00eencep activit\u0103\u021bile fizice \u0219i hr\u0103nirea oral\u0103 mai devreme. Astfel, \u0219ederea \u00een spital \u0219i revenirea la via\u021ba de zi cu zi este mai scurt\u0103.<\/p>\n<p>\n<\/div><div class=\"btClear btSeparator topSmallSpaced noBorder\" ><hr><\/div><header class=\"header btClear medium btDash bottomDash  btAccentDash\" ><div class=\"dash\"><h3><span class=\"headline\">Antireflux \u0219i hernie de stomac cu chirurgie robotic\u0103<\/span><\/h3><\/div><\/header><div class=\"btClear btSeparator topExtraSmallSpaced noBorder\" ><hr><\/div><div class=\"btText\" ><\/p>\n<ul>\n<li>Nissen fundoplication pentru tratamentul herniei stomacale \u015fi a refluxului asociat.<\/li>\n<li>Proceduri esofagiene cu chirurgie robotic\u0103<\/li>\n<li>Cancerele esofagiene<\/li>\n<li>Achalasia<\/li>\n<li>Chirurgie robotizat\u0103 pentru stomac \u0219i intestin sub\u021bire<\/li>\n<li>Gastrectomie subtotal\u0103 \u0219i total\u0103 pentru cancerele stomacale<\/li>\n<li>Chirurgie robotizat\u0103 pentru pancreas \u0219i alte organe solide<\/li>\n<li>Tumorile pancreatice<\/li>\n<li>Chisturi benigne \u0219i maligne ale pancreasului<\/li>\n<li>Chirurgie robotizat\u0103 pentru ficat \u0219i tractul biliar<\/li>\n<li>Colecistectomie<\/li>\n<li>Rezec\u0163ii hepatice \u015fi interven\u0163ii chirurgicale ale tractului biliar<\/li>\n<li>Chirurgie robotic\u0103 endocr<\/li>\n<li>Chirurgii ale glandei suprarenale (adrenale)<\/li>\n<li>Chirurgie<\/li>\n<li>Chirurgie Bariatric\u0103 Robo<\/li>\n<li>Bypass gastric<\/li>\n<li>Gastrectomie cu maneca (stomac tub)<\/li>\n<li>Odat\u0103 cu evolu\u021biile tehnologice viitoare \u00een sistemele chirurgicale robotizate, chirurgia robotizat\u0103 este de a\u0219teptat s\u0103 \u00eenlocuiasc\u0103 chirurgia laparoscopic\u0103 clasic\u0103 \u00een cazuri complexe, iar laparoscopia cu incizie robotizat\u0103 va deveni o procedur\u0103 standard pentru cazuri mai simple.<\/li>\n<\/ul>\n<p>\n<\/div><div class=\"btClear btSeparator topSemiSpaced noBorder\" ><hr><\/div><header class=\"header btClear medium btDash bottomDash  btAccentDash\" ><div class=\"dash\"><h3><span class=\"headline\"><em>Contact Us Now<\/em><\/span><\/h3><\/div><\/header><div class=\"btClear btSeparator bottomSmallSpaced noBorder\" ><hr><\/div><div class=\"btText\" >\n<div class=\"wpcf7 no-js\" id=\"wpcf7-f2891-o1\" lang=\"tr-TR\" dir=\"ltr\" data-wpcf7-id=\"2891\">\n<div class=\"screen-reader-response\"><p role=\"status\" aria-live=\"polite\" aria-atomic=\"true\"><\/p> <ul><\/ul><\/div>\n<form action=\"\/ro\/wp-json\/wp\/v2\/pages\/3418#wpcf7-f2891-o1\" method=\"post\" class=\"wpcf7-form init wpcf7-acceptance-as-validation\" aria-label=\"\u0130leti\u015fim Formu\" novalidate=\"novalidate\" data-status=\"init\">\n<fieldset class=\"hidden-fields-container\"><input type=\"hidden\" name=\"_wpcf7\" value=\"2891\" \/><input type=\"hidden\" name=\"_wpcf7_version\" value=\"6.1.5\" \/><input type=\"hidden\" name=\"_wpcf7_locale\" value=\"tr_TR\" \/><input type=\"hidden\" name=\"_wpcf7_unit_tag\" value=\"wpcf7-f2891-o1\" \/><input type=\"hidden\" name=\"_wpcf7_container_post\" value=\"0\" \/><input type=\"hidden\" name=\"_wpcf7_posted_data_hash\" value=\"\" \/>\n<\/fieldset>\n<p style=\"margin-bottom:30px !important;\">\u00cen timp ce completa\u021bi formularul de contact de mai jos, pute\u021bi, de asemenea, s\u0103 ne trimite\u021bi fi\u0219ierele medicale ale pacientului\/dumneavoastr\u0103 prin <strong>transfer<\/strong>. A doua opinie medical\u0103 v\u0103 va fi prezentat\u0103 \u00een termen de 48 de ore.\n<\/p>\n<div class=\"boldRow boldInnerRow  \">\n\t<div class=\"rowItem rowInnerItem col-md-6  btTextLeft\">\n\t\t<div class=\"rowItemContent\">\n\t\t\t<p><label><span class=\"bt_bb_required\">Numele t\u0103u<\/span><br \/>\n<span class=\"wpcf7-form-control-wrap\" data-name=\"your-name\"><input size=\"40\" maxlength=\"400\" class=\"wpcf7-form-control wpcf7-text wpcf7-validates-as-required\" aria-required=\"true\" aria-invalid=\"false\" value=\"\" type=\"text\" name=\"your-name\" \/><\/span> <\/label>\n\t\t\t<\/p>\n\t\t\t<p><label><span class=\"bt_bb_required\">E-mailul dvs.<\/span><br \/>\n<span class=\"wpcf7-form-control-wrap\" data-name=\"your-email\"><input size=\"40\" maxlength=\"400\" class=\"wpcf7-form-control wpcf7-email wpcf7-validates-as-required wpcf7-text wpcf7-validates-as-email\" aria-required=\"true\" aria-invalid=\"false\" value=\"\" type=\"email\" name=\"your-email\" \/><\/span> <\/label>\n\t\t\t<\/p>\n\t\t\t<p><label><span class=\"bt_bb_required\">Telefonul dvs.<\/span><br \/>\n<span class=\"wpcf7-form-control-wrap\" data-name=\"your-phone\"><input size=\"40\" class=\"wpcf7-form-control wpcf7-phonetext wpcf7-text wpcf7-validates-as-phonetext\" id=\"int_phone\" aria-invalid=\"false\" value=\"\" type=\"text\" name=\"your-phone\" \/><input type=\"hidden\" name=\"your-phone-country-code\" class=\"wpcf7-phonetext-country-code\" \/><\/span> <\/label>\n\t\t\t<\/p>\n\t\t\t<p><label><span class=\"bt_bb_required\">Mesajul dvs.<\/span><br \/>\n<span class=\"wpcf7-form-control-wrap\" data-name=\"your-message\"><textarea cols=\"40\" rows=\"10\" maxlength=\"2000\" class=\"wpcf7-form-control wpcf7-textarea wpcf7-validates-as-required\" aria-required=\"true\" aria-invalid=\"false\" name=\"your-message\"><\/textarea><\/span> <\/label>\n\t\t\t<\/p>\n\t\t\t<p><label><span class=\"bt_bb_required\" style=\"margin-top:25px !important;\"><span class=\"wpcf7-form-control-wrap\" data-name=\"accept-this-1\"><span class=\"wpcf7-form-control wpcf7-acceptance\"><span class=\"wpcf7-list-item\"><label><input type=\"checkbox\" name=\"accept-this-1\" value=\"1\" aria-invalid=\"false\" \/><span class=\"wpcf7-list-item-label\">Sunt de acord cu <a target=\"_blank\" href=\"https:\/\/groupflorence.com\/ro\/terms-of-use\/\">Termenii \u0219i Serviciile<\/a>.<\/span><\/label><\/span><\/span><\/span><\/span><\/label>\n\t\t\t<\/p>\n\t\t\t<p><input class=\"wpcf7-form-control wpcf7-submit has-spinner contact_button_int\" type=\"submit\" value=\"TRIMITE MESAJ\" \/>\n\t\t\t<\/p>\n\t\t<\/div>\n\t<\/div>\n\t<div class=\"rowItem rowInnerItem col-md-6  btTextLeft\">\n\t\t<div class=\"rowItemContent\">\n\t\t\t<p align=\"center\" style=\"margin-top:30px;\"><br \/>\n<a href=\"http:\/\/florencenightingale.wetransfer.com\/\" target=\"_blank\" title=\"Click Here To Transfer Your Documents via WeTransfer\"><img decoding=\"async\"  align=\"center\" style=\"max-width:250px !important;\" class=\"lazy loaded\" src=\"https:\/\/groupflorence.com\/ro\/wp-content\/uploads\/2020\/08\/89130-wetransfer-default-logo-rgb-original-1365619064-e1599162229581.png\" data-src=\"https:\/\/groupflorence.com\/ro\/wp-content\/uploads\/2020\/08\/89130-wetransfer-default-logo-rgb-original-1365619064-e1599162229581.png\" alt=\"Click Here To Transfer Your Documents via WeTransfer\" title=\"Click Here To Transfer Your Documents via WeTransfer\" data-was-processed=\"true\" \/><\/a>\n\t\t\t<\/p>\n\t\t\t<h3 align=\"center\"><a href=\"http:\/\/florencenightingale.wetransfer.com\/\" target=\"_blank\" title=\"Click Here To Transfer Your Documents via WeTransfer\">Trimite prin WeTransfer<\/a>\n\t\t\t<\/h3>\n\t\t\t<p align=\"center\">Pute\u021bi trimite documentele dvs. medicale supradimensionate (\u00eenregistr\u0103ri RMN, rezultate de laborator, imagini etc.) folosind contul nostru WeTransfer. Este u\u0219or, rapid \u0219i sigur.\n\t\t\t<\/p>\n\t\t<\/div>\n\t\t<center>\n\t\t\t<p><a href=\"http:\/\/florencenightingale.wetransfer.com\/\" class=\"btBtn btBtn btnFilledStyle btnAccentColor btnSmall btnNormalWidth btnRightPosition btnNoIcon\" target=\"_blank\"><span class=\"btnInnerText\">Trimite acum<\/span><\/a>\n\t\t\t<\/p>\n\t\t<\/center>\n\t<\/div>\n<\/div><div class=\"wpcf7-response-output\" aria-hidden=\"true\"><\/div>\n<\/form>\n<\/div>\n<\/div><div class=\"btClear btSeparator topSpaced noBorder\" ><hr><\/div><\/div><\/div><\/div><\/div><\/div><\/div><\/div><\/section>\n","protected":false},"excerpt":{"rendered":"","protected":false},"author":1,"featured_media":0,"parent":2460,"menu_order":3,"comment_status":"closed","ping_status":"closed","template":"","meta":{"footnotes":""},"class_list":["post-3418","page","type-page","status-publish","hentry"],"_links":{"self":[{"href":"https:\/\/groupflorence.com\/ro\/wp-json\/wp\/v2\/pages\/3418","targetHints":{"allow":["GET"]}}],"collection":[{"href":"https:\/\/groupflorence.com\/ro\/wp-json\/wp\/v2\/pages"}],"about":[{"href":"https:\/\/groupflorence.com\/ro\/wp-json\/wp\/v2\/types\/page"}],"author":[{"embeddable":true,"href":"https:\/\/groupflorence.com\/ro\/wp-json\/wp\/v2\/users\/1"}],"replies":[{"embeddable":true,"href":"https:\/\/groupflorence.com\/ro\/wp-json\/wp\/v2\/comments?post=3418"}],"version-history":[{"count":3,"href":"https:\/\/groupflorence.com\/ro\/wp-json\/wp\/v2\/pages\/3418\/revisions"}],"predecessor-version":[{"id":6064,"href":"https:\/\/groupflorence.com\/ro\/wp-json\/wp\/v2\/pages\/3418\/revisions\/6064"}],"up":[{"embeddable":true,"href":"https:\/\/groupflorence.com\/ro\/wp-json\/wp\/v2\/pages\/2460"}],"wp:attachment":[{"href":"https:\/\/groupflorence.com\/ro\/wp-json\/wp\/v2\/media?parent=3418"}],"curies":[{"name":"wp","href":"https:\/\/api.w.org\/{rel}","templated":true}]}}