{"id":3410,"date":"2020-10-01T14:51:26","date_gmt":"2020-10-01T11:51:26","guid":{"rendered":"https:\/\/groupflorence.com\/ro\/?page_id=3410"},"modified":"2020-12-16T23:51:44","modified_gmt":"2020-12-16T20:51:44","slug":"robotic-urology-surgery","status":"publish","type":"page","link":"https:\/\/groupflorence.com\/ro\/centers-treatments\/robotic-surgery-center\/robotic-urology-surgery\/","title":{"rendered":"Chirurgie Robotic\u0103 de Urologie"},"content":{"rendered":"<section id=\"bt_section6a061a6154174\"  class=\"boldSection gutter inherit treatment-container\" ><div class=\"port\"><div class=\"boldCell\"><div class=\"boldCellInner\"><div class=\"boldRow treatment-container \" ><div class=\"boldRowInner\"><div class=\"rowItem col-md-4 col-ms-12 btTextLeft\"  ><div class=\"rowItemContent\" ><div class=\"btClear btSeparator topSpaced noBorder\" ><hr><\/div><div class=\"btCustomMenu treatment-sidebar\" ><div class=\"menu-robotic-surgery-center-container\"><ul id=\"menu-robotic-surgery-center\" class=\"menu\"><li id=\"menu-item-3416\" class=\"menu-item menu-item-type-post_type menu-item-object-page menu-item-has-children menu-item-3416\"><a href=\"https:\/\/groupflorence.com\/ro\/centers-treatments\/\">Centre &#038; Departamente<\/a><ul class=\"sub-menu\"><li id=\"menu-item-3414\" class=\"menu-item menu-item-type-post_type menu-item-object-page menu-item-has-children menu-item-3414\"><a href=\"https:\/\/groupflorence.com\/ro\/centers-treatments\/robotic-surgery-center\/\">Centrul Chirurgie Robo<\/a><ul class=\"sub-menu\"><li id=\"menu-item-3432\" class=\"menu-item menu-item-type-post_type menu-item-object-page menu-item-3432\"><a href=\"https:\/\/groupflorence.com\/ro\/centers-treatments\/robotic-surgery-center\/robotic-cardiac-surgery\/\">Chirurgie Cardiac\u0103 Robotic\u0103<\/a><\/li><li id=\"menu-item-3424\" class=\"menu-item menu-item-type-post_type menu-item-object-page menu-item-3424\"><a href=\"https:\/\/groupflorence.com\/ro\/centers-treatments\/robotic-surgery-center\/robotic-general-surgery\/\">Chirurgie General\u0103 Robo<\/a><\/li><li id=\"menu-item-3438\" class=\"menu-item menu-item-type-post_type menu-item-object-page menu-item-3438\"><a href=\"https:\/\/groupflorence.com\/ro\/centers-treatments\/robotic-surgery-center\/robotic-gynecology\/\">Robotic Ginecologie<\/a><\/li><li id=\"menu-item-3435\" class=\"menu-item menu-item-type-post_type menu-item-object-page menu-item-3435\"><a href=\"https:\/\/groupflorence.com\/ro\/centers-treatments\/robotic-surgery-center\/robotic-obesity-surgery\/\">Chirurgie Robotic\u0103 a Obezit\u0103\u021bii<\/a><\/li><li id=\"menu-item-3413\" class=\"menu-item menu-item-type-post_type menu-item-object-page menu-item-3413\"><a href=\"https:\/\/groupflorence.com\/ro\/centers-treatments\/robotic-surgery-center\/robotic-urology-surgery\/\">Chirurgie Robotic\u0103 de Urologie<\/a><\/li><li id=\"menu-item-3441\" class=\"menu-item menu-item-type-post_type menu-item-object-page menu-item-3441\"><a href=\"https:\/\/groupflorence.com\/ro\/centers-treatments\/robotic-surgery-center\/robotic-thoracic-surgery\/\">Chirurgie Toracic\u0103 Robotic\u0103<\/a><\/li><\/ul><\/li><\/ul><\/li>\n<\/ul><\/div><\/div><div class=\"btClear btSeparator topSemiSpaced noBorder\" ><hr><\/div><div class=\"boldRow boldInnerRow  bt_bb_hidden_xs bt_bb_hidden_ms bt_bb_hidden_sm\" ><div class=\"rowItem rowInnerItem col-md-12  btTextCenter btMiddleVertical\"  ><div class=\"rowItemContent\"><div class=\"bpgPhoto btTextCenter\" > \r\n\t\t\t\t\t<a href=\"https:\/\/groupflorence.com\/ro\/patient-guide\/covid-19-precautions\/\" target=\"_blank\" title=\"\"><\/a>\r\n\t\t\t\t\t<div class=\"boldPhotoBox\"><div class=\"bpbItem\"><div class = \"btImage\"><img decoding=\"async\" src=\"https:\/\/groupflorence.com\/ro\/wp-content\/uploads\/2020\/12\/covid-safe-sidebar-320x186.jpg\" alt=\"\" title=\"\" ><\/div><\/div><\/div>\r\n\t\t\t\t\t<div class=\"captionPane\">\r\n\t\t\t\t\t\t<div class=\"captionTable\">\r\n\t\t\t\t\t\t\t<div class=\"captionCell\">\r\n\t\t\t\t\t\t\t\t<div class=\"captionTxt\"><\/div>\r\n\t\t\t\t\t\t\t<\/div>\r\n\t\t\t\t\t\t<\/div>\r\n\t\t\t\t\t<\/div><\/div><div class=\"btClear btSeparator topSmallSpaced bottomSmallSpaced border\" ><hr><\/div><a href=\"https:\/\/groupflorence.com\/ro\/contact-us\/\" class=\"btBtn btBtn btnFilledStyle btnAccentColor btnBig btnNormalWidth btnLeftPosition btnNoIcon\" ><span class=\"btnInnerText\">Ask A Question<\/span><\/a><\/div><\/div><\/div><\/div><\/div><div class=\"rowItem col-md-8 col-ms-12 btTextLeft\"  ><div class=\"rowItemContent\" ><div class=\"btClear btSeparator topSemiSpaced noBorder\" ><hr><\/div><header class=\"header btClear medium btDash bottomDash  btNormalDash\" ><div class=\"dash\"><h3><span class=\"headline\"><b class=\"animate\">Prostatectomie radical\u0103 cu chirurgie robotizat\u0103<\/b><\/span><\/h3><\/div><\/header><div class=\"btClear btSeparator topSemiSpaced noBorder\" ><hr><\/div><div class=\"btText\" ><\/p>\n<h3>Prostatectomie radical\u0103 cu chirurgie robotizat\u0103<\/h3>\n<p>Prostata este o gland\u0103 care formeaz\u0103 parte a sistemului reproductiv masculin \u0219i situat\u0103 imediat sub vezica urinar\u0103 \u0219i joac\u0103 un rol \u00een lichiditatea lichidului seminal. Se compune din celulele responsabile de secre\u021bie \u0219i \u021besuturile periferice de sus\u021binere a acestora.<\/p>\n<p>Cancerul de prostat\u0103 apare din cauza dezvolt\u0103rii anormale a acestor celule care sunt responsabile de secre\u021bie. \u00cen cazul e\u0219ecului de a face un diagnostic precoce, cancerul de prostat\u0103 se r\u0103sp\u00e2nde\u0219te \u00een \u021besuturile periferice prin intermediul limfei \u0219i vaselor de s\u00e2nge. Aceasta implic\u0103 \u00een cea mai mare parte ganglionii limfatici \u0219i oasele \u00eenconjur\u0103toare. De asemenea, se poate r\u0103sp\u00e2ndi \u00een pl\u0103m\u00e2ni, ficat \u0219i alte organe.<\/p>\n<h3>Etapele cauzelor cancerului de prostat\u0103 \u0219i factorii de risc<\/h3>\n<p>Se calculeaz\u0103 c\u0103 50% dintre b\u0103rba\u021bii de peste 70 de ani \u0219i aproape to\u021bi b\u0103rba\u021bii de peste 90 de ani au cancer de prostat\u0103 la nivel microscopic. Riscul pe via\u021b\u0103 pentru un b\u0103rbat s\u0103n\u0103tos de a contracta cancerul de prostat\u0103 este de aproximativ 17%. Aceasta \u00eenseamn\u0103 c\u0103 aproximativ unul din \u0219ase b\u0103rba\u021bi contract\u0103 cancerul de prostat\u0103. Rata mortalit\u0103\u0163ii a fost sc\u0103zut\u0103 dup\u0103 descoperirea \u015fi utilizarea testului PSA \u00een practicile clinice \u00een anii 1980. De\u0219i nu sunt disponibile statistici exacte pentru \u021bar\u0103, 250.000 de b\u0103rba\u021bi sunt diagnostica\u021bi anual cu cancer de prostat\u0103 \u00een SUA, iar 95% dintre ace\u0219tia au peste 45 de ani.<\/p>\n<h3>Factori de risc<\/h3>\n<p>Cauza cancerului de prostat\u0103 nu este cunoscut\u0103. Ca \u0219i \u00een cazul altor tipuri de cancer, condi\u021biile adverse de mediu sunt considerate a juca un rol \u00een dezvoltarea cancerului de prostat\u0103, \u00eempreun\u0103 cu predispozi\u021bia genetic\u0103. Cei mai importan\u021bi factori de risc sunt v\u00e2rsta \u0219i istoria familiei. Investigarea cancerului este recomandat\u0103 dup\u0103 50 de ani \u00een timpul controalelor de rutin\u0103; cu toate acestea, investiga\u0163iile sunt ini\u0163iate dup\u0103 40 de ani dac\u0103 familia are antecedente de cancer de prostat\u0103. 10% din totalul cancerelor de prostat\u0103 sunt estimate a fi mo\u015ftenite de la tat\u0103 la fiu. Riscul pentru copiii de sex masculin sau fra\u021bii pacien\u021bilor cu cancer de prostat\u0103 de a contracta cancerul de prostat\u0103 este mai mare de 2-9 ori.<\/p>\n<h3>Prostatectomie radical\u0103 robotizat\u0103<\/h3>\n<p>Exist\u0103 diferite metode disponibile pentru tratamentul cancerului de prostat\u0103. Prostatectomia radical\u0103 este cea mai eficient\u0103 din aceste metode. Rata de supravie\u021buire a pacien\u021bilor cu tumori bine diferen\u021biate care au suferit o prostatectomie este mai mare de 90%. Prostatectomia radical\u0103 este, prin urmare, metoda cea mai preferat\u0103 dintre toate metodele de tratament. Prostatectomia radical\u0103 deschis\u0103 conven\u021bional\u0103 implic\u0103 o incizie chirurgical\u0103 mare. Acest lucru duce la o perioad\u0103 mai lung\u0103 de recuperare postoperatorie; o \u0219edere prelungit\u0103 \u00een spital; un risc mai mare de infectare la nivelul locului; \u0219i o cicatrice mai mare pe pacient. Prostatectomia robotizat\u0103 care a devenit comun\u0103 \u00een ultimii ani permite incizii mai mici pentru procedur\u0103, astfel \u00eenc\u00e2t pacien\u021bilor li se ofer\u0103 o alternativ\u0103 de tratament minim invaziv\u0103 mai pu\u021bin traumatic\u0103.<\/p>\n<h3>Avantajele prostatectomiei radicale robotizate<\/h3>\n<p>Pierderea de s\u00e2nge mai pu\u021bin \u2014 Abdomenul este umflat cu gaz \u00een prostatectomia radical\u0103 robotizat\u0103. Hemoragia este redus\u0103 cu aceast\u0103 presiune a gazului. Gazul este evacuat din abdomen c\u00e2nd procedura este terminat\u0103. \u00cen plus, hemoragia poate fi monitorizat\u0103 \u00een mod clar de 3 camere dimensionale de \u00eenalt\u0103 defini\u021bie, care pot m\u0103ri locul chirurgical \u0219i prevenite mai devreme. Pacien\u0163ii nu au nevoie de transfuzie de s\u00e2nge.<\/p>\n<p>Mai scurt\u0103 \u0219edere \u00een spital \u2014 Pacien\u021bii pot fi evacua\u021bi din spital mai devreme dec\u00e2t pot \u00een cazul unei interven\u021bii chirurgicale deschise din cauza inciziilor mai mici \u0219i a pierderii mai mici de s\u00e2nge \u00een chirurgia robotizat\u0103.<\/p>\n<p>Timp mai scurt pentru cateter \u2014 Cateterul este \u00eendep\u0103rtat \u00een 6-7 zile prin cus\u0103tura impermeabil\u0103 a vezicii urinare la uretra (anastomoza) \u00een prostatectomia robotizat\u0103.<\/p>\n<p>Mai pu\u0163in\u0103 durere \u2014 Pacien\u0163ii simt mai pu\u0163in\u0103 durere dec\u00e2t \u00een cazul opera\u0163iilor deschise din cauza inciziilor mai mici.<\/p>\n<p>Un control mai bun al cancerului \u2014 \u00cen prostatectomia robotizat\u0103, chirurgul are o imagine clar\u0103 a \u021besutului prostatic cu o camer\u0103 tridimensional\u0103 de \u00eenalt\u0103 defini\u021bie \u0219i instrumente care se pot deplasa la 7 grade. Zona apical\u0103 a prostatei poate fi clar \u0219i bine afi\u0219at\u0103 \u0219i incizat\u0103 prin chirurgia robotizat\u0103. Ca urmare, pozitivitatea frontierei chirurgicale este considerabil redus\u0103.<\/p>\n<p>Controlul urinar mai bun \u2014 Controlul urinar se realizeaz\u0103 mai devreme \u00een prostatectomia robotizat\u0103 dec\u00e2t prostatectomia radical\u0103 deschis\u0103. Factorii care ajut\u0103 la ob\u021binerea controlului urinar precoce includ o imagine mai bun\u0103, mai pu\u021bin\u0103 hemoragie \u0219i uretra mai lung\u0103<\/p>\n<p>\u00centoarcerea timpurie la via\u021ba sexual\u0103 \u2014 Cu prostatectomia robotizat\u0103, conversia fibrelor nervoase \u0219i a fasciculelor de vase din jurul prostatei este mai bine efectuat\u0103 la un pacient adecvat, astfel \u00eenc\u00e2t pacien\u021bii s\u0103 se poat\u0103 \u00eentoarce la via\u021ba lor sexual\u0103 mai devreme.<\/p>\n<p><em>Complet\u00e2nd formularul de <\/em><strong><em>contact <\/em><\/strong> de<em>mai jos, pute\u021bi pune \u00eentreb\u0103ri \u0219i\/sau solicita mai multe informa\u021bii de la exper\u021bii no\u0219tri despre Robotic Urology la Grupul Florence Nightingale Hospital.<\/em><\/p>\n<p>\n<\/div><div class=\"btClear btSeparator topSemiSpaced noBorder\" ><hr><\/div><div class=\"boldRow boldInnerRow  \" ><div class=\"rowItem rowInnerItem col-md-4  btTextCenter inherit btNoPadding\" style=\"border: 1px solid #999;background-color: rgba(241, 241, 241, 1);\" ><div class=\"rowItemContent\"><div class=\"bpgPhoto btTextCenter\" ><div class=\"btImage\"><img decoding=\"async\" src=\"https:\/\/groupflorence.com\/ro\/wp-content\/uploads\/2020\/10\/Haluk-Akp_nar.jpg\" alt=\"\" title=\"\"><\/div><\/div><div class=\"btIconImageRow btIconsHalfHoverPosition\" ><\/div><div class=\"btClear btSeparator topSmallSpaced noBorder\" ><hr><\/div><div class=\"btText\" ><\/p>\n<h4><a href=\"https:\/\/groupflorence.com\/ro\/doctors\/haluk-akpinar\/\">Prof. Haluk Akp\u0131nar, MD<\/a><\/h4>\n<p>\n<\/div><div class=\"btClear btSeparator bottomExtraSmallSpaced noBorder\" ><hr><\/div><a href=\"https:\/\/groupflorence.com\/ro\/doctors\/haluk-akpinar\/\" class=\"btBtn btBtn btnFilledStyle btnLightColor btnSmall btnNormalWidth btnRightPosition btnNoIcon\"  target=\"_blank\"><span class=\"btnInnerText\">VIEW CV<\/span><\/a><div class=\"btClear btSeparator topExtraSmallSpaced bottomSmallSpaced noBorder\" ><hr><\/div><\/div><\/div><div class=\"rowItem rowInnerItem col-md-4  btTextCenter inherit btNoPadding\" style=\"border: 1px solid #999;background-color: rgba(241, 241, 241, 1);\" ><div class=\"rowItemContent\"><div class=\"bpgPhoto btTextCenter\" ><div class=\"btImage\"><img decoding=\"async\" src=\"https:\/\/groupflorence.com\/ro\/wp-content\/uploads\/2020\/10\/Fatih-Atug_.jpg\" alt=\"\" title=\"\"><\/div><\/div><div class=\"btIconImageRow btIconsHalfHoverPosition\" ><\/div><div class=\"btClear btSeparator topSmallSpaced noBorder\" ><hr><\/div><div class=\"btText\" ><\/p>\n<h4><a href=\"https:\/\/groupflorence.com\/ro\/doctors\/fatih-atug\/\">Prof. Fatih Atu\u011f, MD<\/a><\/h4>\n<p>\n<\/div><div class=\"btClear btSeparator bottomExtraSmallSpaced noBorder\" ><hr><\/div><a href=\"https:\/\/groupflorence.com\/ro\/doctors\/fatih-atug\/\" class=\"btBtn btBtn btnFilledStyle btnLightColor btnSmall btnNormalWidth btnRightPosition btnNoIcon\"  target=\"_blank\"><span class=\"btnInnerText\">VIEW CV<\/span><\/a><div class=\"btClear btSeparator topExtraSmallSpaced bottomSmallSpaced noBorder\" ><hr><\/div><\/div><\/div><div class=\"rowItem rowInnerItem col-md-4  btTextCenter inherit btNoPadding\" style=\"border: 1px solid #999;background-color: rgba(241, 241, 241, 1);\" ><div class=\"rowItemContent\"><div class=\"bpgPhoto btTextCenter\" ><div class=\"btImage\"><img decoding=\"async\" src=\"https:\/\/groupflorence.com\/ro\/wp-content\/uploads\/2020\/10\/Ahmet-Tunc_-O_zdemir.jpg\" alt=\"\" title=\"\"><\/div><\/div><div class=\"btIconImageRow btIconsHalfHoverPosition\" ><\/div><div class=\"btClear btSeparator topSmallSpaced noBorder\" ><hr><\/div><div class=\"btText\" ><\/p>\n<h4><a href=\"https:\/\/groupflorence.com\/ro\/doctors\/ahmet-tunc-ozdemir\/\">Prof. Ahmet Tun\u00e7 \u00d6zdemir, MD<\/a><\/h4>\n<p>\n<\/div><div class=\"btClear btSeparator bottomExtraSmallSpaced noBorder\" ><hr><\/div><a href=\"https:\/\/groupflorence.com\/ro\/doctors\/ahmet-tunc-ozdemir\/\" class=\"btBtn btBtn btnFilledStyle btnLightColor btnSmall btnNormalWidth btnRightPosition btnNoIcon\"  target=\"_blank\"><span class=\"btnInnerText\">VIEW CV<\/span><\/a><div class=\"btClear btSeparator topExtraSmallSpaced bottomSmallSpaced noBorder\" ><hr><\/div><\/div><\/div><\/div><div class=\"btClear btSeparator topSemiSpaced noBorder\" ><hr><\/div><header class=\"header btClear medium btDash bottomDash  btAccentDash\" ><div class=\"dash\"><h3><span class=\"headline\"><em>Contact Us Now<\/em><\/span><\/h3><\/div><\/header><div class=\"btClear btSeparator bottomSmallSpaced noBorder\" ><hr><\/div><div class=\"btText\" >\n<div class=\"wpcf7 no-js\" id=\"wpcf7-f2891-o1\" lang=\"tr-TR\" dir=\"ltr\" data-wpcf7-id=\"2891\">\n<div class=\"screen-reader-response\"><p role=\"status\" aria-live=\"polite\" aria-atomic=\"true\"><\/p> <ul><\/ul><\/div>\n<form action=\"\/ro\/wp-json\/wp\/v2\/pages\/3410#wpcf7-f2891-o1\" method=\"post\" class=\"wpcf7-form init wpcf7-acceptance-as-validation\" aria-label=\"\u0130leti\u015fim Formu\" novalidate=\"novalidate\" data-status=\"init\">\n<fieldset class=\"hidden-fields-container\"><input type=\"hidden\" name=\"_wpcf7\" value=\"2891\" \/><input type=\"hidden\" name=\"_wpcf7_version\" value=\"6.1.5\" \/><input type=\"hidden\" name=\"_wpcf7_locale\" value=\"tr_TR\" \/><input type=\"hidden\" name=\"_wpcf7_unit_tag\" value=\"wpcf7-f2891-o1\" \/><input type=\"hidden\" name=\"_wpcf7_container_post\" value=\"0\" \/><input type=\"hidden\" name=\"_wpcf7_posted_data_hash\" value=\"\" \/>\n<\/fieldset>\n<p style=\"margin-bottom:30px !important;\">\u00cen timp ce completa\u021bi formularul de contact de mai jos, pute\u021bi, de asemenea, s\u0103 ne trimite\u021bi fi\u0219ierele medicale ale pacientului\/dumneavoastr\u0103 prin <strong>transfer<\/strong>. A doua opinie medical\u0103 v\u0103 va fi prezentat\u0103 \u00een termen de 48 de ore.\n<\/p>\n<div class=\"boldRow boldInnerRow  \">\n\t<div class=\"rowItem rowInnerItem col-md-6  btTextLeft\">\n\t\t<div class=\"rowItemContent\">\n\t\t\t<p><label><span class=\"bt_bb_required\">Numele t\u0103u<\/span><br \/>\n<span class=\"wpcf7-form-control-wrap\" data-name=\"your-name\"><input size=\"40\" maxlength=\"400\" class=\"wpcf7-form-control wpcf7-text wpcf7-validates-as-required\" aria-required=\"true\" aria-invalid=\"false\" value=\"\" type=\"text\" name=\"your-name\" \/><\/span> <\/label>\n\t\t\t<\/p>\n\t\t\t<p><label><span class=\"bt_bb_required\">E-mailul dvs.<\/span><br \/>\n<span class=\"wpcf7-form-control-wrap\" data-name=\"your-email\"><input size=\"40\" maxlength=\"400\" class=\"wpcf7-form-control wpcf7-email wpcf7-validates-as-required wpcf7-text wpcf7-validates-as-email\" aria-required=\"true\" aria-invalid=\"false\" value=\"\" type=\"email\" name=\"your-email\" \/><\/span> <\/label>\n\t\t\t<\/p>\n\t\t\t<p><label><span class=\"bt_bb_required\">Telefonul dvs.<\/span><br \/>\n<span class=\"wpcf7-form-control-wrap\" data-name=\"your-phone\"><input size=\"40\" class=\"wpcf7-form-control wpcf7-phonetext wpcf7-text wpcf7-validates-as-phonetext\" id=\"int_phone\" aria-invalid=\"false\" value=\"\" type=\"text\" name=\"your-phone\" \/><input type=\"hidden\" name=\"your-phone-country-code\" class=\"wpcf7-phonetext-country-code\" \/><\/span> <\/label>\n\t\t\t<\/p>\n\t\t\t<p><label><span class=\"bt_bb_required\">Mesajul dvs.<\/span><br \/>\n<span class=\"wpcf7-form-control-wrap\" data-name=\"your-message\"><textarea cols=\"40\" rows=\"10\" maxlength=\"2000\" class=\"wpcf7-form-control wpcf7-textarea wpcf7-validates-as-required\" aria-required=\"true\" aria-invalid=\"false\" name=\"your-message\"><\/textarea><\/span> <\/label>\n\t\t\t<\/p>\n\t\t\t<p><label><span class=\"bt_bb_required\" style=\"margin-top:25px !important;\"><span class=\"wpcf7-form-control-wrap\" data-name=\"accept-this-1\"><span class=\"wpcf7-form-control wpcf7-acceptance\"><span class=\"wpcf7-list-item\"><label><input type=\"checkbox\" name=\"accept-this-1\" value=\"1\" aria-invalid=\"false\" \/><span class=\"wpcf7-list-item-label\">Sunt de acord cu <a target=\"_blank\" href=\"https:\/\/groupflorence.com\/ro\/terms-of-use\/\">Termenii \u0219i Serviciile<\/a>.<\/span><\/label><\/span><\/span><\/span><\/span><\/label>\n\t\t\t<\/p>\n\t\t\t<p><input class=\"wpcf7-form-control wpcf7-submit has-spinner contact_button_int\" type=\"submit\" value=\"TRIMITE MESAJ\" \/>\n\t\t\t<\/p>\n\t\t<\/div>\n\t<\/div>\n\t<div class=\"rowItem rowInnerItem col-md-6  btTextLeft\">\n\t\t<div class=\"rowItemContent\">\n\t\t\t<p align=\"center\" style=\"margin-top:30px;\"><br \/>\n<a href=\"http:\/\/florencenightingale.wetransfer.com\/\" target=\"_blank\" title=\"Click Here To Transfer Your Documents via WeTransfer\"><img decoding=\"async\"  align=\"center\" style=\"max-width:250px !important;\" class=\"lazy loaded\" src=\"https:\/\/groupflorence.com\/ro\/wp-content\/uploads\/2020\/08\/89130-wetransfer-default-logo-rgb-original-1365619064-e1599162229581.png\" data-src=\"https:\/\/groupflorence.com\/ro\/wp-content\/uploads\/2020\/08\/89130-wetransfer-default-logo-rgb-original-1365619064-e1599162229581.png\" alt=\"Click Here To Transfer Your Documents via WeTransfer\" title=\"Click Here To Transfer Your Documents via WeTransfer\" data-was-processed=\"true\" \/><\/a>\n\t\t\t<\/p>\n\t\t\t<h3 align=\"center\"><a href=\"http:\/\/florencenightingale.wetransfer.com\/\" target=\"_blank\" title=\"Click Here To Transfer Your Documents via WeTransfer\">Trimite prin WeTransfer<\/a>\n\t\t\t<\/h3>\n\t\t\t<p align=\"center\">Pute\u021bi trimite documentele dvs. medicale supradimensionate (\u00eenregistr\u0103ri RMN, rezultate de laborator, imagini etc.) folosind contul nostru WeTransfer. Este u\u0219or, rapid \u0219i sigur.\n\t\t\t<\/p>\n\t\t<\/div>\n\t\t<center>\n\t\t\t<p><a href=\"http:\/\/florencenightingale.wetransfer.com\/\" class=\"btBtn btBtn btnFilledStyle btnAccentColor btnSmall btnNormalWidth btnRightPosition btnNoIcon\" target=\"_blank\"><span class=\"btnInnerText\">Trimite acum<\/span><\/a>\n\t\t\t<\/p>\n\t\t<\/center>\n\t<\/div>\n<\/div><div class=\"wpcf7-response-output\" aria-hidden=\"true\"><\/div>\n<\/form>\n<\/div>\n<\/div><div class=\"btClear btSeparator topSpaced noBorder\" ><hr><\/div><\/div><\/div><\/div><\/div><\/div><\/div><\/div><\/section>\n","protected":false},"excerpt":{"rendered":"","protected":false},"author":1,"featured_media":0,"parent":2460,"menu_order":2,"comment_status":"closed","ping_status":"closed","template":"","meta":{"footnotes":""},"class_list":["post-3410","page","type-page","status-publish","hentry"],"_links":{"self":[{"href":"https:\/\/groupflorence.com\/ro\/wp-json\/wp\/v2\/pages\/3410","targetHints":{"allow":["GET"]}}],"collection":[{"href":"https:\/\/groupflorence.com\/ro\/wp-json\/wp\/v2\/pages"}],"about":[{"href":"https:\/\/groupflorence.com\/ro\/wp-json\/wp\/v2\/types\/page"}],"author":[{"embeddable":true,"href":"https:\/\/groupflorence.com\/ro\/wp-json\/wp\/v2\/users\/1"}],"replies":[{"embeddable":true,"href":"https:\/\/groupflorence.com\/ro\/wp-json\/wp\/v2\/comments?post=3410"}],"version-history":[{"count":3,"href":"https:\/\/groupflorence.com\/ro\/wp-json\/wp\/v2\/pages\/3410\/revisions"}],"predecessor-version":[{"id":6067,"href":"https:\/\/groupflorence.com\/ro\/wp-json\/wp\/v2\/pages\/3410\/revisions\/6067"}],"up":[{"embeddable":true,"href":"https:\/\/groupflorence.com\/ro\/wp-json\/wp\/v2\/pages\/2460"}],"wp:attachment":[{"href":"https:\/\/groupflorence.com\/ro\/wp-json\/wp\/v2\/media?parent=3410"}],"curies":[{"name":"wp","href":"https:\/\/api.w.org\/{rel}","templated":true}]}}