{"id":3169,"date":"2020-09-21T17:02:58","date_gmt":"2020-09-21T14:02:58","guid":{"rendered":"https:\/\/groupflorence.com\/ro\/?page_id=3169"},"modified":"2021-05-17T17:19:03","modified_gmt":"2021-05-17T14:19:03","slug":"hepatic-cirrhosis","status":"publish","type":"page","link":"https:\/\/groupflorence.com\/ro\/centers-treatments\/liver-transplantation-center\/hepatic-cirrhosis\/","title":{"rendered":"Ciroz\u0103 hepatic\u0103"},"content":{"rendered":"<section id=\"bt_section69ebd59579b08\"  class=\"boldSection gutter inherit treatment-container\" ><div class=\"port\"><div class=\"boldCell\"><div class=\"boldCellInner\"><div class=\"boldRow treatment-container \" ><div class=\"boldRowInner\"><div class=\"rowItem col-md-4 col-ms-12 btTextLeft\"  ><div class=\"rowItemContent\" ><div class=\"btClear btSeparator topSpaced noBorder\" ><hr><\/div><div class=\"btCustomMenu treatment-sidebar\" ><div class=\"menu-liver-transplantation-center-container\"><ul id=\"menu-liver-transplantation-center\" class=\"menu\"><li id=\"menu-item-3356\" class=\"menu-item menu-item-type-post_type menu-item-object-page menu-item-has-children menu-item-3356\"><a href=\"https:\/\/groupflorence.com\/ro\/centers-treatments\/\">Centre &#038; Departamente<\/a><ul class=\"sub-menu\"><li id=\"menu-item-3138\" class=\"menu-item menu-item-type-post_type menu-item-object-page menu-item-has-children menu-item-3138\"><a href=\"https:\/\/groupflorence.com\/ro\/centers-treatments\/liver-transplantation-center\/\">Centrul de Transplantare Fical\u0103<\/a><ul class=\"sub-menu\"><li id=\"menu-item-3174\" class=\"menu-item menu-item-type-post_type menu-item-object-page menu-item-3174\"><a href=\"https:\/\/groupflorence.com\/ro\/centers-treatments\/liver-transplantation-center\/about-liver-transplantation\/\">Despre Transplantul de Ficat<\/a><\/li><li id=\"menu-item-3171\" class=\"menu-item menu-item-type-post_type menu-item-object-page menu-item-3171\"><a href=\"https:\/\/groupflorence.com\/ro\/centers-treatments\/liver-transplantation-center\/hepatic-cirrhosis\/\">Ciroz\u0103 hepatic\u0103<\/a><\/li><li id=\"menu-item-3179\" class=\"menu-item menu-item-type-post_type menu-item-object-page menu-item-3179\"><a href=\"https:\/\/groupflorence.com\/ro\/centers-treatments\/liver-transplantation-center\/donation-of-liver\/\">Donarea de Ficat<\/a><\/li><li id=\"menu-item-3185\" class=\"menu-item menu-item-type-post_type menu-item-object-page menu-item-3185\"><a href=\"https:\/\/groupflorence.com\/ro\/centers-treatments\/liver-transplantation-center\/frequently-asked-questions\/\">\u00centreb\u0103ri Frecvente<\/a><\/li><\/ul><\/li><\/ul><\/li>\n<\/ul><\/div><\/div><div class=\"btClear btSeparator topSemiSpaced noBorder\" ><hr><\/div><div class=\"boldRow boldInnerRow  bt_bb_hidden_xs bt_bb_hidden_ms bt_bb_hidden_sm\" ><div class=\"rowItem rowInnerItem col-md-12  btTextCenter btMiddleVertical\"  ><div class=\"rowItemContent\"><div class=\"bpgPhoto btTextCenter\" > \r\n\t\t\t\t\t<a href=\"https:\/\/groupflorence.com\/ro\/patient-guide\/covid-19-precautions\/\" target=\"_blank\" title=\"\"><\/a>\r\n\t\t\t\t\t<div class=\"boldPhotoBox\"><div class=\"bpbItem\"><div class = \"btImage\"><img decoding=\"async\" src=\"https:\/\/groupflorence.com\/ro\/wp-content\/uploads\/2020\/12\/covid-safe-sidebar-320x186.jpg\" alt=\"\" title=\"\" ><\/div><\/div><\/div>\r\n\t\t\t\t\t<div class=\"captionPane\">\r\n\t\t\t\t\t\t<div class=\"captionTable\">\r\n\t\t\t\t\t\t\t<div class=\"captionCell\">\r\n\t\t\t\t\t\t\t\t<div class=\"captionTxt\"><\/div>\r\n\t\t\t\t\t\t\t<\/div>\r\n\t\t\t\t\t\t<\/div>\r\n\t\t\t\t\t<\/div><\/div><div class=\"btClear btSeparator topSmallSpaced bottomSmallSpaced border\" ><hr><\/div><a href=\"https:\/\/groupflorence.com\/ro\/contact-us\/\" class=\"btBtn btBtn btnFilledStyle btnAccentColor btnBig btnNormalWidth btnLeftPosition btnNoIcon\" ><span class=\"btnInnerText\">Ask A Question<\/span><\/a><\/div><\/div><\/div><\/div><\/div><div class=\"rowItem col-md-8 col-ms-12 btTextLeft\"  ><div class=\"rowItemContent\" ><div class=\"btClear btSeparator topSemiSpaced noBorder\" ><hr><\/div><header class=\"header btClear medium btDash bottomDash  btNormalDash\" ><div class=\"dash\"><h3><span class=\"headline\"><b class=\"animate\">Ciroz\u0103 hepatic\u0103<br \/><br><\/b><\/span><\/h3><\/div><\/header><div class=\"btClear btSeparator topSemiSpaced noBorder\" ><hr><\/div><div class=\"btText\" ><\/p>\n<p>Ciroza este cicatrizare ireversibil\u0103 a ficatului, prezent\u00e2nd un risc poten\u021bial care pune via\u021ba \u00een pericol. Aproximativ 80% p\u00e2n\u0103 la 90% din ficat poate fi deteriorat \u0219i \u00eenlocuit cu \u021besut cicatrizat (moarte) \u00eentr-un stadiu avansat. Ciroza este cauzat\u0103 de alcool, infec\u021bie viral\u0103 (Hepatita B, C), substan\u021be toxice (de exemplu medicamente, exces de cupru sau fier \u00een ficat) sau leziuni hepatice de ani de la blocarea sistemului biliar. Ficatul trece printr-o cicatrizare progresiv\u0103, \u00eenlocuind treptat toate celulele hepatice normale.<\/p>\n<p>\u00cen majoritatea cazurilor, cauzele de mai sus sunt de obicei rezultatul hepatitei tratabile. Cu toate acestea, \u00een cazul neelimin\u0103rii sau trat\u0103rii factorului de probleme, apare ciroza \u0219i este, de obicei, prea t\u00e2rziu pentru a modifica evolu\u021bia bolii.<\/p>\n<p>\n<\/div><div class=\"btClear btSeparator topSmallSpaced noBorder\" ><hr><\/div><header class=\"header btClear medium btDash bottomDash  btAccentDash\" ><div class=\"dash\"><h3><span class=\"headline\">Simptomele cirozei hepatice<\/span><\/h3><\/div><\/header><div class=\"btClear btSeparator topExtraSmallSpaced noBorder\" ><hr><\/div><div class=\"btText\" ><\/p>\n<p>Acesta prezint\u0103 ini\u021bial cu simptome, inclusiv oboseal\u0103, somnolen\u021b\u0103, \u00eeng\u0103lbenirea ochilor \u0219i a urinei (icter u\u0219or), picioare umflate, m\u00e2nc\u0103rime \u0219i anemie (hemoglobin\u0103 sc\u0103zut\u0103). \u00cen etapele ulterioare, pacientul poate suferi de multe complica\u021bii care pun via\u021ba \u00een pericol, cum ar fi hematemeza, stomacul umflat, ceea ce duce la infec\u021bii grave cauzate de ascit\u0103, tulbur\u0103ri psihice, com\u0103, icter sever \u0219i disfunc\u021bie renal\u0103.<\/p>\n<p>Pacientul poate prezenta, de asemenea, hemoragie datorit\u0103 nivelurilor mai sc\u0103zute de protrombin\u0103, o protein\u0103 hepatic\u0103 \u0219i un num\u0103r sc\u0103zut de trombocite din s\u00e2nge. Ambele sunt critice pentru coagularea normal\u0103 a s\u00e2ngelui.<\/p>\n<p>\n<\/div><div class=\"btClear btSeparator topSmallSpaced noBorder\" ><hr><\/div><header class=\"header btClear medium btDash bottomDash  btAccentDash\" ><div class=\"dash\"><h3><span class=\"headline\">Condi\u021bii de via\u021b\u0103 cu ciroz\u0103<\/span><\/h3><\/div><\/header><div class=\"btClear btSeparator topExtraSmallSpaced noBorder\" ><hr><\/div><div class=\"btText\" ><\/p>\n<p>Desi ciroza \u00eenseamn\u0103 leziuni ireversibile ale hepatic, un om \u00eentr-un stadiu incipient de ciroz\u0103 (stadiul Copilul A sau copilul B timpuriu) este probabil s\u0103 aib\u0103 o via\u021b\u0103 bun\u0103 timp de mul\u021bi ani printr-un tratament adecvat planificate de speciali\u015fti \u00een hepatic. Pe de alt\u0103 parte, ciroza progresiv sau ciroza \u00een stadiul C al copilului arat\u0103 un transplant de ficat care necesit\u0103 un aviz de specialitate<\/p>\n<h4>Lucruri de f\u0103cut<\/h4>\n<ol>\n<li>Este necesar\u0103 o evaluare detaliat\u0103 cu un specialist \u00een ficat pentru a evalua boala \u0219i pentru a decide tratamentul adecvat.<\/li>\n<li>Testele periodice ale func\u021biei hepatice sunt necesare la fiecare 1-3 luni \u00een ciroza precoce \u0219i la fiecare 1-4 s\u0103pt\u0103m\u00e2ni \u00een ciroza progresat\u0103 \u00eenso\u021bit\u0103 de un specialist \u00een ficat \u0219i este necesar\u0103 urm\u0103rirea. Perioada dintre controale va fi decis\u0103 de c\u0103tre medicul dumneavoastr\u0103 \u00een func\u021bie de simptomele \u0219i severitatea bolii.<\/li>\n<li>\u00cen cazul bolilor hepatice cronice, nutri\u021bia s\u0103n\u0103toas\u0103 este esen\u021bial\u0103 pentru func\u021biile hepatice optime. Spre deosebire de credin\u021ba obi\u0219nuit\u0103, digestia r\u0103m\u00e2ne normal\u0103 p\u00e2n\u0103 la etapele t\u00e2rzii ale bolii hepatice, cu excep\u021bia prezen\u021bei icterului sever. Astfel, este doar un mit c\u0103 ar trebui s\u0103 evit\u0103m complet alimentele grase \u0219i proteinele \u00een toate tipurile de boli hepatice. Acest lucru nu este numai inutil, ci \u0219i foarte d\u0103un\u0103tor deoarece duce la malnutri\u021bie, pierdere \u00een greutate \u0219i afectarea mai rapid\u0103 a s\u0103n\u0103t\u0103\u021bii \u00een majoritatea cazurilor.<\/li>\n<li>\u00cen cazul cirozei asociate hepatitei B, dac\u0103 testul ADN VHB este pozitiv, trebuie consultat un specialist \u00een ficat pentru a lua \u00een considerare tratamentul cu Lamivudin.<\/li>\n<li>\u00cen ciroza precoce asociat\u0103 cu hepatita C, trebuie consultat un specialist \u00een ficat pentru a primi tratament cu interferon alfa \u015fi ribavirin\u0103, care poate fi util.<\/li>\n<\/ol>\n<p><span style=\"font-size: 16px; font-weight: 600;\">Lucruri de evitat\u00a0<\/span><\/p>\n<ol>\n<li>\u00cen ciroza legat\u0103 de alcool, \u00een orice caz, trebuie s\u0103 evita\u0163i alcoolul \u015fi s\u0103 limita\u0163i consumul de alcool la toate celelalte tipuri de ciroz\u0103, \u00een special la hepatita C.<\/li>\n<li>Activitatea fizic\u0103 excesiv\u0103 trebuie evitat\u0103 \u00een special \u00een cazul cirozei legate de virus.<\/li>\n<li>De asemenea, trebuie evitat\u0103 odihna de pat necesar\u0103 \u0219i trebuie men\u021binut un nivel rezonabil de activitate \u0219i mi\u0219c\u0103ri.<\/li>\n<li>\u00cen stadiile avansate de ciroz\u0103, sporturile de contact trebuie evitate din cauza coagul\u0103rii insuficiente \u0219i a tendin\u021bei de s\u00e2ngerare.<\/li>\n<li>Metodele de auto-medica\u021bie trebuie evitate din cauza insuficien\u021bei hepatice \u0219i deoarece medicamentul poate avea efecte pe termen lung \u0219i poate deteriora \u00een continuare ficatul deja deteriorat.<\/li>\n<\/ol>\n<p>\n<\/div><div class=\"btClear btSeparator topSemiSpaced noBorder\" ><hr><\/div><div class=\"boldRow boldInnerRow  \" ><div class=\"rowItem rowInnerItem col-md-4  btTextCenter inherit btNoPadding\" style=\"border: 1px solid #999;background-color: rgba(241, 241, 241, 1);\" ><div class=\"rowItemContent\"><div class=\"bpgPhoto btTextCenter\" ><div class=\"btImage\"><img decoding=\"async\" src=\"https:\/\/groupflorence.com\/ro\/wp-content\/uploads\/2020\/10\/Nagihan-I\u0307nan-Gu\u0308rcan.jpg\" alt=\"\" title=\"\"><\/div><\/div><div class=\"btIconImageRow btIconsHalfHoverPosition\" ><\/div><div class=\"btClear btSeparator topSmallSpaced noBorder\" ><hr><\/div><div class=\"btText\" ><\/p>\n<h4><a href=\"https:\/\/groupflorence.com\/ro\/doctors\/nagihan-inan-gurcan\/\">Prof. Nagihan G\u00fcrcan, MD<\/a><\/h4>\n<p>\n<\/div><div class=\"btClear btSeparator bottomExtraSmallSpaced noBorder\" ><hr><\/div><a href=\"https:\/\/groupflorence.com\/ro\/doctors\/nagihan-inan-gurcan\/\" class=\"btBtn btBtn btnFilledStyle btnLightColor btnSmall btnNormalWidth btnRightPosition btnNoIcon\"  target=\"_blank\"><span class=\"btnInnerText\">VIEW CV<\/span><\/a><div class=\"btClear btSeparator topExtraSmallSpaced bottomSmallSpaced noBorder\" ><hr><\/div><\/div><\/div><div class=\"rowItem rowInnerItem col-md-4  btTextCenter inherit btNoPadding\" style=\"border: 1px solid #999;background-color: rgba(241, 241, 241, 1);\" ><div class=\"rowItemContent\"><div class=\"bpgPhoto btTextCenter\" ><div class=\"btImage\"><img decoding=\"async\" src=\"https:\/\/groupflorence.com\/ro\/wp-content\/uploads\/2020\/10\/Y_ld_ray-Yu_zer.jpg\" alt=\"\" title=\"\"><\/div><\/div><div class=\"btIconImageRow btIconsHalfHoverPosition\" ><\/div><div class=\"btClear btSeparator topSmallSpaced noBorder\" ><hr><\/div><div class=\"btText\" ><\/p>\n<h4><a href=\"https:\/\/groupflorence.com\/ro\/doctors\/yildiray-yuzer\/\">Prof. Y\u0131ld\u0131ray Y\u00fczer, MD<\/a><\/h4>\n<p>\n<\/div><div class=\"btClear btSeparator bottomExtraSmallSpaced noBorder\" ><hr><\/div><a href=\"https:\/\/groupflorence.com\/ro\/doctors\/yildiray-yuzer\/\" class=\"btBtn btBtn btnFilledStyle btnLightColor btnSmall btnNormalWidth btnRightPosition btnNoIcon\"  target=\"_blank\"><span class=\"btnInnerText\">VIEW CV<\/span><\/a><div class=\"btClear btSeparator topExtraSmallSpaced bottomSmallSpaced noBorder\" ><hr><\/div><\/div><\/div><div class=\"rowItem rowInnerItem col-md-4  btTextCenter inherit btNoPadding\" style=\"border: 1px solid #999;background-color: rgba(241, 241, 241, 1);\" ><div class=\"rowItemContent\"><\/div><\/div><\/div><div class=\"btClear btSeparator topSemiSpaced noBorder\" ><hr><\/div><header class=\"header btClear medium btDash bottomDash  btAccentDash\" ><div class=\"dash\"><h3><span class=\"headline\"><em>Contact Us Now<\/em><\/span><\/h3><\/div><\/header><div class=\"btClear btSeparator bottomSmallSpaced noBorder\" ><hr><\/div><div class=\"btText\" >\n<div class=\"wpcf7 no-js\" id=\"wpcf7-f2891-o1\" lang=\"tr-TR\" dir=\"ltr\" data-wpcf7-id=\"2891\">\n<div class=\"screen-reader-response\"><p role=\"status\" aria-live=\"polite\" aria-atomic=\"true\"><\/p> <ul><\/ul><\/div>\n<form action=\"\/ro\/wp-json\/wp\/v2\/pages\/3169#wpcf7-f2891-o1\" method=\"post\" class=\"wpcf7-form init wpcf7-acceptance-as-validation\" aria-label=\"\u0130leti\u015fim Formu\" novalidate=\"novalidate\" data-status=\"init\">\n<fieldset class=\"hidden-fields-container\"><input type=\"hidden\" name=\"_wpcf7\" value=\"2891\" \/><input type=\"hidden\" name=\"_wpcf7_version\" value=\"6.1.5\" \/><input type=\"hidden\" name=\"_wpcf7_locale\" value=\"tr_TR\" \/><input type=\"hidden\" name=\"_wpcf7_unit_tag\" value=\"wpcf7-f2891-o1\" \/><input type=\"hidden\" name=\"_wpcf7_container_post\" value=\"0\" \/><input type=\"hidden\" name=\"_wpcf7_posted_data_hash\" value=\"\" \/>\n<\/fieldset>\n<p style=\"margin-bottom:30px !important;\">\u00cen timp ce completa\u021bi formularul de contact de mai jos, pute\u021bi, de asemenea, s\u0103 ne trimite\u021bi fi\u0219ierele medicale ale pacientului\/dumneavoastr\u0103 prin <strong>transfer<\/strong>. A doua opinie medical\u0103 v\u0103 va fi prezentat\u0103 \u00een termen de 48 de ore.\n<\/p>\n<div class=\"boldRow boldInnerRow  \">\n\t<div class=\"rowItem rowInnerItem col-md-6  btTextLeft\">\n\t\t<div class=\"rowItemContent\">\n\t\t\t<p><label><span class=\"bt_bb_required\">Numele t\u0103u<\/span><br \/>\n<span class=\"wpcf7-form-control-wrap\" data-name=\"your-name\"><input size=\"40\" maxlength=\"400\" class=\"wpcf7-form-control wpcf7-text wpcf7-validates-as-required\" aria-required=\"true\" aria-invalid=\"false\" value=\"\" type=\"text\" name=\"your-name\" \/><\/span> <\/label>\n\t\t\t<\/p>\n\t\t\t<p><label><span class=\"bt_bb_required\">E-mailul dvs.<\/span><br \/>\n<span class=\"wpcf7-form-control-wrap\" data-name=\"your-email\"><input size=\"40\" maxlength=\"400\" class=\"wpcf7-form-control wpcf7-email wpcf7-validates-as-required wpcf7-text wpcf7-validates-as-email\" aria-required=\"true\" aria-invalid=\"false\" value=\"\" type=\"email\" name=\"your-email\" \/><\/span> <\/label>\n\t\t\t<\/p>\n\t\t\t<p><label><span class=\"bt_bb_required\">Telefonul dvs.<\/span><br \/>\n<span class=\"wpcf7-form-control-wrap\" data-name=\"your-phone\"><input size=\"40\" class=\"wpcf7-form-control wpcf7-phonetext wpcf7-text wpcf7-validates-as-phonetext\" id=\"int_phone\" aria-invalid=\"false\" value=\"\" type=\"text\" name=\"your-phone\" \/><input type=\"hidden\" name=\"your-phone-country-code\" class=\"wpcf7-phonetext-country-code\" \/><\/span> <\/label>\n\t\t\t<\/p>\n\t\t\t<p><label><span class=\"bt_bb_required\">Mesajul dvs.<\/span><br \/>\n<span class=\"wpcf7-form-control-wrap\" data-name=\"your-message\"><textarea cols=\"40\" rows=\"10\" maxlength=\"2000\" class=\"wpcf7-form-control wpcf7-textarea wpcf7-validates-as-required\" aria-required=\"true\" aria-invalid=\"false\" name=\"your-message\"><\/textarea><\/span> <\/label>\n\t\t\t<\/p>\n\t\t\t<p><label><span class=\"bt_bb_required\" style=\"margin-top:25px !important;\"><span class=\"wpcf7-form-control-wrap\" data-name=\"accept-this-1\"><span class=\"wpcf7-form-control wpcf7-acceptance\"><span class=\"wpcf7-list-item\"><label><input type=\"checkbox\" name=\"accept-this-1\" value=\"1\" aria-invalid=\"false\" \/><span class=\"wpcf7-list-item-label\">Sunt de acord cu <a target=\"_blank\" href=\"https:\/\/groupflorence.com\/ro\/terms-of-use\/\">Termenii \u0219i Serviciile<\/a>.<\/span><\/label><\/span><\/span><\/span><\/span><\/label>\n\t\t\t<\/p>\n\t\t\t<p><input class=\"wpcf7-form-control wpcf7-submit has-spinner contact_button_int\" type=\"submit\" value=\"TRIMITE MESAJ\" \/>\n\t\t\t<\/p>\n\t\t<\/div>\n\t<\/div>\n\t<div class=\"rowItem rowInnerItem col-md-6  btTextLeft\">\n\t\t<div class=\"rowItemContent\">\n\t\t\t<p align=\"center\" style=\"margin-top:30px;\"><br \/>\n<a href=\"http:\/\/florencenightingale.wetransfer.com\/\" target=\"_blank\" title=\"Click Here To Transfer Your Documents via WeTransfer\"><img decoding=\"async\"  align=\"center\" style=\"max-width:250px !important;\" class=\"lazy loaded\" src=\"https:\/\/groupflorence.com\/ro\/wp-content\/uploads\/2020\/08\/89130-wetransfer-default-logo-rgb-original-1365619064-e1599162229581.png\" data-src=\"https:\/\/groupflorence.com\/ro\/wp-content\/uploads\/2020\/08\/89130-wetransfer-default-logo-rgb-original-1365619064-e1599162229581.png\" alt=\"Click Here To Transfer Your Documents via WeTransfer\" title=\"Click Here To Transfer Your Documents via WeTransfer\" data-was-processed=\"true\" \/><\/a>\n\t\t\t<\/p>\n\t\t\t<h3 align=\"center\"><a href=\"http:\/\/florencenightingale.wetransfer.com\/\" target=\"_blank\" title=\"Click Here To Transfer Your Documents via WeTransfer\">Trimite prin WeTransfer<\/a>\n\t\t\t<\/h3>\n\t\t\t<p align=\"center\">Pute\u021bi trimite documentele dvs. medicale supradimensionate (\u00eenregistr\u0103ri RMN, rezultate de laborator, imagini etc.) folosind contul nostru WeTransfer. Este u\u0219or, rapid \u0219i sigur.\n\t\t\t<\/p>\n\t\t<\/div>\n\t\t<center>\n\t\t\t<p><a href=\"http:\/\/florencenightingale.wetransfer.com\/\" class=\"btBtn btBtn btnFilledStyle btnAccentColor btnSmall btnNormalWidth btnRightPosition btnNoIcon\" target=\"_blank\"><span class=\"btnInnerText\">Trimite acum<\/span><\/a>\n\t\t\t<\/p>\n\t\t<\/center>\n\t<\/div>\n<\/div><div class=\"wpcf7-response-output\" aria-hidden=\"true\"><\/div>\n<\/form>\n<\/div>\n<\/div><div class=\"btClear btSeparator topSpaced noBorder\" ><hr><\/div><\/div><\/div><\/div><\/div><\/div><\/div><\/div><\/section>\n","protected":false},"excerpt":{"rendered":"","protected":false},"author":1,"featured_media":0,"parent":2503,"menu_order":8,"comment_status":"closed","ping_status":"closed","template":"","meta":{"footnotes":""},"class_list":["post-3169","page","type-page","status-publish","hentry"],"_links":{"self":[{"href":"https:\/\/groupflorence.com\/ro\/wp-json\/wp\/v2\/pages\/3169","targetHints":{"allow":["GET"]}}],"collection":[{"href":"https:\/\/groupflorence.com\/ro\/wp-json\/wp\/v2\/pages"}],"about":[{"href":"https:\/\/groupflorence.com\/ro\/wp-json\/wp\/v2\/types\/page"}],"author":[{"embeddable":true,"href":"https:\/\/groupflorence.com\/ro\/wp-json\/wp\/v2\/users\/1"}],"replies":[{"embeddable":true,"href":"https:\/\/groupflorence.com\/ro\/wp-json\/wp\/v2\/comments?post=3169"}],"version-history":[{"count":6,"href":"https:\/\/groupflorence.com\/ro\/wp-json\/wp\/v2\/pages\/3169\/revisions"}],"predecessor-version":[{"id":6262,"href":"https:\/\/groupflorence.com\/ro\/wp-json\/wp\/v2\/pages\/3169\/revisions\/6262"}],"up":[{"embeddable":true,"href":"https:\/\/groupflorence.com\/ro\/wp-json\/wp\/v2\/pages\/2503"}],"wp:attachment":[{"href":"https:\/\/groupflorence.com\/ro\/wp-json\/wp\/v2\/media?parent=3169"}],"curies":[{"name":"wp","href":"https:\/\/api.w.org\/{rel}","templated":true}]}}