{"id":3159,"date":"2020-09-21T17:20:50","date_gmt":"2020-09-21T14:20:50","guid":{"rendered":"https:\/\/groupflorence.com\/ro\/?page_id=3159"},"modified":"2021-05-17T17:19:15","modified_gmt":"2021-05-17T14:19:15","slug":"donation-of-liver","status":"publish","type":"page","link":"https:\/\/groupflorence.com\/ro\/centers-treatments\/liver-transplantation-center\/donation-of-liver\/","title":{"rendered":"Donarea de Ficat"},"content":{"rendered":"<section id=\"bt_section69ebacdeba880\"  class=\"boldSection gutter inherit treatment-container\" ><div class=\"port\"><div class=\"boldCell\"><div class=\"boldCellInner\"><div class=\"boldRow treatment-container \" ><div class=\"boldRowInner\"><div class=\"rowItem col-md-4 col-ms-12 btTextLeft\"  ><div class=\"rowItemContent\" ><div class=\"btClear btSeparator topSpaced noBorder\" ><hr><\/div><div class=\"btCustomMenu treatment-sidebar\" ><div class=\"menu-liver-transplantation-center-container\"><ul id=\"menu-liver-transplantation-center\" class=\"menu\"><li id=\"menu-item-3356\" class=\"menu-item menu-item-type-post_type menu-item-object-page menu-item-has-children menu-item-3356\"><a href=\"https:\/\/groupflorence.com\/ro\/centers-treatments\/\">Centre &#038; Departamente<\/a><ul class=\"sub-menu\"><li id=\"menu-item-3138\" class=\"menu-item menu-item-type-post_type menu-item-object-page menu-item-has-children menu-item-3138\"><a href=\"https:\/\/groupflorence.com\/ro\/centers-treatments\/liver-transplantation-center\/\">Centrul de Transplantare Fical\u0103<\/a><ul class=\"sub-menu\"><li id=\"menu-item-3174\" class=\"menu-item menu-item-type-post_type menu-item-object-page menu-item-3174\"><a href=\"https:\/\/groupflorence.com\/ro\/centers-treatments\/liver-transplantation-center\/about-liver-transplantation\/\">Despre Transplantul de Ficat<\/a><\/li><li id=\"menu-item-3171\" class=\"menu-item menu-item-type-post_type menu-item-object-page menu-item-3171\"><a href=\"https:\/\/groupflorence.com\/ro\/centers-treatments\/liver-transplantation-center\/hepatic-cirrhosis\/\">Ciroz\u0103 hepatic\u0103<\/a><\/li><li id=\"menu-item-3179\" class=\"menu-item menu-item-type-post_type menu-item-object-page menu-item-3179\"><a href=\"https:\/\/groupflorence.com\/ro\/centers-treatments\/liver-transplantation-center\/donation-of-liver\/\">Donarea de Ficat<\/a><\/li><li id=\"menu-item-3185\" class=\"menu-item menu-item-type-post_type menu-item-object-page menu-item-3185\"><a href=\"https:\/\/groupflorence.com\/ro\/centers-treatments\/liver-transplantation-center\/frequently-asked-questions\/\">\u00centreb\u0103ri Frecvente<\/a><\/li><\/ul><\/li><\/ul><\/li>\n<\/ul><\/div><\/div><div class=\"btClear btSeparator topSemiSpaced noBorder\" ><hr><\/div><div class=\"boldRow boldInnerRow  bt_bb_hidden_xs bt_bb_hidden_ms bt_bb_hidden_sm\" ><div class=\"rowItem rowInnerItem col-md-12  btTextCenter btMiddleVertical\"  ><div class=\"rowItemContent\"><div class=\"bpgPhoto btTextCenter\" > \r\n\t\t\t\t\t<a href=\"https:\/\/groupflorence.com\/ro\/patient-guide\/covid-19-precautions\/\" target=\"_blank\" title=\"\"><\/a>\r\n\t\t\t\t\t<div class=\"boldPhotoBox\"><div class=\"bpbItem\"><div class = \"btImage\"><img decoding=\"async\" src=\"https:\/\/groupflorence.com\/ro\/wp-content\/uploads\/2020\/12\/covid-safe-sidebar-320x186.jpg\" alt=\"\" title=\"\" ><\/div><\/div><\/div>\r\n\t\t\t\t\t<div class=\"captionPane\">\r\n\t\t\t\t\t\t<div class=\"captionTable\">\r\n\t\t\t\t\t\t\t<div class=\"captionCell\">\r\n\t\t\t\t\t\t\t\t<div class=\"captionTxt\"><\/div>\r\n\t\t\t\t\t\t\t<\/div>\r\n\t\t\t\t\t\t<\/div>\r\n\t\t\t\t\t<\/div><\/div><div class=\"btClear btSeparator topSmallSpaced bottomSmallSpaced border\" ><hr><\/div><a href=\"https:\/\/groupflorence.com\/ro\/contact-us\/\" class=\"btBtn btBtn btnFilledStyle btnAccentColor btnBig btnNormalWidth btnLeftPosition btnNoIcon\" ><span class=\"btnInnerText\">Ask A Question<\/span><\/a><\/div><\/div><\/div><\/div><\/div><div class=\"rowItem col-md-8 col-ms-12 btTextLeft\"  ><div class=\"rowItemContent\" ><div class=\"btClear btSeparator topSemiSpaced noBorder\" ><hr><\/div><header class=\"header btClear medium btDash bottomDash  btNormalDash\" ><div class=\"dash\"><h3><span class=\"headline\"><b class=\"animate\">Donarea de Ficat<br \/><br><\/b><\/span><\/h3><\/div><\/header><div class=\"btClear btSeparator topSemiSpaced noBorder\" ><hr><\/div><div class=\"btText\" ><\/p>\n<p><strong>Ficatul poate fi donat de dou\u0103 tipuri de donatori:<\/strong><\/p>\n<p>\n<\/div><div class=\"btClear btSeparator topSmallSpaced noBorder\" ><hr><\/div><header class=\"header btClear medium btDash bottomDash  btAccentDash\" ><div class=\"dash\"><h3><span class=\"headline\">Transplantul de Ficat Donator Decedat<\/span><\/h3><\/div><\/header><div class=\"btClear btSeparator topExtraSmallSpaced noBorder\" ><hr><\/div><div class=\"btText\" ><\/p>\n<p>Aceast\u0103 procedur\u0103 utilizeaz\u0103 un ficat care devine disponibil atunci c\u00e2nd o persoan\u0103 moare (moartea creierului), iar familia sa doneaz\u0103 organul pentru transplant. Aceasta se \u00eent\u00e2mpl\u0103 la pacien\u021bii transfera\u021bi la unitatea de terapie intensiv\u0103 dup\u0103 moartea creierului din cauza unui accident sau a unei boli. Dup\u0103 stabilirea faptului c\u0103 pacientul este efectiv mort (moarte cerebral\u0103) \u0219i ob\u021binerea consim\u021b\u0103m\u00e2ntului familiei sale pentru donarea de organe, unele organe \u0219i \u00eentregul ficat al donatorului pot fi \u00eendep\u0103rtate pentru a fi transplantate la al\u021bi pacien\u021bi. Dup\u0103 \u00eendep\u0103rtarea ficatului, acesta este p\u0103strat \u00een siguran\u021b\u0103 \u00een afara corpului \u00een solu\u021bii speciale de protec\u021bie timp de 12-15 ore. \u00cen aceast\u0103 perioad\u0103, Sistemul Interna\u021bional de Coordonare (ICS) este contactat pentru a identifica cei mai potrivi\u021bi destinatari \u0219i pentru a transporta ficatul la centrul relevant.<\/p>\n<p>Distribu\u021bia acestor organe depinde de tipul de s\u00e2nge care ar trebui s\u0103 fie compatibil cu tipul de s\u00e2nge al pacientului; timpul petrecut pe lista de a\u0219teptare; \u0219i urgen\u021ba \u00een conformitate cu reglement\u0103rile aplicabile ale Ministerului S\u0103n\u0103t\u0103\u021bii T.R.<\/p>\n<p>\n<\/div><div class=\"btClear btSeparator topSmallSpaced noBorder\" ><hr><\/div><header class=\"header btClear medium btDash bottomDash  btAccentDash\" ><div class=\"dash\"><h3><span class=\"headline\">Transplantul de Ficat Donator Viu<\/span><\/h3><\/div><\/header><div class=\"btClear btSeparator topExtraSmallSpaced noBorder\" ><hr><\/div><div class=\"btText\" ><\/p>\n<p>It is a type of transplantation in which a portion of the liver can be removed from a living donor in accordance with medical and legal rules. There must be a blood relationship of fourth degree between the donor and recipient to perform the procedure. If the donor is not related to the recipient but has been a friend of the recipient for long, the approval of ethics committees under Health Directorates must be obtained to evaluate the procedure.<br \/>\nThe donor procedure is totally safe, and the half of the liver is quickly regenerated both in the donor and recipient in several weeks. Although regeneration is not completed in several days after the surgery, the half of the liver continues to function normally because of the large reserve in the liver.<\/p>\n<p>\n<\/div><div class=\"btClear btSeparator topSmallSpaced noBorder\" ><hr><\/div><header class=\"header btClear medium btDash bottomDash  btAccentDash\" ><div class=\"dash\"><h3><span class=\"headline\">Condi\u021bii pentru Transplantul de Ficat Donator Viu<\/span><\/h3><\/div><\/header><div class=\"btClear btSeparator topExtraSmallSpaced noBorder\" ><hr><\/div><div class=\"btText\" ><\/p>\n<ol>\n<li>Dona\u021bia ar trebui s\u0103 se bazeze pe liberul arbitru al donatorului.<\/li>\n<li>Donatorul trebuie s\u0103 aib\u0103 mai mult de 18 ani.<\/li>\n<li>Donatorul trebuie s\u0103 fie legat de beneficiar p\u00e2n\u0103 la gradul patru.<\/li>\n<li>Tipul de s\u00e2nge al donatorului \u0219i al destinatarului trebuie s\u0103 se potriveasc\u0103.<\/li>\n<li>Structura ficatului donatorului \u015fi func\u0163iile \u015fi alte sisteme trebuie s\u0103 fie normale.<\/li>\n<li>Anatomia ficatului donator trebuie s\u0103 fie compatibil\u0103 cu destinatarul \u0219i cu el \u00eensu\u0219i.<\/li>\n<\/ol>\n<p>Compatibilitatea condi\u021biilor de mai sus \u0219i a altor probleme tehnice este determinat\u0103 de Echipa de Transplantare \u00een Evaluarea Pre-Transplant Donator, care dureaz\u0103 de obicei 2 p\u00e2n\u0103 la 3 zile.<br \/>\nCe trebuie s\u0103 \u0219ti\u021bi despre transplantul de ficat<\/p>\n<p>CUSA (aspirator chirurgical cu ultrasunete Cavitron), dispozitivul modern de disec\u021bie a ficatului, permite o interven\u021bie chirurgical\u0103 mai sigur\u0103 \u0219i previne un volum mare de pierderi de s\u00e2nge.<br \/>\nDeoarece un ficat normal are o capacitate mare de stocare, ficatul func\u021bioneaz\u0103 \u00een mod normal, chiar dac\u0103 70% din acesta este eliminat.<br \/>\nUn ficat cu structur\u0103 normal\u0103 se regenereaz\u0103 foarte repede \u0219i c\u00e2\u0219tig\u0103 o dimensiune suficient\u0103 \u00een prima s\u0103pt\u0103m\u00e2n\u0103.<\/p>\n<p>\n<\/div><div class=\"btClear btSeparator topSmallSpaced noBorder\" ><hr><\/div><header class=\"header btClear medium btDash bottomDash  btAccentDash\" ><div class=\"dash\"><h3><span class=\"headline\">Via\u021ba dup\u0103 Donarea Ficatului<\/span><\/h3><\/div><\/header><div class=\"btClear btSeparator topExtraSmallSpaced noBorder\" ><hr><\/div><div class=\"btText\" ><\/p>\n<p>Donatorul va r\u0103m\u00e2ne la spital timp de 7-10 zile dup\u0103 opera\u021bie. Restul la domiciliu ar trebui s\u0103 fie de 3-4 s\u0103pt\u0103m\u00e2ni. Donatorul \u00ee\u0219i poate recupera activit\u0103\u021bile de rutin\u0103 (cu excep\u021bia exerci\u021biilor fizice grele dup\u0103 perioada de odihn\u0103 \u0219i poate merge la locul de munc\u0103 la 6 s\u0103pt\u0103m\u00e2ni dup\u0103 opera\u021bie. \u00cen cazul \u00een care donatorul se simte bine, el\/ea poate avea contact sexual. Donatorii trebuie s\u0103 a\u0219tepte 3 luni pentru a face orice activit\u0103\u021bi fizice grele sau de ridicare a greut\u0103\u021bii.<\/p>\n<p>\n<\/div><div class=\"btClear btSeparator topSemiSpaced noBorder\" ><hr><\/div><div class=\"boldRow boldInnerRow  \" ><div class=\"rowItem rowInnerItem col-md-4  btTextCenter inherit btNoPadding\" style=\"border: 1px solid #999;background-color: rgba(241, 241, 241, 1);\" ><div class=\"rowItemContent\"><div class=\"bpgPhoto btTextCenter\" ><div class=\"btImage\"><img decoding=\"async\" src=\"https:\/\/groupflorence.com\/ro\/wp-content\/uploads\/2020\/10\/Nagihan-I\u0307nan-Gu\u0308rcan.jpg\" alt=\"\" title=\"\"><\/div><\/div><div class=\"btIconImageRow btIconsHalfHoverPosition\" ><\/div><div class=\"btClear btSeparator topSmallSpaced noBorder\" ><hr><\/div><div class=\"btText\" ><\/p>\n<h4><a href=\"https:\/\/groupflorence.com\/ro\/doctors\/nagihan-inan-gurcan\/\">Prof. Nagihan G\u00fcrcan, MD<\/a><\/h4>\n<p>\n<\/div><div class=\"btClear btSeparator bottomExtraSmallSpaced noBorder\" ><hr><\/div><a href=\"https:\/\/groupflorence.com\/ro\/doctors\/nagihan-inan-gurcan\/\" class=\"btBtn btBtn btnFilledStyle btnLightColor btnSmall btnNormalWidth btnRightPosition btnNoIcon\"  target=\"_blank\"><span class=\"btnInnerText\">VIEW CV<\/span><\/a><div class=\"btClear btSeparator topExtraSmallSpaced bottomSmallSpaced noBorder\" ><hr><\/div><\/div><\/div><div class=\"rowItem rowInnerItem col-md-4  btTextCenter inherit btNoPadding\" style=\"border: 1px solid #999;background-color: rgba(241, 241, 241, 1);\" ><div class=\"rowItemContent\"><div class=\"bpgPhoto btTextCenter\" ><div class=\"btImage\"><img decoding=\"async\" src=\"https:\/\/groupflorence.com\/ro\/wp-content\/uploads\/2020\/10\/Y_ld_ray-Yu_zer.jpg\" alt=\"\" title=\"\"><\/div><\/div><div class=\"btIconImageRow btIconsHalfHoverPosition\" ><\/div><div class=\"btClear btSeparator topSmallSpaced noBorder\" ><hr><\/div><div class=\"btText\" ><\/p>\n<h4><a href=\"https:\/\/groupflorence.com\/ro\/doctors\/yildiray-yuzer\/\">Prof. Y\u0131ld\u0131ray Y\u00fczer, MD<\/a><\/h4>\n<p>\n<\/div><div class=\"btClear btSeparator bottomExtraSmallSpaced noBorder\" ><hr><\/div><a href=\"https:\/\/groupflorence.com\/ro\/doctors\/yildiray-yuzer\/\" class=\"btBtn btBtn btnFilledStyle btnLightColor btnSmall btnNormalWidth btnRightPosition btnNoIcon\"  target=\"_blank\"><span class=\"btnInnerText\">VIEW CV<\/span><\/a><div class=\"btClear btSeparator topExtraSmallSpaced bottomSmallSpaced noBorder\" ><hr><\/div><\/div><\/div><div class=\"rowItem rowInnerItem col-md-4  btTextCenter inherit btNoPadding\" style=\"border: 1px solid #999;background-color: rgba(241, 241, 241, 1);\" ><div class=\"rowItemContent\"><\/div><\/div><\/div><div class=\"btClear btSeparator topSemiSpaced noBorder\" ><hr><\/div><header class=\"header btClear medium btDash bottomDash  btAccentDash\" ><div class=\"dash\"><h3><span class=\"headline\"><em>Contact Us Now<\/em><\/span><\/h3><\/div><\/header><div class=\"btClear btSeparator bottomSmallSpaced noBorder\" ><hr><\/div><div class=\"btText\" >\n<div class=\"wpcf7 no-js\" id=\"wpcf7-f2891-o1\" lang=\"tr-TR\" dir=\"ltr\" data-wpcf7-id=\"2891\">\n<div class=\"screen-reader-response\"><p role=\"status\" aria-live=\"polite\" aria-atomic=\"true\"><\/p> <ul><\/ul><\/div>\n<form action=\"\/ro\/wp-json\/wp\/v2\/pages\/3159#wpcf7-f2891-o1\" method=\"post\" class=\"wpcf7-form init wpcf7-acceptance-as-validation\" aria-label=\"\u0130leti\u015fim Formu\" novalidate=\"novalidate\" data-status=\"init\">\n<fieldset class=\"hidden-fields-container\"><input type=\"hidden\" name=\"_wpcf7\" value=\"2891\" \/><input type=\"hidden\" name=\"_wpcf7_version\" value=\"6.1.5\" \/><input type=\"hidden\" name=\"_wpcf7_locale\" value=\"tr_TR\" \/><input type=\"hidden\" name=\"_wpcf7_unit_tag\" value=\"wpcf7-f2891-o1\" \/><input type=\"hidden\" name=\"_wpcf7_container_post\" value=\"0\" \/><input type=\"hidden\" name=\"_wpcf7_posted_data_hash\" value=\"\" \/>\n<\/fieldset>\n<p style=\"margin-bottom:30px !important;\">\u00cen timp ce completa\u021bi formularul de contact de mai jos, pute\u021bi, de asemenea, s\u0103 ne trimite\u021bi fi\u0219ierele medicale ale pacientului\/dumneavoastr\u0103 prin <strong>transfer<\/strong>. A doua opinie medical\u0103 v\u0103 va fi prezentat\u0103 \u00een termen de 48 de ore.\n<\/p>\n<div class=\"boldRow boldInnerRow  \">\n\t<div class=\"rowItem rowInnerItem col-md-6  btTextLeft\">\n\t\t<div class=\"rowItemContent\">\n\t\t\t<p><label><span class=\"bt_bb_required\">Numele t\u0103u<\/span><br \/>\n<span class=\"wpcf7-form-control-wrap\" data-name=\"your-name\"><input size=\"40\" maxlength=\"400\" class=\"wpcf7-form-control wpcf7-text wpcf7-validates-as-required\" aria-required=\"true\" aria-invalid=\"false\" value=\"\" type=\"text\" name=\"your-name\" \/><\/span> <\/label>\n\t\t\t<\/p>\n\t\t\t<p><label><span class=\"bt_bb_required\">E-mailul dvs.<\/span><br \/>\n<span class=\"wpcf7-form-control-wrap\" data-name=\"your-email\"><input size=\"40\" maxlength=\"400\" class=\"wpcf7-form-control wpcf7-email wpcf7-validates-as-required wpcf7-text wpcf7-validates-as-email\" aria-required=\"true\" aria-invalid=\"false\" value=\"\" type=\"email\" name=\"your-email\" \/><\/span> <\/label>\n\t\t\t<\/p>\n\t\t\t<p><label><span class=\"bt_bb_required\">Telefonul dvs.<\/span><br \/>\n<span class=\"wpcf7-form-control-wrap\" data-name=\"your-phone\"><input size=\"40\" class=\"wpcf7-form-control wpcf7-phonetext wpcf7-text wpcf7-validates-as-phonetext\" id=\"int_phone\" aria-invalid=\"false\" value=\"\" type=\"text\" name=\"your-phone\" \/><input type=\"hidden\" name=\"your-phone-country-code\" class=\"wpcf7-phonetext-country-code\" \/><\/span> <\/label>\n\t\t\t<\/p>\n\t\t\t<p><label><span class=\"bt_bb_required\">Mesajul dvs.<\/span><br \/>\n<span class=\"wpcf7-form-control-wrap\" data-name=\"your-message\"><textarea cols=\"40\" rows=\"10\" maxlength=\"2000\" class=\"wpcf7-form-control wpcf7-textarea wpcf7-validates-as-required\" aria-required=\"true\" aria-invalid=\"false\" name=\"your-message\"><\/textarea><\/span> <\/label>\n\t\t\t<\/p>\n\t\t\t<p><label><span class=\"bt_bb_required\" style=\"margin-top:25px !important;\"><span class=\"wpcf7-form-control-wrap\" data-name=\"accept-this-1\"><span class=\"wpcf7-form-control wpcf7-acceptance\"><span class=\"wpcf7-list-item\"><label><input type=\"checkbox\" name=\"accept-this-1\" value=\"1\" aria-invalid=\"false\" \/><span class=\"wpcf7-list-item-label\">Sunt de acord cu <a target=\"_blank\" href=\"https:\/\/groupflorence.com\/ro\/terms-of-use\/\">Termenii \u0219i Serviciile<\/a>.<\/span><\/label><\/span><\/span><\/span><\/span><\/label>\n\t\t\t<\/p>\n\t\t\t<p><input class=\"wpcf7-form-control wpcf7-submit has-spinner contact_button_int\" type=\"submit\" value=\"TRIMITE MESAJ\" \/>\n\t\t\t<\/p>\n\t\t<\/div>\n\t<\/div>\n\t<div class=\"rowItem rowInnerItem col-md-6  btTextLeft\">\n\t\t<div class=\"rowItemContent\">\n\t\t\t<p align=\"center\" style=\"margin-top:30px;\"><br \/>\n<a href=\"http:\/\/florencenightingale.wetransfer.com\/\" target=\"_blank\" title=\"Click Here To Transfer Your Documents via WeTransfer\"><img decoding=\"async\"  align=\"center\" style=\"max-width:250px !important;\" class=\"lazy loaded\" src=\"https:\/\/groupflorence.com\/ro\/wp-content\/uploads\/2020\/08\/89130-wetransfer-default-logo-rgb-original-1365619064-e1599162229581.png\" data-src=\"https:\/\/groupflorence.com\/ro\/wp-content\/uploads\/2020\/08\/89130-wetransfer-default-logo-rgb-original-1365619064-e1599162229581.png\" alt=\"Click Here To Transfer Your Documents via WeTransfer\" title=\"Click Here To Transfer Your Documents via WeTransfer\" data-was-processed=\"true\" \/><\/a>\n\t\t\t<\/p>\n\t\t\t<h3 align=\"center\"><a href=\"http:\/\/florencenightingale.wetransfer.com\/\" target=\"_blank\" title=\"Click Here To Transfer Your Documents via WeTransfer\">Trimite prin WeTransfer<\/a>\n\t\t\t<\/h3>\n\t\t\t<p align=\"center\">Pute\u021bi trimite documentele dvs. medicale supradimensionate (\u00eenregistr\u0103ri RMN, rezultate de laborator, imagini etc.) folosind contul nostru WeTransfer. Este u\u0219or, rapid \u0219i sigur.\n\t\t\t<\/p>\n\t\t<\/div>\n\t\t<center>\n\t\t\t<p><a href=\"http:\/\/florencenightingale.wetransfer.com\/\" class=\"btBtn btBtn btnFilledStyle btnAccentColor btnSmall btnNormalWidth btnRightPosition btnNoIcon\" target=\"_blank\"><span class=\"btnInnerText\">Trimite acum<\/span><\/a>\n\t\t\t<\/p>\n\t\t<\/center>\n\t<\/div>\n<\/div><div class=\"wpcf7-response-output\" aria-hidden=\"true\"><\/div>\n<\/form>\n<\/div>\n<\/div><div class=\"btClear btSeparator topSpaced noBorder\" ><hr><\/div><\/div><\/div><\/div><\/div><\/div><\/div><\/div><\/section>\n","protected":false},"excerpt":{"rendered":"","protected":false},"author":1,"featured_media":0,"parent":2503,"menu_order":11,"comment_status":"closed","ping_status":"closed","template":"","meta":{"footnotes":""},"class_list":["post-3159","page","type-page","status-publish","hentry"],"_links":{"self":[{"href":"https:\/\/groupflorence.com\/ro\/wp-json\/wp\/v2\/pages\/3159","targetHints":{"allow":["GET"]}}],"collection":[{"href":"https:\/\/groupflorence.com\/ro\/wp-json\/wp\/v2\/pages"}],"about":[{"href":"https:\/\/groupflorence.com\/ro\/wp-json\/wp\/v2\/types\/page"}],"author":[{"embeddable":true,"href":"https:\/\/groupflorence.com\/ro\/wp-json\/wp\/v2\/users\/1"}],"replies":[{"embeddable":true,"href":"https:\/\/groupflorence.com\/ro\/wp-json\/wp\/v2\/comments?post=3159"}],"version-history":[{"count":7,"href":"https:\/\/groupflorence.com\/ro\/wp-json\/wp\/v2\/pages\/3159\/revisions"}],"predecessor-version":[{"id":6264,"href":"https:\/\/groupflorence.com\/ro\/wp-json\/wp\/v2\/pages\/3159\/revisions\/6264"}],"up":[{"embeddable":true,"href":"https:\/\/groupflorence.com\/ro\/wp-json\/wp\/v2\/pages\/2503"}],"wp:attachment":[{"href":"https:\/\/groupflorence.com\/ro\/wp-json\/wp\/v2\/media?parent=3159"}],"curies":[{"name":"wp","href":"https:\/\/api.w.org\/{rel}","templated":true}]}}