{"id":3151,"date":"2020-09-21T16:27:44","date_gmt":"2020-09-21T13:27:44","guid":{"rendered":"https:\/\/groupflorence.com\/ro\/?page_id=3151"},"modified":"2021-01-05T18:11:10","modified_gmt":"2021-01-05T15:11:10","slug":"liver-diseases","status":"publish","type":"page","link":"https:\/\/groupflorence.com\/ro\/centers-treatments\/liver-transplantation-center\/liver-diseases\/","title":{"rendered":"Boli hepatice"},"content":{"rendered":"<section id=\"bt_section69ebf9510bc0b\"  class=\"boldSection gutter inherit treatment-container\" ><div class=\"port\"><div class=\"boldCell\"><div class=\"boldCellInner\"><div class=\"boldRow treatment-container \" ><div class=\"boldRowInner\"><div class=\"rowItem col-md-4 col-ms-12 btTextLeft\"  ><div class=\"rowItemContent\" ><div class=\"btClear btSeparator topSpaced noBorder\" ><hr><\/div><div class=\"btCustomMenu treatment-sidebar\" ><div class=\"menu-liver-transplantation-center-container\"><ul id=\"menu-liver-transplantation-center\" class=\"menu\"><li id=\"menu-item-3356\" class=\"menu-item menu-item-type-post_type menu-item-object-page menu-item-has-children menu-item-3356\"><a href=\"https:\/\/groupflorence.com\/ro\/centers-treatments\/\">Centre &#038; Departamente<\/a><ul class=\"sub-menu\"><li id=\"menu-item-3138\" class=\"menu-item menu-item-type-post_type menu-item-object-page menu-item-has-children menu-item-3138\"><a href=\"https:\/\/groupflorence.com\/ro\/centers-treatments\/liver-transplantation-center\/\">Centrul de Transplantare Fical\u0103<\/a><ul class=\"sub-menu\"><li id=\"menu-item-3174\" class=\"menu-item menu-item-type-post_type menu-item-object-page menu-item-3174\"><a href=\"https:\/\/groupflorence.com\/ro\/centers-treatments\/liver-transplantation-center\/about-liver-transplantation\/\">Despre Transplantul de Ficat<\/a><\/li><li id=\"menu-item-3171\" class=\"menu-item menu-item-type-post_type menu-item-object-page menu-item-3171\"><a href=\"https:\/\/groupflorence.com\/ro\/centers-treatments\/liver-transplantation-center\/hepatic-cirrhosis\/\">Ciroz\u0103 hepatic\u0103<\/a><\/li><li id=\"menu-item-3179\" class=\"menu-item menu-item-type-post_type menu-item-object-page menu-item-3179\"><a href=\"https:\/\/groupflorence.com\/ro\/centers-treatments\/liver-transplantation-center\/donation-of-liver\/\">Donarea de Ficat<\/a><\/li><li id=\"menu-item-3185\" class=\"menu-item menu-item-type-post_type menu-item-object-page menu-item-3185\"><a href=\"https:\/\/groupflorence.com\/ro\/centers-treatments\/liver-transplantation-center\/frequently-asked-questions\/\">\u00centreb\u0103ri Frecvente<\/a><\/li><\/ul><\/li><\/ul><\/li>\n<\/ul><\/div><\/div><div class=\"btClear btSeparator topSemiSpaced noBorder\" ><hr><\/div><div class=\"boldRow boldInnerRow  bt_bb_hidden_xs bt_bb_hidden_ms bt_bb_hidden_sm\" ><div class=\"rowItem rowInnerItem col-md-12  btTextCenter btMiddleVertical\"  ><div class=\"rowItemContent\"><div class=\"bpgPhoto btTextCenter\" > \r\n\t\t\t\t\t<a href=\"https:\/\/groupflorence.com\/ro\/patient-guide\/covid-19-precautions\/\" target=\"_blank\" title=\"\"><\/a>\r\n\t\t\t\t\t<div class=\"boldPhotoBox\"><div class=\"bpbItem\"><div class = \"btImage\"><img decoding=\"async\" src=\"https:\/\/groupflorence.com\/ro\/wp-content\/uploads\/2020\/12\/covid-safe-sidebar-320x186.jpg\" alt=\"\" title=\"\" ><\/div><\/div><\/div>\r\n\t\t\t\t\t<div class=\"captionPane\">\r\n\t\t\t\t\t\t<div class=\"captionTable\">\r\n\t\t\t\t\t\t\t<div class=\"captionCell\">\r\n\t\t\t\t\t\t\t\t<div class=\"captionTxt\"><\/div>\r\n\t\t\t\t\t\t\t<\/div>\r\n\t\t\t\t\t\t<\/div>\r\n\t\t\t\t\t<\/div><\/div><div class=\"btClear btSeparator topSmallSpaced bottomSmallSpaced border\" ><hr><\/div><a href=\"https:\/\/groupflorence.com\/ro\/contact-us\/\" class=\"btBtn btBtn btnFilledStyle btnAccentColor btnBig btnNormalWidth btnLeftPosition btnNoIcon\" ><span class=\"btnInnerText\">Ask A Question<\/span><\/a><\/div><\/div><\/div><\/div><\/div><div class=\"rowItem col-md-8 col-ms-12 btTextLeft\"  ><div class=\"rowItemContent\" ><div class=\"btClear btSeparator topSemiSpaced noBorder\" ><hr><\/div><header class=\"header btClear medium btDash bottomDash  btNormalDash\" ><div class=\"dash\"><h3><span class=\"headline\"><b class=\"animate\">Boli hepatice<\/b><\/span><\/h3><\/div><\/header><div class=\"btClear btSeparator topSemiSpaced noBorder\" ><hr><\/div><header class=\"header btClear medium btDash bottomDash  btAccentDash\" ><div class=\"dash\"><h3><span class=\"headline\">Hepatit\u0103<\/span><\/h3><\/div><\/header><div class=\"btClear btSeparator topExtraSmallSpaced noBorder\" ><hr><\/div><div class=\"btText\" ><\/p>\n<p><strong>Exist\u0103 2 tipuri de hepatit\u0103:<\/strong><\/p>\n<ol>\n<li>Hepatit\u0103 acut\u0103 \u2014 inflama\u021bie a ficatului care dureaz\u0103 mai pu\u021bin de 6 luni<\/li>\n<li>Hepatita cronic\u0103 &#8211; inflama\u021bia ficatului care dureaz\u0103 mai mult de 6 luni<\/li>\n<\/ol>\n<p>\n<\/div><div class=\"btClear btSeparator topSmallSpaced noBorder\" ><hr><\/div><header class=\"header btClear medium btDash bottomDash  btAccentDash\" ><div class=\"dash\"><h3><span class=\"headline\">Ce este Hepatita acut\u0103?<\/span><\/h3><\/div><\/header><div class=\"btClear btSeparator topExtraSmallSpaced noBorder\" ><hr><\/div><div class=\"btText\" ><\/p>\n<p>Hepatita acut\u0103 este o inflama\u021bie hepatic\u0103 care duce la deteriorarea \u0219i distrugerea celulelor hepatice. Hepatita acut\u0103 este foarte frecvent\u0103: Hepatita acut\u0103 apare la una din cele 4000 de persoane din \u021b\u0103rile dezvoltate \u00een fiecare an, \u00een timp ce aceasta poate fi de 5 ori mai mare \u00een \u021b\u0103rile \u00een curs de dezvoltare.<\/p>\n<h3>Cauze comune<\/h3>\n<ol>\n<li>Infec\u021bii virale (hepatita viral\u0103 A, B, C, D sau E)<\/li>\n<li>Supradozaj medicamentos (de exemplu acetaminofen, paracetamol)<\/li>\n<li>Fiind expus la substan\u021be chimice (substan\u021be chimice de cur\u0103\u021bare chimic\u0103 \u0219i unele ciuperci s\u0103lbatice)<\/li>\n<\/ol>\n<h3>Simptome<\/h3>\n<p>Hepatita acut\u0103 este adesea prezent\u0103 cu simptome asem\u0103n\u0103toare gripei. Cele mai frecvente simptome ale hepatitei acute sunt enumerate mai jos. Cu toate acestea, fiecare individ poate suferi de simptome diferite, inclusiv icter, grea\u0163\u0103, v\u0103rs\u0103turi, pierderea poftei de m\u00e2ncare, febr\u0103, sensibilitate la partea superioar\u0103 dreapt\u0103 a abdomenului, dureri musculare, artralgii \u015fi erup\u0163ii cutanate pruriginoase.<\/p>\n<p>Simptomele hepatitei acute pot sem\u0103na cu alte boli sau probleme medicale. Consulta\u021bi un medic pentru diagnosticare la momentul potrivit.<\/p>\n<h3>Diagnosticul<\/h3>\n<p>\u00cen plus fa\u021b\u0103 de istoricul medical complet \u0219i testele medicale, procedurile de diagnosticare a hepatitei acute includ urm\u0103toarele,<\/p>\n<ol>\n<li>teste specifice de laborator pentru identificarea viru\u0219ilor;<\/li>\n<li>Teste func\u021bionale ale ficatului.<\/li>\n<\/ol>\n<h3>Tratament<\/h3>\n<p>Tratamentul hepatitei acute va fi planificat de c\u0103tre medicul dumneavoastr\u0103 \u00een func\u021bie de cauza \u0219i severitatea bolii; starea dumneavoastr\u0103 \u0219i istoricul medical al oric\u0103ror boli hepatice.<\/p>\n<p>Mul\u021bi oameni se recupereaz\u0103, de obicei, f\u0103r\u0103 a primi tratamente. Hepatita acut\u0103 sever\u0103 poate necesita spitalizare. Cei care au suferit de hepatit\u0103 viral\u0103 acut\u0103 pot deveni un purt\u0103tor cronic al bolii \u00een cazul infec\u021biei cu hepatita B sau C.<\/p>\n<p>\n<\/div><div class=\"btClear btSeparator topSmallSpaced noBorder\" ><hr><\/div><header class=\"header btClear medium btDash bottomDash  btAccentDash\" ><div class=\"dash\"><h3><span class=\"headline\">Ce este hepatita cronic\u0103?<\/span><\/h3><\/div><\/header><div class=\"btClear btSeparator topExtraSmallSpaced noBorder\" ><hr><\/div><div class=\"btText\" ><\/p>\n<p>Este posibil ca unele persoane s\u0103 nu poat\u0103 s\u0103 se recupereze complet de la hepatita acut\u0103 \u0219i s\u0103 dezvolte hepatit\u0103 cronic\u0103, deoarece ficatul este deteriorat \u0219i infectat \u00een continuare. \u00cen cazul \u00een care simptomele dureaz\u0103 mai mult de \u0219ase luni, hepatita este considerat\u0103 cronic\u0103. Hepatita cronic\u0103 poate dura ani. Exist\u0103 diferite tipuri de hepatit\u0103 cronic\u0103:<\/p>\n<ol>\n<li>Hepatita alcoolic\u0103 \u2014 leziuni hepatice permanente cauzate de consumul de alcool greu.<\/li>\n<li>Hepatit\u0103 cronic\u0103 activ\u0103 \u2014 inflama\u021bie agresiv\u0103 a celulelor hepatice pentru a produce ciroz\u0103<\/li>\n<li>Hepatit\u0103 cronic\u0103 persistent\u0103 \u2014 inflama\u021bia cronic\u0103 mai u\u0219oar\u0103 a ficatului, de obicei, nu duce la ciroz\u0103<\/li>\n<\/ol>\n<h3>Cauze<\/h3>\n<p>Anumite virusuri \u015fi medicamente pot provoca hepatit\u0103 cronic\u0103 la unele persoane, dar nu \u015fi \u00een altele.<\/p>\n<h3>Cauze comune<\/h3>\n<ol>\n<li>hepatit\u0103 viral\u0103<\/li>\n<li>Consumul de alcool greu<\/li>\n<li>Tulbur\u0103ri autoimune (organismul atac\u0103 \u021besuturile sale)<\/li>\n<li>Reac\u021bia la anumite medicamente, \u00een special la cele pentru tuberculoz\u0103.<\/li>\n<li>Tulbur\u0103ri metabolice (de exemplu hemocromatoz\u0103 sau boala Wilson)<\/li>\n<\/ol>\n<h3>Simptome<\/h3>\n<p>Simptomele hepatitei cronice sunt adesea u\u0219oare. De\u0219i leziunile hepatice progreseaz\u0103, progresia este de obicei lent\u0103. Unele persoane nu prezint\u0103 simptome \u00een timp ce celelalte prezint\u0103 urm\u0103toarele: senza\u0163ie de r\u0103u, pierderea poftei de m\u00e2ncare, oboseal\u0103, oboseal\u0103, febr\u0103 sc\u0103zut\u0103, dureri abdominale superioare, icter \u015fi simptome de boal\u0103 hepatic\u0103 cronic\u0103 (splenomegalie, angiomata p\u0103ianjen \u015fi ascit\u0103).<\/p>\n<p>Simptomele hepatitei cronice pot sem\u0103na cu alte boli sau probleme medicale. Consulta\u021bi un medic pentru diagnosticare.<\/p>\n<h3>Diagnosticul<\/h3>\n<p>\u00cen plus fa\u021b\u0103 de istoricul medical complet \u0219i testele medicale, procedurile de diagnosticare a hepatitei includ urm\u0103toarele:<br \/>\nA) teste specifice de laborator pentru identificarea viru\u0219ilor;<br \/>\nB) Teste func\u0163ionale ale ficatului, sau<br \/>\nC) biopsie hepatic\u0103 pentru a determina inflama\u021bia, cicatrizarea, ciroza, \u0219i severitatea cauzei subiacente.<\/p>\n<h3>Tratament<\/h3>\n<p>Tratamentul hepatitei cronice va fi planificat de c\u0103tre medicul dumneavoastr\u0103 \u00een func\u021bie de cauza \u0219i severitatea bolii; starea dumneavoastr\u0103 \u0219i istoricul medical al oric\u0103ror boli hepatice. Scopul tratamentului este de a \u00eentrerupe leziunile hepatice \u0219i de a ameliora simptomele.<\/p>\n<h4><strong>Tratamentul poate implica una sau mai multe dintre urm\u0103toarele:<\/strong><\/h4>\n<p>Agen\u0163i antivirali \u2014 Dac\u0103 inflama\u0163ia hepatic\u0103 este cauzat\u0103 de hepatita B sau C, aceasta poate fi \u00eentrerupt\u0103 de interferon-alfa, care este un medicament antiviral injectabil. De asemenea, medicamentele intivirale orale, de exemplu lamivudin\u0103 sau adefovir, pot fi utilizate \u00een cazul hepatitei B, iar ribavirina poate fi utilizat\u0103 \u00een cazul hepatitei C.<\/p>\n<p>Corticosteroizii \u2014 Corticosteroizii pot fi utilizate \u00een tratamentul bolilor hepatice cronice cauzate de tulburare autoimun\u0103. Inflama\u0163ia este suprimat\u0103, dar fibroza ficatului (cicatrizarea) poate continua.<\/p>\n<p>\u00cencetarea anumitor medicamente \u2014 Atunci c\u00e2nd hepatita cronic\u0103 este cauzat\u0103 de anumite medicamente, \u00eencetarea acestor medicamente, de obicei, elimina simptomele.<\/p>\n<p>\u00cencetarea alcoolului \u2014 Acest lucru este esen\u0163ial \u00een afec\u0163iuni hepatice cronice legate de alcool, \u015fi foarte recomandat \u00een Hepatita C \u015fi alte boli cronice ale ficatului.<\/p>\n<h4><strong>Prevenirea r\u0103sp\u00e2ndirii hepatitei virale:<\/strong><\/h4>\n<p>Igiena adecvat\u0103 este esen\u021bial\u0103 pentru prevenirea r\u0103sp\u00e2ndirii multor boli, inclusiv a hepatitei. Alte m\u0103suri de precau\u021bie includ urm\u0103toarele:<\/p>\n<p>Imunizarea \u2014 Vaccinul hepatitic B este administrat \u00een mod obi\u0219nuit ca parte a programului de imunizare la copii mici. Vaccinul hepatitic A este administrat la cei care sunt expu\u015fi riscului de a prinde boala \u00een timpul c\u0103l\u0103toriei. (\u00cen prezent, nu exist\u0103 vaccin pentru hepatita C, D sau E.)<\/p>\n<p>Transfuzie de s\u00e2nge \u2014 Produsele din s\u00e2nge sunt testate \u00een mod obi\u0219nuit pentru hepatit\u0103, B, C \u0219i HIV, pentru a reduce riscul de infectare \u00een timpul transfuziei.<\/p>\n<p>Prepararea anticorpilor \u2014 \u00cen cazul expunerii la hepatita B, se poate administra un preparat de anticorpi pentru a preveni prinderea bolii.<\/p>\n<h4><strong>\u00cen special, urm\u0103toarele cre\u015fte \u015fi mai mult riscul de transmitere a hepatitei B \u015fi C:<\/strong><\/h4>\n<p>a) transfuzie de s\u00e2nge nesigur\u0103,<br \/>\nb) Istoricul familial al hepatitei B \u0219i hepatitei C,<br \/>\nc) Proceduri chirurgicale sau manipul\u0103ri dentare,<br \/>\nd) Administrarea de medicamente intravenoase,<br \/>\ne) actul sexual neprotejat,<br \/>\nf) dializ\u0103,<br \/>\ng) Personalul medical sau personalul paramedical<\/p>\n<p>\n<\/div><div class=\"btClear btSeparator topSemiSpaced noBorder\" ><hr><\/div><header class=\"header btClear medium btDash bottomDash  btAccentDash\" ><div class=\"dash\"><h3><span class=\"headline\"><em>Contact Us Now<\/em><\/span><\/h3><\/div><\/header><div class=\"btClear btSeparator bottomSmallSpaced noBorder\" ><hr><\/div><div class=\"btText\" >\n<div class=\"wpcf7 no-js\" id=\"wpcf7-f2891-o1\" lang=\"tr-TR\" dir=\"ltr\" data-wpcf7-id=\"2891\">\n<div class=\"screen-reader-response\"><p role=\"status\" aria-live=\"polite\" aria-atomic=\"true\"><\/p> <ul><\/ul><\/div>\n<form action=\"\/ro\/wp-json\/wp\/v2\/pages\/3151#wpcf7-f2891-o1\" method=\"post\" class=\"wpcf7-form init wpcf7-acceptance-as-validation\" aria-label=\"\u0130leti\u015fim Formu\" novalidate=\"novalidate\" data-status=\"init\">\n<fieldset class=\"hidden-fields-container\"><input type=\"hidden\" name=\"_wpcf7\" value=\"2891\" \/><input type=\"hidden\" name=\"_wpcf7_version\" value=\"6.1.5\" \/><input type=\"hidden\" name=\"_wpcf7_locale\" value=\"tr_TR\" \/><input type=\"hidden\" name=\"_wpcf7_unit_tag\" value=\"wpcf7-f2891-o1\" \/><input type=\"hidden\" name=\"_wpcf7_container_post\" value=\"0\" \/><input type=\"hidden\" name=\"_wpcf7_posted_data_hash\" value=\"\" \/>\n<\/fieldset>\n<p style=\"margin-bottom:30px !important;\">\u00cen timp ce completa\u021bi formularul de contact de mai jos, pute\u021bi, de asemenea, s\u0103 ne trimite\u021bi fi\u0219ierele medicale ale pacientului\/dumneavoastr\u0103 prin <strong>transfer<\/strong>. A doua opinie medical\u0103 v\u0103 va fi prezentat\u0103 \u00een termen de 48 de ore.\n<\/p>\n<div class=\"boldRow boldInnerRow  \">\n\t<div class=\"rowItem rowInnerItem col-md-6  btTextLeft\">\n\t\t<div class=\"rowItemContent\">\n\t\t\t<p><label><span class=\"bt_bb_required\">Numele t\u0103u<\/span><br \/>\n<span class=\"wpcf7-form-control-wrap\" data-name=\"your-name\"><input size=\"40\" maxlength=\"400\" class=\"wpcf7-form-control wpcf7-text wpcf7-validates-as-required\" aria-required=\"true\" aria-invalid=\"false\" value=\"\" type=\"text\" name=\"your-name\" \/><\/span> <\/label>\n\t\t\t<\/p>\n\t\t\t<p><label><span class=\"bt_bb_required\">E-mailul dvs.<\/span><br \/>\n<span class=\"wpcf7-form-control-wrap\" data-name=\"your-email\"><input size=\"40\" maxlength=\"400\" class=\"wpcf7-form-control wpcf7-email wpcf7-validates-as-required wpcf7-text wpcf7-validates-as-email\" aria-required=\"true\" aria-invalid=\"false\" value=\"\" type=\"email\" name=\"your-email\" \/><\/span> <\/label>\n\t\t\t<\/p>\n\t\t\t<p><label><span class=\"bt_bb_required\">Telefonul dvs.<\/span><br \/>\n<span class=\"wpcf7-form-control-wrap\" data-name=\"your-phone\"><input size=\"40\" class=\"wpcf7-form-control wpcf7-phonetext wpcf7-text wpcf7-validates-as-phonetext\" id=\"int_phone\" aria-invalid=\"false\" value=\"\" type=\"text\" name=\"your-phone\" \/><input type=\"hidden\" name=\"your-phone-country-code\" class=\"wpcf7-phonetext-country-code\" \/><\/span> <\/label>\n\t\t\t<\/p>\n\t\t\t<p><label><span class=\"bt_bb_required\">Mesajul dvs.<\/span><br \/>\n<span class=\"wpcf7-form-control-wrap\" data-name=\"your-message\"><textarea cols=\"40\" rows=\"10\" maxlength=\"2000\" class=\"wpcf7-form-control wpcf7-textarea wpcf7-validates-as-required\" aria-required=\"true\" aria-invalid=\"false\" name=\"your-message\"><\/textarea><\/span> <\/label>\n\t\t\t<\/p>\n\t\t\t<p><label><span class=\"bt_bb_required\" style=\"margin-top:25px !important;\"><span class=\"wpcf7-form-control-wrap\" data-name=\"accept-this-1\"><span class=\"wpcf7-form-control wpcf7-acceptance\"><span class=\"wpcf7-list-item\"><label><input type=\"checkbox\" name=\"accept-this-1\" value=\"1\" aria-invalid=\"false\" \/><span class=\"wpcf7-list-item-label\">Sunt de acord cu <a target=\"_blank\" href=\"https:\/\/groupflorence.com\/ro\/terms-of-use\/\">Termenii \u0219i Serviciile<\/a>.<\/span><\/label><\/span><\/span><\/span><\/span><\/label>\n\t\t\t<\/p>\n\t\t\t<p><input class=\"wpcf7-form-control wpcf7-submit has-spinner contact_button_int\" type=\"submit\" value=\"TRIMITE MESAJ\" \/>\n\t\t\t<\/p>\n\t\t<\/div>\n\t<\/div>\n\t<div class=\"rowItem rowInnerItem col-md-6  btTextLeft\">\n\t\t<div class=\"rowItemContent\">\n\t\t\t<p align=\"center\" style=\"margin-top:30px;\"><br \/>\n<a href=\"http:\/\/florencenightingale.wetransfer.com\/\" target=\"_blank\" title=\"Click Here To Transfer Your Documents via WeTransfer\"><img decoding=\"async\"  align=\"center\" style=\"max-width:250px !important;\" class=\"lazy loaded\" src=\"https:\/\/groupflorence.com\/ro\/wp-content\/uploads\/2020\/08\/89130-wetransfer-default-logo-rgb-original-1365619064-e1599162229581.png\" data-src=\"https:\/\/groupflorence.com\/ro\/wp-content\/uploads\/2020\/08\/89130-wetransfer-default-logo-rgb-original-1365619064-e1599162229581.png\" alt=\"Click Here To Transfer Your Documents via WeTransfer\" title=\"Click Here To Transfer Your Documents via WeTransfer\" data-was-processed=\"true\" \/><\/a>\n\t\t\t<\/p>\n\t\t\t<h3 align=\"center\"><a href=\"http:\/\/florencenightingale.wetransfer.com\/\" target=\"_blank\" title=\"Click Here To Transfer Your Documents via WeTransfer\">Trimite prin WeTransfer<\/a>\n\t\t\t<\/h3>\n\t\t\t<p align=\"center\">Pute\u021bi trimite documentele dvs. medicale supradimensionate (\u00eenregistr\u0103ri RMN, rezultate de laborator, imagini etc.) folosind contul nostru WeTransfer. Este u\u0219or, rapid \u0219i sigur.\n\t\t\t<\/p>\n\t\t<\/div>\n\t\t<center>\n\t\t\t<p><a href=\"http:\/\/florencenightingale.wetransfer.com\/\" class=\"btBtn btBtn btnFilledStyle btnAccentColor btnSmall btnNormalWidth btnRightPosition btnNoIcon\" target=\"_blank\"><span class=\"btnInnerText\">Trimite acum<\/span><\/a>\n\t\t\t<\/p>\n\t\t<\/center>\n\t<\/div>\n<\/div><div class=\"wpcf7-response-output\" aria-hidden=\"true\"><\/div>\n<\/form>\n<\/div>\n<\/div><div class=\"btClear btSeparator topSpaced noBorder\" ><hr><\/div><\/div><\/div><\/div><\/div><\/div><\/div><\/div><\/section>\n","protected":false},"excerpt":{"rendered":"","protected":false},"author":1,"featured_media":0,"parent":2503,"menu_order":5,"comment_status":"closed","ping_status":"closed","template":"","meta":{"footnotes":""},"class_list":["post-3151","page","type-page","status-publish","hentry"],"_links":{"self":[{"href":"https:\/\/groupflorence.com\/ro\/wp-json\/wp\/v2\/pages\/3151","targetHints":{"allow":["GET"]}}],"collection":[{"href":"https:\/\/groupflorence.com\/ro\/wp-json\/wp\/v2\/pages"}],"about":[{"href":"https:\/\/groupflorence.com\/ro\/wp-json\/wp\/v2\/types\/page"}],"author":[{"embeddable":true,"href":"https:\/\/groupflorence.com\/ro\/wp-json\/wp\/v2\/users\/1"}],"replies":[{"embeddable":true,"href":"https:\/\/groupflorence.com\/ro\/wp-json\/wp\/v2\/comments?post=3151"}],"version-history":[{"count":3,"href":"https:\/\/groupflorence.com\/ro\/wp-json\/wp\/v2\/pages\/3151\/revisions"}],"predecessor-version":[{"id":6232,"href":"https:\/\/groupflorence.com\/ro\/wp-json\/wp\/v2\/pages\/3151\/revisions\/6232"}],"up":[{"embeddable":true,"href":"https:\/\/groupflorence.com\/ro\/wp-json\/wp\/v2\/pages\/2503"}],"wp:attachment":[{"href":"https:\/\/groupflorence.com\/ro\/wp-json\/wp\/v2\/media?parent=3151"}],"curies":[{"name":"wp","href":"https:\/\/api.w.org\/{rel}","templated":true}]}}