{"id":308,"date":"2018-01-29T09:21:17","date_gmt":"2018-01-29T09:21:17","guid":{"rendered":"http:\/\/medical.omnicom-dev.com\/clinic\/?page_id=308"},"modified":"2020-12-17T02:53:40","modified_gmt":"2020-12-16T23:53:40","slug":"procedures","status":"publish","type":"page","link":"https:\/\/groupflorence.com\/ro\/patient-guide\/procedures\/","title":{"rendered":"Proceduri"},"content":{"rendered":"<p><section id=\"bt_section69eb915756429\" data-parallax=\"0\" data-parallax-offset=\"0\" class=\"boldSection gutter inherit btParallax\" ><div class=\"port\"><div class=\"boldCell\"><div class=\"boldCellInner\"><div class=\"boldRow  \" ><div class=\"boldRowInner\"><div class=\"rowItem col-md-8 col-ms-12 btTextLeft animate animate-fadein inherit\"  ><div class=\"rowItemContent\" ><div class=\"btClear btSeparator bottomSpaced noBorder\" ><hr><\/div><header class=\"header btClear extralarge  btAccentDash\" ><div class=\"dash\"><h1><span class=\"headline\"><em>Un ghid pas cu pas pentru<\/em><br \/><br><b class=\"animate\">Pacien\u0163i interna\u0163ion<\/b><\/span><\/h1><\/div><\/header><div class=\"btClear btSeparator bottomSemiSpaced noBorder\" ><hr><\/div><\/div><\/div><div class=\"rowItem col-md-4 col-ms-12 btTextLeft animate animate-fadein inherit\"  ><div class=\"rowItemContent\" ><\/div><\/div><\/div><\/div><div class=\"boldRow  \" ><div class=\"boldRowInner\"><div class=\"rowItem btRightBorder col-md-6 col-sm-12 btTextLeft animate animate-fadein btTextIndent inherit\"  ><div class=\"rowItemContent\" ><div class=\"btClear btSeparator bottomSemiSpaced noBorder\" ><hr><\/div><header class=\"header btClear medium btDash bottomDash  btAccentDash\" ><div class=\"dash\"><h3><span class=\"headline\">AL DOILEA AVIZ MEDICAL ANCHET\u0102 \u0218I NUMIRI<\/span><\/h3><\/div><\/header><div class=\"btClear btSeparator bottomSemiSpaced noBorder bt_bb_hidden_xs bt_bb_hidden_ms bt_bb_hidden_sm\" ><hr><\/div><div class=\"btClear btSeparator bottomSmallSpaced noBorder bt_bb_hidden_md bt_bb_hidden_lg\" ><hr><\/div><div class=\"btText\" ><\/p>\n<p>Trimite\u021bi informa\u021biile dvs. personale \u0219i \u00eenregistr\u0103rile medicale pe pagina noastr\u0103 <a href=\"https:\/\/groupflorence.com\/ro\/contact-us\/\"><span style=\"color: #3366ff;\">medical\u0103 a doua opinie<\/span><\/a> . Vom consulta medicii no\u0219tri \u0219i v\u0103 vom reveni cu un plan de tratament adecvat, estim\u0103ri ale costurilor \u0219i durata \u0219ederii \u00een Istanbul. Un reprezentant CIP v\u0103 va contacta \u00een termen de 24 de ore de la solicitarea ini\u0163ial\u0103.<\/p>\n<p>Alternativ, pute\u021bi solicita, de asemenea, direct o \u00eent\u00e2lnire cu medicii no\u0219tri prin po\u0219t\u0103 (international@groupflorence.com).<\/p>\n<p>Programele tale medicale vor fi programate \u00een func\u0163ie de confirm\u0103rile tale.<\/p>\n<p>\n<\/div><div class=\"btClear btSeparator bottomSemiSpaced noBorder\" ><hr><\/div><\/div><\/div><div class=\"rowItem col-md-6 col-sm-12 btTextLeft animate animate-fadein btTextIndent inherit\"  ><div class=\"rowItemContent\" ><div class=\"btClear btSeparator bottomSemiSpaced noBorder\" ><hr><\/div><header class=\"header btClear medium btDash bottomDash  btAccentDash\" ><div class=\"dash\"><h3><span class=\"headline\">CAZARE &amp; TRANSFERURI LA AEROPORT<\/span><\/h3><\/div><\/header><div class=\"btClear btSeparator bottomSemiSpaced noBorder bt_bb_hidden_xs bt_bb_hidden_ms bt_bb_hidden_sm\" ><hr><\/div><div class=\"btClear btSeparator bottomSmallSpaced noBorder bt_bb_hidden_md bt_bb_hidden_lg\" ><hr><\/div><div class=\"btText\" ><\/p>\n<p>Un reprezentant CIP v\u0103 poate ajuta cu rezerv\u0103ri de cazare la tarife preferen\u021biale la hoteluri din apropiere sau apartamente de \u0219edere pe termen scurt, \u00een func\u021bie de preferin\u021bele dumneavoastr\u0103. Vom aranja transferuri aeroport-hotel-spital complementare, \u00een conformitate cu aranjamentele dumneavoastr\u0103 de c\u0103l\u0103torie \u0219i de programare medical\u0103.<\/p>\n<p>\n<\/div><div class=\"btClear btSeparator bottomSemiSpaced noBorder\" ><hr><\/div><\/div><\/div><\/div><\/div><div class=\"boldRow  \" ><div class=\"boldRowInner\"><div class=\"rowItem btRightBorder col-md-12 col-ms-12  btTextLeft animate animate-fadein inherit\"  ><div class=\"rowItemContent\" ><div class=\"btClear btSeparator border bt_bb_hidden_xs bt_bb_hidden_ms bt_bb_hidden_sm\" ><hr><\/div><\/div><\/div><\/div><\/div><div class=\"boldRow  \" ><div class=\"boldRowInner\"><div class=\"rowItem col-md-6 col-sm-12 btTextLeft animate animate-fadein btTextIndent inherit\"  ><div class=\"rowItemContent\" ><div class=\"btClear btSeparator bottomSemiSpaced noBorder\" ><hr><\/div><header class=\"header btClear medium btDash bottomDash  btAccentDash\" ><div class=\"dash\"><h3><span class=\"headline\">TRATAMENT MEDICAL<\/span><\/h3><\/div><\/header><div class=\"btClear btSeparator bottomSemiSpaced noBorder bt_bb_hidden_xs bt_bb_hidden_ms bt_bb_hidden_sm\" ><hr><\/div><div class=\"btClear btSeparator bottomSmallSpaced noBorder bt_bb_hidden_md bt_bb_hidden_lg\" ><hr><\/div><div class=\"btText\" ><\/p>\n<p>Toate tratamentele medicale sunt efectuate \u00een unit\u0103\u021bile noastre de ultim\u0103 genera\u021bie dotate cu cele mai noi tehnologii \u0219i echipamente, de c\u0103tre chirurgi, medici, asisten\u021bi medicali \u0219i exper\u021bi medicali.<\/p>\n<p>Ve\u021bi primi un dosar medical complet dup\u0103 terminarea tratamentului, precum \u0219i ve\u021bi fi informat cu privire la cerin\u021bele necesare de urm\u0103rire. Rapoartele medicale vor fi furnizate \u00een limba englez\u0103.<\/p>\n<p>\n<\/div><div class=\"btClear btSeparator bottomSemiSpaced noBorder\" ><hr><\/div><\/div><\/div><div class=\"rowItem btLeftBorder col-md-6 col-sm-12 btTextLeft animate animate-fadein btTextIndent inherit\"  ><div class=\"rowItemContent\" ><div class=\"btClear btSeparator bottomSemiSpaced noBorder\" ><hr><\/div><header class=\"header btClear medium btDash bottomDash  btAccentDash\" ><div class=\"dash\"><h3><span class=\"headline\">DURATA SEJURULUI<\/span><\/h3><\/div><\/header><div class=\"btClear btSeparator bottomSemiSpaced noBorder bt_bb_hidden_xs bt_bb_hidden_ms bt_bb_hidden_sm\" ><hr><\/div><div class=\"btClear btSeparator bottomSmallSpaced noBorder bt_bb_hidden_md bt_bb_hidden_lg\" ><hr><\/div><div class=\"btText\" ><\/p>\n<p>Durata \u015federii dumneavoastr\u0103 \u00een Istanbul va depinde de natura tratamentului dumneavoastr\u0103. Este posibil sau nu s\u0103 ave\u021bi nevoie de \u00eengrijire ATI \u0219i\/sau spitalizare \u00een spitalizare (informa\u021bii detaliate sunt furnizate \u00een anchetele MSO).<\/p>\n<p>\u00cen func\u021bie de nevoile dvs., reprezentan\u021bii CIP v\u0103 vor ajuta pe dvs. \u0219i pe membrii familiei dvs. pentru a v\u0103 asigura un confort maxim departe de cas\u0103.<\/p>\n<p>\n<\/div><div class=\"btClear btSeparator bottomSemiSpaced noBorder\" ><hr><\/div><\/div><\/div><\/div><\/div><\/div><\/div><\/div><\/section><section id=\"bt_section69eb9157576fd\"  class=\"boldSection btDarkSkin gutter inherit\" style=\"background: transparent; position: relative; z-index: 1;\"><div class=\"port\"><div class=\"boldCell\"><div class=\"boldCellInner\"><div class=\"boldRow  \" ><div class=\"boldRowInner\"><div class=\"rowItem col-md-12 col-ms-12  btTextLeft\"  ><div class=\"rowItemContent\" ><div class=\"btClear btSeparator bottomSpaced noBorder\" ><hr><\/div><\/div><\/div><\/div><\/div><\/div><\/div><\/div><\/section><\/p>\n","protected":false},"excerpt":{"rendered":"<p>\t\t\t\tEnthusiastically mesh long-term high-impact infrastructures vis-a-vis efficient customer service. Professionally fashion wireless leadership rather than prospective experiences.\t\t<\/p>\n","protected":false},"author":1,"featured_media":0,"parent":2524,"menu_order":5,"comment_status":"closed","ping_status":"closed","template":"","meta":{"footnotes":""},"class_list":["post-308","page","type-page","status-publish","hentry"],"_links":{"self":[{"href":"https:\/\/groupflorence.com\/ro\/wp-json\/wp\/v2\/pages\/308","targetHints":{"allow":["GET"]}}],"collection":[{"href":"https:\/\/groupflorence.com\/ro\/wp-json\/wp\/v2\/pages"}],"about":[{"href":"https:\/\/groupflorence.com\/ro\/wp-json\/wp\/v2\/types\/page"}],"author":[{"embeddable":true,"href":"https:\/\/groupflorence.com\/ro\/wp-json\/wp\/v2\/users\/1"}],"replies":[{"embeddable":true,"href":"https:\/\/groupflorence.com\/ro\/wp-json\/wp\/v2\/comments?post=308"}],"version-history":[{"count":11,"href":"https:\/\/groupflorence.com\/ro\/wp-json\/wp\/v2\/pages\/308\/revisions"}],"predecessor-version":[{"id":6174,"href":"https:\/\/groupflorence.com\/ro\/wp-json\/wp\/v2\/pages\/308\/revisions\/6174"}],"up":[{"embeddable":true,"href":"https:\/\/groupflorence.com\/ro\/wp-json\/wp\/v2\/pages\/2524"}],"wp:attachment":[{"href":"https:\/\/groupflorence.com\/ro\/wp-json\/wp\/v2\/media?parent=308"}],"curies":[{"name":"wp","href":"https:\/\/api.w.org\/{rel}","templated":true}]}}