{"id":2981,"date":"2020-09-03T22:05:44","date_gmt":"2020-09-03T19:05:44","guid":{"rendered":"https:\/\/groupflorence.com\/ro\/?page_id=2981"},"modified":"2020-12-17T02:55:48","modified_gmt":"2020-12-16T23:55:48","slug":"how-to-evaluate-your-overseas-healthcare-provider","status":"publish","type":"page","link":"https:\/\/groupflorence.com\/ro\/patient-guide\/how-to-evaluate-your-overseas-healthcare-provider\/","title":{"rendered":"Cum s\u0103 v\u0103 evalua\u021bi furnizorul de asisten\u021b\u0103 medical\u0103 de peste m\u0103ri"},"content":{"rendered":"<section id=\"bt_section69eb44987c8b8\"  class=\"boldSection gutter\" ><div class=\"port\"><div class=\"boldCell\"><div class=\"boldCellInner\"><div class=\"boldRow  \" ><div class=\"boldRowInner\"><div class=\"rowItem col-md-12 col-ms-12  btTextLeft\"  ><div class=\"rowItemContent\" ><div class=\"btClear btSeparator topSpaced noBorder\" ><hr><\/div><header class=\"header btClear extralarge  btNormalDash\" ><div class=\"dash\"><h1><span class=\"headline\"><em>Cum s\u0103 v\u0103 evalua\u021bi<\/em><br \/><br><b class=\"animate\">Furnizor de servicii medicale peste m\u0103ri<\/b><\/span><\/h1><\/div><\/header><div class=\"btClear btSeparator topSemiSpaced noBorder\" ><hr><\/div><header class=\"header btClear medium btDash bottomDash  btAccentDash\" ><div class=\"dash\"><h3><span class=\"headline\">\u015etim cum te sim\u0163i!<\/span><\/h3><\/div><\/header><div class=\"btClear btSeparator bottomExtraSmallSpaced noBorder\" ><hr><\/div><div class=\"btText\" ><\/p>\n<p>At\u00e2t de mult de planificat, at\u00e2t de multe lucruri de aranjat \u2014 \u0219i toate acestea \u00eentr-o \u021bar\u0103 str\u0103in\u0103, departe de cas\u0103.<\/p>\n<p>\u0218tim c\u0103 c\u0103l\u0103toriile \u00een alt\u0103 \u021bar\u0103 pentru tratament medical pot fi cople\u0219itoare. Acesta este motivul pentru care suntem aici pentru a v\u0103 oferi asisten\u021b\u0103 reconfortant\u0103 de la \u00eenceput p\u00e2n\u0103 la sf\u00e2r\u0219it.<\/p>\n<p>Peste un milion de pacien\u021bi c\u0103l\u0103toresc \u00een str\u0103in\u0103tate pe an pentru transplantul de ortopedice, cardiologie, organe \u0219i \u021besuturi, tratamente pentru cancer \u0219i alte proceduri. Multe facilit\u0103\u021bi medicale de peste m\u0103ri \u00eencorporeaz\u0103 tratamente alternative \u0219i complementare \u00een plus fa\u021b\u0103 de procedurile tradi\u021bionale, precum \u0219i unele progrese care pur \u0219i simplu nu sunt disponibile acas\u0103.<\/p>\n<p>\n<\/div><div class=\"btClear btSeparator bottomSmallSpaced noBorder\" ><hr><\/div><header class=\"header btClear medium btDash bottomDash  btAccentDash\" ><div class=\"dash\"><h3><span class=\"headline\">Alegerea unui furnizor medical de clas\u0103 mondial\u0103 este doar \u00eenceputul<\/span><\/h3><\/div><\/header><div class=\"btClear btSeparator bottomExtraSmallSpaced noBorder\" ><hr><\/div><div class=\"btText\" ><\/p>\n<p>\u00cen mod tradi\u021bional, pacien\u021bii sunt referi\u021bi la speciali\u0219ti \u0219i spitale de c\u0103tre un medic de familie de \u00eencredere. Atunci c\u00e2nd solicita\u021bi asisten\u021b\u0103 medical\u0103 \u00een afara \u021b\u0103rii dvs. acest lucru poate s\u0103 nu fie cazul; mai probabil, ve\u021bi fi cel care va alege un specialist medical pe care nu \u00eel cunoa\u0219te\u021bi, \u00eentr-un spital pe care nu l-a\u021bi vizitat niciodat\u0103. Mai jos sunt \u00eentreb\u0103rile pe care le recomand\u0103m s\u0103 le adresa\u021bi oric\u0103rui spital pe care \u00eel pute\u021bi lua \u00een considerare pentru tratament, precum \u0219i r\u0103spunsurile relevante pentru Grupul Florence Nightingale din Turcia.<\/p>\n<p>\n<\/div><div class=\"btClear btSeparator bottomSmallSpaced noBorder\" ><hr><\/div><header class=\"header btClear medium btDash bottomDash  btAccentDash\" ><div class=\"dash\"><h3><span class=\"headline\">Spitalul este acreditat de o organiza\u021bie ter\u021b\u0103 parte de renume?<\/span><\/h3><\/div><\/header><div class=\"btClear btSeparator bottomExtraSmallSpaced noBorder\" ><hr><\/div><div class=\"btText\" ><\/p>\n<p>Grupul Florence Nightingale a fost unul dintre primele spitale turce\u015fti acreditate de Joint Commission International (JCI), bra\u0163ul interna\u0163ional al organiza\u0163iei care examineaz\u0103 \u015fi acrediteaz\u0103 spitalele americane. Lista lor de verificare include peste 350 de criterii, inclusiv, dar f\u0103r\u0103 a se limita la procedurile chirurgicale de igien\u0103 \u0219i anestezie, precum \u0219i evaluarea sistemelor existente pentru personalul medical \u0219i asistente medicale. Auditurile de acreditare JCI sunt efectuate la fiecare 3 ani.<\/p>\n<p>\n<\/div><div class=\"btClear btSeparator bottomSmallSpaced noBorder\" ><hr><\/div><header class=\"header btClear medium btDash bottomDash  btAccentDash\" ><div class=\"dash\"><h3><span class=\"headline\">Cum sunt licen\u021bia\u021bi \u0219i acredita\u021bi medicii spitalului?<\/span><\/h3><\/div><\/header><div class=\"btClear btSeparator bottomExtraSmallSpaced noBorder\" ><hr><\/div><div class=\"btText\" ><\/p>\n<p>To\u0163i medicii din Grupul Florence Nightingale sunt autoriza\u0163i pe deplin de Consiliul Medical Turc pentru a-\u015fi practica specialitatea \u00een Turcia. \u00cen plus, mul\u021bi sunt Certified Board \u00een specialitatea lor \u00een SUA, Australia sau Europa. Procesul de acreditare a Grupului Florence Nightingale necesit\u0103 o revizuire formal\u0103 a calific\u0103rilor fiec\u0103rui medic \u0219i istoricul medical al Comitetului de acreditare \u0219i statut \u0219i Comitetul Executiv Medical al al Spitalului. Aceste evalu\u0103ri au loc \u00eenainte ca un medic s\u0103 fie numit \u00een personalul medical de c\u0103tre Consiliul Guvernatorilor al Spitalului \u0219i apoi revizuite la fiecare trei ani.<\/p>\n<p>Un rezumat al calific\u0103rilor medicului nostru este disponibil pe site-ul nostru. Dac\u0103 dori\u021bi s\u0103 revizui\u021bi calific\u0103rile sau experien\u021ba specific\u0103 a medicului dumneavoastr\u0103 \u00een detaliu atunci c\u00e2nd ajunge\u021bi, v\u0103 putem aranja s\u0103 face\u021bi acest lucru.<\/p>\n<p>\n<\/div><div class=\"btClear btSeparator bottomSmallSpaced noBorder\" ><hr><\/div><header class=\"header btClear medium btDash bottomDash  btAccentDash\" ><div class=\"dash\"><h3><span class=\"headline\">Ce preg\u0103tire \u0219i licen\u021biere primesc asistentele medicale, farmaci\u0219tii, tehnicienii de imagistic\u0103 \u0219i laboratorul spitalului?<\/span><\/h3><\/div><\/header><div class=\"btClear btSeparator bottomExtraSmallSpaced noBorder\" ><hr><\/div><div class=\"btText\" ><\/p>\n<p>Asistentele medicale, farmaci\u0219tii, tehnicienii de imagistic\u0103 \u0219i de laborator trebuie s\u0103 fie supu\u0219i \u0219colariz\u0103rii \u0219i s\u0103 treac\u0103 examenele de certificare pentru a ob\u021bine licen\u021be de practic\u0103 la Grupul Florence Nightingale. Asistentele sunt recertificate la intervale de 5 ani. Persoanele cu responsabilit\u0103\u021bi speciale, \u00een special asistentele medicale ICU, trebuie s\u0103 beneficieze de o formare special\u0103 \u0219i s\u0103 fie certificate ca fiind competente \u00een domeniul specific de expertiz\u0103.<\/p>\n<p>\n<\/div><div class=\"btClear btSeparator bottomSmallSpaced noBorder\" ><hr><\/div><div class=\"btClear btSeparator bottomSmallSpaced noBorder\" ><hr><\/div><header class=\"header btClear medium btDash bottomDash  btAccentDash\" ><div class=\"dash\"><h3><span class=\"headline\">Spitalul \u021bine pasul cu cele mai recente progrese tehnologice \u00een medicin\u0103 la nivel interna\u021bional?<\/span><\/h3><\/div><\/header><div class=\"btClear btSeparator bottomExtraSmallSpaced noBorder\" ><hr><\/div><div class=\"btText\" ><\/p>\n<p>Au fost f\u0103cute progrese uimitoare \u00een domeniul \u0219tiin\u021bei medicale \u0219i al tehnologiei utilizate pentru a oferi tratament pacien\u021bilor din toate domeniile de specializare, \u00een ultimii ani. Grupul Florence Nightingale investe\u0219te continuu \u00een echipamente noi, instruind exper\u021bii s\u0103i pentru a oferi cea mai \u00eenalt\u0103 calitate a asisten\u021bei medicale.<\/p>\n<p>Grupul Florence Nightingale este unic \u00een a avea propriul s\u0103u spital universitar \u0219i de formare, care lucreaz\u0103 m\u00e2n\u0103 \u00een m\u00e2n\u0103 cu propriul Centru de Cercetare Clinic\u0103 \u0219i Centrele de Excelen\u021b\u0103 al Grupului pentru a urm\u0103ri \u0219i implementa cele mai recente evolu\u021bii din \u00eentreaga lume.<\/p>\n<p>Grupul Florence Nightingale a deschis, de asemenea, primul \u201eSmart-and-Green Hospital\u201d din regiune, dotat cu chirurgie robotic\u0103, tele-medicin\u0103 \u0219i personal complet instruit pentru a oferi tratament \u0219i chirurgie \u00een conformitate cu cele mai recente modalit\u0103\u021bi.<\/p>\n<p>Grupul Florence Nightingale men\u021bine afilieri \u0219i parteneriate cu unele dintre cele mai prestigioase institu\u021bii medicale din Statele Unite ale Americii \u0219i din alte \u021b\u0103ri \u0219i investe\u0219te continuu \u00een formarea \u0219i dezvoltarea tuturor medicilor, asisten\u021bilor, tehnologilor \u0219i personalului s\u0103u.<\/p>\n<p>\n<\/div><div class=\"btClear btSeparator bottomSpaced noBorder\" ><hr><\/div><\/div><\/div><\/div><\/div><\/div><\/div><\/div><\/section>\n","protected":false},"excerpt":{"rendered":"","protected":false},"author":1,"featured_media":0,"parent":2524,"menu_order":7,"comment_status":"closed","ping_status":"closed","template":"","meta":{"footnotes":""},"class_list":["post-2981","page","type-page","status-publish","hentry"],"_links":{"self":[{"href":"https:\/\/groupflorence.com\/ro\/wp-json\/wp\/v2\/pages\/2981","targetHints":{"allow":["GET"]}}],"collection":[{"href":"https:\/\/groupflorence.com\/ro\/wp-json\/wp\/v2\/pages"}],"about":[{"href":"https:\/\/groupflorence.com\/ro\/wp-json\/wp\/v2\/types\/page"}],"author":[{"embeddable":true,"href":"https:\/\/groupflorence.com\/ro\/wp-json\/wp\/v2\/users\/1"}],"replies":[{"embeddable":true,"href":"https:\/\/groupflorence.com\/ro\/wp-json\/wp\/v2\/comments?post=2981"}],"version-history":[{"count":2,"href":"https:\/\/groupflorence.com\/ro\/wp-json\/wp\/v2\/pages\/2981\/revisions"}],"predecessor-version":[{"id":6176,"href":"https:\/\/groupflorence.com\/ro\/wp-json\/wp\/v2\/pages\/2981\/revisions\/6176"}],"up":[{"embeddable":true,"href":"https:\/\/groupflorence.com\/ro\/wp-json\/wp\/v2\/pages\/2524"}],"wp:attachment":[{"href":"https:\/\/groupflorence.com\/ro\/wp-json\/wp\/v2\/media?parent=2981"}],"curies":[{"name":"wp","href":"https:\/\/api.w.org\/{rel}","templated":true}]}}