{"id":2902,"date":"2020-09-03T14:36:11","date_gmt":"2020-09-03T11:36:11","guid":{"rendered":"https:\/\/groupflorence.com\/ro\/?page_id=2902"},"modified":"2020-12-17T12:03:37","modified_gmt":"2020-12-17T09:03:37","slug":"istanbul-bilim-university","status":"publish","type":"page","link":"https:\/\/groupflorence.com\/ro\/why-choose-us\/istanbul-bilim-university\/","title":{"rendered":"Universitatea Demiroglu Bilim"},"content":{"rendered":"<section id=\"bt_section69eb5702742c5\"  class=\"boldSection gutter\" ><div class=\"port\"><div class=\"boldCell\"><div class=\"boldCellInner\"><div class=\"boldRow  \" ><div class=\"boldRowInner\"><div class=\"rowItem col-md-12 col-ms-12  btTextLeft\"  ><div class=\"rowItemContent\" ><div class=\"btClear btSeparator topSemiSpaced noBorder\" ><hr><\/div><header class=\"header btClear medium btDash bottomDash  btNormalDash\" ><div class=\"dash\"><h3><span class=\"headline\"><b class=\"animate\">Universitatea Demiroglu Bilim<\/b><\/span><\/h3><\/div><\/header><div class=\"btClear btSeparator topSemiSpaced noBorder\" ><hr><\/div><div class=\"btText\" ><\/p>\n<p>Universitatea Demiro\u011flu Bilim a fost \u00eenfiin\u021bat\u0103 \u00een martie 2006 de c\u0103tre Funda\u021bia Turc\u0103 de Cardiologie. Scopul nostru este de a oferi oportunit\u0103\u021bi nesf\u00e2r\u0219ite pentru educa\u021bia tinerilor, inclusiv studen\u021bii interna\u021bionali \u0219i speciali\u0219tii medicali interesa\u021bi de cercetare \u0219i inovare.<\/p>\n<p>Suntem m\u00e2ndri s\u0103 servim studen\u021bii interna\u021bionali, studen\u021bii postuniversitari \u0219i profesioni\u0219tii din domeniul s\u0103n\u0103t\u0103\u021bii care pot \u00een acest domeniu nu numai dup\u0103 ce \u00ee\u0219i avanseaz\u0103 propriile cariere, ci contribuie \u0219i la dezvoltarea serviciilor de s\u0103n\u0103tate \u00een \u021b\u0103rile lor.<\/p>\n<p>Scopul nostru este de a inculca valorile \u00eencrederii \u00een sine, g\u00e2ndirii critice \u0219i creative \u0219i de a contribui la dezvoltarea abilit\u0103\u021bilor de rezolvare a problemelor \u00een timp ce lucr\u0103m \u00een sectorul s\u0103n\u0103t\u0103\u021bii reale. Studen\u021bii, stagiarii \u0219i speciali\u0219tii no\u0219tri adopt\u0103 opinii multiculturale \u0219i dob\u00e2ndesc experien\u021b\u0103 \u0219i cuno\u0219tin\u021be de competen\u021b\u0103 pe arena na\u021bional\u0103 \u0219i interna\u021bional\u0103.<\/p>\n<p>\n<\/div><div class=\"btClear btSeparator topSemiSpaced noBorder\" ><hr><\/div><header class=\"header btClear medium btDash bottomDash  btAccentDash\" ><div class=\"dash\"><h3><span class=\"headline\">Viziunea Universit\u0103\u0163ii Demiro\u011flu Bilim<\/span><\/h3><\/div><\/header><div class=\"btClear btSeparator topSmallSpaced noBorder\" ><hr><\/div><div class=\"btText\" ><\/p>\n<p>S\u0103 fim pionieri \u00een domeniul educa\u021biei \u00een domeniul s\u0103n\u0103t\u0103\u021bii, prin furnizarea de preg\u0103tire \u0219tiin\u021bific\u0103 calificat\u0103, de c\u0103tre personalul nostru academic renumit at\u00e2t pe platforma na\u021bional\u0103, c\u00e2t \u0219i pe cea interna\u021bional\u0103.<\/p>\n<p>\n<\/div><div class=\"btClear btSeparator topSemiSpaced noBorder\" ><hr><\/div><header class=\"header btClear medium btDash bottomDash  btAccentDash\" ><div class=\"dash\"><h3><span class=\"headline\">Misiunea Universit\u0103\u0163ii Demiro\u011flu Bilim<\/span><\/h3><\/div><\/header><div class=\"btClear btSeparator topSmallSpaced noBorder\" ><hr><\/div><div class=\"btText\" ><\/p>\n<p>S\u0103 participe la educa\u021bia \u0219i educa\u021bia ulterioar\u0103 a persoanelor fizice din domeniul medical care urmeaz\u0103 \u0219tiin\u021ba contemporan\u0103 \u0219i care sunt dedicate slujirii oamenilor \u0219i serviciilor de s\u0103n\u0103tate din \u021b\u0103rile lor.<\/p>\n<p>\n<\/div><div class=\"btClear btSeparator topSemiSpaced noBorder\" ><hr><\/div><header class=\"header btClear medium btDash bottomDash  btAccentDash\" ><div class=\"dash\"><h3><span class=\"headline\">Unit\u0103\u021bile academice ale Universit\u0103\u021bii Demiroglu Bilim<\/span><\/h3><\/div><\/header><div class=\"btClear btSeparator topSmallSpaced noBorder\" ><hr><\/div><div class=\"btText\" ><\/p>\n<ul>\n<li>Facultatea Medical\u0103<\/li>\n<li>Facultatea de Arte \u0219i \u0218tiin\u021be<\/li>\n<li>Institutul de Stiinte ale Sanatate<\/li>\n<li>Avrupa Florence Nightingale Spitalul Centrul de Cercetare Clinic\u0103<\/li>\n<li>Florence Nightingale Spitalul Scoala de Nursing<\/li>\n<li>\u0218coala de S\u0103n\u0103tate<\/li>\n<li>\u015ecoala Profesional\u0103 Servicii de S\u0103n\u0103tate<\/li>\n<\/ul>\n<p>\n<\/div><div class=\"btClear btSeparator bottomSpaced noBorder\" ><hr><\/div><\/div><\/div><\/div><\/div><\/div><\/div><\/div><\/section>\n","protected":false},"excerpt":{"rendered":"","protected":false},"author":1,"featured_media":0,"parent":2548,"menu_order":7,"comment_status":"closed","ping_status":"closed","template":"","meta":{"footnotes":""},"class_list":["post-2902","page","type-page","status-publish","hentry"],"_links":{"self":[{"href":"https:\/\/groupflorence.com\/ro\/wp-json\/wp\/v2\/pages\/2902","targetHints":{"allow":["GET"]}}],"collection":[{"href":"https:\/\/groupflorence.com\/ro\/wp-json\/wp\/v2\/pages"}],"about":[{"href":"https:\/\/groupflorence.com\/ro\/wp-json\/wp\/v2\/types\/page"}],"author":[{"embeddable":true,"href":"https:\/\/groupflorence.com\/ro\/wp-json\/wp\/v2\/users\/1"}],"replies":[{"embeddable":true,"href":"https:\/\/groupflorence.com\/ro\/wp-json\/wp\/v2\/comments?post=2902"}],"version-history":[{"count":2,"href":"https:\/\/groupflorence.com\/ro\/wp-json\/wp\/v2\/pages\/2902\/revisions"}],"predecessor-version":[{"id":6191,"href":"https:\/\/groupflorence.com\/ro\/wp-json\/wp\/v2\/pages\/2902\/revisions\/6191"}],"up":[{"embeddable":true,"href":"https:\/\/groupflorence.com\/ro\/wp-json\/wp\/v2\/pages\/2548"}],"wp:attachment":[{"href":"https:\/\/groupflorence.com\/ro\/wp-json\/wp\/v2\/media?parent=2902"}],"curies":[{"name":"wp","href":"https:\/\/api.w.org\/{rel}","templated":true}]}}