{"id":2898,"date":"2020-09-03T14:28:07","date_gmt":"2020-09-03T11:28:07","guid":{"rendered":"https:\/\/groupflorence.com\/ro\/?page_id=2898"},"modified":"2020-12-17T11:51:07","modified_gmt":"2020-12-17T08:51:07","slug":"state-of-the-art-technology","status":"publish","type":"page","link":"https:\/\/groupflorence.com\/ro\/why-choose-us\/state-of-the-art-technology\/","title":{"rendered":"Tehnologie de Ultim\u0103 Or\u0103"},"content":{"rendered":"<section id=\"bt_section69eb6e69f34d5\"  class=\"boldSection gutter\" ><div class=\"port\"><div class=\"boldCell\"><div class=\"boldCellInner\"><div class=\"boldRow  \" ><div class=\"boldRowInner\"><div class=\"rowItem col-md-12 col-ms-12  btTextLeft\"  ><div class=\"rowItemContent\" ><div class=\"btClear btSeparator topSemiSpaced noBorder\" ><hr><\/div><header class=\"header btClear medium  btNormalDash\" ><div class=\"dash\"><h3><span class=\"headline\"><b class=\"animate\">Tehnologie de Ultim\u0103 Or\u0103<\/b><\/span><\/h3><\/div><\/header><div class=\"btClear btSeparator topSmallSpaced noBorder\" ><hr><\/div><div class=\"btText\" ><\/p>\n<p><iframe loading=\"lazy\" title=\"Technological content in Group Florence Nightingale Hospitals\" width=\"1200\" height=\"675\" src=\"https:\/\/www.youtube.com\/embed\/kcjMAU4vBIw?feature=oembed&#038;enablejsapi=1&#038;origin=https:\/\/groupflorence.com\" frameborder=\"0\" allow=\"accelerometer; autoplay; clipboard-write; encrypted-media; gyroscope; picture-in-picture\" allowfullscreen><\/iframe><\/p>\n<p>\n<\/div><div class=\"btClear btSeparator topSmallSpaced noBorder\" ><hr><\/div><div class=\"btText\" ><\/p>\n<p>Tehnologia a fost o for\u021b\u0103 motrice \u00eenc\u0103 de la apari\u021bia medicinii moderne, remodel\u00e2nd \u00een mod constant modul \u00een care furnizorii de servicii medicale trateaz\u0103 \u00een &#8211; \u0219i \u00een ambulatoriu. Tehnologia chirurgical\u0103 robotic\u0103, telemedicina \u0219i monitorizarea electronic\u0103 f\u0103r\u0103 fir sunt toate caracteristicile integrale ale serviciilor medicale moderne.<\/p>\n<p>Arhitec\u021bi interna\u021bionali, ingineri europeni, designeri de interior, consultan\u021bi \u00een echipamente, personal spitalicesc, produc\u0103tori de sisteme \u0219i consultan\u021bi tehnologici s-au adunat pentru a crea o adev\u0103rat\u0103 sinergie \u0219i pentru a \u00een\u021belege cerin\u021bele enorme de complexitate a designului de construire a unei unit\u0103\u021bi medicale avansate din punct de vedere tehnologic.<\/p>\n<p>Prin urmare, suntem extrem de m\u00e2ndri de cel de-al cincilea spital al Grupului, Istanbul Florence Nightingale Hospital (ianuarie 2013), care combin\u0103 expertiza cu cel mai \u00eenalt nivel de personal \u0219i inova\u021bia \u00een domeniul s\u0103n\u0103t\u0103\u021bii &#8211; de la paturi inteligente pentru pacien\u021bi la medii reglementate &#8211; pentru a se asigura c\u0103 fiecare pacient prime\u0219te cele mai bune \u00eengrijire posibil\u0103 dincolo de standardele interna\u0163ionale.<\/p>\n<p>\n<\/div><div class=\"btClear btSeparator topSpaced noBorder\" ><hr><\/div><\/div><\/div><\/div><\/div><\/div><\/div><\/div><\/section>\n","protected":false},"excerpt":{"rendered":"","protected":false},"author":1,"featured_media":0,"parent":2548,"menu_order":6,"comment_status":"closed","ping_status":"closed","template":"","meta":{"footnotes":""},"class_list":["post-2898","page","type-page","status-publish","hentry"],"_links":{"self":[{"href":"https:\/\/groupflorence.com\/ro\/wp-json\/wp\/v2\/pages\/2898","targetHints":{"allow":["GET"]}}],"collection":[{"href":"https:\/\/groupflorence.com\/ro\/wp-json\/wp\/v2\/pages"}],"about":[{"href":"https:\/\/groupflorence.com\/ro\/wp-json\/wp\/v2\/types\/page"}],"author":[{"embeddable":true,"href":"https:\/\/groupflorence.com\/ro\/wp-json\/wp\/v2\/users\/1"}],"replies":[{"embeddable":true,"href":"https:\/\/groupflorence.com\/ro\/wp-json\/wp\/v2\/comments?post=2898"}],"version-history":[{"count":3,"href":"https:\/\/groupflorence.com\/ro\/wp-json\/wp\/v2\/pages\/2898\/revisions"}],"predecessor-version":[{"id":6187,"href":"https:\/\/groupflorence.com\/ro\/wp-json\/wp\/v2\/pages\/2898\/revisions\/6187"}],"up":[{"embeddable":true,"href":"https:\/\/groupflorence.com\/ro\/wp-json\/wp\/v2\/pages\/2548"}],"wp:attachment":[{"href":"https:\/\/groupflorence.com\/ro\/wp-json\/wp\/v2\/media?parent=2898"}],"curies":[{"name":"wp","href":"https:\/\/api.w.org\/{rel}","templated":true}]}}