{"id":2894,"date":"2020-09-03T14:19:16","date_gmt":"2020-09-03T11:19:16","guid":{"rendered":"https:\/\/groupflorence.com\/ro\/?page_id=2894"},"modified":"2020-12-17T03:00:48","modified_gmt":"2020-12-17T00:00:48","slug":"factsheet","status":"publish","type":"page","link":"https:\/\/groupflorence.com\/ro\/why-choose-us\/factsheet\/","title":{"rendered":"Fi\u0219\u0103 Informativ\u0103"},"content":{"rendered":"<section id=\"bt_section69eb9253a1d76\"  class=\"boldSection gutter\" ><div class=\"port\"><div class=\"boldCell\"><div class=\"boldCellInner\"><div class=\"boldRow  \" ><div class=\"boldRowInner\"><div class=\"rowItem col-md-12 col-ms-12  btTextLeft\"  ><div class=\"rowItemContent\" ><div class=\"btClear btSeparator topSemiSpaced noBorder\" ><hr><\/div><header class=\"header btClear medium  btNormalDash\" ><div class=\"dash\"><h3><span class=\"headline\"><b class=\"animate\">Fi\u0219\u0103 Informativ\u0103<\/b><\/span><\/h3><\/div><\/header><div class=\"btClear btSeparator topSmallSpaced noBorder\" ><hr><\/div><div class=\"btTabs tabsHorizontal \" \"><ul class=\"tabsHeader\"><li><span>Grup Florence Nightingale dintr-o privire<\/span><\/li><li><span>Grupul Florence Nightingale \u00een cifre<\/span><\/li><li><span>Prima \u00een Clinic\u0103<\/span><\/li><\/ul><div class=\"tabPanes tabPanesTabs\"><div class=\"tabPane\">\r\n\t\t\t<div class=\"tabAccordionContent\"><\/p>\n<ul>\n<li>\u00cenfiin\u021bat\u0103 \u00een 1989: peste 30 de ani de experien\u021b\u0103 \u0219i experien\u021b\u0103 medical\u0103<\/li>\n<li>Centrul pentru Pacien\u0163i Interna\u0163ionali (CIP) al Grupului serve\u015fte exclusiv pacien\u0163ilor din \u00eentreaga lume<\/li>\n<li>4 spitale generale, fiecare furniz\u00e2nd \u201eCentre de Excelen\u0163\u0103\u201d \u00een domenii medicale specializate<\/li>\n<li>Dou\u0103 centre medicale<\/li>\n<li>Un spital didactic (Universitatea Bilim, Istanbul)<\/li>\n<li>Centrul de Cercetare Clinic\u0103 &amp; Facilitatea GMP<\/li>\n<li>Activ\u0103 \u00een fiecare domeniu major de specializare medical\u0103<\/li>\n<li>Unit\u0103\u0163i de Tratament \u015fi Diagnostic folosind cele mai noi tehnologii<\/li>\n<li>Unul dintre cele mai mari \u0219i mai renumite grupuri de spitale din Europa \u0219i Orientul Mijlociu<\/li>\n<li>Singurul centru de transplant de organe din regiunea Orientului Mijlociu, licen\u0163iat s\u0103 opereze \u00een cinci zone de transplant de organe<\/li>\n<li>Recunoscut ca standard de excelen\u021b\u0103 pentru \u00eentreaga regiune<\/li>\n<li>Cooperarea \u0219i parteneriatele cu spitalele americane \u0219i interna\u021bionale de top<\/li>\n<\/ul>\n<p>\n<\/div>\r\n\t\t<\/div><div class=\"tabPane\">\r\n\t\t\t<div class=\"tabAccordionContent\"><\/p>\n<ul>\n<li>Mai mult de 300.000 de pacien\u021bi trata\u021bi \u00een fiecare an<\/li>\n<li>804 paturi, 40 de s\u0103li de opera\u0163ie, 141 de paturi ATI \u015fi 50 de paturi de urgen\u0163\u0103.<\/li>\n<\/ul>\n<p><strong>P\u00e2n\u0103 \u00een ziua de azi;<br \/>\n<\/strong><\/p>\n<ul>\n<li>41.000 Chirurgii pe cord<\/li>\n<li>105.000 Angiografii \u015fi angioplastie<\/li>\n<li>20.000 Opera\u0163ii Ortopedice<\/li>\n<li>Mai mult de 1.100 Transplanturi de m\u0103duv\u0103 osoas\u0103<\/li>\n<li>Aproape 1.500 de transplanturi de ficat<\/li>\n<li>Mai mult de 1.000 de transplanturi de rinichi<\/li>\n<li>Mai mult de 1.500 Chirurgii Robotice<\/li>\n<li>Peste 5.000 Chirurgii Pediatrice<\/li>\n<\/ul>\n<p>\n<\/div>\r\n\t\t<\/div><div class=\"tabPane\">\r\n\t\t\t<div class=\"tabAccordionContent\"><\/p>\n<ul>\n<li>Prima Opera\u021biune a Stentului \u00een regiune (1991)<\/li>\n<li>Prima opera\u0163ie de chirurgie robotic\u0103 \u00een regiune (2004)<\/li>\n<li>Primul transplant de ficat \u00een regiune ca spital privat (2004)<\/li>\n<li>Primul centru de accident vascular cerebral din regiune ca spital privat (2005)<\/li>\n<li>Primul Centru Comprehensiv de Cancer din regiune (2007)<\/li>\n<\/ul>\n<p>\n<\/div>\r\n\t\t<\/div><\/div><\/div><div class=\"btClear btSeparator topSpaced noBorder\" ><hr><\/div><\/div><\/div><\/div><\/div><\/div><\/div><\/div><\/section>\n","protected":false},"excerpt":{"rendered":"","protected":false},"author":1,"featured_media":0,"parent":2548,"menu_order":5,"comment_status":"closed","ping_status":"closed","template":"","meta":{"footnotes":""},"class_list":["post-2894","page","type-page","status-publish","hentry"],"_links":{"self":[{"href":"https:\/\/groupflorence.com\/ro\/wp-json\/wp\/v2\/pages\/2894","targetHints":{"allow":["GET"]}}],"collection":[{"href":"https:\/\/groupflorence.com\/ro\/wp-json\/wp\/v2\/pages"}],"about":[{"href":"https:\/\/groupflorence.com\/ro\/wp-json\/wp\/v2\/types\/page"}],"author":[{"embeddable":true,"href":"https:\/\/groupflorence.com\/ro\/wp-json\/wp\/v2\/users\/1"}],"replies":[{"embeddable":true,"href":"https:\/\/groupflorence.com\/ro\/wp-json\/wp\/v2\/comments?post=2894"}],"version-history":[{"count":4,"href":"https:\/\/groupflorence.com\/ro\/wp-json\/wp\/v2\/pages\/2894\/revisions"}],"predecessor-version":[{"id":6181,"href":"https:\/\/groupflorence.com\/ro\/wp-json\/wp\/v2\/pages\/2894\/revisions\/6181"}],"up":[{"embeddable":true,"href":"https:\/\/groupflorence.com\/ro\/wp-json\/wp\/v2\/pages\/2548"}],"wp:attachment":[{"href":"https:\/\/groupflorence.com\/ro\/wp-json\/wp\/v2\/media?parent=2894"}],"curies":[{"name":"wp","href":"https:\/\/api.w.org\/{rel}","templated":true}]}}