{"id":2806,"date":"2020-08-27T19:36:11","date_gmt":"2020-08-27T16:36:11","guid":{"rendered":"https:\/\/groupflorence.com\/ro\/?page_id=2806"},"modified":"2020-12-17T02:43:47","modified_gmt":"2020-12-16T23:43:47","slug":"overview","status":"publish","type":"page","link":"https:\/\/groupflorence.com\/ro\/patient-guide\/overview\/","title":{"rendered":"Prezentare General\u0103"},"content":{"rendered":"<section id=\"bt_section69eb6a64d7463\"  class=\"boldSection gutter\" ><div class=\"port\"><div class=\"boldCell\"><div class=\"boldCellInner\"><div class=\"boldRow  \" ><div class=\"boldRowInner\"><div class=\"rowItem col-md-12 col-ms-12  btTextLeft\"  ><div class=\"rowItemContent\" ><div class=\"btClear btSeparator topSpaced noBorder\" ><hr><\/div><header class=\"header btClear medium btDash bottomDash  btAlternateDash\" ><div class=\"dash\"><h3><span class=\"headline\"><b class=\"animate\">Prezentare General\u0103<\/b><\/span><\/h3><\/div><\/header><div class=\"btClear btSeparator bottomSmallSpaced noBorder\" ><hr><\/div><div class=\"btText\" ><\/p>\n<p>Av\u00e2nd o reputa\u021bie interna\u021bional\u0103 pentru excelen\u021b\u0103 clinic\u0103 \u0219i investi\u021bii continue \u00een cea mai recent\u0103 tehnologie de tratament, GFNH se afl\u0103 \u00een fruntea medicinii moderne \u0219i chirurgiei \u00een Turcia, fiind \u00eenfiin\u021bat\u0103 \u00een 1989 ca primul spital pentru boli cardiovasculare din regiune sub egida Turciei Funda\u0163ia Cardiologie.<\/p>\n<p>Ast\u0103zi exist\u0103 4 spitale generale, 2 centre medicale, precum \u0219i Universitatea Bilim din Istanbul, care locuie\u0219te o facultate medical\u0103, o \u0219coal\u0103 de asisten\u021b\u0103 medical\u0103 \u0219i o \u0219coal\u0103 profesional\u0103 de asisten\u021b\u0103 medical\u0103 \u00een cadrul Grupului.<\/p>\n<p>Grupul \u0219i-a men\u021binut reputa\u021bia de excelen\u021b\u0103 prin combinarea expertizei cu cel mai \u00eenalt nivel de personal \u0219i inova\u021bie \u00een domeniul s\u0103n\u0103t\u0103\u021bii pentru a se asigura c\u0103 fiecare pacient beneficiaz\u0103 de cea mai bun\u0103 \u00eengrijire posibil\u0103.<\/p>\n<p>Toate facilit\u0103\u0163ile sunt acreditate JCI \u015fi ISO. \u00cen plus, Istanbul FNH a primit, de asemenea, premiul Semnul ora\u0219ului \u00een 2014 \u0219i acreditarea britanic\u0103 QHA \u00een 2015.<\/p>\n<h3><\/h3>\n<h3><strong>GRUP Florence Nightingale \u00een cifre<\/strong><\/h3>\n<ul>\n<li>700 capacitate pat pacient, 36 camere operationale, 122 paturi ATI<\/li>\n<li>40.000 de pacien\u0163i trata\u0163i \u00een fiecare an<\/li>\n<li>41.000 Chirurgii cardiace (o medie de 30-35 de pacien\u021bi s\u0103pt\u0103m\u00e2nal \u00een 2010)<\/li>\n<li>Cea mai sc\u0103zut\u0103 rat\u0103 a mortalit\u0103\u021bii \u00een cardiologie din Europa &#8211; 1,53% \u00een 2010 \u0219i defini\u021bia anual\u0103 a infec\u021biei generale de 1,53%)<\/li>\n<li>8 Chirurgii vertebrale &amp; Scolioza pe s\u0103pt\u0103m\u00e2n\u0103<\/li>\n<li>140.000 Angiografii &amp; Angioplastii<\/li>\n<li>8.000 Angiografii pe an<\/li>\n<li>7 Cazuri de transplant de celule stem pe lun\u0103<\/li>\n<li>20.000 Opera\u0163ii Ortopedice<\/li>\n<li>300 Chirurgii Robotice \u00een Urologie<\/li>\n<li>Mai mult de 1.000 Transplanturi de ficat<\/li>\n<li>2.000 de interven\u021bii cardiace invazive pe an<\/li>\n<li>2.000 de opera\u0163ii pe inim\u0103 pe an<\/li>\n<\/ul>\n<h3><\/h3>\n<h3>\u201e Prima dat\u0103\u201d<\/h3>\n<ul>\n<li>Prima Opera\u021biune a Stentului \u00een regiune (1991)<\/li>\n<li>Prima opera\u0163ie de chirurgie robotic\u0103 \u00een regiune (2004)<\/li>\n<li>Primul transplant de ficat \u00een regiune ca spital privat (2004)<\/li>\n<li>Primul centru de accident vascular cerebral din regiune ca spital privat (2005)<\/li>\n<li>Primul Centru Comprehensiv de Cancer din regiune (2007)<\/li>\n<li>Primul RMN PET-PET \u00een Turcia \u0219i regiune (2016)<\/li>\n<li>Cooperarea interna\u021bional\u0103 \u0219i parteneriate<\/li>\n<\/ul>\n<h4><\/h4>\n<h4><strong>Grupul Florence Nightingale colaboreaz\u0103 cu spitale \u0219i \u0219coli medicale de renume mondial pentru a oferi pacien\u021bilor s\u0103i metode de diagnosticare \u0219i tratament de ultim\u0103 genera\u021bie:<\/strong><\/h4>\n<ul>\n<li>Centrul Memorial Sloan-Kettering Cancer, New York<\/li>\n<li>Spitalul metodist, Houston<\/li>\n<li>Universitatea Columbia Centrul Medical, New York<\/li>\n<li>Colegiul Medical Weill de la Universitatea Cornell, New York<\/li>\n<li>Institutul de Cancer Barbara Ann Karmanos, Detroit<\/li>\n<li>Colegiul de Medicin\u0103 Baylor, Houston<\/li>\n<li>Centrul de Terapie Celular\u0103 \u0219i Imunoterapie Cancer\u0103, Tel Aviv<\/li>\n<li>Centrul Medical Detroit, Detroit<\/li>\n<li>Wayne State University Scoala de Medicina, Detroit<\/li>\n<\/ul>\n<p>\n<\/div><div class=\"btClear btSeparator topSpaced noBorder\" ><hr><\/div><\/div><\/div><\/div><\/div><\/div><\/div><\/div><\/section>\n","protected":false},"excerpt":{"rendered":"","protected":false},"author":1,"featured_media":0,"parent":2524,"menu_order":4,"comment_status":"closed","ping_status":"closed","template":"","meta":{"footnotes":""},"class_list":["post-2806","page","type-page","status-publish","hentry"],"_links":{"self":[{"href":"https:\/\/groupflorence.com\/ro\/wp-json\/wp\/v2\/pages\/2806","targetHints":{"allow":["GET"]}}],"collection":[{"href":"https:\/\/groupflorence.com\/ro\/wp-json\/wp\/v2\/pages"}],"about":[{"href":"https:\/\/groupflorence.com\/ro\/wp-json\/wp\/v2\/types\/page"}],"author":[{"embeddable":true,"href":"https:\/\/groupflorence.com\/ro\/wp-json\/wp\/v2\/users\/1"}],"replies":[{"embeddable":true,"href":"https:\/\/groupflorence.com\/ro\/wp-json\/wp\/v2\/comments?post=2806"}],"version-history":[{"count":5,"href":"https:\/\/groupflorence.com\/ro\/wp-json\/wp\/v2\/pages\/2806\/revisions"}],"predecessor-version":[{"id":6169,"href":"https:\/\/groupflorence.com\/ro\/wp-json\/wp\/v2\/pages\/2806\/revisions\/6169"}],"up":[{"embeddable":true,"href":"https:\/\/groupflorence.com\/ro\/wp-json\/wp\/v2\/pages\/2524"}],"wp:attachment":[{"href":"https:\/\/groupflorence.com\/ro\/wp-json\/wp\/v2\/media?parent=2806"}],"curies":[{"name":"wp","href":"https:\/\/api.w.org\/{rel}","templated":true}]}}