{"id":2797,"date":"2020-08-27T18:07:22","date_gmt":"2020-08-27T15:07:22","guid":{"rendered":"https:\/\/groupflorence.com\/ro\/?page_id=2797"},"modified":"2020-12-17T02:52:04","modified_gmt":"2020-12-16T23:52:04","slug":"private-insurance-companies","status":"publish","type":"page","link":"https:\/\/groupflorence.com\/ro\/patient-guide\/private-insurance-companies\/","title":{"rendered":"Societ\u0103\u021bi de Asigurare"},"content":{"rendered":"<section id=\"bt_section69eb825d8e82a\"  class=\"boldSection topSpaced bottomSpaced gutter inherit\" ><div class=\"port\"><div class=\"boldCell\"><div class=\"boldCellInner\"><div class=\"boldRow  \" ><div class=\"boldRowInner\"><div class=\"rowItem col-md-12 col-ms-12  btTextLeft inherit\"  ><div class=\"rowItemContent\" ><header class=\"header btClear medium btDash bottomDash  btAlternateDash\" ><div class=\"dash\"><h3><span class=\"headline\"><b class=\"animate\">Societ\u0103\u021bi de Asigurare<\/b><\/span><\/h3><\/div><\/header><\/div><\/div><\/div><\/div><div class=\"boldRow  \" ><div class=\"boldRowInner\"><div class=\"rowItem col-md-12 col-ms-12  btTextLeft\"  ><div class=\"rowItemContent\" ><div class=\"btClear btSeparator topSemiSpaced noBorder bt_bb_hidden_xs bt_bb_hidden_ms\" ><hr><\/div><\/div><\/div><\/div><\/div><div class=\"boldRow  \" ><div class=\"boldRowInner\"><div class=\"rowItem col-md-12 col-ms-12  btTextLeft\"  ><div class=\"rowItemContent\" ><div class=\"btText\" ><\/p>\n<p>Avem acorduri cu o gam\u0103 larg\u0103 de companii interna\u021bionale de asigur\u0103ri private \u0219i vom solicita aprob\u0103ri de tratament \u00een numele dumneavoastr\u0103.<\/p>\n<p>\u00cen cazul \u00een care nu vede\u021bi compania dvs. de asigur\u0103ri pe list\u0103, v\u0103 rug\u0103m s\u0103 ne contacta\u021bi direct pentru asisten\u021b\u0103 suplimentar\u0103:<\/p>\n<p>\n<\/div><div class=\"btClear btSeparator topSemiSpaced noBorder bt_bb_hidden_xs bt_bb_hidden_ms\" ><hr><\/div><\/div><\/div><\/div><\/div><div class=\"boldRow  \" ><div class=\"boldRowInner\"><div class=\"rowItem col-md-6 col-sm-12 btTextLeft\"  ><div class=\"rowItemContent\" ><div class=\"btText\" ><\/p>\n<ul>\n<li>Allianz Worldwide Care<\/li>\n<li>AXA PPP<\/li>\n<li>BUPA International<\/li>\n<li>Cigna International<\/li>\n<li>Daman Health Insurance<\/li>\n<li>Euro-Center<\/li>\n<li>Eurocross Assistance<\/li>\n<li style=\"text-align: left;\">Europ Assistance<\/li>\n<li>GBG International<\/li>\n<\/ul>\n<p>\n<\/div><\/div><\/div><div class=\"rowItem col-md-6 col-sm-12 btTextLeft\"  ><div class=\"rowItemContent\" ><div class=\"btText\" ><\/p>\n<ul>\n<li>Gems International<\/li>\n<li>GeoBlue International (HTH, LLC, Blueshield Bluecross, WIS)<\/li>\n<li>IMG Insurance<\/li>\n<li>International SOS<\/li>\n<li>Marm Assistance<\/li>\n<li>Medilink International<\/li>\n<li>Mondial Assistance<\/li>\n<li>MSH International<\/li>\n<li>Remed Assistance<\/li>\n<\/ul>\n<p>\n<\/div><\/div><\/div><\/div><\/div><\/div><\/div><\/div><\/section>\n","protected":false},"excerpt":{"rendered":"","protected":false},"author":1,"featured_media":0,"parent":2524,"menu_order":3,"comment_status":"closed","ping_status":"closed","template":"","meta":{"footnotes":""},"class_list":["post-2797","page","type-page","status-publish","hentry"],"_links":{"self":[{"href":"https:\/\/groupflorence.com\/ro\/wp-json\/wp\/v2\/pages\/2797","targetHints":{"allow":["GET"]}}],"collection":[{"href":"https:\/\/groupflorence.com\/ro\/wp-json\/wp\/v2\/pages"}],"about":[{"href":"https:\/\/groupflorence.com\/ro\/wp-json\/wp\/v2\/types\/page"}],"author":[{"embeddable":true,"href":"https:\/\/groupflorence.com\/ro\/wp-json\/wp\/v2\/users\/1"}],"replies":[{"embeddable":true,"href":"https:\/\/groupflorence.com\/ro\/wp-json\/wp\/v2\/comments?post=2797"}],"version-history":[{"count":1,"href":"https:\/\/groupflorence.com\/ro\/wp-json\/wp\/v2\/pages\/2797\/revisions"}],"predecessor-version":[{"id":6173,"href":"https:\/\/groupflorence.com\/ro\/wp-json\/wp\/v2\/pages\/2797\/revisions\/6173"}],"up":[{"embeddable":true,"href":"https:\/\/groupflorence.com\/ro\/wp-json\/wp\/v2\/pages\/2524"}],"wp:attachment":[{"href":"https:\/\/groupflorence.com\/ro\/wp-json\/wp\/v2\/media?parent=2797"}],"curies":[{"name":"wp","href":"https:\/\/api.w.org\/{rel}","templated":true}]}}