{"id":2737,"date":"2020-08-27T13:21:05","date_gmt":"2020-08-27T10:21:05","guid":{"rendered":"https:\/\/groupflorence.com\/ro\/?page_id=2737"},"modified":"2020-12-17T12:22:44","modified_gmt":"2020-12-17T09:22:44","slug":"kadikoy-florence-nightingale-medical-center","status":"publish","type":"page","link":"https:\/\/groupflorence.com\/ro\/why-choose-us\/hospitals-opcs\/kadikoy-florence-nightingale-medical-center\/","title":{"rendered":"Centrul Medical Kad\u0131k\u00f6y Florence Nightingale"},"content":{"rendered":"<section id=\"bt_section69eb895931a15\"  class=\"boldSection topSpaced bottomSpaced gutter inherit\" ><div class=\"port\"><div class=\"boldCell\"><div class=\"boldCellInner\"><div class=\"boldRow  \" ><div class=\"boldRowInner\"><div class=\"rowItem col-md-12 col-ms-12  btTextLeft btBottomVertical\"  ><div class=\"rowItemContent\" ><header class=\"header btClear medium  btAccentDash\" ><div class=\"dash\"><h3><span class=\"headline\"><b class=\"animate\">Centrul Medical Kad\u0131k\u00f6y Florence Nightingale<\/b><\/span><\/h3><\/div><\/header><div class=\"btClear btSeparator topSmallSpaced bottomSmallSpaced noBorder\" ><hr><\/div><\/div><\/div><\/div><\/div><div class=\"boldRow  \" ><div class=\"boldRowInner\"><div class=\"rowItem col-md-8 col-ms-12 btTextCenter btTextIndent inherit\"  ><div class=\"rowItemContent\" ><div class=\"bt_bb_slider bt_bb_height_auto\"><div class=\"slick-slider\"  data-slick='{ \"lazyLoad\": \"progressive\", \"cssEase\": \"ease-out\", \"speed\": \"300\", \"prevArrow\": \"&lt;button type=\\\"button\\\" class=\\\"slick-prev\\\"&gt;\", \"nextArrow\": \"&lt;button type=\\\"button\\\" class=\\\"slick-next\\\"&gt;\", \"adaptiveHeight\": true, \"dots\": true,\"autoplay\": true, \"autoplaySpeed\": 1700}' ><div class=\"bt_bb_slider_item\"><img decoding=\"async\" src=\"https:\/\/groupflorence.com\/ro\/wp-content\/uploads\/2020\/08\/aac9aa68-c0ad-4d32-9d2c-6dd7a9c7647c1.jpg\" alt=\"aac9aa68-c0ad-4d32-9d2c-6dd7a9c7647c[1]\"  title=\"aac9aa68-c0ad-4d32-9d2c-6dd7a9c7647c[1]\"><\/div><div class=\"bt_bb_slider_item\"><img decoding=\"async\" src=\"https:\/\/groupflorence.com\/ro\/wp-content\/uploads\/2020\/08\/259B0128-scaled.jpg\" alt=\"259B0128\"  title=\"259B0128\"><\/div><div class=\"bt_bb_slider_item\"><img decoding=\"async\" src=\"https:\/\/groupflorence.com\/ro\/wp-content\/uploads\/2020\/08\/259B0089-scaled.jpg\" alt=\"259B0089\"  title=\"259B0089\"><\/div><\/div><\/div><div class=\"btClear btSeparator bottomSemiSpaced border\" ><hr><\/div><header class=\"header btClear large  btNormalDash\" ><\/header><div class=\"btClear btSeparator topSmallSpaced bottomSemiSpaced border\" ><hr><\/div><div class=\"btText\" ><\/p>\n<p>Bine a\u021bi venit la Centrul Medical Kad\u0131k\u00f6y Florence Nightingale a \u00eenceput s\u0103 serveasc\u0103 \u00eentr-o cl\u0103dire nou\u0103, cu echipamente tehnologice moderne \u0219i personal specializat \u00een Bagdat Street, l\u00e2ng\u0103 Spitalul Kadikoy Florence Nightingale, inelul de pe partea anatolian\u0103 a lan\u021bului Grupa Florence Nightingale Hospital. Centrul este format dintr-un total de 6 etaje construit pe o suprafata de 6000 m\u00b2. Acesta ofer\u0103 servicii \u00een diagnosticul \u0219i tratamentul bolilor interne cu Medicina Interna, Cardiologie, Gastroenterologie, boli toracice, departamentele endocrine \u0219i servicii pentru pacien\u021bii de toate grupele de v\u00e2rst\u0103 cu chirurgie generala, ORL, ochi si chirurgie plastica. Acesta \u00ee\u0219i propune s\u0103 fie cea mai important\u0103 institu\u021bie medical\u0103 din Street \u00een domeniul serviciilor de s\u0103n\u0103tate pentru femei \u0219i copii, cu departamente de s\u0103n\u0103tate \u0219i boli ale copiilor, unit\u0103\u021bi de observare a copilului, Chirurgie Pediatric\u0103 \u0219i Ginecologie \u0219i Obstetric\u0103. Centrul Medical Kadikoy Florence Nightingale este un centru de referin\u021b\u0103 \u00een diagnosticul \u0219i tratamentul bolilor sistemului digestiv cu departamentul s\u0103u de endoscopie, care a fost recent comandat, medici specializa\u021bi \u0219i profesioni\u0219ti din domeniul s\u0103n\u0103t\u0103\u021bii, precum \u0219i dispozitive tehnologice avansate. Cu serviciul s\u0103u de verificare, Centrul de via\u021b\u0103 s\u0103n\u0103toas\u0103 a \u00eentreprins o misiune bazat\u0103 pe servicii de s\u0103n\u0103tate preventiv\u0103 pentru verificarea s\u0103n\u0103t\u0103\u021bii \u0219i protec\u021bia oamenilor. Programele personalizate sunt create \u00een Centru pentru a motiva oamenii s\u0103 fac\u0103 schimb\u0103ri de stil de via\u021b\u0103 pentru ca ei s\u0103 \u00ee\u0219i m\u0103reasc\u0103 calitatea vie\u021bii. Departamentul de Dermatologie ofer\u0103 servicii \u00een diagnosticul \u0219i tratamentul tuturor bolilor de piele, \u00een timp ce departamentul de Dermatologie \u0219i Chirurgie Plastic\u0103 efectueaz\u0103 aplica\u021bii estetice \u0219i dermatologice. Centrul Medical Kadikoy Florence Nightingale \u00ee\u0219i continu\u0103 serviciile medicale ca un centru inovator care se \u00eembun\u0103t\u0103\u021be\u0219te continuu, care ofer\u0103 servicii fiabile, orientate spre pacient \u0219i de calitate la cel mai \u00eenalt nivel de medicin\u0103 \u00een toate serviciile medicale \u0219i pune accentul pe siguran\u021ba pacien\u021bilor \u0219i a angaja\u021bilor.<\/p>\n<p>\n<\/div><div class=\"btClear btSeparator topSmallSpaced noBorder\" ><hr><\/div><div class=\"btClear btSeparator bottomSemiSpaced noBorder bt_bb_hidden_md bt_bb_hidden_lg\" ><hr><\/div><\/div><\/div><div class=\"rowItem col-md-4 col-ms-12 btTextLeft inherit btDoublePadding\" style=\"border: #f1f1f1 10px solid;\" ><div class=\"rowItemContent\" ><div class=\"btClear btSeparator topSmallSpaced bottomSmallSpaced noBorder\" ><hr><\/div><header class=\"header btClear medium btDash topDash  btAccentDash\" ><div class=\"dash\"><h3><span class=\"headline\"><b class=\"animate\">Facilities<\/b><\/span><\/h3><\/div><\/header><div class=\"btClear btSeparator topExtraSmallSpaced noBorder\" ><hr><\/div><div class=\"btWorkingHours  btWorkingHoursHasLink \" ><div class=\"btWorkingHoursInner\"><div class=\"btWorkingHoursInnerRow\"><div class=\"btWorkingHoursInnerTitle\">Television<\/div><div class=\"btWorkingHoursInnerLink\"><a href=\"#\" title=\"<br \/>&#8220;><br \/><\/a><\/div><\/div><div class=\"btWorkingHoursInnerRow\"><div class=\"btWorkingHoursInnerTitle\">Cafe<\/div><div class=\"btWorkingHoursInnerLink\"><a href=\"#\" title=\"<br \/>&#8220;><br \/><\/a><\/div><\/div><div class=\"btWorkingHoursInnerRow\"><div class=\"btWorkingHoursInnerTitle\">Restaurant<\/div><div class=\"btWorkingHoursInnerLink\"><a href=\"#\" title=\"<br \/>&#8220;><br \/><\/a><\/div><\/div><div class=\"btWorkingHoursInnerRow\"><div class=\"btWorkingHoursInnerTitle\">Wi-Fi<\/div><div class=\"btWorkingHoursInnerLink\"><a href=\"#\" title=\"<br \/>&#8220;><br \/><\/a><\/div><\/div><div class=\"btWorkingHoursInnerRow\"><div class=\"btWorkingHoursInnerTitle\">Parking<\/div><div class=\"btWorkingHoursInnerLink\"><a href=\"#\" title=\"<br \/>&#8220;><br \/><\/a><\/div><\/div><div class=\"btWorkingHoursInnerRow\"><div class=\"btWorkingHoursInnerTitle\">Dry Cleaning<\/div><\/div><\/div><\/div><div class=\"btClear btSeparator topSemiSpaced noBorder\" ><hr><\/div><header class=\"header btClear medium btDash topDash  btAccentDash\" ><div class=\"btSuperTitle\">Book an appointment<\/div><div class=\"dash\"><h3><span class=\"headline\"><b class=\"animate\">Contact Us Now<\/b><\/span><\/h3><\/div><\/header><div class=\"btClear btSeparator topSmallSpaced noBorder\" ><hr><\/div><div class=\"servicesItem  btIcoAccentColorIcon btIcoMediumSizeIcon  \"><div class=\"sIcon\"><span class=\"btIco btIcoMediumSize btIcoDefaultType btIcoAccentColor\" ><span  data-ico-tc=\"&#xe95f;\" class=\"btIcoHolder\"><em><\/em><\/span><\/span><\/div><div class=\"sTxt\"><header class=\"header btClear small\" ><div class=\"dash\"><h4><span class=\"headline\">CALL US ANYTIME<\/span><\/h4><\/div><\/header><p>+90 850 711 60 60<\/p><\/div><\/div><div class=\"btClear btSeparator topSmallSpaced bottomSmallSpaced border\" ><hr><\/div><div class=\"servicesItem  btIcoAccentColorIcon btIcoMediumSizeIcon  \"><div class=\"sIcon\"><span class=\"btIco btIcoMediumSize btIcoDefaultType btIcoAccentColor\" ><span  data-ico-cs=\"&#xe91f;\" class=\"btIcoHolder\"><em><\/em><\/span><\/span><\/div><div class=\"sTxt\"><header class=\"header btClear small\" ><div class=\"dash\"><h4><span class=\"headline\">ADDRESS<\/span><\/h4><\/div><\/header><p>Ba\u011fdat Caddesi No: 69 K\u0131z\u0131ltoprak \u2013 Kad\u0131k\u00f6y \u2013 \u0130stanbul<\/p><\/div><\/div><div class=\"btClear btSeparator topSmallSpaced bottomSmallSpaced border\" ><hr><\/div><div class=\"servicesItem  btIcoAccentColorIcon btIcoMediumSizeIcon  \"><div class=\"sIcon\"><span class=\"btIco btIcoMediumSize btIcoDefaultType btIcoAccentColor\" ><a href=\"https:\/\/groupflorence.com\/ro\/contact-us\/\"  data-ico-hs=\"&#xe921;\" class=\"btIcoHolder\"><em><\/em><\/a><\/span><\/div><div class=\"sTxt\"><header class=\"header btClear small\" ><div class=\"dash\"><h4><span class=\"headline\">BOOK AN APPOINTMENT<\/span><\/h4><\/div><\/header><p>Click on the icon to contact us now!<\/p><\/div><\/div><div class=\"btClear btSeparator topSmallSpaced bottomSmallSpaced noBorder\" ><hr><\/div><\/div><\/div><\/div><\/div><\/div><\/div><\/div><\/section>\n","protected":false},"excerpt":{"rendered":"","protected":false},"author":1,"featured_media":0,"parent":2238,"menu_order":5,"comment_status":"closed","ping_status":"closed","template":"","meta":{"footnotes":""},"class_list":["post-2737","page","type-page","status-publish","hentry"],"_links":{"self":[{"href":"https:\/\/groupflorence.com\/ro\/wp-json\/wp\/v2\/pages\/2737","targetHints":{"allow":["GET"]}}],"collection":[{"href":"https:\/\/groupflorence.com\/ro\/wp-json\/wp\/v2\/pages"}],"about":[{"href":"https:\/\/groupflorence.com\/ro\/wp-json\/wp\/v2\/types\/page"}],"author":[{"embeddable":true,"href":"https:\/\/groupflorence.com\/ro\/wp-json\/wp\/v2\/users\/1"}],"replies":[{"embeddable":true,"href":"https:\/\/groupflorence.com\/ro\/wp-json\/wp\/v2\/comments?post=2737"}],"version-history":[{"count":4,"href":"https:\/\/groupflorence.com\/ro\/wp-json\/wp\/v2\/pages\/2737\/revisions"}],"predecessor-version":[{"id":6202,"href":"https:\/\/groupflorence.com\/ro\/wp-json\/wp\/v2\/pages\/2737\/revisions\/6202"}],"up":[{"embeddable":true,"href":"https:\/\/groupflorence.com\/ro\/wp-json\/wp\/v2\/pages\/2238"}],"wp:attachment":[{"href":"https:\/\/groupflorence.com\/ro\/wp-json\/wp\/v2\/media?parent=2737"}],"curies":[{"name":"wp","href":"https:\/\/api.w.org\/{rel}","templated":true}]}}