{"id":2735,"date":"2020-08-27T13:17:34","date_gmt":"2020-08-27T10:17:34","guid":{"rendered":"https:\/\/groupflorence.com\/ro\/?page_id=2735"},"modified":"2020-12-17T12:27:21","modified_gmt":"2020-12-17T09:27:21","slug":"gokturk-florence-nightingale-medical-center","status":"publish","type":"page","link":"https:\/\/groupflorence.com\/ro\/why-choose-us\/hospitals-opcs\/gokturk-florence-nightingale-medical-center\/","title":{"rendered":"Centrul Medical G\u00f6kt\u00fcrk Florence Nightingale"},"content":{"rendered":"<section id=\"bt_section69eb70737b050\"  class=\"boldSection topSpaced bottomSpaced gutter inherit\" ><div class=\"port\"><div class=\"boldCell\"><div class=\"boldCellInner\"><div class=\"boldRow  \" ><div class=\"boldRowInner\"><div class=\"rowItem col-md-12 col-ms-12  btTextLeft btBottomVertical\"  ><div class=\"rowItemContent\" ><header class=\"header btClear medium  btAccentDash\" ><div class=\"dash\"><h3><span class=\"headline\"><b class=\"animate\">Centrul Medical G\u00f6kt\u00fcrk Florence Nightingale<\/b><\/span><\/h3><\/div><\/header><div class=\"btClear btSeparator topSmallSpaced bottomSmallSpaced noBorder\" ><hr><\/div><\/div><\/div><\/div><\/div><div class=\"boldRow  \" ><div class=\"boldRowInner\"><div class=\"rowItem col-md-8 col-ms-12 btTextCenter btTextIndent inherit\"  ><div class=\"rowItemContent\" ><div class=\"bt_bb_slider bt_bb_height_auto\"><div class=\"slick-slider\"  data-slick='{ \"lazyLoad\": \"progressive\", \"cssEase\": \"ease-out\", \"speed\": \"300\", \"prevArrow\": \"&lt;button type=\\\"button\\\" class=\\\"slick-prev\\\"&gt;\", \"nextArrow\": \"&lt;button type=\\\"button\\\" class=\\\"slick-next\\\"&gt;\", \"adaptiveHeight\": true, \"dots\": true,\"autoplay\": true, \"autoplaySpeed\": 1700}' ><div class=\"bt_bb_slider_item\"><img decoding=\"async\" src=\"https:\/\/groupflorence.com\/ro\/wp-content\/uploads\/2020\/08\/aac9aa68-c0ad-4d32-9d2c-6dd7a9c7647c1.jpg\" alt=\"aac9aa68-c0ad-4d32-9d2c-6dd7a9c7647c[1]\"  title=\"aac9aa68-c0ad-4d32-9d2c-6dd7a9c7647c[1]\"><\/div><div class=\"bt_bb_slider_item\"><img decoding=\"async\" src=\"https:\/\/groupflorence.com\/ro\/wp-content\/uploads\/2020\/08\/259B0128-scaled.jpg\" alt=\"259B0128\"  title=\"259B0128\"><\/div><div class=\"bt_bb_slider_item\"><img decoding=\"async\" src=\"https:\/\/groupflorence.com\/ro\/wp-content\/uploads\/2020\/08\/259B0089-scaled.jpg\" alt=\"259B0089\"  title=\"259B0089\"><\/div><\/div><\/div><div class=\"btClear btSeparator bottomSemiSpaced border\" ><hr><\/div><div class=\"btText\" ><\/p>\n<p>Bine a\u021bi venit la Centrul Medical G\u00f6kt\u00fcrk Florence Nightingale ofer\u0103 facilit\u0103\u021bi interna\u021bionale de tratament \u0219i chirurgie pentru pacien\u021bi, cu 10 paturi pentru pacien\u021bi \u0219i facilit\u0103\u021bi extinse de ambulatoriu. Primul centru medical al Grupului Florence Nightingale ofer\u0103 servicii de calitate \u00een domeniul tratamentului \u0219i chirurgiei, cu un accent deosebit pe Pediatrie S\u0103n\u0103tate \u0219i Boli, Boli Interne, Fizioterapie \u0219i Reabilitare, Ortopedie, Ginecologie \u0219i Stomatologie. \u00cen plus, nutri\u021bioni\u0219tii no\u0219tri specializa\u021bi Nutri\u021bie \u0219i Diet\u0103 ofer\u0103 consultan\u021b\u0103 pentru toate grupele de v\u00e2rst\u0103. Centrul are un laborator avansat \u0219i centru de screening \u0219i este privit ca un centru de conducere al regiunii.<\/p>\n<p>\n<\/div><div class=\"btClear btSeparator topSemiSpaced bottomSemiSpaced border\" ><hr><\/div><header class=\"header btClear medium btDash bottomDash  btAccentDash\" ><div class=\"dash\"><h3><span class=\"headline\"><b class=\"animate\">Centrele de Excelen\u0163\u0103<\/b><\/span><\/h3><\/div><\/header><div class=\"btClear btSeparator topSmallSpaced noBorder\" ><hr><\/div><div class=\"boldRow boldInnerRow  \" ><div class=\"rowItem rowInnerItem col-md-6  btTextLeft\"  ><div class=\"rowItemContent\"><div class=\"servicesItem  btIcoAccentColorIcon btIcoSmallSizeIcon  \"><div class=\"sIcon\"><span class=\"btIco btIcoSmallSize btIcoDefaultType btIcoAccentColor\" ><span  data-ico-fa=\"&#xf0a9;\" class=\"btIcoHolder\"><em><\/em><\/span><\/span><\/div><div class=\"sTxt\"><header class=\"header btClear small\" ><div class=\"dash\"><h4><span class=\"headline\">Pediatrie S\u0103n\u0103tate \u0219i Boli<\/span><\/h4><\/div><\/header><p><\/p><\/div><\/div><div class=\"btClear btSeparator bottomSemiSpaced noBorder\" ><hr><\/div><div class=\"servicesItem  btIcoAccentColorIcon btIcoSmallSizeIcon  \"><div class=\"sIcon\"><span class=\"btIco btIcoSmallSize btIcoDefaultType btIcoAccentColor\" ><span  data-ico-fa=\"&#xf0a9;\" class=\"btIcoHolder\"><em><\/em><\/span><\/span><\/div><div class=\"sTxt\"><header class=\"header btClear small\" ><div class=\"dash\"><h4><span class=\"headline\">Boli Interne<\/span><\/h4><\/div><\/header><p><\/p><\/div><\/div><div class=\"btClear btSeparator bottomSemiSpaced noBorder\" ><hr><\/div><div class=\"servicesItem  btIcoAccentColorIcon btIcoSmallSizeIcon  \"><div class=\"sIcon\"><span class=\"btIco btIcoSmallSize btIcoDefaultType btIcoAccentColor\" ><span  data-ico-fa=\"&#xf0a9;\" class=\"btIcoHolder\"><em><\/em><\/span><\/span><\/div><div class=\"sTxt\"><header class=\"header btClear small\" ><div class=\"dash\"><h4><span class=\"headline\">Obstetric\u0103 &amp; Ginecologie<\/span><\/h4><\/div><\/header><p><\/p><\/div><\/div><div class=\"btClear btSeparator bottomSemiSpaced noBorder\" ><hr><\/div><div class=\"servicesItem  btIcoAccentColorIcon btIcoSmallSizeIcon  \"><div class=\"sIcon\"><span class=\"btIco btIcoSmallSize btIcoDefaultType btIcoAccentColor\" ><span  data-ico-fa=\"&#xf0a9;\" class=\"btIcoHolder\"><em><\/em><\/span><\/span><\/div><div class=\"sTxt\"><header class=\"header btClear small\" ><div class=\"dash\"><h4><span class=\"headline\">Fizioterapie &amp; Reabilitare<\/span><\/h4><\/div><\/header><p><\/p><\/div><\/div><\/div><\/div><div class=\"rowItem rowInnerItem col-md-6  btTextLeft\"  ><div class=\"rowItemContent\"><div class=\"servicesItem  btIcoAccentColorIcon btIcoSmallSizeIcon  \"><div class=\"sIcon\"><span class=\"btIco btIcoSmallSize btIcoDefaultType btIcoAccentColor\" ><span  data-ico-fa=\"&#xf0a9;\" class=\"btIcoHolder\"><em><\/em><\/span><\/span><\/div><div class=\"sTxt\"><header class=\"header btClear small\" ><div class=\"dash\"><h4><span class=\"headline\">Ortopedie<\/span><\/h4><\/div><\/header><p><\/p><\/div><\/div><div class=\"btClear btSeparator bottomSemiSpaced noBorder\" ><hr><\/div><div class=\"servicesItem  btIcoAccentColorIcon btIcoSmallSizeIcon  \"><div class=\"sIcon\"><span class=\"btIco btIcoSmallSize btIcoDefaultType btIcoAccentColor\" ><span  data-ico-fa=\"&#xf0a9;\" class=\"btIcoHolder\"><em><\/em><\/span><\/span><\/div><div class=\"sTxt\"><header class=\"header btClear small\" ><div class=\"dash\"><h4><span class=\"headline\">Stomatologie<\/span><\/h4><\/div><\/header><p><\/p><\/div><\/div><div class=\"btClear btSeparator bottomSemiSpaced noBorder\" ><hr><\/div><div class=\"servicesItem  btIcoAccentColorIcon btIcoSmallSizeIcon  \"><div class=\"sIcon\"><span class=\"btIco btIcoSmallSize btIcoDefaultType btIcoAccentColor\" ><span  data-ico-fa=\"&#xf0a9;\" class=\"btIcoHolder\"><em><\/em><\/span><\/span><\/div><div class=\"sTxt\"><header class=\"header btClear small\" ><div class=\"dash\"><h4><span class=\"headline\">Nutri\u021bie \u0219i diet\u0103<\/span><\/h4><\/div><\/header><p><\/p><\/div><\/div><\/div><\/div><\/div><div class=\"btClear btSeparator bottomSemiSpaced noBorder bt_bb_hidden_md bt_bb_hidden_lg\" ><hr><\/div><\/div><\/div><div class=\"rowItem col-md-4 col-ms-12 btTextLeft inherit btDoublePadding\" style=\"border: #f1f1f1 10px solid;\" ><div class=\"rowItemContent\" ><div class=\"btClear btSeparator topSmallSpaced bottomSmallSpaced noBorder\" ><hr><\/div><header class=\"header btClear medium btDash topDash  btAccentDash\" ><div class=\"dash\"><h3><span class=\"headline\"><b class=\"animate\">Facilities<\/b><\/span><\/h3><\/div><\/header><div class=\"btClear btSeparator topExtraSmallSpaced noBorder\" ><hr><\/div><div class=\"btWorkingHours  btWorkingHoursHasLink \" ><div class=\"btWorkingHoursInner\"><div class=\"btWorkingHoursInnerRow\"><div class=\"btWorkingHoursInnerTitle\">Television<\/div><div class=\"btWorkingHoursInnerLink\"><a href=\"#\" title=\"<br \/>&#8220;><br \/><\/a><\/div><\/div><div class=\"btWorkingHoursInnerRow\"><div class=\"btWorkingHoursInnerTitle\">Cafe<\/div><div class=\"btWorkingHoursInnerLink\"><a href=\"#\" title=\"<br \/>&#8220;><br \/><\/a><\/div><\/div><div class=\"btWorkingHoursInnerRow\"><div class=\"btWorkingHoursInnerTitle\">Restaurant<\/div><div class=\"btWorkingHoursInnerLink\"><a href=\"#\" title=\"<br \/>&#8220;><br \/><\/a><\/div><\/div><div class=\"btWorkingHoursInnerRow\"><div class=\"btWorkingHoursInnerTitle\">Wi-Fi<\/div><div class=\"btWorkingHoursInnerLink\"><a href=\"#\" title=\"<br \/>&#8220;><br \/><\/a><\/div><\/div><div class=\"btWorkingHoursInnerRow\"><div class=\"btWorkingHoursInnerTitle\">Parking<\/div><div class=\"btWorkingHoursInnerLink\"><a href=\"#\" title=\"<br \/>&#8220;><br \/><\/a><\/div><\/div><div class=\"btWorkingHoursInnerRow\"><div class=\"btWorkingHoursInnerTitle\">Dry Cleaning<\/div><\/div><\/div><\/div><div class=\"btClear btSeparator topSemiSpaced noBorder\" ><hr><\/div><header class=\"header btClear medium btDash topDash  btAccentDash\" ><div class=\"btSuperTitle\">Book an appointment<\/div><div class=\"dash\"><h3><span class=\"headline\"><b class=\"animate\">Contact Us Now<\/b><\/span><\/h3><\/div><\/header><div class=\"btClear btSeparator topSmallSpaced noBorder\" ><hr><\/div><div class=\"servicesItem  btIcoAccentColorIcon btIcoMediumSizeIcon  \"><div class=\"sIcon\"><span class=\"btIco btIcoMediumSize btIcoDefaultType btIcoAccentColor\" ><span  data-ico-tc=\"&#xe95f;\" class=\"btIcoHolder\"><em><\/em><\/span><\/span><\/div><div class=\"sTxt\"><header class=\"header btClear small\" ><div class=\"dash\"><h4><span class=\"headline\">CALL US ANYTIME<\/span><\/h4><\/div><\/header><p>+90 850 711 60 60<\/p><\/div><\/div><div class=\"btClear btSeparator topSmallSpaced bottomSmallSpaced border\" ><hr><\/div><div class=\"servicesItem  btIcoAccentColorIcon btIcoMediumSizeIcon  \"><div class=\"sIcon\"><span class=\"btIco btIcoMediumSize btIcoDefaultType btIcoAccentColor\" ><span  data-ico-cs=\"&#xe91f;\" class=\"btIcoHolder\"><em><\/em><\/span><\/span><\/div><div class=\"sTxt\"><header class=\"header btClear small\" ><div class=\"dash\"><h4><span class=\"headline\">ADDRESS<\/span><\/h4><\/div><\/header><p>Merkez Mh. G\u00f6kt\u00fcrk Cd. No:25\/A Bl. G\u00f6kt\u00fcrk Ey\u00fcp \u2013 \u0130stanbul<\/p><\/div><\/div><div class=\"btClear btSeparator topSmallSpaced bottomSmallSpaced border\" ><hr><\/div><div class=\"servicesItem  btIcoAccentColorIcon btIcoMediumSizeIcon  \"><div class=\"sIcon\"><span class=\"btIco btIcoMediumSize btIcoDefaultType btIcoAccentColor\" ><a href=\"https:\/\/groupflorence.com\/ro\/contact-us\/\"  data-ico-hs=\"&#xe921;\" class=\"btIcoHolder\"><em><\/em><\/a><\/span><\/div><div class=\"sTxt\"><header class=\"header btClear small\" ><div class=\"dash\"><h4><span class=\"headline\">BOOK AN APPOINTMENT<\/span><\/h4><\/div><\/header><p>Click on the icon to contact us now!<\/p><\/div><\/div><div class=\"btClear btSeparator topSmallSpaced bottomSmallSpaced noBorder\" ><hr><\/div><\/div><\/div><\/div><\/div><\/div><\/div><\/div><\/section>\n","protected":false},"excerpt":{"rendered":"","protected":false},"author":1,"featured_media":0,"parent":2238,"menu_order":4,"comment_status":"closed","ping_status":"closed","template":"","meta":{"footnotes":""},"class_list":["post-2735","page","type-page","status-publish","hentry"],"_links":{"self":[{"href":"https:\/\/groupflorence.com\/ro\/wp-json\/wp\/v2\/pages\/2735","targetHints":{"allow":["GET"]}}],"collection":[{"href":"https:\/\/groupflorence.com\/ro\/wp-json\/wp\/v2\/pages"}],"about":[{"href":"https:\/\/groupflorence.com\/ro\/wp-json\/wp\/v2\/types\/page"}],"author":[{"embeddable":true,"href":"https:\/\/groupflorence.com\/ro\/wp-json\/wp\/v2\/users\/1"}],"replies":[{"embeddable":true,"href":"https:\/\/groupflorence.com\/ro\/wp-json\/wp\/v2\/comments?post=2735"}],"version-history":[{"count":7,"href":"https:\/\/groupflorence.com\/ro\/wp-json\/wp\/v2\/pages\/2735\/revisions"}],"predecessor-version":[{"id":6206,"href":"https:\/\/groupflorence.com\/ro\/wp-json\/wp\/v2\/pages\/2735\/revisions\/6206"}],"up":[{"embeddable":true,"href":"https:\/\/groupflorence.com\/ro\/wp-json\/wp\/v2\/pages\/2238"}],"wp:attachment":[{"href":"https:\/\/groupflorence.com\/ro\/wp-json\/wp\/v2\/media?parent=2735"}],"curies":[{"name":"wp","href":"https:\/\/api.w.org\/{rel}","templated":true}]}}