{"id":2732,"date":"2020-08-27T13:10:33","date_gmt":"2020-08-27T10:10:33","guid":{"rendered":"https:\/\/groupflorence.com\/ro\/?page_id=2732"},"modified":"2020-12-17T12:26:32","modified_gmt":"2020-12-17T09:26:32","slug":"kadikoy-florence-nightingale-hospital","status":"publish","type":"page","link":"https:\/\/groupflorence.com\/ro\/why-choose-us\/hospitals-opcs\/kadikoy-florence-nightingale-hospital\/","title":{"rendered":"Spitalul Kad\u0131k\u00f6y Florence Nightingale"},"content":{"rendered":"<section id=\"bt_section69eb896c95b02\"  class=\"boldSection topSpaced bottomSpaced gutter inherit\" ><div class=\"port\"><div class=\"boldCell\"><div class=\"boldCellInner\"><div class=\"boldRow  \" ><div class=\"boldRowInner\"><div class=\"rowItem col-md-12 col-ms-12  btTextLeft btBottomVertical\"  ><div class=\"rowItemContent\" ><header class=\"header btClear medium  btAccentDash\" ><div class=\"dash\"><h3><span class=\"headline\"><b class=\"animate\">Spitalul Kad\u0131k\u00f6y Florence Nightingale<\/b><\/span><\/h3><\/div><\/header><div class=\"btClear btSeparator topSmallSpaced bottomSmallSpaced noBorder\" ><hr><\/div><\/div><\/div><\/div><\/div><div class=\"boldRow  \" ><div class=\"boldRowInner\"><div class=\"rowItem col-md-8 col-ms-12 btTextCenter btTextIndent inherit\"  ><div class=\"rowItemContent\" ><div class=\"btText\" ><\/p>\n<p><iframe loading=\"lazy\" title=\"Kad\u0131k\u00f6y Florence Nightingale Covid-Safe Hospital\" width=\"1200\" height=\"675\" src=\"https:\/\/www.youtube.com\/embed\/7GA8xYz9cYg?feature=oembed&#038;enablejsapi=1&#038;origin=https:\/\/groupflorence.com\" frameborder=\"0\" allow=\"accelerometer; autoplay; clipboard-write; encrypted-media; gyroscope; picture-in-picture\" allowfullscreen><\/iframe><\/p>\n<p>\n<\/div><div class=\"btClear btSeparator bottomSemiSpaced border\" ><hr><\/div><header class=\"header btClear large  btNormalDash\" ><\/header><div class=\"btClear btSeparator topSmallSpaced bottomSemiSpaced border\" ><hr><\/div><div class=\"btText\" ><\/p>\n<p>Bine a\u021bi venit la Spitalul Kad\u0131k\u00f6y Florence Nightingale cu 79 de camere private pentru pacien\u021bi, toate dotate cu TV prin satelit, telefon, baie privat\u0103, sistem de apel asistent\u0103 medical\u0103 \u0219i servicii de camer\u0103 pentru un confort maxim al pacientului. Spitalul ofer\u0103 pacien\u0163ilor interna\u0163ionali servicii pentru toate specialit\u0103\u0163ile cu diagnostic, tratament \u00een ambulatoriu, departament de radiologie \u015fi angiografie complet echipat, sistem de detectare plat \u015fi servicii de urgen\u0163\u0103, precum \u015fi policlinici complet echipate. Centrul de Terapie Fizic\u0103 \u0219i Reabilitare ofer\u0103 un tratament eficient pentru bolile care afecteaz\u0103 persoanele de toate v\u00e2rstele.<\/p>\n<p>\n<\/div><div class=\"btClear btSeparator topSemiSpaced bottomSemiSpaced border\" ><hr><\/div><header class=\"header btClear medium btDash bottomDash  btAccentDash\" ><div class=\"dash\"><h3><span class=\"headline\"><b class=\"animate\">Centrele de Excelen\u0163\u0103<\/b><\/span><\/h3><\/div><\/header><div class=\"btClear btSeparator topSmallSpaced noBorder\" ><hr><\/div><div class=\"boldRow boldInnerRow  \" ><div class=\"rowItem rowInnerItem col-md-6  btTextLeft\"  ><div class=\"rowItemContent\"><div class=\"servicesItem  btIcoAccentColorIcon btIcoSmallSizeIcon  \"><div class=\"sIcon\"><span class=\"btIco btIcoSmallSize btIcoDefaultType btIcoAccentColor\" ><span  data-ico-fa=\"&#xf0a9;\" class=\"btIcoHolder\"><em><\/em><\/span><\/span><\/div><div class=\"sTxt\"><header class=\"header btClear small\" ><div class=\"dash\"><h4><span class=\"headline\">Centrul de cardiologie \u0219i chirurgie cardiovascular\u0103<\/span><\/h4><\/div><\/header><p><\/p><\/div><\/div><div class=\"btClear btSeparator bottomSemiSpaced noBorder\" ><hr><\/div><div class=\"servicesItem  btIcoAccentColorIcon btIcoSmallSizeIcon  \"><div class=\"sIcon\"><span class=\"btIco btIcoSmallSize btIcoDefaultType btIcoAccentColor\" ><span  data-ico-fa=\"&#xf0a9;\" class=\"btIcoHolder\"><em><\/em><\/span><\/span><\/div><div class=\"sTxt\"><header class=\"header btClear small\" ><div class=\"dash\"><h4><span class=\"headline\">Centrul de chirurgie plastic\u0103 \u0219i reconstructiv\u0103 \u0219i transplant de p\u0103r<\/span><\/h4><\/div><\/header><p><\/p><\/div><\/div><div class=\"btClear btSeparator bottomSemiSpaced noBorder\" ><hr><\/div><div class=\"servicesItem  btIcoAccentColorIcon btIcoSmallSizeIcon  \"><div class=\"sIcon\"><span class=\"btIco btIcoSmallSize btIcoDefaultType btIcoAccentColor\" ><span  data-ico-fa=\"&#xf0a9;\" class=\"btIcoHolder\"><em><\/em><\/span><\/span><\/div><div class=\"sTxt\"><header class=\"header btClear small\" ><div class=\"dash\"><h4><span class=\"headline\">Obstetric\u0103 \u0219i ginecologie<\/span><\/h4><\/div><\/header><p><\/p><\/div><\/div><\/div><\/div><div class=\"rowItem rowInnerItem col-md-6  btTextLeft\"  ><div class=\"rowItemContent\"><\/div><\/div><\/div><div class=\"btClear btSeparator bottomSemiSpaced noBorder bt_bb_hidden_md bt_bb_hidden_lg\" ><hr><\/div><\/div><\/div><div class=\"rowItem col-md-4 col-ms-12 btTextLeft inherit btDoublePadding\" style=\"border: #f1f1f1 10px solid;\" ><div class=\"rowItemContent\" ><div class=\"btClear btSeparator topSmallSpaced bottomSmallSpaced noBorder\" ><hr><\/div><header class=\"header btClear medium btDash topDash  btAccentDash\" ><div class=\"dash\"><h3><span class=\"headline\"><b class=\"animate\">Facilities<\/b><\/span><\/h3><\/div><\/header><div class=\"btClear btSeparator topExtraSmallSpaced noBorder\" ><hr><\/div><div class=\"btWorkingHours  btWorkingHoursHasLink \" ><div class=\"btWorkingHoursInner\"><div class=\"btWorkingHoursInnerRow\"><div class=\"btWorkingHoursInnerTitle\">Television<\/div><div class=\"btWorkingHoursInnerLink\"><a href=\"#\" title=\"<br \/>&#8220;><br \/><\/a><\/div><\/div><div class=\"btWorkingHoursInnerRow\"><div class=\"btWorkingHoursInnerTitle\">Cafe<\/div><div class=\"btWorkingHoursInnerLink\"><a href=\"#\" title=\"<br \/>&#8220;><br \/><\/a><\/div><\/div><div class=\"btWorkingHoursInnerRow\"><div class=\"btWorkingHoursInnerTitle\">Restaurant<\/div><div class=\"btWorkingHoursInnerLink\"><a href=\"#\" title=\"<br \/>&#8220;><br \/><\/a><\/div><\/div><div class=\"btWorkingHoursInnerRow\"><div class=\"btWorkingHoursInnerTitle\">Wi-Fi<\/div><div class=\"btWorkingHoursInnerLink\"><a href=\"#\" title=\"<br \/>&#8220;><br \/><\/a><\/div><\/div><div class=\"btWorkingHoursInnerRow\"><div class=\"btWorkingHoursInnerTitle\">Parking<\/div><div class=\"btWorkingHoursInnerLink\"><a href=\"#\" title=\"<br \/>&#8220;><br \/><\/a><\/div><\/div><div class=\"btWorkingHoursInnerRow\"><div class=\"btWorkingHoursInnerTitle\">Dry Cleaning<\/div><\/div><\/div><\/div><div class=\"btClear btSeparator topSemiSpaced noBorder\" ><hr><\/div><header class=\"header btClear medium btDash topDash  btAccentDash\" ><div class=\"btSuperTitle\">Book an appointment<\/div><div class=\"dash\"><h3><span class=\"headline\"><b class=\"animate\">Contact Us Now<\/b><\/span><\/h3><\/div><\/header><div class=\"btClear btSeparator topSmallSpaced noBorder\" ><hr><\/div><div class=\"servicesItem  btIcoAccentColorIcon btIcoMediumSizeIcon  \"><div class=\"sIcon\"><span class=\"btIco btIcoMediumSize btIcoDefaultType btIcoAccentColor\" ><span  data-ico-tc=\"&#xe95f;\" class=\"btIcoHolder\"><em><\/em><\/span><\/span><\/div><div class=\"sTxt\"><header class=\"header btClear small\" ><div class=\"dash\"><h4><span class=\"headline\">CALL US ANYTIME<\/span><\/h4><\/div><\/header><p>+90 850 711 60 60<\/p><\/div><\/div><div class=\"btClear btSeparator topSmallSpaced bottomSmallSpaced border\" ><hr><\/div><div class=\"servicesItem  btIcoAccentColorIcon btIcoMediumSizeIcon  \"><div class=\"sIcon\"><span class=\"btIco btIcoMediumSize btIcoDefaultType btIcoAccentColor\" ><span  data-ico-cs=\"&#xe91f;\" class=\"btIcoHolder\"><em><\/em><\/span><\/span><\/div><div class=\"sTxt\"><header class=\"header btClear small\" ><div class=\"dash\"><h4><span class=\"headline\">ADDRESS<\/span><\/h4><\/div><\/header><p>Ba\u011fdat Cad. No:63 K\u0131z\u0131ltoprak Kad\u0131k\u00f6y \u2013 \u0130stanbul<\/p><\/div><\/div><div class=\"btClear btSeparator topSmallSpaced bottomSmallSpaced border\" ><hr><\/div><div class=\"servicesItem  btIcoAccentColorIcon btIcoMediumSizeIcon  \"><div class=\"sIcon\"><span class=\"btIco btIcoMediumSize btIcoDefaultType btIcoAccentColor\" ><a href=\"https:\/\/groupflorence.com\/ro\/contact-us\/\"  data-ico-hs=\"&#xe921;\" class=\"btIcoHolder\"><em><\/em><\/a><\/span><\/div><div class=\"sTxt\"><header class=\"header btClear small\" ><div class=\"dash\"><h4><span class=\"headline\">BOOK AN APPOINTMENT<\/span><\/h4><\/div><\/header><p>Click on the icon to contact us now!<\/p><\/div><\/div><div class=\"btClear btSeparator topSmallSpaced bottomSmallSpaced noBorder\" ><hr><\/div><\/div><\/div><\/div><\/div><\/div><\/div><\/div><\/section>\n","protected":false},"excerpt":{"rendered":"","protected":false},"author":1,"featured_media":0,"parent":2238,"menu_order":3,"comment_status":"closed","ping_status":"closed","template":"","meta":{"footnotes":""},"class_list":["post-2732","page","type-page","status-publish","hentry"],"_links":{"self":[{"href":"https:\/\/groupflorence.com\/ro\/wp-json\/wp\/v2\/pages\/2732","targetHints":{"allow":["GET"]}}],"collection":[{"href":"https:\/\/groupflorence.com\/ro\/wp-json\/wp\/v2\/pages"}],"about":[{"href":"https:\/\/groupflorence.com\/ro\/wp-json\/wp\/v2\/types\/page"}],"author":[{"embeddable":true,"href":"https:\/\/groupflorence.com\/ro\/wp-json\/wp\/v2\/users\/1"}],"replies":[{"embeddable":true,"href":"https:\/\/groupflorence.com\/ro\/wp-json\/wp\/v2\/comments?post=2732"}],"version-history":[{"count":7,"href":"https:\/\/groupflorence.com\/ro\/wp-json\/wp\/v2\/pages\/2732\/revisions"}],"predecessor-version":[{"id":6204,"href":"https:\/\/groupflorence.com\/ro\/wp-json\/wp\/v2\/pages\/2732\/revisions\/6204"}],"up":[{"embeddable":true,"href":"https:\/\/groupflorence.com\/ro\/wp-json\/wp\/v2\/pages\/2238"}],"wp:attachment":[{"href":"https:\/\/groupflorence.com\/ro\/wp-json\/wp\/v2\/media?parent=2732"}],"curies":[{"name":"wp","href":"https:\/\/api.w.org\/{rel}","templated":true}]}}