{"id":2726,"date":"2020-08-27T12:54:15","date_gmt":"2020-08-27T09:54:15","guid":{"rendered":"https:\/\/groupflorence.com\/ro\/?page_id=2726"},"modified":"2020-12-17T12:26:03","modified_gmt":"2020-12-17T09:26:03","slug":"gayrettepe-florence-nightingale-hospital","status":"publish","type":"page","link":"https:\/\/groupflorence.com\/ro\/why-choose-us\/hospitals-opcs\/gayrettepe-florence-nightingale-hospital\/","title":{"rendered":"Spitalul Gayrettepe Florence Nightingale"},"content":{"rendered":"<section id=\"bt_section69eb8978a3755\"  class=\"boldSection topSpaced bottomSpaced gutter inherit\" ><div class=\"port\"><div class=\"boldCell\"><div class=\"boldCellInner\"><div class=\"boldRow  \" ><div class=\"boldRowInner\"><div class=\"rowItem col-md-12 col-ms-12  btTextLeft btBottomVertical\"  ><div class=\"rowItemContent\" ><header class=\"header btClear medium  btAccentDash\" ><div class=\"dash\"><h3><span class=\"headline\"><b class=\"animate\">Spitalul Gayrettepe Florence Nightingale<\/b><\/span><\/h3><\/div><\/header><div class=\"btClear btSeparator topSmallSpaced bottomSmallSpaced noBorder\" ><hr><\/div><\/div><\/div><\/div><\/div><div class=\"boldRow  \" ><div class=\"boldRowInner\"><div class=\"rowItem col-md-8 col-ms-12 btTextCenter btTextIndent inherit\"  ><div class=\"rowItemContent\" ><div class=\"bt_bb_slider bt_bb_height_auto\"><div class=\"slick-slider\"  data-slick='{ \"lazyLoad\": \"progressive\", \"cssEase\": \"ease-out\", \"speed\": \"300\", \"prevArrow\": \"&lt;button type=\\\"button\\\" class=\\\"slick-prev\\\"&gt;\", \"nextArrow\": \"&lt;button type=\\\"button\\\" class=\\\"slick-next\\\"&gt;\", \"adaptiveHeight\": true, \"dots\": true,\"autoplay\": true, \"autoplaySpeed\": 1700}' ><div class=\"bt_bb_slider_item\"><img decoding=\"async\" src=\"https:\/\/groupflorence.com\/ro\/wp-content\/uploads\/2020\/08\/259B0089-scaled.jpg\" alt=\"259B0089\"  title=\"259B0089\"><\/div><div class=\"bt_bb_slider_item\"><img decoding=\"async\" src=\"https:\/\/groupflorence.com\/ro\/wp-content\/uploads\/2020\/08\/259B0128-scaled.jpg\" alt=\"259B0128\"  title=\"259B0128\"><\/div><\/div><\/div><div class=\"btClear btSeparator bottomSemiSpaced border\" ><hr><\/div><div class=\"btText\" ><\/p>\n<p>Gayrettepe Florence Nightingale Hospital are 102 camere single pacient \u00eemp\u0103r\u021bite \u00een trei categorii, toate cu paturi ergonomice \u0219i ortopedice, TV prin satelit, WiFi, telefon \u0219i baie privat\u0103, precum \u0219i un sistem de apel asistent\u0103 \u0219i servicii de camer\u0103 pentru a asigura pacien\u021bilor no\u0219tri interna\u021bionale confort maxim \u0219i u\u0219urin\u021b\u0103 \u00een timpul lor R\u0103m\u00e2i. Spitalul a ob\u0163inut o reputa\u0163ie interna\u0163ional\u0103 \u00een r\u00e2ndul institu\u0163iilor medicale de top, conform rapoartelor publicate de institu\u0163iile interna\u0163ionale de cercetare cu personal specializat \u015fi infrastuctura tehnologic\u0103 unic\u0103. Spitalul Gayrettepe Florence Nightingale este unul dintre cele mai importante spitale din regiune, cu facilit\u0103\u021bile sale de diagnostic \u0219i tratament \u00een ambulatoriu, departamentul de policlinic\u0103 \u0219i radiologie complet echipat (RMN, Tomografie computerizat\u0103, PET-RMN etc.) \u0219i servicii de asisten\u021b\u0103 de urgen\u021b\u0103. Departamentul de Radiologie este capabil de a partaja toate diagnosticele de imagine simultan prin intermediul celei mai recente tehnologii \u201ePicture Archiving and Communication System\u201d (PACS). Centrul nostru de \u00eent\u00e2lniri de ultim\u0103 genera\u021bie permite, de asemenea, \u201etele-medicina\u201d &#8211; participarea la conferin\u021be interna\u021bionale \u0219i g\u0103zduirea de \u00eent\u00e2lniri online prin conexiuni de internet de mare vitez\u0103 &#8211; toate \u00een beneficiul pacien\u021bilor no\u0219tri interna\u021bionali.<\/p>\n<p>\n<\/div><div class=\"btClear btSeparator topSmallSpaced bottomSemiSpaced border\" ><hr><\/div><header class=\"header btClear medium btDash bottomDash  btAccentDash\" ><div class=\"dash\"><h3><span class=\"headline\"><b class=\"animate\">Centrele de Excelen\u0163\u0103<\/b><\/span><\/h3><\/div><\/header><div class=\"btClear btSeparator topSmallSpaced noBorder\" ><hr><\/div><div class=\"boldRow boldInnerRow  \" ><div class=\"rowItem rowInnerItem col-md-6  btTextLeft\"  ><div class=\"rowItemContent\"><div class=\"servicesItem  btIcoAccentColorIcon btIcoSmallSizeIcon  \"><div class=\"sIcon\"><span class=\"btIco btIcoSmallSize btIcoDefaultType btIcoAccentColor\" ><span  data-ico-fa=\"&#xf0a9;\" class=\"btIcoHolder\"><em><\/em><\/span><\/span><\/div><div class=\"sTxt\"><header class=\"header btClear small\" ><div class=\"dash\"><h4><span class=\"headline\">Centrul cuprinz\u0103tor al cancerului<\/span><\/h4><\/div><\/header><p><\/p><\/div><\/div><div class=\"btClear btSeparator bottomSemiSpaced noBorder\" ><hr><\/div><div class=\"servicesItem  btIcoAccentColorIcon btIcoSmallSizeIcon  \"><div class=\"sIcon\"><span class=\"btIco btIcoSmallSize btIcoDefaultType btIcoAccentColor\" ><span  data-ico-fa=\"&#xf0a9;\" class=\"btIcoHolder\"><em><\/em><\/span><\/span><\/div><div class=\"sTxt\"><header class=\"header btClear small\" ><div class=\"dash\"><h4><span class=\"headline\">Centrul de Chirurgie Plastic\u0103 \u0219i Reconstructiv\u0103<\/span><\/h4><\/div><\/header><p><\/p><\/div><\/div><div class=\"btClear btSeparator bottomSemiSpaced noBorder\" ><hr><\/div><div class=\"servicesItem  btIcoAccentColorIcon btIcoSmallSizeIcon  \"><div class=\"sIcon\"><span class=\"btIco btIcoSmallSize btIcoDefaultType btIcoAccentColor\" ><span  data-ico-fa=\"&#xf0a9;\" class=\"btIcoHolder\"><em><\/em><\/span><\/span><\/div><div class=\"sTxt\"><header class=\"header btClear small\" ><div class=\"dash\"><h4><span class=\"headline\">Centrul de ginecologie<\/span><\/h4><\/div><\/header><p><\/p><\/div><\/div><\/div><\/div><div class=\"rowItem rowInnerItem col-md-6  btTextLeft\"  ><div class=\"rowItemContent\"><div class=\"servicesItem  btIcoAccentColorIcon btIcoSmallSizeIcon  \"><div class=\"sIcon\"><span class=\"btIco btIcoSmallSize btIcoDefaultType btIcoAccentColor\" ><span  data-ico-fa=\"&#xf0a9;\" class=\"btIcoHolder\"><em><\/em><\/span><\/span><\/div><div class=\"sTxt\"><header class=\"header btClear small\" ><div class=\"dash\"><h4><span class=\"headline\">Centrul de urologie<\/span><\/h4><\/div><\/header><p><\/p><\/div><\/div><div class=\"btClear btSeparator bottomSemiSpaced noBorder\" ><hr><\/div><div class=\"servicesItem  btIcoAccentColorIcon btIcoSmallSizeIcon  \"><div class=\"sIcon\"><span class=\"btIco btIcoSmallSize btIcoDefaultType btIcoAccentColor\" ><span  data-ico-fa=\"&#xf0a9;\" class=\"btIcoHolder\"><em><\/em><\/span><\/span><\/div><div class=\"sTxt\"><header class=\"header btClear small\" ><div class=\"dash\"><h4><span class=\"headline\">PET-RMN, radiochirurgie Gamma Knife<\/span><\/h4><\/div><\/header><p><\/p><\/div><\/div><\/div><\/div><\/div><div class=\"btClear btSeparator bottomSemiSpaced noBorder bt_bb_hidden_md bt_bb_hidden_lg\" ><hr><\/div><\/div><\/div><div class=\"rowItem col-md-4 col-ms-12 btTextLeft inherit btDoublePadding\" style=\"border: #f1f1f1 10px solid;\" ><div class=\"rowItemContent\" ><div class=\"btClear btSeparator topSmallSpaced bottomSmallSpaced noBorder\" ><hr><\/div><header class=\"header btClear medium btDash topDash  btAccentDash\" ><div class=\"dash\"><h3><span class=\"headline\"><b class=\"animate\">Facilities<\/b><\/span><\/h3><\/div><\/header><div class=\"btClear btSeparator topExtraSmallSpaced noBorder\" ><hr><\/div><div class=\"btWorkingHours  btWorkingHoursHasLink \" ><div class=\"btWorkingHoursInner\"><div class=\"btWorkingHoursInnerRow\"><div class=\"btWorkingHoursInnerTitle\">Television<\/div><div class=\"btWorkingHoursInnerLink\"><a href=\"#\" title=\"<br \/>&#8220;><br \/><\/a><\/div><\/div><div class=\"btWorkingHoursInnerRow\"><div class=\"btWorkingHoursInnerTitle\">Cafe<\/div><div class=\"btWorkingHoursInnerLink\"><a href=\"#\" title=\"<br \/>&#8220;><br \/><\/a><\/div><\/div><div class=\"btWorkingHoursInnerRow\"><div class=\"btWorkingHoursInnerTitle\">Restaurant<\/div><div class=\"btWorkingHoursInnerLink\"><a href=\"#\" title=\"<br \/>&#8220;><br \/><\/a><\/div><\/div><div class=\"btWorkingHoursInnerRow\"><div class=\"btWorkingHoursInnerTitle\">Wi-Fi<\/div><div class=\"btWorkingHoursInnerLink\"><a href=\"#\" title=\"<br \/>&#8220;><br \/><\/a><\/div><\/div><div class=\"btWorkingHoursInnerRow\"><div class=\"btWorkingHoursInnerTitle\">Parking<\/div><div class=\"btWorkingHoursInnerLink\"><a href=\"#\" title=\"<br \/>&#8220;><br \/><\/a><\/div><\/div><div class=\"btWorkingHoursInnerRow\"><div class=\"btWorkingHoursInnerTitle\">Dry Cleaning<\/div><\/div><\/div><\/div><div class=\"btClear btSeparator topSemiSpaced noBorder\" ><hr><\/div><header class=\"header btClear medium btDash topDash  btAccentDash\" ><div class=\"btSuperTitle\">Book an appointment<\/div><div class=\"dash\"><h3><span class=\"headline\"><b class=\"animate\">Contact Us Now<\/b><\/span><\/h3><\/div><\/header><div class=\"btClear btSeparator topSmallSpaced noBorder\" ><hr><\/div><div class=\"servicesItem  btIcoAccentColorIcon btIcoMediumSizeIcon  \"><div class=\"sIcon\"><span class=\"btIco btIcoMediumSize btIcoDefaultType btIcoAccentColor\" ><span  data-ico-tc=\"&#xe95f;\" class=\"btIcoHolder\"><em><\/em><\/span><\/span><\/div><div class=\"sTxt\"><header class=\"header btClear small\" ><div class=\"dash\"><h4><span class=\"headline\">CALL US ANYTIME<\/span><\/h4><\/div><\/header><p>+90 850 711 60 60<\/p><\/div><\/div><div class=\"btClear btSeparator topSmallSpaced bottomSmallSpaced border\" ><hr><\/div><div class=\"servicesItem  btIcoAccentColorIcon btIcoMediumSizeIcon  \"><div class=\"sIcon\"><span class=\"btIco btIcoMediumSize btIcoDefaultType btIcoAccentColor\" ><span  data-ico-cs=\"&#xe91f;\" class=\"btIcoHolder\"><em><\/em><\/span><\/span><\/div><div class=\"sTxt\"><header class=\"header btClear small\" ><div class=\"dash\"><h4><span class=\"headline\">ADDRESS<\/span><\/h4><\/div><\/header><p> Cemil Aslan G\u00fcder Sok. No: 8 Gayrettepe \u2013 \u0130stanbul<\/p><\/div><\/div><div class=\"btClear btSeparator topSmallSpaced bottomSmallSpaced border\" ><hr><\/div><div class=\"servicesItem  btIcoAccentColorIcon btIcoMediumSizeIcon  \"><div class=\"sIcon\"><span class=\"btIco btIcoMediumSize btIcoDefaultType btIcoAccentColor\" ><a href=\"https:\/\/groupflorence.com\/ro\/contact-us\/\"  data-ico-hs=\"&#xe921;\" class=\"btIcoHolder\"><em><\/em><\/a><\/span><\/div><div class=\"sTxt\"><header class=\"header btClear small\" ><div class=\"dash\"><h4><span class=\"headline\">BOOK AN APPOINTMENT<\/span><\/h4><\/div><\/header><p>Click on the icon to contact us now!<\/p><\/div><\/div><div class=\"btClear btSeparator topSmallSpaced bottomSmallSpaced noBorder\" ><hr><\/div><\/div><\/div><\/div><\/div><\/div><\/div><\/div><\/section>\n","protected":false},"excerpt":{"rendered":"","protected":false},"author":1,"featured_media":0,"parent":2238,"menu_order":2,"comment_status":"closed","ping_status":"closed","template":"","meta":{"footnotes":""},"class_list":["post-2726","page","type-page","status-publish","hentry"],"_links":{"self":[{"href":"https:\/\/groupflorence.com\/ro\/wp-json\/wp\/v2\/pages\/2726","targetHints":{"allow":["GET"]}}],"collection":[{"href":"https:\/\/groupflorence.com\/ro\/wp-json\/wp\/v2\/pages"}],"about":[{"href":"https:\/\/groupflorence.com\/ro\/wp-json\/wp\/v2\/types\/page"}],"author":[{"embeddable":true,"href":"https:\/\/groupflorence.com\/ro\/wp-json\/wp\/v2\/users\/1"}],"replies":[{"embeddable":true,"href":"https:\/\/groupflorence.com\/ro\/wp-json\/wp\/v2\/comments?post=2726"}],"version-history":[{"count":4,"href":"https:\/\/groupflorence.com\/ro\/wp-json\/wp\/v2\/pages\/2726\/revisions"}],"predecessor-version":[{"id":6203,"href":"https:\/\/groupflorence.com\/ro\/wp-json\/wp\/v2\/pages\/2726\/revisions\/6203"}],"up":[{"embeddable":true,"href":"https:\/\/groupflorence.com\/ro\/wp-json\/wp\/v2\/pages\/2238"}],"wp:attachment":[{"href":"https:\/\/groupflorence.com\/ro\/wp-json\/wp\/v2\/media?parent=2726"}],"curies":[{"name":"wp","href":"https:\/\/api.w.org\/{rel}","templated":true}]}}