{"id":2548,"date":"2020-08-19T20:31:39","date_gmt":"2020-08-19T17:31:39","guid":{"rendered":"https:\/\/groupflorence.com\/ro\/?page_id=2548"},"modified":"2020-12-17T02:57:24","modified_gmt":"2020-12-16T23:57:24","slug":"why-choose-us","status":"publish","type":"page","link":"https:\/\/groupflorence.com\/ro\/why-choose-us\/","title":{"rendered":"De ce s\u0103 ne alege\u021bi"},"content":{"rendered":"<section id=\"bt_section69eb56e2a4c26\"  class=\"boldSection gutter\" ><div class=\"port\"><div class=\"boldCell\"><div class=\"boldCellInner\"><div class=\"boldRow  \" ><div class=\"boldRowInner\"><div class=\"rowItem col-md-12 col-ms-12  btTextLeft\"  ><div class=\"rowItemContent\" ><div class=\"btClear btSeparator topSpaced noBorder\" ><hr><\/div><header class=\"header btClear large btDash bottomDash  btAccentDash\" ><div class=\"dash\"><h2><span class=\"headline\"><b class=\"animate\">De ce s\u0103 ne alege\u021bi<\/b><\/span><\/h2><\/div><\/header><div class=\"btText\" ><\/p>\n<h3><strong>Avem grij\u0103 de tine de la punctul de anchet\u0103 ini\u021bial\u0103 p\u00e2n\u0103 la \u00eentoarcerea acas\u0103 <\/strong><\/h3>\n<p>Centrul nostru pentru Pacien\u021bi Interna\u021bionali este dedicat pentru a oferi servicii one-stop de la \u00eenceput p\u00e2n\u0103 la sf\u00e2r\u0219it, 24 de ore pe zi, 7 zile pe s\u0103pt\u0103m\u00e2n\u0103, cu o echip\u0103 complet instruit\u0103 \u0219i experimentat\u0103 de consilieri \u0219i interpre\u021bi pentru a v\u0103 coordona toate nevoile medicale, c\u0103l\u0103toriile, cazarea, petrecerea timpului liber \u0219i alte nevoi f\u0103r\u0103 probleme \u0219i profesional.<\/p>\n<h3><strong>30 de ani de experien\u021b\u0103 \u00een fiecare domeniu de specializare<\/strong><\/h3>\n<p>Grupul Florence Nightingale se afl\u0103 \u00een fruntea industriei de s\u0103n\u0103tate din regiune din 1989. Grupul Florence Nightingale a dezvoltat \u201eCentrele de Excelen\u0163\u0103\u201d cu capacit\u0103\u0163i de tratament expert, chirurgie \u015fi diagnostic \u00een cadrul celor cinci spitale \u015fi trei centre medicale ale Grupului, fiecare centru fiind recunoscut \u00een specializarea sa nu numai \u00een Turcia, ci \u015fi \u00een \u00eentreaga regiune.<\/p>\n<h3><strong>Un record dovedit de excelen\u0163\u0103 <\/strong><\/h3>\n<p>Ast\u0103zi, Grupul Florence Nightingale reprezint\u0103 anual 70.000 de interna\u0163i \u015fi 250.000 de ambulatori, o capacitate de pat 804 pacien\u0163i, 141 de paturi ATI \u015fi 40 de s\u0103li de opera\u0163ie.<\/p>\n<p>GFNH a stabilit o mare \u00eencredere \u00een abordarea sa multidisciplinar\u0103 \u0219i efectueaz\u0103 mai mult de 20.000 de opera\u021bii pe an, dintre care 1.000 pediatrie \u0219i 2.000 interven\u021bii chirurgicale cardiace pentru adul\u021bi. De-a lungul celor 30 de ani de excelen\u0163\u0103, un total de 41.000 de interven\u0163ii chirurgicale cardiace, precum \u015fi 105.000 de angiografii \u015fi angioplastii, 20.000 de interven\u0163ii chirurgicale ortopedice, 3.217 opera\u0163ii pe coloan\u0103, peste 8.000 de cazuri oncologice, aproape 1.500 de transplanturi de ficat, peste 1000 de transplanturi de rinichi, 900 de transplanturi de m\u0103duv\u0103 osoas\u0103 \u015fi peste 1Au fost efectuate 500 de opera\u0163ii robotizate.<\/p>\n<h3><strong>Recunoscut \u0219i acreditat pe plan interna\u021bional<\/strong><\/h3>\n<p>Grupul Florence Nightingale a fost unul dintre primele spitale turce\u015fti acreditate de Joint Commission International (JCI), bra\u0163ul interna\u0163ional al organiza\u0163iei care examineaz\u0103 \u015fi acrediteaz\u0103 spitalele americane. Lista lor de verificare include peste 350 de criterii, inclusiv, dar f\u0103r\u0103 a se limita la procedurile chirurgicale de igien\u0103 \u0219i anestezie, precum \u0219i evaluarea sistemelor existente pentru personalul medical \u0219i asistente medicale. Auditurile de acreditare JCI sunt efectuate la fiecare 3 ani.<\/p>\n<p>Grupul Florence Nightingale men\u021bine afilieri \u0219i parteneriate cu unele dintre cele mai prestigioase institu\u021bii medicale din Statele Unite ale Americii \u0219i din alte \u021b\u0103ri \u0219i investe\u0219te continuu \u00een formarea \u0219i dezvoltarea tuturor medicilor, asisten\u021bilor, tehnologilor \u0219i personalului s\u0103u.<\/p>\n<h3><strong>Medici \u015fi exper\u0163i medicali experimenta\u0163i, instrui\u0163i pe plan interna\u0163ional <\/strong><\/h3>\n<p>To\u0163i medicii din Grupul Florence Nightingale sunt autoriza\u0163i pe deplin de Consiliul Medical Turc pentru a-\u015fi practica specialitatea \u00een Turcia. \u00cen plus, mul\u021bi sunt Certified Board \u00een specialitatea lor \u00een SUA, Australia sau Europa. Procesul de acreditare a Grupului Florence Nightingale necesit\u0103 o revizuire formal\u0103 a calific\u0103rilor fiec\u0103rui medic \u0219i istoricul medical al Comitetului de acreditare \u0219i statut \u0219i Comitetul Executiv Medical al al Spitalului. Aceste evalu\u0103ri au loc \u00eenainte ca un medic s\u0103 fie numit \u00een personalul medical de c\u0103tre Consiliul Guvernatorilor al Spitalului \u0219i apoi revizuite la fiecare trei ani.<\/p>\n<p>Un rezumat al calific\u0103rilor medicului nostru este disponibil pe site-ul nostru. Dac\u0103 dori\u021bi s\u0103 revizui\u021bi calific\u0103rile sau experien\u021ba specific\u0103 a medicului dumneavoastr\u0103 \u00een detaliu atunci c\u00e2nd ajunge\u021bi, v\u0103 putem aranja s\u0103 face\u021bi acest lucru.<\/p>\n<p>Asistentele medicale, farmaci\u0219tii, tehnicienii de imagistic\u0103 \u0219i de laborator trebuie s\u0103 fie supu\u0219i \u0219colariz\u0103rii \u0219i s\u0103 treac\u0103 examenele de certificare pentru a ob\u021bine licen\u021be de practic\u0103 la Grupul Florence Nightingale. Asistentele sunt recertificate la intervale de 5 ani. Persoanele cu responsabilit\u0103\u021bi speciale, \u00een special asistentele medicale ICU, trebuie s\u0103 beneficieze de o formare special\u0103 \u0219i s\u0103 fie certificate ca fiind competente \u00een domeniul specific de expertiz\u0103.<\/p>\n<h3><strong>Tehnologie \u0219i echipamente de ultim\u0103 genera\u021bie <\/strong><\/h3>\n<p>Au fost f\u0103cute progrese uimitoare \u00een domeniul \u0219tiin\u021bei medicale \u0219i al tehnologiei utilizate pentru a oferi tratament pacien\u021bilor din toate domeniile de specializare, \u00een ultimii ani. Grupul Florence Nightingale investe\u0219te continuu \u00een echipamente noi, instruind exper\u021bii s\u0103i pentru a oferi cea mai \u00eenalt\u0103 calitate a asisten\u021bei medicale.<\/p>\n<p>Grupul Florence Nightingale este unic \u00een a avea propriul s\u0103u spital universitar \u0219i de formare, care lucreaz\u0103 m\u00e2n\u0103 \u00een m\u00e2n\u0103 cu propriul Centru de Cercetare Clinic\u0103 \u0219i Centrele de Excelen\u021b\u0103 al Grupului pentru a urm\u0103ri \u0219i implementa cele mai recente evolu\u021bii din \u00eentreaga lume.<\/p>\n<p>Grupul Florence Nightingale a deschis, de asemenea, primul \u201eSmart-and-Green Hospital\u201d din regiune, dotat cu chirurgie robotic\u0103, tele-medicin\u0103 \u0219i personal complet instruit pentru a oferi tratament \u0219i chirurgie \u00een conformitate cu cele mai recente modalit\u0103\u021bi.<\/p>\n<p>\n<\/div><div class=\"btClear btSeparator bottomExtraSpaced noBorder\" ><hr><\/div><\/div><\/div><\/div><\/div><\/div><\/div><\/div><\/section>\n","protected":false},"excerpt":{"rendered":"","protected":false},"author":1,"featured_media":0,"parent":0,"menu_order":0,"comment_status":"closed","ping_status":"closed","template":"","meta":{"footnotes":""},"class_list":["post-2548","page","type-page","status-publish","hentry"],"_links":{"self":[{"href":"https:\/\/groupflorence.com\/ro\/wp-json\/wp\/v2\/pages\/2548","targetHints":{"allow":["GET"]}}],"collection":[{"href":"https:\/\/groupflorence.com\/ro\/wp-json\/wp\/v2\/pages"}],"about":[{"href":"https:\/\/groupflorence.com\/ro\/wp-json\/wp\/v2\/types\/page"}],"author":[{"embeddable":true,"href":"https:\/\/groupflorence.com\/ro\/wp-json\/wp\/v2\/users\/1"}],"replies":[{"embeddable":true,"href":"https:\/\/groupflorence.com\/ro\/wp-json\/wp\/v2\/comments?post=2548"}],"version-history":[{"count":1,"href":"https:\/\/groupflorence.com\/ro\/wp-json\/wp\/v2\/pages\/2548\/revisions"}],"predecessor-version":[{"id":6177,"href":"https:\/\/groupflorence.com\/ro\/wp-json\/wp\/v2\/pages\/2548\/revisions\/6177"}],"wp:attachment":[{"href":"https:\/\/groupflorence.com\/ro\/wp-json\/wp\/v2\/media?parent=2548"}],"curies":[{"name":"wp","href":"https:\/\/api.w.org\/{rel}","templated":true}]}}