{"id":2538,"date":"2020-08-19T15:37:50","date_gmt":"2020-08-19T12:37:50","guid":{"rendered":"https:\/\/groupflorence.com\/ro\/?page_id=2538"},"modified":"2020-12-17T02:51:19","modified_gmt":"2020-12-16T23:51:19","slug":"frequently-asked-questions","status":"publish","type":"page","link":"https:\/\/groupflorence.com\/ro\/patient-guide\/frequently-asked-questions\/","title":{"rendered":"\u00centreb\u0103ri Frecvente"},"content":{"rendered":"<p><section id=\"bt_section69eb6ae82a700\"  class=\"boldSection gutter\" ><div class=\"port\"><div class=\"boldCell\"><div class=\"boldCellInner\"><div class=\"boldRow  \" ><div class=\"boldRowInner\"><div class=\"rowItem col-md-12 col-ms-12  btTextLeft\"  ><div class=\"rowItemContent\" ><div class=\"btClear btSeparator topSpaced noBorder\" ><hr><\/div><\/div><\/div><\/div><\/div><div class=\"boldRow  \" ><div class=\"boldRowInner\"><div class=\"rowItem col-md-12 col-ms-12  btTextLeft\"  ><div class=\"rowItemContent\" ><header class=\"header btClear medium btDash bottomDash  btNormalDash\" ><div class=\"dash\"><h3><span class=\"headline\"><b class=\"animate\">\u00centreb\u0103ri Frecvente<\/b><\/span><\/h3><\/div><\/header><div class=\"btClear btSeparator topSemiSpaced noBorder\" ><hr><\/div><\/div><\/div><\/div><\/div><div class=\"boldRow  \" ><div class=\"boldRowInner\"><div class=\"rowItem col-md-6 col-sm-12 btTextLeft\"  ><div class=\"rowItemContent\" ><div class=\"btTabs tabsVertical \" \" data-open-first=\"no\"><ul class=\"tabsHeader\"><li><span>De ce ar trebui s\u0103 aleg Grupul Florence Nightingale Hospital?<\/span><\/li><\/ul><div class=\"tabPanes accordionPanes\"><div class=\"tabPane\">\r\n\t\t\t<div class=\"tabAccordionTitle\"><span>De ce ar trebui s\u0103 aleg Grupul Florence Nightingale Hospital?<\/span><\/div>\r\n\t\t\t<div class=\"tabAccordionContent\"><\/p>\n<p>Grupul Florence Nightingale se afl\u0103 \u00een fruntea industriei de s\u0103n\u0103tate din regiune din 1989. Grupul Florence Nightingale a dezvoltat \u201eCentrele de Excelen\u0163\u0103\u201d cu capacit\u0103\u0163i de tratament expert, chirurgie \u015fi diagnostic \u00een cadrul celor patru spitale \u015fi centru medical al Grupului, fiecare centru fiind recunoscut \u00een specializarea sa nu numai \u00een Turcia, ci \u015fi \u00een \u00eentreaga regiune.<\/p>\n<p>Al doilea aviz medical<\/p>\n<p>Centrul nostru pentru Pacien\u021bi Interna\u021bionali este dedicat furniz\u0103rii unui serviciu cuprinz\u0103tor de la \u00eenceput p\u00e2n\u0103 la sf\u00e2r\u0219it, 24 de ore pe zi, 7 zile pe s\u0103pt\u0103m\u00e2n\u0103, cu o echip\u0103 complet instruit\u0103 \u0219i experimentat\u0103 de consilieri \u0219i interpre\u021bi pentru a v\u0103 coordona toate nevoile medicale, de c\u0103l\u0103torie, cazare, agrement \u0219i alte nevoi f\u0103r\u0103 probleme \u0219i Profesional.<\/p>\n<p>\n<\/div>\r\n\t\t<\/div><\/div><\/div><\/div><\/div><div class=\"rowItem col-md-6 col-sm-12 btTextLeft\"  ><div class=\"rowItemContent\" ><div class=\"btClear btSeparator topSemiSpaced noBorder bt_bb_hidden_md bt_bb_hidden_lg\" ><hr><\/div><div class=\"btTabs tabsVertical \" \" data-open-first=\"no\"><ul class=\"tabsHeader\"><li><span>Cum pot \u00eencepe?<\/span><\/li><\/ul><div class=\"tabPanes accordionPanes\"><div class=\"tabPane\">\r\n\t\t\t<div class=\"tabAccordionTitle\"><span>Cum pot \u00eencepe?<\/span><\/div>\r\n\t\t\t<div class=\"tabAccordionContent\"><\/p>\n<p>Pute\u021bi<a href=\"https:\/\/en.fnh-proje-test.com\/contact-us\" target=\"_blank\" rel=\"noopener noreferrer\"> contacta direct Centrul pentru Pacien\u021bi Interna\u021bionali<\/a> pentru \u00eendrumare \u0219i asisten\u021b\u0103, sau, alternativ, pute\u021bi trimite dosarele medicale prin <a href=\"https:\/\/www.florence.com.tr\/medical-second-opinion\" target=\"_blank\" rel=\"noopener noreferrer\">Medical doilea aviz<\/a> instrument on-line.<\/p>\n<p>\n<\/div>\r\n\t\t<\/div><\/div><\/div><\/div><\/div><\/div><\/div><div class=\"boldRow  \" ><div class=\"boldRowInner\"><div class=\"rowItem col-md-12 col-ms-12  btTextLeft\"  ><div class=\"rowItemContent\" ><div class=\"btClear btSeparator bottomSemiSpaced noBorder\" ><hr><\/div><\/div><\/div><\/div><\/div><div class=\"boldRow  \" ><div class=\"boldRowInner\"><div class=\"rowItem col-md-6 col-sm-12 btTextLeft\"  ><div class=\"rowItemContent\" ><div class=\"btTabs tabsVertical \" \" data-open-first=\"no\"><ul class=\"tabsHeader\"><li><span>Ce percepe Centrul pentru Pacien\u021bi Interna\u021bionali?<\/span><\/li><\/ul><div class=\"tabPanes accordionPanes\"><div class=\"tabPane\">\r\n\t\t\t<div class=\"tabAccordionTitle\"><span>Ce percepe Centrul pentru Pacien\u021bi Interna\u021bionali?<\/span><\/div>\r\n\t\t\t<div class=\"tabAccordionContent\"><\/p>\n<p>Centrul pentru Pacien\u0163i Interna\u0163ionali nu percepe taxe. Medical Doua Opiniile \u0219i asisten\u021ba de cazare sunt gratuite. \u00cen plus, oferim servicii complementare de interpret \u0219i transfer \u00een timpul sejurului dumneavoastr\u0103 \u00een Istanbul.<\/p>\n<p>\n<\/div>\r\n\t\t<\/div><\/div><\/div><\/div><\/div><div class=\"rowItem col-md-6 col-sm-12 btTextLeft\"  ><div class=\"rowItemContent\" ><div class=\"btClear btSeparator topSemiSpaced noBorder bt_bb_hidden_md bt_bb_hidden_lg\" ><hr><\/div><div class=\"btTabs tabsVertical \" \" data-open-first=\"no\"><ul class=\"tabsHeader\"><li><span>Cine se va ocupa de detaliile cazului meu \u00een timpul \u015federii mele?<\/span><\/li><\/ul><div class=\"tabPanes accordionPanes\"><div class=\"tabPane\">\r\n\t\t\t<div class=\"tabAccordionTitle\"><span>Cine se va ocupa de detaliile cazului meu \u00een timpul \u015federii mele?<\/span><\/div>\r\n\t\t\t<div class=\"tabAccordionContent\"><\/p>\n<p>Grupul Florence Nightingale Centrul pentru Pacien\u021bi Interna\u021bionali va avea grij\u0103 de toate detaliile legate de vizita dumneavoastr\u0103, precum \u0219i de revenirea cu succes acas\u0103 \u0219i cerin\u021bele de urm\u0103rire.<\/p>\n<p>\n<\/div>\r\n\t\t<\/div><\/div><\/div><\/div><\/div><\/div><\/div><div class=\"boldRow  \" ><div class=\"boldRowInner\"><div class=\"rowItem col-md-12 col-ms-12  btTextLeft\"  ><div class=\"rowItemContent\" ><div class=\"btClear btSeparator bottomSemiSpaced noBorder\" ><hr><\/div><\/div><\/div><\/div><\/div><div class=\"boldRow  \" ><div class=\"boldRowInner\"><div class=\"rowItem col-md-6 col-sm-12 btTextLeft\"  ><div class=\"rowItemContent\" ><div class=\"btTabs tabsVertical \" \" data-open-first=\"no\"><ul class=\"tabsHeader\"><li><span>Voi avea nevoie de documente de c\u0103l\u0103torie?<\/span><\/li><\/ul><div class=\"tabPanes accordionPanes\"><div class=\"tabPane\">\r\n\t\t\t<div class=\"tabAccordionTitle\"><span>Voi avea nevoie de documente de c\u0103l\u0103torie?<\/span><\/div>\r\n\t\t\t<div class=\"tabAccordionContent\"><\/p>\n<p>Cerin\u021bele exacte depind de \u021bara dumneavoastr\u0103 de cet\u0103\u021benie, cu toate acestea, \u00een general, intrarea \u00een Turcia este destul de simpl\u0103. Centrul pentru Pacien\u0163i Interna\u0163ionali v\u0103 poate informa \u015fi asista cu privire la procedurile de viz\u0103.<\/p>\n<p>\n<\/div>\r\n\t\t<\/div><\/div><\/div><\/div><\/div><div class=\"rowItem col-md-6 col-sm-12 btTextLeft\"  ><div class=\"rowItemContent\" ><div class=\"btClear btSeparator topSemiSpaced noBorder bt_bb_hidden_md bt_bb_hidden_lg\" ><hr><\/div><div class=\"btTabs tabsVertical \" \" data-open-first=\"no\"><ul class=\"tabsHeader\"><li><span>Cum r\u0103m\u00e2ne cu calitatea tratamentului?<\/span><\/li><\/ul><div class=\"tabPanes accordionPanes\"><div class=\"tabPane\">\r\n\t\t\t<div class=\"tabAccordionTitle\"><span>Cum r\u0103m\u00e2ne cu calitatea tratamentului?<\/span><\/div>\r\n\t\t\t<div class=\"tabAccordionContent\"><\/p>\n<p>To\u0163i medicii din Grupul Florence Nightingale sunt autoriza\u0163i pe deplin de Consiliul Medical Turc pentru a-\u015fi practica specialitatea \u00een Turcia. \u00cen plus, mul\u021bi sunt Certified Board \u00een specialitatea lor \u00een SUA, Australia sau Europa. Procesul de acreditare a Grupului Florence Nightingale necesit\u0103 o revizuire formal\u0103 a calific\u0103rilor fiec\u0103rui medic \u0219i istoricul medical al Comitetului de acreditare \u0219i statut \u0219i Comitetul Executiv Medical al al Spitalului. Aceste evalu\u0103ri au loc \u00eenainte ca un medic s\u0103 fie numit \u00een personalul medical de c\u0103tre Consiliul Guvernatorilor al Spitalului \u0219i apoi revizuite la fiecare trei ani.<\/p>\n<p>Un rezumat al calific\u0103rilor medicului nostru este disponibil pe site-ul nostru. Dac\u0103 dori\u021bi s\u0103 revizui\u021bi calific\u0103rile sau experien\u021ba specific\u0103 a medicului dumneavoastr\u0103 \u00een detaliu atunci c\u00e2nd ajunge\u021bi, v\u0103 putem aranja s\u0103 face\u021bi acest lucru.<\/p>\n<p>\n<\/div>\r\n\t\t<\/div><\/div><\/div><\/div><\/div><\/div><\/div><div class=\"boldRow  \" ><div class=\"boldRowInner\"><div class=\"rowItem col-md-12 col-ms-12  btTextLeft\"  ><div class=\"rowItemContent\" ><div class=\"btClear btSeparator bottomSemiSpaced noBorder\" ><hr><\/div><\/div><\/div><\/div><\/div><div class=\"boldRow  \" ><div class=\"boldRowInner\"><div class=\"rowItem col-md-6 col-sm-12 btTextLeft\"  ><div class=\"rowItemContent\" ><div class=\"btTabs tabsVertical \" \" data-open-first=\"no\"><ul class=\"tabsHeader\"><li><span>Vor exista probleme lingvistice?<\/span><\/li><\/ul><div class=\"tabPanes accordionPanes\"><div class=\"tabPane\">\r\n\t\t\t<div class=\"tabAccordionTitle\"><span>Vor exista probleme lingvistice?<\/span><\/div>\r\n\t\t\t<div class=\"tabAccordionContent\"><\/p>\n<p>Majoritatea medicilor vorbesc fluent limba englez\u0103, iar Centrul pentru Pacien\u0163i Interna\u0163ionali v\u0103 va oferi interpre\u0163i vorbitori nativi care s\u0103 v\u0103 \u00eenso\u0163easc\u0103 \u015fi s\u0103 v\u0103 asiste \u00een timpul tratamentului.<\/p>\n<p>\n<\/div>\r\n\t\t<\/div><\/div><\/div><\/div><\/div><div class=\"rowItem col-md-6 col-sm-12 btTextLeft\"  ><div class=\"rowItemContent\" ><div class=\"btClear btSeparator topSemiSpaced noBorder bt_bb_hidden_md bt_bb_hidden_lg\" ><hr><\/div><div class=\"btTabs tabsVertical \" \" data-open-first=\"no\"><ul class=\"tabsHeader\"><li><span>Pot s\u0103 \u015ftiu acredit\u0103rile doctorilor?<\/span><\/li><\/ul><div class=\"tabPanes accordionPanes\"><div class=\"tabPane\">\r\n\t\t\t<div class=\"tabAccordionTitle\"><span>Pot s\u0103 \u015ftiu acredit\u0103rile doctorilor?<\/span><\/div>\r\n\t\t\t<div class=\"tabAccordionContent\"><\/p>\n<p>V\u0103 putem oferi acredit\u0103rile profesionale ale medicului la cerere.<\/p>\n<p>\n<\/div>\r\n\t\t<\/div><\/div><\/div><\/div><\/div><\/div><\/div><div class=\"boldRow  \" ><div class=\"boldRowInner\"><div class=\"rowItem col-md-12 col-ms-12  btTextLeft\"  ><div class=\"rowItemContent\" ><div class=\"btClear btSeparator bottomSemiSpaced noBorder\" ><hr><\/div><\/div><\/div><\/div><\/div><div class=\"boldRow  \" ><div class=\"boldRowInner\"><div class=\"rowItem col-md-6 col-sm-12 btTextLeft\"  ><div class=\"rowItemContent\" ><div class=\"btTabs tabsVertical \" \" data-open-first=\"no\"><ul class=\"tabsHeader\"><li><span>Trebuie s\u0103-i spun medicului meu acas\u0103?<\/span><\/li><\/ul><div class=\"tabPanes accordionPanes\"><div class=\"tabPane\">\r\n\t\t\t<div class=\"tabAccordionTitle\"><span>Trebuie s\u0103-i spun medicului meu acas\u0103?<\/span><\/div>\r\n\t\t\t<div class=\"tabAccordionContent\"><\/p>\n<p>Nu vi se cere s\u0103 spune\u0163i medicului dumneavoastr\u0103 acas\u0103. Cu toate acestea, v\u0103 recomand\u0103m insistent s\u0103 discuta\u021bi cu medicul generalist g\u00e2ndurile dumneavoastr\u0103 de a avea o procedur\u0103 medical\u0103 \u00een str\u0103in\u0103tate. \u00cen plus, putem stabili coresponden\u0163a \u00eentre medicul dumneavoastr\u0103 \u015fi medicul curant de la Grupul Florence Nightingale pentru un schimb cuprinz\u0103tor de informa\u0163ii medicale.<\/p>\n<p>\n<\/div>\r\n\t\t<\/div><\/div><\/div><\/div><\/div><div class=\"rowItem col-md-6 col-sm-12 btTextLeft\"  ><div class=\"rowItemContent\" ><div class=\"btClear btSeparator topSemiSpaced noBorder bt_bb_hidden_md bt_bb_hidden_lg\" ><hr><\/div><div class=\"btTabs tabsVertical \" \" data-open-first=\"no\"><ul class=\"tabsHeader\"><li><span>Dac\u0103 iau membri ai familiei, c\u00e2nd pot c\u0103l\u0103tori?<\/span><\/li><\/ul><div class=\"tabPanes accordionPanes\"><div class=\"tabPane\">\r\n\t\t\t<div class=\"tabAccordionTitle\"><span>Dac\u0103 iau membri ai familiei, c\u00e2nd pot c\u0103l\u0103tori?<\/span><\/div>\r\n\t\t\t<div class=\"tabAccordionContent\"><\/p>\n<p>Membrii familiei sau \u00eenso\u021bitorii pot c\u0103l\u0103tori cu dvs.<\/p>\n<p>\n<\/div>\r\n\t\t<\/div><\/div><\/div><\/div><\/div><\/div><\/div><div class=\"boldRow  \" ><div class=\"boldRowInner\"><div class=\"rowItem col-md-12 col-ms-12  btTextLeft\"  ><div class=\"rowItemContent\" ><div class=\"btClear btSeparator bottomSemiSpaced noBorder\" ><hr><\/div><\/div><\/div><\/div><\/div><div class=\"boldRow  \" ><div class=\"boldRowInner\"><div class=\"rowItem col-md-6 col-sm-12 btTextLeft\"  ><div class=\"rowItemContent\" ><div class=\"btTabs tabsVertical \" \" data-open-first=\"no\"><ul class=\"tabsHeader\"><li><span>Unde stau?<\/span><\/li><\/ul><div class=\"tabPanes accordionPanes\"><div class=\"tabPane\">\r\n\t\t\t<div class=\"tabAccordionTitle\"><span>Unde stau?<\/span><\/div>\r\n\t\t\t<div class=\"tabAccordionContent\"><\/p>\n<p>Centrul pentru Pacien\u0163i Interna\u0163ionali v\u0103 va recomanda cazare adecvat\u0103 \u00een func\u0163ie de bugetul \u015fi cererea dumneavoastr\u0103 de confort, precum \u015fi v\u0103 va sf\u0103tui cu privire la loca\u0163iile ideale. Rezerv\u0103rile vor fi confirmate \u00eenainte de c\u0103l\u0103torie.<\/p>\n<p>\n<\/div>\r\n\t\t<\/div><\/div><\/div><\/div><\/div><div class=\"rowItem col-md-6 col-sm-12 btTextLeft\"  ><div class=\"rowItemContent\" ><div class=\"btClear btSeparator topSemiSpaced noBorder bt_bb_hidden_md bt_bb_hidden_lg\" ><hr><\/div><div class=\"btTabs tabsVertical \" \" data-open-first=\"no\"><ul class=\"tabsHeader\"><li><span>Cum ajung la spital?<\/span><\/li><\/ul><div class=\"tabPanes accordionPanes\"><div class=\"tabPane\">\r\n\t\t\t<div class=\"tabAccordionTitle\"><span>Cum ajung la spital?<\/span><\/div>\r\n\t\t\t<div class=\"tabAccordionContent\"><\/p>\n<p>Centrul pentru Pacien\u0163i Interna\u0163ionali va aranja toate transferurile dumneavoastr\u0103 (sosirea\/plecare-hotel-spital).<\/p>\n<p>\n<\/div>\r\n\t\t<\/div><\/div><\/div><\/div><\/div><\/div><\/div><div class=\"boldRow  \" ><div class=\"boldRowInner\"><div class=\"rowItem col-md-12 col-ms-12  btTextLeft\"  ><div class=\"rowItemContent\" ><div class=\"btClear btSeparator bottomSemiSpaced noBorder\" ><hr><\/div><\/div><\/div><\/div><\/div><div class=\"boldRow  \" ><div class=\"boldRowInner\"><div class=\"rowItem col-md-6 col-sm-12 btTextLeft\"  ><div class=\"rowItemContent\" ><div class=\"btTabs tabsVertical \" \" data-open-first=\"no\"><ul class=\"tabsHeader\"><li><span>Ce este inclus \u00een costul \u00eengrijirii?<\/span><\/li><\/ul><div class=\"tabPanes accordionPanes\"><div class=\"tabPane\">\r\n\t\t\t<div class=\"tabAccordionTitle\"><span>Ce este inclus \u00een costul \u00eengrijirii?<\/span><\/div>\r\n\t\t\t<div class=\"tabAccordionContent\"><\/p>\n<p>O prezentare detaliat\u0103 a ceea ce este inclus este listat\u0103 \u00een fiecare cota\u021bie de pre\u021b. V\u0103 rug\u0103m s\u0103 nu ezita\u021bi s\u0103 <a href=\"https:\/\/groupflorence.com\/backup\/xen\/contact-us.html\">ne contacta\u021bi<\/a> dac\u0103 ave\u021bi \u00eentreb\u0103ri sau nel\u0103muriri.<\/p>\n<p>\n<\/div>\r\n\t\t<\/div><\/div><\/div><\/div><\/div><div class=\"rowItem col-md-6 col-sm-12 btTextLeft\"  ><div class=\"rowItemContent\" ><div class=\"btClear btSeparator topSemiSpaced noBorder bt_bb_hidden_md bt_bb_hidden_lg\" ><hr><\/div><div class=\"btTabs tabsVertical \" \" data-open-first=\"no\"><ul class=\"tabsHeader\"><li><span>Pot avea mai multe proceduri medicale \u00een acela\u0219i timp?<\/span><\/li><\/ul><div class=\"tabPanes accordionPanes\"><div class=\"tabPane\">\r\n\t\t\t<div class=\"tabAccordionTitle\"><span>Pot avea mai multe proceduri medicale \u00een acela\u0219i timp?<\/span><\/div>\r\n\t\t\t<div class=\"tabAccordionContent\"><\/p>\n<p>Este posibil \u2014 \u0219i rentabil \u2014 s\u0103 existe mai multe proceduri \u00een acela\u0219i timp, \u00eens\u0103 aceasta trebuie evaluat\u0103 de la caz la caz pentru a stabili un plan de tratament adecvat.<\/p>\n<p>\n<\/div>\r\n\t\t<\/div><\/div><\/div><\/div><\/div><\/div><\/div><div class=\"boldRow  \" ><div class=\"boldRowInner\"><div class=\"rowItem col-md-12 col-ms-12  btTextLeft\"  ><div class=\"rowItemContent\" ><div class=\"btClear btSeparator bottomSemiSpaced noBorder\" ><hr><\/div><\/div><\/div><\/div><\/div><div class=\"boldRow  \" ><div class=\"boldRowInner\"><div class=\"rowItem col-md-6 col-sm-12 btTextLeft\"  ><div class=\"rowItemContent\" ><div class=\"btTabs tabsVertical \" \" data-open-first=\"no\"><ul class=\"tabsHeader\"><li><span>Ce nu este inclus \u00een costul tratamentului?<\/span><\/li><\/ul><div class=\"tabPanes accordionPanes\"><div class=\"tabPane\">\r\n\t\t\t<div class=\"tabAccordionTitle\"><span>Ce nu este inclus \u00een costul tratamentului?<\/span><\/div>\r\n\t\t\t<div class=\"tabAccordionContent\"><\/p>\n<p>Orice medicamente prescrise pacientului dup\u0103 ce au fost externate din spital. Orice \u00eengrijire sau serviciu legat de orice complica\u021bii care pot ap\u0103rea \u0219i nu sunt definite \u00een tratamentul ini\u021bial al pacientului.<\/p>\n<p>Orice serviciu sau \u00eengrijire legat\u0103 de complica\u021biile majore ap\u0103rute \u00een timpul opera\u021biei pacientului, inclusiv, dar f\u0103r\u0103 a se limita la necesitatea transferului pacientului \u00eentr-o unitate de terapie intensiv\u0103 specializat\u0103 intern\u0103 sau extern\u0103. Orice spitalizare extins\u0103 rezultat\u0103 (ATI sau sec\u021bie) \u00een timpul tratamentului.<\/p>\n<p>Costurile suplimentare pentru astfel de evenimente vor fi facturate pacientului \u00een conformitate cu tarifele standard ale Grupului existente la momentul respectiv.<\/p>\n<p>\n<\/div>\r\n\t\t<\/div><\/div><\/div><\/div><\/div><div class=\"rowItem col-md-6 col-sm-12 btTextLeft\"  ><div class=\"rowItemContent\" ><div class=\"btClear btSeparator topSemiSpaced noBorder bt_bb_hidden_md bt_bb_hidden_lg\" ><hr><\/div><div class=\"btTabs tabsVertical \" \" data-open-first=\"no\"><ul class=\"tabsHeader\"><li><span>Grupul Florence Nightingale organizeaz\u0103 excursii locale sau excursii turistice \u00een Turcia?<\/span><\/li><\/ul><div class=\"tabPanes accordionPanes\"><div class=\"tabPane\">\r\n\t\t\t<div class=\"tabAccordionTitle\"><span>Grupul Florence Nightingale organizeaz\u0103 excursii locale sau excursii turistice \u00een Turcia?<\/span><\/div>\r\n\t\t\t<div class=\"tabAccordionContent\"><\/p>\n<p>Grupul Florence Nightingale Centrul pentru Pacien\u021bi Interna\u021bionali poate face aranjamente pentru tine \u0219i familia ta.<\/p>\n<p>\n<\/div>\r\n\t\t<\/div><\/div><\/div><\/div><\/div><\/div><\/div><\/div><\/div><\/div><\/section><section id=\"bt_section69eb6ae82c5b2\"  class=\"boldSection gutter\" ><div class=\"port\"><div class=\"boldCell\"><div class=\"boldCellInner\"><div class=\"boldRow  \" ><div class=\"boldRowInner\"><div class=\"rowItem col-md-12 col-ms-12  btTextLeft\"  ><div class=\"rowItemContent\" ><div class=\"btClear btSeparator bottomExtraSpaced noBorder\" ><hr><\/div><\/div><\/div><\/div><\/div><\/div><\/div><\/div><\/section><\/p>\n","protected":false},"excerpt":{"rendered":"","protected":false},"author":1,"featured_media":0,"parent":2524,"menu_order":2,"comment_status":"closed","ping_status":"closed","template":"","meta":{"footnotes":""},"class_list":["post-2538","page","type-page","status-publish","hentry"],"_links":{"self":[{"href":"https:\/\/groupflorence.com\/ro\/wp-json\/wp\/v2\/pages\/2538","targetHints":{"allow":["GET"]}}],"collection":[{"href":"https:\/\/groupflorence.com\/ro\/wp-json\/wp\/v2\/pages"}],"about":[{"href":"https:\/\/groupflorence.com\/ro\/wp-json\/wp\/v2\/types\/page"}],"author":[{"embeddable":true,"href":"https:\/\/groupflorence.com\/ro\/wp-json\/wp\/v2\/users\/1"}],"replies":[{"embeddable":true,"href":"https:\/\/groupflorence.com\/ro\/wp-json\/wp\/v2\/comments?post=2538"}],"version-history":[{"count":6,"href":"https:\/\/groupflorence.com\/ro\/wp-json\/wp\/v2\/pages\/2538\/revisions"}],"predecessor-version":[{"id":6172,"href":"https:\/\/groupflorence.com\/ro\/wp-json\/wp\/v2\/pages\/2538\/revisions\/6172"}],"up":[{"embeddable":true,"href":"https:\/\/groupflorence.com\/ro\/wp-json\/wp\/v2\/pages\/2524"}],"wp:attachment":[{"href":"https:\/\/groupflorence.com\/ro\/wp-json\/wp\/v2\/media?parent=2538"}],"curies":[{"name":"wp","href":"https:\/\/api.w.org\/{rel}","templated":true}]}}