{"id":2524,"date":"2020-08-19T14:58:44","date_gmt":"2020-08-19T11:58:44","guid":{"rendered":"https:\/\/groupflorence.com\/ro\/?page_id=2524"},"modified":"2020-12-17T02:42:51","modified_gmt":"2020-12-16T23:42:51","slug":"patient-guide","status":"publish","type":"page","link":"https:\/\/groupflorence.com\/ro\/patient-guide\/","title":{"rendered":"Ghidul Pacientului"},"content":{"rendered":"<p><section id=\"bt_section69eb6a86c23e9\" data-parallax=\"0\" data-parallax-offset=\"0\" class=\"boldSection gutter inherit btParallax\" ><div class=\"port\"><div class=\"boldCell\"><div class=\"boldCellInner\"><div class=\"boldRow  \" ><div class=\"boldRowInner\"><div class=\"rowItem col-md-12 col-ms-12  btTextLeft animate animate-fadein inherit\"  ><div class=\"rowItemContent\" ><\/div><\/div><\/div><\/div><div class=\"boldRow  \" ><div class=\"boldRowInner\"><div class=\"rowItem col-md-8 col-ms-12 btTextLeft animate animate-fadein inherit\"  ><div class=\"rowItemContent\" ><div class=\"btClear btSeparator bottomSemiSpaced noBorder\" ><hr><\/div><header class=\"header btClear extralarge  btAccentDash\" ><div class=\"dash\"><h1><span class=\"headline\"><em>Un ghid pas cu pas pentru<\/em><br \/><br><b class=\"animate\">Pacien\u0163i interna\u0163ion<\/b><\/span><\/h1><\/div><\/header><div class=\"btClear btSeparator bottomSemiSpaced noBorder\" ><hr><\/div><\/div><\/div><div class=\"rowItem col-md-4 col-ms-12 btTextLeft animate animate-fadein inherit\"  ><div class=\"rowItemContent\" ><\/div><\/div><\/div><\/div><div class=\"boldRow  \" ><div class=\"boldRowInner\"><div class=\"rowItem btRightBorder col-md-6 col-sm-12 btTextLeft animate animate-fadein btTextIndent inherit\"  ><div class=\"rowItemContent\" ><div class=\"btClear btSeparator bottomSemiSpaced noBorder bt_bb_hidden_xs bt_bb_hidden_ms bt_bb_hidden_sm\" ><hr><\/div><header class=\"header btClear medium btDash bottomDash  btAccentDash\" ><div class=\"dash\"><h3><span class=\"headline\">AL DOILEA AVIZ MEDICAL ANCHET\u0102 \u0218I NUMIRI<\/span><\/h3><\/div><\/header><div class=\"btClear btSeparator bottomSemiSpaced noBorder bt_bb_hidden_xs bt_bb_hidden_ms bt_bb_hidden_sm\" ><hr><\/div><div class=\"btClear btSeparator bottomExtraSmallSpaced noBorder bt_bb_hidden_md bt_bb_hidden_lg\" ><hr><\/div><div class=\"btText\" ><\/p>\n<p>Trimite\u021bi informa\u021biile dvs. personale \u0219i \u00eenregistr\u0103rile medicale pe pagina noastr\u0103 <a href=\"https:\/\/groupflorence.com\/ro\/contact-us\/\"><span style=\"color: #3366ff;\">medical\u0103 a doua opinie<\/span><\/a> . Vom consulta medicii no\u0219tri \u0219i v\u0103 vom reveni cu un plan de tratament adecvat, estim\u0103ri ale costurilor \u0219i durata \u0219ederii \u00een Istanbul. Un reprezentant CIP v\u0103 va contacta \u00een termen de 24 de ore de la solicitarea ini\u0163ial\u0103.<\/p>\n<p>Alternativ, pute\u021bi solicita, de asemenea, direct o \u00eent\u00e2lnire cu medicii no\u0219tri prin po\u0219t\u0103 (international@groupflorence.com).<\/p>\n<p>Programele tale medicale vor fi programate \u00een func\u0163ie de confirm\u0103rile tale.<\/p>\n<p>\n<\/div><div class=\"btClear btSeparator bottomSemiSpaced noBorder\" ><hr><\/div><\/div><\/div><div class=\"rowItem col-md-6 col-sm-12 btTextLeft animate animate-fadein btTextIndent inherit\"  ><div class=\"rowItemContent\" ><div class=\"btClear btSeparator bottomSemiSpaced noBorder\" ><hr><\/div><header class=\"header btClear medium btDash bottomDash  btAccentDash\" ><div class=\"dash\"><h3><span class=\"headline\">CAZARE &amp; TRANSFERURI LA AEROPORT<\/span><\/h3><\/div><\/header><div class=\"btClear btSeparator bottomSemiSpaced noBorder bt_bb_hidden_xs bt_bb_hidden_ms bt_bb_hidden_sm\" ><hr><\/div><div class=\"btClear btSeparator bottomExtraSmallSpaced noBorder bt_bb_hidden_md bt_bb_hidden_lg\" ><hr><\/div><div class=\"btText\" ><\/p>\n<p>Un reprezentant CIP v\u0103 poate ajuta cu rezerv\u0103ri de cazare la tarife preferen\u021biale la hoteluri din apropiere sau apartamente de \u0219edere pe termen scurt, \u00een func\u021bie de preferin\u021bele dumneavoastr\u0103. Vom aranja transferuri aeroport-hotel-spital complementare, \u00een conformitate cu aranjamentele dumneavoastr\u0103 de c\u0103l\u0103torie \u0219i de programare medical\u0103.<\/p>\n<p>\n<\/div><div class=\"btClear btSeparator bottomSemiSpaced noBorder\" ><hr><\/div><\/div><\/div><\/div><\/div><div class=\"boldRow  \" ><div class=\"boldRowInner\"><div class=\"rowItem btRightBorder col-md-12 col-ms-12  btTextLeft animate animate-fadein inherit\"  ><div class=\"rowItemContent\" ><div class=\"btClear btSeparator border bt_bb_hidden_xs bt_bb_hidden_ms bt_bb_hidden_sm\" ><hr><\/div><\/div><\/div><\/div><\/div><div class=\"boldRow  \" ><div class=\"boldRowInner\"><div class=\"rowItem col-md-6 col-sm-12 btTextLeft animate animate-fadein btTextIndent inherit\"  ><div class=\"rowItemContent\" ><div class=\"btClear btSeparator bottomSemiSpaced noBorder\" ><hr><\/div><header class=\"header btClear medium btDash bottomDash  btAccentDash\" ><div class=\"dash\"><h3><span class=\"headline\">TRATAMENT MEDICAL<\/span><\/h3><\/div><\/header><div class=\"btClear btSeparator bottomSemiSpaced noBorder bt_bb_hidden_xs bt_bb_hidden_ms bt_bb_hidden_sm\" ><hr><\/div><div class=\"btClear btSeparator bottomExtraSmallSpaced noBorder bt_bb_hidden_md bt_bb_hidden_lg\" ><hr><\/div><div class=\"btText\" ><\/p>\n<p>Toate tratamentele medicale sunt efectuate \u00een unit\u0103\u021bile noastre de ultim\u0103 genera\u021bie dotate cu cele mai noi tehnologii \u0219i echipamente, de c\u0103tre chirurgi, medici, asisten\u021bi medicali \u0219i exper\u021bi medicali.<\/p>\n<p>Ve\u021bi primi un dosar medical complet dup\u0103 terminarea tratamentului, precum \u0219i ve\u021bi fi informat cu privire la cerin\u021bele necesare de urm\u0103rire. Rapoartele medicale vor fi furnizate \u00een limba englez\u0103.<\/p>\n<p>\n<\/div><div class=\"btClear btSeparator bottomSemiSpaced noBorder\" ><hr><\/div><\/div><\/div><div class=\"rowItem btLeftBorder col-md-6 col-sm-12 btTextLeft animate animate-fadein btTextIndent inherit\"  ><div class=\"rowItemContent\" ><div class=\"btClear btSeparator bottomSemiSpaced noBorder\" ><hr><\/div><header class=\"header btClear medium btDash bottomDash  btAccentDash\" ><div class=\"dash\"><h3><span class=\"headline\">DURATA SEJURULUI<\/span><\/h3><\/div><\/header><div class=\"btClear btSeparator bottomSemiSpaced noBorder bt_bb_hidden_xs bt_bb_hidden_ms bt_bb_hidden_sm\" ><hr><\/div><div class=\"btClear btSeparator bottomExtraSmallSpaced noBorder bt_bb_hidden_md bt_bb_hidden_lg\" ><hr><\/div><div class=\"btText\" ><\/p>\n<p>Durata \u015federii dumneavoastr\u0103 \u00een Istanbul va depinde de natura tratamentului dumneavoastr\u0103. Este posibil sau nu s\u0103 ave\u021bi nevoie de \u00eengrijire ATI \u0219i\/sau spitalizare \u00een spitalizare (informa\u021bii detaliate sunt furnizate \u00een anchetele MSO).<\/p>\n<p>\u00cen func\u021bie de nevoile dvs., reprezentan\u021bii CIP v\u0103 vor ajuta pe dvs. \u0219i pe membrii familiei dvs. pentru a v\u0103 asigura un confort maxim departe de cas\u0103.<\/p>\n<p>\n<\/div><div class=\"btClear btSeparator bottomSemiSpaced noBorder\" ><hr><\/div><\/div><\/div><\/div><\/div><\/div><\/div><\/div><\/section><section id=\"bt_section69eb6a86c3010\"  class=\"boldSection gutter\" ><div class=\"port\"><div class=\"boldCell\"><div class=\"boldCellInner\"><div class=\"boldRow  \" ><div class=\"boldRowInner\"><div class=\"rowItem col-md-12 col-ms-12  btTextLeft\"  ><div class=\"rowItemContent\" ><div class=\"btClear btSeparator bottomSemiSpaced noBorder bt_bb_hidden_xs bt_bb_hidden_ms bt_bb_hidden_sm\" ><hr><\/div><div class=\"btClear btSeparator bottomExtraSmallSpaced noBorder bt_bb_hidden_md bt_bb_hidden_lg\" ><hr><\/div><header class=\"header btClear medium btDash bottomDash  btNormalDash\" ><div class=\"dash\"><h3><span class=\"headline\"><b class=\"animate\">Planifica\u021bi-v\u0103 vizita<\/b><\/span><\/h3><\/div><\/header><div class=\"btClear btSeparator bottomSemiSpaced noBorder bt_bb_hidden_xs bt_bb_hidden_ms bt_bb_hidden_sm\" ><hr><\/div><div class=\"btClear btSeparator bottomExtraSmallSpaced noBorder bt_bb_hidden_md bt_bb_hidden_lg\" ><hr><\/div><div class=\"btText\" ><\/p>\n<p>\u00cen\u021belegem c\u0103 planificarea unei c\u0103l\u0103torii medicale poate deveni agitat\u0103 \u2014 exist\u0103 zboruri \u0219i cazare care urmeaz\u0103 s\u0103 fie aranjate, asisten\u021b\u0103 medical\u0103 (dac\u0103 este necesar) \u0219i program\u0103ri care urmeaz\u0103 s\u0103 fie organizate \u0219i cerin\u021be privind actele de viz\u0103 pentru anumi\u021bi cet\u0103\u021beni \u2014 de aceea scopul nostru este s\u0103 v\u0103 u\u0219ur\u0103m \u0219i s\u0103 v\u0103 ajut\u0103m \u00een fiecare etap\u0103 a c\u0103l\u0103toria c\u00e2t mai mult posibil.<\/p>\n<p>Centrul nostru pentru Pacien\u021bi Interna\u021bionali (CIP) este dedicat \u00een \u00eentregime furniz\u0103rii pacien\u021bilor interna\u021bionali un serviciu cuprinz\u0103tor care acoper\u0103 fiecare aspect, de la ancheta ini\u021bial\u0103 p\u00e2n\u0103 la \u00eentoarcerea lor acas\u0103. \u00cen plus, o echip\u0103 multilingv\u0103 va fi disponibil\u0103 pentru a asista \u0219i interpreta pe parcursul consult\u0103rilor medicale.<\/p>\n<p>Medical doilea aviz (MSO) anchete sunt r\u0103spuns la \u00eentr-un interval de timp de 24 la 48 or\u0103.<\/p>\n<p><strong>Personalul CIP asigur\u0103 \u015fi asist\u0103 cu:<\/strong><\/p>\n<p>\n<\/div><div class=\"btClear btSeparator bottomSmallSpaced noBorder\" ><hr><\/div><\/div><\/div><\/div><\/div><div class=\"boldRow  \" ><div class=\"boldRowInner\"><div class=\"rowItem col-md-6 col-sm-12 btTextLeft\"  ><div class=\"rowItemContent\" ><div class=\"servicesItem  btIcoAccentColorIcon btIcoSmallSizeIcon  \"><div class=\"sIcon\"><span class=\"btIco btIcoSmallSize btIcoDefaultType btIcoAccentColor\" ><span  data-ico-fa=\"&#xf046;\" class=\"btIcoHolder\"><em><\/em><\/span><\/span><\/div><div class=\"sTxt\"><header class=\"header btClear small\" ><\/header><p>Medical doilea aviz<\/p><\/div><\/div><div class=\"btClear btSeparator bottomSemiSpaced noBorder\" ><hr><\/div><div class=\"servicesItem  btIcoAccentColorIcon btIcoSmallSizeIcon  \"><div class=\"sIcon\"><span class=\"btIco btIcoSmallSize btIcoDefaultType btIcoAccentColor\" ><span  data-ico-fa=\"&#xf046;\" class=\"btIcoHolder\"><em><\/em><\/span><\/span><\/div><div class=\"sTxt\"><header class=\"header btClear small\" ><\/header><p> Programarea program\u0103rilor<\/p><\/div><\/div><div class=\"btClear btSeparator bottomSemiSpaced noBorder\" ><hr><\/div><div class=\"servicesItem  btIcoAccentColorIcon btIcoSmallSizeIcon  \"><div class=\"sIcon\"><span class=\"btIco btIcoSmallSize btIcoDefaultType btIcoAccentColor\" ><span  data-ico-fa=\"&#xf046;\" class=\"btIcoHolder\"><em><\/em><\/span><\/span><\/div><div class=\"sTxt\"><header class=\"header btClear small\" ><\/header><p>Admiterea spitalului<\/p><\/div><\/div><div class=\"btClear btSeparator bottomSemiSpaced noBorder\" ><hr><\/div><div class=\"servicesItem  btIcoAccentColorIcon btIcoSmallSizeIcon  \"><div class=\"sIcon\"><span class=\"btIco btIcoSmallSize btIcoDefaultType btIcoAccentColor\" ><span  data-ico-fa=\"&#xf046;\" class=\"btIcoHolder\"><em><\/em><\/span><\/span><\/div><div class=\"sTxt\"><header class=\"header btClear small\" ><\/header><p>Regimuri de c\u0103l\u0103torie \u0219i cazare<\/p><\/div><\/div><div class=\"btClear btSeparator bottomSemiSpaced noBorder\" ><hr><\/div><\/div><\/div><div class=\"rowItem col-md-6 col-sm-12 btTextLeft\"  ><div class=\"rowItemContent\" ><div class=\"servicesItem  btIcoAccentColorIcon btIcoSmallSizeIcon  \"><div class=\"sIcon\"><span class=\"btIco btIcoSmallSize btIcoDefaultType btIcoAccentColor\" ><span  data-ico-fa=\"&#xf046;\" class=\"btIcoHolder\"><em><\/em><\/span><\/span><\/div><div class=\"sTxt\"><header class=\"header btClear small\" ><\/header><p>Servicii de interpret<\/p><\/div><\/div><div class=\"btClear btSeparator bottomSemiSpaced noBorder\" ><hr><\/div><div class=\"servicesItem  btIcoAccentColorIcon btIcoSmallSizeIcon  \"><div class=\"sIcon\"><span class=\"btIco btIcoSmallSize btIcoDefaultType btIcoAccentColor\" ><span  data-ico-fa=\"&#xf046;\" class=\"btIcoHolder\"><em><\/em><\/span><\/span><\/div><div class=\"sTxt\"><header class=\"header btClear small\" ><\/header><p>Servicii de ambulan\u021b\u0103 aerian\u0103 \u0219i sol<\/p><\/div><\/div><div class=\"btClear btSeparator bottomSemiSpaced noBorder\" ><hr><\/div><div class=\"servicesItem  btIcoAccentColorIcon btIcoSmallSizeIcon  \"><div class=\"sIcon\"><span class=\"btIco btIcoSmallSize btIcoDefaultType btIcoAccentColor\" ><span  data-ico-fa=\"&#xf046;\" class=\"btIcoHolder\"><em><\/em><\/span><\/span><\/div><div class=\"sTxt\"><header class=\"header btClear small\" ><\/header><p>Opera\u021biuni financiare<\/p><\/div><\/div><div class=\"btClear btSeparator bottomSemiSpaced noBorder\" ><hr><\/div><div class=\"servicesItem  btIcoAccentColorIcon btIcoSmallSizeIcon  \"><div class=\"sIcon\"><span class=\"btIco btIcoSmallSize btIcoDefaultType btIcoAccentColor\" ><span  data-ico-fa=\"&#xf046;\" class=\"btIcoHolder\"><em><\/em><\/span><\/span><\/div><div class=\"sTxt\"><header class=\"header btClear small\" ><\/header><p>Procesul de desc\u0103rcare de gestiune \u0219i \u00eengrijirea ulterioar\u0103<\/p><\/div><\/div><div class=\"btClear btSeparator bottomSemiSpaced noBorder\" ><hr><\/div><\/div><\/div><\/div><\/div><div class=\"boldRow  \" ><div class=\"boldRowInner\"><div class=\"rowItem col-md-12 col-ms-12  btTextLeft\"  ><div class=\"rowItemContent\" ><div class=\"btClear btSeparator topSpaced noBorder\" ><hr><\/div><\/div><\/div><\/div><\/div><\/div><\/div><\/div><\/section><\/p>\n","protected":false},"excerpt":{"rendered":"","protected":false},"author":1,"featured_media":0,"parent":0,"menu_order":0,"comment_status":"closed","ping_status":"closed","template":"","meta":{"footnotes":""},"class_list":["post-2524","page","type-page","status-publish","hentry"],"_links":{"self":[{"href":"https:\/\/groupflorence.com\/ro\/wp-json\/wp\/v2\/pages\/2524","targetHints":{"allow":["GET"]}}],"collection":[{"href":"https:\/\/groupflorence.com\/ro\/wp-json\/wp\/v2\/pages"}],"about":[{"href":"https:\/\/groupflorence.com\/ro\/wp-json\/wp\/v2\/types\/page"}],"author":[{"embeddable":true,"href":"https:\/\/groupflorence.com\/ro\/wp-json\/wp\/v2\/users\/1"}],"replies":[{"embeddable":true,"href":"https:\/\/groupflorence.com\/ro\/wp-json\/wp\/v2\/comments?post=2524"}],"version-history":[{"count":18,"href":"https:\/\/groupflorence.com\/ro\/wp-json\/wp\/v2\/pages\/2524\/revisions"}],"predecessor-version":[{"id":6168,"href":"https:\/\/groupflorence.com\/ro\/wp-json\/wp\/v2\/pages\/2524\/revisions\/6168"}],"wp:attachment":[{"href":"https:\/\/groupflorence.com\/ro\/wp-json\/wp\/v2\/media?parent=2524"}],"curies":[{"name":"wp","href":"https:\/\/api.w.org\/{rel}","templated":true}]}}