{"id":2454,"date":"2020-08-18T15:30:04","date_gmt":"2020-08-18T12:30:04","guid":{"rendered":"https:\/\/groupflorence.com\/ro\/?page_id=2454"},"modified":"2020-12-17T00:38:32","modified_gmt":"2020-12-16T21:38:32","slug":"pet-mri","status":"publish","type":"page","link":"https:\/\/groupflorence.com\/ro\/centers-treatments\/pet-mri\/","title":{"rendered":"PET \u2013 MRI"},"content":{"rendered":"<section id=\"bt_section69eb944118549\"  class=\"boldSection gutter\" ><div class=\"port\"><div class=\"boldCell\"><div class=\"boldCellInner\"><div class=\"boldRow  \" ><div class=\"boldRowInner\"><div class=\"rowItem col-md-4 col-ms-12 btTextLeft\"  ><div class=\"rowItemContent\" ><div class=\"btClear btSeparator topSpaced noBorder\" ><hr><\/div><div class=\"btCustomMenu treatment-sidebar\" ><div class=\"menu-pet-mri-container\"><ul id=\"menu-pet-mri\" class=\"menu\"><li id=\"menu-item-3769\" class=\"menu-item menu-item-type-post_type menu-item-object-page menu-item-has-children menu-item-3769\"><a href=\"https:\/\/groupflorence.com\/ro\/centers-treatments\/\">Centre &#038; Departamente<\/a><ul class=\"sub-menu\"><li id=\"menu-item-3770\" class=\"menu-item menu-item-type-post_type menu-item-object-page menu-item-has-children menu-item-3770\"><a href=\"https:\/\/groupflorence.com\/ro\/centers-treatments\/pet-mri\/\">PET \u2013 MRI<\/a><ul class=\"sub-menu\"><li id=\"menu-item-3771\" class=\"menu-item menu-item-type-post_type menu-item-object-page menu-item-3771\"><a href=\"https:\/\/groupflorence.com\/ro\/centers-treatments\/pet-mri\/what-is-the-role-of-pet-mri-in-oncology\/\">Care este Rolul PET \u2014 RMN \u00een Oncologie?<\/a><\/li><li id=\"menu-item-3774\" class=\"menu-item menu-item-type-post_type menu-item-object-page menu-item-3774\"><a href=\"https:\/\/groupflorence.com\/ro\/centers-treatments\/pet-mri\/what-is-the-role-of-pet-mri-in-cardiology\/\">Care este Rolul PET \u2014 RMN \u00een Cardiologie?<\/a><\/li><li id=\"menu-item-3779\" class=\"menu-item menu-item-type-post_type menu-item-object-page menu-item-3779\"><a href=\"https:\/\/groupflorence.com\/ro\/centers-treatments\/pet-mri\/what-is-the-role-of-pet-mri-in-neurology\/\">Care este Rolul PET-RMN \u00een Neurologie?<\/a><\/li><\/ul><\/li><\/ul><\/li>\n<\/ul><\/div><\/div><div class=\"btClear btSeparator topSemiSpaced noBorder\" ><hr><\/div><div class=\"boldRow boldInnerRow  bt_bb_hidden_xs bt_bb_hidden_ms bt_bb_hidden_sm\" ><div class=\"rowItem rowInnerItem col-md-12  btTextCenter btMiddleVertical\"  ><div class=\"rowItemContent\"><div class=\"bpgPhoto btTextCenter\" > \r\n\t\t\t\t\t<a href=\"https:\/\/groupflorence.com\/ro\/patient-guide\/covid-19-precautions\/\" target=\"_blank\" title=\"\"><\/a>\r\n\t\t\t\t\t<div class=\"boldPhotoBox\"><div class=\"bpbItem\"><div class = \"btImage\"><img decoding=\"async\" src=\"https:\/\/groupflorence.com\/ro\/wp-content\/uploads\/2020\/12\/covid-safe-sidebar-320x186.jpg\" alt=\"\" title=\"\" ><\/div><\/div><\/div>\r\n\t\t\t\t\t<div class=\"captionPane\">\r\n\t\t\t\t\t\t<div class=\"captionTable\">\r\n\t\t\t\t\t\t\t<div class=\"captionCell\">\r\n\t\t\t\t\t\t\t\t<div class=\"captionTxt\"><\/div>\r\n\t\t\t\t\t\t\t<\/div>\r\n\t\t\t\t\t\t<\/div>\r\n\t\t\t\t\t<\/div><\/div><div class=\"btClear btSeparator topSmallSpaced bottomSmallSpaced border\" ><hr><\/div><a href=\"https:\/\/groupflorence.com\/ro\/contact-us\/\" class=\"btBtn btBtn btnFilledStyle btnAccentColor btnBig btnNormalWidth btnLeftPosition btnNoIcon\" ><span class=\"btnInnerText\">Ask A Question<\/span><\/a><\/div><\/div><\/div><\/div><\/div><div class=\"rowItem col-md-8 col-ms-12 btTextLeft\"  ><div class=\"rowItemContent\" ><div class=\"btClear btSeparator topSemiSpaced noBorder\" ><hr><\/div><header class=\"header btClear medium btDash bottomDash  btNormalDash\" ><div class=\"dash\"><h3><span class=\"headline\"><b class=\"animate\">PET \u2013 MRI<\/b><\/span><\/h3><\/div><\/header><div class=\"btClear btSeparator topSemiSpaced noBorder\" ><hr><\/div><header class=\"header btClear medium btDash bottomDash  btAccentDash\" ><div class=\"dash\"><h3><span class=\"headline\">Ce este PET \u2014 RMN?<\/span><\/h3><\/div><\/header><div class=\"btClear btSeparator topExtraSmallSpaced noBorder\" ><hr><\/div><div class=\"btText\" ><\/p>\n<p>RMN reprezint\u0103 imagistica prin rezonan\u021b\u0103 magnetic\u0103, o scanare care utilizeaz\u0103 unde magnetice \u0219i radio pentru a produce informa\u021bii morfologice detaliate ale organelor, \u021besuturilor \u0219i structurilor din organism.<br \/>\nPET \u00eenseamn\u0103 Tomografia cu emisie de pozitroni, test imagistic care ajut\u0103 la m\u0103surarea func\u021bionalit\u0103\u021bii \u021besuturilor \u0219i organelor din organism.<br \/>\nPET-MR este un scaner hibrid care combin\u0103 cele dou\u0103 modalit\u0103\u021bi \u00eentr-o singur\u0103 scanare. Captarea activit\u0103\u021bii metabolice \u0219i a anatomiei \u00eempreun\u0103 ofer\u0103 medicilor o evaluare mai precis\u0103 \u0219i mai precis\u0103 a bolii, precum \u0219i o \u00een\u021belegere \u00eembun\u0103t\u0103\u021bit\u0103 a procesului fiziologic. Acest lucru permite detectarea mai u\u0219oar\u0103 \u0219i mai rapid\u0103, caracterizarea, stadializarea \u0219i tratamentul bolilor oncologice, neurologice \u0219i cardiovasculare \u0219i expune pacien\u021bii la niveluri mai sc\u0103zute de radia\u021bii.<br \/>\nPET-RMN este un produs de tehnologie high-end care populeaz\u0103 detectoare PET de \u00eenalt\u0103 defini\u021bie \u00eentr-un RMN de c\u00e2mp magnetic 3 Tesla, rezult\u00e2nd cel mai precis dispozitiv de imagistic\u0103 pentru diagnosticarea cancerului.<\/p>\n<p>\n<\/div><div class=\"btClear btSeparator topSmallSpaced noBorder\" ><hr><\/div><header class=\"header btClear medium btDash bottomDash  btAccentDash\" ><div class=\"dash\"><h3><span class=\"headline\">PET \u2014 Diferen\u021ba RMN \u00een diagnosticul oncologic<\/span><\/h3><\/div><\/header><div class=\"btClear btSeparator topExtraSmallSpaced noBorder\" ><hr><\/div><div class=\"btText\" ><\/p>\n<p>RMN este cea mai apropiat\u0103 metod\u0103 de diagnostic imagistic\u0103 de patomorfologie datorit\u0103 rezolu\u0163iei ridicate a \u0163esuturilor \u015fi tehnicilor imagistice specifice \u0163esutului.<br \/>\nC\u00e2nd se adaug\u0103 examinarea spectroscopie RMN, cu ponderare prin difuzie MR \u0130maging, perfuzie \u0219i BOLD (Detectarea hipoxiei tumorale), se ob\u021bin date func\u021bionale care duc la o sensibilitate mai mare de diagnosticare.<br \/>\nAvantajul cheie al PET-RMN fort el pacient este lipsa de radia\u021bii \u00een timpul MR imagistica.<br \/>\nCre\u015fterea specificit\u0103\u0163ii agen\u0163ilor PET specifici tumorii, utiliz\u00e2nd imagistica molecular\u0103 care furnizeaz\u0103 informa\u0163ii metabolice, func\u0163ionale \u015fi numerice \u00een diagnosticul oncologic \u00eempreun\u0103 cu tehnicile RMN multiparametrice.<\/p>\n<p>\n<\/div><div class=\"btClear btSeparator topSmallSpaced noBorder\" ><hr><\/div><header class=\"header btClear medium btDash bottomDash  btAccentDash\" ><div class=\"dash\"><h3><span class=\"headline\">De ce s\u0103 prefera\u021bi PET-RMN?<\/span><\/h3><\/div><\/header><div class=\"btClear btSeparator topExtraSmallSpaced noBorder\" ><hr><\/div><div class=\"btText\" ><\/p>\n<ul>\n<li>O mai bun\u0103 eficien\u021b\u0103 energetic\u0103 cu un singur sistem, un examen<\/li>\n<li>Nu exist\u0103 transport de pacien\u021bi \u00eentre s\u0103lile de examinare \u0219i pentru vizite multiple la pacien\u021bi.<\/li>\n<li>Mai pu\u021bine radia\u021bii mai multe informa\u021bii<\/li>\n<li>Acoperirea complet\u0103 a tumorii \u0219i organelor<\/li>\n<li>Cre\u0219terea \u00eencrederii \u00een diagnosticul tumorii<\/li>\n<li>Imagistica simultan\u0103 a morfologiei, func\u021biei \u0219i metabolismului<\/li>\n<li>Evaluarea timpurie a r\u0103spunsului terapiei tumorale<\/li>\n<li>Reducerea timpului de examinare cu p\u00e2n\u0103 la 50% pentru cre\u0219terea productivit\u0103\u021bii<\/li>\n<li>Cre\u0219terea confortului pacientului cu examene mai scurte \u0219i mai pu\u021bin<\/li>\n<\/ul>\n<p>PET-RMN poate acoperi toate tipurile de cancer \u0219i sisteme de organe \u00eentr-o singur\u0103 examinare, cu expunere sc\u0103zut\u0103 la radia\u021bii la pacien\u021bi.<\/p>\n<p>\n<\/div><div class=\"btClear btSeparator topSmallSpaced noBorder\" ><hr><\/div><header class=\"header btClear medium btDash bottomDash  btAccentDash\" ><div class=\"dash\"><h3><span class=\"headline\">Cum func\u021bioneaz\u0103 PET-RMN?<\/span><\/h3><\/div><\/header><div class=\"btClear btSeparator topExtraSmallSpaced noBorder\" ><hr><\/div><div class=\"btText\" ><\/p>\n<p>PET-RMN este o modalitate de imagistic\u0103 hibrid\u0103 care dob\u00e2nde\u0219te at\u00e2t un RMN, c\u00e2t \u0219i o scanare PET a \u00eentregului corp (cap p\u00e2n\u0103 \u00een picioare), \u00eentregul corp par\u021bial (cap p\u00e2n\u0103 la jum\u0103tatea coapsei) \u0219i\/sau regiuni specifice de interes (ex: piept, abdomen, pelvis) \u00een acela\u0219i timp.<\/p>\n<p>Pentru por\u021biunea PET a studiului, o cantitate mic\u0103 de material radioactiv este injectat\u0103 \u00een organism. Tipul de material radioactiv depinde de organul sau \u021besutul studiat. Dup\u0103 terminarea injec\u0163iei, pacientul va a\u015ftepta aproximativ 60 de minute \u00eentr-o zon\u0103 lini\u015ftit\u0103, cu mi\u015fcare limitat\u0103, pentru a permite organismului s\u0103 absoarb\u0103 radioactivitatea. Mai mult din materialul radiotracer se va acumula \u00een celulele cu activitate chimic\u0103 mai mare, care corespunde \u00een general zonelor bolii.<\/p>\n<p>Pentru por\u021biunea RMN, c\u00e2mpurile magnetice \u0219i exploziile de radiofrecven\u021b\u0103 vor muta moleculele din corpul pacientului din alinierea lor normal\u0103 sau din modelul normal de filare. Pe m\u0103sur\u0103 ce moleculele revin la pozi\u021biile lor naturale, ma\u0219ina \u00eenregistreaz\u0103 acea activitate \u0219i folose\u0219te informa\u021biile pentru a crea imagini detaliate ale organelor, \u021besuturilor \u0219i altor structuri din interiorul corpului.<\/p>\n<p>Imaginile ob\u021binute prin scanarea PET-RMN sunt apoi prelucrate \u0219i examinate de un medic pentru a detecta \u0219i caracteriza boala \u00een cauz\u0103.e<\/p>\n<p>\n<\/div><div class=\"btClear btSeparator topSmallSpaced noBorder\" ><hr><\/div><header class=\"header btClear medium btDash bottomDash  btAccentDash\" ><div class=\"dash\"><h3><span class=\"headline\">Cum s\u0103 te preg\u0103te\u015fti?<\/span><\/h3><\/div><\/header><div class=\"btClear btSeparator topExtraSmallSpaced noBorder\" ><hr><\/div><div class=\"btText\" ><\/p>\n<p>Solicita\u021bi o programare online sau suna\u021bi-ne pentru a v\u0103 rezerva programarea. Odat\u0103 ce rezervarea este rezervat\u0103, formularele dvs. vor fi disponibile pe portalul pacientului.<\/p>\n<p>Anun\u021ba\u021bi personalul nostru dac\u0103 ave\u021bi orice dispozitiv metalic sau medical\/mecanic \u00een corpul dumneavoastr\u0103. Acest examen nu poate fi efectuat dac\u0103 ave\u021bi un stimulator cardiac, defibrilator, cleme de anevrism cerebral sau un implant auditiv metalic. Trebuie s\u0103 elimina\u021bi toate bijuteriile \u0219i orice alte obiecte metalice, cum ar fi aparatele auditive, blugi cu fermoare metalice, piercing-uri corporale \u0219i lucr\u0103ri dentare deta\u0219abile. Purtarea unui costum de trening f\u0103r\u0103 metal v\u0103 poate \u00eempiedica s\u0103 v\u0103 schimba\u021bi \u00eentr-o rochie.<\/p>\n<h4>24 de ore \u00eenainte de scanarea PET-RMN<\/h4>\n<p>Ab\u021bine\u021bi de la orice activitate intens\u0103 \u0219i nu m\u00e2nca\u021bi \u0219i nu be\u021bi produse cofeinizate (cafea, ceai, sifon, ciocolat\u0103 etc.), produse decofeinizate sau suc. Urma\u021bi o diet\u0103 cu con\u021binut sc\u0103zut de carbohidra\u021bi (f\u0103r\u0103 p\u00e2ine, paste f\u0103inoase, cartofi, orez, cereale, fasole sau dulciuri). Pui, pe\u0219te, ou\u0103, carne de vit\u0103, br\u00e2nz\u0103, \u0219unc\u0103 \u0219i legume verzi sunt toate \u00een regul\u0103 s\u0103 m\u0103n\u00e2nce.<\/p>\n<h4>\u00cen ziua scan\u0103rii PET-RMN<\/h4>\n<p>Nu trebuie s\u0103 m\u00e2nca\u0163i, s\u0103 be\u0163i, s\u0103 fuma\u0163i sau s\u0103 mesteca\u0163i timp de 6 ore \u00eenainte de examenul dumneavoastr\u0103. Apa \u015fi medicamentele sunt \u00een regul\u0103. \u00cendep\u0103rta\u021bi toate bijuteriile \u0219i orice alte obiecte metalice, cum ar fi fermoare metalice, piercing-uri corporale \u0219i lucr\u0103ri dentare deta\u0219abile. Purtarea unui costum de trening f\u0103r\u0103 metal v\u0103 poate \u00eempiedica s\u0103 v\u0103 schimba\u021bi \u00eentr-o rochie.<\/p>\n<h4>Preg\u0103tirea suplimentar\u0103pentru PET-RMN cu contrast I.V.<\/h4>\n<p>Dac\u0103 ave\u0163i insuficien\u0163\u0103 renal\u0103, ave\u0163i diabet zaharat sau ave\u0163i 70 de ani sau mai mult, vom efectua un nivel I-stat al creatininei la momentul examenului pentru a evalua func\u0163ia renal\u0103. Este important s\u0103 ne informa\u021bi dac\u0103 lua\u021bi hidroxiureea medicament atunci c\u00e2nd face\u021bi numirea. P\u0103stra\u021bi hidratat \u00eenainte \u0219i dup\u0103 examen.<\/p>\n<p>\n<\/div><div class=\"btClear btSeparator topSmallSpaced noBorder\" ><hr><\/div><header class=\"header btClear medium btDash bottomDash  btAccentDash\" ><div class=\"dash\"><h3><span class=\"headline\">Ce se \u00eent\u00e2mpl\u0103 \u00een timpul testului?<\/span><\/h3><\/div><\/header><div class=\"btClear btSeparator topExtraSmallSpaced noBorder\" ><hr><\/div><div class=\"btText\" ><\/p>\n<p>Tehnologianul PET \u2014 RMN va confirma c\u0103 nu ave\u021bi toate metalele at\u00e2t \u00een interiorul c\u00e2t \u0219i \u00een exteriorul corpului \u0219i v\u0103 va revizui istoricul medical.<br \/>\nAsistenta medical\u0103 sau tehnolog va plasa apoi un ac\/cateter intravenos \u00eentr-o ven\u0103 \u00een bra\u0163 sau \u00een m\u00e2n\u0103. Nivelul zah\u0103rului din s\u00e2nge va fi apoi verificat \u015fi trasorul radioactiv va fi administrat prin perfuzie.<br \/>\nVe\u021bi fi apoi adus \u00eentr-o camer\u0103 foarte lini\u0219tit\u0103 pentru a v\u0103 odihni timp de aproximativ o or\u0103 pentru a permite radiotracerului s\u0103 circule prin corpul dumneavoastr\u0103 \u0219i s\u0103 fie absorbit de celule. Radiotrasorul este preluat at\u00e2t de \u0163esut normal, c\u00e2t \u015fi de \u0163esut anormal, \u00een func\u0163ie de rata metabolic\u0103 a acestora.<br \/>\nDup\u0103 o or\u0103 vi se va cere s\u0103 v\u0103 goli\u021bi vezica urinar\u0103 \u0219i apoi lua\u021bi \u00een camera PET-RMN \u0219i ruga\u021bi s\u0103 v\u0103 a\u0219eza\u021bi pe masa de scanare. Zona corpului care este scanat\u0103, fie c\u0103 este vorba de \u00eentregul corp (de la cap la jum\u0103tatea coapsei) \u0219i\/sau de regiuni specifice de interes (ex: piept, abdomen, pelvis) va fi pozi\u021bionat\u0103 confortabil \u00een bobine de suprafa\u021b\u0103. Bobina maximizeaz\u0103 administrarea \u0219i \u00eenregistrarea exploziile de frecven\u021b\u0103 radio \u0219i a c\u00e2mpurilor magnetice pentru a asigura cele mai clare imagini posibile.<br \/>\nMasa de scanare pe care v\u0103 afla\u021bi va fi mutat\u0103 \u00een ma\u0219in\u0103 \u0219i testul va \u00eencepe. Ma\u015fin\u0103ria nu te atinge niciodat\u0103. Asigura\u021bi-v\u0103 c\u0103 r\u0103m\u00e2ne\u021bi c\u00e2t mai nemi\u0219cat posibil pentru a asigura cele mai bune imagini posibile. De\u0219i tehnolog PET-RMN nu poate sta \u00een camer\u0103 cu tine \u00een timpul scan\u0103rii, el sau ea va putea s\u0103 vorbeasc\u0103 cu tine din afara camerei printr-un interfon.<br \/>\nOdat\u0103 ce toate imaginile au fost \u00eenregistrate, tabelul de scanare se va deplasa din aparatul PET &#8211; RMN, iar tehnologul se va \u00eentoarce pentru a v\u0103 ajuta s\u0103 ie\u0219i\u021bi de pe mas\u0103.<br \/>\nScanarea PET \u2014 RMN poate dura \u00eentre 45-50 de minute, \u00een func\u021bie de zona corpului scanat.<\/p>\n<p>\n<\/div><div class=\"btClear btSeparator topSmallSpaced noBorder\" ><hr><\/div><header class=\"header btClear medium btDash bottomDash  btAccentDash\" ><div class=\"dash\"><h3><span class=\"headline\">Ce se \u00eent\u00e2mpl\u0103 dup\u0103 test?<\/span><\/h3><\/div><\/header><div class=\"btClear btSeparator topExtraSmallSpaced noBorder\" ><hr><\/div><div class=\"btText\" ><\/p>\n<p>Unul dintre medicii no\u0219tri de medicin\u0103 nuclear\u0103 certifica\u021bi de bord \u0219i\/sau radiologi v\u0103 interpreteaz\u0103 imaginile, le compar\u0103 cu orice studii anterioare \u0219i dicteaz\u0103 un raport care este transcris, corectat \u0219i semnat. Raportul este apoi trimis prin fax \u015fi trimis prin po\u015ft\u0103 medicului dumneavoastr\u0103 \u00een termen de una sau dou\u0103 zile. Medicul dumneavoastr\u0103 va citi raportul \u015fi va revizui rezultatele \u00eempreun\u0103 cu dumneavoastr\u0103.<\/p>\n<p>\n<\/div><div class=\"btClear btSeparator topSemiSpaced noBorder\" ><hr><\/div><header class=\"header btClear medium btDash bottomDash  btAccentDash\" ><div class=\"dash\"><h3><span class=\"headline\"><em>Contact Us Now<\/em><\/span><\/h3><\/div><\/header><div class=\"btClear btSeparator bottomSmallSpaced noBorder\" ><hr><\/div><div class=\"btText\" >\n<div class=\"wpcf7 no-js\" id=\"wpcf7-f2891-o1\" lang=\"tr-TR\" dir=\"ltr\" data-wpcf7-id=\"2891\">\n<div class=\"screen-reader-response\"><p role=\"status\" aria-live=\"polite\" aria-atomic=\"true\"><\/p> <ul><\/ul><\/div>\n<form action=\"\/ro\/wp-json\/wp\/v2\/pages\/2454#wpcf7-f2891-o1\" method=\"post\" class=\"wpcf7-form init wpcf7-acceptance-as-validation\" aria-label=\"\u0130leti\u015fim Formu\" novalidate=\"novalidate\" data-status=\"init\">\n<fieldset class=\"hidden-fields-container\"><input type=\"hidden\" name=\"_wpcf7\" value=\"2891\" \/><input type=\"hidden\" name=\"_wpcf7_version\" value=\"6.1.5\" \/><input type=\"hidden\" name=\"_wpcf7_locale\" value=\"tr_TR\" \/><input type=\"hidden\" name=\"_wpcf7_unit_tag\" value=\"wpcf7-f2891-o1\" \/><input type=\"hidden\" name=\"_wpcf7_container_post\" value=\"0\" \/><input type=\"hidden\" name=\"_wpcf7_posted_data_hash\" value=\"\" \/>\n<\/fieldset>\n<p style=\"margin-bottom:30px !important;\">\u00cen timp ce completa\u021bi formularul de contact de mai jos, pute\u021bi, de asemenea, s\u0103 ne trimite\u021bi fi\u0219ierele medicale ale pacientului\/dumneavoastr\u0103 prin <strong>transfer<\/strong>. A doua opinie medical\u0103 v\u0103 va fi prezentat\u0103 \u00een termen de 48 de ore.\n<\/p>\n<div class=\"boldRow boldInnerRow  \">\n\t<div class=\"rowItem rowInnerItem col-md-6  btTextLeft\">\n\t\t<div class=\"rowItemContent\">\n\t\t\t<p><label><span class=\"bt_bb_required\">Numele t\u0103u<\/span><br \/>\n<span class=\"wpcf7-form-control-wrap\" data-name=\"your-name\"><input size=\"40\" maxlength=\"400\" class=\"wpcf7-form-control wpcf7-text wpcf7-validates-as-required\" aria-required=\"true\" aria-invalid=\"false\" value=\"\" type=\"text\" name=\"your-name\" \/><\/span> <\/label>\n\t\t\t<\/p>\n\t\t\t<p><label><span class=\"bt_bb_required\">E-mailul dvs.<\/span><br \/>\n<span class=\"wpcf7-form-control-wrap\" data-name=\"your-email\"><input size=\"40\" maxlength=\"400\" class=\"wpcf7-form-control wpcf7-email wpcf7-validates-as-required wpcf7-text wpcf7-validates-as-email\" aria-required=\"true\" aria-invalid=\"false\" value=\"\" type=\"email\" name=\"your-email\" \/><\/span> <\/label>\n\t\t\t<\/p>\n\t\t\t<p><label><span class=\"bt_bb_required\">Telefonul dvs.<\/span><br \/>\n<span class=\"wpcf7-form-control-wrap\" data-name=\"your-phone\"><input size=\"40\" class=\"wpcf7-form-control wpcf7-phonetext wpcf7-text wpcf7-validates-as-phonetext\" id=\"int_phone\" aria-invalid=\"false\" value=\"\" type=\"text\" name=\"your-phone\" \/><input type=\"hidden\" name=\"your-phone-country-code\" class=\"wpcf7-phonetext-country-code\" \/><\/span> <\/label>\n\t\t\t<\/p>\n\t\t\t<p><label><span class=\"bt_bb_required\">Mesajul dvs.<\/span><br \/>\n<span class=\"wpcf7-form-control-wrap\" data-name=\"your-message\"><textarea cols=\"40\" rows=\"10\" maxlength=\"2000\" class=\"wpcf7-form-control wpcf7-textarea wpcf7-validates-as-required\" aria-required=\"true\" aria-invalid=\"false\" name=\"your-message\"><\/textarea><\/span> <\/label>\n\t\t\t<\/p>\n\t\t\t<p><label><span class=\"bt_bb_required\" style=\"margin-top:25px !important;\"><span class=\"wpcf7-form-control-wrap\" data-name=\"accept-this-1\"><span class=\"wpcf7-form-control wpcf7-acceptance\"><span class=\"wpcf7-list-item\"><label><input type=\"checkbox\" name=\"accept-this-1\" value=\"1\" aria-invalid=\"false\" \/><span class=\"wpcf7-list-item-label\">Sunt de acord cu <a target=\"_blank\" href=\"https:\/\/groupflorence.com\/ro\/terms-of-use\/\">Termenii \u0219i Serviciile<\/a>.<\/span><\/label><\/span><\/span><\/span><\/span><\/label>\n\t\t\t<\/p>\n\t\t\t<p><input class=\"wpcf7-form-control wpcf7-submit has-spinner contact_button_int\" type=\"submit\" value=\"TRIMITE MESAJ\" \/>\n\t\t\t<\/p>\n\t\t<\/div>\n\t<\/div>\n\t<div class=\"rowItem rowInnerItem col-md-6  btTextLeft\">\n\t\t<div class=\"rowItemContent\">\n\t\t\t<p align=\"center\" style=\"margin-top:30px;\"><br \/>\n<a href=\"http:\/\/florencenightingale.wetransfer.com\/\" target=\"_blank\" title=\"Click Here To Transfer Your Documents via WeTransfer\"><img decoding=\"async\"  align=\"center\" style=\"max-width:250px !important;\" class=\"lazy loaded\" src=\"https:\/\/groupflorence.com\/ro\/wp-content\/uploads\/2020\/08\/89130-wetransfer-default-logo-rgb-original-1365619064-e1599162229581.png\" data-src=\"https:\/\/groupflorence.com\/ro\/wp-content\/uploads\/2020\/08\/89130-wetransfer-default-logo-rgb-original-1365619064-e1599162229581.png\" alt=\"Click Here To Transfer Your Documents via WeTransfer\" title=\"Click Here To Transfer Your Documents via WeTransfer\" data-was-processed=\"true\" \/><\/a>\n\t\t\t<\/p>\n\t\t\t<h3 align=\"center\"><a href=\"http:\/\/florencenightingale.wetransfer.com\/\" target=\"_blank\" title=\"Click Here To Transfer Your Documents via WeTransfer\">Trimite prin WeTransfer<\/a>\n\t\t\t<\/h3>\n\t\t\t<p align=\"center\">Pute\u021bi trimite documentele dvs. medicale supradimensionate (\u00eenregistr\u0103ri RMN, rezultate de laborator, imagini etc.) folosind contul nostru WeTransfer. Este u\u0219or, rapid \u0219i sigur.\n\t\t\t<\/p>\n\t\t<\/div>\n\t\t<center>\n\t\t\t<p><a href=\"http:\/\/florencenightingale.wetransfer.com\/\" class=\"btBtn btBtn btnFilledStyle btnAccentColor btnSmall btnNormalWidth btnRightPosition btnNoIcon\" target=\"_blank\"><span class=\"btnInnerText\">Trimite acum<\/span><\/a>\n\t\t\t<\/p>\n\t\t<\/center>\n\t<\/div>\n<\/div><div class=\"wpcf7-response-output\" aria-hidden=\"true\"><\/div>\n<\/form>\n<\/div>\n<\/div><div class=\"btClear btSeparator topSpaced noBorder\" ><hr><\/div><\/div><\/div><\/div><\/div><\/div><\/div><\/div><\/section>\n","protected":false},"excerpt":{"rendered":"","protected":false},"author":1,"featured_media":0,"parent":2306,"menu_order":220,"comment_status":"closed","ping_status":"closed","template":"","meta":{"footnotes":""},"class_list":["post-2454","page","type-page","status-publish","hentry"],"_links":{"self":[{"href":"https:\/\/groupflorence.com\/ro\/wp-json\/wp\/v2\/pages\/2454","targetHints":{"allow":["GET"]}}],"collection":[{"href":"https:\/\/groupflorence.com\/ro\/wp-json\/wp\/v2\/pages"}],"about":[{"href":"https:\/\/groupflorence.com\/ro\/wp-json\/wp\/v2\/types\/page"}],"author":[{"embeddable":true,"href":"https:\/\/groupflorence.com\/ro\/wp-json\/wp\/v2\/users\/1"}],"replies":[{"embeddable":true,"href":"https:\/\/groupflorence.com\/ro\/wp-json\/wp\/v2\/comments?post=2454"}],"version-history":[{"count":2,"href":"https:\/\/groupflorence.com\/ro\/wp-json\/wp\/v2\/pages\/2454\/revisions"}],"predecessor-version":[{"id":6074,"href":"https:\/\/groupflorence.com\/ro\/wp-json\/wp\/v2\/pages\/2454\/revisions\/6074"}],"up":[{"embeddable":true,"href":"https:\/\/groupflorence.com\/ro\/wp-json\/wp\/v2\/pages\/2306"}],"wp:attachment":[{"href":"https:\/\/groupflorence.com\/ro\/wp-json\/wp\/v2\/media?parent=2454"}],"curies":[{"name":"wp","href":"https:\/\/api.w.org\/{rel}","templated":true}]}}