{"id":2448,"date":"2020-08-18T15:26:14","date_gmt":"2020-08-18T12:26:14","guid":{"rendered":"https:\/\/groupflorence.com\/ro\/?page_id=2448"},"modified":"2020-12-16T14:13:20","modified_gmt":"2020-12-16T11:13:20","slug":"pediatric-heart-diseases","status":"publish","type":"page","link":"https:\/\/groupflorence.com\/ro\/centers-treatments\/heart-center\/pediatric-heart-diseases\/","title":{"rendered":"Boli Cardiace Pediatrice"},"content":{"rendered":"<p><section id=\"bt_section69eba6b4d599c\"  class=\"boldSection gutter\" ><div class=\"port\"><div class=\"boldCell\"><div class=\"boldCellInner\"><\/div><\/div><\/div><\/section><section id=\"bt_section69eba6b4d5a0d\"  class=\"boldSection gutter\" ><div class=\"port\"><div class=\"boldCell\"><div class=\"boldCellInner\"><div class=\"boldRow  \" ><div class=\"boldRowInner\"><div class=\"rowItem col-md-4 col-ms-12 btTextLeft\"  ><div class=\"rowItemContent\" ><div class=\"btClear btSeparator topSpaced noBorder\" ><hr><\/div><div class=\"btCustomMenu treatment-sidebar\" ><div class=\"menu-heart-center-container\"><ul id=\"menu-heart-center\" class=\"menu\"><li id=\"menu-item-4478\" class=\"menu-item menu-item-type-post_type menu-item-object-page menu-item-has-children menu-item-4478\"><a href=\"https:\/\/groupflorence.com\/ro\/centers-treatments\/\">Centre &#038; Departamente<\/a><ul class=\"sub-menu\"><li id=\"menu-item-4475\" class=\"menu-item menu-item-type-post_type menu-item-object-page menu-item-has-children menu-item-4475\"><a href=\"https:\/\/groupflorence.com\/ro\/centers-treatments\/heart-center\/\">Centrul de Inima<\/a><ul class=\"sub-menu\"><li id=\"menu-item-4613\" class=\"menu-item menu-item-type-post_type menu-item-object-page menu-item-4613\"><a href=\"https:\/\/groupflorence.com\/ro\/centers-treatments\/heart-center\/cardiology\/\">Cardiologie<\/a><\/li><li id=\"menu-item-4607\" class=\"menu-item menu-item-type-post_type menu-item-object-page menu-item-4607\"><a href=\"https:\/\/groupflorence.com\/ro\/centers-treatments\/heart-center\/pediatric-heart-diseases\/\">Boli Cardiace Pediatrice<\/a><\/li><li id=\"menu-item-4477\" class=\"menu-item menu-item-type-post_type menu-item-object-page menu-item-4477\"><a href=\"https:\/\/groupflorence.com\/ro\/centers-treatments\/heart-center\/congenital-heart-diseases\/\">Boli Cardiace Congenitale<\/a><\/li><li id=\"menu-item-4483\" class=\"menu-item menu-item-type-post_type menu-item-object-page menu-item-4483\"><a href=\"https:\/\/groupflorence.com\/ro\/centers-treatments\/heart-center\/arrhythmia\/\">Aritmii<\/a><\/li><li id=\"menu-item-4495\" class=\"menu-item menu-item-type-post_type menu-item-object-page menu-item-4495\"><a href=\"https:\/\/groupflorence.com\/ro\/centers-treatments\/heart-center\/interventional-cardiology\/\">Cardiologie Interventionala<\/a><\/li><li id=\"menu-item-4629\" class=\"menu-item menu-item-type-post_type menu-item-object-page menu-item-4629\"><a href=\"https:\/\/groupflorence.com\/ro\/centers-treatments\/heart-center\/cardiac-catheterization-and-angiography\/\">Cateterizarea Cardiac\u0103 \u0219i Angiografia<\/a><\/li><li id=\"menu-item-4633\" class=\"menu-item menu-item-type-post_type menu-item-object-page menu-item-4633\"><a href=\"https:\/\/groupflorence.com\/ro\/centers-treatments\/heart-center\/percutaneous-mitral-balloon-valvuloplasty\/\">Valvuloplastie cu Balon Mitral Percutanat<\/a><\/li><li id=\"menu-item-4615\" class=\"menu-item menu-item-type-post_type menu-item-object-page menu-item-4615\"><a href=\"https:\/\/groupflorence.com\/ro\/centers-treatments\/heart-center\/cardiovascular-surgery\/\">Chirurgie Cardiovascular\u0103<\/a><\/li><li id=\"menu-item-4601\" class=\"menu-item menu-item-type-post_type menu-item-object-page menu-item-4601\"><a href=\"https:\/\/groupflorence.com\/ro\/centers-treatments\/heart-center\/processes-of-a-heart-surgery\/\">Procesele unei Chirurgicale Cardiace<\/a><\/li><li id=\"menu-item-4493\" class=\"menu-item menu-item-type-post_type menu-item-object-page menu-item-4493\"><a href=\"https:\/\/groupflorence.com\/ro\/centers-treatments\/heart-center\/coronary-artery-bypass-graft\/\">Bypass Coronarian Greft<\/a><\/li><li id=\"menu-item-4604\" class=\"menu-item menu-item-type-post_type menu-item-object-page menu-item-4604\"><a href=\"https:\/\/groupflorence.com\/ro\/centers-treatments\/heart-center\/vascular-surgery\/\">Chirurgie Vascular<\/a><\/li><\/ul><\/li><\/ul><\/li>\n<\/ul><\/div><\/div><div class=\"btClear btSeparator topSemiSpaced noBorder\" ><hr><\/div><div class=\"boldRow boldInnerRow  bt_bb_hidden_xs bt_bb_hidden_ms bt_bb_hidden_sm\" ><div class=\"rowItem rowInnerItem col-md-12  btTextCenter btMiddleVertical\"  ><div class=\"rowItemContent\"><div class=\"bpgPhoto btTextCenter\" > \r\n\t\t\t\t\t<a href=\"https:\/\/groupflorence.com\/ro\/patient-guide\/covid-19-precautions\/\" target=\"_blank\" title=\"\"><\/a>\r\n\t\t\t\t\t<div class=\"boldPhotoBox\"><div class=\"bpbItem\"><div class = \"btImage\"><img decoding=\"async\" src=\"https:\/\/groupflorence.com\/ro\/wp-content\/uploads\/2020\/12\/covid-safe-sidebar-320x186.jpg\" alt=\"\" title=\"\" ><\/div><\/div><\/div>\r\n\t\t\t\t\t<div class=\"captionPane\">\r\n\t\t\t\t\t\t<div class=\"captionTable\">\r\n\t\t\t\t\t\t\t<div class=\"captionCell\">\r\n\t\t\t\t\t\t\t\t<div class=\"captionTxt\"><\/div>\r\n\t\t\t\t\t\t\t<\/div>\r\n\t\t\t\t\t\t<\/div>\r\n\t\t\t\t\t<\/div><\/div><div class=\"btClear btSeparator topSmallSpaced bottomSmallSpaced border\" ><hr><\/div><a href=\"https:\/\/groupflorence.com\/ro\/contact-us\/\" class=\"btBtn btBtn btnFilledStyle btnAccentColor btnBig btnNormalWidth btnLeftPosition btnNoIcon\" ><span class=\"btnInnerText\">Ask A Question<\/span><\/a><\/div><\/div><\/div><\/div><\/div><div class=\"rowItem col-md-8 col-ms-12 btTextLeft\"  ><div class=\"rowItemContent\" ><div class=\"btClear btSeparator topSemiSpaced noBorder\" ><hr><\/div><header class=\"header btClear medium btDash bottomDash  btNormalDash\" ><div class=\"dash\"><h3><span class=\"headline\"><b class=\"animate\">Boli Cardiace Pediatrice<\/b><\/span><\/h3><\/div><\/header><div class=\"btClear btSeparator topSemiSpaced noBorder\" ><hr><\/div><header class=\"header btClear medium btDash bottomDash  btAccentDash\" ><div class=\"dash\"><h3><span class=\"headline\">Informa\u0163ii generale<\/span><\/h3><\/div><\/header><div class=\"btClear btSeparator topExtraSmallSpaced noBorder\" ><hr><\/div><div class=\"btText\" ><\/p>\n<p>Inima este un organ care pompeaz\u0103 s\u00e2ngele necesar \u00eentregului corp. Ea devine func\u021bional\u0103 \u00een a 20-a zi a f\u0103tului \u0219i contracteaz\u0103 \u00een medie 100.000 de ori pe zi pentru a pompa 7.000-8.000 litri de s\u00e2nge \u00een fiecare zi.<\/p>\n<p>\n<\/div><div class=\"btClear btSeparator topSmallSpaced noBorder\" ><hr><\/div><header class=\"header btClear medium btDash bottomDash  btAccentDash\" ><div class=\"dash\"><h3><span class=\"headline\">Structura inimii<\/span><\/h3><\/div><\/header><div class=\"btClear btSeparator topExtraSmallSpaced noBorder\" ><hr><\/div><div class=\"btText\" ><\/p>\n<p>Inima este compus\u0103 din patru camere. Partea dreapt\u0103 a inimii are o auricul\u0103 \u0219i un ventricul, iar partea st\u00e2ng\u0103 a inimii are identic o auricul\u0103 \u0219i un ventricul (Figura 1). Partea dreapt\u0103 a inimii colecteaz\u0103 s\u00e2ngele venos \u0219i pompeaz\u0103 pl\u0103m\u00e2nii pentru oxigenare, \u00een timp ce solul din partea st\u00e2ng\u0103 pompeaz\u0103 s\u00e2ngele arterial oxigenat \u00een organism. Exist\u0103 pere\u021bi \u00eentre inima dreapt\u0103 \u0219i inima st\u00e2ng\u0103 pentru a preveni amestecarea s\u00e2ngelui venos \u0219i a s\u00e2ngelui arterial. \u00cen plus, exist\u0103 4 supape, c\u00e2te una \u00eentre auricul\u0103 \u0219i ventricul \u0219i c\u00e2te una la cap\u0103tul venelor. Func\u021bia acestor supape este de a permite curgerea u\u0219oar\u0103 a s\u00e2ngelui atunci c\u00e2nd inima se contract\u0103 \u0219i de a preveni revenirea s\u00e2ngelui venos la inim\u0103 atunci c\u00e2nd inima se relaxeaz\u0103.<\/p>\n<p>\n<\/div><div class=\"btClear btSeparator topSmallSpaced noBorder\" ><hr><\/div><header class=\"header btClear medium btDash bottomDash  btAccentDash\" ><div class=\"dash\"><h3><span class=\"headline\">Boli de inima in copilarie<\/span><\/h3><\/div><\/header><div class=\"btClear btSeparator topExtraSmallSpaced noBorder\" ><hr><\/div><div class=\"btText\" ><\/p>\n<p>Bolile de inim\u0103 care apar \u00een copil\u0103rie sunt clasificate \u00een dou\u0103 grupe de baz\u0103, congenitale \u0219i dob\u00e2ndite. Spre deosebire de adul\u021bi, un num\u0103r mare de boli de inim\u0103 \u00een copil\u0103rie sunt \u00een mare parte boli cardiace congenitale. Ace\u015fti copii se nasc cu un fel de defecte structurale. Defectele structurale sunt cauzate de dezvoltarea normal\u0103 afectat\u0103 a inimii \u00een timpul perioadei foarte timpurii a sarcinii (dezvoltarea inimii este finalizat\u0103 la a 7-a s\u0103pt\u0103m\u00e2n\u0103 de sarcin\u0103) \u0219i chiar \u0219i \u00een perioada \u00een care mama nu este con\u0219tient de sarcina ei. \u00cen cea mai mare parte, factorul care afecteaz\u0103 dezvoltarea normal\u0103 a inimii r\u0103m\u00e2ne necunoscut, \u00eens\u0103 unele boli virale (de exemplu rujeola, rujeola german\u0103, oreionul, catarrh \u0219i unii microbi etc.) au demonstrat c\u0103 joac\u0103 un rol \u00een acest sens. \u00cen plus, printre factorii care cresc riscul apari\u021biei unei boli cardiace congenitale se indic\u0103 patrimoniul (dup\u0103 gene) \u0219i anomaliile cromozomiale (riscul unei boli cardiace este de 50% la copiii cu sindrom Down). De asemenea, anumite medicamente (medicamente specifice utilizate pentru tratamentul epilepsiei \u015fi neuropatiei) administrate \u00een timpul sarcinii, \u00een special \u00een primele trei luni, precum \u015fi alcoolul etilic, au fost raportate c\u0103 cauzeaz\u0103 defecte ale dezvolt\u0103rii cardiace. Cu toate acestea, adesea nu este posibil s\u0103 se \u0219tie dac\u0103 boala este asociat\u0103 cu astfel de cauze. Din acest motiv, dac\u0103 nu exist\u0103 o constatare dovedit\u0103 definitiv, p\u0103rin\u021bii nu trebuie s\u0103 se simt\u0103 vinova\u021bi.<\/p>\n<p>Nivelul de semnifica\u021bie al acestor defecte structurale \u00een inim\u0103 poate varia \u00eentre o problem\u0103 simpl\u0103, cum ar fi o mic\u0103 \u201egaur\u0103\u201d \u00eentre camere, \u0219i boli mai complexe \u0219i severe, cum ar fi e\u0219ecul de dezvoltare a inimii sau unele dintre ventricule sau supape sale.<\/p>\n<p><img decoding=\"async\" src=\"https:\/\/groupflorence.com\/backup\/xen\/Images\/UploadImages\/cocuk-kardiyolojisi0001.jpg\" alt=\"\" align=\"left\" \/>Posibilitatea de a da na\u0219tere unui copil cu boal\u0103 cardiac\u0103 congenital\u0103 este de 8 din 1000 pentru fiecare mam\u0103 \u00eens\u0103rcinat\u0103. Deci, aproximativ 10.000 p\u00e2n\u0103 la 15.000 de copii se nasc cu boli cardiace congenitale \u00een \u021bar\u0103. Aproximativ jum\u0103tate din acest num\u0103r implic\u0103 boli grave care necesit\u0103 o opera\u021bie chirurgical\u0103 \u00eenainte ca pacientul s\u0103 se transforme \u00een v\u00e2rst\u0103 de un an. \u00cen cazul \u00een care p\u0103rin\u021bii au deja un copil cu boli cardiace congenitale, riscul cre\u0219te aproximativ de dou\u0103 ori dec\u00e2t \u00een mod normal pentru copiii viitori (16\/1000). \u00cen cazul \u00een care mama sau tat\u0103l prezint\u0103 boli cardiace congenitale, riscul variaz\u0103 \u00eentre 2% \u0219i 16% pentru copil \u00een func\u021bie de boal\u0103 \u0219i care sufer\u0103 de boal\u0103, mam\u0103 sau tat\u0103. Ast\u0103zi, speciali\u0219tii instrui\u021bi \u00een acest domeniu efectueaz\u0103 \u201eEcocardiografia fetal\u0103\u201d pentru a examina inima f\u0103tului \u00eentre s\u0103pt\u0103m\u00e2nile 16 \u0219i 20 de sarcin\u0103 cu risc ridicat \u0219i pentru a detecta anomalii cardiace majore. Cu toate acestea, nici un tratament nu este posibil atunci c\u00e2nd copilul este \u00eenc\u0103 \u00een p\u00e2ntecele mamei.<\/p>\n<p>\n<\/div><div class=\"btClear btSeparator topSmallSpaced noBorder\" ><hr><\/div><header class=\"header btClear medium btDash bottomDash  btAccentDash\" ><div class=\"dash\"><h3><span class=\"headline\">Baloon Angioplastie-stent<\/span><\/h3><\/div><\/header><div class=\"btClear btSeparator topExtraSmallSpaced noBorder\" ><hr><\/div><div class=\"btText\" ><\/p>\n<p>Extinderea arterelor coronare \u00eengustate prin cateter cu balon \u0219i stent<\/p>\n<p>Este o procedur\u0103 de m\u0103rire a arterelor coronare \u00eengustate la un laborator de cateter folosind un balon \u0219i\/sau stent plasat \u00een vas sau rareori prin alte metode invazive.<\/p>\n<p>\n<\/div><div class=\"btClear btSeparator topSmallSpaced noBorder\" ><hr><\/div><header class=\"header btClear medium btDash bottomDash  btAccentDash\" ><div class=\"dash\"><h3><span class=\"headline\">Cum \u0219i c\u00e2nd apar bolile de inim\u0103 la copii?<\/span><\/h3><\/div><\/header><div class=\"btClear btSeparator topExtraSmallSpaced noBorder\" ><hr><\/div><div class=\"btText\" ><\/p>\n<p>Simptomele bolilor de inim\u0103 la copii pot diferi \u00een mare m\u0103sur\u0103 de tipul bolii. Chiar \u0219i aceea\u0219i boal\u0103 ar putea s\u0103 nu prezinte simptome similare la fiecare copil. De exemplu, copiii cu boli cardiace congenitale grave prezint\u0103 adesea simptomele \u00een primele c\u00e2teva luni dup\u0103 na\u0219tere. Rar, ar putea ap\u0103rea ca o situa\u021bie de urgen\u021b\u0103, cum ar fi tensiunea arterial\u0103 sc\u0103zut\u0103 grav\u0103 \u0219i afectarea circula\u021biei sanguine la sugari scurt timp dup\u0103 na\u0219tere. Cianoza (a buzelor, limbii \u0219i sf\u00e2r\u0219itul unghiilor) este simptomul precoce la unii sugari. Pentru un alt grup de boli de inima, respiratia excesiva, dificultati de respiratie, alimentatie saraca, lipsa de crestere in greutate sau pierderea in greutate si transpiratie excesiva ar putea fi primele simptome.<\/p>\n<p>\u00cen unele dintre bolile cardiace mai pu\u021bin grave, copilul nu are \u00een mare parte pl\u00e2ngeri. Astfel de boli apar pe testele efectuate ca urmare a auzului \u201emurmurului\u201d inimii \u00een timpul examin\u0103rilor de rutin\u0103.<\/p>\n<p>\u201eMurmur\u201d \u00eenseamn\u0103 un sunet suplimentar auzit \u00eentre b\u0103t\u0103ile inimii. Examin\u0103rile \u0219i testele efectuate de un cardiolog vor demonstra dac\u0103 acest murmur este un precursor orice boal\u0103. Mai mult de jum\u0103tate din \u201emurmur\u201d auscultat la copii sunt numite \u201enormal\u201d sau \u201emurmur nevinovat\u201d, adic\u0103 inima este pe deplin normal\u0103 \u0219i acest murmur nu cre\u0219te riscul ca copilul s\u0103 aib\u0103 boli de inim\u0103 \u00een viitor. Cu toate acestea, unele dintre ele ar putea fi un precursor al unei boli cardiace insidioase care nu prezint\u0103 simptome. Un cardiolog pediatru cu experien\u021b\u0103 este foarte probabil s\u0103 descrie acest murmur este inclus \u00een ce categorie dup\u0103 o examinare complet\u0103; cu toate acestea, un studiu ecocardiografic este recomandat pentru copiii \u00een special care sunt mai mici de doi ani, \u00een scopul de a stabili un diagnostic final.<\/p>\n<p>\n<\/div><div class=\"btClear btSeparator topSemiSpaced noBorder\" ><hr><\/div><div class=\"boldRow boldInnerRow  \" ><div class=\"rowItem rowInnerItem col-md-4  btTextCenter inherit btNoPadding\" style=\"border: 1px solid #999;background-color: rgba(241, 241, 241, 1);\" ><div class=\"rowItemContent\"><div class=\"bpgPhoto btTextCenter\" ><div class=\"btImage\"><img decoding=\"async\" src=\"https:\/\/groupflorence.com\/ro\/wp-content\/uploads\/2020\/10\/Bu_lent-Polat.jpg\" alt=\"\" title=\"\"><\/div><\/div><div class=\"btIconImageRow btIconsHalfHoverPosition\" ><\/div><div class=\"btClear btSeparator topSmallSpaced noBorder\" ><hr><\/div><div class=\"btText\" ><\/p>\n<h4><a href=\"https:\/\/groupflorence.com\/ro\/doctors\/bulent-polat\/\">B\u00fclent Polat, MD<\/a><\/h4>\n<p>\n<\/div><div class=\"btClear btSeparator bottomExtraSmallSpaced noBorder\" ><hr><\/div><a href=\"https:\/\/groupflorence.com\/ro\/doctors\/bulent-polat\/\" class=\"btBtn btBtn btnFilledStyle btnLightColor btnSmall btnNormalWidth btnRightPosition btnNoIcon\"  target=\"_blank\"><span class=\"btnInnerText\">VIEW CV<\/span><\/a><div class=\"btClear btSeparator topExtraSmallSpaced bottomSmallSpaced noBorder\" ><hr><\/div><\/div><\/div><div class=\"rowItem rowInnerItem col-md-4  btTextCenter inherit btNoPadding\" style=\"border: 1px solid #999;background-color: rgba(241, 241, 241, 1);\" ><div class=\"rowItemContent\"><div class=\"bpgPhoto btTextCenter\" ><div class=\"btImage\"><img decoding=\"async\" src=\"https:\/\/groupflorence.com\/ro\/wp-content\/uploads\/2020\/10\/Yal_m-Yalc__n.jpg\" alt=\"\" title=\"\"><\/div><\/div><div class=\"btIconImageRow btIconsHalfHoverPosition\" ><\/div><div class=\"btClear btSeparator topSmallSpaced noBorder\" ><hr><\/div><div class=\"btText\" ><\/p>\n<h4><a href=\"https:\/\/groupflorence.com\/ro\/doctors\/yalim-yalcin\/\">Prof. Yal\u0131m Yal\u00e7\u0131n, MD<\/a><\/h4>\n<p>\n<\/div><div class=\"btClear btSeparator bottomExtraSmallSpaced noBorder\" ><hr><\/div><a href=\"https:\/\/groupflorence.com\/ro\/doctors\/yalim-yalcin\/\" class=\"btBtn btBtn btnFilledStyle btnLightColor btnSmall btnNormalWidth btnRightPosition btnNoIcon\"  target=\"_blank\"><span class=\"btnInnerText\">VIEW CV<\/span><\/a><div class=\"btClear btSeparator topExtraSmallSpaced bottomSmallSpaced noBorder\" ><hr><\/div><\/div><\/div><div class=\"rowItem rowInnerItem col-md-4  btTextCenter inherit btNoPadding\" style=\"background-color: rgba(241, 241, 241, 1);\" ><div class=\"rowItemContent\"><\/div><\/div><\/div><div class=\"btClear btSeparator topSemiSpaced noBorder\" ><hr><\/div><header class=\"header btClear medium btDash bottomDash  btAccentDash\" ><div class=\"dash\"><h3><span class=\"headline\"><em>Contact Us Now<\/em><\/span><\/h3><\/div><\/header><div class=\"btClear btSeparator bottomSmallSpaced noBorder\" ><hr><\/div><div class=\"btText\" >\n<div class=\"wpcf7 no-js\" id=\"wpcf7-f2891-o1\" lang=\"tr-TR\" dir=\"ltr\" data-wpcf7-id=\"2891\">\n<div class=\"screen-reader-response\"><p role=\"status\" aria-live=\"polite\" aria-atomic=\"true\"><\/p> <ul><\/ul><\/div>\n<form action=\"\/ro\/wp-json\/wp\/v2\/pages\/2448#wpcf7-f2891-o1\" method=\"post\" class=\"wpcf7-form init wpcf7-acceptance-as-validation\" aria-label=\"\u0130leti\u015fim Formu\" novalidate=\"novalidate\" data-status=\"init\">\n<fieldset class=\"hidden-fields-container\"><input type=\"hidden\" name=\"_wpcf7\" value=\"2891\" \/><input type=\"hidden\" name=\"_wpcf7_version\" value=\"6.1.5\" \/><input type=\"hidden\" name=\"_wpcf7_locale\" value=\"tr_TR\" \/><input type=\"hidden\" name=\"_wpcf7_unit_tag\" value=\"wpcf7-f2891-o1\" \/><input type=\"hidden\" name=\"_wpcf7_container_post\" value=\"0\" \/><input type=\"hidden\" name=\"_wpcf7_posted_data_hash\" value=\"\" \/>\n<\/fieldset>\n<p style=\"margin-bottom:30px !important;\">\u00cen timp ce completa\u021bi formularul de contact de mai jos, pute\u021bi, de asemenea, s\u0103 ne trimite\u021bi fi\u0219ierele medicale ale pacientului\/dumneavoastr\u0103 prin <strong>transfer<\/strong>. A doua opinie medical\u0103 v\u0103 va fi prezentat\u0103 \u00een termen de 48 de ore.\n<\/p>\n<div class=\"boldRow boldInnerRow  \">\n\t<div class=\"rowItem rowInnerItem col-md-6  btTextLeft\">\n\t\t<div class=\"rowItemContent\">\n\t\t\t<p><label><span class=\"bt_bb_required\">Numele t\u0103u<\/span><br \/>\n<span class=\"wpcf7-form-control-wrap\" data-name=\"your-name\"><input size=\"40\" maxlength=\"400\" class=\"wpcf7-form-control wpcf7-text wpcf7-validates-as-required\" aria-required=\"true\" aria-invalid=\"false\" value=\"\" type=\"text\" name=\"your-name\" \/><\/span> <\/label>\n\t\t\t<\/p>\n\t\t\t<p><label><span class=\"bt_bb_required\">E-mailul dvs.<\/span><br \/>\n<span class=\"wpcf7-form-control-wrap\" data-name=\"your-email\"><input size=\"40\" maxlength=\"400\" class=\"wpcf7-form-control wpcf7-email wpcf7-validates-as-required wpcf7-text wpcf7-validates-as-email\" aria-required=\"true\" aria-invalid=\"false\" value=\"\" type=\"email\" name=\"your-email\" \/><\/span> <\/label>\n\t\t\t<\/p>\n\t\t\t<p><label><span class=\"bt_bb_required\">Telefonul dvs.<\/span><br \/>\n<span class=\"wpcf7-form-control-wrap\" data-name=\"your-phone\"><input size=\"40\" class=\"wpcf7-form-control wpcf7-phonetext wpcf7-text wpcf7-validates-as-phonetext\" id=\"int_phone\" aria-invalid=\"false\" value=\"\" type=\"text\" name=\"your-phone\" \/><input type=\"hidden\" name=\"your-phone-country-code\" class=\"wpcf7-phonetext-country-code\" \/><\/span> <\/label>\n\t\t\t<\/p>\n\t\t\t<p><label><span class=\"bt_bb_required\">Mesajul dvs.<\/span><br \/>\n<span class=\"wpcf7-form-control-wrap\" data-name=\"your-message\"><textarea cols=\"40\" rows=\"10\" maxlength=\"2000\" class=\"wpcf7-form-control wpcf7-textarea wpcf7-validates-as-required\" aria-required=\"true\" aria-invalid=\"false\" name=\"your-message\"><\/textarea><\/span> <\/label>\n\t\t\t<\/p>\n\t\t\t<p><label><span class=\"bt_bb_required\" style=\"margin-top:25px !important;\"><span class=\"wpcf7-form-control-wrap\" data-name=\"accept-this-1\"><span class=\"wpcf7-form-control wpcf7-acceptance\"><span class=\"wpcf7-list-item\"><label><input type=\"checkbox\" name=\"accept-this-1\" value=\"1\" aria-invalid=\"false\" \/><span class=\"wpcf7-list-item-label\">Sunt de acord cu <a target=\"_blank\" href=\"https:\/\/groupflorence.com\/ro\/terms-of-use\/\">Termenii \u0219i Serviciile<\/a>.<\/span><\/label><\/span><\/span><\/span><\/span><\/label>\n\t\t\t<\/p>\n\t\t\t<p><input class=\"wpcf7-form-control wpcf7-submit has-spinner contact_button_int\" type=\"submit\" value=\"TRIMITE MESAJ\" \/>\n\t\t\t<\/p>\n\t\t<\/div>\n\t<\/div>\n\t<div class=\"rowItem rowInnerItem col-md-6  btTextLeft\">\n\t\t<div class=\"rowItemContent\">\n\t\t\t<p align=\"center\" style=\"margin-top:30px;\"><br \/>\n<a href=\"http:\/\/florencenightingale.wetransfer.com\/\" target=\"_blank\" title=\"Click Here To Transfer Your Documents via WeTransfer\"><img decoding=\"async\"  align=\"center\" style=\"max-width:250px !important;\" class=\"lazy loaded\" src=\"https:\/\/groupflorence.com\/ro\/wp-content\/uploads\/2020\/08\/89130-wetransfer-default-logo-rgb-original-1365619064-e1599162229581.png\" data-src=\"https:\/\/groupflorence.com\/ro\/wp-content\/uploads\/2020\/08\/89130-wetransfer-default-logo-rgb-original-1365619064-e1599162229581.png\" alt=\"Click Here To Transfer Your Documents via WeTransfer\" title=\"Click Here To Transfer Your Documents via WeTransfer\" data-was-processed=\"true\" \/><\/a>\n\t\t\t<\/p>\n\t\t\t<h3 align=\"center\"><a href=\"http:\/\/florencenightingale.wetransfer.com\/\" target=\"_blank\" title=\"Click Here To Transfer Your Documents via WeTransfer\">Trimite prin WeTransfer<\/a>\n\t\t\t<\/h3>\n\t\t\t<p align=\"center\">Pute\u021bi trimite documentele dvs. medicale supradimensionate (\u00eenregistr\u0103ri RMN, rezultate de laborator, imagini etc.) folosind contul nostru WeTransfer. Este u\u0219or, rapid \u0219i sigur.\n\t\t\t<\/p>\n\t\t<\/div>\n\t\t<center>\n\t\t\t<p><a href=\"http:\/\/florencenightingale.wetransfer.com\/\" class=\"btBtn btBtn btnFilledStyle btnAccentColor btnSmall btnNormalWidth btnRightPosition btnNoIcon\" target=\"_blank\"><span class=\"btnInnerText\">Trimite acum<\/span><\/a>\n\t\t\t<\/p>\n\t\t<\/center>\n\t<\/div>\n<\/div><div class=\"wpcf7-response-output\" aria-hidden=\"true\"><\/div>\n<\/form>\n<\/div>\n<\/div><div class=\"btClear btSeparator topSpaced noBorder\" ><hr><\/div><\/div><\/div><\/div><\/div><\/div><\/div><\/div><\/section><\/p>\n","protected":false},"excerpt":{"rendered":"","protected":false},"author":1,"featured_media":0,"parent":4469,"menu_order":200,"comment_status":"closed","ping_status":"closed","template":"","meta":{"footnotes":""},"class_list":["post-2448","page","type-page","status-publish","hentry"],"_links":{"self":[{"href":"https:\/\/groupflorence.com\/ro\/wp-json\/wp\/v2\/pages\/2448","targetHints":{"allow":["GET"]}}],"collection":[{"href":"https:\/\/groupflorence.com\/ro\/wp-json\/wp\/v2\/pages"}],"about":[{"href":"https:\/\/groupflorence.com\/ro\/wp-json\/wp\/v2\/types\/page"}],"author":[{"embeddable":true,"href":"https:\/\/groupflorence.com\/ro\/wp-json\/wp\/v2\/users\/1"}],"replies":[{"embeddable":true,"href":"https:\/\/groupflorence.com\/ro\/wp-json\/wp\/v2\/comments?post=2448"}],"version-history":[{"count":3,"href":"https:\/\/groupflorence.com\/ro\/wp-json\/wp\/v2\/pages\/2448\/revisions"}],"predecessor-version":[{"id":6009,"href":"https:\/\/groupflorence.com\/ro\/wp-json\/wp\/v2\/pages\/2448\/revisions\/6009"}],"up":[{"embeddable":true,"href":"https:\/\/groupflorence.com\/ro\/wp-json\/wp\/v2\/pages\/4469"}],"wp:attachment":[{"href":"https:\/\/groupflorence.com\/ro\/wp-json\/wp\/v2\/media?parent=2448"}],"curies":[{"name":"wp","href":"https:\/\/api.w.org\/{rel}","templated":true}]}}