{"id":2431,"date":"2020-08-18T14:47:07","date_gmt":"2020-08-18T11:47:07","guid":{"rendered":"https:\/\/groupflorence.com\/ro\/?page_id=2431"},"modified":"2020-12-17T02:10:58","modified_gmt":"2020-12-16T23:10:58","slug":"infertility-ivf-center","status":"publish","type":"page","link":"https:\/\/groupflorence.com\/ro\/centers-treatments\/infertility-ivf-center\/","title":{"rendered":"Centrul de Infertilitate \u0219i FIV"},"content":{"rendered":"<section id=\"bt_section6a0663a7ba090\"  class=\"boldSection gutter\" ><div class=\"port\"><div class=\"boldCell\"><div class=\"boldCellInner\"><div class=\"boldRow  \" ><div class=\"boldRowInner\"><div class=\"rowItem col-md-4 col-ms-12 btTextLeft\"  ><div class=\"rowItemContent\" ><div class=\"btClear btSeparator topSpaced noBorder\" ><hr><\/div><div class=\"btCustomMenu treatment-sidebar\" ><div class=\"menu-infertility-ivf-center-container\"><ul id=\"menu-infertility-ivf-center\" class=\"menu\"><li id=\"menu-item-3892\" class=\"menu-item menu-item-type-post_type menu-item-object-page menu-item-has-children menu-item-3892\"><a href=\"https:\/\/groupflorence.com\/ro\/centers-treatments\/\">Centre &#038; Departamente<\/a><ul class=\"sub-menu\"><li id=\"menu-item-3893\" class=\"menu-item menu-item-type-post_type menu-item-object-page menu-item-3893\"><a href=\"https:\/\/groupflorence.com\/ro\/centers-treatments\/infertility-ivf-center\/\">Centrul de Infertilitate \u0219i FIV<\/a><\/li><\/ul><\/li>\n<\/ul><\/div><\/div><div class=\"btClear btSeparator topSemiSpaced noBorder\" ><hr><\/div><div class=\"boldRow boldInnerRow  bt_bb_hidden_xs bt_bb_hidden_ms bt_bb_hidden_sm\" ><div class=\"rowItem rowInnerItem col-md-12  btTextCenter btMiddleVertical\"  ><div class=\"rowItemContent\"><div class=\"bpgPhoto btTextCenter\" > \r\n\t\t\t\t\t<a href=\"https:\/\/groupflorence.com\/ro\/patient-guide\/covid-19-precautions\/\" target=\"_blank\" title=\"\"><\/a>\r\n\t\t\t\t\t<div class=\"boldPhotoBox\"><div class=\"bpbItem\"><div class = \"btImage\"><img decoding=\"async\" src=\"https:\/\/groupflorence.com\/ro\/wp-content\/uploads\/2020\/12\/covid-safe-sidebar-320x186.jpg\" alt=\"\" title=\"\" ><\/div><\/div><\/div>\r\n\t\t\t\t\t<div class=\"captionPane\">\r\n\t\t\t\t\t\t<div class=\"captionTable\">\r\n\t\t\t\t\t\t\t<div class=\"captionCell\">\r\n\t\t\t\t\t\t\t\t<div class=\"captionTxt\"><\/div>\r\n\t\t\t\t\t\t\t<\/div>\r\n\t\t\t\t\t\t<\/div>\r\n\t\t\t\t\t<\/div><\/div><div class=\"btClear btSeparator topSmallSpaced bottomSmallSpaced border\" ><hr><\/div><a href=\"https:\/\/groupflorence.com\/ro\/contact-us\/\" class=\"btBtn btBtn btnFilledStyle btnAccentColor btnBig btnNormalWidth btnLeftPosition btnNoIcon\" ><span class=\"btnInnerText\">Ask A Question<\/span><\/a><\/div><\/div><\/div><\/div><\/div><div class=\"rowItem col-md-8 col-ms-12 btTextLeft\"  ><div class=\"rowItemContent\" ><div class=\"btClear btSeparator topSemiSpaced noBorder\" ><hr><\/div><header class=\"header btClear medium btDash bottomDash  btNormalDash\" ><div class=\"dash\"><h3><span class=\"headline\"><b class=\"animate\">Centrul de Infertilitate \u0219i FIV<\/b><\/span><\/h3><\/div><\/header><div class=\"btClear btSeparator topExtraSmallSpaced noBorder\" ><hr><\/div><div class=\"btText\" ><\/p>\n<p>Grupul Florence Nightingale Spitale Test Tube Baby Centre; obiectivul de a asigura un tratament de calitate pentru cuplurile care doresc s\u0103 aib\u0103 un copil prin intermediul medicilor no\u0219tri exper\u021bi \u00een domeniu, echipa experimentat\u0103 \u0219i instruit\u0103, precum \u0219i laboratoare cu dispozitive avansate.<\/p>\n<p>Laboratoarele de \u00eenalt\u0103 tehnologie bine echipate \u0219i munca coordonat\u0103 a unei echipe experimentate sunt de mare importan\u021b\u0103 \u00een succesul tratamentului pentru bebelu\u0219ul tubului de testare. \u00cen centrele noastre FIV (tub de testare pentru bebelu\u0219i), gama complet\u0103 de servicii este oferit\u0103 de medicii no\u0219tri experimenta\u021bi \u0219i de o echip\u0103 mare \u00een laboratoarele de embriologie, andrologie, endocrinologie \u0219i unitatea de chirurgie endoscopic\u0103.<\/p>\n<p>\n<\/div><div class=\"btClear btSeparator topSmallSpaced noBorder\" ><hr><\/div><header class=\"header btClear medium btDash bottomDash  btAccentDash\" ><div class=\"dash\"><h3><span class=\"headline\">Tratamentul individualizat este efectuat<\/span><\/h3><\/div><\/header><div class=\"btClear btSeparator topExtraSmallSpaced noBorder\" ><hr><\/div><div class=\"btText\" ><\/p>\n<p>Cuplurile care viziteaz\u0103 Centrul nostru pentru bebelu\u0219i pentru a avea un copil \u00eent\u00e2lnesc mai \u00eent\u00e2i medicul \u0219i echipa care lucreaz\u0103 \u00een centru. Pacien\u0163ilor care comunic\u0103 cu medicul lor \u00een fiecare etap\u0103 li se ofer\u0103 un mediu \u00een care se simt confortabil \u015fi \u00een siguran\u0163\u0103, acord\u00e2ndu-le aten\u0163ie personal\u0103 \u015fi sprijin emo\u0163ional. \u00cen timpul primului interviu, se efectueaz\u0103 istoricul pacientului \u0219i, dac\u0103 este cazul, se evalueaz\u0103 tratamentele anterioare \u0219i se efectueaz\u0103 examin\u0103rile necesare.<\/p>\n<p>Dup\u0103 efectuarea testelor suplimentare, dac\u0103 este necesar, este planificat un tratament individualizat. Procedurile efectuate dup\u0103 acest proces sunt enumerate mai jos:<\/p>\n<ul>\n<li>Stimularea ovarelor (stimulare ovarian\u0103 controlat\u0103 \/COS)<\/li>\n<li>Protocol lung<\/li>\n<li>Protocol antagonist<\/li>\n<li>Protocol scurt pentru microdoz\u0103<\/li>\n<li>Hiperstimularea ovarelor (SHSO)<\/li>\n<li>Colec\u021bia de ou\u0103 (OPU)<\/li>\n<li>Fertilizarea culturilor de embrioni<\/li>\n<li>Prelucrarea ou\u0103lor colectate \u0219i a spermatozoizilor<\/li>\n<li>Formarea embrionilor<\/li>\n<li>Tubul de testare transfer de copil-embrioni<\/li>\n<li>Tubul de testare congelare a embrionului<\/li>\n<li>Sprijin luteal<\/li>\n<li>Test de sarcin\u0103<\/li>\n<\/ul>\n<p>\n<\/div><div class=\"btClear btSeparator topSmallSpaced noBorder\" ><hr><\/div><header class=\"header btClear medium btDash bottomDash  btAccentDash\" ><div class=\"dash\"><h3><span class=\"headline\">C\u00e2nd trebuie s\u0103 vizita\u021bi Centrul de FIV?<\/span><\/h3><\/div><\/header><div class=\"btClear btSeparator topExtraSmallSpaced noBorder\" ><hr><\/div><div class=\"btText\" ><\/p>\n<p>Perioada \u00een care fertilitatea atinge un v\u00e2rf la femei (poten\u021bial de reproducere) este definit\u0103 ca la \u00eenceputul anilor 20 \u0219i mijlocul anilor 20. Fertilitatea \u00eencepe s\u0103 scad\u0103 la sf\u00e2r\u0219itul anilor 20 \u0219i \u00eenceputul anilor 30. Aceast\u0103 sc\u0103dere a fertilit\u0103\u021bii este mai pronun\u021bat\u0103 dup\u0103 v\u00e2rsta de 35 de ani.<\/p>\n<p>La b\u0103rba\u021bi, de asemenea, o sc\u0103dere a fertilit\u0103\u021bii este observat\u0103 odat\u0103 cu v\u00e2rsta. Dar acest lucru nu este la fel de rapid ca la femei \u0219i, de obicei, v\u00e2rsta nu este o problem\u0103 \u00eenainte de v\u00e2rsta de 60 de ani.<\/p>\n<p>Exist\u0103 multe probleme care cauzeaz\u0103 infertilitate. Uneori, mai mult de un factor \u00een acela\u0219i timp pot provoca infertilitate. De\u0219i unele dintre cauzele infertilit\u0103\u021bii sunt u\u0219or de diagnosticat \u0219i tratat, acest lucru poate fi mai dificil pentru anumite cauze. Cu toate acestea, se poate observa c\u0103 unele cupluri nu pot avea copii, de\u0219i nu exist\u0103 nici o problem\u0103 nici la b\u0103rbat, nici la femeie. Se recomand\u0103 \u00eenceperea examin\u0103rilor dac\u0103 sarcina nu a avut loc \u00een ciuda actului sexual regulat f\u0103r\u0103 a utiliza nici o metod\u0103 contraceptiv\u0103 \u00eentr-un an. Cu toate acestea, este important s\u0103 \u00eencepe\u021bi imediat examin\u0103rile la femeile care au urm\u0103toarele caracteristici \u0219i simptome, indiferent de durat\u0103:<\/p>\n<ul>\n<li>V\u00e2rsta de 35 de ani \u0219i peste,<\/li>\n<li>Neregulat sau f\u0103r\u0103 menstrua\u021bie,<\/li>\n<li>S\u00e2ngerare intermenstrual\u0103,<\/li>\n<li>Durere \u00een timpul actului sexual,<\/li>\n<li>Infec\u021bii anterioare ale tractului genital superior,<\/li>\n<li>Antecedente de apendicectomie sau alte interven\u021bii chirurgicale abdominale (abdominale) \u00een trecut.<\/li>\n<\/ul>\n<p>\n<\/div><div class=\"btClear btSeparator topSmallSpaced noBorder\" ><hr><\/div><header class=\"header btClear medium btDash bottomDash  btAccentDash\" ><div class=\"dash\"><h3><span class=\"headline\">Ce examin\u0103ri \u0219i practici sunt efectuate la Centrul de FIV?<\/span><\/h3><\/div><\/header><div class=\"btClear btSeparator topExtraSmallSpaced noBorder\" ><hr><\/div><div class=\"btText\" ><\/p>\n<ul>\n<li>Preg\u0103tirea spermei pentru inseminare<\/li>\n<li>Cultur\u0103 blastocist (transfer)<\/li>\n<li>Achizi\u021bia chirurgical\u0103 a spermei (TESA\/TES\/Micro TESE)<\/li>\n<li>Acul de crac<\/li>\n<li>Ultrasonografie Doppler<\/li>\n<li>Congelarea embrionilor (Crioconservare)<\/li>\n<li>Transfer de embrioni<\/li>\n<li>Test de sarcin\u0103<\/li>\n<li>Analiza hormonal\u0103<\/li>\n<li>Medicamente care suprim\u0103 hormonii<\/li>\n<li>Fertilizarea in vitro (FIV)<\/li>\n<li>Co-cultur\u0103<\/li>\n<li>Cuiburi asistate cu laser<\/li>\n<li>Microinjec\u0163ie (ICSI: injec\u0163ie intracitoplasmatic\u0103 de sperm\u0103)<\/li>\n<li>PGD (Diagnostic Genetic Preimplantare)<\/li>\n<li>PGS (Screening-ul genetic preimplantare)<\/li>\n<li>Primo viziune<\/li>\n<li>Test de ejaculare retrograd\u0103 (c\u0103utarea spermatozoizilor \u00een urin\u0103 dup\u0103 ejaculare)<\/li>\n<li>Analiza materialului seminal (spermogram\u0103)<\/li>\n<li>Sperma &#8211; \u00eenghe\u021barea \u021besutului testicular<\/li>\n<li>Laparoscopie diagnostic\u0103<\/li>\n<li>Diagnostic \u0219i histeroscopie operativ\u0103<\/li>\n<li>Cuib\u0103rit asistat (incuba\u021bie asistat\u0103)<\/li>\n<li>Microinjectarea spermei selectate prin m\u0103rire microscopic\u0103 ridicat\u0103 (IMSI)<\/li>\n<\/ul>\n<p>\n<\/div><div class=\"btClear btSeparator bottomSemiSpaced noBorder\" ><hr><\/div><div class=\"boldRow boldInnerRow  \" ><div class=\"rowItem rowInnerItem col-md-6  btTextLeft\"  ><div class=\"rowItemContent\"><header class=\"header btClear small btDash bottomDash  btNormalDash\" ><div class=\"dash\"><h4><span class=\"headline\">Evaluarea cuplului infertil<\/span><\/h4><\/div><div class=\"btSubTitle\">Cea mai mare perioad\u0103 de fertilitate la femei este \u00eentre \u00eenceputul \u0219i mijlocul anilor 20. Fertilitatea scade la sf\u00e2r\u0219itul anilor 20 \u0219i \u00eenceputul anilor 30 \u0219i scade \u00een continuare dup\u0103 v\u00e2rsta de 35 de ani. Fertilitatea la b\u0103rba\u0163i scade, de asemenea, odat\u0103 cu v\u00e2rsta, dar nu modific\u0103 acest lucru rapid.<\/div><\/header><div class=\"btClear btSeparator bottomSmallSpaced noBorder\" ><hr><\/div><header class=\"header btClear small btDash bottomDash  btNormalDash\" ><div class=\"dash\"><h4><span class=\"headline\">Evaluare personal\u0103<\/span><\/h4><\/div><div class=\"btSubTitle\">Echipa de asistenta medicala de Florence Test Tube Baby este constat din persoane de specialitate \u0219i cu experien\u021b\u0103 pentru a \u00eembun\u0103t\u0103\u021bi rezultatele tratamentului. Comunicarea unu-la-unu nu numai c\u0103 \u00eembun\u0103t\u0103\u021be\u0219te confortul, dar, de asemenea, reduce stresul \u0219i anxietatea, astfel va contribui la \u00eembun\u0103t\u0103\u021birea rezultatelor tratamentului.<\/div><\/header><div class=\"btClear btSeparator bottomSmallSpaced noBorder\" ><hr><\/div><header class=\"header btClear small btDash bottomDash  btNormalDash\" ><div class=\"dash\"><h4><span class=\"headline\">Analiza materialului seminal (Sipermiogram)<\/span><\/h4><\/div><div class=\"btSubTitle\">Analiza materialului seminal este de a evalua fluidul \u0219i con\u021binutul ejaculat din penis pentru volum \u0219i calitate.<\/div><\/header><div class=\"btClear btSeparator bottomSmallSpaced noBorder\" ><hr><\/div><header class=\"header btClear small btDash bottomDash  btNormalDash\" ><div class=\"dash\"><h4><span class=\"headline\">PGD &#8211; PGS: Diagnostic genetic\u0103\/screening preimplantare<\/span><\/h4><\/div><div class=\"btSubTitle\">Pgd-Pgs: Num\u0103rul cromozomilor este anormal, care se nume\u0219te aneuploidie, cea mai comun\u0103&#8230;<\/div><\/header><\/div><\/div><div class=\"rowItem rowInnerItem col-md-6  btTextLeft\"  ><div class=\"rowItemContent\"><header class=\"header btClear small btDash bottomDash  btNormalDash\" ><div class=\"dash\"><h4><span class=\"headline\">Tratamentul \u00een infertilitate<\/span><\/h4><\/div><div class=\"btSubTitle\">Tratamentul \u00een infertilitateCea mai mare perioad\u0103 de fertilitate la femei este \u00eentre \u00eenceputul \u0219i mijlocul anilor 20. Fertilitatea scade la sf\u00e2r\u0219itul anilor 20 \u0219i \u00eenceputul anilor 30 \u0219i scade \u00een continuare dup\u0103 v\u00e2rsta de 35 de ani. Fertilitatea la b\u0103rba\u0163i scade, de asemenea, odat\u0103 cu v\u00e2rsta, dar nu modific\u0103 acest lucru rapid.<br \/><br><\/div><\/header><div class=\"btClear btSeparator bottomSmallSpaced noBorder\" ><hr><\/div><header class=\"header btClear small btDash bottomDash  btNormalDash\" ><div class=\"dash\"><h4><span class=\"headline\">Transferul embrionului pentru bebelu\u0219ul tubului de testare<\/span><\/h4><\/div><div class=\"btSubTitle\">Embrionii pot fi transfera\u021bi \u00eentre a 2-a \u0219i a 6-a zi dup\u0103 colectarea ovulului. Factorii care trebuie evalua\u021bi includ num\u0103rul de embrioni de transferat; data transferului; num\u0103rul \u0219i calitatea embrionilor; v\u00e2rsta femeii \u0219i dac\u0103 a \u00eencercat anterior pentru un copil tub de testare; \u0219i factori similari.<\/div><\/header><div class=\"btClear btSeparator bottomSmallSpaced noBorder\" ><hr><\/div><header class=\"header btClear small btDash bottomDash  btNormalDash\" ><div class=\"dash\"><h4><span class=\"headline\">Microinjec\u0163ie\/ICSI<\/span><\/h4><\/div><div class=\"btSubTitle\">Microinjectarea (ICSI) este de a injecta spermatozoizii \u00een ovul.<\/div><\/header><div class=\"btClear btSeparator bottomSmallSpaced noBorder\" ><hr><\/div><header class=\"header btClear small btDash bottomDash  btNormalDash\" ><div class=\"dash\"><h4><span class=\"headline\">Congelarea embrionului<\/span><\/h4><\/div><div class=\"btSubTitle\">Maxim 2 embrioni pot fi transfera\u021bi unui pacient. Dac\u0103 s-a realizat mai mult de un embrion&#8230;<\/div><\/header><\/div><\/div><\/div><div class=\"btClear btSeparator topSemiSpaced noBorder\" ><hr><\/div><div class=\"boldRow boldInnerRow  \" ><div class=\"rowItem rowInnerItem col-md-4  btTextCenter inherit btNoPadding\" style=\"border: 1px solid #999;background-color: rgba(241, 241, 241, 1);\" ><div class=\"rowItemContent\"><div class=\"bpgPhoto btTextCenter\" ><div class=\"btImage\"><img decoding=\"async\" src=\"https:\/\/groupflorence.com\/ro\/wp-content\/uploads\/2020\/10\/Nuri-Delikara.jpg\" alt=\"\" title=\"\"><\/div><\/div><div class=\"btIconImageRow btIconsHalfHoverPosition\" ><\/div><div class=\"btClear btSeparator topSmallSpaced noBorder\" ><hr><\/div><div class=\"btText\" ><\/p>\n<h4><a href=\"https:\/\/groupflorence.com\/ro\/doctors\/nuri-delikara\/\">Nuri Delikara, MD<\/a><\/h4>\n<p>\n<\/div><div class=\"btClear btSeparator bottomExtraSmallSpaced noBorder\" ><hr><\/div><a href=\"https:\/\/groupflorence.com\/ro\/doctors\/nuri-delikara\/\" class=\"btBtn btBtn btnFilledStyle btnLightColor btnSmall btnNormalWidth btnRightPosition btnNoIcon\"  target=\"_blank\"><span class=\"btnInnerText\">VIEW CV<\/span><\/a><div class=\"btClear btSeparator topExtraSmallSpaced bottomSmallSpaced noBorder\" ><hr><\/div><\/div><\/div><div class=\"rowItem rowInnerItem col-md-4  btTextCenter inherit btNoPadding\" style=\"background-color: rgba(241, 241, 241, 1);\" ><div class=\"rowItemContent\"><\/div><\/div><div class=\"rowItem rowInnerItem col-md-4  btTextCenter inherit btNoPadding\" style=\"background-color: rgba(241, 241, 241, 1);\" ><div class=\"rowItemContent\"><\/div><\/div><\/div><div class=\"btClear btSeparator topSemiSpaced noBorder\" ><hr><\/div><header class=\"header btClear medium btDash bottomDash  btAccentDash\" ><div class=\"dash\"><h3><span class=\"headline\"><em>Contact Us Now<\/em><\/span><\/h3><\/div><\/header><div class=\"btClear btSeparator bottomSmallSpaced noBorder\" ><hr><\/div><div class=\"btText\" >\n<div class=\"wpcf7 no-js\" id=\"wpcf7-f2891-o1\" lang=\"tr-TR\" dir=\"ltr\" data-wpcf7-id=\"2891\">\n<div class=\"screen-reader-response\"><p role=\"status\" aria-live=\"polite\" aria-atomic=\"true\"><\/p> <ul><\/ul><\/div>\n<form action=\"\/ro\/wp-json\/wp\/v2\/pages\/2431#wpcf7-f2891-o1\" method=\"post\" class=\"wpcf7-form init wpcf7-acceptance-as-validation\" aria-label=\"\u0130leti\u015fim Formu\" novalidate=\"novalidate\" data-status=\"init\">\n<fieldset class=\"hidden-fields-container\"><input type=\"hidden\" name=\"_wpcf7\" value=\"2891\" \/><input type=\"hidden\" name=\"_wpcf7_version\" value=\"6.1.5\" \/><input type=\"hidden\" name=\"_wpcf7_locale\" value=\"tr_TR\" \/><input type=\"hidden\" name=\"_wpcf7_unit_tag\" value=\"wpcf7-f2891-o1\" \/><input type=\"hidden\" name=\"_wpcf7_container_post\" value=\"0\" \/><input type=\"hidden\" name=\"_wpcf7_posted_data_hash\" value=\"\" \/>\n<\/fieldset>\n<p style=\"margin-bottom:30px !important;\">\u00cen timp ce completa\u021bi formularul de contact de mai jos, pute\u021bi, de asemenea, s\u0103 ne trimite\u021bi fi\u0219ierele medicale ale pacientului\/dumneavoastr\u0103 prin <strong>transfer<\/strong>. A doua opinie medical\u0103 v\u0103 va fi prezentat\u0103 \u00een termen de 48 de ore.\n<\/p>\n<div class=\"boldRow boldInnerRow  \">\n\t<div class=\"rowItem rowInnerItem col-md-6  btTextLeft\">\n\t\t<div class=\"rowItemContent\">\n\t\t\t<p><label><span class=\"bt_bb_required\">Numele t\u0103u<\/span><br \/>\n<span class=\"wpcf7-form-control-wrap\" data-name=\"your-name\"><input size=\"40\" maxlength=\"400\" class=\"wpcf7-form-control wpcf7-text wpcf7-validates-as-required\" aria-required=\"true\" aria-invalid=\"false\" value=\"\" type=\"text\" name=\"your-name\" \/><\/span> <\/label>\n\t\t\t<\/p>\n\t\t\t<p><label><span class=\"bt_bb_required\">E-mailul dvs.<\/span><br \/>\n<span class=\"wpcf7-form-control-wrap\" data-name=\"your-email\"><input size=\"40\" maxlength=\"400\" class=\"wpcf7-form-control wpcf7-email wpcf7-validates-as-required wpcf7-text wpcf7-validates-as-email\" aria-required=\"true\" aria-invalid=\"false\" value=\"\" type=\"email\" name=\"your-email\" \/><\/span> <\/label>\n\t\t\t<\/p>\n\t\t\t<p><label><span class=\"bt_bb_required\">Telefonul dvs.<\/span><br \/>\n<span class=\"wpcf7-form-control-wrap\" data-name=\"your-phone\"><input size=\"40\" class=\"wpcf7-form-control wpcf7-phonetext wpcf7-text wpcf7-validates-as-phonetext\" id=\"int_phone\" aria-invalid=\"false\" value=\"\" type=\"text\" name=\"your-phone\" \/><input type=\"hidden\" name=\"your-phone-country-code\" class=\"wpcf7-phonetext-country-code\" \/><\/span> <\/label>\n\t\t\t<\/p>\n\t\t\t<p><label><span class=\"bt_bb_required\">Mesajul dvs.<\/span><br \/>\n<span class=\"wpcf7-form-control-wrap\" data-name=\"your-message\"><textarea cols=\"40\" rows=\"10\" maxlength=\"2000\" class=\"wpcf7-form-control wpcf7-textarea wpcf7-validates-as-required\" aria-required=\"true\" aria-invalid=\"false\" name=\"your-message\"><\/textarea><\/span> <\/label>\n\t\t\t<\/p>\n\t\t\t<p><label><span class=\"bt_bb_required\" style=\"margin-top:25px !important;\"><span class=\"wpcf7-form-control-wrap\" data-name=\"accept-this-1\"><span class=\"wpcf7-form-control wpcf7-acceptance\"><span class=\"wpcf7-list-item\"><label><input type=\"checkbox\" name=\"accept-this-1\" value=\"1\" aria-invalid=\"false\" \/><span class=\"wpcf7-list-item-label\">Sunt de acord cu <a target=\"_blank\" href=\"https:\/\/groupflorence.com\/ro\/terms-of-use\/\">Termenii \u0219i Serviciile<\/a>.<\/span><\/label><\/span><\/span><\/span><\/span><\/label>\n\t\t\t<\/p>\n\t\t\t<p><input class=\"wpcf7-form-control wpcf7-submit has-spinner contact_button_int\" type=\"submit\" value=\"TRIMITE MESAJ\" \/>\n\t\t\t<\/p>\n\t\t<\/div>\n\t<\/div>\n\t<div class=\"rowItem rowInnerItem col-md-6  btTextLeft\">\n\t\t<div class=\"rowItemContent\">\n\t\t\t<p align=\"center\" style=\"margin-top:30px;\"><br \/>\n<a href=\"http:\/\/florencenightingale.wetransfer.com\/\" target=\"_blank\" title=\"Click Here To Transfer Your Documents via WeTransfer\"><img decoding=\"async\"  align=\"center\" style=\"max-width:250px !important;\" class=\"lazy loaded\" src=\"https:\/\/groupflorence.com\/ro\/wp-content\/uploads\/2020\/08\/89130-wetransfer-default-logo-rgb-original-1365619064-e1599162229581.png\" data-src=\"https:\/\/groupflorence.com\/ro\/wp-content\/uploads\/2020\/08\/89130-wetransfer-default-logo-rgb-original-1365619064-e1599162229581.png\" alt=\"Click Here To Transfer Your Documents via WeTransfer\" title=\"Click Here To Transfer Your Documents via WeTransfer\" data-was-processed=\"true\" \/><\/a>\n\t\t\t<\/p>\n\t\t\t<h3 align=\"center\"><a href=\"http:\/\/florencenightingale.wetransfer.com\/\" target=\"_blank\" title=\"Click Here To Transfer Your Documents via WeTransfer\">Trimite prin WeTransfer<\/a>\n\t\t\t<\/h3>\n\t\t\t<p align=\"center\">Pute\u021bi trimite documentele dvs. medicale supradimensionate (\u00eenregistr\u0103ri RMN, rezultate de laborator, imagini etc.) folosind contul nostru WeTransfer. Este u\u0219or, rapid \u0219i sigur.\n\t\t\t<\/p>\n\t\t<\/div>\n\t\t<center>\n\t\t\t<p><a href=\"http:\/\/florencenightingale.wetransfer.com\/\" class=\"btBtn btBtn btnFilledStyle btnAccentColor btnSmall btnNormalWidth btnRightPosition btnNoIcon\" target=\"_blank\"><span class=\"btnInnerText\">Trimite acum<\/span><\/a>\n\t\t\t<\/p>\n\t\t<\/center>\n\t<\/div>\n<\/div><div class=\"wpcf7-response-output\" aria-hidden=\"true\"><\/div>\n<\/form>\n<\/div>\n<\/div><div class=\"btClear btSeparator topSpaced noBorder\" ><hr><\/div><\/div><\/div><\/div><\/div><\/div><\/div><\/div><\/section>\n","protected":false},"excerpt":{"rendered":"","protected":false},"author":1,"featured_media":0,"parent":2306,"menu_order":120,"comment_status":"closed","ping_status":"closed","template":"","meta":{"footnotes":""},"class_list":["post-2431","page","type-page","status-publish","hentry"],"_links":{"self":[{"href":"https:\/\/groupflorence.com\/ro\/wp-json\/wp\/v2\/pages\/2431","targetHints":{"allow":["GET"]}}],"collection":[{"href":"https:\/\/groupflorence.com\/ro\/wp-json\/wp\/v2\/pages"}],"about":[{"href":"https:\/\/groupflorence.com\/ro\/wp-json\/wp\/v2\/types\/page"}],"author":[{"embeddable":true,"href":"https:\/\/groupflorence.com\/ro\/wp-json\/wp\/v2\/users\/1"}],"replies":[{"embeddable":true,"href":"https:\/\/groupflorence.com\/ro\/wp-json\/wp\/v2\/comments?post=2431"}],"version-history":[{"count":3,"href":"https:\/\/groupflorence.com\/ro\/wp-json\/wp\/v2\/pages\/2431\/revisions"}],"predecessor-version":[{"id":6146,"href":"https:\/\/groupflorence.com\/ro\/wp-json\/wp\/v2\/pages\/2431\/revisions\/6146"}],"up":[{"embeddable":true,"href":"https:\/\/groupflorence.com\/ro\/wp-json\/wp\/v2\/pages\/2306"}],"wp:attachment":[{"href":"https:\/\/groupflorence.com\/ro\/wp-json\/wp\/v2\/media?parent=2431"}],"curies":[{"name":"wp","href":"https:\/\/api.w.org\/{rel}","templated":true}]}}