{"id":2428,"date":"2020-08-18T14:44:12","date_gmt":"2020-08-18T11:44:12","guid":{"rendered":"https:\/\/groupflorence.com\/ro\/?page_id=2428"},"modified":"2020-12-17T02:06:55","modified_gmt":"2020-12-16T23:06:55","slug":"hyperbaric-oxygen-treatment","status":"publish","type":"page","link":"https:\/\/groupflorence.com\/ro\/centers-treatments\/hyperbaric-oxygen-treatment\/","title":{"rendered":"Tratamentul Hiperbaric cu Oxigen"},"content":{"rendered":"<section id=\"bt_section69eba7ca1d06b\"  class=\"boldSection gutter\" ><div class=\"port\"><div class=\"boldCell\"><div class=\"boldCellInner\"><div class=\"boldRow  \" ><div class=\"boldRowInner\"><div class=\"rowItem col-md-4 col-ms-12 btTextLeft\"  ><div class=\"rowItemContent\" ><div class=\"btClear btSeparator topSpaced noBorder\" ><hr><\/div><div class=\"btCustomMenu treatment-sidebar\" ><div class=\"menu-hyperbaric-treatment-container\"><ul id=\"menu-hyperbaric-treatment\" class=\"menu\"><li id=\"menu-item-3895\" class=\"menu-item menu-item-type-post_type menu-item-object-page menu-item-has-children menu-item-3895\"><a href=\"https:\/\/groupflorence.com\/ro\/centers-treatments\/\">Centre &#038; Departamente<\/a><ul class=\"sub-menu\"><li id=\"menu-item-3896\" class=\"menu-item menu-item-type-post_type menu-item-object-page menu-item-3896\"><a href=\"https:\/\/groupflorence.com\/ro\/centers-treatments\/hyperbaric-oxygen-treatment\/\">Tratamentul Hiperbaric cu Oxigen<\/a><\/li><\/ul><\/li>\n<\/ul><\/div><\/div><div class=\"btClear btSeparator topSemiSpaced noBorder\" ><hr><\/div><div class=\"boldRow boldInnerRow  bt_bb_hidden_xs bt_bb_hidden_ms bt_bb_hidden_sm\" ><div class=\"rowItem rowInnerItem col-md-12  btTextCenter btMiddleVertical\"  ><div class=\"rowItemContent\"><div class=\"bpgPhoto btTextCenter\" > \r\n\t\t\t\t\t<a href=\"https:\/\/groupflorence.com\/ro\/patient-guide\/covid-19-precautions\/\" target=\"_blank\" title=\"\"><\/a>\r\n\t\t\t\t\t<div class=\"boldPhotoBox\"><div class=\"bpbItem\"><div class = \"btImage\"><img decoding=\"async\" src=\"https:\/\/groupflorence.com\/ro\/wp-content\/uploads\/2020\/12\/covid-safe-sidebar-320x186.jpg\" alt=\"\" title=\"\" ><\/div><\/div><\/div>\r\n\t\t\t\t\t<div class=\"captionPane\">\r\n\t\t\t\t\t\t<div class=\"captionTable\">\r\n\t\t\t\t\t\t\t<div class=\"captionCell\">\r\n\t\t\t\t\t\t\t\t<div class=\"captionTxt\"><\/div>\r\n\t\t\t\t\t\t\t<\/div>\r\n\t\t\t\t\t\t<\/div>\r\n\t\t\t\t\t<\/div><\/div><div class=\"btClear btSeparator topSmallSpaced bottomSmallSpaced border\" ><hr><\/div><a href=\"https:\/\/groupflorence.com\/ro\/contact-us\/\" class=\"btBtn btBtn btnFilledStyle btnAccentColor btnBig btnNormalWidth btnLeftPosition btnNoIcon\" ><span class=\"btnInnerText\">Ask A Question<\/span><\/a><\/div><\/div><\/div><\/div><\/div><div class=\"rowItem col-md-8 col-ms-12 btTextLeft\"  ><div class=\"rowItemContent\" ><div class=\"btClear btSeparator topSemiSpaced noBorder\" ><hr><\/div><header class=\"header btClear medium btDash bottomDash  btNormalDash\" ><div class=\"dash\"><h3><span class=\"headline\"><b class=\"animate\">Tratamentul Hiperbaric cu Oxigen<\/b><\/span><\/h3><\/div><\/header><div class=\"btClear btSeparator topSemiSpaced noBorder\" ><hr><\/div><header class=\"header btClear medium btDash bottomDash  btAccentDash\" ><div class=\"dash\"><h3><span class=\"headline\">Ce este?<\/span><\/h3><\/div><\/header><div class=\"btClear btSeparator topExtraSmallSpaced noBorder\" ><hr><\/div><div class=\"btText\" ><\/p>\n<p>Terapia cu oxigen hiperbaric (HBO) este o metod\u0103 medical\u0103 \u0219i dovedit\u0103 \u0219tiin\u021bific de tratament bazat\u0103 pe inhalarea oxigenului pur 100% printr-o masc\u0103 sau dintr-un mediu \u00eentr-o camer\u0103 de presiune complet \u00eenchis\u0103 la presiuni mai mari de 1 atmosfer\u0103.<\/p>\n<p>Aceast\u0103 metod\u0103 m\u0103re\u0219te cantitatea de oxigen dizolvat livrat \u021besuturilor, distan\u021ba de difuzie a oxigenului (distan\u021ba pe care o poate duce \u00een \u021besut) \u0219i eficacitatea acestuia, iar viabilitatea \u021besutului poate fi asigurat\u0103 cu oxigen topit, chiar dac\u0103 \u021besutul nu prime\u0219te s\u00e2nge. \u00cen plus, ajut\u0103 la vindecarea r\u0103nilor prin cre\u0219terea activit\u0103\u021bii antibiotice, revitalizarea \u021besutului osos, dezvoltarea \u021besutului de granula\u021bie (\u021besut s\u0103n\u0103tos de vindecare a r\u0103nilor), construc\u021bia de colagen, formarea vascular\u0103 nou\u0103 \u0219i noi activit\u0103\u021bi celulare.<\/p>\n<p>Aceast\u0103 metod\u0103 dovedit\u0103 \u0219tiin\u021bific de tratament este utilizat\u0103 cu succes \u00een tratamentul r\u0103nilor piciorului diabetic, r\u0103nilor cronice, r\u0103nilor obstructive vasculare, inflamarea oaselor, infec\u021biilor \u021besuturilor moi, necroza avascular\u0103\/aseptic\u0103 (moartea osoas\u0103), pierderea brusc\u0103 a auzului, pierderea brusc\u0103 a vederii, leziuni zdrobitoare, r\u0103ni postoperatorii, daune radia\u021bii, ars, gref\u0103 riscant\u0103 \u0219i clapete, monoxid de carbon (aragaz, gaz tub, gaz natural) otr\u0103vire, embolie aer \u0219i boala chesonului. Pe scurt, toate tipurile de \u021besut neoxigenat sunt restaurate \u0219i \u00eentinerite prin oxigenare. \u00cen plus fa\u021b\u0103 de cele men\u021bionate mai sus, exist\u0103 \u0219i alte boli \u00een care aceast\u0103 metod\u0103 a fost \u00eencercat\u0103 \u0219i reu\u0219it\u0103.<\/p>\n<p>Terapia cu oxigen hiperbaric (HBO) este o metod\u0103 medical\u0103, dovedit\u0103 \u0219tiin\u021bific, bazat\u0103 pe inhalarea de oxigen 100% pur dintr-o masc\u0103 sau mediu la presiuni mai mari de 1 atmosfer\u0103, \u00eentr-o camer\u0103 de presiune complet \u00eenchis\u0103. Prin aceast\u0103 metod\u0103, cantitatea de oxigen dizolvat care merge la \u021besuturi, distan\u021ba de difuzie a oxigenului (distan\u021ba pe care o poate duce \u00een \u021besut) \u0219i eficien\u021ba sa cre\u0219te, \u0219i chiar dac\u0103 nu exist\u0103 s\u00e2nge \u00een \u021besuturi, viabilitatea \u021besutului poate fi asigurat\u0103 cu oxigen dizolvat. Aceast\u0103 metod\u0103 ajut\u0103, de asemenea, vindecarea r\u0103nilor cu activitate crescut\u0103 a antibioticelor, \u00eentinerirea \u021besutului osos, dezvoltarea \u021besutului de granula\u021bie (\u021besut s\u0103n\u0103tos de vindecare a r\u0103nilor), produc\u021bia de colagen, formarea de noi vase \u0219i noi activit\u0103\u021bi celulare.<\/p>\n<p>\n<\/div><div class=\"btClear btSeparator topSmallSpaced noBorder\" ><hr><\/div><header class=\"header btClear medium btDash bottomDash  btAccentDash\" ><div class=\"dash\"><h3><span class=\"headline\">\u00cen cazul \u00een care este folosit?<\/span><\/h3><\/div><\/header><div class=\"btClear btSeparator topExtraSmallSpaced noBorder\" ><hr><\/div><div class=\"btText\" ><\/p>\n<p>Aceast\u0103 metod\u0103 de tratament dovedit\u0103 \u0219tiin\u021bific este folosit\u0103 cu succes \u00een r\u0103nile piciorului diabetic, r\u0103nile cronice, r\u0103nile ocluziei vasculare, inflama\u021biile osoase, infec\u021biile \u021besuturilor moi, necroza avascular\u0103\/aseptic\u0103 (moartea osoas\u0103), pierderea brusc\u0103 a auzului, pierderea brusc\u0103 a vederii, leziuni zdrobite, r\u0103ni postoperatorii, radia\u021bii daune, arsuri, grefe riscante \u0219i clapete, monoxid de carbon (aragaz, gaz \u00eembuteliat, gaze naturale) otr\u0103vire, embolie aer \u0219i narcoz\u0103 azot. Pe scurt, aceast\u0103 metod\u0103 asigur\u0103 faptul c\u0103 toate tipurile de \u021besuturi \u00eenfometate de oxigen sunt vindecate \u0219i \u00eentinerire prin oxigenare. \u00cen afar\u0103 de bolile enumerate, exist\u0103 \u0219i alte boli pentru care aceast\u0103 metod\u0103 a fost \u00eencercat\u0103 \u0219i a produs rezultate reu\u0219ite.<\/p>\n<p>\n<\/div><div class=\"btClear btSeparator topSmallSpaced noBorder\" ><hr><\/div><header class=\"header btClear medium btDash bottomDash  btAccentDash\" ><div class=\"dash\"><h3><span class=\"headline\">Ce trebuie f\u0103cut \u00eenainte de tratament?<\/span><\/h3><\/div><\/header><div class=\"btClear btSeparator topExtraSmallSpaced noBorder\" ><hr><\/div><div class=\"btText\" ><\/p>\n<p>\u00cen primul r\u00e2nd, orice persoan\u0103 care urmeaz\u0103 tratament trebuie examinat\u0103 de un medic subacvatic \u0219i specialist \u00een medicin\u0103 hiperbaric\u0103. Boala actual\u0103 a pacientului \u0219i starea bolilor cronice sunt importante. Dac\u0103 pacientul este eligibil din punct de vedere clinic, acesta va fi verificat cu o radiografie toracic\u0103 \u0219i, dac\u0103 nu exist\u0103 niciun risc, acestea vor fi tratate. \u00cen cazul \u00een care pacientul prezint\u0103 orice afec\u021biune care poate prezenta un risc, poate fi solicitat\u0103 o consultare pentru ace\u0219tia sau poate fi trimis\u0103 pentru activit\u0103\u021bi suplimentare. O sesiune medie de tratament HBO dureaz\u0103 aproximativ 2 ore la o presiune atmosferic\u0103 de 2,5.<\/p>\n<p>\n<\/div><div class=\"btClear btSeparator topSmallSpaced noBorder\" ><hr><\/div><header class=\"header btClear medium btDash bottomDash  btAccentDash\" ><div class=\"dash\"><h3><span class=\"headline\">Ce trebuie f\u0103cut \u00een timpul tratamentului?<\/span><\/h3><\/div><\/header><div class=\"btClear btSeparator topExtraSmallSpaced noBorder\" ><hr><\/div><div class=\"btText\" ><\/p>\n<p>\u00cenainte de tratament, pacientul ia toate medicamentele zilnice, are o mas\u0103 \u00een conformitate cu rutina lor dietetic\u0103, \u00eendep\u0103rteaz\u0103 toate bijuteriile, obiectele inflamabile, inclusiv brichetele \u0219i dispozitivele electronice, poart\u0103 o rochie de tratament \u0219i papuci. \u00cen timpul tratamentului cu HBO, pacientul este obligat s\u0103 inhaleze oxigenul intermitent pentru a preveni efectele secundare ale oxigenului. Va fi cerut s\u0103 fie treaz \u0219i activ \u00een timpul tratamentului cu HBO. \u00cen acest fel, va fi posibil s\u0103 se ob\u021bin\u0103 o capacitate de respira\u021bie mai eficient\u0103 \u0219i un tratament \u0219i s\u0103 se determine orice nevoie. \u00cen camera noastr\u0103 de presiune din spitalul nostru, urm\u0103rim pacien\u021bii folosind mijloace audio \u0219i vizuale \u00een timpul tratamentului.<\/p>\n<p>\n<\/div><div class=\"btClear btSeparator topSmallSpaced noBorder\" ><hr><\/div><header class=\"header btClear medium btDash bottomDash  btAccentDash\" ><div class=\"dash\"><h3><span class=\"headline\">Care sunt efectele secundare ale tratamentului?<\/span><\/h3><\/div><\/header><div class=\"btClear btSeparator topExtraSmallSpaced noBorder\" ><hr><\/div><div class=\"btText\" ><\/p>\n<p>Din moment ce avem de-a face cu presiune, fiecare organ care are aer este afectat de acest tratament. Mai ales dac\u0103 pacientul are grip\u0103 \u0219i nu reu\u0219e\u0219te s\u0103 fac\u0103 corect manevra de deschidere a urechii, \/el poate avea plin\u0103tate \u0219i durere \u00een ureche. De asemenea, \/el poate avea compresia sinusurilor. Pentru aceasta, \u00een timpul presuriz\u0103rii, operatorul trebuie informat despre aceast\u0103 condi\u021bie. Dup\u0103 ce sesiunea este oprit\u0103 \u0219i manevra este efectuat\u0103, fie sesiunea este continuat\u0103 cu tratament medical, fie tratamentul este suspendat. Gazele din pl\u0103m\u00e2ni sunt compensate prin respira\u021bie, iar gazele din intestine sunt compensate spontan.<\/p>\n<p>Presiunea ridicat\u0103 poate declan\u0219a unele focare epileptice. Prin urmare, dac\u0103 pacientul are antecedente de epilepsie, se solicit\u0103 o consultare neurologic\u0103.<\/p>\n<p>Amor\u021birea m\u0103nu\u0219ilor \u00een m\u00e2ini poate fi observat\u0103 \u00een special la pacien\u021bii care sunt supu\u0219i tratamentului pentru mai mult de 20 de sesiuni, iar acest lucru se rezolv\u0103 la \u00eencetarea tratamentului \u0219i nu r\u0103m\u00e2n simptome.<\/p>\n<p>Micopia temporar\u0103 este cauzat\u0103 de efectul oxigenului asupra lentilei. La pacien\u0163ii v\u00e2rstnici, hipermetropia poate, de asemenea, s\u0103 dispar\u0103, dar revine la starea sa normal\u0103 la aproximativ 8 s\u0103pt\u0103m\u00e2ni dup\u0103 \u00eentreruperea tratamentului. Din acest motiv, pacien\u0163ii care primesc tratament regulat sunt sf\u0103tui\u0163i s\u0103 nu primeasc\u0103 noi ochelari de prescrip\u0163ie medical\u0103 \u00een timpul procesului de tratament.<\/p>\n<p>E cel mai periculos \u015fi probabil cel mai pu\u0163in probabil efect secundar este embolismul aerian. \u00cen spitalul nostru, pentru a preveni acest lucru, pacien\u021bii sunt ruga\u021bi s\u0103 furnizeze o radiografie toracic\u0103 \u00eenainte de tratament.<\/p>\n<p>\n<\/div><div class=\"btClear btSeparator topSmallSpaced noBorder\" ><hr><\/div><header class=\"header btClear medium btDash bottomDash  btAccentDash\" ><div class=\"dash\"><h3><span class=\"headline\">Care sunt caracteristicile instrumentului nostru?<\/span><\/h3><\/div><\/header><div class=\"btClear btSeparator topExtraSmallSpaced noBorder\" ><hr><\/div><div class=\"btText\" ><\/p>\n<p>Camera noastr\u0103 de presiune din spitalul nostru, echipat\u0103 cu un sistem de conducte complet automat \u0219i de nou\u0103 genera\u021bie, a fost produs\u0103 de Barox HBO cu tehnologie de ultim\u0103 genera\u021bie. Toate componentele utilizate \u00een produc\u021bia sa au fost aprobate de institu\u021bii certificate cu scopul de a prioritiza siguran\u021ba, s\u0103n\u0103tatea \u0219i confortul pacien\u021bilor.<\/p>\n<p>Camera noastr\u0103 de presiune folose\u0219te un sistem presurizat cu aer, \u00een care pacientul este f\u0103cut s\u0103 inhaleze oxigenul printr-o masc\u0103. Nivelul oxigenului este monitorizat folosind senzori automati pe tot parcursul tratamentului. \u00centre\u021binerea zilnic\u0103, s\u0103pt\u0103m\u00e2nal\u0103, lunar\u0103, semestrial\u0103 \u0219i anual\u0103 a camerei noastre de presiune este efectuat\u0103 de personalul nostru tehnic \u0219i Barox HBO.<\/p>\n<p>\n<\/div><div class=\"btClear btSeparator topSemiSpaced noBorder\" ><hr><\/div><header class=\"header btClear medium btDash bottomDash  btAccentDash\" ><div class=\"dash\"><h3><span class=\"headline\"><em>Contact Us Now<\/em><\/span><\/h3><\/div><\/header><div class=\"btClear btSeparator bottomSmallSpaced noBorder\" ><hr><\/div><div class=\"btText\" >\n<div class=\"wpcf7 no-js\" id=\"wpcf7-f2891-o1\" lang=\"tr-TR\" dir=\"ltr\" data-wpcf7-id=\"2891\">\n<div class=\"screen-reader-response\"><p role=\"status\" aria-live=\"polite\" aria-atomic=\"true\"><\/p> <ul><\/ul><\/div>\n<form action=\"\/ro\/wp-json\/wp\/v2\/pages\/2428#wpcf7-f2891-o1\" method=\"post\" class=\"wpcf7-form init wpcf7-acceptance-as-validation\" aria-label=\"\u0130leti\u015fim Formu\" novalidate=\"novalidate\" data-status=\"init\">\n<fieldset class=\"hidden-fields-container\"><input type=\"hidden\" name=\"_wpcf7\" value=\"2891\" \/><input type=\"hidden\" name=\"_wpcf7_version\" value=\"6.1.5\" \/><input type=\"hidden\" name=\"_wpcf7_locale\" value=\"tr_TR\" \/><input type=\"hidden\" name=\"_wpcf7_unit_tag\" value=\"wpcf7-f2891-o1\" \/><input type=\"hidden\" name=\"_wpcf7_container_post\" value=\"0\" \/><input type=\"hidden\" name=\"_wpcf7_posted_data_hash\" value=\"\" \/>\n<\/fieldset>\n<p style=\"margin-bottom:30px !important;\">\u00cen timp ce completa\u021bi formularul de contact de mai jos, pute\u021bi, de asemenea, s\u0103 ne trimite\u021bi fi\u0219ierele medicale ale pacientului\/dumneavoastr\u0103 prin <strong>transfer<\/strong>. A doua opinie medical\u0103 v\u0103 va fi prezentat\u0103 \u00een termen de 48 de ore.\n<\/p>\n<div class=\"boldRow boldInnerRow  \">\n\t<div class=\"rowItem rowInnerItem col-md-6  btTextLeft\">\n\t\t<div class=\"rowItemContent\">\n\t\t\t<p><label><span class=\"bt_bb_required\">Numele t\u0103u<\/span><br \/>\n<span class=\"wpcf7-form-control-wrap\" data-name=\"your-name\"><input size=\"40\" maxlength=\"400\" class=\"wpcf7-form-control wpcf7-text wpcf7-validates-as-required\" aria-required=\"true\" aria-invalid=\"false\" value=\"\" type=\"text\" name=\"your-name\" \/><\/span> <\/label>\n\t\t\t<\/p>\n\t\t\t<p><label><span class=\"bt_bb_required\">E-mailul dvs.<\/span><br \/>\n<span class=\"wpcf7-form-control-wrap\" data-name=\"your-email\"><input size=\"40\" maxlength=\"400\" class=\"wpcf7-form-control wpcf7-email wpcf7-validates-as-required wpcf7-text wpcf7-validates-as-email\" aria-required=\"true\" aria-invalid=\"false\" value=\"\" type=\"email\" name=\"your-email\" \/><\/span> <\/label>\n\t\t\t<\/p>\n\t\t\t<p><label><span class=\"bt_bb_required\">Telefonul dvs.<\/span><br \/>\n<span class=\"wpcf7-form-control-wrap\" data-name=\"your-phone\"><input size=\"40\" class=\"wpcf7-form-control wpcf7-phonetext wpcf7-text wpcf7-validates-as-phonetext\" id=\"int_phone\" aria-invalid=\"false\" value=\"\" type=\"text\" name=\"your-phone\" \/><input type=\"hidden\" name=\"your-phone-country-code\" class=\"wpcf7-phonetext-country-code\" \/><\/span> <\/label>\n\t\t\t<\/p>\n\t\t\t<p><label><span class=\"bt_bb_required\">Mesajul dvs.<\/span><br \/>\n<span class=\"wpcf7-form-control-wrap\" data-name=\"your-message\"><textarea cols=\"40\" rows=\"10\" maxlength=\"2000\" class=\"wpcf7-form-control wpcf7-textarea wpcf7-validates-as-required\" aria-required=\"true\" aria-invalid=\"false\" name=\"your-message\"><\/textarea><\/span> <\/label>\n\t\t\t<\/p>\n\t\t\t<p><label><span class=\"bt_bb_required\" style=\"margin-top:25px !important;\"><span class=\"wpcf7-form-control-wrap\" data-name=\"accept-this-1\"><span class=\"wpcf7-form-control wpcf7-acceptance\"><span class=\"wpcf7-list-item\"><label><input type=\"checkbox\" name=\"accept-this-1\" value=\"1\" aria-invalid=\"false\" \/><span class=\"wpcf7-list-item-label\">Sunt de acord cu <a target=\"_blank\" href=\"https:\/\/groupflorence.com\/ro\/terms-of-use\/\">Termenii \u0219i Serviciile<\/a>.<\/span><\/label><\/span><\/span><\/span><\/span><\/label>\n\t\t\t<\/p>\n\t\t\t<p><input class=\"wpcf7-form-control wpcf7-submit has-spinner contact_button_int\" type=\"submit\" value=\"TRIMITE MESAJ\" \/>\n\t\t\t<\/p>\n\t\t<\/div>\n\t<\/div>\n\t<div class=\"rowItem rowInnerItem col-md-6  btTextLeft\">\n\t\t<div class=\"rowItemContent\">\n\t\t\t<p align=\"center\" style=\"margin-top:30px;\"><br \/>\n<a href=\"http:\/\/florencenightingale.wetransfer.com\/\" target=\"_blank\" title=\"Click Here To Transfer Your Documents via WeTransfer\"><img decoding=\"async\"  align=\"center\" style=\"max-width:250px !important;\" class=\"lazy loaded\" src=\"https:\/\/groupflorence.com\/ro\/wp-content\/uploads\/2020\/08\/89130-wetransfer-default-logo-rgb-original-1365619064-e1599162229581.png\" data-src=\"https:\/\/groupflorence.com\/ro\/wp-content\/uploads\/2020\/08\/89130-wetransfer-default-logo-rgb-original-1365619064-e1599162229581.png\" alt=\"Click Here To Transfer Your Documents via WeTransfer\" title=\"Click Here To Transfer Your Documents via WeTransfer\" data-was-processed=\"true\" \/><\/a>\n\t\t\t<\/p>\n\t\t\t<h3 align=\"center\"><a href=\"http:\/\/florencenightingale.wetransfer.com\/\" target=\"_blank\" title=\"Click Here To Transfer Your Documents via WeTransfer\">Trimite prin WeTransfer<\/a>\n\t\t\t<\/h3>\n\t\t\t<p align=\"center\">Pute\u021bi trimite documentele dvs. medicale supradimensionate (\u00eenregistr\u0103ri RMN, rezultate de laborator, imagini etc.) folosind contul nostru WeTransfer. Este u\u0219or, rapid \u0219i sigur.\n\t\t\t<\/p>\n\t\t<\/div>\n\t\t<center>\n\t\t\t<p><a href=\"http:\/\/florencenightingale.wetransfer.com\/\" class=\"btBtn btBtn btnFilledStyle btnAccentColor btnSmall btnNormalWidth btnRightPosition btnNoIcon\" target=\"_blank\"><span class=\"btnInnerText\">Trimite acum<\/span><\/a>\n\t\t\t<\/p>\n\t\t<\/center>\n\t<\/div>\n<\/div><div class=\"wpcf7-response-output\" aria-hidden=\"true\"><\/div>\n<\/form>\n<\/div>\n<\/div><div class=\"btClear btSeparator topSpaced noBorder\" ><hr><\/div><\/div><\/div><\/div><\/div><\/div><\/div><\/div><\/section>\n","protected":false},"excerpt":{"rendered":"","protected":false},"author":1,"featured_media":0,"parent":2306,"menu_order":110,"comment_status":"closed","ping_status":"closed","template":"","meta":{"footnotes":""},"class_list":["post-2428","page","type-page","status-publish","hentry"],"_links":{"self":[{"href":"https:\/\/groupflorence.com\/ro\/wp-json\/wp\/v2\/pages\/2428","targetHints":{"allow":["GET"]}}],"collection":[{"href":"https:\/\/groupflorence.com\/ro\/wp-json\/wp\/v2\/pages"}],"about":[{"href":"https:\/\/groupflorence.com\/ro\/wp-json\/wp\/v2\/types\/page"}],"author":[{"embeddable":true,"href":"https:\/\/groupflorence.com\/ro\/wp-json\/wp\/v2\/users\/1"}],"replies":[{"embeddable":true,"href":"https:\/\/groupflorence.com\/ro\/wp-json\/wp\/v2\/comments?post=2428"}],"version-history":[{"count":3,"href":"https:\/\/groupflorence.com\/ro\/wp-json\/wp\/v2\/pages\/2428\/revisions"}],"predecessor-version":[{"id":6143,"href":"https:\/\/groupflorence.com\/ro\/wp-json\/wp\/v2\/pages\/2428\/revisions\/6143"}],"up":[{"embeddable":true,"href":"https:\/\/groupflorence.com\/ro\/wp-json\/wp\/v2\/pages\/2306"}],"wp:attachment":[{"href":"https:\/\/groupflorence.com\/ro\/wp-json\/wp\/v2\/media?parent=2428"}],"curies":[{"name":"wp","href":"https:\/\/api.w.org\/{rel}","templated":true}]}}