{"id":2417,"date":"2020-08-18T14:25:44","date_gmt":"2020-08-18T11:25:44","guid":{"rendered":"https:\/\/groupflorence.com\/ro\/?page_id=2417"},"modified":"2020-12-17T01:46:17","modified_gmt":"2020-12-16T22:46:17","slug":"diabetes-center","status":"publish","type":"page","link":"https:\/\/groupflorence.com\/ro\/centers-treatments\/diabetes-center\/","title":{"rendered":"Centrul Diabet"},"content":{"rendered":"<section id=\"bt_section69eba7d6067e6\"  class=\"boldSection gutter\" ><div class=\"port\"><div class=\"boldCell\"><div class=\"boldCellInner\"><div class=\"boldRow  \" ><div class=\"boldRowInner\"><div class=\"rowItem col-md-4 col-ms-12 btTextLeft\"  ><div class=\"rowItemContent\" ><div class=\"btClear btSeparator topSpaced noBorder\" ><hr><\/div><div class=\"btCustomMenu treatment-sidebar\" ><div class=\"menu-diabetes-center-container\"><ul id=\"menu-diabetes-center\" class=\"menu\"><li id=\"menu-item-3885\" class=\"menu-item menu-item-type-post_type menu-item-object-page menu-item-has-children menu-item-3885\"><a href=\"https:\/\/groupflorence.com\/ro\/centers-treatments\/\">Centre &#038; Departamente<\/a><ul class=\"sub-menu\"><li id=\"menu-item-3886\" class=\"menu-item menu-item-type-post_type menu-item-object-page menu-item-has-children menu-item-3886\"><a href=\"https:\/\/groupflorence.com\/ro\/centers-treatments\/diabetes-center\/\">Centrul Diabet<\/a><ul class=\"sub-menu\"><li id=\"menu-item-4430\" class=\"menu-item menu-item-type-post_type menu-item-object-page menu-item-4430\"><a href=\"https:\/\/groupflorence.com\/ro\/centers-treatments\/diabetes-center\/diabetic-foot-and-chronic-wound-board\/\">Piciorul Diabetic \u0219i Consiliul Pl\u0103gii Cronice<\/a><\/li><\/ul><\/li><\/ul><\/li>\n<\/ul><\/div><\/div><div class=\"btClear btSeparator topSemiSpaced noBorder\" ><hr><\/div><div class=\"boldRow boldInnerRow  bt_bb_hidden_xs bt_bb_hidden_ms bt_bb_hidden_sm\" ><div class=\"rowItem rowInnerItem col-md-12  btTextCenter btMiddleVertical\"  ><div class=\"rowItemContent\"><div class=\"bpgPhoto btTextCenter\" > \r\n\t\t\t\t\t<a href=\"https:\/\/groupflorence.com\/ro\/patient-guide\/covid-19-precautions\/\" target=\"_blank\" title=\"\"><\/a>\r\n\t\t\t\t\t<div class=\"boldPhotoBox\"><div class=\"bpbItem\"><div class = \"btImage\"><img decoding=\"async\" src=\"https:\/\/groupflorence.com\/ro\/wp-content\/uploads\/2020\/12\/covid-safe-sidebar-320x186.jpg\" alt=\"\" title=\"\" ><\/div><\/div><\/div>\r\n\t\t\t\t\t<div class=\"captionPane\">\r\n\t\t\t\t\t\t<div class=\"captionTable\">\r\n\t\t\t\t\t\t\t<div class=\"captionCell\">\r\n\t\t\t\t\t\t\t\t<div class=\"captionTxt\"><\/div>\r\n\t\t\t\t\t\t\t<\/div>\r\n\t\t\t\t\t\t<\/div>\r\n\t\t\t\t\t<\/div><\/div><div class=\"btClear btSeparator topSmallSpaced bottomSmallSpaced border\" ><hr><\/div><a href=\"https:\/\/groupflorence.com\/ro\/contact-us\/\" class=\"btBtn btBtn btnFilledStyle btnAccentColor btnBig btnNormalWidth btnLeftPosition btnNoIcon\" ><span class=\"btnInnerText\">Ask A Question<\/span><\/a><\/div><\/div><\/div><\/div><\/div><div class=\"rowItem col-md-8 col-ms-12 btTextLeft\"  ><div class=\"rowItemContent\" ><div class=\"btClear btSeparator topSemiSpaced noBorder\" ><hr><\/div><header class=\"header btClear medium btDash bottomDash  btNormalDash\" ><div class=\"dash\"><h3><span class=\"headline\"><b class=\"animate\">Centrul Diabet<\/b><\/span><\/h3><\/div><\/header><div class=\"btClear btSeparator topSmallSpaced noBorder\" ><hr><\/div><div class=\"btText\" ><\/p>\n<p>\u201eCentrul Interna\u021bional de Diabet\u201d (IDC) a fost deschis \u00een cadrul <strong>grupului Florence Nightingale Spitale<\/strong> sub coordonarea <strong>Centrului de Practic\u0103 \u0219i Cercetare pentru Diabet<\/strong> , integrat cu <strong>Universitatea Demiro\u011flu Bilim<\/strong> .<\/p>\n<p>Aproape 30 de speciali\u0219ti \u00een endocrinologie \u0219i metabolism, speciali\u0219ti \u00een medicin\u0103 intern\u0103, speciali\u0219ti \u00een nutri\u021bie \u0219i dietetic\u0103, asistent\u0103 medical\u0103 pentru diabet \u0219i psiholog lucreaz\u0103 \u00een centrele \u00eenfiin\u021bate \u00een cinci spitale, printre care Istanbul, Gayrettepe, Kad\u0131k\u00f6y \u0219i Atasehir Florence Nightingale Spitalele sub coordonarea Prof. M. Temel Y\u0131lmaz, dr.<\/p>\n<p>\u00cen plus, DIAM (Centrul de Practic\u0103 \u0219i Cercetare pentru Diabet) este sus\u021binut de aproape 100 de exper\u021bi \u00een domeniul bolilor cardiovasculare legate de diabet, neurologie, boli oculare, nefrologie, chirurgie vascular\u0103, ortopedie \u0219i boli de piele infec\u021bioase.<\/p>\n<p>\u00cen plus, DIAM (Centrul de Practic\u0103 \u0219i Cercetare pentru Diabet) este sus\u021binut de aproape 100 de exper\u021bi \u00een domeniul bolilor cardiovasculare legate de diabet, neurologie, boli oculare, nefrologie, chirurgie vascular\u0103, ortopedie \u0219i boli de piele infec\u021bioase.<\/p>\n<p>\n<\/div><div class=\"btClear btSeparator topSmallSpaced noBorder\" ><hr><\/div><header class=\"header btClear large btDash bottomDash  btAccentDash\" ><div class=\"dash\"><h2><span class=\"headline\">De ce suntem diferi\u0163i?<\/span><\/h2><\/div><\/header><div class=\"btClear btSeparator topExtraSmallSpaced noBorder\" ><hr><\/div><header class=\"header btClear medium btDash bottomDash  btAccentDash\" ><div class=\"dash\"><h3><span class=\"headline\">Primul Centru de Diabet de Concept Interna\u021bional<\/span><\/h3><\/div><\/header><div class=\"btClear btSeparator topExtraSmallSpaced noBorder\" ><hr><\/div><div class=\"btText\" ><\/p>\n<p><strong>Grupul Florence Nightingale Diabet Practice \u0219i Centrul de Cercetare (DIAM)<\/strong> este primul centru de diabet zaharat de concept interna\u021bional din \u021bara noastr\u0103 care ofer\u0103 servicii \u00een zece limbi diferite. Pacien\u021bii cu diabet zaharat care se adreseaz\u0103 centrului nostru sunt monitoriza\u021bi constant cu sistemul de monitorizare a glucozei \u0219i \u00een \u021b\u0103rile \u00een care se duc dup\u0103 terminarea tratamentului.<\/p>\n<p>\n<\/div><div class=\"btClear btSeparator topSmallSpaced noBorder\" ><hr><\/div><header class=\"header btClear medium btDash bottomDash  btAccentDash\" ><div class=\"dash\"><h3><span class=\"headline\">Centrul de Diabet Utilizarea de \u00eenalt\u0103 tehnologie cel mai intens<\/span><\/h3><\/div><\/header><div class=\"btClear btSeparator topExtraSmallSpaced noBorder\" ><hr><\/div><div class=\"btText\" ><\/p>\n<p>\u00cempreun\u0103 cu tehnologia avansat\u0103, rolul tehnologiei \u00eenalte \u00een monitorizarea \u0219i tratamentul diabetului zaharat cre\u0219te treptat. DIAM conduce utilizarea de \u00eenalt\u0103 tehnologie \u00een diabet. \u00cen centrul nostru, pacien\u021bii diabetici sunt monitoriza\u021bi timp de 24 de ore de c\u0103tre echipa noastr\u0103 folosind sistemul CGM (m\u0103surarea continu\u0103 a glucozei). Cre\u0219terea brusc\u0103 \u0219i sc\u0103derea valorilor sanguine ale zah\u0103rului pacientului sunt monitorizate de un sistem special de alarm\u0103. Pacientului i se furnizeaz\u0103 perfuzie de insulin\u0103 de 24 de ore printr-o pomp\u0103 de plasture (cu sisteme f\u0103r\u0103 fir de pomp\u0103 de insulin\u0103), un dispozitiv mic ata\u0219at la bra\u021b, iar doza de insulin\u0103 este ajustat\u0103 cu dispozitivul de control de la distan\u021b\u0103 \u0219i func\u021bioneaz\u0103 \u00een conformitate cu CGM.<\/p>\n<p>\n<\/div><div class=\"btClear btSeparator topSmallSpaced noBorder\" ><hr><\/div><header class=\"header btClear medium btDash bottomDash  btAccentDash\" ><div class=\"dash\"><h3><span class=\"headline\">Primul centru de diabet zaharat de monitorizare a diabetului cu ajutorul telemedicinei (monitorizare \u0219i tratament de la distan\u021b\u0103)<\/span><\/h3><\/div><\/header><div class=\"btClear btSeparator topExtraSmallSpaced noBorder\" ><hr><\/div><div class=\"btText\" ><\/p>\n<p style=\"font-weight: 400;\">Pacien\u021bii cu diabet zaharat trebuie s\u0103 verifice \u00een mod constant zah\u0103rul din s\u00e2nge pe tot parcursul vie\u021bii, s\u0103 poat\u0103 ar\u0103ta rezultatele zah\u0103rului din s\u00e2nge echipei medicale de fiecare dat\u0103, s\u0103 fac\u0103 o programare \u0219i s\u0103 mearg\u0103 la spital. Acesta este un proces consumator de mult timp. Datorit\u0103 aplica\u021biilor de telemedicin\u0103 \u0219i sistemelor integrate cu sisteme de m\u0103surare a glucozei, sau cu CGM, pacientul trebuie s\u0103 mearg\u0103 la spital f\u0103r\u0103 a se confrunta cu aceste provoc\u0103ri pentru prima dat\u0103. poate comunica cu u\u0219urin\u021b\u0103 cu centrul nostru. Poate lua rezultate cu sisteme de acces la distan\u021b\u0103. Control\u0103m \u0219i trat\u0103m leziunile organelor diabetice \u00eentr-un singur centru<\/p>\n<p>\n<\/div><div class=\"btClear btSeparator topSmallSpaced noBorder\" ><hr><\/div><header class=\"header btClear medium btDash bottomDash  btAccentDash\" ><div class=\"dash\"><h3><span class=\"headline\">Control\u0103m \u0219i trat\u0103m leziunile organelor diabetice \u00eentr-un singur centru<\/span><\/h3><\/div><\/header><div class=\"btClear btSeparator topExtraSmallSpaced noBorder\" ><hr><\/div><div class=\"btText\" ><\/p>\n<p>Diabetul este o boal\u0103 care poate afecta multe organe din organism \u00een timp. Nu numai zah\u0103rul din s\u00e2nge al pacientului, ci \u0219i bolile cardiovasculare diabetice, bolile renale, bolile oculare, leziunile \u021besutului nervos, resorb\u021bia osoas\u0103 &#8211; osteoporoza etc. trebuie monitorizate \u00een mod constant de c\u0103tre medici califica\u021bi. \u00cen centrul nostru, aceste servicii sunt oferite pacien\u021bilor diabetici sub acela\u0219i acoperi\u0219 \u00een acela\u0219i mediu f\u0103r\u0103 pierderi de timp, iar procesele sunt finalizate \u00een aceea\u0219i zi.<\/p>\n<p>\n<\/div><div class=\"btClear btSeparator topSmallSpaced noBorder\" ><hr><\/div><header class=\"header btClear medium btDash bottomDash  btAccentDash\" ><div class=\"dash\"><h3><span class=\"headline\">V\u0103 inform\u0103m \u00een prealabil despre riscurile viitoare ale bolii prin aplica\u021bia \u201eDiabet Check-up\u201d<\/span><\/h3><\/div><\/header><div class=\"btClear btSeparator topExtraSmallSpaced noBorder\" ><hr><\/div><div class=\"btText\" ><\/p>\n<p>Cu controlul diabetului zaharat, este posibil s\u0103 se diagnosticheze \u0219i s\u0103 se \u00eenve\u021be bolile \u00eenainte de deteriorarea organelor datorit\u0103 tehnologiilor medicale avansate \u00een diabetul zaharat. Indiferent dac\u0103 vor exista leziuni ale ochilor \u00een viitor din cauza diabetului zaharat, tulbur\u0103ri renale sau leziuni ale nervilor datorate diabetului zaharat, stenoza vascular\u0103 la picioare, osteoporoza (resorb\u021bia osoas\u0103) sau boala coronarian\u0103 sunt susceptibile de a fi recunoscute zece ani \u00eenainte de apari\u021bia tulbur\u0103rilor \u0219i de a lua m\u0103suri de precau\u021bie.<\/p>\n<p>Venind la centrul nostru, pute\u021bi finaliza controalele \u00een jum\u0103tate de zi \u0219i pute\u021bi ob\u021bine informa\u021bii. \u00cen centrul nostru, persoanele care sunt membri ai clubului special de diabet se pot \u00eenscrie \u00eentr-o \u0219coal\u0103 continu\u0103 de educa\u021bie a pacien\u021bilor. Pute\u021bi afla despre diabet, urm\u00e2nd diferite subiecte \u00een diferite zile gratuit, \u0219i pute\u021bi finaliza programul de \u0219coal\u0103 pentru diabet zaharat.<\/p>\n<p>Cu \u201e\u0218coala de Diabet\u201d, oferim educa\u021bie continu\u0103 a diabetului zaharat \u0219i oferim sprijin \u00een managementul diabetului zaharat.<\/p>\n<p>\u00cen centrul nostru, pacien\u021bii diabetici pot, de asemenea, s\u0103 urmeze cursuri de diabet high-tech (pomp\u0103 de insulin\u0103, pompe f\u0103r\u0103 fir, metoda de m\u0103surare continu\u0103 a glucozei) gratuit \u0219i pot consulta un specialist pentru problemele lor.<\/p>\n<p>\n<\/div><div class=\"btClear btSeparator topSemiSpaced noBorder\" ><hr><\/div><div class=\"boldRow boldInnerRow  \" ><div class=\"rowItem rowInnerItem col-md-4  btTextCenter inherit btNoPadding\" style=\"border: 1px solid #999;background-color: rgba(241, 241, 241, 1);\" ><div class=\"rowItemContent\"><div class=\"bpgPhoto btTextCenter\" ><div class=\"btImage\"><img decoding=\"async\" src=\"https:\/\/groupflorence.com\/ro\/wp-content\/uploads\/2020\/10\/Ela-Keskin.jpg\" alt=\"\" title=\"\"><\/div><\/div><div class=\"btIconImageRow btIconsHalfHoverPosition\" ><\/div><div class=\"btClear btSeparator topSmallSpaced noBorder\" ><hr><\/div><div class=\"btText\" ><\/p>\n<h4><a href=\"https:\/\/groupflorence.com\/ro\/doctors\/fatma-ela-keskin\/\">Assoc. Prof. Fatma Ela Keskin, MD<\/a><\/h4>\n<p>\n<\/div><div class=\"btClear btSeparator bottomExtraSmallSpaced noBorder\" ><hr><\/div><a href=\"https:\/\/groupflorence.com\/ro\/doctors\/fatma-ela-keskin\/\" class=\"btBtn btBtn btnFilledStyle btnLightColor btnSmall btnNormalWidth btnRightPosition btnNoIcon\"  target=\"_blank\"><span class=\"btnInnerText\">VIEW CV<\/span><\/a><div class=\"btClear btSeparator topExtraSmallSpaced bottomSmallSpaced noBorder\" ><hr><\/div><\/div><\/div><div class=\"rowItem rowInnerItem col-md-4  btTextCenter inherit btNoPadding\" style=\"border: 1px solid #999;background-color: rgba(241, 241, 241, 1);\" ><div class=\"rowItemContent\"><div class=\"bpgPhoto btTextCenter\" ><div class=\"btImage\"><img decoding=\"async\" src=\"https:\/\/groupflorence.com\/ro\/wp-content\/uploads\/2020\/10\/Temel-Yilmaz.jpg\" alt=\"\" title=\"\"><\/div><\/div><div class=\"btIconImageRow btIconsHalfHoverPosition\" ><\/div><div class=\"btClear btSeparator topSmallSpaced noBorder\" ><hr><\/div><div class=\"btText\" ><\/p>\n<h4><a href=\"https:\/\/groupflorence.com\/ro\/doctors\/m-temel-yilmaz\/\">Prof. M. Temel Y\u0131lmaz, MD<\/a><\/h4>\n<p>\n<\/div><div class=\"btClear btSeparator bottomExtraSmallSpaced noBorder\" ><hr><\/div><a href=\"https:\/\/groupflorence.com\/ro\/doctors\/m-temel-yilmaz\/\" class=\"btBtn btBtn btnFilledStyle btnLightColor btnSmall btnNormalWidth btnRightPosition btnNoIcon\"  target=\"_blank\"><span class=\"btnInnerText\">VIEW CV<\/span><\/a><div class=\"btClear btSeparator topExtraSmallSpaced bottomSmallSpaced noBorder\" ><hr><\/div><\/div><\/div><div class=\"rowItem rowInnerItem col-md-4  btTextCenter inherit btNoPadding\" style=\"background-color: rgba(241, 241, 241, 1);\" ><div class=\"rowItemContent\"><\/div><\/div><\/div><div class=\"btClear btSeparator topSemiSpaced noBorder\" ><hr><\/div><header class=\"header btClear medium btDash bottomDash  btAccentDash\" ><div class=\"dash\"><h3><span class=\"headline\"><em>Contact Us Now<\/em><\/span><\/h3><\/div><\/header><div class=\"btClear btSeparator bottomSmallSpaced noBorder\" ><hr><\/div><div class=\"btText\" >\n<div class=\"wpcf7 no-js\" id=\"wpcf7-f2891-o1\" lang=\"tr-TR\" dir=\"ltr\" data-wpcf7-id=\"2891\">\n<div class=\"screen-reader-response\"><p role=\"status\" aria-live=\"polite\" aria-atomic=\"true\"><\/p> <ul><\/ul><\/div>\n<form action=\"\/ro\/wp-json\/wp\/v2\/pages\/2417#wpcf7-f2891-o1\" method=\"post\" class=\"wpcf7-form init wpcf7-acceptance-as-validation\" aria-label=\"\u0130leti\u015fim Formu\" novalidate=\"novalidate\" data-status=\"init\">\n<fieldset class=\"hidden-fields-container\"><input type=\"hidden\" name=\"_wpcf7\" value=\"2891\" \/><input type=\"hidden\" name=\"_wpcf7_version\" value=\"6.1.5\" \/><input type=\"hidden\" name=\"_wpcf7_locale\" value=\"tr_TR\" \/><input type=\"hidden\" name=\"_wpcf7_unit_tag\" value=\"wpcf7-f2891-o1\" \/><input type=\"hidden\" name=\"_wpcf7_container_post\" value=\"0\" \/><input type=\"hidden\" name=\"_wpcf7_posted_data_hash\" value=\"\" \/>\n<\/fieldset>\n<p style=\"margin-bottom:30px !important;\">\u00cen timp ce completa\u021bi formularul de contact de mai jos, pute\u021bi, de asemenea, s\u0103 ne trimite\u021bi fi\u0219ierele medicale ale pacientului\/dumneavoastr\u0103 prin <strong>transfer<\/strong>. A doua opinie medical\u0103 v\u0103 va fi prezentat\u0103 \u00een termen de 48 de ore.\n<\/p>\n<div class=\"boldRow boldInnerRow  \">\n\t<div class=\"rowItem rowInnerItem col-md-6  btTextLeft\">\n\t\t<div class=\"rowItemContent\">\n\t\t\t<p><label><span class=\"bt_bb_required\">Numele t\u0103u<\/span><br \/>\n<span class=\"wpcf7-form-control-wrap\" data-name=\"your-name\"><input size=\"40\" maxlength=\"400\" class=\"wpcf7-form-control wpcf7-text wpcf7-validates-as-required\" aria-required=\"true\" aria-invalid=\"false\" value=\"\" type=\"text\" name=\"your-name\" \/><\/span> <\/label>\n\t\t\t<\/p>\n\t\t\t<p><label><span class=\"bt_bb_required\">E-mailul dvs.<\/span><br \/>\n<span class=\"wpcf7-form-control-wrap\" data-name=\"your-email\"><input size=\"40\" maxlength=\"400\" class=\"wpcf7-form-control wpcf7-email wpcf7-validates-as-required wpcf7-text wpcf7-validates-as-email\" aria-required=\"true\" aria-invalid=\"false\" value=\"\" type=\"email\" name=\"your-email\" \/><\/span> <\/label>\n\t\t\t<\/p>\n\t\t\t<p><label><span class=\"bt_bb_required\">Telefonul dvs.<\/span><br \/>\n<span class=\"wpcf7-form-control-wrap\" data-name=\"your-phone\"><input size=\"40\" class=\"wpcf7-form-control wpcf7-phonetext wpcf7-text wpcf7-validates-as-phonetext\" id=\"int_phone\" aria-invalid=\"false\" value=\"\" type=\"text\" name=\"your-phone\" \/><input type=\"hidden\" name=\"your-phone-country-code\" class=\"wpcf7-phonetext-country-code\" \/><\/span> <\/label>\n\t\t\t<\/p>\n\t\t\t<p><label><span class=\"bt_bb_required\">Mesajul dvs.<\/span><br \/>\n<span class=\"wpcf7-form-control-wrap\" data-name=\"your-message\"><textarea cols=\"40\" rows=\"10\" maxlength=\"2000\" class=\"wpcf7-form-control wpcf7-textarea wpcf7-validates-as-required\" aria-required=\"true\" aria-invalid=\"false\" name=\"your-message\"><\/textarea><\/span> <\/label>\n\t\t\t<\/p>\n\t\t\t<p><label><span class=\"bt_bb_required\" style=\"margin-top:25px !important;\"><span class=\"wpcf7-form-control-wrap\" data-name=\"accept-this-1\"><span class=\"wpcf7-form-control wpcf7-acceptance\"><span class=\"wpcf7-list-item\"><label><input type=\"checkbox\" name=\"accept-this-1\" value=\"1\" aria-invalid=\"false\" \/><span class=\"wpcf7-list-item-label\">Sunt de acord cu <a target=\"_blank\" href=\"https:\/\/groupflorence.com\/ro\/terms-of-use\/\">Termenii \u0219i Serviciile<\/a>.<\/span><\/label><\/span><\/span><\/span><\/span><\/label>\n\t\t\t<\/p>\n\t\t\t<p><input class=\"wpcf7-form-control wpcf7-submit has-spinner contact_button_int\" type=\"submit\" value=\"TRIMITE MESAJ\" \/>\n\t\t\t<\/p>\n\t\t<\/div>\n\t<\/div>\n\t<div class=\"rowItem rowInnerItem col-md-6  btTextLeft\">\n\t\t<div class=\"rowItemContent\">\n\t\t\t<p align=\"center\" style=\"margin-top:30px;\"><br \/>\n<a href=\"http:\/\/florencenightingale.wetransfer.com\/\" target=\"_blank\" title=\"Click Here To Transfer Your Documents via WeTransfer\"><img decoding=\"async\"  align=\"center\" style=\"max-width:250px !important;\" class=\"lazy loaded\" src=\"https:\/\/groupflorence.com\/ro\/wp-content\/uploads\/2020\/08\/89130-wetransfer-default-logo-rgb-original-1365619064-e1599162229581.png\" data-src=\"https:\/\/groupflorence.com\/ro\/wp-content\/uploads\/2020\/08\/89130-wetransfer-default-logo-rgb-original-1365619064-e1599162229581.png\" alt=\"Click Here To Transfer Your Documents via WeTransfer\" title=\"Click Here To Transfer Your Documents via WeTransfer\" data-was-processed=\"true\" \/><\/a>\n\t\t\t<\/p>\n\t\t\t<h3 align=\"center\"><a href=\"http:\/\/florencenightingale.wetransfer.com\/\" target=\"_blank\" title=\"Click Here To Transfer Your Documents via WeTransfer\">Trimite prin WeTransfer<\/a>\n\t\t\t<\/h3>\n\t\t\t<p align=\"center\">Pute\u021bi trimite documentele dvs. medicale supradimensionate (\u00eenregistr\u0103ri RMN, rezultate de laborator, imagini etc.) folosind contul nostru WeTransfer. Este u\u0219or, rapid \u0219i sigur.\n\t\t\t<\/p>\n\t\t<\/div>\n\t\t<center>\n\t\t\t<p><a href=\"http:\/\/florencenightingale.wetransfer.com\/\" class=\"btBtn btBtn btnFilledStyle btnAccentColor btnSmall btnNormalWidth btnRightPosition btnNoIcon\" target=\"_blank\"><span class=\"btnInnerText\">Trimite acum<\/span><\/a>\n\t\t\t<\/p>\n\t\t<\/center>\n\t<\/div>\n<\/div><div class=\"wpcf7-response-output\" aria-hidden=\"true\"><\/div>\n<\/form>\n<\/div>\n<\/div><div class=\"btClear btSeparator topSpaced noBorder\" ><hr><\/div><\/div><\/div><\/div><\/div><\/div><\/div><\/div><\/section>\n","protected":false},"excerpt":{"rendered":"","protected":false},"author":1,"featured_media":0,"parent":2306,"menu_order":60,"comment_status":"closed","ping_status":"closed","template":"","meta":{"footnotes":""},"class_list":["post-2417","page","type-page","status-publish","hentry"],"_links":{"self":[{"href":"https:\/\/groupflorence.com\/ro\/wp-json\/wp\/v2\/pages\/2417","targetHints":{"allow":["GET"]}}],"collection":[{"href":"https:\/\/groupflorence.com\/ro\/wp-json\/wp\/v2\/pages"}],"about":[{"href":"https:\/\/groupflorence.com\/ro\/wp-json\/wp\/v2\/types\/page"}],"author":[{"embeddable":true,"href":"https:\/\/groupflorence.com\/ro\/wp-json\/wp\/v2\/users\/1"}],"replies":[{"embeddable":true,"href":"https:\/\/groupflorence.com\/ro\/wp-json\/wp\/v2\/comments?post=2417"}],"version-history":[{"count":4,"href":"https:\/\/groupflorence.com\/ro\/wp-json\/wp\/v2\/pages\/2417\/revisions"}],"predecessor-version":[{"id":6131,"href":"https:\/\/groupflorence.com\/ro\/wp-json\/wp\/v2\/pages\/2417\/revisions\/6131"}],"up":[{"embeddable":true,"href":"https:\/\/groupflorence.com\/ro\/wp-json\/wp\/v2\/pages\/2306"}],"wp:attachment":[{"href":"https:\/\/groupflorence.com\/ro\/wp-json\/wp\/v2\/media?parent=2417"}],"curies":[{"name":"wp","href":"https:\/\/api.w.org\/{rel}","templated":true}]}}