{"id":2409,"date":"2020-08-18T14:23:53","date_gmt":"2020-08-18T11:23:53","guid":{"rendered":"https:\/\/groupflorence.com\/ro\/?page_id=2409"},"modified":"2020-12-17T02:03:01","modified_gmt":"2020-12-16T23:03:01","slug":"check-up","status":"publish","type":"page","link":"https:\/\/groupflorence.com\/ro\/centers-treatments\/check-up\/","title":{"rendered":"Check-Up"},"content":{"rendered":"<section id=\"bt_section69ec4e02d891e\"  class=\"boldSection gutter\" ><div class=\"port\"><div class=\"boldCell\"><div class=\"boldCellInner\"><div class=\"boldRow  \" ><div class=\"boldRowInner\"><div class=\"rowItem col-md-4 col-ms-12 btTextLeft\"  ><div class=\"rowItemContent\" ><div class=\"btClear btSeparator topSpaced noBorder\" ><hr><\/div><div class=\"btCustomMenu treatment-sidebar\" ><div class=\"menu-check-up-container\"><ul id=\"menu-check-up\" class=\"menu\"><li id=\"menu-item-3883\" class=\"menu-item menu-item-type-post_type menu-item-object-page menu-item-has-children menu-item-3883\"><a href=\"https:\/\/groupflorence.com\/ro\/centers-treatments\/\">Centre &#038; Departamente<\/a><ul class=\"sub-menu\"><li id=\"menu-item-3884\" class=\"menu-item menu-item-type-post_type menu-item-object-page menu-item-3884\"><a href=\"https:\/\/groupflorence.com\/ro\/centers-treatments\/check-up\/\">Check-Up<\/a><\/li><\/ul><\/li>\n<\/ul><\/div><\/div><div class=\"btClear btSeparator topSemiSpaced noBorder\" ><hr><\/div><div class=\"boldRow boldInnerRow  bt_bb_hidden_xs bt_bb_hidden_ms bt_bb_hidden_sm\" ><div class=\"rowItem rowInnerItem col-md-12  btTextCenter btMiddleVertical\"  ><div class=\"rowItemContent\"><div class=\"bpgPhoto btTextCenter\" > \r\n\t\t\t\t\t<a href=\"https:\/\/groupflorence.com\/ro\/patient-guide\/covid-19-precautions\/\" target=\"_blank\" title=\"\"><\/a>\r\n\t\t\t\t\t<div class=\"boldPhotoBox\"><div class=\"bpbItem\"><div class = \"btImage\"><img decoding=\"async\" src=\"https:\/\/groupflorence.com\/ro\/wp-content\/uploads\/2020\/12\/covid-safe-sidebar-320x186.jpg\" alt=\"\" title=\"\" ><\/div><\/div><\/div>\r\n\t\t\t\t\t<div class=\"captionPane\">\r\n\t\t\t\t\t\t<div class=\"captionTable\">\r\n\t\t\t\t\t\t\t<div class=\"captionCell\">\r\n\t\t\t\t\t\t\t\t<div class=\"captionTxt\"><\/div>\r\n\t\t\t\t\t\t\t<\/div>\r\n\t\t\t\t\t\t<\/div>\r\n\t\t\t\t\t<\/div><\/div><div class=\"btClear btSeparator topSmallSpaced bottomSmallSpaced border\" ><hr><\/div><a href=\"https:\/\/groupflorence.com\/ro\/contact-us\/\" class=\"btBtn btBtn btnFilledStyle btnAccentColor btnBig btnNormalWidth btnLeftPosition btnNoIcon\" ><span class=\"btnInnerText\">Ask A Question<\/span><\/a><\/div><\/div><\/div><\/div><\/div><div class=\"rowItem col-md-8 col-ms-12 btTextLeft\"  ><div class=\"rowItemContent\" ><div class=\"btClear btSeparator topSemiSpaced noBorder\" ><hr><\/div><header class=\"header btClear medium btDash bottomDash  btNormalDash\" ><div class=\"dash\"><h3><span class=\"headline\"><b class=\"animate\">Check Up<\/b><\/span><\/h3><\/div><\/header><div class=\"btClear btSeparator topExtraSmallSpaced noBorder\" ><hr><\/div><div class=\"btText\" ><\/p>\n<p>Verificarea define\u0219te screening-ul periodic pentru s\u0103n\u0103tate efectuat la persoanele s\u0103n\u0103toase care nu au pl\u00e2ngeri pentru a asigura continuitatea st\u0103rii lor generale de s\u0103n\u0103tate \u0219i pentru a identifica poten\u021bialele boli \u00een stadii incipiente.<\/p>\n<p>\u00cen grupul nostru de spitale din Florence Nightingale Check-up \u0219i Centrul de Wellness; dac\u0103 examin\u0103rile \u0219i testele indic\u0103 o afec\u021biune care prezint\u0103 un risc pentru orice boal\u0103 sau boal\u0103 \u00een sine, timpul este economisit prin m\u0103suri preventive \u0219i metode de tratament precoce. Dac\u0103 debutul bolii nu este detectat, este destinat pacien\u021bilor s\u0103 ob\u021bin\u0103 obiceiurile necesare pentru continuitatea bun\u0103st\u0103rii.<\/p>\n<p>\u00cen ultimii ani, ca o cerin\u021b\u0103 a vie\u021bii moderne, controlul periodic al s\u0103n\u0103t\u0103\u021bii prin intermediul programelor de verificare c\u00e2\u0219tig\u0103 importan\u021b\u0103. Detectarea riscurilor \u0219i punerea \u00een aplicare timpurie a m\u0103surilor de precau\u021bie necesare sunt permise folosind diferite pachete de screening de s\u0103n\u0103tate, care sunt preg\u0103tite \u021bin\u00e2nd cont de v\u00e2rsta, sexul, povara genetic\u0103, via\u021ba social\u0103, obiceiurile de exerci\u021biu \u0219i condi\u021biile de mediu ale persoanei.<\/p>\n<p>\u00cen Grupul Florence Nightingale Hospital Check-up \u0219i Wellness Center; riscurile personale de s\u0103n\u0103tate sunt identificate \u0219i sunt planificate \u00eencerc\u0103rile de screening necesare. Astfel, nu numai un organ sau un sistem de organe al corpului, ci \u0219i s\u0103n\u0103tatea fizic\u0103 \u0219i mental\u0103 sunt manipulate \u00eempreun\u0103.<\/p>\n<p>Evaluarea riscurilor personale cuprinde abordarea multidisciplinar\u0103 preventiv\u0103, individualizat\u0103 prin integrarea medicinii bazate pe dovezi cu medicina tradi\u021bional\u0103. Se evalueaz\u0103 facilit\u0103\u021bile medicinii regenerative, cum ar fi celulele stem.<\/p>\n<p>\n<\/div><div class=\"btClear btSeparator topSmallSpaced noBorder\" ><hr><\/div><header class=\"header btClear medium btDash bottomDash  btAccentDash\" ><div class=\"dash\"><h3><span class=\"headline\">Ce aspecte ale oamenilor sunt luate \u00een considerare \u00een Programul de analiz\u0103 personalizat\u0103 a s\u0103n\u0103t\u0103\u021bii?<\/span><\/h3><\/div><\/header><div class=\"btClear btSeparator topExtraSmallSpaced noBorder\" ><hr><\/div><div class=\"btText\" ><\/p>\n<p>\u00cen cadrul Grupului Florence Nightingale Hospital Check-up \u0219i Centrul de Wellness; pachetul nostru de control de baz\u0103 include urm\u0103toarele, \u00een plus fa\u021b\u0103 de examinarea efectuat\u0103 de un specialist \u00een medicin\u0103 intern\u0103 sau de un cardiolog;<\/p>\n<ul>\n<li>CBC,<\/li>\n<li>Evaluarea func\u021biilor organelor (cum ar fi ficatul \u0219i rinichii),<\/li>\n<li>Lipidele din s\u00e2nge (HDL colesterol, LDL-colesterol, trigliceride) \u0219i nivelurile de zah\u0103r din s\u00e2nge,<\/li>\n<li>Electroli\u021bi,<\/li>\n<li>Viteza de sedimentare a eritrocitelor \u0219i CRP;<\/li>\n<li>Nivelul hormonilor tiroidieni,<\/li>\n<li>Examin\u0103ri radiologice ale pl\u0103m\u00e2nilor \u0219i abdomenului,<\/li>\n<li>Electrocardiografie (ECG).<\/li>\n<\/ul>\n<p>\u00cen plus fa\u021b\u0103 de testele de verificare de baz\u0103, exist\u0103 \u0219i examin\u0103ri, inclusiv panourile care se concentreaz\u0103 pe pl\u00e2ngerile \u0219i a\u0219tept\u0103rile persoanei. Printre acestea se num\u0103r\u0103;<\/p>\n<ul>\n<li>Bolile cardiovasculare \u0219i panoul de risc al accidentului<\/li>\n<li>Panoul pentru riscul cancerului<\/li>\n<li>Panou de gestionare greutate<\/li>\n<li>Deficitul de energie, panoul hormonal de s\u0103n\u0103tate<\/li>\n<li>Micronutrien\u021bi, vitamine, minerale (elemente) panou<\/li>\n<li>Panoul de evaluare memorie<\/li>\n<li>Panoul de evaluare a performan\u0163ei cardiopulmonare<\/li>\n<li>Panou anti-\u00eemb\u0103tr\u00e2nire (analiza \u00eemb\u0103tr\u00e2nirii s\u0103n\u0103toase)<\/li>\n<li>Tastarea biofizic\u0103 structural\u0103 cu acupunctur\u0103 (recunoa\u0219terea punctelor slabe \u0219i a punctelor forte ale unei persoane).<\/li>\n<\/ul>\n<p>\n<\/div><div class=\"btClear btSeparator topSmallSpaced noBorder\" ><hr><\/div><header class=\"header btClear medium btDash bottomDash  btAccentDash\" ><div class=\"dash\"><h3><span class=\"headline\">Program de verificare specific femeilor<\/span><\/h3><\/div><\/header><div class=\"btClear btSeparator topExtraSmallSpaced noBorder\" ><hr><\/div><div class=\"btText\" ><\/p>\n<p>\u00cen pachetele noastre de verificare a s\u0103n\u0103t\u0103\u021bii femeilor, vizitatorii no\u0219tri de toate v\u00e2rstele sunt examina\u021bi de speciali\u0219ti \u00een medicin\u0103 intern\u0103, oftalmologi, ginecologi \u0219i obstetricieni pe baza grupei lor de v\u00e2rst\u0103.<\/p>\n<p>Urm\u0103toarele teste sunt efectuate \u00een plus fa\u021b\u0103 de examin\u0103rile incluse \u00een pachetul nostru de control de baz\u0103 pentru astfel de persoane;<\/p>\n<ul>\n<li>Mamografia (\u00een fiecare an pentru femeile cu v\u00e2rsta peste 40 de ani; de la v\u00e2rsta de 30 de ani pentru femeile cu antecedente familiale de cancer de s\u00e2n) \u0219i ultrasonografia s\u00e2nului,<\/li>\n<li>test de frotiu Papanicolau;<\/li>\n<li>Test de s\u00e2nge ocult fecal,<\/li>\n<\/ul>\n<p>Teste<\/p>\n<ul>\n<li>ale func\u0163iei respiratorii.<\/li>\n<\/ul>\n<p>\u00cen plus, se efectueaz\u0103 \u0219i examin\u0103ri ORL \u0219i examinarea bolilor toracice.<\/p>\n<p>\n<\/div><div class=\"btClear btSeparator topSmallSpaced noBorder\" ><hr><\/div><header class=\"header btClear medium btDash bottomDash  btAccentDash\" ><div class=\"dash\"><h3><span class=\"headline\">Program de verificare specific b\u0103rba\u0163ilor<\/span><\/h3><\/div><\/header><div class=\"btClear btSeparator topExtraSmallSpaced noBorder\" ><hr><\/div><div class=\"btText\" ><\/p>\n<p>\u00cen pachetele noastre de verificare a s\u0103n\u0103t\u0103\u021bii b\u0103rba\u021bilor; vizitatorii de sex masculin de toate v\u00e2rstele sunt examina\u021bi de un specialist \u00een medicin\u0103 intern\u0103, oftalmolog \u0219i urolog pe baza grupei lor de v\u00e2rst\u0103.<\/p>\n<p>\u00cen plus fa\u021b\u0103 de pachetul nostru de verificare de baz\u0103 pentru aceste persoane, se efectueaz\u0103 \u0219i urm\u0103toarele examin\u0103ri;<\/p>\n<ul>\n<li>PSA \u0219i valorile PSA libere;<\/li>\n<li>Teste de s\u00e2nge oculte fecale,<\/li>\n<\/ul>\n<p>Teste<\/p>\n<ul>\n<li>ale func\u0163iei respiratorii.<\/li>\n<\/ul>\n<p>\u00cen plus, se efectueaz\u0103 un examen ORL.<\/p>\n<p>\n<\/div><div class=\"btClear btSeparator topSmallSpaced noBorder\" ><hr><\/div><header class=\"header btClear medium btDash bottomDash  btAccentDash\" ><div class=\"dash\"><h3><span class=\"headline\">Program de verificare pentru copii<\/span><\/h3><\/div><\/header><div class=\"btClear btSeparator topExtraSmallSpaced noBorder\" ><hr><\/div><div class=\"btText\" ><\/p>\n<p>\u00cen pachetele noastre ChildHealth Child Check-up, urm\u0103toarele teste sunt efectuate \u00een plus fa\u021b\u0103 de examinarea de c\u0103tre pediatrii no\u0219tri;<\/p>\n<ul>\n<li>CBC.<\/li>\n<li>Zah\u0103r din s\u00e2nge<\/li>\n<li>Teste pentru sistemele de organe, cum ar fi ficatul \u0219i rinichii,<\/li>\n<li>\u00cencerc\u0103ri de legare a fierului;<\/li>\n<li>Nivelul hormonilor tiroidieni.<\/li>\n<\/ul>\n<p>\n<\/div><div class=\"btClear btSeparator topSmallSpaced noBorder\" ><hr><\/div><header class=\"header btClear medium btDash bottomDash  btAccentDash\" ><div class=\"dash\"><h3><span class=\"headline\">Care sunt programele speciale de verificare?<\/span><\/h3><\/div><\/header><div class=\"btClear btSeparator topExtraSmallSpaced noBorder\" ><hr><\/div><div class=\"btText\" ><\/p>\n<p>\u00cen cadrul Grupului Florence Nightingale Hospital Check-up \u0219i Wellness Center; continu\u0103m s\u0103 oferim sprijin \u00een anumite cazuri specifice, precum \u0219i prin utilizarea pachetelor de verificare preg\u0103tite \u00een func\u021bie de problemele vizitatorilor no\u0219tri.<\/p>\n<p>Pachetele de verificare implementate \u00een acest context includ:<\/p>\n<ul>\n<li>M-am l\u0103sat de fumat Check-up pachet,<\/li>\n<li>Pachet de verificare a ficatului,<\/li>\n<li>Pachet de verificare a s\u0103n\u0103t\u0103\u0163ii cardiace.<\/li>\n<\/ul>\n<p>\n<\/div><div class=\"btClear btSeparator topSmallSpaced noBorder\" ><hr><\/div><header class=\"header btClear medium btDash bottomDash  btAccentDash\" ><div class=\"dash\"><h3><span class=\"headline\">C\u00e2nd s\u0103 v\u0103 adresa\u021bi Centrului de Check-up \u0219i Wellness?<\/span><\/h3><\/div><\/header><div class=\"btClear btSeparator topExtraSmallSpaced noBorder\" ><hr><\/div><div class=\"btText\" ><\/p>\n<p>Datorit\u0103 schimb\u0103rilor de stil de via\u021b\u0103 implementate ca urmare a controalelor periodice de s\u0103n\u0103tate, este posibil s\u0103 se previn\u0103 bolile care pot ap\u0103rea \u00een viitor, cum ar fi bolile cardiace, diabetul, hipertensiunea arterial\u0103, anemia \u0219i resorb\u021bia osoas\u0103.<\/p>\n<p>Prin urmare;<\/p>\n<ul>\n<li>Dac\u0103 sunte\u021bi stresat la locul de munc\u0103 \u0219i\/sau \u00een via\u021ba de zi cu zi,<\/li>\n<li>Dac\u0103 ave\u0163i probleme cu valorile zah\u0103rului din s\u00e2nge (valori sc\u0103zute sau mari ale zah\u0103rului din s\u00e2nge),<\/li>\n<li>Dac\u0103 ave\u021bi nevoie de detoxifiere,<\/li>\n<li>Dac\u0103 ave\u021bi probleme cu sistemul digestiv,<\/li>\n<li>Dac\u0103 ave\u021bi factori de risc care pot duce la boli cardiovasculare,<\/li>\n<li>Dac\u0103 dori\u021bi s\u0103 ass\/cre\u0219te eficien\u021ba sistemului imunitar,<\/li>\n<li>Dac\u0103 ave\u021bi probleme cu hormoni tiroidieni, nivelurile de hormoni feminini sau masculini (sau au antecedente familiale),<\/li>\n<li>Dac\u0103 ave\u021bi simptome de tulpin\u0103 mental\u0103, cum ar fi oboseala cronic\u0103, probleme de somn, nivel ridicat de anxietate, v\u0103 recomand\u0103m s\u0103 fi\u021bi evaluat \u00eentr-o institu\u021bie medical\u0103 \u00eenainte de apari\u021bia oric\u0103rei boli.<\/li>\n<\/ul>\n<p>\n<\/div><div class=\"btClear btSeparator bottomSemiSpaced noBorder\" ><hr><\/div><div class=\"boldRow boldInnerRow  \" ><div class=\"rowItem rowInnerItem col-md-6  btTextLeft\"  ><div class=\"rowItemContent\"><div class=\"bpgPhoto btTextCenter\" ><div class=\"btImage\"><img decoding=\"async\" src=\"https:\/\/groupflorence.com\/ro\/wp-content\/uploads\/2020\/08\/d7bb40a0-c51e-44d0-ae24-1788552757f2_Cardiac20Check-Up1.jpg\" alt=\"\" title=\"\"><\/div><\/div><div class=\"btClear btSeparator bottomSmallSpaced noBorder\" ><hr><\/div><header class=\"header btClear small btDash bottomDash  btNormalDash\" ><div class=\"dash\"><h4><span class=\"headline\">Verificare detaliat\u0103 (sub 40 ani, Femeie)<\/span><\/h4><\/div><div class=\"btSubTitle\">Examenul de verificare, acidul uric, examenul ginecologic, creatinina<\/div><\/header><div class=\"btClear btSeparator bottomSmallSpaced noBorder\" ><hr><\/div><header class=\"header btClear small btDash bottomDash  btNormalDash\" ><div class=\"dash\"><h4><span class=\"headline\">Master Check-Up<br \/><br><\/span><\/h4><\/div><div class=\"btSubTitle\">Examenul de verificare, azotul ureei sanguine (BUN), radiografia toracic\u0103 (dou\u0103 fe\u021be), testul banda de alergare<\/div><\/header><\/div><\/div><div class=\"rowItem rowInnerItem col-md-6  btTextLeft\"  ><div class=\"rowItemContent\"><div class=\"bpgPhoto btTextCenter\" ><div class=\"btImage\"><img decoding=\"async\" src=\"https:\/\/groupflorence.com\/ro\/wp-content\/uploads\/2020\/08\/316c0313-ff58-4a41-aa07-9bb7414fb75a_Master20Check-Up1.jpg\" alt=\"\" title=\"\"><\/div><\/div><div class=\"btClear btSeparator bottomSmallSpaced noBorder\" ><hr><\/div><header class=\"header btClear small btDash bottomDash  btNormalDash\" ><div class=\"dash\"><h4><span class=\"headline\">Check-Up Cardiac\u0103<br \/><br><\/span><\/h4><\/div><div class=\"btSubTitle\">Examinarea cardiologie, ecocardiografie, radiografie toracic\u0103 (dou\u0103 fe\u021be), test de banda de alergare<\/div><\/header><div class=\"btClear btSeparator bottomSmallSpaced noBorder\" ><hr><\/div><header class=\"header btClear small btDash bottomDash  btNormalDash\" ><div class=\"dash\"><h4><span class=\"headline\">Detailed Check-Up (Over 40y.old, Female)<br \/><br><\/span><\/h4><\/div><div class=\"btSubTitle\">Check-up examination, Gynaecological examination, Breast ultrasonograpghy (Bilateral), Mamography (Bilateral)<br \/><br><\/div><\/header><\/div><\/div><\/div><div class=\"btClear btSeparator topSemiSpaced noBorder\" ><hr><\/div><div class=\"boldRow boldInnerRow  \" ><div class=\"rowItem rowInnerItem col-md-4  btTextCenter inherit btNoPadding\" style=\"border: 1px solid #999;background-color: rgba(241, 241, 241, 1);\" ><div class=\"rowItemContent\"><div class=\"bpgPhoto btTextCenter\" ><div class=\"btImage\"><img decoding=\"async\" src=\"https:\/\/groupflorence.com\/ro\/wp-content\/uploads\/2020\/10\/Ayd_n-Tunc_kale.jpg\" alt=\"\" title=\"\"><\/div><\/div><div class=\"btIconImageRow btIconsHalfHoverPosition\" ><\/div><div class=\"btClear btSeparator topSmallSpaced noBorder\" ><hr><\/div><div class=\"btText\" ><\/p>\n<h4><a href=\"https:\/\/groupflorence.com\/ro\/doctors\/aydin-tunckale\/\">Prof. Ayd\u0131n Tun\u00e7kale, MD<\/a><\/h4>\n<p>\n<\/div><div class=\"btClear btSeparator bottomExtraSmallSpaced noBorder\" ><hr><\/div><a href=\"https:\/\/groupflorence.com\/ro\/doctors\/aydin-tunckale\/\" class=\"btBtn btBtn btnFilledStyle btnLightColor btnSmall btnNormalWidth btnRightPosition btnNoIcon\"  target=\"_blank\"><span class=\"btnInnerText\">VIEW CV<\/span><\/a><div class=\"btClear btSeparator topExtraSmallSpaced bottomSmallSpaced noBorder\" ><hr><\/div><\/div><\/div><div class=\"rowItem rowInnerItem col-md-4  btTextCenter inherit btNoPadding\" style=\"background-color: rgba(241, 241, 241, 1);\" ><div class=\"rowItemContent\"><\/div><\/div><div class=\"rowItem rowInnerItem col-md-4  btTextCenter inherit btNoPadding\" style=\"background-color: rgba(241, 241, 241, 1);\" ><div class=\"rowItemContent\"><\/div><\/div><\/div><div class=\"btClear btSeparator topSemiSpaced noBorder\" ><hr><\/div><header class=\"header btClear medium btDash bottomDash  btAccentDash\" ><div class=\"dash\"><h3><span class=\"headline\"><em>Contact Us Now<\/em><\/span><\/h3><\/div><\/header><div class=\"btClear btSeparator bottomSmallSpaced noBorder\" ><hr><\/div><div class=\"btText\" >\n<div class=\"wpcf7 no-js\" id=\"wpcf7-f2891-o1\" lang=\"tr-TR\" dir=\"ltr\" data-wpcf7-id=\"2891\">\n<div class=\"screen-reader-response\"><p role=\"status\" aria-live=\"polite\" aria-atomic=\"true\"><\/p> <ul><\/ul><\/div>\n<form action=\"\/ro\/wp-json\/wp\/v2\/pages\/2409#wpcf7-f2891-o1\" method=\"post\" class=\"wpcf7-form init wpcf7-acceptance-as-validation\" aria-label=\"\u0130leti\u015fim Formu\" novalidate=\"novalidate\" data-status=\"init\">\n<fieldset class=\"hidden-fields-container\"><input type=\"hidden\" name=\"_wpcf7\" value=\"2891\" \/><input type=\"hidden\" name=\"_wpcf7_version\" value=\"6.1.5\" \/><input type=\"hidden\" name=\"_wpcf7_locale\" value=\"tr_TR\" \/><input type=\"hidden\" name=\"_wpcf7_unit_tag\" value=\"wpcf7-f2891-o1\" \/><input type=\"hidden\" name=\"_wpcf7_container_post\" value=\"0\" \/><input type=\"hidden\" name=\"_wpcf7_posted_data_hash\" value=\"\" \/>\n<\/fieldset>\n<p style=\"margin-bottom:30px !important;\">\u00cen timp ce completa\u021bi formularul de contact de mai jos, pute\u021bi, de asemenea, s\u0103 ne trimite\u021bi fi\u0219ierele medicale ale pacientului\/dumneavoastr\u0103 prin <strong>transfer<\/strong>. A doua opinie medical\u0103 v\u0103 va fi prezentat\u0103 \u00een termen de 48 de ore.\n<\/p>\n<div class=\"boldRow boldInnerRow  \">\n\t<div class=\"rowItem rowInnerItem col-md-6  btTextLeft\">\n\t\t<div class=\"rowItemContent\">\n\t\t\t<p><label><span class=\"bt_bb_required\">Numele t\u0103u<\/span><br \/>\n<span class=\"wpcf7-form-control-wrap\" data-name=\"your-name\"><input size=\"40\" maxlength=\"400\" class=\"wpcf7-form-control wpcf7-text wpcf7-validates-as-required\" aria-required=\"true\" aria-invalid=\"false\" value=\"\" type=\"text\" name=\"your-name\" \/><\/span> <\/label>\n\t\t\t<\/p>\n\t\t\t<p><label><span class=\"bt_bb_required\">E-mailul dvs.<\/span><br \/>\n<span class=\"wpcf7-form-control-wrap\" data-name=\"your-email\"><input size=\"40\" maxlength=\"400\" class=\"wpcf7-form-control wpcf7-email wpcf7-validates-as-required wpcf7-text wpcf7-validates-as-email\" aria-required=\"true\" aria-invalid=\"false\" value=\"\" type=\"email\" name=\"your-email\" \/><\/span> <\/label>\n\t\t\t<\/p>\n\t\t\t<p><label><span class=\"bt_bb_required\">Telefonul dvs.<\/span><br \/>\n<span class=\"wpcf7-form-control-wrap\" data-name=\"your-phone\"><input size=\"40\" class=\"wpcf7-form-control wpcf7-phonetext wpcf7-text wpcf7-validates-as-phonetext\" id=\"int_phone\" aria-invalid=\"false\" value=\"\" type=\"text\" name=\"your-phone\" \/><input type=\"hidden\" name=\"your-phone-country-code\" class=\"wpcf7-phonetext-country-code\" \/><\/span> <\/label>\n\t\t\t<\/p>\n\t\t\t<p><label><span class=\"bt_bb_required\">Mesajul dvs.<\/span><br \/>\n<span class=\"wpcf7-form-control-wrap\" data-name=\"your-message\"><textarea cols=\"40\" rows=\"10\" maxlength=\"2000\" class=\"wpcf7-form-control wpcf7-textarea wpcf7-validates-as-required\" aria-required=\"true\" aria-invalid=\"false\" name=\"your-message\"><\/textarea><\/span> <\/label>\n\t\t\t<\/p>\n\t\t\t<p><label><span class=\"bt_bb_required\" style=\"margin-top:25px !important;\"><span class=\"wpcf7-form-control-wrap\" data-name=\"accept-this-1\"><span class=\"wpcf7-form-control wpcf7-acceptance\"><span class=\"wpcf7-list-item\"><label><input type=\"checkbox\" name=\"accept-this-1\" value=\"1\" aria-invalid=\"false\" \/><span class=\"wpcf7-list-item-label\">Sunt de acord cu <a target=\"_blank\" href=\"https:\/\/groupflorence.com\/ro\/terms-of-use\/\">Termenii \u0219i Serviciile<\/a>.<\/span><\/label><\/span><\/span><\/span><\/span><\/label>\n\t\t\t<\/p>\n\t\t\t<p><input class=\"wpcf7-form-control wpcf7-submit has-spinner contact_button_int\" type=\"submit\" value=\"TRIMITE MESAJ\" \/>\n\t\t\t<\/p>\n\t\t<\/div>\n\t<\/div>\n\t<div class=\"rowItem rowInnerItem col-md-6  btTextLeft\">\n\t\t<div class=\"rowItemContent\">\n\t\t\t<p align=\"center\" style=\"margin-top:30px;\"><br \/>\n<a href=\"http:\/\/florencenightingale.wetransfer.com\/\" target=\"_blank\" title=\"Click Here To Transfer Your Documents via WeTransfer\"><img decoding=\"async\"  align=\"center\" style=\"max-width:250px !important;\" class=\"lazy loaded\" src=\"https:\/\/groupflorence.com\/ro\/wp-content\/uploads\/2020\/08\/89130-wetransfer-default-logo-rgb-original-1365619064-e1599162229581.png\" data-src=\"https:\/\/groupflorence.com\/ro\/wp-content\/uploads\/2020\/08\/89130-wetransfer-default-logo-rgb-original-1365619064-e1599162229581.png\" alt=\"Click Here To Transfer Your Documents via WeTransfer\" title=\"Click Here To Transfer Your Documents via WeTransfer\" data-was-processed=\"true\" \/><\/a>\n\t\t\t<\/p>\n\t\t\t<h3 align=\"center\"><a href=\"http:\/\/florencenightingale.wetransfer.com\/\" target=\"_blank\" title=\"Click Here To Transfer Your Documents via WeTransfer\">Trimite prin WeTransfer<\/a>\n\t\t\t<\/h3>\n\t\t\t<p align=\"center\">Pute\u021bi trimite documentele dvs. medicale supradimensionate (\u00eenregistr\u0103ri RMN, rezultate de laborator, imagini etc.) folosind contul nostru WeTransfer. Este u\u0219or, rapid \u0219i sigur.\n\t\t\t<\/p>\n\t\t<\/div>\n\t\t<center>\n\t\t\t<p><a href=\"http:\/\/florencenightingale.wetransfer.com\/\" class=\"btBtn btBtn btnFilledStyle btnAccentColor btnSmall btnNormalWidth btnRightPosition btnNoIcon\" target=\"_blank\"><span class=\"btnInnerText\">Trimite acum<\/span><\/a>\n\t\t\t<\/p>\n\t\t<\/center>\n\t<\/div>\n<\/div><div class=\"wpcf7-response-output\" aria-hidden=\"true\"><\/div>\n<\/form>\n<\/div>\n<\/div><div class=\"btClear btSeparator topSpaced noBorder\" ><hr><\/div><\/div><\/div><\/div><\/div><\/div><\/div><\/div><\/section>\n","protected":false},"excerpt":{"rendered":"","protected":false},"author":1,"featured_media":0,"parent":2306,"menu_order":50,"comment_status":"closed","ping_status":"closed","template":"","meta":{"footnotes":""},"class_list":["post-2409","page","type-page","status-publish","hentry"],"_links":{"self":[{"href":"https:\/\/groupflorence.com\/ro\/wp-json\/wp\/v2\/pages\/2409","targetHints":{"allow":["GET"]}}],"collection":[{"href":"https:\/\/groupflorence.com\/ro\/wp-json\/wp\/v2\/pages"}],"about":[{"href":"https:\/\/groupflorence.com\/ro\/wp-json\/wp\/v2\/types\/page"}],"author":[{"embeddable":true,"href":"https:\/\/groupflorence.com\/ro\/wp-json\/wp\/v2\/users\/1"}],"replies":[{"embeddable":true,"href":"https:\/\/groupflorence.com\/ro\/wp-json\/wp\/v2\/comments?post=2409"}],"version-history":[{"count":3,"href":"https:\/\/groupflorence.com\/ro\/wp-json\/wp\/v2\/pages\/2409\/revisions"}],"predecessor-version":[{"id":6141,"href":"https:\/\/groupflorence.com\/ro\/wp-json\/wp\/v2\/pages\/2409\/revisions\/6141"}],"up":[{"embeddable":true,"href":"https:\/\/groupflorence.com\/ro\/wp-json\/wp\/v2\/pages\/2306"}],"wp:attachment":[{"href":"https:\/\/groupflorence.com\/ro\/wp-json\/wp\/v2\/media?parent=2409"}],"curies":[{"name":"wp","href":"https:\/\/api.w.org\/{rel}","templated":true}]}}