{"id":2397,"date":"2020-08-18T13:52:38","date_gmt":"2020-08-18T10:52:38","guid":{"rendered":"https:\/\/groupflorence.com\/ro\/?page_id=2397"},"modified":"2020-12-16T14:06:10","modified_gmt":"2020-12-16T11:06:10","slug":"cardiology","status":"publish","type":"page","link":"https:\/\/groupflorence.com\/ro\/centers-treatments\/heart-center\/cardiology\/","title":{"rendered":"Cardiologie"},"content":{"rendered":"<section id=\"bt_section69eb8dd63e9ad\"  class=\"boldSection gutter\" ><div class=\"port\"><div class=\"boldCell\"><div class=\"boldCellInner\"><div class=\"boldRow  \" ><div class=\"boldRowInner\"><div class=\"rowItem col-md-4 col-ms-12 btTextLeft\"  ><div class=\"rowItemContent\" ><div class=\"btClear btSeparator topSpaced noBorder\" ><hr><\/div><div class=\"btCustomMenu treatment-sidebar\" ><div class=\"menu-heart-center-container\"><ul id=\"menu-heart-center\" class=\"menu\"><li id=\"menu-item-4478\" class=\"menu-item menu-item-type-post_type menu-item-object-page menu-item-has-children menu-item-4478\"><a href=\"https:\/\/groupflorence.com\/ro\/centers-treatments\/\">Centre &#038; Departamente<\/a><ul class=\"sub-menu\"><li id=\"menu-item-4475\" class=\"menu-item menu-item-type-post_type menu-item-object-page menu-item-has-children menu-item-4475\"><a href=\"https:\/\/groupflorence.com\/ro\/centers-treatments\/heart-center\/\">Centrul de Inima<\/a><ul class=\"sub-menu\"><li id=\"menu-item-4613\" class=\"menu-item menu-item-type-post_type menu-item-object-page menu-item-4613\"><a href=\"https:\/\/groupflorence.com\/ro\/centers-treatments\/heart-center\/cardiology\/\">Cardiologie<\/a><\/li><li id=\"menu-item-4607\" class=\"menu-item menu-item-type-post_type menu-item-object-page menu-item-4607\"><a href=\"https:\/\/groupflorence.com\/ro\/centers-treatments\/heart-center\/pediatric-heart-diseases\/\">Boli Cardiace Pediatrice<\/a><\/li><li id=\"menu-item-4477\" class=\"menu-item menu-item-type-post_type menu-item-object-page menu-item-4477\"><a href=\"https:\/\/groupflorence.com\/ro\/centers-treatments\/heart-center\/congenital-heart-diseases\/\">Boli Cardiace Congenitale<\/a><\/li><li id=\"menu-item-4483\" class=\"menu-item menu-item-type-post_type menu-item-object-page menu-item-4483\"><a href=\"https:\/\/groupflorence.com\/ro\/centers-treatments\/heart-center\/arrhythmia\/\">Aritmii<\/a><\/li><li id=\"menu-item-4495\" class=\"menu-item menu-item-type-post_type menu-item-object-page menu-item-4495\"><a href=\"https:\/\/groupflorence.com\/ro\/centers-treatments\/heart-center\/interventional-cardiology\/\">Cardiologie Interventionala<\/a><\/li><li id=\"menu-item-4629\" class=\"menu-item menu-item-type-post_type menu-item-object-page menu-item-4629\"><a href=\"https:\/\/groupflorence.com\/ro\/centers-treatments\/heart-center\/cardiac-catheterization-and-angiography\/\">Cateterizarea Cardiac\u0103 \u0219i Angiografia<\/a><\/li><li id=\"menu-item-4633\" class=\"menu-item menu-item-type-post_type menu-item-object-page menu-item-4633\"><a href=\"https:\/\/groupflorence.com\/ro\/centers-treatments\/heart-center\/percutaneous-mitral-balloon-valvuloplasty\/\">Valvuloplastie cu Balon Mitral Percutanat<\/a><\/li><li id=\"menu-item-4615\" class=\"menu-item menu-item-type-post_type menu-item-object-page menu-item-4615\"><a href=\"https:\/\/groupflorence.com\/ro\/centers-treatments\/heart-center\/cardiovascular-surgery\/\">Chirurgie Cardiovascular\u0103<\/a><\/li><li id=\"menu-item-4601\" class=\"menu-item menu-item-type-post_type menu-item-object-page menu-item-4601\"><a href=\"https:\/\/groupflorence.com\/ro\/centers-treatments\/heart-center\/processes-of-a-heart-surgery\/\">Procesele unei Chirurgicale Cardiace<\/a><\/li><li id=\"menu-item-4493\" class=\"menu-item menu-item-type-post_type menu-item-object-page menu-item-4493\"><a href=\"https:\/\/groupflorence.com\/ro\/centers-treatments\/heart-center\/coronary-artery-bypass-graft\/\">Bypass Coronarian Greft<\/a><\/li><li id=\"menu-item-4604\" class=\"menu-item menu-item-type-post_type menu-item-object-page menu-item-4604\"><a href=\"https:\/\/groupflorence.com\/ro\/centers-treatments\/heart-center\/vascular-surgery\/\">Chirurgie Vascular<\/a><\/li><\/ul><\/li><\/ul><\/li>\n<\/ul><\/div><\/div><div class=\"btClear btSeparator topSemiSpaced noBorder\" ><hr><\/div><div class=\"boldRow boldInnerRow  bt_bb_hidden_xs bt_bb_hidden_ms bt_bb_hidden_sm\" ><div class=\"rowItem rowInnerItem col-md-12  btTextCenter btMiddleVertical\"  ><div class=\"rowItemContent\"><div class=\"bpgPhoto btTextCenter\" > \r\n\t\t\t\t\t<a href=\"https:\/\/groupflorence.com\/ro\/patient-guide\/covid-19-precautions\/\" target=\"_blank\" title=\"\"><\/a>\r\n\t\t\t\t\t<div class=\"boldPhotoBox\"><div class=\"bpbItem\"><div class = \"btImage\"><img decoding=\"async\" src=\"https:\/\/groupflorence.com\/ro\/wp-content\/uploads\/2020\/12\/covid-safe-sidebar-320x186.jpg\" alt=\"\" title=\"\" ><\/div><\/div><\/div>\r\n\t\t\t\t\t<div class=\"captionPane\">\r\n\t\t\t\t\t\t<div class=\"captionTable\">\r\n\t\t\t\t\t\t\t<div class=\"captionCell\">\r\n\t\t\t\t\t\t\t\t<div class=\"captionTxt\"><\/div>\r\n\t\t\t\t\t\t\t<\/div>\r\n\t\t\t\t\t\t<\/div>\r\n\t\t\t\t\t<\/div><\/div><div class=\"btClear btSeparator topSmallSpaced bottomSmallSpaced border\" ><hr><\/div><a href=\"https:\/\/groupflorence.com\/ro\/contact-us\/\" class=\"btBtn btBtn btnFilledStyle btnAccentColor btnBig btnNormalWidth btnLeftPosition btnNoIcon\" ><span class=\"btnInnerText\">Ask A Question<\/span><\/a><\/div><\/div><\/div><\/div><\/div><div class=\"rowItem col-md-8 col-ms-12 btTextLeft\"  ><div class=\"rowItemContent\" ><div class=\"btClear btSeparator topSemiSpaced noBorder\" ><hr><\/div><header class=\"header btClear medium btDash bottomDash  btNormalDash\" ><div class=\"dash\"><h3><span class=\"headline\"><b class=\"animate\">Cardiologie<\/b><\/span><\/h3><\/div><\/header><div class=\"btClear btSeparator topSemiSpaced noBorder\" ><hr><\/div><header class=\"header btClear medium btDash bottomDash  btAccentDash\" ><div class=\"dash\"><h3><span class=\"headline\">Ce este cardiologia?<\/span><\/h3><\/div><\/header><div class=\"btClear btSeparator topExtraSmallSpaced noBorder\" ><hr><\/div><div class=\"btText\" ><\/p>\n<p>Ca \u0219tiin\u021b\u0103, departamentul de cardiologie se ocup\u0103 de toate bolile \u0219i riscurile bolii \u00een ceea ce prive\u0219te inima \u0219i sistemele circulatorii.<\/p>\n<p>Simptomele bolilor de inim\u0103, cum ar fi durerea sim\u021bit\u0103 \u00een zona toracic\u0103, dificult\u0103\u021bi de respira\u021bie, amor\u021beal\u0103 \u00een partea st\u00e2ng\u0103 a corpului, sunt evaluate ini\u021bial \u00een departamentul de cardiologie. Cu toate acestea, simptomele bolilor de inim\u0103 nu se limiteaz\u0103 la acestea.<\/p>\n<p>La Grupul Florence Nightingale Spitale Centrul de Cardiologie, cardiologii no\u0219tri trateaz\u0103 cu succes bolile de inim\u0103 \u0219i bolile vasculare folosind metodele actuale de tratament.<\/p>\n<p>\n<\/div><div class=\"btClear btSeparator topSmallSpaced noBorder\" ><hr><\/div><header class=\"header btClear medium btDash bottomDash  btAccentDash\" ><div class=\"dash\"><h3><span class=\"headline\">Cum se diagnosticheaz\u0103 bolile de inim\u0103?<\/span><\/h3><\/div><\/header><div class=\"btClear btSeparator topExtraSmallSpaced noBorder\" ><hr><\/div><div class=\"btText\" ><\/p>\n<p>Atunci c\u00e2nd exist\u0103 o suspiciune de boli cardiovasculare, unul sau mai multe dintre urm\u0103toarele teste sunt aplicate pacientului \u0219i procesul de tratament este \u00eenceput.<\/p>\n<ul>\n<li>Testul de exercitare (stres)<\/li>\n<li>Test ECG Holter<\/li>\n<li>ECHO (ecocardiografie)<\/li>\n<li>CT Angiografie coronarian\u0103<\/li>\n<li>Scintigrafia perfuziei miocardice<\/li>\n<li>Cateterizarea cardiac\u0103<\/li>\n<\/ul>\n<p>Dup\u0103 aplicarea testelor men\u021bionate mai sus, se identific\u0103 boala cardiac\u0103 a pacientului sau riscul bolilor de inim\u0103 \u0219i, pe baza st\u0103rii bolii, tratamentul pacientului este ini\u021biat sau, dac\u0103 este necesar, pacientul este \u00eendreptat spre departamentul de chirurgie cardiac\u0103 pentru o interven\u021bie chirurgical\u0103.<\/p>\n<p>\n<\/div><div class=\"btClear btSeparator topSmallSpaced noBorder\" ><hr><\/div><header class=\"header btClear medium btDash bottomDash  btAccentDash\" ><div class=\"dash\"><h3><span class=\"headline\">Care este diferen\u021ba dintre cardiologie \u0219i chirurgie cardiac\u0103?<\/span><\/h3><\/div><\/header><div class=\"btClear btSeparator topExtraSmallSpaced noBorder\" ><hr><\/div><div class=\"btText\" ><\/p>\n<p>Pacien\u021bii care se pl\u00e2ng de tulbur\u0103ri cardiace sau \u00eencep s\u0103 experimenteze simptome ale bolilor cardiovasculare fac o programare pentru a primi tratament. Cu toate acestea, durata tratamentului poate fi prelungit\u0103, deoarece departamentele de cardiologie \u0219i chirurgie cardiac\u0103 sunt adesea confundate. Pentru a elimina aceast\u0103 confuzie \u0219i pentru a nu prelungi procesul de tratament, este necesar s\u0103 se poat\u0103 distinge caracteristicile departamentului de cardiologie de departamentul de chirurgie cardiaca.<\/p>\n<p>De\u0219i domeniile de interes \u00een departamentele de chirurgie cardiac\u0103 \u0219i cardiologie sunt destul de similare, ele sunt ramuri separate ale medicinei, deoarece metodele de tratament oferite pacientului sunt diferite.<\/p>\n<p>Pe m\u0103sur\u0103 ce simptomele tulbur\u0103rilor cardiace \u00eencep s\u0103 apar\u0103, pacientul trebuie examinat mai \u00eent\u00e2i \u00een departamentul de cardiologie.<\/p>\n<p>Dac\u0103 aceast\u0103 examinare indic\u0103 o boal\u0103 care este pu\u021bin probabil s\u0103 fie tratat\u0103 sau controlat\u0103 de medicamente, pacientul este \u00eendreptat c\u0103tre departamentul de chirurgie cardiac\u0103 pentru tratamentul chirurgical. Situa\u021bia pacientului \u0219i riscul de s\u0103n\u0103tate pe care \u00eel poart\u0103 continu\u0103 s\u0103 fie monitorizate de cardiologi chiar \u0219i dup\u0103 ce pacientul este \u00eendreptat spre departamentul de chirurgie cardiac\u0103. \u00cen timp ce se familiarizeaz\u0103 cu acest \u00eentreg proces, este necesar s\u0103 cunoa\u0219tem bolile pe care departamentul de cardiologie le trateaz\u0103 \u0219i le gestioneaz\u0103.<\/p>\n<p>\n<\/div><div class=\"btClear btSeparator topSmallSpaced noBorder\" ><hr><\/div><header class=\"header btClear medium btDash bottomDash  btAccentDash\" ><div class=\"dash\"><h3><span class=\"headline\">Cu ce boli se ocup\u0103 cardiologia?<\/span><\/h3><\/div><\/header><div class=\"btClear btSeparator topExtraSmallSpaced noBorder\" ><hr><\/div><div class=\"btText\" ><\/p>\n<p>\u00cen primul r\u00e2nd, unele teste sunt aplicate pacien\u021bilor care prezint\u0103 la departamentul de cardiologie cu pl\u00e2ngeri, cum ar fi scurtarea respira\u021biei, compresia \u00een zona toracic\u0103, durere \u0219i amor\u021beal\u0103 \u00een partea st\u00e2ng\u0103 a corpului \u0219i maxilarului, transpira\u021bii \u0219i grea\u021b\u0103 cauzate de aceste afec\u021biuni. Diagnosticul bolii coronariene, aritmii, insuficienta cardiaca sau boli ale valvei cardiace se face dup\u0103 una sau mai multe teste de exerci\u021bii, Holter ECG, ECHO (ecocardiografie), CT angiografie coronarian\u0103, perfuzie miocardic\u0103 Scintigrafie \u0219i cateterism cardiac.<\/p>\n<p>Spre deosebire de chirurgia cardiaca care efectueaza tratament chirurgical, departamentul de cardiologie este capabil de a trata bolile cardiace, de asemenea, prin metode medicale care nu necesita interventii chirurgicale, cum ar fi \u00eenlocuirea valvei aortice non-chirurgicale (TAVI) \u0219i stimulator cardiac (stimulator cardiac).<\/p>\n<p>Departamentul de Cardiologie se ocup\u0103, de asemenea, cu hipertensiune arterial\u0103, sindrom coronarian acut, boli cardiace coronariene, stenoza aortica si insuficienta, aritmii cardiace, miocardita acut\u0103, stenoza valvei mitrale \u0219i insuficien\u021ba, tumori primare \u0219i cardiace, angin\u0103 pectoral\u0103, stenoza tricuspid\u0103 \u0219i boli similare.<\/p>\n<p>\n<\/div><div class=\"btClear btSeparator topSmallSpaced noBorder\" ><hr><\/div><header class=\"header btClear medium btDash bottomDash  btAccentDash\" ><div class=\"dash\"><h3><span class=\"headline\">De ce Florence Nightingale Centrul de Cardiologie?<\/span><\/h3><\/div><\/header><div class=\"btClear btSeparator topExtraSmallSpaced noBorder\" ><hr><\/div><div class=\"btText\" ><\/p>\n<p>Grupul Florence Nightingale Spitale Centrul de Cardiologie ofer\u0103 servicii cu o experien\u021b\u0103 de 30 de ani, o echip\u0103 medical\u0103 puternic\u0103 de exper\u021bi \u0219i cardiologi cu experien\u021b\u0103, precum \u0219i echipamente avansate.<\/p>\n<p>\u00cen Centrul nostru de Cardiologie, multe boli cardiace de la hipertensiune la sindromul metabolic \u0219i de la bolile coronariene la tulbur\u0103rile de ritm cardiac sunt tratate cu succes.<\/p>\n<p>Medicii no\u0219tri speciali\u0219ti cu experien\u021b\u0103, care urm\u0103resc \u00eendeaproape cele mai recente evolu\u021bii \u00een domeniul lor, implementeaz\u0103 cu succes analizele, diagnosticul \u0219i tratamentul bolilor cardiovasculare \u00een domeniul electrofiziologiei, ecocardiografiei, cateteriz\u0103rii cardiace, angiografiei coronariene, balonul coronar\/stent precum \u0219i \u00een alte domenii de cardiologie interventionala.<\/p>\n<p>\n<\/div><div class=\"btClear btSeparator bottomSemiSpaced noBorder\" ><hr><\/div><div class=\"boldRow boldInnerRow  \" ><div class=\"rowItem rowInnerItem col-md-6  btTextLeft\"  ><div class=\"rowItemContent\"><header class=\"header btClear small btDash bottomDash  btNormalDash\" ><div class=\"dash\"><h4><span class=\"headline\">Echo Laborator<\/span><\/h4><\/div><div class=\"btSubTitle\">Ecocardiografia utilizeaz\u0103 unde sonore (ultrasunete) pentru a produce imagini ale structurii interioare \u0219i func\u021biilor inimii.<\/div><\/header><div class=\"btClear btSeparator bottomSemiSpaced noBorder\" ><hr><\/div><header class=\"header btClear small btDash bottomDash  btNormalDash\" ><div class=\"dash\"><h4><span class=\"headline\">Cardiologie invaziv\u0103<\/span><\/h4><\/div><div class=\"btSubTitle\">Navele care furnizeaz\u0103 \u021besutul muscular al inimii sunt numite \u201evase coronariene\u201d. Ateroscleroza este formarea de pl\u0103gi (produs\u0103 prin acumularea de gr\u0103simi \u0219i calcifiere) \u00een peretele vasului de s\u00e2nge.<\/div><\/header><\/div><\/div><div class=\"rowItem rowInnerItem col-md-6  btTextLeft\"  ><div class=\"rowItemContent\"><div class=\"bpgPhoto btTextCenter\" ><div class=\"btImage\"><img decoding=\"async\" src=\"https:\/\/groupflorence.com\/ro\/wp-content\/uploads\/2020\/08\/invasive.jpg\" alt=\"\" title=\"\"><\/div><\/div><\/div><\/div><\/div><div class=\"btClear btSeparator bottomSemiSpaced noBorder\" ><hr><\/div><div class=\"boldRow boldInnerRow  \" ><div class=\"rowItem rowInnerItem col-md-6  btTextLeft\"  ><div class=\"rowItemContent\"><div class=\"bpgPhoto btTextCenter\" ><div class=\"btImage\"><img decoding=\"async\" src=\"https:\/\/groupflorence.com\/ro\/wp-content\/uploads\/2020\/08\/treatment.jpg\" alt=\"\" title=\"\"><\/div><\/div><\/div><\/div><div class=\"rowItem rowInnerItem col-md-6  btTextLeft\"  ><div class=\"rowItemContent\"><header class=\"header btClear small btDash bottomDash  btNormalDash\" ><div class=\"dash\"><h4><span class=\"headline\">Teste de cardiologie nuclear\u0103<\/span><\/h4><\/div><div class=\"btSubTitle\">Testul de Cardiologie nuclear\u0103 investigheaz\u0103 fluxul sanguin c\u0103tre inima \u0219i func\u021bia inimii \u0219i nu produce nici o dificultate pentru pacient. Toate testele \u00een cardiologie nuclear\u0103 trebuie s\u0103 fie finalizate \u00een c\u00e2teva ore \u00een timpul zilei \u0219i nu necesit\u0103 spitalizare.<\/div><\/header><div class=\"btClear btSeparator bottomSemiSpaced noBorder\" ><hr><\/div><header class=\"header btClear small btDash bottomDash  btNormalDash\" ><div class=\"dash\"><h4><span class=\"headline\">Tratamentul stenozei valvei aortice<\/span><\/h4><\/div><div class=\"btSubTitle\">O inim\u0103 s\u0103n\u0103toas\u0103 se contracteaz\u0103 de aproximativ 70 p\u00e2n\u0103 la 80 de ori pe minut \u0219i de 100.000 de ori pe zi. Deci, pompeaz\u0103 \u00een jur de 300 de litri de s\u00e2nge \u00een \u00eentregul corp pe or\u0103.<\/div><\/header><\/div><\/div><\/div><div class=\"btClear btSeparator topSemiSpaced noBorder\" ><hr><\/div><div class=\"boldRow boldInnerRow  \" ><div class=\"rowItem rowInnerItem col-md-4  btTextCenter inherit btNoPadding\" style=\"border: 1px solid #999;background-color: rgba(241, 241, 241, 1);\" ><div class=\"rowItemContent\"><div class=\"bpgPhoto btTextCenter\" ><div class=\"btImage\"><img decoding=\"async\" src=\"https:\/\/groupflorence.com\/ro\/wp-content\/uploads\/2020\/10\/Demet-Erciyes.jpg\" alt=\"\" title=\"\"><\/div><\/div><div class=\"btIconImageRow btIconsHalfHoverPosition\" ><\/div><div class=\"btClear btSeparator topSmallSpaced noBorder\" ><hr><\/div><div class=\"btText\" ><\/p>\n<h4><a href=\"https:\/\/groupflorence.com\/ro\/doctors\/demet-erciyes\/\">Demet Erciyes, MD<\/a><\/h4>\n<p>\n<\/div><div class=\"btClear btSeparator bottomExtraSmallSpaced noBorder\" ><hr><\/div><a href=\"https:\/\/groupflorence.com\/ro\/doctors\/demet-erciyes\/\" class=\"btBtn btBtn btnFilledStyle btnLightColor btnSmall btnNormalWidth btnRightPosition btnNoIcon\"  target=\"_blank\"><span class=\"btnInnerText\">VIEW CV<\/span><\/a><div class=\"btClear btSeparator topExtraSmallSpaced bottomSmallSpaced noBorder\" ><hr><\/div><\/div><\/div><div class=\"rowItem rowInnerItem col-md-4  btTextCenter inherit btNoPadding\" style=\"border: 1px solid #999;background-color: rgba(241, 241, 241, 1);\" ><div class=\"rowItemContent\"><div class=\"bpgPhoto btTextCenter\" ><div class=\"btImage\"><img decoding=\"async\" src=\"https:\/\/groupflorence.com\/ro\/wp-content\/uploads\/2020\/10\/Murat-Gu_lbaran.jpg\" alt=\"\" title=\"\"><\/div><\/div><div class=\"btIconImageRow btIconsHalfHoverPosition\" ><\/div><div class=\"btClear btSeparator topSmallSpaced noBorder\" ><hr><\/div><div class=\"btText\" ><\/p>\n<h4><a href=\"https:\/\/groupflorence.com\/ro\/doctors\/murat-gulbaran\/\">Prof. Murat G\u00fclbaran, MD<\/a><\/h4>\n<p>\n<\/div><div class=\"btClear btSeparator bottomExtraSmallSpaced noBorder\" ><hr><\/div><a href=\"https:\/\/groupflorence.com\/ro\/doctors\/murat-gulbaran\/\" class=\"btBtn btBtn btnFilledStyle btnLightColor btnSmall btnNormalWidth btnRightPosition btnNoIcon\"  target=\"_blank\"><span class=\"btnInnerText\">VIEW CV<\/span><\/a><div class=\"btClear btSeparator topExtraSmallSpaced bottomSmallSpaced noBorder\" ><hr><\/div><\/div><\/div><div class=\"rowItem rowInnerItem col-md-4  btTextCenter inherit btNoPadding\" style=\"background-color: rgba(241, 241, 241, 1);\" ><div class=\"rowItemContent\"><\/div><\/div><\/div><div class=\"btClear btSeparator topSemiSpaced noBorder\" ><hr><\/div><header class=\"header btClear medium btDash bottomDash  btAccentDash\" ><div class=\"dash\"><h3><span class=\"headline\"><em>Contact Us Now<\/em><\/span><\/h3><\/div><\/header><div class=\"btClear btSeparator bottomSmallSpaced noBorder\" ><hr><\/div><div class=\"btText\" >\n<div class=\"wpcf7 no-js\" id=\"wpcf7-f2891-o1\" lang=\"tr-TR\" dir=\"ltr\" data-wpcf7-id=\"2891\">\n<div class=\"screen-reader-response\"><p role=\"status\" aria-live=\"polite\" aria-atomic=\"true\"><\/p> <ul><\/ul><\/div>\n<form action=\"\/ro\/wp-json\/wp\/v2\/pages\/2397#wpcf7-f2891-o1\" method=\"post\" class=\"wpcf7-form init wpcf7-acceptance-as-validation\" aria-label=\"\u0130leti\u015fim Formu\" novalidate=\"novalidate\" data-status=\"init\">\n<fieldset class=\"hidden-fields-container\"><input type=\"hidden\" name=\"_wpcf7\" value=\"2891\" \/><input type=\"hidden\" name=\"_wpcf7_version\" value=\"6.1.5\" \/><input type=\"hidden\" name=\"_wpcf7_locale\" value=\"tr_TR\" \/><input type=\"hidden\" name=\"_wpcf7_unit_tag\" value=\"wpcf7-f2891-o1\" \/><input type=\"hidden\" name=\"_wpcf7_container_post\" value=\"0\" \/><input type=\"hidden\" name=\"_wpcf7_posted_data_hash\" value=\"\" \/>\n<\/fieldset>\n<p style=\"margin-bottom:30px !important;\">\u00cen timp ce completa\u021bi formularul de contact de mai jos, pute\u021bi, de asemenea, s\u0103 ne trimite\u021bi fi\u0219ierele medicale ale pacientului\/dumneavoastr\u0103 prin <strong>transfer<\/strong>. A doua opinie medical\u0103 v\u0103 va fi prezentat\u0103 \u00een termen de 48 de ore.\n<\/p>\n<div class=\"boldRow boldInnerRow  \">\n\t<div class=\"rowItem rowInnerItem col-md-6  btTextLeft\">\n\t\t<div class=\"rowItemContent\">\n\t\t\t<p><label><span class=\"bt_bb_required\">Numele t\u0103u<\/span><br \/>\n<span class=\"wpcf7-form-control-wrap\" data-name=\"your-name\"><input size=\"40\" maxlength=\"400\" class=\"wpcf7-form-control wpcf7-text wpcf7-validates-as-required\" aria-required=\"true\" aria-invalid=\"false\" value=\"\" type=\"text\" name=\"your-name\" \/><\/span> <\/label>\n\t\t\t<\/p>\n\t\t\t<p><label><span class=\"bt_bb_required\">E-mailul dvs.<\/span><br \/>\n<span class=\"wpcf7-form-control-wrap\" data-name=\"your-email\"><input size=\"40\" maxlength=\"400\" class=\"wpcf7-form-control wpcf7-email wpcf7-validates-as-required wpcf7-text wpcf7-validates-as-email\" aria-required=\"true\" aria-invalid=\"false\" value=\"\" type=\"email\" name=\"your-email\" \/><\/span> <\/label>\n\t\t\t<\/p>\n\t\t\t<p><label><span class=\"bt_bb_required\">Telefonul dvs.<\/span><br \/>\n<span class=\"wpcf7-form-control-wrap\" data-name=\"your-phone\"><input size=\"40\" class=\"wpcf7-form-control wpcf7-phonetext wpcf7-text wpcf7-validates-as-phonetext\" id=\"int_phone\" aria-invalid=\"false\" value=\"\" type=\"text\" name=\"your-phone\" \/><input type=\"hidden\" name=\"your-phone-country-code\" class=\"wpcf7-phonetext-country-code\" \/><\/span> <\/label>\n\t\t\t<\/p>\n\t\t\t<p><label><span class=\"bt_bb_required\">Mesajul dvs.<\/span><br \/>\n<span class=\"wpcf7-form-control-wrap\" data-name=\"your-message\"><textarea cols=\"40\" rows=\"10\" maxlength=\"2000\" class=\"wpcf7-form-control wpcf7-textarea wpcf7-validates-as-required\" aria-required=\"true\" aria-invalid=\"false\" name=\"your-message\"><\/textarea><\/span> <\/label>\n\t\t\t<\/p>\n\t\t\t<p><label><span class=\"bt_bb_required\" style=\"margin-top:25px !important;\"><span class=\"wpcf7-form-control-wrap\" data-name=\"accept-this-1\"><span class=\"wpcf7-form-control wpcf7-acceptance\"><span class=\"wpcf7-list-item\"><label><input type=\"checkbox\" name=\"accept-this-1\" value=\"1\" aria-invalid=\"false\" \/><span class=\"wpcf7-list-item-label\">Sunt de acord cu <a target=\"_blank\" href=\"https:\/\/groupflorence.com\/ro\/terms-of-use\/\">Termenii \u0219i Serviciile<\/a>.<\/span><\/label><\/span><\/span><\/span><\/span><\/label>\n\t\t\t<\/p>\n\t\t\t<p><input class=\"wpcf7-form-control wpcf7-submit has-spinner contact_button_int\" type=\"submit\" value=\"TRIMITE MESAJ\" \/>\n\t\t\t<\/p>\n\t\t<\/div>\n\t<\/div>\n\t<div class=\"rowItem rowInnerItem col-md-6  btTextLeft\">\n\t\t<div class=\"rowItemContent\">\n\t\t\t<p align=\"center\" style=\"margin-top:30px;\"><br \/>\n<a href=\"http:\/\/florencenightingale.wetransfer.com\/\" target=\"_blank\" title=\"Click Here To Transfer Your Documents via WeTransfer\"><img decoding=\"async\"  align=\"center\" style=\"max-width:250px !important;\" class=\"lazy loaded\" src=\"https:\/\/groupflorence.com\/ro\/wp-content\/uploads\/2020\/08\/89130-wetransfer-default-logo-rgb-original-1365619064-e1599162229581.png\" data-src=\"https:\/\/groupflorence.com\/ro\/wp-content\/uploads\/2020\/08\/89130-wetransfer-default-logo-rgb-original-1365619064-e1599162229581.png\" alt=\"Click Here To Transfer Your Documents via WeTransfer\" title=\"Click Here To Transfer Your Documents via WeTransfer\" data-was-processed=\"true\" \/><\/a>\n\t\t\t<\/p>\n\t\t\t<h3 align=\"center\"><a href=\"http:\/\/florencenightingale.wetransfer.com\/\" target=\"_blank\" title=\"Click Here To Transfer Your Documents via WeTransfer\">Trimite prin WeTransfer<\/a>\n\t\t\t<\/h3>\n\t\t\t<p align=\"center\">Pute\u021bi trimite documentele dvs. medicale supradimensionate (\u00eenregistr\u0103ri RMN, rezultate de laborator, imagini etc.) folosind contul nostru WeTransfer. Este u\u0219or, rapid \u0219i sigur.\n\t\t\t<\/p>\n\t\t<\/div>\n\t\t<center>\n\t\t\t<p><a href=\"http:\/\/florencenightingale.wetransfer.com\/\" class=\"btBtn btBtn btnFilledStyle btnAccentColor btnSmall btnNormalWidth btnRightPosition btnNoIcon\" target=\"_blank\"><span class=\"btnInnerText\">Trimite acum<\/span><\/a>\n\t\t\t<\/p>\n\t\t<\/center>\n\t<\/div>\n<\/div><div class=\"wpcf7-response-output\" aria-hidden=\"true\"><\/div>\n<\/form>\n<\/div>\n<\/div><div class=\"btClear btSeparator topSpaced noBorder\" ><hr><\/div><\/div><\/div><\/div><\/div><\/div><\/div><\/div><\/section>\n","protected":false},"excerpt":{"rendered":"","protected":false},"author":1,"featured_media":0,"parent":4469,"menu_order":30,"comment_status":"closed","ping_status":"closed","template":"","meta":{"footnotes":""},"class_list":["post-2397","page","type-page","status-publish","hentry"],"_links":{"self":[{"href":"https:\/\/groupflorence.com\/ro\/wp-json\/wp\/v2\/pages\/2397","targetHints":{"allow":["GET"]}}],"collection":[{"href":"https:\/\/groupflorence.com\/ro\/wp-json\/wp\/v2\/pages"}],"about":[{"href":"https:\/\/groupflorence.com\/ro\/wp-json\/wp\/v2\/types\/page"}],"author":[{"embeddable":true,"href":"https:\/\/groupflorence.com\/ro\/wp-json\/wp\/v2\/users\/1"}],"replies":[{"embeddable":true,"href":"https:\/\/groupflorence.com\/ro\/wp-json\/wp\/v2\/comments?post=2397"}],"version-history":[{"count":3,"href":"https:\/\/groupflorence.com\/ro\/wp-json\/wp\/v2\/pages\/2397\/revisions"}],"predecessor-version":[{"id":6007,"href":"https:\/\/groupflorence.com\/ro\/wp-json\/wp\/v2\/pages\/2397\/revisions\/6007"}],"up":[{"embeddable":true,"href":"https:\/\/groupflorence.com\/ro\/wp-json\/wp\/v2\/pages\/4469"}],"wp:attachment":[{"href":"https:\/\/groupflorence.com\/ro\/wp-json\/wp\/v2\/media?parent=2397"}],"curies":[{"name":"wp","href":"https:\/\/api.w.org\/{rel}","templated":true}]}}