{"id":2312,"date":"2020-08-13T15:54:12","date_gmt":"2020-08-13T12:54:12","guid":{"rendered":"https:\/\/groupflorence.com\/ro\/?page_id=2312"},"modified":"2020-12-16T12:08:17","modified_gmt":"2020-12-16T09:08:17","slug":"bone-marrow-transplantation-center","status":"publish","type":"page","link":"https:\/\/groupflorence.com\/ro\/centers-treatments\/bone-marrow-transplantation-center\/","title":{"rendered":"Centrul de transplant de M\u0103duv\u0103 Osoas\u0103"},"content":{"rendered":"<section id=\"bt_section69eb70a633741\"  class=\"boldSection gutter inherit\" ><div class=\"port\"><div class=\"boldCell\"><div class=\"boldCellInner\"><div class=\"boldRow  \" ><div class=\"boldRowInner\"><div class=\"rowItem col-md-4 col-ms-12 btTextLeft\"  ><div class=\"rowItemContent\" ><div class=\"btClear btSeparator topSpaced noBorder\" ><hr><\/div><div class=\"btCustomMenu treatment-sidebar\" ><div class=\"menu-bone-marrow-transplantation-container\"><ul id=\"menu-bone-marrow-transplantation\" class=\"menu\"><li id=\"menu-item-3592\" class=\"menu-item menu-item-type-post_type menu-item-object-page menu-item-has-children menu-item-3592\"><a href=\"https:\/\/groupflorence.com\/ro\/centers-treatments\/\">Centre &#038; Departamente<\/a><ul class=\"sub-menu\"><li id=\"menu-item-3593\" class=\"menu-item menu-item-type-post_type menu-item-object-page menu-item-3593\"><a href=\"https:\/\/groupflorence.com\/ro\/centers-treatments\/bone-marrow-transplantation-center\/\">Centrul de transplant de M\u0103duv\u0103 Osoas\u0103<\/a><\/li><\/ul><\/li>\n<\/ul><\/div><\/div><div class=\"btClear btSeparator topSemiSpaced noBorder\" ><hr><\/div><div class=\"boldRow boldInnerRow  bt_bb_hidden_xs bt_bb_hidden_ms bt_bb_hidden_sm\" ><div class=\"rowItem rowInnerItem col-md-12  btTextCenter btMiddleVertical\"  ><div class=\"rowItemContent\"><div class=\"bpgPhoto btTextCenter\" > \r\n\t\t\t\t\t<a href=\"https:\/\/groupflorence.com\/ro\/patient-guide\/covid-19-precautions\/\" target=\"_blank\" title=\"\"><\/a>\r\n\t\t\t\t\t<div class=\"boldPhotoBox\"><div class=\"bpbItem\"><div class = \"btImage\"><img decoding=\"async\" src=\"https:\/\/groupflorence.com\/ro\/wp-content\/uploads\/2020\/12\/covid-safe-sidebar-320x186.jpg\" alt=\"\" title=\"\" ><\/div><\/div><\/div>\r\n\t\t\t\t\t<div class=\"captionPane\">\r\n\t\t\t\t\t\t<div class=\"captionTable\">\r\n\t\t\t\t\t\t\t<div class=\"captionCell\">\r\n\t\t\t\t\t\t\t\t<div class=\"captionTxt\"><\/div>\r\n\t\t\t\t\t\t\t<\/div>\r\n\t\t\t\t\t\t<\/div>\r\n\t\t\t\t\t<\/div><\/div><div class=\"btClear btSeparator topSmallSpaced bottomSmallSpaced border\" ><hr><\/div><a href=\"https:\/\/groupflorence.com\/ro\/contact-us\/\" class=\"btBtn btBtn btnFilledStyle btnAccentColor btnBig btnNormalWidth btnLeftPosition btnNoIcon\" ><span class=\"btnInnerText\">Ask A Question<\/span><\/a><\/div><\/div><\/div><\/div><\/div><div class=\"rowItem col-md-8 col-ms-12 btTextLeft inherit\"  ><div class=\"rowItemContent\" ><div class=\"btClear btSeparator topSemiSpaced noBorder\" ><hr><\/div><header class=\"header btClear medium btDash bottomDash  btNormalDash\" ><div class=\"dash\"><h3><span class=\"headline\"><b class=\"animate\">Centrul de transplant de M\u0103duv\u0103 Osoas\u0103<\/b><\/span><\/h3><\/div><\/header><div class=\"btClear btSeparator topExtraSmallSpaced noBorder\" ><hr><\/div><div class=\"btText\" ><\/p>\n<p>Regizat de Prof. Mutlu Arat, MD, peste 140 BMT sunt efectuate anual. Centrul nostru este unul dintre cei 8 parteneri de proiect ai Societ\u0103\u0163ii Turce de Hematologie, particip\u00e2nd astfel \u015fi \u00een domeniul \u015ftiin\u0163ific at\u00e2t la nivel na\u0163ional, c\u00e2t \u015fi interna\u0163ional.<\/p>\n<p>De-a lungul anilor, mii de pacien\u021bi diagnostica\u021bi cu leucemie, limfom, mielodisplazie, mielom multiplu \u0219i alte tipuri de cancer de s\u00e2nge sau tulbur\u0103ri au aplicat Grupului Florence Nightingale Spitalelor BMT Center ca unul dintre cele mai experimentate \u0219i bine-cunoscute centre de transplant din Europa \u0219i Turcia.<\/p>\n<h3>Fundementals de BMT la Grupa Florence Nightingale Spitale<\/h3>\n<ul>\n<li>Acreditat de Comitetul Comun de Acreditare &#8211; ISCT &amp; EBMT (JACIE),<\/li>\n<li>Rata mare de supravie\u021buire \u00een primul an de BMT,<\/li>\n<li>Supravie\u0163uire \u00eendelungat\u0103 f\u0103r\u0103 boal\u0103 dup\u0103 BMT,<\/li>\n<li>P\u00e2n\u0103 la sf\u00e2r\u0219itul anului 2019, 1106 BMT au avut loc la centrul nostru.<\/li>\n<li>Programul de urm\u0103rire pe tot parcursul vie\u021bii pentru pacien\u021bii transplanta\u021bi,<\/li>\n<li>Centrul cu echipa dedicata, tehnologie de inalta tehnologie, si fundal stiintific concret,<\/li>\n<li>Centrul nostru nu este doar un furnizor de asisten\u021b\u0103 medical\u0103, ci \u0219i un centru de instruire. Particip\u0103m la evenimente academice prin \u00eent\u00e2lniri de instruire online pentru hematologi na\u021bionali \u0219i interna\u021bionali care lucreaz\u0103 la centrele BMT<\/li>\n<\/ul>\n<h3>Ce este m\u0103duva osoas\u0103?<\/h3>\n<p>M\u0103duva osoas\u0103 este un material spongios g\u0103sit \u00een centrele goale ale unor oase. Este important, deoarece con\u021bine celule speciale cunoscute sub numele de celule stem.<\/p>\n<p>Celulele stem creeaz\u0103 alte celule specializate care \u00eendeplinesc func\u021bii importante. Celulele stem din m\u0103duva osoas\u0103 produc trei tipuri importante de celule sanguine:<\/p>\n<ul>\n<li>Celulele ro\u0219ii din s\u00e2nge, care transport\u0103 oxigenul \u00een jurul corpului<\/li>\n<li>Celulele albe din s\u00e2nge, care ajut\u0103 la combaterea infec\u021biilor<\/li>\n<li>Trombocite, care ajut\u0103 la stoparea s\u00e2nger\u0103rii<\/li>\n<\/ul>\n<h2>Transplantul de m\u0103duv\u0103 osoas\u0103 (BMT)<\/h2>\n<p>Transplantul de m\u0103duv\u0103 osoas\u0103 (cunoscut \u015fi sub numele de transplant de celule stem) implic\u0103 recoltarea celulelor stem s\u0103n\u0103toase pentru a reface m\u0103duva osoas\u0103 a pacientului. Noile celule stem preiau producerea celulelor sanguine.<\/p>\n<p>\u00cen anumite circumstan\u0163e, poate fi posibil s\u0103 v\u0103 lua\u0163i propria m\u0103duv\u0103 osoas\u0103 dintr-o alt\u0103 parte a corpului (aceasta este cunoscut\u0103 sub numele de transplant autolog). M\u0103duva osoas\u0103 poate fi eliminat\u0103 de orice celule bolnave \u00eenainte de a fi returnat\u0103.<\/p>\n<h3>Etapele procesului BMT<\/h3>\n<p>Exist\u0103 cinci etape \u00een procesul de transplant:<\/p>\n<ul>\n<li>O examinare fizic\u0103 a corpului \u0219i a st\u0103rii generale de s\u0103n\u0103tate<\/li>\n<li>Ob\u021binerea celulelor stem care vor fi utilizate \u00een transplant (cunoscute sub numele de recoltare)<\/li>\n<li>Preg\u0103tirea corpului pentru transplant (cunoscut sub numele de condi\u021bionare)<\/li>\n<li>Transplantarea celulelor stem<\/li>\n<li>Perioada de recuperare, \u00een timpul c\u0103reia ve\u021bi fi monitoriza\u021bi pentru orice efecte secundare \u0219i complica\u021bii<\/li>\n<\/ul>\n<h3>De ce BMT este necesar?<\/h3>\n<p>Transplantul de celule stem este adesea necesar pentru a trata afec\u021biunile care au afectat m\u0103duva osoas\u0103, care, prin urmare, nu mai pot produce celule sanguine normale. Orice \u00eentrerupere a produc\u021biei de celule sanguine poate fi foarte grav\u0103, \u00een special dac\u0103:<\/p>\n<ul>\n<li>Nu ave\u021bi suficiente celule ro\u0219ii din s\u00e2nge. Corpul t\u0103u va fi \u00eenfometat de oxigen, te vei sim\u021bi slab \u0219i obosit \u0219i pot ap\u0103rea leziuni ale organelor tale.<\/li>\n<li>Nu ave\u021bi suficiente celule albe din s\u00e2nge. Ave\u021bi un risc mult mai mare de a dezvolta o infec\u021bie grav\u0103.<\/li>\n<li>Nu ave\u021bi suficiente trombocite, ceea ce \u00eenseamn\u0103 c\u0103 ve\u021bi v\u00e2n\u0103t\u0103i \u0219i ve\u021bi s\u00e2ngera mai u\u0219or.<\/li>\n<\/ul>\n<p>Unele dintre afec\u021biunile care pot afecta s\u00e2ngele \u0219i m\u0103duva osoas\u0103 sunt descrise mai jos.<\/p>\n<h4>Leucemie<\/h4>\n<p>Leucemia este cancerul celulelor albe din s\u00e2nge. Cancerul face ca celulele albe din s\u00e2nge s\u0103 se reproduc\u0103 \u00eentr-un mod incontrolabil \u0219i nu dezvolt\u0103 propriet\u0103\u021bi de combatere a infec\u021biilor.<\/p>\n<p>Celulele canceroase se pot r\u0103sp\u00e2ndi rapid prin s\u00e2nge, duc\u00e2nd la o lips\u0103 de spa\u021biu pentru celulele ro\u0219ii din s\u00e2nge \u0219i trombocite.<\/p>\n<p>Acest lucru duce la simptome de anemie, cre\u015fte riscul de infec\u0163ie grav\u0103 \u015fi \u00eenseamn\u0103 c\u0103 ve\u0163i face v\u00e2n\u0103t\u0103i \u015fi s\u00e2nger\u0103ri mai u\u015for.<\/p>\n<h4>Limfomul non-Hodgkin<\/h4>\n<p>Limfomul non-Hodgkin este un alt tip de cancer al celulelor sanguine hite. Cu toate acestea, mai degrab\u0103 dec\u00e2t s\u0103 se r\u0103sp\u00e2ndeasc\u0103 prin s\u00e2nge, se r\u0103sp\u00e2nde\u0219te prin sistemul limfatic. Sistemul limfatic este o serie de glande conectate (noduri) care se r\u0103sp\u00e2ndesc pe tot corpul. Este o parte important\u0103 a sistemului imunitar, ap\u0103rarea natural\u0103 a organismului \u00eempotriva infec\u021biilor.<\/p>\n<h4>Tulbur\u0103ri hematologice ereditare (genetice)<\/h4>\n<p>Exist\u0103 o serie de tulbur\u0103ri genetice ale s\u00e2ngelui \u00een care modific\u0103rile (muta\u0163iile) genelor dumneavoastr\u0103 \u00eenseamn\u0103 c\u0103 celulele sanguine nu se dezvolt\u0103 normal. Acestea includ siclemie \u015fi talasemie, ambele care interfereaz\u0103 cu producerea de celule ro\u015fii din s\u00e2nge.<\/p>\n<h3>Cine ar trebui s\u0103 aib\u0103 BMT?<\/h3>\n<p>Transplantul de celule stem este recomandat \u00een mod normal numai dac\u0103:<\/p>\n<ul>\n<li>Destinatarul (pacientul care va avea transplant) este \u00eentr-o stare relativ bun\u0103 de s\u0103n\u0103tate, \u00een ciuda st\u0103rii asociate (motiv pentru care transplanturile de celule stem se fac adesea atunci c\u00e2nd cancerul este \u00een remisie)<\/li>\n<li>Celulele stem sunt disponibile de la un frate sau o sor\u0103 cu acela\u0219i tip de \u021besut, ceea ce reduce \u0219ansele ca transplantul s\u0103 fie respins sau boala grefei versus gazd\u0103<\/li>\n<li>Condi\u021bia asociat\u0103 nu r\u0103spunde la alte forme de tratament sau se simte c\u0103 exist\u0103 un risc ridicat de revenire a afec\u021biunii f\u0103r\u0103 transplant<\/li>\n<li>Se simte c\u0103 beneficiile unui transplant dep\u0103\u0219esc riscurile<\/li>\n<\/ul>\n<p>\n<\/div><div class=\"btText\" ><\/p>\n<p><em>By filling up the <\/em><strong><em>Contact Form<\/em><\/strong> <em>below, you can ask questions and\/or request more information from our experts about Hematopoietic Stem Cell Bone Marrow Transplantation at the Group Florence Nightingale Hospitals.<\/em><\/p>\n<p>\n<\/div><div class=\"btClear btSeparator topSemiSpaced noBorder\" ><hr><\/div><div class=\"boldRow boldInnerRow  \" ><div class=\"rowItem rowInnerItem col-md-4  btTextCenter inherit btNoPadding\" style=\"border: 1px solid #999;background-color: rgba(241, 241, 241, 1);\" ><div class=\"rowItemContent\"><div class=\"bpgPhoto btTextCenter\" ><div class=\"btImage\"><img decoding=\"async\" src=\"https:\/\/groupflorence.com\/ro\/wp-content\/uploads\/2020\/10\/Mutlu-Arat.jpg\" alt=\"\" title=\"\"><\/div><\/div><div class=\"btIconImageRow btIconsHalfHoverPosition\" ><\/div><div class=\"btClear btSeparator topSmallSpaced noBorder\" ><hr><\/div><div class=\"btText\" ><\/p>\n<h4><a href=\"https:\/\/groupflorence.com\/ro\/doctors\/mutlu-arat\/\">Prof. Mutlu Arat, MD<br \/>\n<\/a><\/h4>\n<p>\n<\/div><div class=\"btClear btSeparator bottomExtraSmallSpaced noBorder\" ><hr><\/div><a href=\"https:\/\/groupflorence.com\/ro\/doctors\/mutlu-arat\/\" class=\"btBtn btBtn btnFilledStyle btnLightColor btnSmall btnNormalWidth btnRightPosition btnNoIcon\"  target=\"_blank\"><span class=\"btnInnerText\">VIEW CV<\/span><\/a><div class=\"btClear btSeparator topExtraSmallSpaced bottomSmallSpaced noBorder\" ><hr><\/div><\/div><\/div><div class=\"rowItem rowInnerItem col-md-4  btTextCenter inherit btNoPadding\" style=\"background-color: rgba(241, 241, 241, 1);\" ><div class=\"rowItemContent\"><\/div><\/div><div class=\"rowItem rowInnerItem col-md-4  btTextCenter inherit btNoPadding\" style=\"background-color: rgba(241, 241, 241, 1);\" ><div class=\"rowItemContent\"><\/div><\/div><\/div><div class=\"btClear btSeparator topSemiSpaced noBorder\" ><hr><\/div><header class=\"header btClear medium btDash bottomDash  btAccentDash\" ><div class=\"dash\"><h3><span class=\"headline\"><em>Contact Us Now<\/em><\/span><\/h3><\/div><\/header><div class=\"btClear btSeparator bottomSmallSpaced noBorder\" ><hr><\/div><div class=\"btText\" >\n<div class=\"wpcf7 no-js\" id=\"wpcf7-f2891-o1\" lang=\"tr-TR\" dir=\"ltr\" data-wpcf7-id=\"2891\">\n<div class=\"screen-reader-response\"><p role=\"status\" aria-live=\"polite\" aria-atomic=\"true\"><\/p> <ul><\/ul><\/div>\n<form action=\"\/ro\/wp-json\/wp\/v2\/pages\/2312#wpcf7-f2891-o1\" method=\"post\" class=\"wpcf7-form init wpcf7-acceptance-as-validation\" aria-label=\"\u0130leti\u015fim Formu\" novalidate=\"novalidate\" data-status=\"init\">\n<fieldset class=\"hidden-fields-container\"><input type=\"hidden\" name=\"_wpcf7\" value=\"2891\" \/><input type=\"hidden\" name=\"_wpcf7_version\" value=\"6.1.5\" \/><input type=\"hidden\" name=\"_wpcf7_locale\" value=\"tr_TR\" \/><input type=\"hidden\" name=\"_wpcf7_unit_tag\" value=\"wpcf7-f2891-o1\" \/><input type=\"hidden\" name=\"_wpcf7_container_post\" value=\"0\" \/><input type=\"hidden\" name=\"_wpcf7_posted_data_hash\" value=\"\" \/>\n<\/fieldset>\n<p style=\"margin-bottom:30px !important;\">\u00cen timp ce completa\u021bi formularul de contact de mai jos, pute\u021bi, de asemenea, s\u0103 ne trimite\u021bi fi\u0219ierele medicale ale pacientului\/dumneavoastr\u0103 prin <strong>transfer<\/strong>. A doua opinie medical\u0103 v\u0103 va fi prezentat\u0103 \u00een termen de 48 de ore.\n<\/p>\n<div class=\"boldRow boldInnerRow  \">\n\t<div class=\"rowItem rowInnerItem col-md-6  btTextLeft\">\n\t\t<div class=\"rowItemContent\">\n\t\t\t<p><label><span class=\"bt_bb_required\">Numele t\u0103u<\/span><br \/>\n<span class=\"wpcf7-form-control-wrap\" data-name=\"your-name\"><input size=\"40\" maxlength=\"400\" class=\"wpcf7-form-control wpcf7-text wpcf7-validates-as-required\" aria-required=\"true\" aria-invalid=\"false\" value=\"\" type=\"text\" name=\"your-name\" \/><\/span> <\/label>\n\t\t\t<\/p>\n\t\t\t<p><label><span class=\"bt_bb_required\">E-mailul dvs.<\/span><br \/>\n<span class=\"wpcf7-form-control-wrap\" data-name=\"your-email\"><input size=\"40\" maxlength=\"400\" class=\"wpcf7-form-control wpcf7-email wpcf7-validates-as-required wpcf7-text wpcf7-validates-as-email\" aria-required=\"true\" aria-invalid=\"false\" value=\"\" type=\"email\" name=\"your-email\" \/><\/span> <\/label>\n\t\t\t<\/p>\n\t\t\t<p><label><span class=\"bt_bb_required\">Telefonul dvs.<\/span><br \/>\n<span class=\"wpcf7-form-control-wrap\" data-name=\"your-phone\"><input size=\"40\" class=\"wpcf7-form-control wpcf7-phonetext wpcf7-text wpcf7-validates-as-phonetext\" id=\"int_phone\" aria-invalid=\"false\" value=\"\" type=\"text\" name=\"your-phone\" \/><input type=\"hidden\" name=\"your-phone-country-code\" class=\"wpcf7-phonetext-country-code\" \/><\/span> <\/label>\n\t\t\t<\/p>\n\t\t\t<p><label><span class=\"bt_bb_required\">Mesajul dvs.<\/span><br \/>\n<span class=\"wpcf7-form-control-wrap\" data-name=\"your-message\"><textarea cols=\"40\" rows=\"10\" maxlength=\"2000\" class=\"wpcf7-form-control wpcf7-textarea wpcf7-validates-as-required\" aria-required=\"true\" aria-invalid=\"false\" name=\"your-message\"><\/textarea><\/span> <\/label>\n\t\t\t<\/p>\n\t\t\t<p><label><span class=\"bt_bb_required\" style=\"margin-top:25px !important;\"><span class=\"wpcf7-form-control-wrap\" data-name=\"accept-this-1\"><span class=\"wpcf7-form-control wpcf7-acceptance\"><span class=\"wpcf7-list-item\"><label><input type=\"checkbox\" name=\"accept-this-1\" value=\"1\" aria-invalid=\"false\" \/><span class=\"wpcf7-list-item-label\">Sunt de acord cu <a target=\"_blank\" href=\"https:\/\/groupflorence.com\/ro\/terms-of-use\/\">Termenii \u0219i Serviciile<\/a>.<\/span><\/label><\/span><\/span><\/span><\/span><\/label>\n\t\t\t<\/p>\n\t\t\t<p><input class=\"wpcf7-form-control wpcf7-submit has-spinner contact_button_int\" type=\"submit\" value=\"TRIMITE MESAJ\" \/>\n\t\t\t<\/p>\n\t\t<\/div>\n\t<\/div>\n\t<div class=\"rowItem rowInnerItem col-md-6  btTextLeft\">\n\t\t<div class=\"rowItemContent\">\n\t\t\t<p align=\"center\" style=\"margin-top:30px;\"><br \/>\n<a href=\"http:\/\/florencenightingale.wetransfer.com\/\" target=\"_blank\" title=\"Click Here To Transfer Your Documents via WeTransfer\"><img decoding=\"async\"  align=\"center\" style=\"max-width:250px !important;\" class=\"lazy loaded\" src=\"https:\/\/groupflorence.com\/ro\/wp-content\/uploads\/2020\/08\/89130-wetransfer-default-logo-rgb-original-1365619064-e1599162229581.png\" data-src=\"https:\/\/groupflorence.com\/ro\/wp-content\/uploads\/2020\/08\/89130-wetransfer-default-logo-rgb-original-1365619064-e1599162229581.png\" alt=\"Click Here To Transfer Your Documents via WeTransfer\" title=\"Click Here To Transfer Your Documents via WeTransfer\" data-was-processed=\"true\" \/><\/a>\n\t\t\t<\/p>\n\t\t\t<h3 align=\"center\"><a href=\"http:\/\/florencenightingale.wetransfer.com\/\" target=\"_blank\" title=\"Click Here To Transfer Your Documents via WeTransfer\">Trimite prin WeTransfer<\/a>\n\t\t\t<\/h3>\n\t\t\t<p align=\"center\">Pute\u021bi trimite documentele dvs. medicale supradimensionate (\u00eenregistr\u0103ri RMN, rezultate de laborator, imagini etc.) folosind contul nostru WeTransfer. Este u\u0219or, rapid \u0219i sigur.\n\t\t\t<\/p>\n\t\t<\/div>\n\t\t<center>\n\t\t\t<p><a href=\"http:\/\/florencenightingale.wetransfer.com\/\" class=\"btBtn btBtn btnFilledStyle btnAccentColor btnSmall btnNormalWidth btnRightPosition btnNoIcon\" target=\"_blank\"><span class=\"btnInnerText\">Trimite acum<\/span><\/a>\n\t\t\t<\/p>\n\t\t<\/center>\n\t<\/div>\n<\/div><div class=\"wpcf7-response-output\" aria-hidden=\"true\"><\/div>\n<\/form>\n<\/div>\n<\/div><div class=\"btClear btSeparator topSpaced noBorder\" ><hr><\/div><\/div><\/div><\/div><\/div><\/div><\/div><\/div><\/section>\n","protected":false},"excerpt":{"rendered":"","protected":false},"author":1,"featured_media":0,"parent":2306,"menu_order":10,"comment_status":"closed","ping_status":"closed","template":"","meta":{"footnotes":""},"class_list":["post-2312","page","type-page","status-publish","hentry"],"_links":{"self":[{"href":"https:\/\/groupflorence.com\/ro\/wp-json\/wp\/v2\/pages\/2312","targetHints":{"allow":["GET"]}}],"collection":[{"href":"https:\/\/groupflorence.com\/ro\/wp-json\/wp\/v2\/pages"}],"about":[{"href":"https:\/\/groupflorence.com\/ro\/wp-json\/wp\/v2\/types\/page"}],"author":[{"embeddable":true,"href":"https:\/\/groupflorence.com\/ro\/wp-json\/wp\/v2\/users\/1"}],"replies":[{"embeddable":true,"href":"https:\/\/groupflorence.com\/ro\/wp-json\/wp\/v2\/comments?post=2312"}],"version-history":[{"count":4,"href":"https:\/\/groupflorence.com\/ro\/wp-json\/wp\/v2\/pages\/2312\/revisions"}],"predecessor-version":[{"id":5990,"href":"https:\/\/groupflorence.com\/ro\/wp-json\/wp\/v2\/pages\/2312\/revisions\/5990"}],"up":[{"embeddable":true,"href":"https:\/\/groupflorence.com\/ro\/wp-json\/wp\/v2\/pages\/2306"}],"wp:attachment":[{"href":"https:\/\/groupflorence.com\/ro\/wp-json\/wp\/v2\/media?parent=2312"}],"curies":[{"name":"wp","href":"https:\/\/api.w.org\/{rel}","templated":true}]}}