{"id":2308,"date":"2020-08-13T15:48:42","date_gmt":"2020-08-13T12:48:42","guid":{"rendered":"https:\/\/groupflorence.com\/ro\/?page_id=2308"},"modified":"2022-12-08T15:57:07","modified_gmt":"2022-12-08T12:57:07","slug":"kidney-transplantation-center","status":"publish","type":"page","link":"https:\/\/groupflorence.com\/ro\/centers-treatments\/kidney-transplantation-center\/","title":{"rendered":"Centrul de Transplantare a Rinichilor"},"content":{"rendered":"<section id=\"bt_section69eb83ce002e4\"  class=\"boldSection gutter\" ><div class=\"port\"><div class=\"boldCell\"><div class=\"boldCellInner\"><div class=\"boldRow  \" ><div class=\"boldRowInner\"><div class=\"rowItem col-md-4 col-ms-12 btTextLeft\"  ><div class=\"rowItemContent\" ><div class=\"btClear btSeparator topSpaced noBorder\" ><hr><\/div><div class=\"btCustomMenu treatment-sidebar\" ><div class=\"menu-kidney-transplantation-container\"><ul id=\"menu-kidney-transplantation\" class=\"menu\"><li id=\"menu-item-3618\" class=\"menu-item menu-item-type-post_type menu-item-object-page menu-item-has-children menu-item-3618\"><a href=\"https:\/\/groupflorence.com\/ro\/centers-treatments\/\">Centre &#038; Departamente<\/a><ul class=\"sub-menu\"><li id=\"menu-item-3619\" class=\"menu-item menu-item-type-post_type menu-item-object-page menu-item-has-children menu-item-3619\"><a href=\"https:\/\/groupflorence.com\/ro\/centers-treatments\/kidney-transplantation-center\/\">Centrul de Transplantare a Rinichilor<\/a><ul class=\"sub-menu\"><li id=\"menu-item-3616\" class=\"menu-item menu-item-type-post_type menu-item-object-page menu-item-3616\"><a href=\"https:\/\/groupflorence.com\/ro\/centers-treatments\/kidney-transplantation-center\/who-can-be-a-kidney-transplant-donor\/\">Cine poate fi un donator de transplant de rinichi?<\/a><\/li><li id=\"menu-item-3615\" class=\"menu-item menu-item-type-post_type menu-item-object-page menu-item-3615\"><a href=\"https:\/\/groupflorence.com\/ro\/centers-treatments\/kidney-transplantation-center\/the-process-before-kidney-transplant\/\">Procesul \u00eenainte de transplantul de rinichi<\/a><\/li><li id=\"menu-item-3622\" class=\"menu-item menu-item-type-post_type menu-item-object-page menu-item-3622\"><a href=\"https:\/\/groupflorence.com\/ro\/centers-treatments\/kidney-transplantation-center\/kidney-transplant-process\/\">Transplantul de Rinichi<\/a><\/li><li id=\"menu-item-3629\" class=\"menu-item menu-item-type-post_type menu-item-object-page menu-item-3629\"><a href=\"https:\/\/groupflorence.com\/ro\/centers-treatments\/kidney-transplantation-center\/kidney-transplantation-in-children\/\">Transplantul de Rinichi la Copii<\/a><\/li><li id=\"menu-item-3628\" class=\"menu-item menu-item-type-post_type menu-item-object-page menu-item-3628\"><a href=\"https:\/\/groupflorence.com\/ro\/centers-treatments\/kidney-transplantation-center\/patients-from-abroad\/\">Pacien\u0163i din Str\u0103in\u0103tate<\/a><\/li><li id=\"menu-item-3634\" class=\"menu-item menu-item-type-post_type menu-item-object-page menu-item-3634\"><a href=\"https:\/\/groupflorence.com\/ro\/centers-treatments\/kidney-transplantation-center\/retroperitonoscopic-nephrectomy-for-donors\/\">Nefrectomie Retroperitonoscopic\u0103 pentru Donatori<\/a><\/li><\/ul><\/li><\/ul><\/li>\n<\/ul><\/div><\/div><div class=\"btClear btSeparator topSemiSpaced noBorder\" ><hr><\/div><div class=\"boldRow boldInnerRow  bt_bb_hidden_xs bt_bb_hidden_ms bt_bb_hidden_sm\" ><div class=\"rowItem rowInnerItem col-md-12  btTextCenter btMiddleVertical\"  ><div class=\"rowItemContent\"><div class=\"bpgPhoto btTextCenter\" > \r\n\t\t\t\t\t<a href=\"https:\/\/groupflorence.com\/ro\/patient-guide\/covid-19-precautions\/\" target=\"_blank\" title=\"\"><\/a>\r\n\t\t\t\t\t<div class=\"boldPhotoBox\"><div class=\"bpbItem\"><div class = \"btImage\"><img decoding=\"async\" src=\"https:\/\/groupflorence.com\/ro\/wp-content\/uploads\/2020\/12\/covid-safe-sidebar-320x186.jpg\" alt=\"\" title=\"\" ><\/div><\/div><\/div>\r\n\t\t\t\t\t<div class=\"captionPane\">\r\n\t\t\t\t\t\t<div class=\"captionTable\">\r\n\t\t\t\t\t\t\t<div class=\"captionCell\">\r\n\t\t\t\t\t\t\t\t<div class=\"captionTxt\"><\/div>\r\n\t\t\t\t\t\t\t<\/div>\r\n\t\t\t\t\t\t<\/div>\r\n\t\t\t\t\t<\/div><\/div><div class=\"btClear btSeparator topSmallSpaced bottomSmallSpaced border\" ><hr><\/div><a href=\"https:\/\/groupflorence.com\/ro\/contact-us\/\" class=\"btBtn btBtn btnFilledStyle btnAccentColor btnBig btnNormalWidth btnLeftPosition btnNoIcon\" ><span class=\"btnInnerText\">Ask A Question<\/span><\/a><\/div><\/div><\/div><\/div><\/div><div class=\"rowItem col-md-8 col-ms-12 btTextLeft\"  ><div class=\"rowItemContent\" ><div class=\"btClear btSeparator topSemiSpaced noBorder\" ><hr><\/div><header class=\"header btClear medium btDash bottomDash  btNormalDash\" ><div class=\"dash\"><h3><span class=\"headline\"><b class=\"animate\">Centrul de Transplantare a Rinichilor<\/b><\/span><\/h3><\/div><\/header><div class=\"btClear btSeparator topSemiSpaced noBorder\" ><hr><\/div><div class=\"btText\" ><\/p>\n<p>La Grupul Florence Nightingale Spitale Centrul de Transplantare a rinichilor, suntem m\u00e2ndri s\u0103 exprim\u0103m c\u0103 am efectuat mai mult de 1100 de transplant de rinichi f\u0103r\u0103 probleme grave de s\u0103n\u0103tate.<\/p>\n<p>Pentru a avea transplant \u00een Turcia, pacien\u021bii din str\u0103in\u0103tate ar trebui s\u0103 aib\u0103 donatori de p\u00e2n\u0103 la gradul 4 de rudenie (Re\u021bine\u021bi c\u0103 so\u021bii sunt considera\u021bi rude apropiate legale).<\/p>\n<p><strong>Centrul nostru de Transplant de Rinichi \u00ee\u0219i asum\u0103 un rol de pionierat at\u00e2t \u00een transplantul de rinichi pediatric, c\u00e2t \u0219i pentru adul\u021bi;<\/strong><\/p>\n<ul>\n<li>transplant regulat (chirurgie deschis\u0103),<\/li>\n<li>transplant de rinichi laparoscopic sau robotizat (chirurgie \u00eenchis\u0103),<\/li>\n<li>\u00een condi\u021bii dificile, cum ar fi transplantul \u00eencruci\u0219at \u0219i incompatibilitatea grupului de s\u00e2nge (ABO).<\/li>\n<\/ul>\n<h3>Beneficiile transplantului de rinichi retroperitoneoscopic<\/h3>\n<p>Cu ajutorul tehnicii \u201eretroperitoneoscopice\u201d, dezvoltat\u0103 de prof. Bar\u0131\u015f Akin, MD, directorul Centrului de Transplant de Rinichi, organele abdominale sunt bine conservate \u00een timpul opera\u0163iei, astfel \u00eenc\u00e2t nu sunt cauzate daune permanente.<\/p>\n<p>\u00cen centrul nostru, majoritatea transplanturilor au fost efectuate utiliz\u00e2nd aceast\u0103 tehnic\u0103 din 2009. Aceast\u0103 tehnic\u0103 este explicat\u0103 \u00een congresele medicale din America, Europa \u0219i Turcia.<\/p>\n<ul>\n<li>Tehnica retroperitoneoscopic\u0103 este mai avansat\u0103 \u0219i mai sigur\u0103 \u201etehnica laparoscopic\u0103\u201d, care este realizat\u0103 pe scar\u0103 larg\u0103 \u00een lume.<\/li>\n<li>\u00cen tehnica laparoscopic\u0103; riscul de a dezvolta leziuni ale organelor intra-abdominale, aderen\u021belor intestinale \u0219i chiar obstruc\u021biei intestinale \u00een timpul interven\u021biei chirurgicale este prezent datorit\u0103 \u00eendep\u0103rt\u0103rii rinichilor.<\/li>\n<li>\u00cen centrul nostru, \u00eendep\u0103rtarea rinichilor este asigurat\u0103 printr-o mic\u0103 incizii chirurgicale sub camera f\u0103r\u0103 nici un contact cu organele intra-abdominale folosind tehnica retroperitoneoscopic\u0103.<\/li>\n<li>Donatorul va fi externat la 2 sau 3 zile dup\u0103 opera\u0163ie.<\/li>\n<\/ul>\n<h3>Cum r\u0103m\u00e2ne cu transplantul de rinichi \u00een condi\u021bii dificile (cum ar fi transplantul \u00eencruci\u0219at \u0219i incompatibilitatea grupului de s\u00e2nge)?<\/h3>\n<ul>\n<li>Avem o baz\u0103 de date mare de donatori de rinichi pentru pacien\u0163ii cu insuficien\u0163\u0103 renal\u0103, care nu pot g\u0103si donatori eligibili. Prin utilizarea bazei noastre de date a donatorilor \u0219i schimbul de rinichi \u00eentre cupluri, ne propunem s\u0103 le cre\u0219tem \u0219ansele de a tr\u0103i cu rinichi s\u0103n\u0103to\u0219i, precum \u0219i s\u0103 ne ajut\u0103m reciproc pentru binele lor.<\/li>\n<li>\u00cen aproape 30% din transplantul de rinichi, pacien\u021bii au donatori, dar grupele lor de s\u00e2nge nu se potrivesc. \u00cen astfel de cazuri, donatorii sunt trata\u021bi \u00eenainte de opera\u021bie, iar antigenele grupului sanguin sunt aproape eliminate din circula\u021bia s\u00e2ngelui. Dup\u0103 aceea, se efectueaz\u0103 transplantul. Aceasta se nume\u0219te \u201etransplant \u00eentre grupurile de s\u00e2nge nepotrivite\u201d (transplant \u00een incompatibilitatea grupului sanguin ABO).<\/li>\n<\/ul>\n<blockquote>\n<p><strong>Dedicarea, cuno\u0219tin\u021bele \u0219tiin\u021bifice \u0219i experien\u021ba acumulat\u0103 conduc la rate de succes mai mari!<\/strong><\/p>\n<\/blockquote>\n<p>Echipa noastr\u0103 de transplant de rinichi este format\u0103 din<\/p>\n<ul>\n<li>chirurgi pentru transplant,<\/li>\n<li>nefrolog,<\/li>\n<li>anestezist,<\/li>\n<li>cardiolog,<\/li>\n<li>speciali\u0219ti \u00een boli infec\u021bioase,<\/li>\n<li>imunolog,<\/li>\n<li>asistente medicale pentru transplant de organe,<\/li>\n<li>asisten\u021bi de nefrologie,<\/li>\n<li>coordonatori ai pacien\u021bilor,<\/li>\n<li>consultan\u021bi,<\/li>\n<li>alt personal medical.<\/li>\n<\/ul>\n<h3>De ce s\u0103 ne alegi pe noi?<\/h3>\n<p>\u00cen calitate de Grup Florence Nightingale Rinichi Center, realiz\u00e2nd at\u00e2t studii \u0219tiin\u021bifice c\u00e2t \u0219i clinice la Universitatea Demiroglu Bilim, oferim cea mai recent\u0103 tehnologie medical\u0103 \u0219i aplic\u0103m progresele actuale prin transplant \u0219i pentru urm\u0103rire.<\/p>\n<ul>\n<li>%99,8 dintre pacien\u021bii no\u0219tri se \u00eentorc acas\u0103 \u00een stare bun\u0103 de s\u0103n\u0103tate,<\/li>\n<li>%97,4 dintre ace\u0219tia se confrunt\u0103 cu o stare bun\u0103 de s\u0103n\u0103tate stabil\u0103 \u00een primul an de transplant.<\/li>\n<li>Succesul echipei noastre de transplant de rinichi este acela\u0219i ca \u0219i centrele de conducere din SUA \u0219i Europa.<\/li>\n<\/ul>\n<p>Fundamentele Grupului Florence Nightingale Centrul de Transplant de Rinichi<\/p>\n<ul>\n<li>Prevenirea \u00eent\u00e2rzierii cre\u0219terii \u0219i a bolilor osoase prin interven\u021bia \u00een timp util cu transplant de rinichi la copii.<\/li>\n<li>Datorit\u0103 programului nostru de transplantare \u00eencruci\u0219at\u0103 pentru a crea \u0219ansa de transplant pentru pacien\u021bii care pot primi rinichi de la oameni rare din cauza neconformit\u0103\u021bii grupului de s\u00e2nge sau a structurii antigenice ridicate.<\/li>\n<li>Asigurarea don\u0103rii de rinichi \u00een condi\u021bii de siguran\u021b\u0103 prin efectuarea unei tehnici chirurgicale avansate sub camer\u0103 pentru oameni pentru a dona rinichiul lor rudelor lor (tehnica retroperitoneoscopic\u0103).<\/li>\n<li>Asigurarea unei lucr\u0103ri s\u0103n\u0103toase a rinichiului timp de mul\u021bi ani cu program de urm\u0103rire dup\u0103 transplantul de rinichi. De asemenea, urm\u0103rirea persoanelor care dau rinichii lor (donatori).<\/li>\n<li>Colabor\u0103m cu personal de \u00eenalt\u0103 calificare din diferite discipline medicale pentru bun\u0103starea pacien\u021bilor \u0219i a donatorilor no\u0219tri dup\u0103 transplant \u0219i \u00een timpul urm\u0103ririi.<\/li>\n<li>Efectu\u0103m o examinare detaliat\u0103 \u00eenainte de transplant, astfel \u00eenc\u00e2t s\u0103 putem estima posibila reac\u021bie a sistemului imunitar dup\u0103 procedur\u0103.<\/li>\n<\/ul>\n<h3>Urm\u0103rirea dup\u0103 transplantul de rinichi<\/h3>\n<p>Pentru evaluarea cu succes a transplantului renal, urm\u0103rirea dup\u0103 transplantul renal, precum \u015fi perioada opera\u0163iei este foarte important\u0103.<\/p>\n<p>La Centrul nostru de Transplant de Rinichi, to\u021bi pacien\u021bii no\u0219tri sunt urm\u0103ri\u021bi \u00eendeaproape \u0219i regulat pentru a asigura func\u021bionarea s\u0103n\u0103toas\u0103 a rinichiului transplantat.<\/p>\n<p><strong>Pietrele de temelie ale calendarului dup\u0103 transplant:<\/strong><\/p>\n<ul>\n<li>Pacien\u021bii care au primit rinichi sunt evacua\u021bi dup\u0103 o medie de \u0219ase zile.<\/li>\n<li>Informa\u021bii detaliate privind medicamentele \u0219i problemele care necesit\u0103 o aten\u021bie deosebit\u0103 \u00een noua lor via\u021b\u0103 sunt date cu 2 zile \u00eenainte de desc\u0103rcare de gestiune.<\/li>\n<li>Pacientul p\u0103r\u0103se\u0219te spitalul cu o diagram\u0103 de medicamente \u0219i un num\u0103r de telefon la care se poate ajunge 24 de ore pe zi.<\/li>\n<li>Pacien\u021bii sunt ruga\u021bi s\u0103 viziteze spitalul de dou\u0103 ori pe s\u0103pt\u0103m\u00e2n\u0103 pentru a da s\u00e2nge pentru teste.<\/li>\n<li>Pacien\u021bii care tr\u0103iesc \u00een locuri \u00eendep\u0103rtate pot avea testele de s\u00e2nge efectuate \u00een regiunile \u00een care tr\u0103iesc \u0219i trimise prin po\u0219t\u0103 f\u0103r\u0103 taxe.<\/li>\n<li>Aceste teste de s\u00e2nge se repet\u0103 o dat\u0103 pe s\u0103pt\u0103m\u00e2n\u0103 \u00een a doua lun\u0103 \u0219i o dat\u0103 \u00een a \u0219asea lun\u0103.<\/li>\n<li>Pacien\u021bii no\u0219tri sunt ruga\u021bi \u00een mod regulat s\u0103 viziteze un nefrolog.<\/li>\n<li>De asemenea, urm\u0103rim \u00een mod regulat donatorii no\u0219tri care au dat darul vie\u021bii rudelor lor. Donatorii de rinichi se pot \u00eentoarce la casele lor \u00een medie 3 zile dup\u0103 opera\u021bie.<\/li>\n<li>Ei sunt invita\u021bi la spital pentru reexaminare la o s\u0103pt\u0103m\u00e2n\u0103 dup\u0103 ce se \u00eentorc acas\u0103.<\/li>\n<li>Vin pentru examene de \u015fase luni.<\/li>\n<li>Apoi li se cere s\u0103 viziteze spitalul o dat\u0103 pe an pentru examinare.<\/li>\n<\/ul>\n<p>\n<\/div><div class=\"btClear btSeparator topSemiSpaced noBorder\" ><hr><\/div><div class=\"boldRow boldInnerRow  \" ><div class=\"rowItem rowInnerItem col-md-6  btTextCenter inherit\"  ><div class=\"rowItemContent\"><div class=\"btText\" ><\/p>\n<h3><a href=\"https:\/\/groupflorence.com\/ro\/centers-treatments\/kidney-transplantation-center\/vascular-access-center-for-hemodialysis\/\">Centrul de acces vascular pentru hemodializ\u0103<\/a><\/h3>\n<p>Centrul nostru de acces vascular este gestionat de prof. Baris Akin, MD, cunoscut cu experien\u021b\u0103 \u00een domeniul transplantului de rinichi \u0219i chirurgie vascular\u0103.<\/p>\n<p>\n<\/div><div class=\"btClear btSeparator topSmallSpaced noBorder\" ><hr><\/div><a href=\"https:\/\/groupflorence.com\/ro\/centers-treatments\/kidney-transplantation-center\/vascular-access-center-for-hemodialysis\/\" class=\"btBtn btBtn btnFilledStyle btnAccentColor btnMedium btnNormalWidth btnRightPosition btnNoIcon\"  target=\"_blank\"><span class=\"btnInnerText\">Read More<\/span><\/a><div class=\"btClear btSeparator topSpaced noBorder bt_bb_hidden_md bt_bb_hidden_lg\" ><hr><\/div><\/div><\/div><div class=\"rowItem rowInnerItem col-md-6  btTextCenter inherit\"  ><div class=\"rowItemContent\"><div class=\"btText\" ><\/p>\n<h3><a href=\"https:\/\/groupflorence.com\/ro\/centers-treatments\/kidney-transplantation-center\/retroperitonoscopic-nephrectomy-for-donors\/\">Nefrectomie retroperitonoscopic\u0103 pentru donatori<\/a><\/h3>\n<p>O echip\u0103 de lider \u00een tehnici avansate \u00een Turcia, oferim siguran\u021ba donatorilor prin nefrectomie retroperitoneoscopic\u0103.<\/p>\n<p>\n<\/div><div class=\"btClear btSeparator topSmallSpaced noBorder\" ><hr><\/div><a href=\"https:\/\/groupflorence.com\/ro\/centers-treatments\/kidney-transplantation-center\/retroperitonoscopic-nephrectomy-for-donors\/\" class=\"btBtn btBtn btnFilledStyle btnAccentColor btnMedium btnNormalWidth btnRightPosition btnNoIcon\"  target=\"_blank\"><span class=\"btnInnerText\">Read More<\/span><\/a><\/div><\/div><\/div><div class=\"btClear btSeparator topSpaced noBorder\" ><hr><\/div><div class=\"boldRow boldInnerRow  \" ><div class=\"rowItem rowInnerItem col-md-6  btTextCenter inherit\"  ><div class=\"rowItemContent\"><div class=\"btText\" ><\/p>\n<h3><a href=\"https:\/\/groupflorence.com\/ro\/centers-treatments\/kidney-transplantation-center\/immunology-laboratory\/\">Laborator imunologie<\/a><\/h3>\n<p>Florence Nightingale Hospital Imunology Laboratory sprijin\u0103 numeroase centre de transplant de rinichi, ficat \u0219i m\u0103duv\u0103 osoas\u0103 \u00een regiunea Marmara.<\/p>\n<p>\n<\/div><div class=\"btClear btSeparator topSmallSpaced noBorder\" ><hr><\/div><a href=\"https:\/\/groupflorence.com\/ro\/centers-treatments\/kidney-transplantation-center\/immunology-laboratory\/\" class=\"btBtn btBtn btnFilledStyle btnAccentColor btnMedium btnNormalWidth btnRightPosition btnNoIcon\"  target=\"_blank\"><span class=\"btnInnerText\">Read More<\/span><\/a><div class=\"btClear btSeparator topSpaced noBorder bt_bb_hidden_md bt_bb_hidden_lg\" ><hr><\/div><\/div><\/div><div class=\"rowItem rowInnerItem col-md-6  btTextCenter inherit\"  ><div class=\"rowItemContent\"><div class=\"btText\" ><\/p>\n<h3><a href=\"https:\/\/groupflorence.com\/ro\/centers-treatments\/kidney-transplantation-center\/frequently-asked-questions\/\">\u00centreb\u0103ri frecvente<\/a><\/h3>\n<p>Rinichii sunt organele responsabile pentru excre\u021bia produselor metabolice prin producerea urinei \u0219i asigurarea echilibrului fluidelor organismului.<\/p>\n<p>\n<\/div><div class=\"btClear btSeparator topSmallSpaced noBorder\" ><hr><\/div><a href=\"https:\/\/groupflorence.com\/ro\/centers-treatments\/kidney-transplantation-center\/frequently-asked-questions\/\" class=\"btBtn btBtn btnFilledStyle btnAccentColor btnMedium btnNormalWidth btnRightPosition btnNoIcon\"  target=\"_blank\"><span class=\"btnInnerText\">Read More<\/span><\/a><\/div><\/div><\/div><div class=\"btClear btSeparator topSpaced noBorder\" ><hr><\/div><div class=\"boldRow boldInnerRow  \" ><div class=\"rowItem rowInnerItem col-md-4  btTextCenter inherit btNoPadding\" style=\"border: 1px solid #999;background-color: rgba(241, 241, 241, 1);\" ><div class=\"rowItemContent\"><div class=\"bpgPhoto btTextCenter\" ><div class=\"btImage\"><img decoding=\"async\" src=\"https:\/\/groupflorence.com\/ro\/wp-content\/uploads\/2020\/10\/Baris_-Akin.jpg\" alt=\"\" title=\"\"><\/div><\/div><div class=\"btIconImageRow btIconsHalfHoverPosition\" ><\/div><div class=\"btClear btSeparator topSmallSpaced noBorder\" ><hr><\/div><div class=\"btText\" ><\/p>\n<h4><a href=\"https:\/\/groupflorence.com\/ro\/doctors\/baris-akin\/\">Prof. Bar\u0131\u015f Akin, MD<\/a><\/h4>\n<p>\n<\/div><div class=\"btClear btSeparator bottomExtraSmallSpaced noBorder\" ><hr><\/div><a href=\"https:\/\/groupflorence.com\/ro\/doctors\/baris-akin\/\" class=\"btBtn btBtn btnFilledStyle btnLightColor btnSmall btnNormalWidth btnRightPosition btnNoIcon\"  target=\"_blank\"><span class=\"btnInnerText\">VIEW CV<\/span><\/a><div class=\"btClear btSeparator topExtraSmallSpaced bottomSmallSpaced noBorder\" ><hr><\/div><\/div><\/div><div class=\"rowItem rowInnerItem col-md-4  btTextCenter inherit btNoPadding\" style=\"border: 1px solid #999;background-color: rgba(241, 241, 241, 1);\" ><div class=\"rowItemContent\"><div class=\"bpgPhoto btTextCenter\" ><div class=\"btImage\"><img decoding=\"async\" src=\"https:\/\/groupflorence.com\/ro\/wp-content\/uploads\/2020\/11\/Ayse-Sinangil-2.jpg\" alt=\"\" title=\"\"><\/div><\/div><div class=\"btIconImageRow btIconsHalfHoverPosition\" ><\/div><div class=\"btClear btSeparator topSmallSpaced noBorder\" ><hr><\/div><div class=\"btText\" ><\/p>\n<h4><a href=\"https:\/\/groupflorence.com\/ro\/doctors\/ayse-sinangil\/\">Ay\u015fe Sinangil, MD<\/a><\/h4>\n<p>\n<\/div><div class=\"btClear btSeparator bottomExtraSmallSpaced noBorder\" ><hr><\/div><a href=\"https:\/\/groupflorence.com\/ro\/doctors\/ayse-sinangil\/\" class=\"btBtn btBtn btnFilledStyle btnLightColor btnSmall btnNormalWidth btnRightPosition btnNoIcon\"  target=\"_blank\"><span class=\"btnInnerText\">VIEW CV<\/span><\/a><div class=\"btClear btSeparator topExtraSmallSpaced bottomSmallSpaced noBorder\" ><hr><\/div><\/div><\/div><div class=\"rowItem rowInnerItem col-md-4  btTextCenter inherit btNoPadding\" style=\"background-color: rgba(241, 241, 241, 1);\" ><div class=\"rowItemContent\"><\/div><\/div><\/div><div class=\"btClear btSeparator topSemiSpaced noBorder\" ><hr><\/div><header class=\"header btClear medium btDash bottomDash  btAccentDash\" ><div class=\"dash\"><h3><span class=\"headline\"><em>Contact Us Now<\/em><\/span><\/h3><\/div><\/header><div class=\"btClear btSeparator bottomSmallSpaced noBorder\" ><hr><\/div><div class=\"btText\" >\n<div class=\"wpcf7 no-js\" id=\"wpcf7-f2891-o1\" lang=\"tr-TR\" dir=\"ltr\" data-wpcf7-id=\"2891\">\n<div class=\"screen-reader-response\"><p role=\"status\" aria-live=\"polite\" aria-atomic=\"true\"><\/p> <ul><\/ul><\/div>\n<form action=\"\/ro\/wp-json\/wp\/v2\/pages\/2308#wpcf7-f2891-o1\" method=\"post\" class=\"wpcf7-form init wpcf7-acceptance-as-validation\" aria-label=\"\u0130leti\u015fim Formu\" novalidate=\"novalidate\" data-status=\"init\">\n<fieldset class=\"hidden-fields-container\"><input type=\"hidden\" name=\"_wpcf7\" value=\"2891\" \/><input type=\"hidden\" name=\"_wpcf7_version\" value=\"6.1.5\" \/><input type=\"hidden\" name=\"_wpcf7_locale\" value=\"tr_TR\" \/><input type=\"hidden\" name=\"_wpcf7_unit_tag\" value=\"wpcf7-f2891-o1\" \/><input type=\"hidden\" name=\"_wpcf7_container_post\" value=\"0\" \/><input type=\"hidden\" name=\"_wpcf7_posted_data_hash\" value=\"\" \/>\n<\/fieldset>\n<p style=\"margin-bottom:30px !important;\">\u00cen timp ce completa\u021bi formularul de contact de mai jos, pute\u021bi, de asemenea, s\u0103 ne trimite\u021bi fi\u0219ierele medicale ale pacientului\/dumneavoastr\u0103 prin <strong>transfer<\/strong>. A doua opinie medical\u0103 v\u0103 va fi prezentat\u0103 \u00een termen de 48 de ore.\n<\/p>\n<div class=\"boldRow boldInnerRow  \">\n\t<div class=\"rowItem rowInnerItem col-md-6  btTextLeft\">\n\t\t<div class=\"rowItemContent\">\n\t\t\t<p><label><span class=\"bt_bb_required\">Numele t\u0103u<\/span><br \/>\n<span class=\"wpcf7-form-control-wrap\" data-name=\"your-name\"><input size=\"40\" maxlength=\"400\" class=\"wpcf7-form-control wpcf7-text wpcf7-validates-as-required\" aria-required=\"true\" aria-invalid=\"false\" value=\"\" type=\"text\" name=\"your-name\" \/><\/span> <\/label>\n\t\t\t<\/p>\n\t\t\t<p><label><span class=\"bt_bb_required\">E-mailul dvs.<\/span><br \/>\n<span class=\"wpcf7-form-control-wrap\" data-name=\"your-email\"><input size=\"40\" maxlength=\"400\" class=\"wpcf7-form-control wpcf7-email wpcf7-validates-as-required wpcf7-text wpcf7-validates-as-email\" aria-required=\"true\" aria-invalid=\"false\" value=\"\" type=\"email\" name=\"your-email\" \/><\/span> <\/label>\n\t\t\t<\/p>\n\t\t\t<p><label><span class=\"bt_bb_required\">Telefonul dvs.<\/span><br \/>\n<span class=\"wpcf7-form-control-wrap\" data-name=\"your-phone\"><input size=\"40\" class=\"wpcf7-form-control wpcf7-phonetext wpcf7-text wpcf7-validates-as-phonetext\" id=\"int_phone\" aria-invalid=\"false\" value=\"\" type=\"text\" name=\"your-phone\" \/><input type=\"hidden\" name=\"your-phone-country-code\" class=\"wpcf7-phonetext-country-code\" \/><\/span> <\/label>\n\t\t\t<\/p>\n\t\t\t<p><label><span class=\"bt_bb_required\">Mesajul dvs.<\/span><br \/>\n<span class=\"wpcf7-form-control-wrap\" data-name=\"your-message\"><textarea cols=\"40\" rows=\"10\" maxlength=\"2000\" class=\"wpcf7-form-control wpcf7-textarea wpcf7-validates-as-required\" aria-required=\"true\" aria-invalid=\"false\" name=\"your-message\"><\/textarea><\/span> <\/label>\n\t\t\t<\/p>\n\t\t\t<p><label><span class=\"bt_bb_required\" style=\"margin-top:25px !important;\"><span class=\"wpcf7-form-control-wrap\" data-name=\"accept-this-1\"><span class=\"wpcf7-form-control wpcf7-acceptance\"><span class=\"wpcf7-list-item\"><label><input type=\"checkbox\" name=\"accept-this-1\" value=\"1\" aria-invalid=\"false\" \/><span class=\"wpcf7-list-item-label\">Sunt de acord cu <a target=\"_blank\" href=\"https:\/\/groupflorence.com\/ro\/terms-of-use\/\">Termenii \u0219i Serviciile<\/a>.<\/span><\/label><\/span><\/span><\/span><\/span><\/label>\n\t\t\t<\/p>\n\t\t\t<p><input class=\"wpcf7-form-control wpcf7-submit has-spinner contact_button_int\" type=\"submit\" value=\"TRIMITE MESAJ\" \/>\n\t\t\t<\/p>\n\t\t<\/div>\n\t<\/div>\n\t<div class=\"rowItem rowInnerItem col-md-6  btTextLeft\">\n\t\t<div class=\"rowItemContent\">\n\t\t\t<p align=\"center\" style=\"margin-top:30px;\"><br \/>\n<a href=\"http:\/\/florencenightingale.wetransfer.com\/\" target=\"_blank\" title=\"Click Here To Transfer Your Documents via WeTransfer\"><img decoding=\"async\"  align=\"center\" style=\"max-width:250px !important;\" class=\"lazy loaded\" src=\"https:\/\/groupflorence.com\/ro\/wp-content\/uploads\/2020\/08\/89130-wetransfer-default-logo-rgb-original-1365619064-e1599162229581.png\" data-src=\"https:\/\/groupflorence.com\/ro\/wp-content\/uploads\/2020\/08\/89130-wetransfer-default-logo-rgb-original-1365619064-e1599162229581.png\" alt=\"Click Here To Transfer Your Documents via WeTransfer\" title=\"Click Here To Transfer Your Documents via WeTransfer\" data-was-processed=\"true\" \/><\/a>\n\t\t\t<\/p>\n\t\t\t<h3 align=\"center\"><a href=\"http:\/\/florencenightingale.wetransfer.com\/\" target=\"_blank\" title=\"Click Here To Transfer Your Documents via WeTransfer\">Trimite prin WeTransfer<\/a>\n\t\t\t<\/h3>\n\t\t\t<p align=\"center\">Pute\u021bi trimite documentele dvs. medicale supradimensionate (\u00eenregistr\u0103ri RMN, rezultate de laborator, imagini etc.) folosind contul nostru WeTransfer. Este u\u0219or, rapid \u0219i sigur.\n\t\t\t<\/p>\n\t\t<\/div>\n\t\t<center>\n\t\t\t<p><a href=\"http:\/\/florencenightingale.wetransfer.com\/\" class=\"btBtn btBtn btnFilledStyle btnAccentColor btnSmall btnNormalWidth btnRightPosition btnNoIcon\" target=\"_blank\"><span class=\"btnInnerText\">Trimite acum<\/span><\/a>\n\t\t\t<\/p>\n\t\t<\/center>\n\t<\/div>\n<\/div><div class=\"wpcf7-response-output\" aria-hidden=\"true\"><\/div>\n<\/form>\n<\/div>\n<\/div><div class=\"btClear btSeparator topSpaced noBorder\" ><hr><\/div><\/div><\/div><\/div><\/div><\/div><\/div><\/div><\/section>\n","protected":false},"excerpt":{"rendered":"","protected":false},"author":1,"featured_media":0,"parent":2306,"menu_order":20,"comment_status":"closed","ping_status":"closed","template":"","meta":{"footnotes":""},"class_list":["post-2308","page","type-page","status-publish","hentry"],"_links":{"self":[{"href":"https:\/\/groupflorence.com\/ro\/wp-json\/wp\/v2\/pages\/2308","targetHints":{"allow":["GET"]}}],"collection":[{"href":"https:\/\/groupflorence.com\/ro\/wp-json\/wp\/v2\/pages"}],"about":[{"href":"https:\/\/groupflorence.com\/ro\/wp-json\/wp\/v2\/types\/page"}],"author":[{"embeddable":true,"href":"https:\/\/groupflorence.com\/ro\/wp-json\/wp\/v2\/users\/1"}],"replies":[{"embeddable":true,"href":"https:\/\/groupflorence.com\/ro\/wp-json\/wp\/v2\/comments?post=2308"}],"version-history":[{"count":5,"href":"https:\/\/groupflorence.com\/ro\/wp-json\/wp\/v2\/pages\/2308\/revisions"}],"predecessor-version":[{"id":6332,"href":"https:\/\/groupflorence.com\/ro\/wp-json\/wp\/v2\/pages\/2308\/revisions\/6332"}],"up":[{"embeddable":true,"href":"https:\/\/groupflorence.com\/ro\/wp-json\/wp\/v2\/pages\/2306"}],"wp:attachment":[{"href":"https:\/\/groupflorence.com\/ro\/wp-json\/wp\/v2\/media?parent=2308"}],"curies":[{"name":"wp","href":"https:\/\/api.w.org\/{rel}","templated":true}]}}