{"id":2103,"date":"2020-08-12T23:17:54","date_gmt":"2020-08-12T20:17:54","guid":{"rendered":"https:\/\/groupflorence.com\/ro\/?page_id=2103"},"modified":"2020-12-17T03:03:58","modified_gmt":"2020-12-17T00:03:58","slug":"accreditation","status":"publish","type":"page","link":"https:\/\/groupflorence.com\/ro\/why-choose-us\/accreditation\/","title":{"rendered":"Acreditare"},"content":{"rendered":"<section id=\"bt_section69eb443f9b22c\"  class=\"boldSection topSemiSpaced bottomSpaced gutter inherit\" ><div class=\"port\"><div class=\"boldCell\"><div class=\"boldCellInner\"><div class=\"boldRow  \" ><div class=\"boldRowInner\"><div class=\"rowItem col-md-12 col-ms-12  btTextLeft animate animate-fadein inherit\"  ><div class=\"rowItemContent\" ><header class=\"header btClear huge btDash topDash  btAccentDash\" ><div class=\"btSuperTitle\">ACCREDITATION<\/div><div class=\"dash\"><h1><span class=\"headline\"><b class=\"animate\">Grup Florence Nightingale<\/b><br \/><br><em>prioritizeaz\u0103 calitatea serviciilor<\/em><\/span><\/h1><\/div><\/header><header class=\"header btClear extralarge  btNormalDash\" ><div class=\"btSubTitle\">\u00cengrijirea pacien\u021bilor \u0219i siguran\u021ba pacien\u021bilor, prin urmare, Grupul urm\u0103re\u0219te \u00een mod continuu acreditarea \u201eJoint Commission International\u201d (JCI); o organiza\u021bie american\u0103 interna\u021bional\u0103 non-profit care evalueaz\u0103 \u0219i acrediteaz\u0103 institu\u021biile de s\u0103n\u0103tate \u0219i este considerat\u0103 ca fiind \u201esigiliul de aur\u201d global \u00een \u00eengrijirea \u0219i siguran\u021ba pacien\u021bilor.<\/div><\/header><div class=\"boldRow boldInnerRow  \" ><div class=\"rowItem rowInnerItem col-md-12  btTextCenter inherit\"  ><div class=\"rowItemContent\"><div class=\"bpgPhoto btTextCenter\"  style=\"width: 200px;\"><div class=\"btImage\"><img decoding=\"async\" src=\"https:\/\/groupflorence.com\/ro\/wp-content\/uploads\/2020\/08\/img-quality-150x150-1.png\" alt=\"\" title=\"\"><\/div><\/div><\/div><\/div><\/div><div class=\"boldRow boldInnerRow  \" style=\"text-align: center; p { text-size: 20px;}\"><div class=\"rowItem rowInnerItem col-md-12  btTextLeft inherit\"  ><div class=\"rowItemContent\"><div class=\"btClear btSeparator bottomSemiSpaced noBorder\" ><hr><\/div><div class=\"servicesItem  btIcoAccentColorIcon btIcoSmallSizeIcon  \"><div class=\"sIcon\"><span class=\"btIco btIcoSmallSize btIcoDefaultType btIcoAccentColor\" ><span  data-ico-fa=\"&#xf046;\" class=\"btIcoHolder\"><em><\/em><\/span><\/span><\/div><div class=\"sTxt\"><header class=\"header btClear small\" ><\/header><p>Cre\u0219terea gradului de con\u0219tientizare a pacien\u021bilor \u0219i a familiilor acestora \u0219i asigurarea particip\u0103rii depline a acestora la procesul de diagnosticare \u0219i tratament<\/p><\/div><\/div><div class=\"btClear btSeparator bottomSemiSpaced noBorder\" ><hr><\/div><div class=\"servicesItem  btIcoAccentColorIcon btIcoSmallSizeIcon  \"><div class=\"sIcon\"><span class=\"btIco btIcoSmallSize btIcoDefaultType btIcoAccentColor\" ><span  data-ico-fa=\"&#xf046;\" class=\"btIcoHolder\"><em><\/em><\/span><\/span><\/div><div class=\"sTxt\"><header class=\"header btClear small\" ><\/header><p>Cre\u0219terea calit\u0103\u021bii vie\u021bii prin oferirea celor mai bune servicii de diagnostic \u0219i tratament pentru pacien\u021bii no\u0219tri.<\/p><\/div><\/div><div class=\"btClear btSeparator bottomSemiSpaced noBorder\" ><hr><\/div><div class=\"servicesItem  btIcoAccentColorIcon btIcoSmallSizeIcon  \"><div class=\"sIcon\"><span class=\"btIco btIcoSmallSize btIcoDefaultType btIcoAccentColor\" ><span  data-ico-fa=\"&#xf046;\" class=\"btIcoHolder\"><em><\/em><\/span><\/span><\/div><div class=\"sTxt\"><header class=\"header btClear small\" ><\/header><p>Evaluarea siguran\u0163ei \u015fi satisfac\u0163iei pacien\u0163ilor ca prioritate.<\/p><\/div><\/div><div class=\"btClear btSeparator bottomSemiSpaced noBorder\" ><hr><\/div><div class=\"servicesItem  btIcoAccentColorIcon btIcoSmallSizeIcon  \"><div class=\"sIcon\"><span class=\"btIco btIcoSmallSize btIcoDefaultType btIcoAccentColor\" ><span  data-ico-fa=\"&#xf046;\" class=\"btIcoHolder\"><em><\/em><\/span><\/span><\/div><div class=\"sTxt\"><header class=\"header btClear small\" ><\/header><p>Cre\u0219terea gradului de con\u0219tientizare a pacien\u021bilor \u0219i a familiilor acestora \u0219i asigurarea particip\u0103rii depline a acestora la procesul de diagnosticare \u0219i tratament.<\/p><\/div><\/div><div class=\"btClear btSeparator bottomSemiSpaced noBorder\" ><hr><\/div><div class=\"servicesItem  btIcoAccentColorIcon btIcoSmallSizeIcon  \"><div class=\"sIcon\"><span class=\"btIco btIcoSmallSize btIcoDefaultType btIcoAccentColor\" ><span  data-ico-fa=\"&#xf046;\" class=\"btIcoHolder\"><em><\/em><\/span><\/span><\/div><div class=\"sTxt\"><header class=\"header btClear small\" ><\/header><p> Adoptarea unei abord\u0103ri de echip\u0103 \u0219i men\u021binerea \u00een via\u021b\u0103 a spiritului corporativ.<\/p><\/div><\/div><div class=\"btClear btSeparator bottomSemiSpaced noBorder\" ><hr><\/div><div class=\"servicesItem  btIcoAccentColorIcon btIcoSmallSizeIcon  \"><div class=\"sIcon\"><span class=\"btIco btIcoSmallSize btIcoDefaultType btIcoAccentColor\" ><span  data-ico-fa=\"&#xf046;\" class=\"btIcoHolder\"><em><\/em><\/span><\/span><\/div><div class=\"sTxt\"><header class=\"header btClear small\" ><\/header><p>Dezvoltarea unei for\u021be de munc\u0103 calificate prin cre\u0219terea cuno\u0219tin\u021belor \u0219i abilit\u0103\u021bilor angaja\u021bilor \u0219i asigurarea faptului c\u0103 ace\u0219tia devin profesioni\u0219ti \u00een domeniul s\u0103n\u0103t\u0103\u021bii devota\u021bi.<\/p><\/div><\/div><div class=\"btClear btSeparator bottomSemiSpaced noBorder\" ><hr><\/div><div class=\"servicesItem  btIcoAccentColorIcon btIcoSmallSizeIcon  \"><div class=\"sIcon\"><span class=\"btIco btIcoSmallSize btIcoDefaultType btIcoAccentColor\" ><span  data-ico-fa=\"&#xf046;\" class=\"btIcoHolder\"><em><\/em><\/span><\/span><\/div><div class=\"sTxt\"><header class=\"header btClear small\" ><\/header><p>Contribu\u021bia la dezvoltarea \u0219tiin\u021bei medicale prin \u00eembun\u0103t\u0103\u021birea continu\u0103 a serviciilor prestate.<\/p><\/div><\/div><div class=\"btClear btSeparator bottomSemiSpaced noBorder\" ><hr><\/div><div class=\"servicesItem  btIcoAccentColorIcon btIcoSmallSizeIcon  \"><div class=\"sIcon\"><span class=\"btIco btIcoSmallSize btIcoDefaultType btIcoAccentColor\" ><span  data-ico-fa=\"&#xf046;\" class=\"btIcoHolder\"><em><\/em><\/span><\/span><\/div><div class=\"sTxt\"><header class=\"header btClear small\" ><\/header><p>Fiind un spital de referinta care ofera servicii de diagnostic si tratament la standarde internationale.<\/p><\/div><\/div><div class=\"btClear btSeparator bottomSemiSpaced noBorder\" ><hr><\/div><\/div><\/div><\/div><\/div><\/div><\/div><\/div><\/div><\/div><\/div><\/section>\n","protected":false},"excerpt":{"rendered":"","protected":false},"author":1,"featured_media":0,"parent":2548,"menu_order":0,"comment_status":"closed","ping_status":"closed","template":"","meta":{"footnotes":""},"class_list":["post-2103","page","type-page","status-publish","hentry"],"_links":{"self":[{"href":"https:\/\/groupflorence.com\/ro\/wp-json\/wp\/v2\/pages\/2103","targetHints":{"allow":["GET"]}}],"collection":[{"href":"https:\/\/groupflorence.com\/ro\/wp-json\/wp\/v2\/pages"}],"about":[{"href":"https:\/\/groupflorence.com\/ro\/wp-json\/wp\/v2\/types\/page"}],"author":[{"embeddable":true,"href":"https:\/\/groupflorence.com\/ro\/wp-json\/wp\/v2\/users\/1"}],"replies":[{"embeddable":true,"href":"https:\/\/groupflorence.com\/ro\/wp-json\/wp\/v2\/comments?post=2103"}],"version-history":[{"count":3,"href":"https:\/\/groupflorence.com\/ro\/wp-json\/wp\/v2\/pages\/2103\/revisions"}],"predecessor-version":[{"id":6183,"href":"https:\/\/groupflorence.com\/ro\/wp-json\/wp\/v2\/pages\/2103\/revisions\/6183"}],"up":[{"embeddable":true,"href":"https:\/\/groupflorence.com\/ro\/wp-json\/wp\/v2\/pages\/2548"}],"wp:attachment":[{"href":"https:\/\/groupflorence.com\/ro\/wp-json\/wp\/v2\/media?parent=2103"}],"curies":[{"name":"wp","href":"https:\/\/api.w.org\/{rel}","templated":true}]}}