{"id":2047,"date":"2020-08-12T21:24:07","date_gmt":"2020-08-12T18:24:07","guid":{"rendered":"https:\/\/groupflorence.com\/ro\/?page_id=2047"},"modified":"2020-12-17T11:53:03","modified_gmt":"2020-12-17T08:53:03","slug":"our-history","status":"publish","type":"page","link":"https:\/\/groupflorence.com\/ro\/why-choose-us\/our-history\/","title":{"rendered":"Istoria Noastr\u0103"},"content":{"rendered":"<section id=\"bt_section69eb570d21c71\"  class=\"boldSection topSpaced bottomSpaced gutter inherit\" ><div class=\"port\"><div class=\"boldCell\"><div class=\"boldCellInner\"><div class=\"boldRow  \" ><div class=\"boldRowInner\"><div class=\"rowItem col-md-12 col-ms-12  btTextLeft animate animate-fadein inherit\"  ><div class=\"rowItemContent\" ><div class=\"btClear btSeparator bottomSemiSpaced noBorder\" ><hr><\/div><\/div><\/div><\/div><\/div><div class=\"boldRow  \" ><div class=\"boldRowInner\"><div class=\"rowItem col-md-4 col-ms-12 btTextLeft animate animate-fadein btMiddleVertical\"  ><div class=\"rowItemContent\" ><div class=\"bpgPhoto btTextCenter btSimpleHoverType\" ><div class=\"btImage\"><img decoding=\"async\" src=\"https:\/\/groupflorence.com\/ro\/wp-content\/uploads\/2020\/08\/img-florence2-320x460-1.jpg\" alt=\"\" title=\"\"><\/div><\/div><div class=\"btClear btSeparator bottomSemiSpaced noBorder bt_bb_hidden_md bt_bb_hidden_lg\" ><hr><\/div><\/div><\/div><div class=\"rowItem col-md-8 col-ms-12 btTextLeft animate animate-fadein btMiddleVertical btDoublePadding\"  ><div class=\"rowItemContent\" ><div class=\"btClear btSeparator bottomSmallSpaced noBorder\" ><hr><\/div><header class=\"header btClear extralarge btDash bottomDash  btAlternateDash\" ><div class=\"dash\"><h1><span class=\"headline\"><b class=\"animate\">Istoria Noastr\u0103<\/b><\/span><\/h1><\/div><\/header><div class=\"btText\" ><\/p>\n<p>Anii 70 sunt amintite ca o perioad\u0103 de timp \u00een care cet\u0103\u0163enii turci c\u0103l\u0103toreau \u00een str\u0103in\u0103tate pentru tratamente sofisticate, cum ar fi opera\u0163iile pe cord deschis \u015fi tratamentele \u00eempotriva cancerului.<\/p>\n<p>Prof. Cem&#8217;i Demioglu a fondat Institutul de Cardiologie Haseki la Facultatea de Medicin\u0103 Cerrahpa\u015fa \u00een 1974. De-a lungul anilor, acest institut a oferit servicii importante Turciei \u015fi a modelat \u00eenceputul unei c\u0103l\u0103torii de succes.<\/p>\n<p>\n<\/div><div class=\"btClear btSeparator topExtraSmallSpaced bottomSmallSpaced noBorder\" ><hr><\/div><\/div><\/div><\/div><\/div><div class=\"boldRow  \" ><div class=\"boldRowInner\"><div class=\"rowItem col-md-12 col-ms-12  btTextLeft animate animate-fadein inherit\"  ><div class=\"rowItemContent\" ><div class=\"btClear btSeparator topSemiSpaced bottomSemiSpaced border\" ><hr><\/div><\/div><\/div><\/div><\/div><div class=\"boldRow  \" ><div class=\"boldRowInner\"><div class=\"rowItem col-md-12 col-ms-12  btTextCenter animate animate-fadein btMiddleVertical btDoublePadding\"  ><div class=\"rowItemContent\" ><header class=\"header btClear large btDash bottomDash  btAccentDash\" ><div class=\"dash\"><h2><span class=\"headline\"><em>Spitalul Florence Nightingale<\/em><\/span><\/h2><\/div><\/header><div class=\"btClear btSeparator bottomExtraSmallSpaced noBorder\" ><hr><\/div><div class=\"btText\" ><\/p>\n<p>Spitalul Florence Nightingale a fost \u00eenfiin\u021bat \u00een 1989 ca o institu\u021bie medical\u0103 mic\u0103 \u0219i ambi\u021bioas\u0103, cu 50 de paturi \u0219i o capacitate anual\u0103 de 250 de opera\u021bii pe cord deschis. Prin amabilitatea sprijinului, \u00eencrederii \u0219i muncii de succes, Florence Nightingale \u0219i-a extins facilit\u0103\u021bile \u00een conformitate cu standardele \u0219i m\u0103surile interna\u021bionale la 302 paturi, \u00een care peste 2000 de opera\u021bii pe cord deschis ar putea fi efectuate anual.<\/p>\n<p>Spitalul Avrupa Florence Nightingale, al doilea spital al Grupului Florence Nightingale, a devenit una dintre cele mai importante institu\u0163ii medicale din Turcia, servind activ \u00een toate ramurile medicale, inclusiv pediatrie, chirurgie dentar\u0103 \u015fi maxilo-facial\u0103, ginecologie \u015fi oftalmologie.<\/p>\n<p>Gayrettepe Florence Nightingale Hospital \u0219i Centrul s\u0103u cuprinz\u0103tor de Cancer au fost deschise \u00een 1997 de c\u0103tre un joint venture cu parteneri americani. Infrastructura permite, de asemenea, consiliile comune \u0219i conferin\u021bele din ce \u00een ce mai importante cu omologii interna\u021bionali prin telemedicin\u0103.<\/p>\n<p>\u00cen conformitate cu rezultatele de succes \u0219i experien\u021ba acumulat\u0103 de-a lungul anilor, Florence Nightingale a \u00eenfiin\u021bat \u00een 1998 o universitate numit\u0103 Universitatea Bilim din Istanbul \u00een 2006. Este prima universitate tematic\u0103 din domeniul s\u0103n\u0103t\u0103\u0163ii din Turcia. \u00cen prezent, se \u00eenscriu peste 3000 de studen\u021bi.<\/p>\n<p>\n<\/div><div class=\"btClear btSeparator topExtraSmallSpaced bottomSmallSpaced noBorder\" ><hr><\/div><div class=\"bpgPhoto btTextCenter\" ><div class=\"btImage\"><img decoding=\"async\" src=\"https:\/\/groupflorence.com\/ro\/wp-content\/uploads\/2020\/08\/shutterstock_435003538-scaled-800x350-1.jpg\" alt=\"\" title=\"\"><\/div><\/div><div class=\"btClear btSeparator topExtraSmallSpaced bottomSmallSpaced noBorder\" ><hr><\/div><div class=\"btText\" ><\/p>\n<p>Grupul Florence Nightingale Hospital a crescut \u00een ultimii ani \u0219i a devenit unul dintre cele mai importante grupuri de s\u0103n\u0103tate at\u00e2t \u00een Turcia, c\u00e2t \u0219i \u00een regiune. \u00cen timp ce facem acest lucru, avans\u0103m prin plasarea experien\u021bei pacien\u021bilor \u00een centrul tuturor serviciilor noastre, f\u0103r\u0103 a compromite calitatea, etica sau \u0219tiin\u021ba.<\/p>\n<p>Suntem m\u00e2ndri c\u0103 pacien\u0163ii au pus o mare \u00eencredere \u00een medicii \u015fi spitalele turce\u015fti \u015fi, prin urmare, ast\u0103zi, favorizeaz\u0103 institu\u0163iile medicale din Turcia \u00een detrimentul tratamentului \u00een str\u0103in\u0103tate. Inten\u021bion\u0103m s\u0103 \u00eemp\u0103rt\u0103\u0219im experien\u021bele \u0219i know-how-ul nostru la scar\u0103 na\u021bional\u0103 \u0219i interna\u021bional\u0103 prin parteneriate \u0219i cooper\u0103ri.<\/p>\n<p>Sprijinul primit de la dumneavoastr\u0103 \u2014 pacien\u0163ii no\u015ftri pre\u0163ui\u0163i \u2014 de-a lungul c\u0103l\u0103toriei noastre de 30 de ani este ceea ce ne d\u0103 \u00eencredere \u015fi motiva\u0163ie s\u0103 continu\u0103m s\u0103 avem grij\u0103 de dumneavoastr\u0103 cu cea mai mare grij\u0103.<\/p>\n<p>Ast\u0103zi Grupul Florence Nightingale are cinci spitale \u0219i dou\u0103 centre medicale. Capacitatea patului a crescut la 800, care sunt echipate cu tehnologia ultramodern\u0103. Prin urmare, Grupul Florence Nightingale a fost nominalizat ca una dintre destina\u021biile globale \u00een domeniul asisten\u021bei medicale.<\/p>\n<p>\n<\/div><div class=\"btClear btSeparator topExtraSmallSpaced bottomSmallSpaced noBorder\" ><hr><\/div><\/div><\/div><\/div><\/div><\/div><\/div><\/div><\/section>\n","protected":false},"excerpt":{"rendered":"","protected":false},"author":1,"featured_media":0,"parent":2548,"menu_order":0,"comment_status":"closed","ping_status":"closed","template":"","meta":{"footnotes":""},"class_list":["post-2047","page","type-page","status-publish","hentry"],"_links":{"self":[{"href":"https:\/\/groupflorence.com\/ro\/wp-json\/wp\/v2\/pages\/2047","targetHints":{"allow":["GET"]}}],"collection":[{"href":"https:\/\/groupflorence.com\/ro\/wp-json\/wp\/v2\/pages"}],"about":[{"href":"https:\/\/groupflorence.com\/ro\/wp-json\/wp\/v2\/types\/page"}],"author":[{"embeddable":true,"href":"https:\/\/groupflorence.com\/ro\/wp-json\/wp\/v2\/users\/1"}],"replies":[{"embeddable":true,"href":"https:\/\/groupflorence.com\/ro\/wp-json\/wp\/v2\/comments?post=2047"}],"version-history":[{"count":2,"href":"https:\/\/groupflorence.com\/ro\/wp-json\/wp\/v2\/pages\/2047\/revisions"}],"predecessor-version":[{"id":6189,"href":"https:\/\/groupflorence.com\/ro\/wp-json\/wp\/v2\/pages\/2047\/revisions\/6189"}],"up":[{"embeddable":true,"href":"https:\/\/groupflorence.com\/ro\/wp-json\/wp\/v2\/pages\/2548"}],"wp:attachment":[{"href":"https:\/\/groupflorence.com\/ro\/wp-json\/wp\/v2\/media?parent=2047"}],"curies":[{"name":"wp","href":"https:\/\/api.w.org\/{rel}","templated":true}]}}