{"id":4884,"date":"2020-10-27T19:25:17","date_gmt":"2020-10-27T16:25:17","guid":{"rendered":"https:\/\/groupflorence.com\/ge\/?page_id=4884"},"modified":"2022-11-18T09:55:40","modified_gmt":"2022-11-18T06:55:40","slug":"kanay-yararbas","status":"publish","type":"page","link":"https:\/\/groupflorence.com\/ge\/doctors\/kanay-yararbas\/","title":{"rendered":"Kanay Yararba\u015f, M.D."},"content":{"rendered":"<section id=\"bt_section69e822bead326\"  class=\"boldSection gutter\" ><div class=\"port\"><div class=\"boldCell\"><div class=\"boldCellInner\"><div class=\"boldRow  \" ><div class=\"boldRowInner\"><div class=\"rowItem col-md-4 col-ms-12 btTextLeft inherit btDoublePadding\"  ><div class=\"rowItemContent\" ><div class=\"btClear btSeparator bottomExtraSpaced noBorder\" ><hr><\/div><header class=\"header btClear medium btDash topDash  btAccentDash bt_bb_hidden_sm bt_bb_hidden_md bt_bb_hidden_lg\" ><div class=\"dash\"><h3><span class=\"headline\">Kanay Yararba\u015f, M.D.<\/span><\/h3><\/div><\/header><div class=\"btClear btSeparator bottomSemiSpaced noBorder\" ><hr><\/div><div class=\"bpgPhoto btTextCenter\" ><div class=\"btImage\"><img decoding=\"async\" src=\"https:\/\/groupflorence.com\/ge\/wp-content\/uploads\/2020\/10\/Kanay-Yararbas\u0327.jpg\" alt=\"\" title=\"\"><\/div><\/div><\/div><\/div><div class=\"rowItem col-md-8 col-ms-12 btTextLeft inherit\"  ><div class=\"rowItemContent\" ><div class=\"btClear btSeparator bottomSpaced noBorder bt_bb_hidden_xs bt_bb_hidden_ms\" ><hr><\/div><header class=\"header btClear medium btDash topDash  btAccentDash bt_bb_hidden_xs bt_bb_hidden_ms\" ><div class=\"dash\"><h3><span class=\"headline\">Kanay Yararba\u015f, M.D.<\/span><\/h3><\/div><\/header><div class=\"btClear btSeparator bottomSemiSpaced noBorder bt_bb_hidden_xs bt_bb_hidden_ms\" ><hr><\/div><div class=\"btClear btSeparator bottomSemiSpaced noBorder bt_bb_hidden_sm bt_bb_hidden_md bt_bb_hidden_lg\" ><hr><\/div><div class=\"btText\" ><h3><strong>\u00d6\u011frenim Bilgisi<\/strong><\/h3>\n<ol>\n<li>2018- Halen (A\u00c7IK\u00d6\u011eRET\u0130M)<\/li>\n<\/ol>\n<p>ANADOLU \u00dcN\u0130VERS\u0130TES\u0130 A\u00c7IK\u00d6\u011eRET\u0130M FAK\u00dcLTES\u0130 SA\u011eLIK Y\u00d6NET\u0130M\u0130 B\u00d6L\u00dcM\u00dc SA\u011eLIK Y\u00d6NET\u0130M\u0130 PR.<\/p>\n<ol start=\"2\">\n<li>Mezun (A\u00c7IK\u00d6\u011eRET\u0130M)<\/li>\n<\/ol>\n<p>ANADOLU \u00dcN\u0130VERS\u0130TES\u0130 \u0130KT\u0130SAT FAK\u00dcLTES\u0130 \u00c7ALI\u015eMA EKONOM\u0130S\u0130 VE END\u00dcSTR\u0130 \u0130L\u0130\u015eK\u0130LER\u0130 B\u00d6L\u00dcM\u00dc \u00c7ALI\u015eMA EKONOM\u0130S\u0130 VE END\u00dcSTR\u0130 \u0130L\u0130\u015eK\u0130LER\u0130 PR.<\/p>\n<ol start=\"3\">\n<li>Mezun (A\u00c7IK\u00d6\u011eRET\u0130M)<\/li>\n<\/ol>\n<p>ANADOLU \u00dcN\u0130VERS\u0130TES\u0130 A\u00c7IK\u00d6\u011eRET\u0130M FAK\u00dcLTES\u0130 Y\u00d6NET\u0130M VE ORGAN\u0130ZASYON B\u00d6L\u00dcM\u00dc SA\u011eLIK KURUMLARI \u0130\u015eLETMEC\u0130L\u0130\u011e\u0130 PR.<\/p>\n<ol start=\"4\">\n<li><strong>T\u0131pta Uzmanl\u0131k: 2002-2006<\/strong><\/li>\n<\/ol>\n<p><strong>ANKARA \u00dcN\u0130VERS\u0130TES\u0130 TIP FAK\u00dcLTES\u0130 DAH\u0130L\u0130 TIP B\u0130L\u0130MLER\u0130 B\u00d6L\u00dcM\u00dc <\/strong><\/p>\n<p><strong>TIBB\u0130 GENET\u0130K ANAB\u0130L\u0130M DALI<\/strong><\/p>\n<p><strong>Tez ad\u0131: Sitogenetik bulgusu ve mikrodelesyonu olmayan infertil erkek hastalarda kar\u015f\u0131la\u015ft\u0131rmal\u0131 genomik hibridizasyon y\u00f6ntemi ile kriptik kromozomal de\u011fi\u015fikliklerin saptanmas\u0131 (2006) Tez Dan\u0131\u015fman\u0131: Hatice Ilg\u0131n Ruhi. <\/strong><\/p>\n<ol start=\"5\">\n<li><strong>Lisans 1993-2000<\/strong><\/li>\n<\/ol>\n<p><strong>ANKARA \u00dcN\u0130VERS\u0130TES\u0130 TIP FAK\u00dcLTES\u0130 TIP PR.<\/strong><\/p>\n<ol start=\"6\">\n<li><strong>\u0130lk\u00f6\u011fretim &#8211; Lise 1982-1983<\/strong><\/li>\n<\/ol>\n<p><strong>TED ANKARA KOLEJ\u0130<\/strong><\/p>\n<p><strong>\u00a0<\/strong><\/p>\n<h3><strong>Board Sertifikas\u0131<\/strong><\/h3>\n<p>European Board of Clinical Laboratory Genetics<\/p>\n<p>European Board of Medical Genetics, European Society of Human Genetics\u2019e ait Board yeterlili\u011fi sertifikas\u0131d\u0131r.<\/p>\n<p>Tecr\u00fcbenin belgelenmesi sonras\u0131 hakemlerce degerlendirilip kabulunden sonra, yaz\u0131l\u0131 ve s\u00f6zl\u00fc s\u0131navlara tabidir.<\/p>\n<p>Italya, Sertifika, 15.04.2018 (Uluslararas\u0131)<\/p>\n<h3><strong>G\u00f6revler<\/strong><strong>\u00a0<\/strong><\/h3>\n<p><strong>2020-<\/strong><\/p>\n<p>DO\u00c7ENT \u00d6\u011eRET\u0130M \u00dcYES\u0130<\/p>\n<p>DEM\u0130RO\u011eLU B\u0130L\u0130M \u00dcN\u0130VERS\u0130TES\u0130 TIP FAK\u00dcLTES\u0130<\/p>\n<p>DAH\u0130L\u0130 TIP B\u0130L\u0130MLER\u0130 B\u00d6L\u00dcM\u00dc TIBB\u0130 GENET\u0130K AD<\/p>\n<p><strong>\u00a0<\/strong><\/p>\n<p><strong>2016 \u2013 2020 <\/strong><\/p>\n<p>DOKTOR \u00d6\u011eRET\u0130M \u00dcYES\u0130<\/p>\n<p>ACIBADEM MEHMET AL\u0130 AYDINLAR \u00dcN\u0130VERS\u0130TES\u0130\/TIP FAK\u00dcLTES\u0130\/DAH\u0130L\u0130 TIP B\u0130L\u0130MLER\u0130 B\u00d6L\u00dcM\u00dc\/TIBB\u0130 GENET\u0130K ANAB\u0130L\u0130M DALI)<\/p>\n<p><strong>2015-2016\u00a0\u00a0\u00a0\u00a0\u00a0\u00a0\u00a0\u00a0\u00a0\u00a0\u00a0\u00a0\u00a0\u00a0\u00a0\u00a0\u00a0\u00a0\u00a0\u00a0\u00a0\u00a0\u00a0\u00a0\u00a0\u00a0\u00a0\u00a0\u00a0\u00a0\u00a0\u00a0\u00a0\u00a0\u00a0\u00a0\u00a0\u00a0\u00a0\u00a0\u00a0\u00a0\u00a0\u00a0\u00a0\u00a0\u00a0\u00a0\u00a0\u00a0\u00a0\u00a0\u00a0\u00a0\u00a0\u00a0\u00a0 <\/strong><\/p>\n<p>DOKTOR \u00d6\u011eRET\u0130M \u00dcYES\u0130<\/p>\n<p>MALTEPE \u00dcN\u0130VERS\u0130TES\u0130\/TIP FAK\u00dcLTES\u0130\/TEMEL TIP B\u0130L\u0130MLER\u0130 B\u00d6L\u00dcM\u00dc\/TIBB\u0130 B\u0130YOLOJ\u0130 VE GENET\u0130K ANAB\u0130L\u0130M DALI)<\/p>\n<\/div><div class=\"btClear btSeparator bottomSemiSpaced noBorder\" ><hr><\/div><\/div><\/div><\/div><\/div><\/div><\/div><\/div><\/section><section id=\"bt_section69e822beae116\"  class=\"boldSection gutter\" ><div class=\"port\"><div class=\"boldCell\"><div class=\"boldCellInner\"><div class=\"boldRow  \" ><div class=\"boldRowInner\"><div class=\"rowItem col-md-12 col-ms-12  btTextLeft inherit btDoublePadding\"  ><div class=\"rowItemContent\" ><div class=\"btClear btSeparator topSemiSpaced border\" ><hr><\/div><div class=\"btClear btSeparator topSmallSpaced noBorder\" ><hr><\/div><header class=\"header btClear medium btDash bottomDash  btAccentDash\" ><div class=\"dash\"><h3><span class=\"headline\"><em>Contact Us Now<\/em><\/span><\/h3><\/div><\/header><div class=\"btClear btSeparator bottomSmallSpaced noBorder\" ><hr><\/div><div class=\"btText\" >\n<div class=\"wpcf7 no-js\" id=\"wpcf7-f2891-o1\" lang=\"tr-TR\" dir=\"ltr\">\n<div class=\"screen-reader-response\"><p role=\"status\" aria-live=\"polite\" aria-atomic=\"true\"><\/p> <ul><\/ul><\/div>\n<form action=\"\/ge\/wp-json\/wp\/v2\/pages\/4884#wpcf7-f2891-o1\" method=\"post\" class=\"wpcf7-form init wpcf7-acceptance-as-validation\" aria-label=\"Contact form\" novalidate=\"novalidate\" data-status=\"init\">\n<div style=\"display: none;\">\n<input type=\"hidden\" name=\"_wpcf7\" value=\"2891\" \/>\n<input type=\"hidden\" name=\"_wpcf7_version\" value=\"5.9.2\" \/>\n<input type=\"hidden\" name=\"_wpcf7_locale\" value=\"tr_TR\" \/>\n<input type=\"hidden\" name=\"_wpcf7_unit_tag\" value=\"wpcf7-f2891-o1\" \/>\n<input type=\"hidden\" name=\"_wpcf7_container_post\" value=\"0\" \/>\n<input type=\"hidden\" name=\"_wpcf7_posted_data_hash\" value=\"\" \/>\n<\/div>\n<p style=\"margin-bottom:30px !important;\">\u10e5\u10d5\u10d4\u10db\u10dd\u10d7 \u10db\u10dd\u10ea\u10d4\u10db\u10e3\u10da\u10d8 \u10e1\u10d0\u10d9\u10dd\u10dc\u10e2\u10d0\u10e5\u10e2\u10dd \u10e4\u10dd\u10e0\u10db\u10d8\u10e1 \u10e8\u10d4\u10d5\u10e1\u10d4\u10d1\u10d8\u10e1\u10d0\u10e1, \u10d7\u10e5\u10d5\u10d4\u10dc \u10d0\u10e1\u10d4\u10d5\u10d4 \u10e8\u10d4\u10d2\u10d8\u10eb\u10da\u10d8\u10d0\u10d7 \u10db\u10dd\u10d2\u10d5\u10d0\u10ec\u10dd\u10d3\u10dd\u10d7 \u10d7\u10e5\u10d5\u10d4\u10dc\u10d8\/\u10de\u10d0\u10ea\u10d8\u10d4\u10dc\u10e2\u10d8\u10e1 \u10e1\u10d0\u10db\u10d4\u10d3\u10d8\u10ea\u10d8\u10dc\u10dd \u10e4\u10d0\u10d8\u10da\u10d4\u10d1\u10d8 <strong>wetransfer<\/strong>. \u10e1\u10d0\u10db\u10d4\u10d3\u10d8\u10ea\u10d8\u10dc\u10dd \u10db\u10d4\u10dd\u10e0\u10d4 \u10d0\u10d6\u10e0\u10d8 \u10ec\u10d0\u10e0\u10db\u10dd\u10d3\u10d2\u10d4\u10dc\u10d8\u10da\u10d8 \u10d8\u10e5\u10dc\u10d4\u10d1\u10d0 48 \u10e1\u10d0\u10d0\u10d7\u10d8\u10e1 \u10d2\u10d0\u10dc\u10db\u10d0\u10d5\u10da\u10dd\u10d1\u10d0\u10e8\u10d8.\n<\/p>\n<div class=\"boldRow boldInnerRow  \">\n\t<div class=\"rowItem rowInnerItem col-md-6  btTextLeft\">\n\t\t<div class=\"rowItemContent\">\n\t\t\t<p><label><span class=\"bt_bb_required\">\u10d7\u10e5\u10d5\u10d4\u10dc\u10d8 \u10e1\u10d0\u10ee\u10d4\u10da\u10d8<\/span><br \/>\n<span class=\"wpcf7-form-control-wrap\" data-name=\"your-name\"><input size=\"40\" class=\"wpcf7-form-control wpcf7-text wpcf7-validates-as-required\" aria-required=\"true\" aria-invalid=\"false\" value=\"\" type=\"text\" name=\"your-name\" \/><\/span> <\/label>\n\t\t\t<\/p>\n\t\t\t<p><label><span class=\"bt_bb_required\">\u10d7\u10e5\u10d5\u10d4\u10dc\u10d8 \u10d4\u10da. \u10e4\u10dd\u10e1\u10e2\u10d0<\/span><br \/>\n<span class=\"wpcf7-form-control-wrap\" data-name=\"your-email\"><input size=\"40\" class=\"wpcf7-form-control wpcf7-email wpcf7-validates-as-required wpcf7-text wpcf7-validates-as-email\" aria-required=\"true\" aria-invalid=\"false\" value=\"\" type=\"email\" name=\"your-email\" \/><\/span> <\/label>\n\t\t\t<\/p>\n\t\t\t<p><label><span class=\"bt_bb_required\">\u10d7\u10e5\u10d5\u10d4\u10dc\u10d8 \u10e2\u10d4\u10da\u10d4\u10e4\u10dd\u10dc\u10d8<\/span><br \/>\n<span class=\"wpcf7-form-control-wrap\" data-name=\"your-phone\"><input size=\"40\" class=\"wpcf7-form-control wpcf7-phonetext wpcf7-text wpcf7-validates-as-phonetext\" id=\"int_phone\" aria-invalid=\"false\" value=\"\" type=\"text\" name=\"your-phone\" \/><input type=\"hidden\" name=\"your-phone-country-code\" class=\"wpcf7-phonetext-country-code\" \/><\/span> <\/label>\n\t\t\t<\/p>\n\t\t\t<p><label><span class=\"bt_bb_required\">\u10d7\u10e5\u10d5\u10d4\u10dc\u10d8 \u10e8\u10d4\u10e2\u10e7\u10dd\u10d1\u10d8\u10dc\u10d4\u10d1\u10d0<\/span><br \/>\n<span class=\"wpcf7-form-control-wrap\" data-name=\"your-message\"><textarea cols=\"40\" rows=\"10\" class=\"wpcf7-form-control wpcf7-textarea wpcf7-validates-as-required\" aria-required=\"true\" aria-invalid=\"false\" name=\"your-message\"><\/textarea><\/span> <\/label>\n\t\t\t<\/p>\n\t\t\t<p><label><span class=\"bt_bb_required\" style=\"margin-top:25px !important;\"><span class=\"wpcf7-form-control-wrap\" data-name=\"accept-this-1\"><span class=\"wpcf7-form-control wpcf7-acceptance\"><span class=\"wpcf7-list-item\"><label><input type=\"checkbox\" name=\"accept-this-1\" value=\"1\" aria-invalid=\"false\" \/><span class=\"wpcf7-list-item-label\">\u10d5\u10d4\u10d7\u10d0\u10dc\u10ee\u10db\u10d4\u10d1\u10d8 <a target=\"_blank\" href=\"https:\/\/groupflorence.com\/ge\/terms-of-use\/\">\u10de\u10d8\u10e0\u10dd\u10d1\u10d4\u10d1\u10e1\u10d0 \u10d3\u10d0 \u10db\u10dd\u10db\u10e1\u10d0\u10ee\u10e3\u10e0\u10d4\u10d1\u10d4\u10d1\u10e1.<\/a>.<\/span><\/label><\/span><\/span><\/span><\/span><\/label>\n\t\t\t<\/p>\n\t\t\t<p><input class=\"wpcf7-form-control wpcf7-submit has-spinner contact_button_int\" type=\"submit\" value=\"\u10e8\u10d4\u10e2\u10e7\u10dd\u10d1\u10d8\u10dc\u10d4\u10d1\u10d8\u10e1 \u10d2\u10d0\u10d2\u10d6\u10d0\u10d5\u10dc\u10d0\" \/>\n\t\t\t<\/p>\n\t\t<\/div>\n\t<\/div>\n\t<div class=\"rowItem rowInnerItem col-md-6  btTextLeft\">\n\t\t<div class=\"rowItemContent\">\n\t\t\t<p align=\"center\" style=\"margin-top:30px;\"><br \/>\n<a href=\"http:\/\/florencenightingale.wetransfer.com\/\" target=\"_blank\" title=\"\u10d3\u10d0\u10d0\u10ec\u10d9\u10d0\u10de\u10e3\u10dc\u10d4\u10d7 \u10d0\u10e5 WeTransfer \u10db\u10d4\u10e8\u10d5\u10d4\u10dd\u10d1\u10d8\u10d7 \u10d7\u10e5\u10d5\u10d4\u10dc\u10d8 \u10d3\u10dd\u10d9\u10e3\u10db\u10d4\u10dc\u10e2\u10d4\u10d1\u10d8\u10e1 \u10d2\u10d0\u10d3\u10d0\u10e0\u10d8\u10ea\u10ee\u10d5\u10d0\"><img decoding=\"async\"  align=\"center\" style=\"max-width:250px !important;\" class=\"lazy loaded\" src=\"https:\/\/groupflorence.com\/ge\/wp-content\/uploads\/2020\/08\/89130-wetransfer-default-logo-rgb-original-1365619064-e1599162229581.png\" data-src=\"https:\/\/groupflorence.com\/ge\/wp-content\/uploads\/2020\/08\/89130-wetransfer-default-logo-rgb-original-1365619064-e1599162229581.png\" alt=\"Click Here To Transfer Your Documents via WeTransfer\" title=\"Click Here To Transfer Your Documents via WeTransfer\" data-was-processed=\"true\" \/><\/a>\n\t\t\t<\/p>\n\t\t\t<h3 align=\"center\"><a href=\"http:\/\/florencenightingale.wetransfer.com\/\" target=\"_blank\" title=\"Click Here To Transfer Your Documents via WeTransfer\">\u10d2\u10d0\u10d2\u10d6\u10d0\u10d5\u10dc\u10d0 WeTransfer<\/a>\n\t\t\t<\/h3>\n\t\t\t<p align=\"center\">\u10e8\u10d4\u10d2\u10d8\u10eb\u10da\u10d8\u10d0\u10d7 \u10d2\u10d0\u10db\u10dd\u10d2\u10d5\u10d8\u10d2\u10d6\u10d0\u10d5\u10dc\u10dd\u10d7 \u10d7\u10e5\u10d5\u10d4\u10dc\u10d8\/\u10de\u10d0\u10ea\u10d8\u10d4\u10dc\u10e2\u10d8\u10e1 \u10e1\u10d0\u10db\u10d4\u10d3\u10d8\u10ea\u10d8\u10dc\u10dd \u10d3\u10dd\u10d9\u10e3\u10db\u10d4\u10dc\u10e2\u10d4\u10d1\u10d8 (MRI \u10e9\u10d0\u10dc\u10d0\u10ec\u10d4\u10e0\u10d4\u10d1\u10d8, \u10da\u10d0\u10d1\u10dd\u10e0\u10d0\u10e2\u10dd\u10e0\u10d8\u10d8\u10e1 \u10e8\u10d4\u10d3\u10d4\u10d2\u10d4\u10d1\u10d8, \u10e1\u10e3\u10e0\u10d0\u10d7\u10d4\u10d1\u10d8 \u10d3\u10d0 \u10d0.\u10e8.)\n\t\t\t<\/p>\n\t\t<\/div>\n\t\t<center>\n\t\t\t<p><a href=\"http:\/\/florencenightingale.wetransfer.com\/\" class=\"btBtn btBtn btnFilledStyle btnAccentColor btnSmall btnNormalWidth btnRightPosition btnNoIcon\" target=\"_blank\"><span class=\"btnInnerText\">\u10d0\u10ee\u10da\u10d0\u10d5\u10d4 \u10d2\u10d0\u10d2\u10d6\u10d0\u10d5\u10dc\u10d0<<\/span><\/a>\n\t\t\t<\/p>\n\t\t<\/center>\n\t<\/div>\n<\/div><div class=\"wpcf7-response-output\" aria-hidden=\"true\"><\/div>\n<\/form>\n<\/div>\n<\/div><div class=\"btClear btSeparator topSpaced noBorder\" ><hr><\/div><\/div><\/div><\/div><\/div><\/div><\/div><\/div><\/section>","protected":false},"excerpt":{"rendered":"","protected":false},"author":1,"featured_media":0,"parent":4328,"menu_order":0,"comment_status":"closed","ping_status":"closed","template":"","meta":{"footnotes":""},"class_list":["post-4884","page","type-page","status-publish","hentry"],"_links":{"self":[{"href":"https:\/\/groupflorence.com\/ge\/wp-json\/wp\/v2\/pages\/4884","targetHints":{"allow":["GET"]}}],"collection":[{"href":"https:\/\/groupflorence.com\/ge\/wp-json\/wp\/v2\/pages"}],"about":[{"href":"https:\/\/groupflorence.com\/ge\/wp-json\/wp\/v2\/types\/page"}],"author":[{"embeddable":true,"href":"https:\/\/groupflorence.com\/ge\/wp-json\/wp\/v2\/users\/1"}],"replies":[{"embeddable":true,"href":"https:\/\/groupflorence.com\/ge\/wp-json\/wp\/v2\/comments?post=4884"}],"version-history":[{"count":1,"href":"https:\/\/groupflorence.com\/ge\/wp-json\/wp\/v2\/pages\/4884\/revisions"}],"predecessor-version":[{"id":6562,"href":"https:\/\/groupflorence.com\/ge\/wp-json\/wp\/v2\/pages\/4884\/revisions\/6562"}],"up":[{"embeddable":true,"href":"https:\/\/groupflorence.com\/ge\/wp-json\/wp\/v2\/pages\/4328"}],"wp:attachment":[{"href":"https:\/\/groupflorence.com\/ge\/wp-json\/wp\/v2\/media?parent=4884"}],"curies":[{"name":"wp","href":"https:\/\/api.w.org\/{rel}","templated":true}]}}