{"id":4585,"date":"2020-10-22T19:40:51","date_gmt":"2020-10-22T16:40:51","guid":{"rendered":"https:\/\/groupflorence.com\/ge\/?page_id=4585"},"modified":"2020-11-02T21:13:06","modified_gmt":"2020-11-02T18:13:06","slug":"yasef-ozsarfati","status":"publish","type":"page","link":"https:\/\/groupflorence.com\/ge\/doctors\/yasef-ozsarfati\/","title":{"rendered":"Prof. Yasef \u00d6zsarfati, MD"},"content":{"rendered":"<section id=\"bt_section69d24eafb009d\"  class=\"boldSection gutter\" ><div class=\"port\"><div class=\"boldCell\"><div class=\"boldCellInner\"><div class=\"boldRow  \" ><div class=\"boldRowInner\"><div class=\"rowItem col-md-4 col-ms-12 btTextLeft inherit btDoublePadding\"  ><div class=\"rowItemContent\" ><div class=\"btClear btSeparator bottomExtraSpaced noBorder\" ><hr><\/div><header class=\"header btClear medium btDash topDash  btAccentDash bt_bb_hidden_sm bt_bb_hidden_md bt_bb_hidden_lg\" ><div class=\"dash\"><h3><span class=\"headline\">Prof. Yasef \u00d6zsarfati, MD<\/span><\/h3><\/div><\/header><div class=\"btClear btSeparator bottomSemiSpaced noBorder\" ><hr><\/div><div class=\"bpgPhoto btTextCenter\" ><div class=\"btImage\"><img decoding=\"async\" src=\"https:\/\/groupflorence.com\/ge\/wp-content\/uploads\/2020\/10\/Yasef-O_zsarfati.jpg\" alt=\"\" title=\"\"><\/div><\/div><\/div><\/div><div class=\"rowItem col-md-8 col-ms-12 btTextLeft inherit\"  ><div class=\"rowItemContent\" ><div class=\"btClear btSeparator bottomSpaced noBorder bt_bb_hidden_xs bt_bb_hidden_ms\" ><hr><\/div><header class=\"header btClear medium btDash topDash  btAccentDash bt_bb_hidden_xs bt_bb_hidden_ms\" ><div class=\"dash\"><h3><span class=\"headline\">Prof. Yasef \u00d6zsarfati, MD<\/span><\/h3><\/div><\/header><div class=\"btClear btSeparator bottomSemiSpaced noBorder bt_bb_hidden_xs bt_bb_hidden_ms\" ><hr><\/div><div class=\"btClear btSeparator bottomSemiSpaced noBorder bt_bb_hidden_sm bt_bb_hidden_md bt_bb_hidden_lg\" ><hr><\/div><div class=\"btText\" ><p><strong>2013<\/strong><\/p>\n<p>Istanbul Florence Nightingale Hospital<br \/>\nneurology<\/p>\n<p><strong>2002 &#8211; 2013<\/strong><\/p>\n<p>Kozyata\u011f\u0131 Ac\u0131badem Hospital<br \/>\nneurology<\/p>\n<p><strong>1999 &#8211; 2002<\/strong><\/p>\n<p>Florence Nightingale Nightingale Hospital<br \/>\nneurology<\/p>\n<p><strong>1990 &#8211; 1991<\/strong><\/p>\n<p>Minnesota Mayo Clinic Rochester<br \/>\nDoctor of medicine<\/p>\n<p><strong>1989 &#8211; 1999<\/strong><\/p>\n<p>Istanbul University Cerrahpa\u015fa Faculty of Medicine<br \/>\nChief Physician &amp; Associate Professor<\/p>\n<p><strong>1986 &#8211; 1989<\/strong><\/p>\n<p>Diyarbakir S.S.K<br \/>\nDoctor of medicine<\/p>\n<p><strong>1985 &#8211; 1986<\/strong><\/p>\n<p>\u0130skenderun Naval Hospital<br \/>\nDoctor of medicine<\/p>\n<p><strong>1984 &#8211; 1985<\/strong><\/p>\n<p>Istanbul Hacettepe University<br \/>\nChild Neurology Rotation<\/p>\n<p><strong>1980 &#8211; 1985<\/strong><\/p>\n<p>Istanbul University Cerrahpa\u015fa Faculty of Medicine<br \/>\nNeurology Specialization Training<\/p>\n<p><strong>1973 &#8211; 1979<\/strong><\/p>\n<p>Istanbul University Cerrahpa\u015fa Faculty of Medicine<br \/>\nMedical education<\/p>\n<\/div><div class=\"btClear btSeparator bottomSemiSpaced noBorder\" ><hr><\/div><\/div><\/div><\/div><\/div><\/div><\/div><\/div><\/section><section id=\"bt_section69d24eafb0b43\"  class=\"boldSection gutter\" ><div class=\"port\"><div class=\"boldCell\"><div class=\"boldCellInner\"><div class=\"boldRow  \" ><div class=\"boldRowInner\"><div class=\"rowItem col-md-12 col-ms-12  btTextLeft inherit btDoublePadding\"  ><div class=\"rowItemContent\" ><div class=\"btClear btSeparator topSemiSpaced border\" ><hr><\/div><div class=\"btClear btSeparator topSmallSpaced noBorder\" ><hr><\/div><header class=\"header btClear medium btDash bottomDash  btAccentDash\" ><div class=\"dash\"><h3><span class=\"headline\"><em>Contact Us Now<\/em><\/span><\/h3><\/div><\/header><div class=\"btClear btSeparator bottomSmallSpaced noBorder\" ><hr><\/div><div class=\"btText\" >\n<div class=\"wpcf7 no-js\" id=\"wpcf7-f2891-o1\" lang=\"tr-TR\" dir=\"ltr\">\n<div class=\"screen-reader-response\"><p role=\"status\" aria-live=\"polite\" aria-atomic=\"true\"><\/p> <ul><\/ul><\/div>\n<form action=\"\/ge\/wp-json\/wp\/v2\/pages\/4585#wpcf7-f2891-o1\" method=\"post\" class=\"wpcf7-form init wpcf7-acceptance-as-validation\" aria-label=\"Contact form\" novalidate=\"novalidate\" data-status=\"init\">\n<div style=\"display: none;\">\n<input type=\"hidden\" name=\"_wpcf7\" value=\"2891\" \/>\n<input type=\"hidden\" name=\"_wpcf7_version\" value=\"5.9.2\" \/>\n<input type=\"hidden\" name=\"_wpcf7_locale\" value=\"tr_TR\" \/>\n<input type=\"hidden\" name=\"_wpcf7_unit_tag\" value=\"wpcf7-f2891-o1\" \/>\n<input type=\"hidden\" name=\"_wpcf7_container_post\" value=\"0\" \/>\n<input type=\"hidden\" name=\"_wpcf7_posted_data_hash\" value=\"\" \/>\n<\/div>\n<p style=\"margin-bottom:30px !important;\">\u10e5\u10d5\u10d4\u10db\u10dd\u10d7 \u10db\u10dd\u10ea\u10d4\u10db\u10e3\u10da\u10d8 \u10e1\u10d0\u10d9\u10dd\u10dc\u10e2\u10d0\u10e5\u10e2\u10dd \u10e4\u10dd\u10e0\u10db\u10d8\u10e1 \u10e8\u10d4\u10d5\u10e1\u10d4\u10d1\u10d8\u10e1\u10d0\u10e1, \u10d7\u10e5\u10d5\u10d4\u10dc \u10d0\u10e1\u10d4\u10d5\u10d4 \u10e8\u10d4\u10d2\u10d8\u10eb\u10da\u10d8\u10d0\u10d7 \u10db\u10dd\u10d2\u10d5\u10d0\u10ec\u10dd\u10d3\u10dd\u10d7 \u10d7\u10e5\u10d5\u10d4\u10dc\u10d8\/\u10de\u10d0\u10ea\u10d8\u10d4\u10dc\u10e2\u10d8\u10e1 \u10e1\u10d0\u10db\u10d4\u10d3\u10d8\u10ea\u10d8\u10dc\u10dd \u10e4\u10d0\u10d8\u10da\u10d4\u10d1\u10d8 <strong>wetransfer<\/strong>. \u10e1\u10d0\u10db\u10d4\u10d3\u10d8\u10ea\u10d8\u10dc\u10dd \u10db\u10d4\u10dd\u10e0\u10d4 \u10d0\u10d6\u10e0\u10d8 \u10ec\u10d0\u10e0\u10db\u10dd\u10d3\u10d2\u10d4\u10dc\u10d8\u10da\u10d8 \u10d8\u10e5\u10dc\u10d4\u10d1\u10d0 48 \u10e1\u10d0\u10d0\u10d7\u10d8\u10e1 \u10d2\u10d0\u10dc\u10db\u10d0\u10d5\u10da\u10dd\u10d1\u10d0\u10e8\u10d8.\n<\/p>\n<div class=\"boldRow boldInnerRow  \">\n\t<div class=\"rowItem rowInnerItem col-md-6  btTextLeft\">\n\t\t<div class=\"rowItemContent\">\n\t\t\t<p><label><span class=\"bt_bb_required\">\u10d7\u10e5\u10d5\u10d4\u10dc\u10d8 \u10e1\u10d0\u10ee\u10d4\u10da\u10d8<\/span><br \/>\n<span class=\"wpcf7-form-control-wrap\" data-name=\"your-name\"><input size=\"40\" class=\"wpcf7-form-control wpcf7-text wpcf7-validates-as-required\" aria-required=\"true\" aria-invalid=\"false\" value=\"\" type=\"text\" name=\"your-name\" \/><\/span> <\/label>\n\t\t\t<\/p>\n\t\t\t<p><label><span class=\"bt_bb_required\">\u10d7\u10e5\u10d5\u10d4\u10dc\u10d8 \u10d4\u10da. \u10e4\u10dd\u10e1\u10e2\u10d0<\/span><br \/>\n<span class=\"wpcf7-form-control-wrap\" data-name=\"your-email\"><input size=\"40\" class=\"wpcf7-form-control wpcf7-email wpcf7-validates-as-required wpcf7-text wpcf7-validates-as-email\" aria-required=\"true\" aria-invalid=\"false\" value=\"\" type=\"email\" name=\"your-email\" \/><\/span> <\/label>\n\t\t\t<\/p>\n\t\t\t<p><label><span class=\"bt_bb_required\">\u10d7\u10e5\u10d5\u10d4\u10dc\u10d8 \u10e2\u10d4\u10da\u10d4\u10e4\u10dd\u10dc\u10d8<\/span><br \/>\n<span class=\"wpcf7-form-control-wrap\" data-name=\"your-phone\"><input size=\"40\" class=\"wpcf7-form-control wpcf7-phonetext wpcf7-text wpcf7-validates-as-phonetext\" id=\"int_phone\" aria-invalid=\"false\" value=\"\" type=\"text\" name=\"your-phone\" \/><input type=\"hidden\" name=\"your-phone-country-code\" class=\"wpcf7-phonetext-country-code\" \/><\/span> <\/label>\n\t\t\t<\/p>\n\t\t\t<p><label><span class=\"bt_bb_required\">\u10d7\u10e5\u10d5\u10d4\u10dc\u10d8 \u10e8\u10d4\u10e2\u10e7\u10dd\u10d1\u10d8\u10dc\u10d4\u10d1\u10d0<\/span><br \/>\n<span class=\"wpcf7-form-control-wrap\" data-name=\"your-message\"><textarea cols=\"40\" rows=\"10\" class=\"wpcf7-form-control wpcf7-textarea wpcf7-validates-as-required\" aria-required=\"true\" aria-invalid=\"false\" name=\"your-message\"><\/textarea><\/span> <\/label>\n\t\t\t<\/p>\n\t\t\t<p><label><span class=\"bt_bb_required\" style=\"margin-top:25px !important;\"><span class=\"wpcf7-form-control-wrap\" data-name=\"accept-this-1\"><span class=\"wpcf7-form-control wpcf7-acceptance\"><span class=\"wpcf7-list-item\"><label><input type=\"checkbox\" name=\"accept-this-1\" value=\"1\" aria-invalid=\"false\" \/><span class=\"wpcf7-list-item-label\">\u10d5\u10d4\u10d7\u10d0\u10dc\u10ee\u10db\u10d4\u10d1\u10d8 <a target=\"_blank\" href=\"https:\/\/groupflorence.com\/ge\/terms-of-use\/\">\u10de\u10d8\u10e0\u10dd\u10d1\u10d4\u10d1\u10e1\u10d0 \u10d3\u10d0 \u10db\u10dd\u10db\u10e1\u10d0\u10ee\u10e3\u10e0\u10d4\u10d1\u10d4\u10d1\u10e1.<\/a>.<\/span><\/label><\/span><\/span><\/span><\/span><\/label>\n\t\t\t<\/p>\n\t\t\t<p><input class=\"wpcf7-form-control wpcf7-submit has-spinner contact_button_int\" type=\"submit\" value=\"\u10e8\u10d4\u10e2\u10e7\u10dd\u10d1\u10d8\u10dc\u10d4\u10d1\u10d8\u10e1 \u10d2\u10d0\u10d2\u10d6\u10d0\u10d5\u10dc\u10d0\" \/>\n\t\t\t<\/p>\n\t\t<\/div>\n\t<\/div>\n\t<div class=\"rowItem rowInnerItem col-md-6  btTextLeft\">\n\t\t<div class=\"rowItemContent\">\n\t\t\t<p align=\"center\" style=\"margin-top:30px;\"><br \/>\n<a href=\"http:\/\/florencenightingale.wetransfer.com\/\" target=\"_blank\" title=\"\u10d3\u10d0\u10d0\u10ec\u10d9\u10d0\u10de\u10e3\u10dc\u10d4\u10d7 \u10d0\u10e5 WeTransfer \u10db\u10d4\u10e8\u10d5\u10d4\u10dd\u10d1\u10d8\u10d7 \u10d7\u10e5\u10d5\u10d4\u10dc\u10d8 \u10d3\u10dd\u10d9\u10e3\u10db\u10d4\u10dc\u10e2\u10d4\u10d1\u10d8\u10e1 \u10d2\u10d0\u10d3\u10d0\u10e0\u10d8\u10ea\u10ee\u10d5\u10d0\"><img decoding=\"async\"  align=\"center\" style=\"max-width:250px !important;\" class=\"lazy loaded\" src=\"https:\/\/groupflorence.com\/ge\/wp-content\/uploads\/2020\/08\/89130-wetransfer-default-logo-rgb-original-1365619064-e1599162229581.png\" data-src=\"https:\/\/groupflorence.com\/ge\/wp-content\/uploads\/2020\/08\/89130-wetransfer-default-logo-rgb-original-1365619064-e1599162229581.png\" alt=\"Click Here To Transfer Your Documents via WeTransfer\" title=\"Click Here To Transfer Your Documents via WeTransfer\" data-was-processed=\"true\" \/><\/a>\n\t\t\t<\/p>\n\t\t\t<h3 align=\"center\"><a href=\"http:\/\/florencenightingale.wetransfer.com\/\" target=\"_blank\" title=\"Click Here To Transfer Your Documents via WeTransfer\">\u10d2\u10d0\u10d2\u10d6\u10d0\u10d5\u10dc\u10d0 WeTransfer<\/a>\n\t\t\t<\/h3>\n\t\t\t<p align=\"center\">\u10e8\u10d4\u10d2\u10d8\u10eb\u10da\u10d8\u10d0\u10d7 \u10d2\u10d0\u10db\u10dd\u10d2\u10d5\u10d8\u10d2\u10d6\u10d0\u10d5\u10dc\u10dd\u10d7 \u10d7\u10e5\u10d5\u10d4\u10dc\u10d8\/\u10de\u10d0\u10ea\u10d8\u10d4\u10dc\u10e2\u10d8\u10e1 \u10e1\u10d0\u10db\u10d4\u10d3\u10d8\u10ea\u10d8\u10dc\u10dd \u10d3\u10dd\u10d9\u10e3\u10db\u10d4\u10dc\u10e2\u10d4\u10d1\u10d8 (MRI \u10e9\u10d0\u10dc\u10d0\u10ec\u10d4\u10e0\u10d4\u10d1\u10d8, \u10da\u10d0\u10d1\u10dd\u10e0\u10d0\u10e2\u10dd\u10e0\u10d8\u10d8\u10e1 \u10e8\u10d4\u10d3\u10d4\u10d2\u10d4\u10d1\u10d8, \u10e1\u10e3\u10e0\u10d0\u10d7\u10d4\u10d1\u10d8 \u10d3\u10d0 \u10d0.\u10e8.)\n\t\t\t<\/p>\n\t\t<\/div>\n\t\t<center>\n\t\t\t<p><a href=\"http:\/\/florencenightingale.wetransfer.com\/\" class=\"btBtn btBtn btnFilledStyle btnAccentColor btnSmall btnNormalWidth btnRightPosition btnNoIcon\" target=\"_blank\"><span class=\"btnInnerText\">\u10d0\u10ee\u10da\u10d0\u10d5\u10d4 \u10d2\u10d0\u10d2\u10d6\u10d0\u10d5\u10dc\u10d0<<\/span><\/a>\n\t\t\t<\/p>\n\t\t<\/center>\n\t<\/div>\n<\/div><div class=\"wpcf7-response-output\" aria-hidden=\"true\"><\/div>\n<\/form>\n<\/div>\n<\/div><div class=\"btClear btSeparator topSpaced noBorder\" ><hr><\/div><\/div><\/div><\/div><\/div><\/div><\/div><\/div><\/section>","protected":false},"excerpt":{"rendered":"","protected":false},"author":1,"featured_media":0,"parent":4328,"menu_order":0,"comment_status":"closed","ping_status":"closed","template":"","meta":{"footnotes":""},"class_list":["post-4585","page","type-page","status-publish","hentry"],"_links":{"self":[{"href":"https:\/\/groupflorence.com\/ge\/wp-json\/wp\/v2\/pages\/4585","targetHints":{"allow":["GET"]}}],"collection":[{"href":"https:\/\/groupflorence.com\/ge\/wp-json\/wp\/v2\/pages"}],"about":[{"href":"https:\/\/groupflorence.com\/ge\/wp-json\/wp\/v2\/types\/page"}],"author":[{"embeddable":true,"href":"https:\/\/groupflorence.com\/ge\/wp-json\/wp\/v2\/users\/1"}],"replies":[{"embeddable":true,"href":"https:\/\/groupflorence.com\/ge\/wp-json\/wp\/v2\/comments?post=4585"}],"version-history":[{"count":0,"href":"https:\/\/groupflorence.com\/ge\/wp-json\/wp\/v2\/pages\/4585\/revisions"}],"up":[{"embeddable":true,"href":"https:\/\/groupflorence.com\/ge\/wp-json\/wp\/v2\/pages\/4328"}],"wp:attachment":[{"href":"https:\/\/groupflorence.com\/ge\/wp-json\/wp\/v2\/media?parent=4585"}],"curies":[{"name":"wp","href":"https:\/\/api.w.org\/{rel}","templated":true}]}}