{"id":2737,"date":"2020-08-27T13:21:05","date_gmt":"2020-08-27T10:21:05","guid":{"rendered":"https:\/\/groupflorence.com\/ge\/?page_id=2737"},"modified":"2020-12-20T10:23:46","modified_gmt":"2020-12-20T07:23:46","slug":"kadikoy-florence-nightingale-medical-center","status":"publish","type":"page","link":"https:\/\/groupflorence.com\/ge\/why-choose-us\/hospitals-opcs\/kadikoy-florence-nightingale-medical-center\/","title":{"rendered":"Kad\u0131k\u00f6y \u10e4\u10da\u10dd\u10e0\u10d4\u10dc\u10ea\u10d8\u10d8\u10e1 \u10d1\u10e3\u10da\u10d1\u10e3\u10da\u10d8 \u10e1\u10d0\u10db\u10d4\u10d3\u10d8\u10ea\u10d8\u10dc\u10dd \u10ea\u10d4\u10dc\u10e2\u10e0\u10d8"},"content":{"rendered":"<section id=\"bt_section69e7e6994046c\"  class=\"boldSection topSpaced bottomSpaced gutter inherit\" ><div class=\"port\"><div class=\"boldCell\"><div class=\"boldCellInner\"><div class=\"boldRow  \" ><div class=\"boldRowInner\"><div class=\"rowItem col-md-12 col-ms-12  btTextLeft btBottomVertical\"  ><div class=\"rowItemContent\" ><header class=\"header btClear medium  btAccentDash\" ><div class=\"dash\"><h3><span class=\"headline\"><b class=\"animate\">Kad\u0131k\u00f6y \u10e4\u10da\u10dd\u10e0\u10d4\u10dc\u10ea\u10d8\u10d8\u10e1 \u10d1\u10e3\u10da\u10d1\u10e3\u10da\u10d8 \u10e1\u10d0\u10db\u10d4\u10d3\u10d8\u10ea\u10d8\u10dc\u10dd \u10ea\u10d4\u10dc\u10e2\u10e0\u10d8<\/b><\/span><\/h3><\/div><\/header><div class=\"btClear btSeparator topSmallSpaced bottomSmallSpaced noBorder\" ><hr><\/div><\/div><\/div><\/div><\/div><div class=\"boldRow  \" ><div class=\"boldRowInner\"><div class=\"rowItem col-md-8 col-ms-12 btTextCenter btTextIndent inherit\"  ><div class=\"rowItemContent\" ><div class=\"bt_bb_slider bt_bb_height_auto bt_bb_animation_slide animate\"><div class=\"slick-slider\"  data-slick='{ \"lazyLoad\": \"progressive\", \"cssEase\": \"ease-out\", \"speed\": \"300\", \"prevArrow\": \"&lt;button type=\\\"button\\\" class=\\\"slick-prev\\\"&gt;\", \"nextArrow\": \"&lt;button type=\\\"button\\\" class=\\\"slick-next\\\"&gt;\", \"adaptiveHeight\": true, \"dots\": true,\"autoplay\": true, \"autoplaySpeed\": 1700}' ><div class=\"bt_bb_slider_item\"><img decoding=\"async\" src=\"https:\/\/groupflorence.com\/ge\/wp-content\/uploads\/2020\/08\/aac9aa68-c0ad-4d32-9d2c-6dd7a9c7647c1.jpg\" alt=\"aac9aa68-c0ad-4d32-9d2c-6dd7a9c7647c[1]\"  title=\"aac9aa68-c0ad-4d32-9d2c-6dd7a9c7647c[1]\"><\/div><div class=\"bt_bb_slider_item\"><img decoding=\"async\" src=\"https:\/\/groupflorence.com\/ge\/wp-content\/uploads\/2020\/08\/259B0128-scaled.jpg\" alt=\"259B0128\"  title=\"259B0128\"><\/div><div class=\"bt_bb_slider_item\"><img decoding=\"async\" src=\"https:\/\/groupflorence.com\/ge\/wp-content\/uploads\/2020\/08\/259B0089-scaled.jpg\" alt=\"259B0089\"  title=\"259B0089\"><\/div><\/div><\/div><div class=\"btClear btSeparator bottomSemiSpaced border\" ><hr><\/div><header class=\"header btClear large  btNormalDash\" ><\/header><div class=\"btClear btSeparator topSmallSpaced bottomSemiSpaced border\" ><hr><\/div><div class=\"btText\" ><p>\u10d9\u10d4\u10d7\u10d8\u10da\u10d8 \u10d8\u10e7\u10dd\u10e1 \u10d7\u10e5\u10d5\u10d4\u10dc\u10d8 \u10db\u10dd\u10d1\u10e0\u10eb\u10d0\u10dc\u10d4\u10d1\u10d0 Kad\u0131k\u00f6y Florence Nightingale \u10e1\u10d0\u10db\u10d4\u10d3\u10d8\u10ea\u10d8\u10dc\u10dd \u10ea\u10d4\u10dc\u10e2\u10e0\u10d8 \u10d3\u10d0\u10d8\u10ec\u10e7\u10dd \u10d4\u10db\u10e1\u10d0\u10ee\u10e3\u10e0\u10d4\u10d1\u10d0 \u10d0\u10ee\u10d0\u10da \u10e8\u10d4\u10dc\u10dd\u10d1\u10d0\u10e8\u10d8, \u10d7\u10d0\u10dc\u10d0\u10db\u10d4\u10d3\u10e0\u10dd\u10d5\u10d4 \u10e2\u10d4\u10e5\u10dc\u10dd\u10da\u10dd\u10d2\u10d8\u10e3\u10e0\u10d8 \u10d0\u10e6\u10ed\u10e3\u10e0\u10d5\u10d8\u10da\u10dd\u10d1\u10d0 \u10d3\u10d0 \u10d4\u10e5\u10e1\u10de\u10d4\u10e0\u10e2\u10d8 \u10de\u10d4\u10e0\u10e1\u10dd\u10dc\u10d0\u10da\u10d8\u10e1 Bagdat Street, \u10e8\u10d4\u10db\u10d3\u10d4\u10d2 Kadikoy Florence Nightingale \u10e1\u10d0\u10d0\u10d5\u10d0\u10d3\u10db\u10e7\u10dd\u10e4\u10dd\u10e1, \u10d1\u10d4\u10ed\u10d4\u10d3\u10d8 \u10d0\u10dc\u10d0\u10e2\u10dd\u10da\u10d8\u10e3\u10e0\u10d8 \u10db\u10ee\u10d0\u10e0\u10d4\u10e1 Group Florence Nightingale \u10e1\u10d0\u10d0\u10d5\u10d0\u10d3\u10db\u10e7\u10dd\u10e4\u10dd\u10d4\u10d1\u10d8 \u10ef\u10d0\u10ed\u10d5\u10d8. \u10ea\u10d4\u10dc\u10e2\u10e0\u10d8 \u10e8\u10d4\u10d3\u10d2\u10d4\u10d1\u10d0 \u10e1\u10e3\u10da 6 \u10e1\u10d0\u10e0\u10d7\u10e3\u10da\u10d8\u10e1\u10d2\u10d0\u10dc, \u10e0\u10dd\u10db\u10d4\u10da\u10d8\u10ea \u10d0\u10e8\u10d4\u10dc\u10d4\u10d1\u10e3\u10da\u10d8\u10d0 6000 \u10db\u00b2 \u10e4\u10d0\u10e0\u10d7\u10dd\u10d1\u10d6\u10d4. \u10d8\u10d2\u10d8 \u10e3\u10d6\u10e0\u10e3\u10dc\u10d5\u10d4\u10da\u10e7\u10dd\u10e4\u10e1 \u10e8\u10d8\u10d3\u10d0 \u10d3\u10d0\u10d0\u10d5\u10d0\u10d3\u10d4\u10d1\u10d4\u10d1\u10d8\u10e1 \u10d3\u10d8\u10d0\u10d2\u10dc\u10dd\u10e1\u10e2\u10d8\u10d9\u10d0\u10e1\u10d0 \u10d3\u10d0 \u10db\u10d9\u10e3\u10e0\u10dc\u10d0\u10da\u10dd\u10d1\u10d0\u10e1 \u10e8\u10d8\u10d3\u10d0 \u10db\u10d4\u10d3\u10d8\u10ea\u10d8\u10dc\u10d8\u10e1, \u10d9\u10d0\u10e0\u10d3\u10d8\u10dd\u10da\u10dd\u10d2\u10d8\u10d8\u10e1, \u10d2\u10d0\u10e1\u10e2\u10e0\u10dd\u10d4\u10dc\u10e2\u10d4\u10e0\u10dd\u10da\u10dd\u10d2\u10d8\u10d8\u10e1, \u10d2\u10e3\u10da\u10db\u10d9\u10d4\u10e0\u10d3\u10d8\u10e1 \u10d3\u10d0\u10d0\u10d5\u10d0\u10d3\u10d4\u10d1\u10d4\u10d1\u10d8\u10e1, \u10d4\u10dc\u10d3\u10dd\u10d9\u10e0\u10d8\u10dc\u10e3\u10da\u10d8 \u10d2\u10d0\u10dc\u10e7\u10dd\u10e4\u10d8\u10da\u10d4\u10d1\u10d4\u10d1\u10d8\u10e1\u10d0 \u10d3\u10d0 \u10db\u10dd\u10db\u10e1\u10d0\u10ee\u10e3\u10e0\u10d4\u10d1\u10d8\u10e1 \u10db\u10e5\u10dd\u10dc\u10d4 \u10de\u10d0\u10ea\u10d8\u10d4\u10dc\u10e2\u10d4\u10d1\u10d8\u10e1\u10d7\u10d5\u10d8\u10e1 \u10e7\u10d5\u10d4\u10da\u10d0 \u10d0\u10e1\u10d0\u10d9\u10dd\u10d1\u10e0\u10d8\u10d5\u10d8 \u10ef\u10d2\u10e3\u10e4\u10d8\u10e1 \u10d6\u10dd\u10d2\u10d0\u10d3\u10d8 \u10e5\u10d8\u10e0\u10e3\u10e0\u10d2\u10d8\u10d8\u10e1, ENT, \u10d7\u10d5\u10d0\u10da\u10d8\u10e1 \u10d3\u10d0 \u10de\u10da\u10d0\u10e1\u10e2\u10d8\u10d9\u10e3\u10e0\u10d8 \u10e5\u10d8\u10e0\u10e3\u10e0\u10d2\u10d8\u10d8\u10e1 \u10d2\u10d0\u10dc\u10e7\u10dd\u10e4\u10d8\u10da\u10d4\u10d1\u10d4\u10d1\u10d8\u10d7. \u10db\u10d8\u10e1\u10d8 \u10db\u10d8\u10d6\u10d0\u10dc\u10d8\u10d0, \u10d8\u10e7\u10dd\u10e1 \u10e5\u10e3\u10e9\u10d8\u10e1 \u10ec\u10d0\u10db\u10e7\u10d5\u10d0\u10dc\u10d8 \u10ef\u10d0\u10dc\u10d3\u10d0\u10ea\u10d5\u10d8\u10e1 \u10d3\u10d0\u10ec\u10d4\u10e1\u10d4\u10d1\u10e3\u10da\u10d4\u10d1\u10d0 \u10e5\u10d0\u10da\u10d7\u10d0 \u10d3\u10d0 \u10d1\u10d0\u10d5\u10e8\u10d5\u10d7\u10d0 \u10ef\u10d0\u10dc\u10d3\u10d0\u10ea\u10d5\u10d8\u10e1 \u10e1\u10d0\u10db\u10e1\u10d0\u10ee\u10e3\u10e0\u10d4\u10d1\u10e8\u10d8, \u10d1\u10d0\u10d5\u10e8\u10d5\u10d7\u10d0 \u10ef\u10d0\u10dc\u10db\u10e0\u10d7\u10d4\u10da\u10dd\u10d1\u10d8\u10e1\u10d0 \u10d3\u10d0 \u10d3\u10d0\u10d0\u10d5\u10d0\u10d3\u10d4\u10d1\u10d4\u10d1\u10d8\u10e1, \u10d1\u10d0\u10d5\u10e8\u10d5\u10d7\u10d0 \u10e1\u10d0\u10d3\u10d0\u10db\u10d9\u10d5\u10d8\u10e0\u10d5\u10d4\u10d1\u10da\u10dd \u10d2\u10d0\u10dc\u10e7\u10dd\u10e4\u10d8\u10da\u10d4\u10d1\u10d4\u10d1\u10d8\u10e1, \u10de\u10d4\u10d3\u10d8\u10d0\u10e2\u10e0\u10d8\u10e3\u10da\u10d8 \u10e5\u10d8\u10e0\u10e3\u10e0\u10d2\u10d8\u10d8\u10e1\u10d0 \u10d3\u10d0 \u10d2\u10d8\u10dc\u10d4\u10d9\u10dd\u10da\u10dd\u10d2\u10d8\u10d8\u10e1\u10d0 \u10d3\u10d0 \u10db\u10d4\u10d0\u10dc\u10dd\u10d1\u10d8\u10e1 \u10d2\u10d0\u10dc\u10e7\u10dd\u10e4\u10d8\u10da\u10d4\u10d1\u10d4\u10d1\u10d8\u10d7. \u10d9\u10d0\u10d3\u10d8\u10d9\u10dd\u10d8\u10e1 \u10e4\u10da\u10dd\u10e0\u10d4\u10dc\u10ea\u10d8\u10d8\u10e1 Nightingale \u10e1\u10d0\u10db\u10d4\u10d3\u10d8\u10ea\u10d8\u10dc\u10dd \u10ea\u10d4\u10dc\u10e2\u10e0\u10d8 \u10d4\u10db\u10e1\u10d0\u10ee\u10e3\u10e0\u10d4\u10d1\u10d0 \u10e0\u10dd\u10d2\u10dd\u10e0\u10ea \u10e1\u10d0\u10ea\u10dc\u10dd\u10d1\u10d0\u10e0\u10dd \u10ea\u10d4\u10dc\u10e2\u10e0\u10e1 \u10e1\u10d0\u10ed\u10db\u10da\u10d8\u10e1 \u10db\u10dd\u10db\u10dc\u10d4\u10da\u10d4\u10d1\u10d4\u10da\u10d8 \u10e1\u10d8\u10e1\u10e2\u10d4\u10db\u10d8\u10e1 \u10d3\u10d0\u10d0\u10d5\u10d0\u10d3\u10d4\u10d1\u10d4\u10d1\u10d8\u10e1 \u10d3\u10d8\u10d0\u10d2\u10dc\u10dd\u10e1\u10e2\u10d8\u10d9\u10d0\u10e1\u10d0 \u10d3\u10d0 \u10db\u10d9\u10e3\u10e0\u10dc\u10d0\u10da\u10dd\u10d1\u10d0\u10e8\u10d8 \u10db\u10d8\u10e1\u10d8 \u10d4\u10dc\u10d3\u10dd\u10e1\u10d9\u10dd\u10de\u10d8\u10d8\u10e1 \u10d3\u10d4\u10de\u10d0\u10e0\u10e2\u10d0\u10db\u10d4\u10dc\u10e2\u10d7\u10d0\u10dc, \u10e0\u10dd\u10db\u10d4\u10da\u10d8\u10ea \u10ea\u10dd\u10e2\u10d0 \u10ee\u10dc\u10d8\u10e1 \u10ec\u10d8\u10dc \u10d3\u10d0\u10d0\u10d5\u10d0\u10da\u10d0, \u10e1\u10de\u10d4\u10ea\u10d8\u10d0\u10da\u10d8\u10e1\u10e2\u10d8 \u10d4\u10e5\u10d8\u10db\u10d4\u10d1\u10d8 \u10d3\u10d0 \u10ef\u10d0\u10dc\u10d3\u10d0\u10ea\u10d5\u10d8\u10e1 \u10de\u10e0\u10dd\u10e4\u10d4\u10e1\u10d8\u10dd\u10dc\u10d0\u10da\u10d4\u10d1\u10d8, \u10d0\u10e1\u10d4\u10d5\u10d4 \u10db\u10dd\u10ec\u10d8\u10dc\u10d0\u10d5\u10d4 \u10e2\u10d4\u10e5\u10dc\u10dd\u10da\u10dd\u10d2\u10d8\u10e3\u10e0\u10d8 \u10db\u10dd\u10ec\u10e7\u10dd\u10d1\u10d8\u10da\u10dd\u10d1\u10d4\u10d1\u10d8. \u201e\u10ef\u10d0\u10dc\u10e1\u10d0\u10e6\u10d8 \u10ea\u10ee\u10dd\u10d5\u10e0\u10d4\u10d1\u10d8\u10e1 \u10ea\u10d4\u10dc\u10e2\u10e0\u10db\u10d0\u201c \u10d2\u10d0\u10db\u10e8\u10d5\u10d4\u10d1\u10d8 \u10db\u10dd\u10db\u10e1\u10d0\u10ee\u10e3\u10e0\u10d4\u10d1\u10d8\u10d7 \u10d2\u10d0\u10dc\u10d0\u10ee\u10dd\u10e0\u10ea\u10d8\u10d4\u10da\u10d0 \u10db\u10d8\u10e1\u10d8\u10d0, \u10e0\u10dd\u10db\u10d4\u10da\u10d8\u10ea \u10d4\u10e4\u10e3\u10eb\u10dc\u10d4\u10d1\u10d0 \u10de\u10e0\u10d4\u10d5\u10d4\u10dc\u10ea\u10d8\u10e3\u10da\u10d8 \u10ef\u10d0\u10dc\u10d3\u10d0\u10ea\u10d5\u10d8\u10e1 \u10e1\u10d4\u10e0\u10d5\u10d8\u10e1\u10d4\u10d1\u10e1 \u10ee\u10d0\u10da\u10ee\u10d8\u10e1 \u10ef\u10d0\u10dc\u10db\u10e0\u10d7\u10d4\u10da\u10dd\u10d1\u10d8\u10e1 \u10e8\u10d4\u10db\u10dd\u10ec\u10db\u10d4\u10d1\u10d8\u10e1\u10d0 \u10d3\u10d0 \u10d3\u10d0\u10ea\u10d5\u10d8\u10e1\u10d7\u10d5\u10d8\u10e1. \u10ea\u10d4\u10dc\u10e2\u10e0\u10e8\u10d8 \u10e8\u10d4\u10e5\u10db\u10dc\u10d8\u10da\u10d8\u10d0 \u10de\u10d4\u10e0\u10e1\u10dd\u10dc\u10d0\u10da\u10d8\u10d6\u10d4\u10d1\u10e3\u10da\u10d8 \u10de\u10e0\u10dd\u10d2\u10e0\u10d0\u10db\u10d4\u10d1\u10d8, \u10e0\u10d0\u10d7\u10d0 \u10d0\u10d3\u10d0\u10db\u10d8\u10d0\u10dc\u10d4\u10d1\u10d8\u10e1 \u10db\u10dd\u10e2\u10d8\u10d5\u10d0\u10ea\u10d8\u10d0 \u10db\u10dd\u10d0\u10ee\u10d3\u10d8\u10dc\u10dd\u10dc \u10ea\u10ee\u10dd\u10d5\u10e0\u10d4\u10d1\u10d8\u10e1 \u10e1\u10e2\u10d8\u10da\u10d8\u10e1 \u10ea\u10d5\u10da\u10d8\u10da\u10d4\u10d1\u10d4\u10d1\u10d8 \u10db\u10d0\u10d7\u10d7\u10d5\u10d8\u10e1 \u10ea\u10ee\u10dd\u10d5\u10e0\u10d4\u10d1\u10d8\u10e1 \u10ee\u10d0\u10e0\u10d8\u10e1\u10ee\u10d8\u10e1 \u10d0\u10db\u10d0\u10e6\u10da\u10d4\u10d1\u10d0\u10e8\u10d8. \u10d3\u10d4\u10e0\u10db\u10d0\u10e2\u10dd\u10da\u10dd\u10d2\u10d8\u10d8\u10e1 \u10d3\u10d4\u10de\u10d0\u10e0\u10e2\u10d0\u10db\u10d4\u10dc\u10e2\u10d8 \u10e3\u10d6\u10e0\u10e3\u10dc\u10d5\u10d4\u10da\u10e7\u10dd\u10e4\u10e1 \u10d9\u10d0\u10dc\u10d8\u10e1 \u10e7\u10d5\u10d4\u10da\u10d0 \u10d3\u10d0\u10d0\u10d5\u10d0\u10d3\u10d4\u10d1\u10d8\u10e1 \u10d3\u10d8\u10d0\u10d2\u10dc\u10dd\u10e1\u10e2\u10d8\u10d9\u10d0\u10e1\u10d0 \u10d3\u10d0 \u10db\u10d9\u10e3\u10e0\u10dc\u10d0\u10da\u10dd\u10d1\u10d0\u10e1, \u10ee\u10dd\u10da\u10dd \u10d3\u10d4\u10e0\u10db\u10d0\u10e2\u10dd\u10da\u10dd\u10d2\u10d8\u10d8\u10e1\u10d0 \u10d3\u10d0 \u10de\u10da\u10d0\u10e1\u10e2\u10d8\u10d9\u10e3\u10e0\u10d8 \u10e5\u10d8\u10e0\u10e3\u10e0\u10d2\u10d8\u10d8\u10e1 \u10d3\u10d4\u10de\u10d0\u10e0\u10e2\u10d0\u10db\u10d4\u10dc\u10e2\u10d8 \u10d0\u10e1\u10e0\u10e3\u10da\u10d4\u10d1\u10e1 \u10d4\u10e1\u10d7\u10d4\u10e2\u10d8\u10d9\u10e3\u10e0 \u10d3\u10d0 \u10d3\u10d4\u10e0\u10db\u10d0\u10e2\u10dd\u10da\u10dd\u10d2\u10d8\u10e3\u10e0 \u10de\u10e0\u10dd\u10d2\u10e0\u10d0\u10db\u10d4\u10d1\u10e1. \u10d9\u10d0\u10d3\u10d8\u10d9\u10dd\u10d8\u10e1 \u10e4\u10da\u10dd\u10e0\u10d4\u10dc\u10ea\u10d8\u10d8\u10e1 Nightingale Medical Center \u10d0\u10d2\u10e0\u10eb\u10d4\u10da\u10d4\u10d1\u10e1 \u10ef\u10d0\u10dc\u10d3\u10d0\u10ea\u10d5\u10d8\u10e1 \u10db\u10dd\u10db\u10e1\u10d0\u10ee\u10e3\u10e0\u10d4\u10d1\u10d0\u10e1, \u10e0\u10dd\u10d2\u10dd\u10e0\u10ea \u10d8\u10dc\u10dd\u10d5\u10d0\u10ea\u10d8\u10e3\u10e0\u10d8 \u10ea\u10d4\u10dc\u10e2\u10e0\u10d8 \u10db\u10e3\u10d3\u10db\u10d8\u10d5\u10d0\u10d3 \u10d0\u10e3\u10db\u10ef\u10dd\u10d1\u10d4\u10e1\u10d4\u10d1\u10e1 \u10d7\u10d0\u10d5\u10d8\u10e1 \u10d7\u10d0\u10d5\u10e1, \u10e0\u10dd\u10db\u10d4\u10da\u10d8\u10ea \u10e3\u10d6\u10e0\u10e3\u10dc\u10d5\u10d4\u10da\u10e7\u10dd\u10e4\u10e1 \u10e1\u10d0\u10d8\u10db\u10d4\u10d3\u10dd, \u10de\u10d0\u10ea\u10d8\u10d4\u10dc\u10e2\u10d6\u10d4 \u10dd\u10e0\u10d8\u10d4\u10dc\u10e2\u10d8\u10e0\u10d4\u10d1\u10e3\u10da \u10d3\u10d0 \u10ee\u10d0\u10e0\u10d8\u10e1\u10ee\u10d8\u10d0\u10dc \u10db\u10dd\u10db\u10e1\u10d0\u10ee\u10e3\u10e0\u10d4\u10d1\u10d0\u10e1 \u10db\u10d4\u10d3\u10d8\u10ea\u10d8\u10dc\u10d8\u10e1 \u10e3\u10db\u10d0\u10e6\u10da\u10d4\u10e1 \u10d3\u10dd\u10dc\u10d4\u10d6\u10d4 \u10e7\u10d5\u10d4\u10da\u10d0 \u10e1\u10d0\u10db\u10d4\u10d3\u10d8\u10ea\u10d8\u10dc\u10dd \u10db\u10dd\u10db\u10e1\u10d0\u10ee\u10e3\u10e0\u10d4\u10d1\u10d0\u10e8\u10d8 \u10d3\u10d0 \u10d0\u10e5\u10ea\u10d4\u10dc\u10e2\u10e1 \u10d0\u10d9\u10d4\u10d7\u10d4\u10d1\u10e1 \u10de\u10d0\u10ea\u10d8\u10d4\u10dc\u10e2\u10d8\u10e1\u10d0 \u10d3\u10d0 \u10d7\u10d0\u10dc\u10d0\u10db\u10e8\u10e0\u10dd\u10db\u10d4\u10da\u10d7\u10d0 \u10e3\u10e1\u10d0\u10e4\u10e0\u10d7\u10ee\u10dd\u10d4\u10d1\u10d0\u10d6\u10d4.<\/p>\n<\/div><div class=\"btClear btSeparator topSmallSpaced noBorder\" ><hr><\/div><div class=\"btClear btSeparator bottomSemiSpaced noBorder bt_bb_hidden_md bt_bb_hidden_lg\" ><hr><\/div><\/div><\/div><div class=\"rowItem col-md-4 col-ms-12 btTextLeft inherit btDoublePadding\" style=\"border: #f1f1f1 10px solid;\" ><div class=\"rowItemContent\" ><div class=\"btClear btSeparator topSmallSpaced bottomSmallSpaced noBorder\" ><hr><\/div><header class=\"header btClear medium btDash topDash  btAccentDash\" ><div class=\"dash\"><h3><span class=\"headline\"><b class=\"animate\">Facilities<\/b><\/span><\/h3><\/div><\/header><div class=\"btClear btSeparator topExtraSmallSpaced noBorder\" ><hr><\/div><div class=\"btWorkingHours  \" ><div class=\"btWorkingHoursInner\"><div class=\"btWorkingHoursInnerRow\"><div class=\"btWorkingHoursInnerTitle\">Television<\/div><\/div><div class=\"btWorkingHoursInnerRow\"><div class=\"btWorkingHoursInnerTitle\">Cafe<\/div><\/div><div class=\"btWorkingHoursInnerRow\"><div class=\"btWorkingHoursInnerTitle\">Restaurant<\/div><\/div><div class=\"btWorkingHoursInnerRow\"><div class=\"btWorkingHoursInnerTitle\">Wi-Fi<\/div><\/div><div class=\"btWorkingHoursInnerRow\"><div class=\"btWorkingHoursInnerTitle\">Parking<\/div><\/div><div class=\"btWorkingHoursInnerRow\"><div class=\"btWorkingHoursInnerTitle\">Dry Cleaning<\/div><\/div><\/div><\/div><div class=\"btClear btSeparator topSemiSpaced noBorder\" ><hr><\/div><header class=\"header btClear medium btDash topDash  btAccentDash\" ><div class=\"btSuperTitle\">Book an appointment<\/div><div class=\"dash\"><h3><span class=\"headline\"><b class=\"animate\">Contact Us Now<\/b><\/span><\/h3><\/div><\/header><div class=\"btClear btSeparator topSmallSpaced noBorder\" ><hr><\/div><div class=\"servicesItem  btIcoAccentColorIcon btIcoMediumSizeIcon  \"><div class=\"sIcon\"><span class=\"btIco btIcoMediumSize btIcoDefaultType btIcoAccentColor\" ><span  data-ico-tc=\"&#xe95f;\" class=\"btIcoHolder\"><em><\/em><\/span><\/span><\/div><div class=\"sTxt\"><header class=\"header btClear small\" ><div class=\"dash\"><h4><span class=\"headline\">CALL US ANYTIME<\/span><\/h4><\/div><\/header><p>+90 850 711 60 60<\/p><\/div><\/div><div class=\"btClear btSeparator topSmallSpaced bottomSmallSpaced border\" ><hr><\/div><div class=\"servicesItem  btIcoAccentColorIcon btIcoMediumSizeIcon  \"><div class=\"sIcon\"><span class=\"btIco btIcoMediumSize btIcoDefaultType btIcoAccentColor\" ><span  data-ico-cs=\"&#xe91f;\" class=\"btIcoHolder\"><em><\/em><\/span><\/span><\/div><div class=\"sTxt\"><header class=\"header btClear small\" ><div class=\"dash\"><h4><span class=\"headline\">ADDRESS<\/span><\/h4><\/div><\/header><p>Ba\u011fdat Caddesi No: 69 K\u0131z\u0131ltoprak \u2013 Kad\u0131k\u00f6y \u2013 \u0130stanbul<\/p><\/div><\/div><div class=\"btClear btSeparator topSmallSpaced bottomSmallSpaced border\" ><hr><\/div><div class=\"servicesItem  btIcoAccentColorIcon btIcoMediumSizeIcon  \"><div class=\"sIcon\"><span class=\"btIco btIcoMediumSize btIcoDefaultType btIcoAccentColor\" ><a href=\"https:\/\/groupflorence.com\/ge\/contact-us\/\"  data-ico-hs=\"&#xe921;\" class=\"btIcoHolder\"><em><\/em><\/a><\/span><\/div><div class=\"sTxt\"><header class=\"header btClear small\" ><div class=\"dash\"><h4><span class=\"headline\">BOOK AN APPOINTMENT<\/span><\/h4><\/div><\/header><p>Click on the icon to contact us now!<\/p><\/div><\/div><div class=\"btClear btSeparator topSmallSpaced bottomSmallSpaced noBorder\" ><hr><\/div><\/div><\/div><\/div><\/div><\/div><\/div><\/div><\/section>","protected":false},"excerpt":{"rendered":"","protected":false},"author":1,"featured_media":0,"parent":2238,"menu_order":5,"comment_status":"closed","ping_status":"closed","template":"","meta":{"footnotes":""},"class_list":["post-2737","page","type-page","status-publish","hentry"],"_links":{"self":[{"href":"https:\/\/groupflorence.com\/ge\/wp-json\/wp\/v2\/pages\/2737","targetHints":{"allow":["GET"]}}],"collection":[{"href":"https:\/\/groupflorence.com\/ge\/wp-json\/wp\/v2\/pages"}],"about":[{"href":"https:\/\/groupflorence.com\/ge\/wp-json\/wp\/v2\/types\/page"}],"author":[{"embeddable":true,"href":"https:\/\/groupflorence.com\/ge\/wp-json\/wp\/v2\/users\/1"}],"replies":[{"embeddable":true,"href":"https:\/\/groupflorence.com\/ge\/wp-json\/wp\/v2\/comments?post=2737"}],"version-history":[{"count":4,"href":"https:\/\/groupflorence.com\/ge\/wp-json\/wp\/v2\/pages\/2737\/revisions"}],"predecessor-version":[{"id":6173,"href":"https:\/\/groupflorence.com\/ge\/wp-json\/wp\/v2\/pages\/2737\/revisions\/6173"}],"up":[{"embeddable":true,"href":"https:\/\/groupflorence.com\/ge\/wp-json\/wp\/v2\/pages\/2238"}],"wp:attachment":[{"href":"https:\/\/groupflorence.com\/ge\/wp-json\/wp\/v2\/media?parent=2737"}],"curies":[{"name":"wp","href":"https:\/\/api.w.org\/{rel}","templated":true}]}}