{"id":4968,"date":"2020-10-29T18:06:01","date_gmt":"2020-10-29T15:06:01","guid":{"rendered":"https:\/\/groupflorence.com\/en\/?page_id=4968"},"modified":"2023-12-05T14:28:01","modified_gmt":"2023-12-05T11:28:01","slug":"algology","status":"publish","type":"page","link":"https:\/\/groupflorence.com\/en\/centers-treatments\/algology\/","title":{"rendered":"Algology"},"content":{"rendered":"<section id=\"bt_section6a061e4c5d717\"  class=\"boldSection gutter\" ><div class=\"port\"><div class=\"boldCell\"><div class=\"boldCellInner\"><div class=\"boldRow  \" ><div class=\"boldRowInner\"><div class=\"rowItem col-md-4 col-ms-12 btTextLeft\"  ><div class=\"rowItemContent\" ><div class=\"btClear btSeparator topSpaced noBorder\" ><hr><\/div><div class=\"btCustomMenu treatment-sidebar\" ><div class=\"menu-algology-container\"><ul id=\"menu-algology\" class=\"menu\"><li id=\"menu-item-4986\" class=\"menu-item menu-item-type-post_type menu-item-object-page menu-item-has-children menu-item-4986\"><a href=\"https:\/\/groupflorence.com\/en\/centers-treatments\/\">Centers &#038; Departments<\/a><ul class=\"sub-menu\"><li id=\"menu-item-4985\" class=\"menu-item menu-item-type-post_type menu-item-object-page menu-item-4985\"><a href=\"https:\/\/groupflorence.com\/en\/centers-treatments\/algology\/\">Algology<\/a><\/li><\/ul><\/li>\n<\/ul><\/div><\/div><div class=\"btClear btSeparator topSemiSpaced noBorder\" ><hr><\/div><div class=\"boldRow boldInnerRow  bt_bb_hidden_xs bt_bb_hidden_ms bt_bb_hidden_sm\" ><div class=\"rowItem rowInnerItem col-md-12  btTextCenter btMiddleVertical\"  ><div class=\"rowItemContent\"><div class=\"bpgPhoto btTextCenter\" > \r\n\t\t\t\t\t<a href=\"https:\/\/groupflorence.com\/en\/patient-guide\/covid-19-precautions\/\" target=\"_blank\" title=\"\"><\/a>\r\n\t\t\t\t\t<div class=\"boldPhotoBox\"><div class=\"bpbItem\"><div class = \"btImage\"><img decoding=\"async\" src=\"https:\/\/groupflorence.com\/en\/wp-content\/uploads\/2020\/12\/covid-safe-sidebar-320x186.jpg\" alt=\"\" title=\"\" ><\/div><\/div><\/div>\r\n\t\t\t\t\t<div class=\"captionPane\">\r\n\t\t\t\t\t\t<div class=\"captionTable\">\r\n\t\t\t\t\t\t\t<div class=\"captionCell\">\r\n\t\t\t\t\t\t\t\t<div class=\"captionTxt\"><\/div>\r\n\t\t\t\t\t\t\t<\/div>\r\n\t\t\t\t\t\t<\/div>\r\n\t\t\t\t\t<\/div><\/div><div class=\"btClear btSeparator topSmallSpaced bottomSmallSpaced border\" ><hr><\/div><a href=\"https:\/\/groupflorence.com\/en\/contact-us\/\" class=\"btBtn btBtn btnFilledStyle btnAccentColor btnBig btnNormalWidth btnLeftPosition btnNoIcon\" ><span class=\"btnInnerText\">Ask A Question<\/span><\/a><\/div><\/div><\/div><\/div><\/div><div class=\"rowItem col-md-8 col-ms-12 btTextLeft\"  ><div class=\"rowItemContent\" ><div class=\"btClear btSeparator topSemiSpaced noBorder\" ><hr><\/div><header class=\"header btClear medium btDash bottomDash  btNormalDash\" ><div class=\"dash\"><h3><span class=\"headline\"><b class=\"animate\">Algology<\/b><\/span><\/h3><\/div><\/header><div class=\"btClear btSeparator topExtraSmallSpaced noBorder\" ><hr><\/div><div class=\"btText\" ><\/p>\n<p><strong>Pain Therapy Interventions Against Cancer Pain<\/strong><\/p>\n<ul>\n<li>Nerve Blocks: The pain treatment is performed by disabling the nerves leading to the area where the cancerous tissue is pressured.<\/li>\n<li>Permanent Catheter and Port Applications: In case of cancer pains that do not respond to other treatment methods, catheter and ports are placed in the spinal cord or in the related area. Pain treatment with these systems is more successful.<\/li>\n<\/ul>\n<p><strong>Pain from the Veins<\/strong><\/p>\n<p>In heavy smokers or diabetics, regurgitation of the vessels leading to the arms and legs may occur after severe traffic accidents. In this case, the nerves that go to the arms and legs and are called sympathetic nerves are disabled under imaging.<\/p>\n<p><strong>Pain Treatment with Advanced Methods<\/strong><\/p>\n<p><u>Spinal Cord Batteries<\/u>: Patients who have undergone intervertebral hernia surgery several times before, paralysis as a result of spinal cord injury, although the pain persists, severe pain caused by the vessels to prevent stimuli from reaching the brain from the spinal cord level in the pain that we call neuropathy due to nerve destruction, into the spine, pacemaker like batteries in order to prevent the pain from reaching the brain. placed.<\/p>\n<p><u>Spinal Cord Pumps<\/u>: In non-cancer patients with cancer to ensure that morphine and similar drugs can be administered ten to one hundred times stronger than oral dose without causing addiction pumps can be placed at the level of the spinal cord. Spinal pumps are placed only in patients who do not benefit from medication and other methods of treatment.<\/p>\n<p><strong>Interventional Methods for Head Region<\/strong><\/p>\n<ul>\n<li>Neuralgia: Very severe pains that occur in the face area, such as facial washing, shaving, eating, are called neuralgia. In such cases, patients who do not respond to drug therapy are treated by the radiofrequency method, in which currents similar to radio waves are sent.<\/li>\n<li>Severe Headaches: Neural blocks and radiofrequency methods that do not respond to drug treatment, especially in cluster type headaches accompanied by ultrasound and scope are under control of pains tries to be taken.<\/li>\n<li>Headaches Originated from Neck Problems: Headaches caused by neck joints, accompanied by various treatment methods and advanced imaging methods for the cause of pain.<\/li>\n<\/ul>\n<p><strong>Our services:<\/strong><\/p>\n<ul>\n<li>Determination of the cause of pain<\/li>\n<li>Treatment of pain<\/li>\n<li>Post-treatment training of the patient<\/li>\n<li>Prolonged monitoring of the patient<\/li>\n<li>Direction of the patient to the right physician<\/li>\n<li>Public education about pain<\/li>\n<\/ul>\n<p>Patients apply to Algology commonly for:<\/p>\n<ul>\n<li>Pain in the lower back and leg, lumbar hernia and other causes,<\/li>\n<li>Neck and arm pain, neck hernia and other causes, shoulder pain,<\/li>\n<li>Headaches: Migraine, tension type headaches and others,<\/li>\n<li>Facial Pain: Neuralgia,<\/li>\n<li>Pain arising from the musculoskeletal system: Myofascial pains,<\/li>\n<li>Neuropathic Pain: Pain caused by the wreck of certain areas of the nervous system,<\/li>\n<li>Pain arising from the veins,<\/li>\n<li>Pains that appear and do not pass after surgery,<\/li>\n<li>Cancer pains,<\/li>\n<li>Pain, the cause of which is not clear.<\/li>\n<\/ul>\n<p><strong>What are the Interventional Methods?<\/strong><\/p>\n<p>For the treatment of chronic pain in the <strong>Department of Algology<\/strong>, various drug and non-drug methods are applied. If necessary, ideas about pain are exchanged with other branches of medicine. For pains that cannot be treated with drugs and similar methods, \u201cInterventional Methods\u201d refers to.<\/p>\n<p>Interventional Methods are the methods applied to the elimination of the source of pain in patients and treatment of pain, which have developed significantly over the last 20 years and do not require surgery. The purpose of interventional Methods is to eliminate the cause of pain, with minimal damage to the patient&#8217;s body. Interventional Methods in pain control are applied only by physicians trained in this regard. The branch of medicine that gives this education is called Algology.<\/p>\n<p><strong>Interventional Methods According to Types of Pain<\/strong><\/p>\n<ul>\n<li>Cervical and Lumbar Epidural Injections: Drugs called steroids, local anesthesia and enzymes in disc areas that do not require surgical intervention, in hernia of the lumbar and neck, which presses on the nerve is based on the application of drugs that heal tissues. At the same time, attempts to reduce the hernia are made. Applied in patients with no loss of sensation and strength in the arms and legs, pain is at the forefront.<\/li>\n<\/ul>\n<p>At the operating rooms and by using imaging devices, the areas causing pain can be reached with needle-like catheters. Treatment is carried out in accordance with the diagnosis of the patient. After such injections with experienced hands, accompanied by advanced imaging methods, there are practically no side effects. Then patients are advised to be pupils of the lumbar and neck school. The necessary training is given or directed to the relevant unit. During this training, the patient is taught various movements and how to use the lumbar neck.<\/p>\n<ul>\n<li>Interventions against Pain from Facet Joints: The vertebrae are aligned on each other and form one joint. These joints have their own nerves. During excessive pressure on the neck and waist, pains arise, which are confused with hernias of the lumbar and neck, as a result of destruction in the joints. In the treatment of this type of pain, various interventional methods are applied aimed at the nerves of the facet joints.<\/li>\n<li>Interventions after Failed Lumbar Surgery: In some patients, adhesions appear in the surgical area after lumbar surgery, and in these patients there are different, continuous and severe pains appear. In this case, \u201cEpidural Neuroplasty\u201d is applied to dissolve adhesions. This means that thin catheters are sent to the adhesion zone and the adhesions are given to the region with high density of drugs such as serum physiological steroids and hyaluronidase.<\/li>\n<li>Ozone Applications: It is used in the treatment of many pain, especially intrahernial applications, which is a safe drug due to its anti-inflammatory and bactericidal effects.<\/li>\n<\/ul>\n<p><strong>Chronic Pain Should Be Considered as a Disease, a Syndrome<\/strong><\/p>\n<p>Pain is a condition caused by a person&#8217;s past experiences and damaged tissue. <strong>Group Florence Nightingale Hospitals, Department of Algology<\/strong> provides all current diagnostic methods that are not related to a particular disease or tissue damage, but cannot be cured, or treated by other branches produces solutions to pains.<\/p>\n<p>It also undertakes the treatment of patients whose problem consists of pain in itself, as well as pain accompanying other diseases.<\/p>\n<p>To treat painful patients, including patients diagnosed with chronic pain, the majority of them will not be possible with simple pain treatment methods. In such cases, the methods of interventional pain treatment are successfully practiced at our department.<\/p>\n<p>Each person has a different threshold of feeling pain and withstand pain. An important feature of pain is that in addition to the fact that it is an objective phenomenon carried by nerve fibers, it also carries a sensory character. These properties make the pain, peculiar to the person.<\/p>\n<p><strong>Group Florence Nightingale Hospitals Department of Algology<\/strong> successfully applies appropriate personalized pain treatment methods for effective treatment of pains without becoming permanent.<\/p>\n<p><strong>Where it hurts, is it possible to get special treatment?<\/strong><\/p>\n<p>Nowadays, pain can be relieved by affecting the processes from perception, transportation and processing of pain with interventional pain treatment methods. Especially with radiofrequency and ozone applications, osteochondrosis, head and neck pain, postoperative pains and cancer pains can be treated.<\/p>\n<p><strong>How do We Treat Which Type of Pain?<\/strong><\/p>\n<p>Post-operative pains can be treated by applying small doses of painkillers from the lumbar region, also neutralize the nerve that carries the pain to the center where the pain is felt also able to treat pains by bringing them.<\/p>\n<p>Pain caused by hernia of the lumbar spine and disorders in the spine, causing pressure and burning on the nerves in the neck or back, causing pain. The anti-inflammatory drugs are applied to surrounding areas of nerve by using special imaging systems. Attempts are also made to reduce the disc volumes which are located between bones of the spine. The same methods can be used for cancer and non-cancer pains.<\/p>\n<p>\n<\/div><div class=\"btClear btSeparator topSemiSpaced noBorder\" ><hr><\/div><div class=\"boldRow boldInnerRow  \" ><div class=\"rowItem rowInnerItem col-md-4  btTextCenter inherit btNoPadding\" style=\"border: 1px solid #999;background-color: rgba(241, 241, 241, 1);\" ><div class=\"rowItemContent\"><div class=\"bpgPhoto btTextCenter\" ><div class=\"btImage\"><img decoding=\"async\" src=\"https:\/\/groupflorence.com\/en\/wp-content\/uploads\/2020\/10\/Savas_-C_o_mlek.jpg\" alt=\"\" title=\"\"><\/div><\/div><div class=\"btIconImageRow btIconsHalfHoverPosition\" ><\/div><div class=\"btClear btSeparator topSmallSpaced noBorder\" ><hr><\/div><div class=\"btText\" ><\/p>\n<h4><a href=\"https:\/\/groupflorence.com\/en\/doctors\/savas-comlek\/\">Sava\u015f \u00c7\u00f6mlek, M.D.<\/a><\/h4>\n<p>\n<\/div><div class=\"btClear btSeparator topExtraSmallSpaced bottomSmallSpaced noBorder\" ><hr><\/div><\/div><\/div><div class=\"rowItem rowInnerItem col-md-4  btTextCenter inherit btNoPadding\" style=\"background-color: rgba(241, 241, 241, 1);\" ><div class=\"rowItemContent\"><\/div><\/div><div class=\"rowItem rowInnerItem col-md-4  btTextCenter inherit btNoPadding\" style=\"background-color: rgba(241, 241, 241, 1);\" ><div class=\"rowItemContent\"><\/div><\/div><\/div><div class=\"btClear btSeparator topSemiSpaced noBorder\" ><hr><\/div><header class=\"header btClear medium btDash bottomDash  btAccentDash\" ><div class=\"dash\"><h3><span class=\"headline\"><em>Contact Us Now<\/em><\/span><\/h3><\/div><\/header><div class=\"btClear btSeparator bottomSmallSpaced noBorder\" ><hr><\/div><div class=\"btText\" >\n<div class=\"wpcf7 no-js\" id=\"wpcf7-f2891-o1\" lang=\"tr-TR\" dir=\"ltr\" data-wpcf7-id=\"2891\">\n<div class=\"screen-reader-response\"><p role=\"status\" aria-live=\"polite\" aria-atomic=\"true\"><\/p> <ul><\/ul><\/div>\n<form action=\"\/en\/wp-json\/wp\/v2\/pages\/4968#wpcf7-f2891-o1\" method=\"post\" class=\"wpcf7-form init wpcf7-acceptance-as-validation\" aria-label=\"\u0130leti\u015fim Formu\" novalidate=\"novalidate\" data-status=\"init\">\n<div style=\"display: none;\">\n<input type=\"hidden\" name=\"_wpcf7\" value=\"2891\" \/>\n<input type=\"hidden\" name=\"_wpcf7_version\" value=\"6.0.6\" \/>\n<input type=\"hidden\" name=\"_wpcf7_locale\" value=\"tr_TR\" \/>\n<input type=\"hidden\" name=\"_wpcf7_unit_tag\" value=\"wpcf7-f2891-o1\" \/>\n<input type=\"hidden\" name=\"_wpcf7_container_post\" value=\"0\" \/>\n<input type=\"hidden\" name=\"_wpcf7_posted_data_hash\" value=\"\" \/>\n<\/div>\n<p style=\"margin-bottom:30px !important;\">While filling up the contact form below, you can alsosend us your\/patient\u2019s medical files by <strong>wetransfer<\/strong>. The medical second opinion will be presented to you within 48 hours.\n<\/p>\n<div class=\"boldRow boldInnerRow  \">\n\t<div class=\"rowItem rowInnerItem col-md-6  btTextLeft\">\n\t\t<div class=\"rowItemContent\">\n\t\t\t<p><label><span class=\"bt_bb_required\">Your Name<\/span><br \/>\n<span class=\"wpcf7-form-control-wrap\" data-name=\"your-name\"><input size=\"40\" maxlength=\"400\" class=\"wpcf7-form-control wpcf7-text wpcf7-validates-as-required\" aria-required=\"true\" aria-invalid=\"false\" value=\"\" type=\"text\" name=\"your-name\" \/><\/span> <\/label>\n\t\t\t<\/p>\n\t\t\t<p><label><span class=\"bt_bb_required\">Your Email<\/span><br \/>\n<span class=\"wpcf7-form-control-wrap\" data-name=\"your-email\"><input size=\"40\" maxlength=\"400\" class=\"wpcf7-form-control wpcf7-email wpcf7-validates-as-required wpcf7-text wpcf7-validates-as-email\" aria-required=\"true\" aria-invalid=\"false\" value=\"\" type=\"email\" name=\"your-email\" \/><\/span> <\/label>\n\t\t\t<\/p>\n\t\t\t<p><label><span class=\"bt_bb_required\">Your Phone<\/span><br \/>\n<span class=\"wpcf7-form-control-wrap\" data-name=\"your-phone\"><input size=\"40\" class=\"wpcf7-form-control wpcf7-phonetext wpcf7-text wpcf7-validates-as-phonetext\" id=\"int_phone\" aria-invalid=\"false\" value=\"\" type=\"text\" name=\"your-phone\" \/><input type=\"hidden\" name=\"your-phone-country-code\" class=\"wpcf7-phonetext-country-code\" \/><\/span> <\/label>\n\t\t\t<\/p>\n\t\t\t<p><label><span class=\"bt_bb_required\">Your Message<\/span><br \/>\n<span class=\"wpcf7-form-control-wrap\" data-name=\"your-message\"><textarea cols=\"40\" rows=\"10\" maxlength=\"2000\" class=\"wpcf7-form-control wpcf7-textarea wpcf7-validates-as-required\" aria-required=\"true\" aria-invalid=\"false\" name=\"your-message\"><\/textarea><\/span> <\/label>\n\t\t\t<\/p>\n\t\t\t<p><label><span class=\"bt_bb_required\" style=\"margin-top:25px !important;\"><span class=\"wpcf7-form-control-wrap\" data-name=\"accept-this-1\"><span class=\"wpcf7-form-control wpcf7-acceptance\"><span class=\"wpcf7-list-item\"><label><input type=\"checkbox\" name=\"accept-this-1\" value=\"1\" aria-invalid=\"false\" \/><span class=\"wpcf7-list-item-label\">I agree to <a target=\"_blank\" href=\"https:\/\/groupflorence.com\/en\/terms-of-use\/\">Terms &#038; Services<\/a>.<\/span><\/label><\/span><\/span><\/span><\/span><\/label>\n\t\t\t<\/p>\n\t\t\t<p><input class=\"wpcf7-form-control wpcf7-submit has-spinner contact_button_int\" type=\"submit\" value=\"SEND MESSAGE\" \/>\n\t\t\t<\/p>\n\t\t<\/div>\n\t<\/div>\n\t<div class=\"rowItem rowInnerItem col-md-6  btTextLeft\">\n\t\t<div class=\"rowItemContent\">\n\t\t\t<p align=\"center\" style=\"margin-top:30px;\"><br \/>\n<a href=\"http:\/\/florencenightingale.wetransfer.com\/\" target=\"_blank\" title=\"Click Here To Transfer Your Documents via WeTransfer\"><img decoding=\"async\"  align=\"center\" style=\"max-width:250px !important;\" class=\"lazy loaded\" src=\"https:\/\/groupflorence.com\/ru\/wp-content\/uploads\/2020\/08\/89130-wetransfer-default-logo-rgb-original-1365619064-e1599162229581.png\" data-src=\"https:\/\/groupflorence.com\/ru\/wp-content\/uploads\/2020\/08\/89130-wetransfer-default-logo-rgb-original-1365619064-e1599162229581.png\" alt=\"Click Here To Transfer Your Documents via WeTransfer\" title=\"Click Here To Transfer Your Documents via WeTransfer\" data-was-processed=\"true\" \/><\/a>\n\t\t\t<\/p>\n\t\t\t<h3 align=\"center\"><a href=\"http:\/\/florencenightingale.wetransfer.com\/\" target=\"_blank\" title=\"Click Here To Transfer Your Documents via WeTransfer\">Send via WeTransfer<\/a>\n\t\t\t<\/h3>\n\t\t\t<p align=\"center\">You can send your oversized medical documents (MRI recordings, lab results, images etc.) using our WeTransfer account. It&#8217;s easy, fast and secure.\n\t\t\t<\/p>\n\t\t<\/div>\n\t\t<center>\n\t\t\t<p><a href=\"http:\/\/florencenightingale.wetransfer.com\/\" class=\"btBtn btBtn btnFilledStyle btnAccentColor btnSmall btnNormalWidth btnRightPosition btnNoIcon\" target=\"_blank\"><span class=\"btnInnerText\">Send Now<\/span><\/a>\n\t\t\t<\/p>\n\t\t<\/center>\n\t<\/div>\n<\/div><div class=\"wpcf7-response-output\" aria-hidden=\"true\"><\/div>\n<\/form>\n<\/div>\n<\/div><div class=\"btClear btSeparator topSpaced noBorder\" ><hr><\/div><\/div><\/div><\/div><\/div><\/div><\/div><\/div><\/section>\n","protected":false},"excerpt":{"rendered":"","protected":false},"author":1,"featured_media":0,"parent":2306,"menu_order":0,"comment_status":"closed","ping_status":"closed","template":"","meta":{"footnotes":""},"class_list":["post-4968","page","type-page","status-publish","hentry"],"yoast_head":"<!-- This site is optimized with the Yoast SEO plugin v23.4 - https:\/\/yoast.com\/wordpress\/plugins\/seo\/ -->\n<title>Algology - Group Florence Nightingale Hospitals<\/title>\n<meta name=\"robots\" content=\"index, follow, max-snippet:-1, max-image-preview:large, max-video-preview:-1\" \/>\n<link rel=\"canonical\" href=\"https:\/\/groupflorence.com\/en\/centers-treatments\/algology\/\" \/>\n<meta property=\"og:locale\" content=\"en_US\" \/>\n<meta property=\"og:type\" content=\"article\" \/>\n<meta property=\"og:title\" content=\"Algology - Group Florence Nightingale Hospitals\" \/>\n<meta property=\"og:url\" content=\"https:\/\/groupflorence.com\/en\/centers-treatments\/algology\/\" \/>\n<meta property=\"og:site_name\" content=\"Group Florence Nightingale Hospitals\" \/>\n<meta property=\"article:publisher\" content=\"https:\/\/www.facebook.com\/groupflorence\" \/>\n<meta property=\"article:modified_time\" content=\"2023-12-05T11:28:01+00:00\" \/>\n<meta name=\"twitter:card\" content=\"summary_large_image\" \/>\n<meta name=\"twitter:label1\" content=\"Est. reading time\" \/>\n\t<meta name=\"twitter:data1\" content=\"9 minutes\" \/>\n<script type=\"application\/ld+json\" class=\"yoast-schema-graph\">{\"@context\":\"https:\/\/schema.org\",\"@graph\":[{\"@type\":\"WebPage\",\"@id\":\"https:\/\/groupflorence.com\/en\/centers-treatments\/algology\/\",\"url\":\"https:\/\/groupflorence.com\/en\/centers-treatments\/algology\/\",\"name\":\"Algology - Group Florence Nightingale Hospitals\",\"isPartOf\":{\"@id\":\"https:\/\/groupflorence.com\/en\/#website\"},\"datePublished\":\"2020-10-29T15:06:01+00:00\",\"dateModified\":\"2023-12-05T11:28:01+00:00\",\"breadcrumb\":{\"@id\":\"https:\/\/groupflorence.com\/en\/centers-treatments\/algology\/#breadcrumb\"},\"inLanguage\":\"en-US\",\"potentialAction\":[{\"@type\":\"ReadAction\",\"target\":[\"https:\/\/groupflorence.com\/en\/centers-treatments\/algology\/\"]}]},{\"@type\":\"BreadcrumbList\",\"@id\":\"https:\/\/groupflorence.com\/en\/centers-treatments\/algology\/#breadcrumb\",\"itemListElement\":[{\"@type\":\"ListItem\",\"position\":1,\"name\":\"Home\",\"item\":\"https:\/\/groupflorence.com\/en\/\"},{\"@type\":\"ListItem\",\"position\":2,\"name\":\"Centers &#038; Departments\",\"item\":\"https:\/\/groupflorence.com\/en\/centers-treatments\/\"},{\"@type\":\"ListItem\",\"position\":3,\"name\":\"Algology\"}]},{\"@type\":\"WebSite\",\"@id\":\"https:\/\/groupflorence.com\/en\/#website\",\"url\":\"https:\/\/groupflorence.com\/en\/\",\"name\":\"Group Florence Nightingale Hospitals\",\"description\":\"\",\"publisher\":{\"@id\":\"https:\/\/groupflorence.com\/en\/#organization\"},\"potentialAction\":[{\"@type\":\"SearchAction\",\"target\":{\"@type\":\"EntryPoint\",\"urlTemplate\":\"https:\/\/groupflorence.com\/en\/?s={search_term_string}\"},\"query-input\":{\"@type\":\"PropertyValueSpecification\",\"valueRequired\":true,\"valueName\":\"search_term_string\"}}],\"inLanguage\":\"en-US\"},{\"@type\":\"Organization\",\"@id\":\"https:\/\/groupflorence.com\/en\/#organization\",\"name\":\"Group Florence Nightingale Hospitals\",\"url\":\"https:\/\/groupflorence.com\/en\/\",\"logo\":{\"@type\":\"ImageObject\",\"inLanguage\":\"en-US\",\"@id\":\"https:\/\/groupflorence.com\/en\/#\/schema\/logo\/image\/\",\"url\":\"https:\/\/groupflorence.com\/en\/wp-content\/uploads\/2021\/01\/gf-logotype-transparent-miniversion.png\",\"contentUrl\":\"https:\/\/groupflorence.com\/en\/wp-content\/uploads\/2021\/01\/gf-logotype-transparent-miniversion.png\",\"width\":245,\"height\":55,\"caption\":\"Group Florence Nightingale Hospitals\"},\"image\":{\"@id\":\"https:\/\/groupflorence.com\/en\/#\/schema\/logo\/image\/\"},\"sameAs\":[\"https:\/\/www.facebook.com\/groupflorence\",\"https:\/\/www.instagram.com\/group_florence\/\",\"https:\/\/www.youtube.com\/channel\/UC_nlE9Up7N9T68unmJYEnfg\"]}]}<\/script>\n<!-- \/ Yoast SEO plugin. -->","yoast_head_json":{"title":"Algology - Group Florence Nightingale Hospitals","robots":{"index":"index","follow":"follow","max-snippet":"max-snippet:-1","max-image-preview":"max-image-preview:large","max-video-preview":"max-video-preview:-1"},"canonical":"https:\/\/groupflorence.com\/en\/centers-treatments\/algology\/","og_locale":"en_US","og_type":"article","og_title":"Algology - Group Florence Nightingale Hospitals","og_url":"https:\/\/groupflorence.com\/en\/centers-treatments\/algology\/","og_site_name":"Group Florence Nightingale Hospitals","article_publisher":"https:\/\/www.facebook.com\/groupflorence","article_modified_time":"2023-12-05T11:28:01+00:00","twitter_card":"summary_large_image","twitter_misc":{"Est. reading time":"9 minutes"},"schema":{"@context":"https:\/\/schema.org","@graph":[{"@type":"WebPage","@id":"https:\/\/groupflorence.com\/en\/centers-treatments\/algology\/","url":"https:\/\/groupflorence.com\/en\/centers-treatments\/algology\/","name":"Algology - Group Florence Nightingale Hospitals","isPartOf":{"@id":"https:\/\/groupflorence.com\/en\/#website"},"datePublished":"2020-10-29T15:06:01+00:00","dateModified":"2023-12-05T11:28:01+00:00","breadcrumb":{"@id":"https:\/\/groupflorence.com\/en\/centers-treatments\/algology\/#breadcrumb"},"inLanguage":"en-US","potentialAction":[{"@type":"ReadAction","target":["https:\/\/groupflorence.com\/en\/centers-treatments\/algology\/"]}]},{"@type":"BreadcrumbList","@id":"https:\/\/groupflorence.com\/en\/centers-treatments\/algology\/#breadcrumb","itemListElement":[{"@type":"ListItem","position":1,"name":"Home","item":"https:\/\/groupflorence.com\/en\/"},{"@type":"ListItem","position":2,"name":"Centers &#038; Departments","item":"https:\/\/groupflorence.com\/en\/centers-treatments\/"},{"@type":"ListItem","position":3,"name":"Algology"}]},{"@type":"WebSite","@id":"https:\/\/groupflorence.com\/en\/#website","url":"https:\/\/groupflorence.com\/en\/","name":"Group Florence Nightingale Hospitals","description":"","publisher":{"@id":"https:\/\/groupflorence.com\/en\/#organization"},"potentialAction":[{"@type":"SearchAction","target":{"@type":"EntryPoint","urlTemplate":"https:\/\/groupflorence.com\/en\/?s={search_term_string}"},"query-input":{"@type":"PropertyValueSpecification","valueRequired":true,"valueName":"search_term_string"}}],"inLanguage":"en-US"},{"@type":"Organization","@id":"https:\/\/groupflorence.com\/en\/#organization","name":"Group Florence Nightingale Hospitals","url":"https:\/\/groupflorence.com\/en\/","logo":{"@type":"ImageObject","inLanguage":"en-US","@id":"https:\/\/groupflorence.com\/en\/#\/schema\/logo\/image\/","url":"https:\/\/groupflorence.com\/en\/wp-content\/uploads\/2021\/01\/gf-logotype-transparent-miniversion.png","contentUrl":"https:\/\/groupflorence.com\/en\/wp-content\/uploads\/2021\/01\/gf-logotype-transparent-miniversion.png","width":245,"height":55,"caption":"Group Florence Nightingale Hospitals"},"image":{"@id":"https:\/\/groupflorence.com\/en\/#\/schema\/logo\/image\/"},"sameAs":["https:\/\/www.facebook.com\/groupflorence","https:\/\/www.instagram.com\/group_florence\/","https:\/\/www.youtube.com\/channel\/UC_nlE9Up7N9T68unmJYEnfg"]}]}},"_links":{"self":[{"href":"https:\/\/groupflorence.com\/en\/wp-json\/wp\/v2\/pages\/4968","targetHints":{"allow":["GET"]}}],"collection":[{"href":"https:\/\/groupflorence.com\/en\/wp-json\/wp\/v2\/pages"}],"about":[{"href":"https:\/\/groupflorence.com\/en\/wp-json\/wp\/v2\/types\/page"}],"author":[{"embeddable":true,"href":"https:\/\/groupflorence.com\/en\/wp-json\/wp\/v2\/users\/1"}],"replies":[{"embeddable":true,"href":"https:\/\/groupflorence.com\/en\/wp-json\/wp\/v2\/comments?post=4968"}],"version-history":[{"count":3,"href":"https:\/\/groupflorence.com\/en\/wp-json\/wp\/v2\/pages\/4968\/revisions"}],"predecessor-version":[{"id":6755,"href":"https:\/\/groupflorence.com\/en\/wp-json\/wp\/v2\/pages\/4968\/revisions\/6755"}],"up":[{"embeddable":true,"href":"https:\/\/groupflorence.com\/en\/wp-json\/wp\/v2\/pages\/2306"}],"wp:attachment":[{"href":"https:\/\/groupflorence.com\/en\/wp-json\/wp\/v2\/media?parent=4968"}],"curies":[{"name":"wp","href":"https:\/\/api.w.org\/{rel}","templated":true}]}}