{"id":3172,"date":"2020-09-21T17:09:15","date_gmt":"2020-09-21T14:09:15","guid":{"rendered":"https:\/\/groupflorence.com\/en\/?page_id=3172"},"modified":"2023-12-05T15:57:58","modified_gmt":"2023-12-05T12:57:58","slug":"about-liver-transplantation","status":"publish","type":"page","link":"https:\/\/groupflorence.com\/en\/centers-treatments\/liver-transplantation-center\/about-liver-transplantation\/","title":{"rendered":"About Liver Transplantation"},"content":{"rendered":"<section id=\"bt_section69ec7a4be1856\"  class=\"boldSection gutter inherit treatment-container\" ><div class=\"port\"><div class=\"boldCell\"><div class=\"boldCellInner\"><div class=\"boldRow treatment-container \" ><div class=\"boldRowInner\"><div class=\"rowItem col-md-4 col-ms-12 btTextLeft\"  ><div class=\"rowItemContent\" ><div class=\"btClear btSeparator topSpaced noBorder\" ><hr><\/div><div class=\"btCustomMenu treatment-sidebar\" ><div class=\"menu-liver-transplantation-center-container\"><ul id=\"menu-liver-transplantation-center\" class=\"menu\"><li id=\"menu-item-3356\" class=\"menu-item menu-item-type-post_type menu-item-object-page menu-item-has-children menu-item-3356\"><a href=\"https:\/\/groupflorence.com\/en\/centers-treatments\/\">Centers &#038; Departments<\/a><ul class=\"sub-menu\"><li id=\"menu-item-3138\" class=\"menu-item menu-item-type-post_type menu-item-object-page menu-item-has-children menu-item-3138\"><a href=\"https:\/\/groupflorence.com\/en\/centers-treatments\/liver-transplantation-center\/\">Liver Transplantation Center<\/a><ul class=\"sub-menu\"><li id=\"menu-item-3174\" class=\"menu-item menu-item-type-post_type menu-item-object-page menu-item-3174\"><a href=\"https:\/\/groupflorence.com\/en\/centers-treatments\/liver-transplantation-center\/about-liver-transplantation\/\">About Liver Transplantation<\/a><\/li><li id=\"menu-item-3171\" class=\"menu-item menu-item-type-post_type menu-item-object-page menu-item-3171\"><a href=\"https:\/\/groupflorence.com\/en\/centers-treatments\/liver-transplantation-center\/hepatic-cirrhosis\/\">Hepatic Cirrhosis<\/a><\/li><li id=\"menu-item-3179\" class=\"menu-item menu-item-type-post_type menu-item-object-page menu-item-3179\"><a href=\"https:\/\/groupflorence.com\/en\/centers-treatments\/liver-transplantation-center\/donation-of-liver\/\">Donation of Liver<\/a><\/li><li id=\"menu-item-3185\" class=\"menu-item menu-item-type-post_type menu-item-object-page menu-item-3185\"><a href=\"https:\/\/groupflorence.com\/en\/centers-treatments\/liver-transplantation-center\/frequently-asked-questions\/\">Frequently asked Questions<\/a><\/li><\/ul><\/li><\/ul><\/li>\n<\/ul><\/div><\/div><div class=\"btClear btSeparator topSemiSpaced noBorder\" ><hr><\/div><div class=\"boldRow boldInnerRow  bt_bb_hidden_xs bt_bb_hidden_ms bt_bb_hidden_sm\" ><div class=\"rowItem rowInnerItem col-md-12  btTextCenter btMiddleVertical\"  ><div class=\"rowItemContent\"><div class=\"bpgPhoto btTextCenter\" > \r\n\t\t\t\t\t<a href=\"https:\/\/groupflorence.com\/en\/patient-guide\/covid-19-precautions\/\" target=\"_blank\" title=\"\"><\/a>\r\n\t\t\t\t\t<div class=\"boldPhotoBox\"><div class=\"bpbItem\"><div class = \"btImage\"><img decoding=\"async\" src=\"https:\/\/groupflorence.com\/en\/wp-content\/uploads\/2020\/12\/covid-safe-sidebar-320x186.jpg\" alt=\"\" title=\"\" ><\/div><\/div><\/div>\r\n\t\t\t\t\t<div class=\"captionPane\">\r\n\t\t\t\t\t\t<div class=\"captionTable\">\r\n\t\t\t\t\t\t\t<div class=\"captionCell\">\r\n\t\t\t\t\t\t\t\t<div class=\"captionTxt\"><\/div>\r\n\t\t\t\t\t\t\t<\/div>\r\n\t\t\t\t\t\t<\/div>\r\n\t\t\t\t\t<\/div><\/div><div class=\"btClear btSeparator topSmallSpaced bottomSmallSpaced border\" ><hr><\/div><a href=\"https:\/\/groupflorence.com\/en\/contact-us\/\" class=\"btBtn btBtn btnFilledStyle btnAccentColor btnBig btnNormalWidth btnLeftPosition btnNoIcon\" ><span class=\"btnInnerText\">Ask A Question<\/span><\/a><\/div><\/div><\/div><\/div><\/div><div class=\"rowItem col-md-8 col-ms-12 btTextLeft\"  ><div class=\"rowItemContent\" ><div class=\"btClear btSeparator topSemiSpaced noBorder\" ><hr><\/div><header class=\"header btClear medium btDash bottomDash  btNormalDash\" ><div class=\"dash\"><h3><span class=\"headline\"><b class=\"animate\">About Liver Transplantation<br \/><br><\/b><\/span><\/h3><\/div><\/header><div class=\"btClear btSeparator topSmallSpaced noBorder\" ><hr><\/div><header class=\"header btClear medium btDash bottomDash  btAccentDash\" ><div class=\"dash\"><h3><span class=\"headline\">Facts About Liver Transplants<br \/><br><\/span><\/h3><\/div><\/header><div class=\"btClear btSeparator topExtraSmallSpaced noBorder\" ><hr><\/div><div class=\"btText\" ><\/p>\n<ol>\n<li>Only curative treatment of advanced stage cirrhosis<\/li>\n<li>Liver of a family member whose blood type is compatible or a person with brain death can be donated for liver transplantation.<\/li>\n<li>The success rate is greater than 80% if it is performed at the right time.<\/li>\n<li>The patients can get back to their daily routine after transplant.<\/li>\n<\/ol>\n<p>According to international guidelines, each patient with hepatic cirrhosis and the patients with estimated lifetime less than a year should be evaluated for liver transplantation. The severity of a liver disease is graded A to C. Generally, all patients in stage C and many patients in stage B are suitable for transplant. The patient presenting any of the symptoms listed below must obtain a specialist opinion. In this way, specialist in liver transplant can determine whether transplantation or medication is better for the patients.<\/p>\n<p>In any case, the better health state of the patient during transplant, the better the surgical procedure is. The transplant gives negative results in patients with critical disease, malnourished patients, or patients with other organ damage such as active infection and renal disorder in the intensive care unit. Thus, the transplantation should be performed at the right time to have better results. A transplantation surgery timely performed on an appropriate patient using an appropriate donor\u2019s liver results in a success rate of around 80%.<\/p>\n<p>In most of the cases, the above causes are usually resulted in treatable Hepatitis. However, in case of failure to eliminate or treat the trouble factor, cirrhosis occurs and it is usually too late to alter the course of the disease.<\/p>\n<p>\n<\/div><div class=\"btClear btSeparator topSmallSpaced noBorder\" ><hr><\/div><header class=\"header btClear medium btDash bottomDash  btAccentDash\" ><div class=\"dash\"><h3><span class=\"headline\">Symptoms of Cirrhosis related liver failure<br \/><br><\/span><\/h3><\/div><\/header><div class=\"btClear btSeparator topExtraSmallSpaced noBorder\" ><hr><\/div><div class=\"btText\" ><\/p>\n<ol>\n<li>Black feces<\/li>\n<li>Hematemesis<\/li>\n<li>Ascites<\/li>\n<li>Drowsiness and mental confusion<\/li>\n<li>Excess bleeding through small wounds<\/li>\n<li>Jaundice<\/li>\n<li>Renal dysfunction<\/li>\n<li>Fatigue<\/li>\n<li>Low hemoglobin and other blood counts<\/li>\n<\/ol>\n<p>\n<\/div><div class=\"btClear btSeparator topSmallSpaced noBorder\" ><hr><\/div><header class=\"header btClear medium btDash bottomDash  btAccentDash\" ><div class=\"dash\"><h3><span class=\"headline\">Pre-transplant Evaluation (Evaluation for Liver Transplant)<br \/><br><\/span><\/h3><\/div><\/header><div class=\"btClear btSeparator topExtraSmallSpaced noBorder\" ><hr><\/div><div class=\"btText\" ><\/p>\n<section class=\"siteCt\">\n<div class=\"staticContent\">\n<div class=\"container\">\n<div class=\"static row\">\n<div class=\"col-sm-9 contentRight\">\n<div class=\"contentRightCt\">\n<div id=\"bodyDiv\">\n<p>This evaluation is recommended when the liver specialist diagnoses the end stage liver disease. Evaluation of the recipient is conducted in three phases and usually takes 5-7 days in the hospital.<\/p>\n<ol>\n<li>\u00a0Make a definite diagnosis; determine the severity of liver disease and urgency of transplant.<\/li>\n<li>\u00a0Determine the appropriateness of the patient for transplant; the other systems such as heart, lungs, kidneys, and blood counts are tested to eliminate the presence of any infect ions. Then the liver specialist decides on the patient condition and the success rate of the surgery depending on the cause and severity of the liver disease.<\/li>\n<li>The final phase is to mentally and psychologically prepare the patient. The patient and family is informed about the procedure, hospitalization, postoperative course, follow-up, and aftercare.<\/li>\n<\/ol>\n<p>After the evaluation, the patient is placed on the waiting list for the transplantation from deceased donor, or the patient will be evaluated for transplant and transplant planning if there is a donor or a family member whose blood type is compatible.<\/p>\n<p>The patient placed on the list of deceased donor transplantation is monitored by the transplant team until suitable liver is found. If the patient condition appears to impair, we usually recommend family to consider living donor transplantation.<\/p>\n<\/div>\n<\/div>\n<\/div>\n<\/div>\n<\/div>\n<\/div>\n<\/section>\n<footer id=\"siteFooter\">\n<div class=\"footerTop\">\n<div class=\"container\">\n<div class=\"row\">\n<div class=\"col-sm-3\">\n<div class=\"social\"><\/div>\n<\/div>\n<\/div>\n<\/div>\n<\/div>\n<\/footer>\n<p>\n<\/div><div class=\"btClear btSeparator topSemiSpaced noBorder\" ><hr><\/div><div class=\"boldRow boldInnerRow  \" ><div class=\"rowItem rowInnerItem col-md-4  btTextCenter inherit btNoPadding\" style=\"border: 1px solid #999;background-color: rgba(241, 241, 241, 1);\" ><div class=\"rowItemContent\"><div class=\"bpgPhoto btTextCenter\" ><div class=\"btImage\"><img decoding=\"async\" src=\"https:\/\/groupflorence.com\/en\/wp-content\/uploads\/2020\/10\/Nagihan-I\u0307nan-Gu\u0308rcan.jpg\" alt=\"\" title=\"\"><\/div><\/div><div class=\"btIconImageRow btIconsHalfHoverPosition\" ><\/div><div class=\"btClear btSeparator topSmallSpaced noBorder\" ><hr><\/div><div class=\"btText\" ><\/p>\n<h4><a href=\"https:\/\/groupflorence.com\/en\/doctors\/nagihan-inan-gurcan\/\">Nagihan G\u00fcrcan, M.D.<\/a><\/h4>\n<p>\n<\/div><div class=\"btClear btSeparator bottomExtraSmallSpaced noBorder\" ><hr><\/div><\/div><\/div><div class=\"rowItem rowInnerItem col-md-4  btTextCenter inherit btNoPadding\" style=\"border: 1px solid #999;background-color: rgba(241, 241, 241, 1);\" ><div class=\"rowItemContent\"><div class=\"bpgPhoto btTextCenter\" ><div class=\"btImage\"><img decoding=\"async\" src=\"https:\/\/groupflorence.com\/en\/wp-content\/uploads\/2020\/10\/Y_ld_ray-Yu_zer.jpg\" alt=\"\" title=\"\"><\/div><\/div><div class=\"btIconImageRow btIconsHalfHoverPosition\" ><\/div><div class=\"btClear btSeparator topSmallSpaced noBorder\" ><hr><\/div><div class=\"btText\" ><\/p>\n<h4><a href=\"https:\/\/groupflorence.com\/en\/doctors\/yildiray-yuzer\/\">Y\u0131ld\u0131ray Y\u00fczer, M.D.<\/a><\/h4>\n<p>\n<\/div><div class=\"btClear btSeparator bottomExtraSmallSpaced noBorder\" ><hr><\/div><\/div><\/div><div class=\"rowItem rowInnerItem col-md-4  btTextCenter inherit btNoPadding\" style=\"border: 1px solid #999;background-color: rgba(241, 241, 241, 1);\" ><div class=\"rowItemContent\"><\/div><\/div><\/div><div class=\"btClear btSeparator topSemiSpaced noBorder\" ><hr><\/div><header class=\"header btClear medium btDash bottomDash  btAccentDash\" ><div class=\"dash\"><h3><span class=\"headline\"><em>Contact Us Now<\/em><\/span><\/h3><\/div><\/header><div class=\"btClear btSeparator bottomSmallSpaced noBorder\" ><hr><\/div><div class=\"btText\" >\n<div class=\"wpcf7 no-js\" id=\"wpcf7-f2891-o1\" lang=\"tr-TR\" dir=\"ltr\" data-wpcf7-id=\"2891\">\n<div class=\"screen-reader-response\"><p role=\"status\" aria-live=\"polite\" aria-atomic=\"true\"><\/p> <ul><\/ul><\/div>\n<form action=\"\/en\/wp-json\/wp\/v2\/pages\/3172#wpcf7-f2891-o1\" method=\"post\" class=\"wpcf7-form init wpcf7-acceptance-as-validation\" aria-label=\"\u0130leti\u015fim Formu\" novalidate=\"novalidate\" data-status=\"init\">\n<div style=\"display: none;\">\n<input type=\"hidden\" name=\"_wpcf7\" value=\"2891\" \/>\n<input type=\"hidden\" name=\"_wpcf7_version\" value=\"6.0.6\" \/>\n<input type=\"hidden\" name=\"_wpcf7_locale\" value=\"tr_TR\" \/>\n<input type=\"hidden\" name=\"_wpcf7_unit_tag\" value=\"wpcf7-f2891-o1\" \/>\n<input type=\"hidden\" name=\"_wpcf7_container_post\" value=\"0\" \/>\n<input type=\"hidden\" name=\"_wpcf7_posted_data_hash\" value=\"\" \/>\n<\/div>\n<p style=\"margin-bottom:30px !important;\">While filling up the contact form below, you can alsosend us your\/patient\u2019s medical files by <strong>wetransfer<\/strong>. The medical second opinion will be presented to you within 48 hours.\n<\/p>\n<div class=\"boldRow boldInnerRow  \">\n\t<div class=\"rowItem rowInnerItem col-md-6  btTextLeft\">\n\t\t<div class=\"rowItemContent\">\n\t\t\t<p><label><span class=\"bt_bb_required\">Your Name<\/span><br \/>\n<span class=\"wpcf7-form-control-wrap\" data-name=\"your-name\"><input size=\"40\" maxlength=\"400\" class=\"wpcf7-form-control wpcf7-text wpcf7-validates-as-required\" aria-required=\"true\" aria-invalid=\"false\" value=\"\" type=\"text\" name=\"your-name\" \/><\/span> <\/label>\n\t\t\t<\/p>\n\t\t\t<p><label><span class=\"bt_bb_required\">Your Email<\/span><br \/>\n<span class=\"wpcf7-form-control-wrap\" data-name=\"your-email\"><input size=\"40\" maxlength=\"400\" class=\"wpcf7-form-control wpcf7-email wpcf7-validates-as-required wpcf7-text wpcf7-validates-as-email\" aria-required=\"true\" aria-invalid=\"false\" value=\"\" type=\"email\" name=\"your-email\" \/><\/span> <\/label>\n\t\t\t<\/p>\n\t\t\t<p><label><span class=\"bt_bb_required\">Your Phone<\/span><br \/>\n<span class=\"wpcf7-form-control-wrap\" data-name=\"your-phone\"><input size=\"40\" class=\"wpcf7-form-control wpcf7-phonetext wpcf7-text wpcf7-validates-as-phonetext\" id=\"int_phone\" aria-invalid=\"false\" value=\"\" type=\"text\" name=\"your-phone\" \/><input type=\"hidden\" name=\"your-phone-country-code\" class=\"wpcf7-phonetext-country-code\" \/><\/span> <\/label>\n\t\t\t<\/p>\n\t\t\t<p><label><span class=\"bt_bb_required\">Your Message<\/span><br \/>\n<span class=\"wpcf7-form-control-wrap\" data-name=\"your-message\"><textarea cols=\"40\" rows=\"10\" maxlength=\"2000\" class=\"wpcf7-form-control wpcf7-textarea wpcf7-validates-as-required\" aria-required=\"true\" aria-invalid=\"false\" name=\"your-message\"><\/textarea><\/span> <\/label>\n\t\t\t<\/p>\n\t\t\t<p><label><span class=\"bt_bb_required\" style=\"margin-top:25px !important;\"><span class=\"wpcf7-form-control-wrap\" data-name=\"accept-this-1\"><span class=\"wpcf7-form-control wpcf7-acceptance\"><span class=\"wpcf7-list-item\"><label><input type=\"checkbox\" name=\"accept-this-1\" value=\"1\" aria-invalid=\"false\" \/><span class=\"wpcf7-list-item-label\">I agree to <a target=\"_blank\" href=\"https:\/\/groupflorence.com\/en\/terms-of-use\/\">Terms &#038; Services<\/a>.<\/span><\/label><\/span><\/span><\/span><\/span><\/label>\n\t\t\t<\/p>\n\t\t\t<p><input class=\"wpcf7-form-control wpcf7-submit has-spinner contact_button_int\" type=\"submit\" value=\"SEND MESSAGE\" \/>\n\t\t\t<\/p>\n\t\t<\/div>\n\t<\/div>\n\t<div class=\"rowItem rowInnerItem col-md-6  btTextLeft\">\n\t\t<div class=\"rowItemContent\">\n\t\t\t<p align=\"center\" style=\"margin-top:30px;\"><br \/>\n<a href=\"http:\/\/florencenightingale.wetransfer.com\/\" target=\"_blank\" title=\"Click Here To Transfer Your Documents via WeTransfer\"><img decoding=\"async\"  align=\"center\" style=\"max-width:250px !important;\" class=\"lazy loaded\" src=\"https:\/\/groupflorence.com\/ru\/wp-content\/uploads\/2020\/08\/89130-wetransfer-default-logo-rgb-original-1365619064-e1599162229581.png\" data-src=\"https:\/\/groupflorence.com\/ru\/wp-content\/uploads\/2020\/08\/89130-wetransfer-default-logo-rgb-original-1365619064-e1599162229581.png\" alt=\"Click Here To Transfer Your Documents via WeTransfer\" title=\"Click Here To Transfer Your Documents via WeTransfer\" data-was-processed=\"true\" \/><\/a>\n\t\t\t<\/p>\n\t\t\t<h3 align=\"center\"><a href=\"http:\/\/florencenightingale.wetransfer.com\/\" target=\"_blank\" title=\"Click Here To Transfer Your Documents via WeTransfer\">Send via WeTransfer<\/a>\n\t\t\t<\/h3>\n\t\t\t<p align=\"center\">You can send your oversized medical documents (MRI recordings, lab results, images etc.) using our WeTransfer account. It&#8217;s easy, fast and secure.\n\t\t\t<\/p>\n\t\t<\/div>\n\t\t<center>\n\t\t\t<p><a href=\"http:\/\/florencenightingale.wetransfer.com\/\" class=\"btBtn btBtn btnFilledStyle btnAccentColor btnSmall btnNormalWidth btnRightPosition btnNoIcon\" target=\"_blank\"><span class=\"btnInnerText\">Send Now<\/span><\/a>\n\t\t\t<\/p>\n\t\t<\/center>\n\t<\/div>\n<\/div><div class=\"wpcf7-response-output\" aria-hidden=\"true\"><\/div>\n<\/form>\n<\/div>\n<\/div><div class=\"btClear btSeparator topSpaced noBorder\" ><hr><\/div><\/div><\/div><\/div><\/div><\/div><\/div><\/div><\/section>\n","protected":false},"excerpt":{"rendered":"","protected":false},"author":1,"featured_media":0,"parent":2503,"menu_order":9,"comment_status":"closed","ping_status":"closed","template":"","meta":{"footnotes":""},"class_list":["post-3172","page","type-page","status-publish","hentry"],"yoast_head":"<!-- This site is optimized with the Yoast SEO plugin v23.4 - https:\/\/yoast.com\/wordpress\/plugins\/seo\/ -->\n<title>About Liver Transplantation - Group Florence Nightingale Hospitals<\/title>\n<meta name=\"robots\" content=\"index, follow, max-snippet:-1, max-image-preview:large, max-video-preview:-1\" \/>\n<link rel=\"canonical\" href=\"https:\/\/groupflorence.com\/en\/centers-treatments\/liver-transplantation-center\/about-liver-transplantation\/\" \/>\n<meta property=\"og:locale\" content=\"en_US\" \/>\n<meta property=\"og:type\" content=\"article\" \/>\n<meta property=\"og:title\" content=\"About Liver Transplantation - Group Florence Nightingale Hospitals\" \/>\n<meta property=\"og:url\" content=\"https:\/\/groupflorence.com\/en\/centers-treatments\/liver-transplantation-center\/about-liver-transplantation\/\" \/>\n<meta property=\"og:site_name\" content=\"Group Florence Nightingale Hospitals\" \/>\n<meta property=\"article:publisher\" content=\"https:\/\/www.facebook.com\/groupflorence\" \/>\n<meta property=\"article:modified_time\" content=\"2023-12-05T12:57:58+00:00\" \/>\n<meta name=\"twitter:card\" content=\"summary_large_image\" \/>\n<meta name=\"twitter:label1\" content=\"Est. reading time\" \/>\n\t<meta name=\"twitter:data1\" content=\"7 minutes\" \/>\n<script type=\"application\/ld+json\" class=\"yoast-schema-graph\">{\"@context\":\"https:\/\/schema.org\",\"@graph\":[{\"@type\":\"WebPage\",\"@id\":\"https:\/\/groupflorence.com\/en\/centers-treatments\/liver-transplantation-center\/about-liver-transplantation\/\",\"url\":\"https:\/\/groupflorence.com\/en\/centers-treatments\/liver-transplantation-center\/about-liver-transplantation\/\",\"name\":\"About Liver Transplantation - Group Florence Nightingale Hospitals\",\"isPartOf\":{\"@id\":\"https:\/\/groupflorence.com\/en\/#website\"},\"datePublished\":\"2020-09-21T14:09:15+00:00\",\"dateModified\":\"2023-12-05T12:57:58+00:00\",\"breadcrumb\":{\"@id\":\"https:\/\/groupflorence.com\/en\/centers-treatments\/liver-transplantation-center\/about-liver-transplantation\/#breadcrumb\"},\"inLanguage\":\"en-US\",\"potentialAction\":[{\"@type\":\"ReadAction\",\"target\":[\"https:\/\/groupflorence.com\/en\/centers-treatments\/liver-transplantation-center\/about-liver-transplantation\/\"]}]},{\"@type\":\"BreadcrumbList\",\"@id\":\"https:\/\/groupflorence.com\/en\/centers-treatments\/liver-transplantation-center\/about-liver-transplantation\/#breadcrumb\",\"itemListElement\":[{\"@type\":\"ListItem\",\"position\":1,\"name\":\"Home\",\"item\":\"https:\/\/groupflorence.com\/en\/\"},{\"@type\":\"ListItem\",\"position\":2,\"name\":\"Centers &#038; Departments\",\"item\":\"https:\/\/groupflorence.com\/en\/centers-treatments\/\"},{\"@type\":\"ListItem\",\"position\":3,\"name\":\"Liver Transplantation Center\",\"item\":\"https:\/\/groupflorence.com\/en\/centers-treatments\/liver-transplantation-center\/\"},{\"@type\":\"ListItem\",\"position\":4,\"name\":\"About Liver Transplantation\"}]},{\"@type\":\"WebSite\",\"@id\":\"https:\/\/groupflorence.com\/en\/#website\",\"url\":\"https:\/\/groupflorence.com\/en\/\",\"name\":\"Group Florence Nightingale Hospitals\",\"description\":\"\",\"publisher\":{\"@id\":\"https:\/\/groupflorence.com\/en\/#organization\"},\"potentialAction\":[{\"@type\":\"SearchAction\",\"target\":{\"@type\":\"EntryPoint\",\"urlTemplate\":\"https:\/\/groupflorence.com\/en\/?s={search_term_string}\"},\"query-input\":{\"@type\":\"PropertyValueSpecification\",\"valueRequired\":true,\"valueName\":\"search_term_string\"}}],\"inLanguage\":\"en-US\"},{\"@type\":\"Organization\",\"@id\":\"https:\/\/groupflorence.com\/en\/#organization\",\"name\":\"Group Florence Nightingale Hospitals\",\"url\":\"https:\/\/groupflorence.com\/en\/\",\"logo\":{\"@type\":\"ImageObject\",\"inLanguage\":\"en-US\",\"@id\":\"https:\/\/groupflorence.com\/en\/#\/schema\/logo\/image\/\",\"url\":\"https:\/\/groupflorence.com\/en\/wp-content\/uploads\/2021\/01\/gf-logotype-transparent-miniversion.png\",\"contentUrl\":\"https:\/\/groupflorence.com\/en\/wp-content\/uploads\/2021\/01\/gf-logotype-transparent-miniversion.png\",\"width\":245,\"height\":55,\"caption\":\"Group Florence Nightingale Hospitals\"},\"image\":{\"@id\":\"https:\/\/groupflorence.com\/en\/#\/schema\/logo\/image\/\"},\"sameAs\":[\"https:\/\/www.facebook.com\/groupflorence\",\"https:\/\/www.instagram.com\/group_florence\/\",\"https:\/\/www.youtube.com\/channel\/UC_nlE9Up7N9T68unmJYEnfg\"]}]}<\/script>\n<!-- \/ Yoast SEO plugin. -->","yoast_head_json":{"title":"About Liver Transplantation - Group Florence Nightingale Hospitals","robots":{"index":"index","follow":"follow","max-snippet":"max-snippet:-1","max-image-preview":"max-image-preview:large","max-video-preview":"max-video-preview:-1"},"canonical":"https:\/\/groupflorence.com\/en\/centers-treatments\/liver-transplantation-center\/about-liver-transplantation\/","og_locale":"en_US","og_type":"article","og_title":"About Liver Transplantation - Group Florence Nightingale Hospitals","og_url":"https:\/\/groupflorence.com\/en\/centers-treatments\/liver-transplantation-center\/about-liver-transplantation\/","og_site_name":"Group Florence Nightingale Hospitals","article_publisher":"https:\/\/www.facebook.com\/groupflorence","article_modified_time":"2023-12-05T12:57:58+00:00","twitter_card":"summary_large_image","twitter_misc":{"Est. reading time":"7 minutes"},"schema":{"@context":"https:\/\/schema.org","@graph":[{"@type":"WebPage","@id":"https:\/\/groupflorence.com\/en\/centers-treatments\/liver-transplantation-center\/about-liver-transplantation\/","url":"https:\/\/groupflorence.com\/en\/centers-treatments\/liver-transplantation-center\/about-liver-transplantation\/","name":"About Liver Transplantation - Group Florence Nightingale Hospitals","isPartOf":{"@id":"https:\/\/groupflorence.com\/en\/#website"},"datePublished":"2020-09-21T14:09:15+00:00","dateModified":"2023-12-05T12:57:58+00:00","breadcrumb":{"@id":"https:\/\/groupflorence.com\/en\/centers-treatments\/liver-transplantation-center\/about-liver-transplantation\/#breadcrumb"},"inLanguage":"en-US","potentialAction":[{"@type":"ReadAction","target":["https:\/\/groupflorence.com\/en\/centers-treatments\/liver-transplantation-center\/about-liver-transplantation\/"]}]},{"@type":"BreadcrumbList","@id":"https:\/\/groupflorence.com\/en\/centers-treatments\/liver-transplantation-center\/about-liver-transplantation\/#breadcrumb","itemListElement":[{"@type":"ListItem","position":1,"name":"Home","item":"https:\/\/groupflorence.com\/en\/"},{"@type":"ListItem","position":2,"name":"Centers &#038; Departments","item":"https:\/\/groupflorence.com\/en\/centers-treatments\/"},{"@type":"ListItem","position":3,"name":"Liver Transplantation Center","item":"https:\/\/groupflorence.com\/en\/centers-treatments\/liver-transplantation-center\/"},{"@type":"ListItem","position":4,"name":"About Liver Transplantation"}]},{"@type":"WebSite","@id":"https:\/\/groupflorence.com\/en\/#website","url":"https:\/\/groupflorence.com\/en\/","name":"Group Florence Nightingale Hospitals","description":"","publisher":{"@id":"https:\/\/groupflorence.com\/en\/#organization"},"potentialAction":[{"@type":"SearchAction","target":{"@type":"EntryPoint","urlTemplate":"https:\/\/groupflorence.com\/en\/?s={search_term_string}"},"query-input":{"@type":"PropertyValueSpecification","valueRequired":true,"valueName":"search_term_string"}}],"inLanguage":"en-US"},{"@type":"Organization","@id":"https:\/\/groupflorence.com\/en\/#organization","name":"Group Florence Nightingale Hospitals","url":"https:\/\/groupflorence.com\/en\/","logo":{"@type":"ImageObject","inLanguage":"en-US","@id":"https:\/\/groupflorence.com\/en\/#\/schema\/logo\/image\/","url":"https:\/\/groupflorence.com\/en\/wp-content\/uploads\/2021\/01\/gf-logotype-transparent-miniversion.png","contentUrl":"https:\/\/groupflorence.com\/en\/wp-content\/uploads\/2021\/01\/gf-logotype-transparent-miniversion.png","width":245,"height":55,"caption":"Group Florence Nightingale Hospitals"},"image":{"@id":"https:\/\/groupflorence.com\/en\/#\/schema\/logo\/image\/"},"sameAs":["https:\/\/www.facebook.com\/groupflorence","https:\/\/www.instagram.com\/group_florence\/","https:\/\/www.youtube.com\/channel\/UC_nlE9Up7N9T68unmJYEnfg"]}]}},"_links":{"self":[{"href":"https:\/\/groupflorence.com\/en\/wp-json\/wp\/v2\/pages\/3172","targetHints":{"allow":["GET"]}}],"collection":[{"href":"https:\/\/groupflorence.com\/en\/wp-json\/wp\/v2\/pages"}],"about":[{"href":"https:\/\/groupflorence.com\/en\/wp-json\/wp\/v2\/types\/page"}],"author":[{"embeddable":true,"href":"https:\/\/groupflorence.com\/en\/wp-json\/wp\/v2\/users\/1"}],"replies":[{"embeddable":true,"href":"https:\/\/groupflorence.com\/en\/wp-json\/wp\/v2\/comments?post=3172"}],"version-history":[{"count":5,"href":"https:\/\/groupflorence.com\/en\/wp-json\/wp\/v2\/pages\/3172\/revisions"}],"predecessor-version":[{"id":6788,"href":"https:\/\/groupflorence.com\/en\/wp-json\/wp\/v2\/pages\/3172\/revisions\/6788"}],"up":[{"embeddable":true,"href":"https:\/\/groupflorence.com\/en\/wp-json\/wp\/v2\/pages\/2503"}],"wp:attachment":[{"href":"https:\/\/groupflorence.com\/en\/wp-json\/wp\/v2\/media?parent=3172"}],"curies":[{"name":"wp","href":"https:\/\/api.w.org\/{rel}","templated":true}]}}