{"id":2737,"date":"2020-08-27T13:21:05","date_gmt":"2020-08-27T10:21:05","guid":{"rendered":"https:\/\/groupflorence.com\/en\/?page_id=2737"},"modified":"2020-11-12T06:54:42","modified_gmt":"2020-11-12T03:54:42","slug":"kadikoy-florence-nightingale-medical-center","status":"publish","type":"page","link":"https:\/\/groupflorence.com\/en\/why-choose-us\/hospitals-opcs\/kadikoy-florence-nightingale-medical-center\/","title":{"rendered":"Kad\u0131k\u00f6y Florence Nightingale Medical Center"},"content":{"rendered":"<section id=\"bt_section69eafbd83488a\"  class=\"boldSection topSpaced bottomSpaced gutter inherit\" ><div class=\"port\"><div class=\"boldCell\"><div class=\"boldCellInner\"><div class=\"boldRow  \" ><div class=\"boldRowInner\"><div class=\"rowItem col-md-12 col-ms-12  btTextLeft btBottomVertical\"  ><div class=\"rowItemContent\" ><header class=\"header btClear medium  btAccentDash\" ><div class=\"dash\"><h3><span class=\"headline\"><b class=\"animate\">Kad\u0131k\u00f6y Florence Nightingale Medical Center<\/b><\/span><\/h3><\/div><\/header><div class=\"btClear btSeparator topSmallSpaced bottomSmallSpaced noBorder\" ><hr><\/div><\/div><\/div><\/div><\/div><div class=\"boldRow  \" ><div class=\"boldRowInner\"><div class=\"rowItem col-md-8 col-ms-12 btTextCenter btTextIndent inherit\"  ><div class=\"rowItemContent\" ><div class=\"bt_bb_slider bt_bb_height_auto\"><div class=\"slick-slider\"  data-slick='{ \"lazyLoad\": \"progressive\", \"cssEase\": \"ease-out\", \"speed\": \"300\", \"prevArrow\": \"&lt;button type=\\\"button\\\" class=\\\"slick-prev\\\"&gt;\", \"nextArrow\": \"&lt;button type=\\\"button\\\" class=\\\"slick-next\\\"&gt;\", \"adaptiveHeight\": true, \"dots\": true,\"autoplay\": true, \"autoplaySpeed\": 1700}' ><div class=\"bt_bb_slider_item\"><img decoding=\"async\" src=\"https:\/\/groupflorence.com\/en\/wp-content\/uploads\/2020\/08\/aac9aa68-c0ad-4d32-9d2c-6dd7a9c7647c1.jpg\" alt=\"aac9aa68-c0ad-4d32-9d2c-6dd7a9c7647c[1]\"  title=\"aac9aa68-c0ad-4d32-9d2c-6dd7a9c7647c[1]\"><\/div><div class=\"bt_bb_slider_item\"><img decoding=\"async\" src=\"https:\/\/groupflorence.com\/en\/wp-content\/uploads\/2020\/08\/259B0128-scaled.jpg\" alt=\"259B0128\"  title=\"259B0128\"><\/div><div class=\"bt_bb_slider_item\"><img decoding=\"async\" src=\"https:\/\/groupflorence.com\/en\/wp-content\/uploads\/2020\/08\/259B0089-scaled.jpg\" alt=\"259B0089\"  title=\"259B0089\"><\/div><\/div><\/div><div class=\"btClear btSeparator bottomSemiSpaced border\" ><hr><\/div><header class=\"header btClear large  btNormalDash\" ><\/header><div class=\"btClear btSeparator topSmallSpaced bottomSemiSpaced border\" ><hr><\/div><div class=\"btText\" ><\/p>\n<p>Welcome to Kad\u0131k\u00f6y Florence Nightingale Medical Center began to serve in a new building, with modern technological equipment and expert staff in Bagdat Street, next to Kadikoy Florence Nightingale Hospital, the ring on the Anatolian side of Group Florence Nightingale Hospitals chain. The center consists of a total of 6 floors built on an area of 6000 m\u00b2. It provides services in diagnosis and treatment of internal diseases with Internal Medicine, Cardiology, Gastroenterology, Chest Diseases, Endocrine departments and services to patients of all age groups with General Surgery, ENT, Eye and Plastic Surgery departments. It aims to be the Street\u2019s leading healthcare institution in Women\u2019s and Children\u2019s Health Services with departments of Children\u2019s Health and Diseases, Child Observation units, Pediatric Surgery and Gynecology and Obstetrics. Kadikoy Florence Nightingale Medical Center is serving as a reference center in the diagnosis and treatment of digestive system diseases with its Endoscopy Department, which was recently commissioned, specialist doctors and healthcare professionals as well as advanced technological devices. With its Check-up service, The Healthy Life Center has undertaken a mission based on preventive healthcare services for people\u2019s health check and protection. Personalized programs are created in the Center to motivate people to make life-style changes for them to raise their quality of life. Department of Dermatology provides services in diagnosis and treatment of all skin diseases, while department of Dermatology and Plastic Surgery performs aesthetic and dermatological applications. Kadikoy Florence Nightingale Medical Center continues its healthcare services as an innovative center continuously improving itself, which provides reliable, patient-oriented and quality service at the the highest level of medicine in all healthcare services and places emphasis on patient and employee safety.<\/p>\n<p>\n<\/div><div class=\"btClear btSeparator topSmallSpaced noBorder\" ><hr><\/div><div class=\"btClear btSeparator bottomSemiSpaced noBorder bt_bb_hidden_md bt_bb_hidden_lg\" ><hr><\/div><\/div><\/div><div class=\"rowItem col-md-4 col-ms-12 btTextLeft inherit btDoublePadding\" style=\"border: #f1f1f1 10px solid;\" ><div class=\"rowItemContent\" ><div class=\"btClear btSeparator topSmallSpaced bottomSmallSpaced noBorder\" ><hr><\/div><header class=\"header btClear medium btDash topDash  btAccentDash\" ><div class=\"dash\"><h3><span class=\"headline\"><b class=\"animate\">Facilities<\/b><\/span><\/h3><\/div><\/header><div class=\"btClear btSeparator topExtraSmallSpaced noBorder\" ><hr><\/div><div class=\"btWorkingHours  btWorkingHoursHasLink \" ><div class=\"btWorkingHoursInner\"><div class=\"btWorkingHoursInnerRow\"><div class=\"btWorkingHoursInnerTitle\">Television<\/div><div class=\"btWorkingHoursInnerLink\"><a href=\"#\" title=\"<br \/>&#8220;><br \/><\/a><\/div><\/div><div class=\"btWorkingHoursInnerRow\"><div class=\"btWorkingHoursInnerTitle\">Cafe<\/div><div class=\"btWorkingHoursInnerLink\"><a href=\"#\" title=\"<br \/>&#8220;><br \/><\/a><\/div><\/div><div class=\"btWorkingHoursInnerRow\"><div class=\"btWorkingHoursInnerTitle\">Restaurant<\/div><div class=\"btWorkingHoursInnerLink\"><a href=\"#\" title=\"<br \/>&#8220;><br \/><\/a><\/div><\/div><div class=\"btWorkingHoursInnerRow\"><div class=\"btWorkingHoursInnerTitle\">Wi-Fi<\/div><div class=\"btWorkingHoursInnerLink\"><a href=\"#\" title=\"<br \/>&#8220;><br \/><\/a><\/div><\/div><div class=\"btWorkingHoursInnerRow\"><div class=\"btWorkingHoursInnerTitle\">Parking<\/div><div class=\"btWorkingHoursInnerLink\"><a href=\"#\" title=\"<br \/>&#8220;><br \/><\/a><\/div><\/div><div class=\"btWorkingHoursInnerRow\"><div class=\"btWorkingHoursInnerTitle\">Dry Cleaning<\/div><\/div><\/div><\/div><div class=\"btClear btSeparator topSemiSpaced noBorder\" ><hr><\/div><header class=\"header btClear medium btDash topDash  btAccentDash\" ><div class=\"btSuperTitle\">Book an appointment<\/div><div class=\"dash\"><h3><span class=\"headline\"><b class=\"animate\">Contact Us Now<\/b><\/span><\/h3><\/div><\/header><div class=\"btClear btSeparator topSmallSpaced noBorder\" ><hr><\/div><div class=\"servicesItem  btIcoAccentColorIcon btIcoMediumSizeIcon  \"><div class=\"sIcon\"><span class=\"btIco btIcoMediumSize btIcoDefaultType btIcoAccentColor\" ><span  data-ico-tc=\"&#xe95f;\" class=\"btIcoHolder\"><em><\/em><\/span><\/span><\/div><div class=\"sTxt\"><header class=\"header btClear small\" ><div class=\"dash\"><h4><span class=\"headline\">CALL US ANYTIME<\/span><\/h4><\/div><\/header><p>+90 850 711 60 60<\/p><\/div><\/div><div class=\"btClear btSeparator topSmallSpaced bottomSmallSpaced border\" ><hr><\/div><div class=\"servicesItem  btIcoAccentColorIcon btIcoMediumSizeIcon  \"><div class=\"sIcon\"><span class=\"btIco btIcoMediumSize btIcoDefaultType btIcoAccentColor\" ><span  data-ico-cs=\"&#xe91f;\" class=\"btIcoHolder\"><em><\/em><\/span><\/span><\/div><div class=\"sTxt\"><header class=\"header btClear small\" ><div class=\"dash\"><h4><span class=\"headline\">ADDRESS<\/span><\/h4><\/div><\/header><p>Ba\u011fdat Caddesi No: 69 K\u0131z\u0131ltoprak \u2013 Kad\u0131k\u00f6y \u2013 \u0130stanbul<\/p><\/div><\/div><div class=\"btClear btSeparator topSmallSpaced bottomSmallSpaced border\" ><hr><\/div><div class=\"servicesItem  btIcoAccentColorIcon btIcoMediumSizeIcon  \"><div class=\"sIcon\"><span class=\"btIco btIcoMediumSize btIcoDefaultType btIcoAccentColor\" ><a href=\"https:\/\/groupflorence.com\/en\/contact-us\/\"  data-ico-hs=\"&#xe921;\" class=\"btIcoHolder\"><em><\/em><\/a><\/span><\/div><div class=\"sTxt\"><header class=\"header btClear small\" ><div class=\"dash\"><h4><span class=\"headline\">BOOK AN APPOINTMENT<\/span><\/h4><\/div><\/header><p>Click on the icon to contact us now!<\/p><\/div><\/div><div class=\"btClear btSeparator topSmallSpaced bottomSmallSpaced noBorder\" ><hr><\/div><\/div><\/div><\/div><\/div><\/div><\/div><\/div><\/section>\n","protected":false},"excerpt":{"rendered":"","protected":false},"author":1,"featured_media":0,"parent":2238,"menu_order":5,"comment_status":"closed","ping_status":"closed","template":"","meta":{"footnotes":""},"class_list":["post-2737","page","type-page","status-publish","hentry"],"yoast_head":"<!-- This site is optimized with the Yoast SEO plugin v23.4 - https:\/\/yoast.com\/wordpress\/plugins\/seo\/ -->\n<title>Kad\u0131k\u00f6y Florence Nightingale Medical Center - Group Florence Nightingale Hospitals<\/title>\n<meta name=\"robots\" content=\"index, follow, max-snippet:-1, max-image-preview:large, max-video-preview:-1\" \/>\n<link rel=\"canonical\" href=\"https:\/\/groupflorence.com\/en\/why-choose-us\/hospitals-opcs\/kadikoy-florence-nightingale-medical-center\/\" \/>\n<meta property=\"og:locale\" content=\"en_US\" \/>\n<meta property=\"og:type\" content=\"article\" \/>\n<meta property=\"og:title\" content=\"Kad\u0131k\u00f6y Florence Nightingale Medical Center - Group Florence Nightingale Hospitals\" \/>\n<meta property=\"og:url\" content=\"https:\/\/groupflorence.com\/en\/why-choose-us\/hospitals-opcs\/kadikoy-florence-nightingale-medical-center\/\" \/>\n<meta property=\"og:site_name\" content=\"Group Florence Nightingale Hospitals\" \/>\n<meta property=\"article:publisher\" content=\"https:\/\/www.facebook.com\/groupflorence\" \/>\n<meta property=\"article:modified_time\" content=\"2020-11-12T03:54:42+00:00\" \/>\n<meta name=\"twitter:card\" content=\"summary_large_image\" \/>\n<meta name=\"twitter:label1\" content=\"Est. reading time\" \/>\n\t<meta name=\"twitter:data1\" content=\"5 minutes\" \/>\n<script type=\"application\/ld+json\" class=\"yoast-schema-graph\">{\"@context\":\"https:\/\/schema.org\",\"@graph\":[{\"@type\":\"WebPage\",\"@id\":\"https:\/\/groupflorence.com\/en\/why-choose-us\/hospitals-opcs\/kadikoy-florence-nightingale-medical-center\/\",\"url\":\"https:\/\/groupflorence.com\/en\/why-choose-us\/hospitals-opcs\/kadikoy-florence-nightingale-medical-center\/\",\"name\":\"Kad\u0131k\u00f6y Florence Nightingale Medical Center - Group Florence Nightingale Hospitals\",\"isPartOf\":{\"@id\":\"https:\/\/groupflorence.com\/en\/#website\"},\"datePublished\":\"2020-08-27T10:21:05+00:00\",\"dateModified\":\"2020-11-12T03:54:42+00:00\",\"breadcrumb\":{\"@id\":\"https:\/\/groupflorence.com\/en\/why-choose-us\/hospitals-opcs\/kadikoy-florence-nightingale-medical-center\/#breadcrumb\"},\"inLanguage\":\"en-US\",\"potentialAction\":[{\"@type\":\"ReadAction\",\"target\":[\"https:\/\/groupflorence.com\/en\/why-choose-us\/hospitals-opcs\/kadikoy-florence-nightingale-medical-center\/\"]}]},{\"@type\":\"BreadcrumbList\",\"@id\":\"https:\/\/groupflorence.com\/en\/why-choose-us\/hospitals-opcs\/kadikoy-florence-nightingale-medical-center\/#breadcrumb\",\"itemListElement\":[{\"@type\":\"ListItem\",\"position\":1,\"name\":\"Home\",\"item\":\"https:\/\/groupflorence.com\/en\/\"},{\"@type\":\"ListItem\",\"position\":2,\"name\":\"Why Choose Us\",\"item\":\"https:\/\/groupflorence.com\/en\/why-choose-us\/\"},{\"@type\":\"ListItem\",\"position\":3,\"name\":\"Hospitals &#038; Outpatient\",\"item\":\"https:\/\/groupflorence.com\/en\/why-choose-us\/hospitals-opcs\/\"},{\"@type\":\"ListItem\",\"position\":4,\"name\":\"Kad\u0131k\u00f6y Florence Nightingale Medical Center\"}]},{\"@type\":\"WebSite\",\"@id\":\"https:\/\/groupflorence.com\/en\/#website\",\"url\":\"https:\/\/groupflorence.com\/en\/\",\"name\":\"Group Florence Nightingale Hospitals\",\"description\":\"\",\"publisher\":{\"@id\":\"https:\/\/groupflorence.com\/en\/#organization\"},\"potentialAction\":[{\"@type\":\"SearchAction\",\"target\":{\"@type\":\"EntryPoint\",\"urlTemplate\":\"https:\/\/groupflorence.com\/en\/?s={search_term_string}\"},\"query-input\":{\"@type\":\"PropertyValueSpecification\",\"valueRequired\":true,\"valueName\":\"search_term_string\"}}],\"inLanguage\":\"en-US\"},{\"@type\":\"Organization\",\"@id\":\"https:\/\/groupflorence.com\/en\/#organization\",\"name\":\"Group Florence Nightingale Hospitals\",\"url\":\"https:\/\/groupflorence.com\/en\/\",\"logo\":{\"@type\":\"ImageObject\",\"inLanguage\":\"en-US\",\"@id\":\"https:\/\/groupflorence.com\/en\/#\/schema\/logo\/image\/\",\"url\":\"https:\/\/groupflorence.com\/en\/wp-content\/uploads\/2021\/01\/gf-logotype-transparent-miniversion.png\",\"contentUrl\":\"https:\/\/groupflorence.com\/en\/wp-content\/uploads\/2021\/01\/gf-logotype-transparent-miniversion.png\",\"width\":245,\"height\":55,\"caption\":\"Group Florence Nightingale Hospitals\"},\"image\":{\"@id\":\"https:\/\/groupflorence.com\/en\/#\/schema\/logo\/image\/\"},\"sameAs\":[\"https:\/\/www.facebook.com\/groupflorence\",\"https:\/\/www.instagram.com\/group_florence\/\",\"https:\/\/www.youtube.com\/channel\/UC_nlE9Up7N9T68unmJYEnfg\"]}]}<\/script>\n<!-- \/ Yoast SEO plugin. -->","yoast_head_json":{"title":"Kad\u0131k\u00f6y Florence Nightingale Medical Center - Group Florence Nightingale Hospitals","robots":{"index":"index","follow":"follow","max-snippet":"max-snippet:-1","max-image-preview":"max-image-preview:large","max-video-preview":"max-video-preview:-1"},"canonical":"https:\/\/groupflorence.com\/en\/why-choose-us\/hospitals-opcs\/kadikoy-florence-nightingale-medical-center\/","og_locale":"en_US","og_type":"article","og_title":"Kad\u0131k\u00f6y Florence Nightingale Medical Center - Group Florence Nightingale Hospitals","og_url":"https:\/\/groupflorence.com\/en\/why-choose-us\/hospitals-opcs\/kadikoy-florence-nightingale-medical-center\/","og_site_name":"Group Florence Nightingale Hospitals","article_publisher":"https:\/\/www.facebook.com\/groupflorence","article_modified_time":"2020-11-12T03:54:42+00:00","twitter_card":"summary_large_image","twitter_misc":{"Est. reading time":"5 minutes"},"schema":{"@context":"https:\/\/schema.org","@graph":[{"@type":"WebPage","@id":"https:\/\/groupflorence.com\/en\/why-choose-us\/hospitals-opcs\/kadikoy-florence-nightingale-medical-center\/","url":"https:\/\/groupflorence.com\/en\/why-choose-us\/hospitals-opcs\/kadikoy-florence-nightingale-medical-center\/","name":"Kad\u0131k\u00f6y Florence Nightingale Medical Center - Group Florence Nightingale Hospitals","isPartOf":{"@id":"https:\/\/groupflorence.com\/en\/#website"},"datePublished":"2020-08-27T10:21:05+00:00","dateModified":"2020-11-12T03:54:42+00:00","breadcrumb":{"@id":"https:\/\/groupflorence.com\/en\/why-choose-us\/hospitals-opcs\/kadikoy-florence-nightingale-medical-center\/#breadcrumb"},"inLanguage":"en-US","potentialAction":[{"@type":"ReadAction","target":["https:\/\/groupflorence.com\/en\/why-choose-us\/hospitals-opcs\/kadikoy-florence-nightingale-medical-center\/"]}]},{"@type":"BreadcrumbList","@id":"https:\/\/groupflorence.com\/en\/why-choose-us\/hospitals-opcs\/kadikoy-florence-nightingale-medical-center\/#breadcrumb","itemListElement":[{"@type":"ListItem","position":1,"name":"Home","item":"https:\/\/groupflorence.com\/en\/"},{"@type":"ListItem","position":2,"name":"Why Choose Us","item":"https:\/\/groupflorence.com\/en\/why-choose-us\/"},{"@type":"ListItem","position":3,"name":"Hospitals &#038; Outpatient","item":"https:\/\/groupflorence.com\/en\/why-choose-us\/hospitals-opcs\/"},{"@type":"ListItem","position":4,"name":"Kad\u0131k\u00f6y Florence Nightingale Medical Center"}]},{"@type":"WebSite","@id":"https:\/\/groupflorence.com\/en\/#website","url":"https:\/\/groupflorence.com\/en\/","name":"Group Florence Nightingale Hospitals","description":"","publisher":{"@id":"https:\/\/groupflorence.com\/en\/#organization"},"potentialAction":[{"@type":"SearchAction","target":{"@type":"EntryPoint","urlTemplate":"https:\/\/groupflorence.com\/en\/?s={search_term_string}"},"query-input":{"@type":"PropertyValueSpecification","valueRequired":true,"valueName":"search_term_string"}}],"inLanguage":"en-US"},{"@type":"Organization","@id":"https:\/\/groupflorence.com\/en\/#organization","name":"Group Florence Nightingale Hospitals","url":"https:\/\/groupflorence.com\/en\/","logo":{"@type":"ImageObject","inLanguage":"en-US","@id":"https:\/\/groupflorence.com\/en\/#\/schema\/logo\/image\/","url":"https:\/\/groupflorence.com\/en\/wp-content\/uploads\/2021\/01\/gf-logotype-transparent-miniversion.png","contentUrl":"https:\/\/groupflorence.com\/en\/wp-content\/uploads\/2021\/01\/gf-logotype-transparent-miniversion.png","width":245,"height":55,"caption":"Group Florence Nightingale Hospitals"},"image":{"@id":"https:\/\/groupflorence.com\/en\/#\/schema\/logo\/image\/"},"sameAs":["https:\/\/www.facebook.com\/groupflorence","https:\/\/www.instagram.com\/group_florence\/","https:\/\/www.youtube.com\/channel\/UC_nlE9Up7N9T68unmJYEnfg"]}]}},"_links":{"self":[{"href":"https:\/\/groupflorence.com\/en\/wp-json\/wp\/v2\/pages\/2737","targetHints":{"allow":["GET"]}}],"collection":[{"href":"https:\/\/groupflorence.com\/en\/wp-json\/wp\/v2\/pages"}],"about":[{"href":"https:\/\/groupflorence.com\/en\/wp-json\/wp\/v2\/types\/page"}],"author":[{"embeddable":true,"href":"https:\/\/groupflorence.com\/en\/wp-json\/wp\/v2\/users\/1"}],"replies":[{"embeddable":true,"href":"https:\/\/groupflorence.com\/en\/wp-json\/wp\/v2\/comments?post=2737"}],"version-history":[{"count":3,"href":"https:\/\/groupflorence.com\/en\/wp-json\/wp\/v2\/pages\/2737\/revisions"}],"predecessor-version":[{"id":5664,"href":"https:\/\/groupflorence.com\/en\/wp-json\/wp\/v2\/pages\/2737\/revisions\/5664"}],"up":[{"embeddable":true,"href":"https:\/\/groupflorence.com\/en\/wp-json\/wp\/v2\/pages\/2238"}],"wp:attachment":[{"href":"https:\/\/groupflorence.com\/en\/wp-json\/wp\/v2\/media?parent=2737"}],"curies":[{"name":"wp","href":"https:\/\/api.w.org\/{rel}","templated":true}]}}