{"id":4060,"date":"2020-10-15T16:42:40","date_gmt":"2020-10-15T13:42:40","guid":{"rendered":"https:\/\/groupflorence.com\/ae\/?page_id=4060"},"modified":"2022-11-15T13:58:26","modified_gmt":"2022-11-15T10:58:26","slug":"aydin-tunckale","status":"publish","type":"page","link":"https:\/\/groupflorence.com\/ae\/doctors\/aydin-tunckale\/","title":{"rendered":"Ayd\u0131n Tun\u00e7kale, M.D."},"content":{"rendered":"<section id=\"bt_section69e4eaec36e4f\"  class=\"boldSection gutter\" ><div class=\"port\"><div class=\"boldCell\"><div class=\"boldCellInner\"><div class=\"boldRow  \" ><div class=\"boldRowInner\"><div class=\"rowItem col-md-4 col-ms-12 btTextLeft inherit btDoublePadding\"  ><div class=\"rowItemContent\" ><div class=\"btClear btSeparator bottomExtraSpaced noBorder\" ><hr><\/div><header class=\"header btClear medium btDash topDash  btAccentDash bt_bb_hidden_sm bt_bb_hidden_md bt_bb_hidden_lg\" ><div class=\"dash\"><h3><span class=\"headline\">Ayd\u0131n Tun\u00e7kale, M.D.<\/span><\/h3><\/div><\/header><div class=\"btClear btSeparator bottomSemiSpaced noBorder\" ><hr><\/div><div class=\"bpgPhoto btTextCenter\" ><div class=\"btImage\"><img decoding=\"async\" src=\"https:\/\/groupflorence.com\/ae\/wp-content\/uploads\/2020\/10\/Ayd_n-Tunc_kale.jpg\" alt=\"\" title=\"\"><\/div><\/div><\/div><\/div><div class=\"rowItem col-md-8 col-ms-12 btTextLeft inherit\"  ><div class=\"rowItemContent\" ><div class=\"btClear btSeparator bottomSpaced noBorder bt_bb_hidden_xs bt_bb_hidden_ms\" ><hr><\/div><header class=\"header btClear medium btDash topDash  btAccentDash bt_bb_hidden_xs bt_bb_hidden_ms\" ><div class=\"dash\"><h3><span class=\"headline\">Ayd\u0131n Tun\u00e7kale, M.D.<\/span><\/h3><\/div><\/header><div class=\"btClear btSeparator bottomSemiSpaced noBorder bt_bb_hidden_xs bt_bb_hidden_ms\" ><hr><\/div><div class=\"btClear btSeparator bottomSemiSpaced noBorder bt_bb_hidden_sm bt_bb_hidden_md bt_bb_hidden_lg\" ><hr><\/div><div class=\"btText\" ><p style=\"text-align: left;\"><strong>2015<\/strong><\/p>\n<p style=\"text-align: left;\">ISTANBUL FLORENCE N\u0130GHT\u0130NGALE HOSP\u0130TAL<\/p>\n<p style=\"text-align: left;\">INTERNAL D\u0130SEASES<\/p>\n<p style=\"text-align: left;\"><strong>1999<\/strong><\/p>\n<p style=\"text-align: left;\">ISTANBUL UN\u0130VERS\u0130TY ISTANBUK FACULTY OF MED\u0130C\u0130NE<\/p>\n<p style=\"text-align: left;\">PHD INTERNAL MED\u0130C\u0130NE<\/p>\n<p style=\"text-align: left;\"><strong>1994<\/strong><\/p>\n<p style=\"text-align: left;\">ISTANBUL UN\u0130VERS\u0130TY ISTANBUL FACULTY OF MED\u0130C\u0130NE<\/p>\n<p style=\"text-align: left;\">MSC INTERNAL MED\u0130C\u0130NE<\/p>\n<p style=\"text-align: left;\"><strong>1989<\/strong><\/p>\n<p style=\"text-align: left;\">ISTANBUL UN\u0130VERS\u0130TY ISTANBUL FACULTY OF MED\u0130C\u0130NE<\/p>\n<p style=\"text-align: left;\">MED\u0130CAL EDUCAT\u0130ON<\/p>\n<\/div><div class=\"btClear btSeparator bottomSemiSpaced noBorder\" ><hr><\/div><\/div><\/div><\/div><\/div><\/div><\/div><\/div><\/section><section id=\"bt_section69e4eaec37a88\"  class=\"boldSection gutter\" ><div class=\"port\"><div class=\"boldCell\"><div class=\"boldCellInner\"><div class=\"boldRow  \" ><div class=\"boldRowInner\"><div class=\"rowItem col-md-12 col-ms-12  btTextLeft inherit btDoublePadding\"  ><div class=\"rowItemContent\" ><div class=\"btClear btSeparator topSemiSpaced border\" ><hr><\/div><div class=\"btClear btSeparator topSmallSpaced noBorder\" ><hr><\/div><header class=\"header btClear medium btDash bottomDash  btAccentDash\" ><div class=\"dash\"><h3><span class=\"headline\"><em>\u062a\u0648\u0627\u0635\u0644 \u0645\u0639\u0646\u0627 \u0627\u0644\u0627\u0646<\/em><\/span><\/h3><\/div><\/header><div class=\"btClear btSeparator bottomSmallSpaced noBorder\" ><hr><\/div><div class=\"btText\" >\n<div class=\"wpcf7 no-js\" id=\"wpcf7-f2891-o1\" lang=\"tr-TR\" dir=\"ltr\">\n<div class=\"screen-reader-response\"><p role=\"status\" aria-live=\"polite\" aria-atomic=\"true\"><\/p> <ul><\/ul><\/div>\n<form action=\"\/ae\/wp-json\/wp\/v2\/pages\/4060#wpcf7-f2891-o1\" method=\"post\" class=\"wpcf7-form init wpcf7-acceptance-as-validation\" aria-label=\"Contact form\" novalidate=\"novalidate\" data-status=\"init\">\n<div style=\"display: none;\">\n<input type=\"hidden\" name=\"_wpcf7\" value=\"2891\" \/>\n<input type=\"hidden\" name=\"_wpcf7_version\" value=\"5.9.2\" \/>\n<input type=\"hidden\" name=\"_wpcf7_locale\" value=\"tr_TR\" \/>\n<input type=\"hidden\" name=\"_wpcf7_unit_tag\" value=\"wpcf7-f2891-o1\" \/>\n<input type=\"hidden\" name=\"_wpcf7_container_post\" value=\"0\" \/>\n<input type=\"hidden\" name=\"_wpcf7_posted_data_hash\" value=\"\" \/>\n<\/div>\n<p style=\"margin-bottom:30px !important;\">\u0623\u062b\u0646\u0627\u0621 \u0645\u0644\u0621 \u0646\u0645\u0648\u0630\u062c \u0627\u0644\u0627\u062a\u0635\u0627\u0644 \u0623\u062f\u0646\u0627\u0647 \u060c \u064a\u0645\u0643\u0646\u0643 \u0623\u064a\u0636\u064b\u0627 \u0625\u0631\u0633\u0627\u0644 \u0627\u0644\u0645\u0644\u0641\u0627\u062a \u0627\u0644\u0637\u0628\u064a\u0629 \u0627\u0644\u062e\u0627\u0635\u0629 \u0628\u0643 \/ \u0628\u0627\u0644\u0645\u0631\u064a\u0636 \u0625\u0644\u064a\u0646\u0627 \u0639\u0646 \u0637\u0631\u064a\u0642 wetransfer. \u0633\u064a\u062a\u0645 \u0627\u0631\u0633\u0627\u0644 \u0627\u0644\u0631\u0623\u064a \u0627\u0644\u0637\u0628\u064a \u0627\u0644\u062b\u0627\u0646\u064a \u0625\u0644\u064a\u0643 \u0641\u064a \u063a\u0636\u0648\u0646 48 \u0633\u0627\u0639\u0629.\n<\/p>\n<div class=\"boldRow boldInnerRow  \">\n\t<div class=\"rowItem rowInnerItem col-md-6  btTextRight\">\n\t\t<div class=\"rowItemContent\">\n\t\t\t<p><label><span class=\"bt_bb_required\">\u0627\u0633\u0645\u0643<\/span><br \/>\n<span class=\"wpcf7-form-control-wrap\" data-name=\"your-name\"><input size=\"40\" class=\"wpcf7-form-control wpcf7-text wpcf7-validates-as-required\" aria-required=\"true\" aria-invalid=\"false\" value=\"\" type=\"text\" name=\"your-name\" \/><\/span> <\/label>\n\t\t\t<\/p>\n\t\t\t<p><label><span class=\"bt_bb_required\">\u0628\u0631\u064a\u062f\u0643 \u0627\u0644\u0625\u0644\u0643\u062a\u0631\u0648\u0646\u064a<\/span><br \/>\n<span class=\"wpcf7-form-control-wrap\" data-name=\"your-email\"><input size=\"40\" class=\"wpcf7-form-control wpcf7-email wpcf7-validates-as-required wpcf7-text wpcf7-validates-as-email\" aria-required=\"true\" aria-invalid=\"false\" value=\"\" type=\"email\" name=\"your-email\" \/><\/span> <\/label>\n\t\t\t<\/p>\n\t\t\t<p><label><span class=\"bt_bb_required\">\u0631\u0642\u0645 \u0647\u0627\u062a\u0641\u0643<\/span><br \/>\n<span class=\"wpcf7-form-control-wrap\" data-name=\"your-phone\"><input size=\"40\" class=\"wpcf7-form-control wpcf7-phonetext wpcf7-text wpcf7-validates-as-phonetext\" id=\"int_phone\" aria-invalid=\"false\" value=\"\" type=\"text\" name=\"your-phone\" \/><input type=\"hidden\" name=\"your-phone-country-code\" class=\"wpcf7-phonetext-country-code\" \/><\/span> <\/label>\n\t\t\t<\/p>\n\t\t\t<p><label><span class=\"bt_bb_required\">\u0631\u0633\u0627\u0644\u062a\u0643<\/span><br \/>\n<span class=\"wpcf7-form-control-wrap\" data-name=\"your-message\"><textarea cols=\"40\" rows=\"10\" class=\"wpcf7-form-control wpcf7-textarea wpcf7-validates-as-required\" aria-required=\"true\" aria-invalid=\"false\" name=\"your-message\"><\/textarea><\/span> <\/label>\n\t\t\t<\/p>\n\t\t\t<p><label><span class=\"bt_bb_required\" style=\"margin-top:25px !important;\"><span class=\"wpcf7-form-control-wrap\" data-name=\"accept-this-1\"><span class=\"wpcf7-form-control wpcf7-acceptance\"><span class=\"wpcf7-list-item\"><label><input type=\"checkbox\" name=\"accept-this-1\" value=\"1\" aria-invalid=\"false\" \/><span class=\"wpcf7-list-item-label\"><a target=\"_blank\" href=\"https:\/\/groupflorence.com\/ae\/terms-of-use\/\">\u0623\u0648\u0627\u0641\u0642 \u0639\u0644\u0649 \u0634\u0631\u0648\u0637 \u0627\u0644\u062e\u062f\u0645\u0629.<\/a><\/span><\/label><\/span><\/span><\/span><\/span><\/label>\n\t\t\t<\/p>\n\t\t\t<p><input class=\"wpcf7-form-control wpcf7-submit has-spinner contact_button_int\" type=\"submit\" value=\"\u0625\u0631\u0633\u0644 \u0627\u0644\u0631\u0633\u0627\u0644\u0629\" \/>\n\t\t\t<\/p>\n\t\t<\/div>\n\t<\/div>\n\t<div class=\"rowItem rowInnerItem col-md-6  btTextRight\">\n\t\t<div class=\"rowItemContent\">\n\t\t\t<p align=\"center\" style=\"margin-top:30px;\"><br \/>\n<a href=\"http:\/\/florencenightingale.wetransfer.com\/\" target=\"_blank\" title=\"\u0627\u0646\u0642\u0631 \u0647\u0646\u0627 \u0644\u0623\u0631\u0633\u0627\u0644 \u0627\u0644\u0645\u0633\u062a\u0646\u062f\u0627\u062a \u0627\u0644\u062e\u0627\u0635\u0629 \u0628\u0643 \u0639\u0628\u0631  WeTransfer\"><img decoding=\"async\"  align=\"center\" style=\"max-width:250px !important;\" class=\"lazy loaded\" src=\"https:\/\/groupflorence.com\/ae\/wp-content\/uploads\/2020\/08\/89130-wetransfer-default-logo-rgb-original-1365619064-e1599162229581.png\" data-src=\"https:\/\/groupflorence.com\/ae\/wp-content\/uploads\/2020\/08\/89130-wetransfer-default-logo-rgb-original-1365619064-e1599162229581.png\" alt=\"\u0627\u0646\u0642\u0631 \u0647\u0646\u0627 \u0644\u0623\u0631\u0633\u0627\u0644 \u0627\u0644\u0645\u0633\u062a\u0646\u062f\u0627\u062a \u0627\u0644\u062e\u0627\u0635\u0629 \u0628\u0643 \u0639\u0628\u0631  WeTransfer\" title=\"\u0627\u0646\u0642\u0631 \u0647\u0646\u0627 \u0644\u0623\u0631\u0633\u0627\u0644 \u0627\u0644\u0645\u0633\u062a\u0646\u062f\u0627\u062a \u0627\u0644\u062e\u0627\u0635\u0629 \u0628\u0643 \u0639\u0628\u0631  WeTransfer\" data-was-processed=\"true\" \/><\/a>\n\t\t\t<\/p>\n\t\t\t<h3 align=\"center\"><a href=\"http:\/\/florencenightingale.wetransfer.com\/\" target=\"_blank\" title=\"\u0627\u0646\u0642\u0631 \u0647\u0646\u0627 \u0644\u0623\u0631\u0633\u0627\u0644 \u0627\u0644\u0645\u0633\u062a\u0646\u062f\u0627\u062a \u0627\u0644\u062e\u0627\u0635\u0629 \u0628\u0643 \u0639\u0628\u0631  WeTransfer\">\u0623\u0631\u0633\u0644 \u0627\u0644\u0622\u0646<\/a>\n\t\t\t<\/h3>\n\t\t\t<p align=\"center\" style=\"direction:rtl;\">\u064a\u0645\u0643\u0646\u0643 \u0625\u0631\u0633\u0627\u0644 \u0645\u0633\u062a\u0646\u062f\u0627\u062a\u0643 \u0627\u0644\u0637\u0628\u064a\u0629 \u0643\u0628\u064a\u0631\u0629 \u0627\u0644\u062d\u062c\u0645 \u0645\u062b\u0644 (\u062a\u0633\u062c\u064a\u0644\u0627\u062a \u0627\u0644\u062a\u0635\u0648\u064a\u0631 \u0628\u0627\u0644\u0631\u0646\u064a\u0646 \u0627\u0644\u0645\u063a\u0646\u0627\u0637\u064a\u0633\u064a \u060c \u0646\u062a\u0627\u0626\u062c \u0627\u0644\u0645\u062e\u062a\u0628\u0631 \u060c \u0648\u0627\u0644\u0635\u0648\u0631 \u0625\u0644\u062e) \u0628\u0627\u0633\u062a\u062e\u062f\u0627\u0645 \u062d\u0633\u0627\u0628 WeTransfer \u0627\u0644\u062e\u0627\u0635 \u0628\u0646\u0627. \u0625\u0646\u0647 \u0633\u0647\u0644 \u0648\u0633\u0631\u064a\u0639 \u0648\u0622\u0645\u0646.\n\t\t\t<\/p>\n\t\t<\/div>\n\t\t<center>\n\t\t\t<p><a href=\"http:\/\/florencenightingale.wetransfer.com\/\" class=\"btBtn btBtn btnFilledStyle btnAccentColor btnSmall btnNormalWidth btnRightPosition btnNoIcon\" target=\"_blank\"><span class=\"btnInnerText\">\u0623\u0631\u0633\u0644 \u0627\u0644\u0622\u0646<\/span><\/a>\n\t\t\t<\/p>\n\t\t<\/center>\n\t<\/div>\n<\/div><div class=\"wpcf7-response-output\" aria-hidden=\"true\"><\/div>\n<\/form>\n<\/div>\n<\/div><div class=\"btClear btSeparator topSpaced noBorder\" ><hr><\/div><\/div><\/div><\/div><\/div><\/div><\/div><\/div><\/section>","protected":false},"excerpt":{"rendered":"","protected":false},"author":1,"featured_media":0,"parent":4328,"menu_order":0,"comment_status":"closed","ping_status":"closed","template":"","meta":{"footnotes":""},"class_list":["post-4060","page","type-page","status-publish","hentry"],"_links":{"self":[{"href":"https:\/\/groupflorence.com\/ae\/wp-json\/wp\/v2\/pages\/4060","targetHints":{"allow":["GET"]}}],"collection":[{"href":"https:\/\/groupflorence.com\/ae\/wp-json\/wp\/v2\/pages"}],"about":[{"href":"https:\/\/groupflorence.com\/ae\/wp-json\/wp\/v2\/types\/page"}],"author":[{"embeddable":true,"href":"https:\/\/groupflorence.com\/ae\/wp-json\/wp\/v2\/users\/1"}],"replies":[{"embeddable":true,"href":"https:\/\/groupflorence.com\/ae\/wp-json\/wp\/v2\/comments?post=4060"}],"version-history":[{"count":2,"href":"https:\/\/groupflorence.com\/ae\/wp-json\/wp\/v2\/pages\/4060\/revisions"}],"predecessor-version":[{"id":6733,"href":"https:\/\/groupflorence.com\/ae\/wp-json\/wp\/v2\/pages\/4060\/revisions\/6733"}],"up":[{"embeddable":true,"href":"https:\/\/groupflorence.com\/ae\/wp-json\/wp\/v2\/pages\/4328"}],"wp:attachment":[{"href":"https:\/\/groupflorence.com\/ae\/wp-json\/wp\/v2\/media?parent=4060"}],"curies":[{"name":"wp","href":"https:\/\/api.w.org\/{rel}","templated":true}]}}