{"id":2732,"date":"2020-08-27T13:10:33","date_gmt":"2020-08-27T10:10:33","guid":{"rendered":"https:\/\/groupflorence.com\/ae\/?page_id=2732"},"modified":"2020-12-13T18:45:45","modified_gmt":"2020-12-13T15:45:45","slug":"kadikoy-florence-nightingale-hospital","status":"publish","type":"page","link":"https:\/\/groupflorence.com\/ae\/why-choose-us\/hospitals-opcs\/kadikoy-florence-nightingale-hospital\/","title":{"rendered":"\u0645\u0633\u062a\u0634\u0641\u0649 \u0643\u0627\u062f\u064a\u0643\u0648\u064a \u0641\u0644\u0648\u0631\u0646\u0633 \u0646\u0627\u064a\u062a\u0646\u062c\u064a\u0644"},"content":{"rendered":"<section id=\"bt_section69ea156f3be8c\"  class=\"boldSection topSpaced bottomSpaced gutter inherit\" ><div class=\"port\"><div class=\"boldCell\"><div class=\"boldCellInner\"><div class=\"boldRow  \" ><div class=\"boldRowInner\"><div class=\"rowItem col-md-12 col-ms-12  btTextRight btBottomVertical\"  ><div class=\"rowItemContent\" ><header class=\"header btClear medium  btAccentDash\" ><div class=\"dash\"><h3><span class=\"headline\"><b class=\"animate\">\u0645\u0633\u062a\u0634\u0641\u0649 \u0643\u0627\u062f\u064a\u0643\u0648\u064a \u0641\u0644\u0648\u0631\u0646\u0633 \u0646\u0627\u064a\u062a\u0646\u062c\u064a\u0644<\/b><\/span><\/h3><\/div><\/header><div class=\"btClear btSeparator topSmallSpaced bottomSmallSpaced noBorder\" ><hr><\/div><\/div><\/div><\/div><\/div><div class=\"boldRow  \" ><div class=\"boldRowInner\"><div class=\"rowItem col-md-8 col-ms-12 btTextCenter btTextIndent inherit\"  ><div class=\"rowItemContent\" ><div class=\"btText\" ><p><iframe loading=\"lazy\" title=\"Kad\u0131k\u00f6y Florence Nightingale Covid-Safe Hospital\" width=\"1200\" height=\"675\" src=\"https:\/\/www.youtube.com\/embed\/7GA8xYz9cYg?feature=oembed&#038;enablejsapi=1&#038;origin=https:\/\/groupflorence.com\" frameborder=\"0\" allow=\"accelerometer; autoplay; clipboard-write; encrypted-media; gyroscope; picture-in-picture\" allowfullscreen><\/iframe><\/p>\n<\/div><div class=\"btClear btSeparator bottomSemiSpaced border\" ><hr><\/div><header class=\"header btClear large  btNormalDash\" ><\/header><div class=\"btClear btSeparator topSmallSpaced bottomSemiSpaced border\" ><hr><\/div><div class=\"btText\" ><p style=\"text-align: right;\">\u0645\u0631\u062d\u0628\u064b\u0627 \u0628\u0643\u0645 \u0641\u064a \u0645\u0633\u062a\u0634\u0641\u0649 \u0643\u0627\u062f\u064a\u0643\u0648\u064a \u0641\u0644\u0648\u0631\u0646\u0633 \u0646\u0627\u064a\u062a\u0646\u062c\u064a\u0644 \u0627\u0644\u0630\u064a \u064a\u0636\u0645 79 \u063a\u0631\u0641\u0629 \u062e\u0627\u0635\u0629 \u0644\u0644\u0645\u0631\u0636\u0649 \u060c \u0648\u062c\u0645\u064a\u0639\u0647\u0627 \u0645\u062c\u0647\u0632\u0629 \u0628\u062a\u0644\u0641\u0632\u064a\u0648\u0646 \u0645\u0639 \u0642\u0646\u0648\u0627\u062a \u0641\u0636\u0627\u0626\u064a\u0629 \u0648\u0647\u0627\u062a\u0641 \u0648\u062d\u0645\u0627\u0645 \u062e\u0627\u0635 \u0648\u0646\u0638\u0627\u0645 \u0627\u0633\u062a\u062f\u0639\u0627\u0621 \u0627\u0644\u0645\u0645\u0631\u0636\u0627\u062a \u0648\u062e\u062f\u0645\u0629 \u0627\u0644\u063a\u0631\u0641 \u0644\u062a\u0648\u0641\u064a\u0631 \u0623\u0642\u0635\u0649 \u062f\u0631\u062c\u0627\u062a \u0627\u0644\u0631\u0627\u062d\u0629 \u0644\u0644\u0645\u0631\u064a\u0636. \u064a\u0648\u0641\u0631 \u0627\u0644\u0645\u0633\u062a\u0634\u0641\u0649 \u0644\u0644\u0645\u0631\u0636\u0649 \u0627\u0644\u062f\u0648\u0644\u064a\u064a\u0646 \u062e\u062f\u0645\u0627\u062a \u0637\u0628\u064a\u0629 \u0641\u064a \u062c\u0645\u064a\u0639 \u0627\u0644\u062a\u062e\u0635\u0635\u0627\u062a \u0645\u0639 \u0627\u0644\u062a\u0634\u062e\u064a\u0635 \u0648\u0627\u0644\u0639\u0644\u0627\u062c \u0644\u0644\u0645\u0631\u0636\u0649 \u0627\u0644\u0631\u0627\u0642\u062f\u064a\u0646 \u0648\u0645\u0631\u0636\u0649 \u0627\u0644\u0639\u064a\u0627\u062f\u0627\u062a \u0628\u0623\u0642\u0633\u0627\u0645 \u0627\u0644\u0623\u0634\u0639\u0629 \u0648\u0627\u0644\u062a\u0635\u0648\u064a\u0631 \u0627\u0644\u0648\u0639\u0627\u0626\u064a \u0627\u0644\u0645\u062c\u0647\u0632 \u0628\u0627\u0644\u0643\u0627\u0645\u0644 \u0648\u0646\u0638\u0627\u0645 \u0627\u0644\u0643\u0634\u0641 \u0627\u0644\u0645\u0633\u0637\u062d \u0648\u0642\u0633\u0645 \u0627\u0644\u0637\u0648\u0627\u0631\u0626 \u0628\u0627\u0644\u0625\u0636\u0627\u0641\u0629 \u0625\u0644\u0649 \u0627\u0644\u0639\u064a\u0627\u062f\u0627\u062a \u0627\u0644\u0634\u0627\u0645\u0644\u0629 \u0627\u0644\u0645\u062c\u0647\u0632\u0629 \u0628\u0623\u062d\u062f\u062b \u0627\u0644\u062a\u0642\u0646\u064a\u0627\u062a \u0648\u0627\u0644\u0645\u0639\u062f\u0627\u062a \u0627\u0644\u0637\u0628\u064a\u0629. \u0628\u0627\u0644\u0627\u0636\u0627\u0641\u0629 \u0627\u0644\u0649 \u0645\u0631\u0643\u0632 \u0627\u0644\u0639\u0644\u0627\u062c \u0627\u0644\u0637\u0628\u064a\u0639\u064a \u0648\u0625\u0639\u0627\u062f\u0629 \u0627\u0644\u062a\u0623\u0647\u064a\u0644 \u0627\u0644\u0630\u064a \u064a\u0642\u062f\u0645 \u0627\u0644\u0639\u0644\u0627\u062c \u0627\u0644\u0641\u0639\u0627\u0644 \u0644\u0644\u0623\u0645\u0631\u0627\u0636 \u0627\u0644\u062a\u064a \u062a\u0635\u064a\u0628 \u0627\u0644\u0623\u0634\u062e\u0627\u0635 \u0645\u0646 \u062c\u0645\u064a\u0639 \u0627\u0644\u0623\u0639\u0645\u0627\u0631.<\/p>\n<\/div><div class=\"btClear btSeparator topSemiSpaced bottomSemiSpaced border\" ><hr><\/div><header class=\"header btClear medium btDash bottomDash  btAccentDash\" ><div class=\"dash\"><h3><span class=\"headline\"><b class=\"animate\">\u0645\u0631\u0627\u0643\u0632 \u0627\u0644\u062a\u0645\u064a\u0632<\/b><\/span><\/h3><\/div><\/header><div class=\"btClear btSeparator topSmallSpaced noBorder\" ><hr><\/div><div class=\"boldRow boldInnerRow  \" ><div class=\"rowItem rowInnerItem col-md-6  btTextRight inherit\"  ><div class=\"rowItemContent\"><div class=\"servicesItem  btIcoAccentColorIcon btIcoSmallSizeIcon  \"><div class=\"sIcon\"><span class=\"btIco btIcoSmallSize btIcoDefaultType btIcoAccentColor\" ><span  data-ico-fa=\"&#xf0a9;\" class=\"btIcoHolder\"><em><\/em><\/span><\/span><\/div><div class=\"sTxt\"><header class=\"header btClear small\" ><div class=\"dash\"><h4><span class=\"headline\">\u0645\u0631\u0643\u0632 \u0627\u0645\u0631\u0627\u0636 \u0648 \u062c\u0631\u0627\u062d\u0629 \u0627\u0644\u0642\u0644\u0628 \u0648\u0627\u0644\u0623\u0648\u0639\u064a\u0629 \u0627\u0644\u062f\u0645\u0648\u064a\u0629<\/span><\/h4><\/div><\/header><p><\/p><\/div><\/div><div class=\"btClear btSeparator bottomSemiSpaced noBorder\" ><hr><\/div><div class=\"servicesItem  btIcoAccentColorIcon btIcoSmallSizeIcon  \"><div class=\"sIcon\"><span class=\"btIco btIcoSmallSize btIcoDefaultType btIcoAccentColor\" ><span  data-ico-fa=\"&#xf0a9;\" class=\"btIcoHolder\"><em><\/em><\/span><\/span><\/div><div class=\"sTxt\"><header class=\"header btClear small\" ><div class=\"dash\"><h4><span class=\"headline\">\u0645\u0631\u0643\u0632 \u0627\u0644\u062c\u0631\u0627\u062d\u0629 \u0627\u0644\u062a\u062c\u0645\u064a\u0644\u064a\u0629 \u0648\u0627\u0644\u062a\u0631\u0645\u064a\u0645\u064a\u0629 \u0648\u0632\u0631\u0627\u0639\u0629 \u0627\u0644\u0634\u0639\u0631<\/span><\/h4><\/div><\/header><p><\/p><\/div><\/div><div class=\"btClear btSeparator bottomSemiSpaced noBorder\" ><hr><\/div><div class=\"servicesItem  btIcoAccentColorIcon btIcoSmallSizeIcon  \"><div class=\"sIcon\"><span class=\"btIco btIcoSmallSize btIcoDefaultType btIcoAccentColor\" ><span  data-ico-fa=\"&#xf0a9;\" class=\"btIcoHolder\"><em><\/em><\/span><\/span><\/div><div class=\"sTxt\"><header class=\"header btClear small\" ><div class=\"dash\"><h4><span class=\"headline\">\u0623\u0645\u0631\u0627\u0636 \u0627\u0644\u0646\u0633\u0627\u0621 \u0648\u0627\u0644\u062a\u0648\u0644\u064a\u062f<\/span><\/h4><\/div><\/header><p><\/p><\/div><\/div><\/div><\/div><div class=\"rowItem rowInnerItem col-md-6  btTextRight inherit\"  ><div class=\"rowItemContent\"><\/div><\/div><\/div><div class=\"btClear btSeparator bottomSemiSpaced noBorder bt_bb_hidden_md bt_bb_hidden_lg\" ><hr><\/div><\/div><\/div><div class=\"rowItem col-md-4 col-ms-12 btTextRight inherit btDoublePadding\" style=\"border: #f1f1f1 10px solid;\" ><div class=\"rowItemContent\" ><div class=\"btClear btSeparator topSmallSpaced bottomSmallSpaced noBorder\" ><hr><\/div><header class=\"header btClear medium btDash topDash  btAccentDash\" ><div class=\"dash\"><h3><span class=\"headline\"><b class=\"animate\">\u0627\u0644\u0645\u0631\u0627\u0641\u0642<\/b><\/span><\/h3><\/div><\/header><div class=\"btClear btSeparator topExtraSmallSpaced noBorder\" ><hr><\/div><div class=\"btWorkingHours  \" ><div class=\"btWorkingHoursInner\"><div class=\"btWorkingHoursInnerRow\"><div class=\"btWorkingHoursInnerTitle\">\u062a\u0644\u0641\u0627\u0632<\/div><\/div><div class=\"btWorkingHoursInnerRow\"><div class=\"btWorkingHoursInnerTitle\">\u0643\u0648\u0641\u064a \u0634\u0648\u0628<\/div><\/div><div class=\"btWorkingHoursInnerRow\"><div class=\"btWorkingHoursInnerTitle\">\u0645\u0637\u0639\u0645<\/div><\/div><div class=\"btWorkingHoursInnerRow\"><div class=\"btWorkingHoursInnerTitle\">Wi-Fi<\/div><\/div><div class=\"btWorkingHoursInnerRow\"><div class=\"btWorkingHoursInnerTitle\">\u0645\u0648\u0642\u0641 \u0644\u0644\u0633\u064a\u0627\u0631\u0627\u062a<\/div><\/div><div class=\"btWorkingHoursInnerRow\"><div class=\"btWorkingHoursInnerTitle\">\u063a\u0633\u064a\u0644 \u062c\u0627\u0641 \u0644\u0644\u0645\u0644\u0627\u0628\u0633<\/div><\/div><\/div><\/div><div class=\"btClear btSeparator topSemiSpaced noBorder\" ><hr><\/div><header class=\"header btClear medium btDash topDash  btAccentDash\" ><div class=\"btSuperTitle\">\u0627\u062d\u062c\u0632 \u0645\u0648\u0639\u062f\u0627\u064b<\/div><div class=\"dash\"><h3><span class=\"headline\"><b class=\"animate\">\u062a\u0648\u0627\u0635\u0644 \u0645\u0639\u0646\u0627 \u0627\u0644\u0627\u0646<\/b><\/span><\/h3><\/div><\/header><div class=\"btClear btSeparator topSmallSpaced noBorder\" ><hr><\/div><div class=\"servicesItem  btIcoAccentColorIcon btIcoMediumSizeIcon  \"><div class=\"sIcon\"><span class=\"btIco btIcoMediumSize btIcoDefaultType btIcoAccentColor\" ><span  data-ico-tc=\"&#xe95f;\" class=\"btIcoHolder\"><em><\/em><\/span><\/span><\/div><div class=\"sTxt\"><header class=\"header btClear small\" ><div class=\"dash\"><h4><span class=\"headline\">\u0627\u062a\u0635\u0644 \u0628\u0646\u0627 \u0641\u064a \u0627\u064a \u0648\u0642\u062a<\/span><\/h4><\/div><\/header><p>90.850.711.60.60+<\/p><\/div><\/div><div class=\"btClear btSeparator topSmallSpaced bottomSmallSpaced border\" ><hr><\/div><div class=\"servicesItem  btIcoAccentColorIcon btIcoMediumSizeIcon  \"><div class=\"sIcon\"><span class=\"btIco btIcoMediumSize btIcoDefaultType btIcoAccentColor\" ><span  data-ico-cs=\"&#xe91f;\" class=\"btIcoHolder\"><em><\/em><\/span><\/span><\/div><div class=\"sTxt\"><header class=\"header btClear small\" ><div class=\"dash\"><h4><span class=\"headline\">\u0627\u0644\u0639\u0646\u0648\u0627\u0646 \u0627\u0644\u0643\u0627\u0645\u0644<\/span><\/h4><\/div><\/header><p>Ba\u011fdat Cad. No:63 K\u0131z\u0131ltoprak Kad\u0131k\u00f6y \u2013 \u0130stanbul<\/p><\/div><\/div><div class=\"btClear btSeparator topSmallSpaced bottomSmallSpaced border\" ><hr><\/div><div class=\"servicesItem  btIcoAccentColorIcon btIcoMediumSizeIcon  \"><div class=\"sIcon\"><span class=\"btIco btIcoMediumSize btIcoDefaultType btIcoAccentColor\" ><a href=\"https:\/\/groupflorence.com\/ae\/contact-us\/\"  data-ico-hs=\"&#xe921;\" class=\"btIcoHolder\"><em><\/em><\/a><\/span><\/div><div class=\"sTxt\"><header class=\"header btClear small\" ><div class=\"dash\"><h4><span class=\"headline\">\u0627\u062d\u062c\u0632 \u0645\u0648\u0639\u062f\u0643 \u0627\u0644\u0627\u0646!!<\/span><\/h4><\/div><\/header><p>\u0627\u0636\u063a\u0637 \u0639\u0644\u0649 \u0627\u0644\u0627\u064a\u0642\u0648\u0646\u0629 \u0644\u0644\u062a\u0648\u0627\u0635\u0644 \u0645\u0639\u0646\u0627!!<\/p><\/div><\/div><div class=\"btClear btSeparator topSmallSpaced bottomSmallSpaced noBorder\" ><hr><\/div><\/div><\/div><\/div><\/div><\/div><\/div><\/div><\/section>","protected":false},"excerpt":{"rendered":"","protected":false},"author":1,"featured_media":0,"parent":2238,"menu_order":3,"comment_status":"closed","ping_status":"closed","template":"","meta":{"footnotes":""},"class_list":["post-2732","page","type-page","status-publish","hentry"],"_links":{"self":[{"href":"https:\/\/groupflorence.com\/ae\/wp-json\/wp\/v2\/pages\/2732","targetHints":{"allow":["GET"]}}],"collection":[{"href":"https:\/\/groupflorence.com\/ae\/wp-json\/wp\/v2\/pages"}],"about":[{"href":"https:\/\/groupflorence.com\/ae\/wp-json\/wp\/v2\/types\/page"}],"author":[{"embeddable":true,"href":"https:\/\/groupflorence.com\/ae\/wp-json\/wp\/v2\/users\/1"}],"replies":[{"embeddable":true,"href":"https:\/\/groupflorence.com\/ae\/wp-json\/wp\/v2\/comments?post=2732"}],"version-history":[{"count":9,"href":"https:\/\/groupflorence.com\/ae\/wp-json\/wp\/v2\/pages\/2732\/revisions"}],"predecessor-version":[{"id":6523,"href":"https:\/\/groupflorence.com\/ae\/wp-json\/wp\/v2\/pages\/2732\/revisions\/6523"}],"up":[{"embeddable":true,"href":"https:\/\/groupflorence.com\/ae\/wp-json\/wp\/v2\/pages\/2238"}],"wp:attachment":[{"href":"https:\/\/groupflorence.com\/ae\/wp-json\/wp\/v2\/media?parent=2732"}],"curies":[{"name":"wp","href":"https:\/\/api.w.org\/{rel}","templated":true}]}}